{"id":11711,"date":"2023-05-08T10:10:42","date_gmt":"2023-05-08T10:10:42","guid":{"rendered":"https:\/\/orise.com\/?page_id=11711"},"modified":"2025-08-06T15:25:30","modified_gmt":"2025-08-06T15:25:30","slug":"digital-lean-assessment","status":"publish","type":"page","link":"https:\/\/orise.com\/de\/solutions\/digital-lean-assessment\/","title":{"rendered":"Digital Lean Assessment"},"content":{"rendered":"<div id=\"pageheader-block_158285976f9305db01f47374606722dd\" class=\"content-row content-row-pageheader \t\tcontent-row-pageheader-anchor   pageheader\">\n        <div class=\"contentPart-fixed\">\n        <div class=\"contentPart-inner\">\n            <div class=\"contentPart-text width-100\">\n                <h1>\n                                        Digital Lean Assessment                                    <\/h1>\n                <h2 class=\"trans\">\n                                        Der Weg zu effizienter Innovation                                    <\/h2>\n                                                <div class=\"anchor_links-wrapper trans\">\n                                        <div class=\"anchor_link-item trans\">\n                        <div class=\"anchor_link-item-inner\">\n                            <a class=\"anchorlink\" data-subtab=\"\"\n                                data-anchor=\"#potentials\"\n                                href=\"#\">Potenziale durch Lean<\/a>\n                        <\/div>\n                    <\/div>\n                                        <div class=\"anchor_link-item trans\">\n                        <div class=\"anchor_link-item-inner\">\n                            <a class=\"anchorlink\" data-subtab=\"\"\n                                data-anchor=\"#bestinclass\"\n                                href=\"#\">Was Digital Lean kann<\/a>\n                        <\/div>\n                    <\/div>\n                                        <div class=\"anchor_link-item trans\">\n                        <div class=\"anchor_link-item-inner\">\n                            <a class=\"anchorlink\" data-subtab=\"\"\n                                data-anchor=\"#assessments\"\n                                href=\"#\">Digital Lean Assessments<\/a>\n                        <\/div>\n                    <\/div>\n                                    <\/div>\n                            <\/div>\n        <\/div>\n    <\/div>\n    <div class=\"slidedown-button editor-hide\">\n        <span class=\"slidedown-label\">Mehr erfahren<\/span>\n        <img decoding=\"async\" src=\"https:\/\/orise.com\/wp-content\/themes\/ats-orise\/img\/doubble-arrow-down.svg\" alt=\"\"\n            class=\"slidedown-icon\">\n    <\/div>\n<\/div>\n\n\n\n    <div id=\"image_banner-block_9c2d5458f3394e7187a205a3c39d327d\" class=\"content-row content-row-imagebanner trans  image_banner test\">\n                                                <img decoding=\"async\" src=\"https:\/\/orise.com\/wp-content\/uploads\/sites\/71\/2023\/02\/Competencies-Process-DigiLean.jpg?w=1920&#038;h=0&#038;crop=1\" alt=\"Digital Lean Assessment by BLSG a Business Unit of PA\" class=\"fullscreen\">\n            <\/div>\n\n\n\n    <div id=\"imagetext_textvariation-block_32c70ba16f088228030315a81a2a5d54\" class=\"content-row content-row-textvariation background_darken    textvariation\">\n        <div class=\"contentPart-inner\">\n            <div class=\"contentPart-text\">\n                                            <\/div>\n                            <div class=\"contentPart-textbox width-50 textInput trans\">\n                    <p>Die Digitalisierung wird als Chance gesehen, die Wettbewerbsf\u00e4higkeit des eigenen Unternehmens zu sichern. Nachdem in den letzten Jahren unterschiedlichste Digitalisierungsstrategien erarbeitet wurden, werden diese in die Realit\u00e4t umgesetzt.<\/p>\n                <\/div>\n                                        <div class=\"contentPart-textbox contentPart-textbox_2 textInput width-50 trans\">\n                    <p>F\u00fcr optimale Ergebnisse empfiehlt sich dabei eine Kombination von Lean und Digitalisierung:\u00a0In vielen Unternehmen \u00fcberwiegen noch veraltete und verschwenderische Prozesse. Vor eine Digitalisierung\u00a0 sollten diese untersucht und optimiert werden.<\/p>\n                <\/div>\n                    <\/div>\n                    <\/div>\n\n\n<div id=\"potentials\" class=\"content-row anchortarget trans anchortarget\">\n    <h3 class=\"editorInfo\">#potentials<\/h3>\n<\/div>\n\n    <div id=\"imagetext_textvariation-block_8feb9252e85b5544abfcbf7fe15737f5\" class=\"content-row content-row-textvariation bg-base    textvariation\">\n        <div class=\"contentPart-inner\">\n            <div class=\"contentPart-text\">\n                                    <h2 class=\"text-blue content-row-headline trans\">\n                        Orise Consulting unterst\u00fctzt auf dem Weg zur wettbewerbsf\u00e4higen Digitalisierung                    <\/h2>\n                                                    <div class=\"subline trans\">\n                        Potenziale im Digital Lean                    <\/div>\n                            <\/div>\n                            <div class=\"contentPart-textbox width-50 textInput trans\">\n                    <p>Warum Lean und Digitalisierung? Viele Kunden wollen ihre Prozesse digitalisieren. Doch welche Prozesse sollen digitalisiert werden? Sind die Prozesse an sich, unabh\u00e4ngig von der Digitalisierung optimal? Welche Digitalisierungsl\u00f6sung ist f\u00fcr ein Unternehmen die beste?<\/p>\n<p>&nbsp;<\/p>\n<p>Wird direkt mit der Digitalisierung gestartet, besteht die Gefahr, komplizierte und \u00fcberfl\u00fcssige Prozesse zu digitalisieren. Dies verursacht unn\u00f6tige Aufw\u00e4nde und Kosten.<\/p>\n<p>Deshalb stellen die Analyse der Strukturen und Prozesse im operativen und administrativen Bereich und die Identifizierung von Verbesserungspotenzialen die Basis f\u00fcr eine Digitalisierungsstrategie.<\/p>\n                <\/div>\n                                        <div class=\"contentPart-textbox contentPart-textbox_2 textInput width-50 trans\">\n                    <p>Durch gezielte Optimierungen der Prozesse k\u00f6nnen die Potenziale genutzt werden. Anschlie\u00dfend werden die neuen, schlanken Prozesse durch Digitalisierungsl\u00f6sungen noch effizienter gestaltet.<\/p>\n<p>&nbsp;<\/p>\n<p>Unser Kunde bekommt am Ende des Assessments einen detaillierten \u00dcberblick mit allen Verbesserungen und digitalen L\u00f6sungen. Au\u00dferdem werden diese in einer Roadmap zeitlich angeordnet.<\/p>\n                <\/div>\n                    <\/div>\n                    <\/div>\n\n\n<div id=\"bestinclass\" class=\"content-row anchortarget trans anchortarget\">\n    <h3 class=\"editorInfo\">#bestinclass<\/h3>\n<\/div>\n\n    <div id=\"singletext-block_dc4900a168b0cb1f4086a8a448ef216f\" class=\"content-row content-row-singletext background_blue   singletext\">\n        <div class=\"contentPart-inner\">\n            <div class=\"contentPart-text width-100\">\n                <h2 class=\" content-row-headline trans\">\n                                    <\/h2>\n                <div class=\"contentPart-textbox textInput trans\">\n                    <h2>Von Wettbewerbsf\u00e4higkeit zu Best-in-Class<\/h2>\n<p>&nbsp;<\/p>\n<p>Wir starten bei unseren Digital Lean Assessments immer zuerst mit den Lean-Potenzialen. Verschwendungen in den Prozessen werden eliminiert, der Kunde ist somit wettbewerbsf\u00e4hig. Um Best-in-Class zu werden, widmen wir uns anschlie\u00dfend den digitalen L\u00f6sungen. F\u00fcr uns ist die Kombination beider Bereiche notwendig, um eine erfolgreiche Zukunft zu gestalten.<\/p>\n                <\/div>\n            <\/div>\n        <\/div>\n    <\/div>\n\n\n\n    <div id=\"image_banner-block_62e0521525d55b0406529bcadd4d8618\" class=\"content-row content-row-imagebanner trans  image_banner test\">\n                                                <img decoding=\"async\" src=\"https:\/\/orise.com\/wp-content\/uploads\/sites\/71\/2023\/02\/Digital-lean-assessment2-de.png?w=1920&#038;h=0&#038;crop=1\" alt=\"Digital Lean Assessment by BLSG a Business Unit of PA\" class=\"fullscreen\">\n            <\/div>\n\n\n\n<div id=\"assessments\" class=\"content-row anchortarget trans anchortarget\">\n    <h3 class=\"editorInfo\">#assessments<\/h3>\n<\/div>\n\n    <div id=\"imagetext_textvariation-block_eac6c806355692043415700a04560134\" class=\"content-row content-row-textvariation     textvariation\">\n        <div class=\"contentPart-inner\">\n            <div class=\"contentPart-text\">\n                                    <h2 class=\"text-blue content-row-headline trans\">\n                        Vorgehensweise, Nutzen und Erfolgsfaktoren eines Digital Lean Assessments                    <\/h2>\n                                            <\/div>\n                            <div class=\"contentPart-textbox width-50 textInput trans\">\n                    <h3>Lean und Digitalisierung zur Optimierung eines Werks<\/h3>\n<p>&nbsp;<\/p>\n<p>In einem 4-8-t\u00e4gigen Vor-Ort-Workshop wird der Wertstrom gemeinsam mit dem Team des Kunden aufgenommen, um die betrieblichen Prozesse zu verstehen und erste Optimierungspotenziale abzuleiten. Anschlie\u00dfend werden konkrete Ma\u00dfnahmen beschrieben, wo und wie die Kunden ihre Reise zu effizienter Innovation beginnen k\u00f6nnen.<\/p>\n<p>&nbsp;<\/p>\n<p>Dar\u00fcber hinaus k\u00f6nnen die Kunden die Wertsch\u00f6pfung erh\u00f6hen, indem sie aus unseren spezifischen Add-Ons zu ihrer Basis w\u00e4hlen: Egal, ob Maschinen vernetzt und die Digitalisierung an einem Dashboard ausprobiert werden soll, die Sicherheit durch die Hinzuziehung unserer Experten erh\u00f6ht oder eine gezielte Kosten-Nutzen-Analyse als Entscheidungshilfe angestrebt wird &#8211; mit unseren Zusatzpaketen k\u00f6nnen unsere Kunden ihre erfolgreiche Digitalisierung auf ihre individuelle Weise gestalten.<\/p>\n                <\/div>\n                                        <div class=\"contentPart-textbox contentPart-textbox_2 textInput width-50 trans\">\n                    <h3>Lean und Digitalisierung gehen Hand in Hand<\/h3>\n<p>&nbsp;<\/p>\n<p>Eine Digitalisierung f\u00fcr schlanke Prozesse reduziert Komplexit\u00e4t und Implementierungsaufwand sowie -kosten. Durch unseren Ansatz werden unsere Kunden fr\u00fchzeitig in den L\u00f6sungsentwicklungsprozess eingebunden und es wird eine Verbindung von ungenutzten Potenzialen und High-End-Technologiel\u00f6sungen geschaffen.<\/p>\n                <\/div>\n                    <\/div>\n                    <\/div>\n\n\n<div id=\"webinar\" class=\"content-row anchortarget trans anchortarget\">\n    <h3 class=\"editorInfo\">#webinar<\/h3>\n<\/div>\n\n\n<div id=\"cta_mailinput-block_b4e8a27ad2ac3445e15a2eb8d5f9dc83\"\n    class=\"content-row content-row-textimage content-row-cta_mailinput  cta_mailinput  No extra styling\">\n    <div class=\"contentPart-inner\">\n        <div class=\"contentPart-text trans\">\n            <h2>\n                                Digital Lean: Der sichere Weg in die digitale Zukunft                            <\/h2>\n                        <div class=\"textInput\">\n                Operational Excellence in Kombination mit Digitalisierung verbessert die operative Leistungsf\u00e4higkeit in der Produktion von Industrieunternehmen. Orise zeigt, wie Sie in der Praxis vorgehen, um den gr\u00f6\u00dften Mehrwert zu generieren.            <\/div>\n            \n                                                            <a href=\"https:\/\/www.gotostage.com\/channel\/b740dd00284444d6bbe23844b8e74e9f\/recording\/2f85edfc8d324dbb930ec874d5201f8e\/watch?source=CHANNEL\" target=\"_blank\"\n                class=\"submitBTN\">On-Demand Webinar ansehen<\/a>\n                        \n                    <\/div>\n        <div class=\"contentPart-image width-50 trans \">\n                                    <img decoding=\"async\" src=\"https:\/\/orise.com\/wp-content\/uploads\/sites\/71\/2022\/09\/webinar-digitallean.jpg?w=999\" alt=\"Webinar Digital Lean bei PA Solutions\"\n                class=\"textbildimg\">\n                    <\/div>\n    <\/div>\n\n<\/div>\n\n\n    <div id=\"contactform-block_07d8a6fc8c1fe6ef45c4abd51ee01460\" class=\"content-row content-row-contactform  background_darken contactform\">\n        <div class=\"contentPart-inner\">\n\n            <div class=\"contentPart-text width-100\">\n                                    <h2 class=\"text-blue content-row-headline trans\">\n                        Wollen Sie mehr erfahren?<br \/>\r\nKontaktieren Sie unsere Experten!                    <\/h2>\n                            <\/div>\n\n            <div class=\"contactform-wrapper trans\">\n                                    <iframe src=\"https:\/\/go.atsautomation.com\/l\/651873\/2025-06-03\/h7yltx\" class=\"form-iframe form-iframe-contactform\" data-cookieconsent=\"marketing\"><\/iframe>\n                            <\/div>\n\n        <\/div>\n    <\/div>\n","protected":false},"excerpt":{"rendered":"","protected":false},"author":204,"featured_media":0,"parent":842,"menu_order":2,"comment_status":"closed","ping_status":"closed","template":"","meta":{"_acf_changed":false,"_cr_original_post":"2478","_cr_replace_post_id":"","_cr_replacing_post_id":"","footnotes":""},"class_list":["post-11711","page","type-page","status-publish","hentry"],"yoast_head":"<!-- This site is optimized with the Yoast SEO Premium plugin v26.8 (Yoast SEO v26.8) - https:\/\/yoast.com\/product\/yoast-seo-premium-wordpress\/ -->\n<title>Digital Lean Assessment | Orise<\/title>\n<meta name=\"description\" content=\"Wir beraten und begleiten unsere Kunden auf der Reise in eine digitale Zukunft, mit Digitalisierungsexpertise und Prozess- und Lean-Experten.\" \/>\n<meta name=\"robots\" content=\"index, follow, max-snippet:-1, max-image-preview:large, max-video-preview:-1\" \/>\n<link rel=\"canonical\" href=\"https:\/\/orise.com\/de\/solutions\/digital-lean-assessment\/\" \/>\n<meta property=\"og:locale\" content=\"de_DE\" \/>\n<meta property=\"og:type\" content=\"article\" \/>\n<meta property=\"og:title\" content=\"Digital Lean Assessment\" \/>\n<meta property=\"og:description\" content=\"Wir beraten und begleiten unsere Kunden auf der Reise in eine digitale Zukunft, mit Digitalisierungsexpertise und Prozess- und Lean-Experten.\" \/>\n<meta property=\"og:url\" content=\"https:\/\/orise.com\/de\/solutions\/digital-lean-assessment\/\" \/>\n<meta property=\"og:site_name\" content=\"Orise\" \/>\n<meta property=\"article:modified_time\" content=\"2025-08-06T15:25:30+00:00\" \/>\n<meta name=\"twitter:card\" content=\"summary_large_image\" \/>\n<script type=\"application\/ld+json\" class=\"yoast-schema-graph\">{\"@context\":\"https:\/\/schema.org\",\"@graph\":[{\"@type\":\"WebPage\",\"@id\":\"https:\/\/orise.com\/de\/solutions\/digital-lean-assessment\/\",\"url\":\"https:\/\/orise.com\/de\/solutions\/digital-lean-assessment\/\",\"name\":\"Digital Lean Assessment | Orise\",\"isPartOf\":{\"@id\":\"https:\/\/orise.com\/de\/#website\"},\"datePublished\":\"2023-05-08T10:10:42+00:00\",\"dateModified\":\"2025-08-06T15:25:30+00:00\",\"description\":\"Wir beraten und begleiten unsere Kunden auf der Reise in eine digitale Zukunft, mit Digitalisierungsexpertise und Prozess- und Lean-Experten.\",\"breadcrumb\":{\"@id\":\"https:\/\/orise.com\/de\/solutions\/digital-lean-assessment\/#breadcrumb\"},\"inLanguage\":\"de-DE\",\"potentialAction\":[{\"@type\":\"ReadAction\",\"target\":[\"https:\/\/orise.com\/de\/solutions\/digital-lean-assessment\/\"]}]},{\"@type\":\"BreadcrumbList\",\"@id\":\"https:\/\/orise.com\/de\/solutions\/digital-lean-assessment\/#breadcrumb\",\"itemListElement\":[{\"@type\":\"ListItem\",\"position\":1,\"name\":\"Home\",\"item\":\"https:\/\/orise.com\/de\/\"},{\"@type\":\"ListItem\",\"position\":2,\"name\":\"Solutions\",\"item\":\"https:\/\/orise.com\/de\/solutions\/\"},{\"@type\":\"ListItem\",\"position\":3,\"name\":\"Digital Lean Assessment\"}]},{\"@type\":\"WebSite\",\"@id\":\"https:\/\/orise.com\/de\/#website\",\"url\":\"https:\/\/orise.com\/de\/\",\"name\":\"Orise\",\"description\":\"Unlock your full potential.\",\"publisher\":{\"@id\":\"https:\/\/orise.com\/de\/#organization\"},\"potentialAction\":[{\"@type\":\"SearchAction\",\"target\":{\"@type\":\"EntryPoint\",\"urlTemplate\":\"https:\/\/orise.com\/de\/?s={search_term_string}\"},\"query-input\":{\"@type\":\"PropertyValueSpecification\",\"valueRequired\":true,\"valueName\":\"search_term_string\"}}],\"inLanguage\":\"de-DE\"},{\"@type\":\"Organization\",\"@id\":\"https:\/\/orise.com\/de\/#organization\",\"name\":\"Orise\",\"url\":\"https:\/\/orise.com\/de\/\",\"logo\":{\"@type\":\"ImageObject\",\"inLanguage\":\"de-DE\",\"@id\":\"https:\/\/orise.com\/de\/#\/schema\/logo\/image\/\",\"url\":\"https:\/\/orise.com\/wp-content\/uploads\/sites\/71\/2025\/04\/cropped-Orise-Circle-Icon-Website-V1-1.png\",\"contentUrl\":\"https:\/\/orise.com\/wp-content\/uploads\/sites\/71\/2025\/04\/cropped-Orise-Circle-Icon-Website-V1-1.png\",\"width\":512,\"height\":512,\"caption\":\"Orise\"},\"image\":{\"@id\":\"https:\/\/orise.com\/de\/#\/schema\/logo\/image\/\"}}]}<\/script>\n<!-- \/ Yoast SEO Premium plugin. -->","yoast_head_json":{"title":"Digital Lean Assessment | Orise","description":"Wir beraten und begleiten unsere Kunden auf der Reise in eine digitale Zukunft, mit Digitalisierungsexpertise und Prozess- und Lean-Experten.","robots":{"index":"index","follow":"follow","max-snippet":"max-snippet:-1","max-image-preview":"max-image-preview:large","max-video-preview":"max-video-preview:-1"},"canonical":"https:\/\/orise.com\/de\/solutions\/digital-lean-assessment\/","og_locale":"de_DE","og_type":"article","og_title":"Digital Lean Assessment","og_description":"Wir beraten und begleiten unsere Kunden auf der Reise in eine digitale Zukunft, mit Digitalisierungsexpertise und Prozess- und Lean-Experten.","og_url":"https:\/\/orise.com\/de\/solutions\/digital-lean-assessment\/","og_site_name":"Orise","article_modified_time":"2025-08-06T15:25:30+00:00","twitter_card":"summary_large_image","schema":{"@context":"https:\/\/schema.org","@graph":[{"@type":"WebPage","@id":"https:\/\/orise.com\/de\/solutions\/digital-lean-assessment\/","url":"https:\/\/orise.com\/de\/solutions\/digital-lean-assessment\/","name":"Digital Lean Assessment | Orise","isPartOf":{"@id":"https:\/\/orise.com\/de\/#website"},"datePublished":"2023-05-08T10:10:42+00:00","dateModified":"2025-08-06T15:25:30+00:00","description":"Wir beraten und begleiten unsere Kunden auf der Reise in eine digitale Zukunft, mit Digitalisierungsexpertise und Prozess- und Lean-Experten.","breadcrumb":{"@id":"https:\/\/orise.com\/de\/solutions\/digital-lean-assessment\/#breadcrumb"},"inLanguage":"de-DE","potentialAction":[{"@type":"ReadAction","target":["https:\/\/orise.com\/de\/solutions\/digital-lean-assessment\/"]}]},{"@type":"BreadcrumbList","@id":"https:\/\/orise.com\/de\/solutions\/digital-lean-assessment\/#breadcrumb","itemListElement":[{"@type":"ListItem","position":1,"name":"Home","item":"https:\/\/orise.com\/de\/"},{"@type":"ListItem","position":2,"name":"Solutions","item":"https:\/\/orise.com\/de\/solutions\/"},{"@type":"ListItem","position":3,"name":"Digital Lean Assessment"}]},{"@type":"WebSite","@id":"https:\/\/orise.com\/de\/#website","url":"https:\/\/orise.com\/de\/","name":"Orise","description":"Unlock your full potential.","publisher":{"@id":"https:\/\/orise.com\/de\/#organization"},"potentialAction":[{"@type":"SearchAction","target":{"@type":"EntryPoint","urlTemplate":"https:\/\/orise.com\/de\/?s={search_term_string}"},"query-input":{"@type":"PropertyValueSpecification","valueRequired":true,"valueName":"search_term_string"}}],"inLanguage":"de-DE"},{"@type":"Organization","@id":"https:\/\/orise.com\/de\/#organization","name":"Orise","url":"https:\/\/orise.com\/de\/","logo":{"@type":"ImageObject","inLanguage":"de-DE","@id":"https:\/\/orise.com\/de\/#\/schema\/logo\/image\/","url":"https:\/\/orise.com\/wp-content\/uploads\/sites\/71\/2025\/04\/cropped-Orise-Circle-Icon-Website-V1-1.png","contentUrl":"https:\/\/orise.com\/wp-content\/uploads\/sites\/71\/2025\/04\/cropped-Orise-Circle-Icon-Website-V1-1.png","width":512,"height":512,"caption":"Orise"},"image":{"@id":"https:\/\/orise.com\/de\/#\/schema\/logo\/image\/"}}]}},"acf":[],"_links":{"self":[{"href":"https:\/\/orise.com\/de\/wp-json\/wp\/v2\/pages\/11711","targetHints":{"allow":["GET"]}}],"collection":[{"href":"https:\/\/orise.com\/de\/wp-json\/wp\/v2\/pages"}],"about":[{"href":"https:\/\/orise.com\/de\/wp-json\/wp\/v2\/types\/page"}],"author":[{"embeddable":true,"href":"https:\/\/orise.com\/de\/wp-json\/wp\/v2\/users\/204"}],"replies":[{"embeddable":true,"href":"https:\/\/orise.com\/de\/wp-json\/wp\/v2\/comments?post=11711"}],"version-history":[{"count":71,"href":"https:\/\/orise.com\/de\/wp-json\/wp\/v2\/pages\/11711\/revisions"}],"predecessor-version":[{"id":29394,"href":"https:\/\/orise.com\/de\/wp-json\/wp\/v2\/pages\/11711\/revisions\/29394"}],"up":[{"embeddable":true,"href":"https:\/\/orise.com\/de\/wp-json\/wp\/v2\/pages\/842"}],"wp:attachment":[{"href":"https:\/\/orise.com\/de\/wp-json\/wp\/v2\/media?parent=11711"}],"curies":[{"name":"wp","href":"https:\/\/api.w.org\/{rel}","templated":true}]}}