{"id":14906,"date":"2023-08-24T18:50:44","date_gmt":"2023-08-24T18:50:44","guid":{"rendered":"https:\/\/orise.com\/?page_id=14906"},"modified":"2025-09-11T11:02:26","modified_gmt":"2025-09-11T11:02:26","slug":"company-history","status":"publish","type":"page","link":"https:\/\/orise.com\/de\/company-history\/","title":{"rendered":"Company History"},"content":{"rendered":"<div id=\"pageheader-block_c42dda4d7dcf00362c8b221bec0652c6\" class=\"content-row content-row-pageheader bg-base\t\tcontent-row-pageheader-anchor   pageheader\">\n        <div class=\"contentPart-fixed\">\n        <div class=\"contentPart-inner\">\n            <div class=\"contentPart-text width-100\">\n                <h1>\n                                        Orise: Unsere Geschichte                                    <\/h1>\n                <h2 class=\"trans\">\n                                    <\/h2>\n                                                <div class=\"anchor_links-wrapper trans\">\n                                        <div class=\"anchor_link-item trans\">\n                        <div class=\"anchor_link-item-inner\">\n                            <a class=\"anchorlink\" data-subtab=\"\"\n                                data-anchor=\"#milestones\"\n                                href=\"#\">Meilensteine des Unternehmens<\/a>\n                        <\/div>\n                    <\/div>\n                                        <div class=\"anchor_link-item trans\">\n                        <div class=\"anchor_link-item-inner\">\n                            <a class=\"anchorlink\" data-subtab=\"\"\n                                data-anchor=\"#subsidiaries\"\n                                href=\"#\">Damals und heute<\/a>\n                        <\/div>\n                    <\/div>\n                                        <div class=\"anchor_link-item trans\">\n                        <div class=\"anchor_link-item-inner\">\n                            <a class=\"anchorlink\" data-subtab=\"\"\n                                data-anchor=\"#locations\"\n                                href=\"#\">Rund um die Welt<\/a>\n                        <\/div>\n                    <\/div>\n                                    <\/div>\n                            <\/div>\n        <\/div>\n    <\/div>\n    <div class=\"slidedown-button editor-hide\">\n        <span class=\"slidedown-label\">Mehr erfahren<\/span>\n        <img decoding=\"async\" src=\"https:\/\/orise.com\/wp-content\/themes\/ats-orise\/img\/doubble-arrow-down.svg\" alt=\"\"\n            class=\"slidedown-icon\">\n    <\/div>\n<\/div>\n\n\n\n    <div id=\"image_banner-block_ec27a3d49a585c1115b1c0d185e7a429\" class=\"content-row content-row-imagebanner trans bg-base image_banner test\">\n                                                <img decoding=\"async\" src=\"https:\/\/orise.com\/wp-content\/uploads\/sites\/71\/2025\/04\/Orise_Headquarters_LU.png?w=1920&#038;h=0&#038;crop=1\" alt=\"\" class=\"fullscreen\">\n            <\/div>\n\n\n\n    <div id=\"imagetext_textvariation-block_1f94de201b71011b52f1b614b99b04ed\" class=\"content-row content-row-textvariation bg-base    textvariation\">\n        <div class=\"contentPart-inner\">\n            <div class=\"contentPart-text\">\n                                            <\/div>\n                            <div class=\"contentPart-textbox width-50 textInput trans\">\n                    <p>Seit 1986 hat sich Orise als f\u00fchrender systemunabh\u00e4ngiger Integrationspartner f\u00fcr Hersteller weltweit etabliert. Wir bieten erstklassige L\u00f6sungen in den Bereichen Automatisierung, Digitalisierung und Optimierung f\u00fcr die Prozess- und Fertigungsindustrie.<\/p>\n<p>&nbsp;<\/p>\n                <\/div>\n                                        <div class=\"contentPart-textbox contentPart-textbox_2 textInput width-50 trans\">\n                    <div class=\"flex animate-fade-in-output text-primary\">\n<div class=\"relative max-h-[280px] flex-1 overflow-auto px-3 py-3\" data-testid=\"inline-output-content\">\n<div class=\"text-small [&amp;&gt;*]:p-0 [&amp;&gt;*]:py-[2px]\" style=\"border-width: 0px;border-style: solid;--tw-border-spacing-x: 0;--tw-border-spacing-y: 0;--tw-translate-x: 0;--tw-translate-y: 0;--tw-rotate: 0;--tw-skew-x: 0;--tw-skew-y: 0;--tw-scale-x: 1;--tw-scale-y: 1;--tw-scroll-snap-strictness: proximity;--tw-ring-offset-width: 0px;--tw-ring-offset-color: #fff;--tw-ring-offset-shadow: 0 0 #0000;--tw-ring-shadow: 0 0 #0000;--tw-shadow: 0 0 #0000;--tw-shadow-colored: 0 0 #0000;font-size: 0.875rem;line-height: 1.5rem\">\n<p>W\u00e4hrend unserer langen Geschichte haben wir stets darauf geachtet, strategische Schritte zu unternehmen, um echten Mehrwert f\u00fcr Kunden in wichtigen Branchen wie Pharma, Biotechnologie, Chemie, Energie sowie Lebensmittel und Getr\u00e4nke zu schaffen.<\/p>\n<\/div>\n<\/div>\n<\/div>\n                <\/div>\n                    <\/div>\n                    <\/div>\n\n\n<div id=\"milestones\" class=\"content-row anchortarget trans anchortarget\">\n    <h3 class=\"editorInfo\">#milestones<\/h3>\n<\/div>\n\n    <div id=\"factboxes-block_2b554bd57dcbdc4624326892f87698fe\" class=\"content-row content-row-factboxes background_blue factboxes\">\n                    <div class=\"contentPart-inner\">\n                <div class=\"factboxes-wrapper\">\n                                            <div class=\"factbox-item trans\">\n                            <div class=\"factbox-item-titel\">\n                                <h2>1986<\/h2>\n                            <\/div>\n                            <div class=\"factbox-item-text\">\n                                <h3>Orise Gegr\u00fcndet als Lang &amp; Peitler<\/h3>\n                            <\/div>\n                        <\/div>\n                                            <div class=\"factbox-item trans\">\n                            <div class=\"factbox-item-titel\">\n                                <h2>2010<\/h2>\n                            <\/div>\n                            <div class=\"factbox-item-text\">\n                                <h3>Lang &amp; Peitler wird zu M+W Process Automation GmbH<\/h3>\n                            <\/div>\n                        <\/div>\n                                            <div class=\"factbox-item trans\">\n                            <div class=\"factbox-item-titel\">\n                                <h2>2014<\/h2>\n                            <\/div>\n                            <div class=\"factbox-item-text\">\n                                <h3>M+W wird an ATS Automation verkauft und in Process Automation Solutions<\/h3>\n                            <\/div>\n                        <\/div>\n                                            <div class=\"factbox-item trans\">\n                            <div class=\"factbox-item-titel\">\n                                <h2><\/h2>\n                            <\/div>\n                            <div class=\"factbox-item-text\">\n                                <h3><\/h3>\n                            <\/div>\n                        <\/div>\n                                            <div class=\"factbox-item trans\">\n                            <div class=\"factbox-item-titel\">\n                                <h2>2025<\/h2>\n                            <\/div>\n                            <div class=\"factbox-item-text\">\n                                <h3>Process Automation Solutions und 12 Mitgliedsunternehmen schlie\u00dfen sich zusammen und werden zu Orise<\/h3>\n                            <\/div>\n                        <\/div>\n                                    <\/div>\n                        <\/div>\n    <\/div>\n\n\n\n    <div id=\"image_banner-block_23b3692f2704ca0d46a6758d6845ab67\" class=\"content-row content-row-imagebanner trans bg-base image_banner test\">\n                                                <img decoding=\"async\" src=\"https:\/\/orise.com\/wp-content\/uploads\/sites\/71\/2025\/04\/Company-History-Graphic-Final-FINAL.jpg?w=1920&#038;h=0&#038;crop=1\" alt=\"\" class=\"fullscreen\">\n            <\/div>\n\n\n\n<div id=\"subsidiaries\" class=\"content-row anchortarget trans anchortarget\">\n    <h3 class=\"editorInfo\">#subsidiaries<\/h3>\n<\/div>\n\n    <div id=\"textimage-block_d329069d7e70c6c778299c7c668906c5\" class=\"content-row content-row-textimage background_darken  textimage\">\n        <div class=\"contentPart-inner\">\n            <div class=\"contentPart-text width-50\">\n                <h2 class=\"trans text-blue \">\n                                            Damals und Heute: Vereint als Eins                                                        <\/h2>\n                <div class=\"textInput trans\">\n                                            <p>&nbsp;<\/p>\n<p>Seit 1986 konzentriert sich Orise darauf, m\u00f6glichst viel Wert f\u00fcr unsere Kunden zu schaffen. Ein Teil dieser Strategie besteht darin, neue Unternehmen an unseren Tisch zu bringen. Wir bem\u00fchen uns, mit Unternehmen zusammenzuarbeiten, die unsere Werte, Ziele und unser Engagement teilen, um Kunden in der Prozess- und Fertigungsindustrie zu unterst\u00fctzen.<\/p>\n<p>Im Laufe unserer Geschichte sind wir stolz darauf, einige der Besten der Branche in unser Team aufgenommen zu haben. Ihr Fachwissen in den Bereichen ma\u00dfgeschneiderte IIoT-L\u00f6sungen, SAP-Beratung und -Dienstleistungen, angepasste KI und mehr war f\u00fcr uns ein unglaublicher Gewinn. Im Jahr 2025 vereinten wir uns und wurden gemeinsam zu Orise.<\/p>\n<p>Diese Unternehmen umfassen:<\/p>\n<p>&nbsp;<\/p>\n<ul>\n<li>Process Automation Solutions<\/li>\n<li>Advanced Applications<\/li>\n<li>Industrial Automation Partners<\/li>\n<li>Inimco<\/li>\n<li>CIM<\/li>\n<li>BLSG<\/li>\n<li>HSG Engineering<\/li>\n<li>Argus<\/li>\n<li>IPCOS<\/li>\n<li>Yazzoom<\/li>\n<li>Odyssey VC<\/li>\n<li>ITA.CA<\/li>\n<\/ul>\n                                    <\/div>\n                                            <\/div>\n            <div class=\"contentPart-image width-50 trans enlarge_img\">\n                                                    <img decoding=\"async\" src=\"https:\/\/orise.com\/wp-content\/uploads\/sites\/71\/2025\/04\/Orise-Value-Circle-Animated-V2.gif?w=1000\" alt=\"\" class=\"textbildimg\">\n                            <\/div>\n        <\/div>\n    <\/div>\n\n\n<div id=\"locations\" class=\"content-row anchortarget trans anchortarget\">\n    <h3 class=\"editorInfo\">#locations<\/h3>\n<\/div>\n\n    <div id=\"textimage-block_0599bacfc00ec2beb56612b67e44a69c\" class=\"content-row content-row-textimage bg-base  textimage\">\n        <div class=\"contentPart-inner\">\n            <div class=\"contentPart-text width-50\">\n                <h2 class=\"trans text-blue enlarge_hl\">\n                                            Ein globaler Akteur                                                                <span class=\"headline_white\">Orise ist weltweit fest etabliert<\/span>\n                                    <\/h2>\n                <div class=\"textInput trans\">\n                                            <p>Von globalen Industriekonzernen bis hin zu mittelst\u00e4ndischen Unternehmen arbeiten wir mit Kunden in der Prozess- und Fertigungsindustrie auf der ganzen Welt zusammen. Mit mehr als 70 B\u00fcros in 19 L\u00e4ndern sind wir immer nah an unseren Kunden.<\/p>\n                                    <\/div>\n                                            <\/div>\n            <div class=\"contentPart-image width-50 trans enlarge_img\">\n                                                    <img decoding=\"async\" src=\"https:\/\/orise.com\/wp-content\/uploads\/sites\/71\/2021\/11\/icon-worldmap.svg?w=1024\" alt=\"\" class=\"textbildimg\">\n                            <\/div>\n        <\/div>\n    <\/div>\n\n\n    <div id=\"contactform-block_be220eefe1e915f728b36bfb0cedf47f\" class=\"content-row content-row-contactform  background_darken contactform\">\n        <div class=\"contentPart-inner\">\n\n            <div class=\"contentPart-text width-100\">\n                                    <h2 class=\"text-blue content-row-headline trans\">\n                        Kontaktieren Sie uns noch heute<br \/>\r\n                    <\/h2>\n                            <\/div>\n\n            <div class=\"contactform-wrapper trans\">\n                                    <iframe src=\"https:\/\/go.atsautomation.com\/l\/651873\/2025-06-04\/h7yqxj\" class=\"form-iframe form-iframe-contactform\" data-cookieconsent=\"marketing\"><\/iframe>\n                            <\/div>\n\n        <\/div>\n    <\/div>\n","protected":false},"excerpt":{"rendered":"","protected":false},"author":218,"featured_media":26637,"parent":0,"menu_order":0,"comment_status":"closed","ping_status":"closed","template":"","meta":{"_acf_changed":false,"_cr_original_post":"128","_cr_replace_post_id":"","_cr_replacing_post_id":"","footnotes":""},"class_list":["post-14906","page","type-page","status-publish","has-post-thumbnail","hentry"],"yoast_head":"<!-- This site is optimized with the Yoast SEO Premium plugin v26.8 (Yoast SEO v26.8) - https:\/\/yoast.com\/product\/yoast-seo-premium-wordpress\/ -->\n<title>Company History | Orise<\/title>\n<meta name=\"description\" content=\"Orise, headquartered in Ludwigshafen, Germany, is a leading company for industrial automation in process and manufacturing industries\" \/>\n<meta name=\"robots\" content=\"index, follow, max-snippet:-1, max-image-preview:large, max-video-preview:-1\" \/>\n<link rel=\"canonical\" href=\"https:\/\/orise.com\/de\/company-history\/\" \/>\n<meta property=\"og:locale\" content=\"de_DE\" \/>\n<meta property=\"og:type\" content=\"article\" \/>\n<meta property=\"og:title\" content=\"Company History\" \/>\n<meta property=\"og:description\" content=\"Orise, headquartered in Ludwigshafen, Germany, is a leading company for industrial automation in process and manufacturing industries\" \/>\n<meta property=\"og:url\" content=\"https:\/\/orise.com\/de\/company-history\/\" \/>\n<meta property=\"og:site_name\" content=\"Orise\" \/>\n<meta property=\"article:modified_time\" content=\"2025-09-11T11:02:26+00:00\" \/>\n<meta property=\"og:image\" content=\"https:\/\/orise.com\/wp-content\/uploads\/sites\/71\/2025\/04\/Company-History-Graphic-Final-FINAL.jpg\" \/>\n\t<meta property=\"og:image:width\" content=\"2112\" \/>\n\t<meta property=\"og:image:height\" content=\"815\" \/>\n\t<meta property=\"og:image:type\" content=\"image\/jpeg\" \/>\n<meta name=\"twitter:card\" content=\"summary_large_image\" \/>\n<meta name=\"twitter:label1\" content=\"Gesch\u00e4tzte Lesezeit\" \/>\n\t<meta name=\"twitter:data1\" content=\"1 Minute\" \/>\n<script type=\"application\/ld+json\" class=\"yoast-schema-graph\">{\"@context\":\"https:\/\/schema.org\",\"@graph\":[{\"@type\":\"WebPage\",\"@id\":\"https:\/\/orise.com\/de\/company-history\/\",\"url\":\"https:\/\/orise.com\/de\/company-history\/\",\"name\":\"Company History | Orise\",\"isPartOf\":{\"@id\":\"https:\/\/orise.com\/de\/#website\"},\"primaryImageOfPage\":{\"@id\":\"https:\/\/orise.com\/de\/company-history\/#primaryimage\"},\"image\":{\"@id\":\"https:\/\/orise.com\/de\/company-history\/#primaryimage\"},\"thumbnailUrl\":\"https:\/\/orise.com\/wp-content\/uploads\/sites\/71\/2025\/04\/Company-History-Graphic-Final-FINAL.jpg\",\"datePublished\":\"2023-08-24T18:50:44+00:00\",\"dateModified\":\"2025-09-11T11:02:26+00:00\",\"description\":\"Orise, headquartered in Ludwigshafen, Germany, is a leading company for industrial automation in process and manufacturing industries\",\"breadcrumb\":{\"@id\":\"https:\/\/orise.com\/de\/company-history\/#breadcrumb\"},\"inLanguage\":\"de-DE\",\"potentialAction\":[{\"@type\":\"ReadAction\",\"target\":[\"https:\/\/orise.com\/de\/company-history\/\"]}]},{\"@type\":\"ImageObject\",\"inLanguage\":\"de-DE\",\"@id\":\"https:\/\/orise.com\/de\/company-history\/#primaryimage\",\"url\":\"https:\/\/orise.com\/wp-content\/uploads\/sites\/71\/2025\/04\/Company-History-Graphic-Final-FINAL.jpg\",\"contentUrl\":\"https:\/\/orise.com\/wp-content\/uploads\/sites\/71\/2025\/04\/Company-History-Graphic-Final-FINAL.jpg\",\"width\":2112,\"height\":815},{\"@type\":\"BreadcrumbList\",\"@id\":\"https:\/\/orise.com\/de\/company-history\/#breadcrumb\",\"itemListElement\":[{\"@type\":\"ListItem\",\"position\":1,\"name\":\"Home\",\"item\":\"https:\/\/orise.com\/de\/\"},{\"@type\":\"ListItem\",\"position\":2,\"name\":\"Company History\"}]},{\"@type\":\"WebSite\",\"@id\":\"https:\/\/orise.com\/de\/#website\",\"url\":\"https:\/\/orise.com\/de\/\",\"name\":\"Orise\",\"description\":\"Unlock your full potential.\",\"publisher\":{\"@id\":\"https:\/\/orise.com\/de\/#organization\"},\"potentialAction\":[{\"@type\":\"SearchAction\",\"target\":{\"@type\":\"EntryPoint\",\"urlTemplate\":\"https:\/\/orise.com\/de\/?s={search_term_string}\"},\"query-input\":{\"@type\":\"PropertyValueSpecification\",\"valueRequired\":true,\"valueName\":\"search_term_string\"}}],\"inLanguage\":\"de-DE\"},{\"@type\":\"Organization\",\"@id\":\"https:\/\/orise.com\/de\/#organization\",\"name\":\"Orise\",\"url\":\"https:\/\/orise.com\/de\/\",\"logo\":{\"@type\":\"ImageObject\",\"inLanguage\":\"de-DE\",\"@id\":\"https:\/\/orise.com\/de\/#\/schema\/logo\/image\/\",\"url\":\"https:\/\/orise.com\/wp-content\/uploads\/sites\/71\/2025\/04\/cropped-Orise-Circle-Icon-Website-V1-1.png\",\"contentUrl\":\"https:\/\/orise.com\/wp-content\/uploads\/sites\/71\/2025\/04\/cropped-Orise-Circle-Icon-Website-V1-1.png\",\"width\":512,\"height\":512,\"caption\":\"Orise\"},\"image\":{\"@id\":\"https:\/\/orise.com\/de\/#\/schema\/logo\/image\/\"}}]}<\/script>\n<!-- \/ Yoast SEO Premium plugin. -->","yoast_head_json":{"title":"Company History | Orise","description":"Orise, headquartered in Ludwigshafen, Germany, is a leading company for industrial automation in process and manufacturing industries","robots":{"index":"index","follow":"follow","max-snippet":"max-snippet:-1","max-image-preview":"max-image-preview:large","max-video-preview":"max-video-preview:-1"},"canonical":"https:\/\/orise.com\/de\/company-history\/","og_locale":"de_DE","og_type":"article","og_title":"Company History","og_description":"Orise, headquartered in Ludwigshafen, Germany, is a leading company for industrial automation in process and manufacturing industries","og_url":"https:\/\/orise.com\/de\/company-history\/","og_site_name":"Orise","article_modified_time":"2025-09-11T11:02:26+00:00","og_image":[{"width":2112,"height":815,"url":"https:\/\/orise.com\/wp-content\/uploads\/sites\/71\/2025\/04\/Company-History-Graphic-Final-FINAL.jpg","type":"image\/jpeg"}],"twitter_card":"summary_large_image","twitter_misc":{"Gesch\u00e4tzte Lesezeit":"1 Minute"},"schema":{"@context":"https:\/\/schema.org","@graph":[{"@type":"WebPage","@id":"https:\/\/orise.com\/de\/company-history\/","url":"https:\/\/orise.com\/de\/company-history\/","name":"Company History | Orise","isPartOf":{"@id":"https:\/\/orise.com\/de\/#website"},"primaryImageOfPage":{"@id":"https:\/\/orise.com\/de\/company-history\/#primaryimage"},"image":{"@id":"https:\/\/orise.com\/de\/company-history\/#primaryimage"},"thumbnailUrl":"https:\/\/orise.com\/wp-content\/uploads\/sites\/71\/2025\/04\/Company-History-Graphic-Final-FINAL.jpg","datePublished":"2023-08-24T18:50:44+00:00","dateModified":"2025-09-11T11:02:26+00:00","description":"Orise, headquartered in Ludwigshafen, Germany, is a leading company for industrial automation in process and manufacturing industries","breadcrumb":{"@id":"https:\/\/orise.com\/de\/company-history\/#breadcrumb"},"inLanguage":"de-DE","potentialAction":[{"@type":"ReadAction","target":["https:\/\/orise.com\/de\/company-history\/"]}]},{"@type":"ImageObject","inLanguage":"de-DE","@id":"https:\/\/orise.com\/de\/company-history\/#primaryimage","url":"https:\/\/orise.com\/wp-content\/uploads\/sites\/71\/2025\/04\/Company-History-Graphic-Final-FINAL.jpg","contentUrl":"https:\/\/orise.com\/wp-content\/uploads\/sites\/71\/2025\/04\/Company-History-Graphic-Final-FINAL.jpg","width":2112,"height":815},{"@type":"BreadcrumbList","@id":"https:\/\/orise.com\/de\/company-history\/#breadcrumb","itemListElement":[{"@type":"ListItem","position":1,"name":"Home","item":"https:\/\/orise.com\/de\/"},{"@type":"ListItem","position":2,"name":"Company History"}]},{"@type":"WebSite","@id":"https:\/\/orise.com\/de\/#website","url":"https:\/\/orise.com\/de\/","name":"Orise","description":"Unlock your full potential.","publisher":{"@id":"https:\/\/orise.com\/de\/#organization"},"potentialAction":[{"@type":"SearchAction","target":{"@type":"EntryPoint","urlTemplate":"https:\/\/orise.com\/de\/?s={search_term_string}"},"query-input":{"@type":"PropertyValueSpecification","valueRequired":true,"valueName":"search_term_string"}}],"inLanguage":"de-DE"},{"@type":"Organization","@id":"https:\/\/orise.com\/de\/#organization","name":"Orise","url":"https:\/\/orise.com\/de\/","logo":{"@type":"ImageObject","inLanguage":"de-DE","@id":"https:\/\/orise.com\/de\/#\/schema\/logo\/image\/","url":"https:\/\/orise.com\/wp-content\/uploads\/sites\/71\/2025\/04\/cropped-Orise-Circle-Icon-Website-V1-1.png","contentUrl":"https:\/\/orise.com\/wp-content\/uploads\/sites\/71\/2025\/04\/cropped-Orise-Circle-Icon-Website-V1-1.png","width":512,"height":512,"caption":"Orise"},"image":{"@id":"https:\/\/orise.com\/de\/#\/schema\/logo\/image\/"}}]}},"acf":[],"_links":{"self":[{"href":"https:\/\/orise.com\/de\/wp-json\/wp\/v2\/pages\/14906","targetHints":{"allow":["GET"]}}],"collection":[{"href":"https:\/\/orise.com\/de\/wp-json\/wp\/v2\/pages"}],"about":[{"href":"https:\/\/orise.com\/de\/wp-json\/wp\/v2\/types\/page"}],"author":[{"embeddable":true,"href":"https:\/\/orise.com\/de\/wp-json\/wp\/v2\/users\/218"}],"replies":[{"embeddable":true,"href":"https:\/\/orise.com\/de\/wp-json\/wp\/v2\/comments?post=14906"}],"version-history":[{"count":14,"href":"https:\/\/orise.com\/de\/wp-json\/wp\/v2\/pages\/14906\/revisions"}],"predecessor-version":[{"id":31393,"href":"https:\/\/orise.com\/de\/wp-json\/wp\/v2\/pages\/14906\/revisions\/31393"}],"wp:featuredmedia":[{"embeddable":true,"href":"https:\/\/orise.com\/de\/wp-json\/wp\/v2\/media\/26637"}],"wp:attachment":[{"href":"https:\/\/orise.com\/de\/wp-json\/wp\/v2\/media?parent=14906"}],"curies":[{"name":"wp","href":"https:\/\/api.w.org\/{rel}","templated":true}]}}