{"id":15559,"date":"2025-01-03T18:21:41","date_gmt":"2025-01-03T18:21:41","guid":{"rendered":"https:\/\/orise.com\/?page_id=15559"},"modified":"2026-04-29T14:19:29","modified_gmt":"2026-04-29T14:19:29","slug":"business-process-optimisation","status":"publish","type":"page","link":"https:\/\/orise.com\/de\/sap\/business-process-optimisation\/","title":{"rendered":"Business Process Optimisation\u200b"},"content":{"rendered":"<div id=\"pageheader-block_dfa0d518d7ff48b29544cabf7beb8a64\" class=\"content-row content-row-pageheader bg-base\t\tcontent-row-pageheader-anchor   pageheader\">\n        <div class=\"contentPart-fixed\">\n        <div class=\"contentPart-inner\">\n            <div class=\"contentPart-text width-100\">\n                <h1>\n                                        Consulting f\u00fcr Prozessoptimierung                                    <\/h1>\n                <h2 class=\"trans\">\n                                        Effizienter. Klarer. Zukunftsf\u00e4higer.                                    <\/h2>\n                                                <div class=\"anchor_links-wrapper trans\">\n                                        <div class=\"anchor_link-item trans\">\n                        <div class=\"anchor_link-item-inner\">\n                            <a class=\"anchorlink\" data-subtab=\"\"\n                                data-anchor=\"#heran\"\n                                href=\"#\">Herangehensweise<\/a>\n                        <\/div>\n                    <\/div>\n                                        <div class=\"anchor_link-item trans\">\n                        <div class=\"anchor_link-item-inner\">\n                            <a class=\"anchorlink\" data-subtab=\"\"\n                                data-anchor=\"#mehrwert\"\n                                href=\"#\">Ihr Mehrwert<\/a>\n                        <\/div>\n                    <\/div>\n                                        <div class=\"anchor_link-item trans\">\n                        <div class=\"anchor_link-item-inner\">\n                            <a class=\"anchorlink\" data-subtab=\"\"\n                                data-anchor=\"#kontakt\"\n                                href=\"#\">Kontakt<\/a>\n                        <\/div>\n                    <\/div>\n                                    <\/div>\n                            <\/div>\n        <\/div>\n    <\/div>\n    <div class=\"slidedown-button editor-hide\">\n        <span class=\"slidedown-label\">Mehr erfahren<\/span>\n        <img decoding=\"async\" src=\"https:\/\/orise.com\/wp-content\/themes\/ats-orise\/img\/doubble-arrow-down.svg\" alt=\"\"\n            class=\"slidedown-icon\">\n    <\/div>\n<\/div>\n\n\n\n    <div id=\"image_banner-block_cc3d5779f96f61a854c91bcf5075b1af\" class=\"content-row content-row-imagebanner trans bg-base image_banner test\">\n                                                <img decoding=\"async\" src=\"https:\/\/orise.com\/wp-content\/uploads\/sites\/71\/2025\/04\/Image-Banner-WordPress-2.png?w=1920&#038;h=0&#038;crop=1\" alt=\"\" class=\"fullscreen\">\n            <\/div>\n\n\n\n    <div id=\"imagetext_textvariation-block_5ca4577ebc5bc039198d12a0beb8c976\" class=\"content-row content-row-textvariation background_blue    textvariation\">\n        <div class=\"contentPart-inner\">\n            <div class=\"contentPart-text\">\n                                            <\/div>\n                            <div class=\"contentPart-textbox width-50 textInput trans\">\n                    <div id=\"c5248\" class=\"frame frame-default frame-type-text frame-layout-0 frame-space-before-large frame-space-after-large\">\n<header>\n<div id=\"c5248\" class=\"frame frame-default frame-type-text frame-layout-0 frame-space-before-large frame-space-after-large\">\n<header>\n<h3>Prozessoptimierung ist der Schl\u00fcssel zur Effizienz<\/h3>\n<\/header>\n<\/div>\n<\/header>\n<\/div>\n                <\/div>\n                                        <div class=\"contentPart-textbox contentPart-textbox_2 textInput width-50 trans\">\n                    <div class=\"col-md-6 col--1\">\n<div class=\"layout-0\">\n<div id=\"c5246\" class=\"frame frame-right-padding-1 frame-type-text frame-layout-0 frame-space-after-large\">\n<div class=\"col-md-6 col--1\">\n<div class=\"layout-0\">\n<div id=\"c5246\" class=\"frame frame-right-padding-1 frame-type-text frame-layout-0 frame-space-after-large\">\n<div class=\"col-md-6 col--1\">\n<div class=\"layout-0\">\n<div id=\"c5246\" class=\"frame frame-right-padding-1 frame-type-text frame-layout-0 frame-space-after-large\">\n<div class=\"col-md-6 col--1\">\n<div class=\"layout-0\">\n<div id=\"c5246\" class=\"frame frame-right-padding-1 frame-type-text frame-layout-0 frame-space-after-large\">\n<p data-prosemirror-content-type=\"node\" data-prosemirror-node-name=\"paragraph\" data-prosemirror-node-block=\"true\" data-pm-slice=\"1 1 []\">Mit unserer Business Process Optimization machen wir Ihre Prozesse fit f\u00fcr die digitale Zukunft. Wir helfen Ihnen, Abl\u00e4ufe zu vereinfachen, systemisch zu standardisieren und Potenziale f\u00fcr Automatisierung und K\u00fcnstliche Intelligenz zu identifizieren.<\/p>\n<\/div>\n<\/div>\n<\/div>\n<\/div>\n<\/div>\n<\/div>\n<\/div>\n<\/div>\n<\/div>\n<\/div>\n<\/div>\n<\/div>\n                <\/div>\n                    <\/div>\n                    <\/div>\n\n\n<div id=\"\" class=\"content-row anchortarget trans anchortarget\">\n    <h3 class=\"editorInfo\">#<\/h3>\n<\/div>\n\n    <div id=\"textboxgrid-block_e16c316384d0f98039a695147c138b7d\" class=\"content-row content-row-textboxgrid  bg-base textboxgrid  \">\n        <div class=\"contentPart-inner\">\n            <div class=\"contentPart-left\">\n                <div>\n                    <div class=\"contentPart-text\">\n                        <h2 class=\"content-row-headline trans\">\n                            Ihre Vorteile                         <\/h2>\n                    <\/div>\n\n                                    <\/div>\n\n                <div>\n                                                        <\/div>\n            <\/div>\n\n            <div class=\"textboxgrid-wrapper\">\n                                    <div class=\"textboxgrid-colum textboxgrid-colum-l width-50\">\n                                                    <div class=\"textboxgrid-item trans\">\n                                <div class=\"textboxgrid-item-titel\">\n                                    <h2>\n                                                                            <\/h2>\n                                <\/div>\n                                <div class=\"textboxgrid-item-content textInput\">\n                                    <ul class=\"ak-ul\" data-prosemirror-content-type=\"node\" data-prosemirror-node-name=\"bulletList\" data-prosemirror-node-block=\"true\" data-pm-slice=\"3 3 []\">\n<li data-prosemirror-content-type=\"node\" data-prosemirror-node-name=\"listItem\" data-prosemirror-node-block=\"true\">\n<p data-prosemirror-content-type=\"node\" data-prosemirror-node-name=\"paragraph\" data-prosemirror-node-block=\"true\">Klarheit \u00fcber St\u00e4rken &amp; Schw\u00e4chen Ihrer Prozesse<\/p>\n<\/li>\n<li data-prosemirror-content-type=\"node\" data-prosemirror-node-name=\"listItem\" data-prosemirror-node-block=\"true\">\n<p data-prosemirror-content-type=\"node\" data-prosemirror-node-name=\"paragraph\" data-prosemirror-node-block=\"true\">Schlankere Abl\u00e4ufe und schnellere Durchlaufzeiten<\/p>\n<\/li>\n<\/ul>\n                                <\/div>\n                            <\/div>\n                                            <\/div>\n                                                    <div class=\"textboxgrid-colum textboxgrid-colum-r width-50\">\n                                                    <div class=\"textboxgrid-item trans\">\n                                <div class=\"textboxgrid-item-titel\">\n                                    <h2>\n                                                                            <\/h2>\n                                <\/div>\n                                <div class=\"textboxgrid-item-content textInput\">\n                                    <ul class=\"ak-ul\" data-prosemirror-content-type=\"node\" data-prosemirror-node-name=\"bulletList\" data-prosemirror-node-block=\"true\" data-pm-slice=\"3 3 []\">\n<li data-prosemirror-content-type=\"node\" data-prosemirror-node-name=\"listItem\" data-prosemirror-node-block=\"true\">\n<p data-prosemirror-content-type=\"node\" data-prosemirror-node-name=\"paragraph\" data-prosemirror-node-block=\"true\">H\u00f6here SAP-Nutzung durch Standardprozesse<\/p>\n<\/li>\n<li data-prosemirror-content-type=\"node\" data-prosemirror-node-name=\"listItem\" data-prosemirror-node-block=\"true\">\n<p data-prosemirror-content-type=\"node\" data-prosemirror-node-name=\"paragraph\" data-prosemirror-node-block=\"true\">Technologische Vorbereitung auf KI, Reporting &amp; Automatisierung<\/p>\n<\/li>\n<\/ul>\n                                <\/div>\n                            <\/div>\n                                            <\/div>\n                            <\/div>\n        <\/div>\n                    <\/div>\n\n\n<div id=\"\" class=\"content-row anchortarget trans anchortarget\">\n    <h3 class=\"editorInfo\">#<\/h3>\n<\/div>\n\n<div id=\"content_carousel-block_129960b295a7458892309a40dfa3ba7f\"\n    class=\"content-row content-row-imagetext_carousel content-row-content_carousel trans background_darken content_carousel\">\n    <div class=\"contentPart-inner\">\n        <div class=\"Infoline\">\n            <p>Unser Ansatz: 3-dimensionale Prozessaufnahme<\/p>\n        <\/div>\n        <div class=\"subline\">\n            <p><\/p>\n            <div class=\"content_carousel-arrows\">\n                <div class=\"scroll-arrow scroll-left editor-hide\"><img decoding=\"async\"\n                        src=\"https:\/\/orise.com\/wp-content\/themes\/ats-orise\/img\/keyboard_arrow_left.svg\"\n                        class=\"sliderarrow\" alt=\"\">\n                <\/div>\n                <div class=\"scroll-arrow scroll-right editor-hide\"><img decoding=\"async\"\n                        src=\"https:\/\/orise.com\/wp-content\/themes\/ats-orise\/img\/keyboard_arrow_right.svg\"\n                        class=\"sliderarrow\" alt=\"\">\n                <\/div>\n            <\/div>\n        <\/div>\n        <div class=\"content_carousel-slider\">\n                        <div class=\"content_carousel-item\">\n                <div class=\"content_carousel-item-inner\">\n                    <div class=\"contentPart-image\">\n                        <div class=\"imagetext_carousel-item-inner\">\n                            <div class=\"content_carousel-item-imagebox\">\n                                \n                                                                <img decoding=\"async\" src=\"https:\/\/orise.com\/wp-content\/uploads\/sites\/71\/2025\/05\/Website-Icons-5.png?w=600&#038;h=600&#038;crop=1\"\n                                    alt=\"zahnrad kreis\" class=\"content_carousel-img\">\n                                                            <\/div>\n                        <\/div>\n                    <\/div>\n                    <div class=\"contentPart-text\">\n                        <h2>\n                            Lean Management                        <\/h2>\n                        <h4> Identifikation von Verschwendung, unn\u00f6tiger Komplexit\u00e4t und Ineffizienzen in Ihren Abl\u00e4ufen \u2013 f\u00fcr klare, schlanke Prozesse.<\/h4>\n                        <div class=\"imagetext_carousel-item-textbox\">\n                                                    <\/div>\n                                                                    <\/div>\n                <\/div>\n            <\/div>\n                        <div class=\"content_carousel-item\">\n                <div class=\"content_carousel-item-inner\">\n                    <div class=\"contentPart-image\">\n                        <div class=\"imagetext_carousel-item-inner\">\n                            <div class=\"content_carousel-item-imagebox\">\n                                \n                                                                <img decoding=\"async\" src=\"https:\/\/orise.com\/wp-content\/uploads\/sites\/71\/2025\/05\/Website-Icons-1-2.png?w=600&#038;h=600&#038;crop=1\"\n                                    alt=\"\" class=\"content_carousel-img\">\n                                                            <\/div>\n                        <\/div>\n                    <\/div>\n                    <div class=\"contentPart-text\">\n                        <h2>\n                            Standardisierungsgrad in SAP&lt;br \/&gt;\r\n                        <\/h2>\n                        <h4>Bewertung, wie stark Ihre Gesch\u00e4ftsprozesse bereits durch SAP-Standards abgedeckt sind \u2013 und wo Customizing reduziert oder Prozesse vereinfacht werden k\u00f6nnen.<\/h4>\n                        <div class=\"imagetext_carousel-item-textbox\">\n                                                    <\/div>\n                                                                    <\/div>\n                <\/div>\n            <\/div>\n                        <div class=\"content_carousel-item\">\n                <div class=\"content_carousel-item-inner\">\n                    <div class=\"contentPart-image\">\n                        <div class=\"imagetext_carousel-item-inner\">\n                            <div class=\"content_carousel-item-imagebox\">\n                                \n                                                                <img decoding=\"async\" src=\"https:\/\/orise.com\/wp-content\/uploads\/sites\/71\/2025\/05\/Website-Icons-1-1.png?w=600&#038;h=600&#038;crop=1\"\n                                    alt=\"\" class=\"content_carousel-img\">\n                                                            <\/div>\n                        <\/div>\n                    <\/div>\n                    <div class=\"contentPart-text\">\n                        <h2>\n                            Readiness f\u00fcr KI &amp; Automatisierung&lt;br \/&gt;\r\n                        <\/h2>\n                        <h4>Analyse Ihrer Prozesse hinsichtlich Datenqualit\u00e4t, Struktur und Automatisierungspotenzial \u2013 als Grundlage f\u00fcr zukunftsorientierte Technologien wie KI oder Bots.<\/h4>\n                        <div class=\"imagetext_carousel-item-textbox\">\n                                                    <\/div>\n                                                                    <\/div>\n                <\/div>\n            <\/div>\n                    <\/div>\n\n\n    <\/div>\n\n<\/div>\n\n\n<div id=\"kontakt\" class=\"content-row anchortarget trans anchortarget\">\n    <h3 class=\"editorInfo\">#kontakt<\/h3>\n<\/div>\n\n    <div id=\"imagetext_textvariation-block_3da5f13ccbe1a6ba6298b202db0487db\" class=\"content-row content-row-textvariation bg-base    textvariation\">\n        <div class=\"contentPart-inner\">\n            <div class=\"contentPart-text\">\n                                    <h2 class=\"text-blue content-row-headline trans\">\n                        Lassen Sie Ihre Prozesse f\u00fcr sich arbeiten.<br \/>\r\n                    <\/h2>\n                                            <\/div>\n                            <div class=\"contentPart-textbox width-50 textInput trans\">\n                    <p data-prosemirror-content-type=\"node\" data-prosemirror-node-name=\"paragraph\" data-prosemirror-node-block=\"true\" data-pm-slice=\"1 1 []\">Starten Sie jetzt mit einer strukturierten Prozessaufnahme und entdecken Sie neue Potenziale in Ihrem Unternehmen.<\/p>\n<p data-prosemirror-content-type=\"node\" data-prosemirror-node-name=\"paragraph\" data-prosemirror-node-block=\"true\"><strong>Kontaktieren Sie uns f\u00fcr einen unverbindlichen Einstieg oder Workshop.<\/strong><\/p>\n                <\/div>\n                                <\/div>\n                    <\/div>\n\n\n    <div id=\"textimage-block_5d0344ec1ed457d7b1a8683979899d71\" class=\"content-row content-row-textimage background_blue  textimage\">\n        <div class=\"contentPart-inner\">\n            <div class=\"contentPart-text width-50\">\n                <h2 class=\"trans text-blue \">\n                                            Ihr Ansprechpartner                                                                <span class=\"headline_white\">Helge Spahr \u00b7 Director Consulting<\/span>\n                                    <\/h2>\n                <div class=\"textInput trans\">\n                                            <p>Rheinwaldstra\u00dfe 38<br \/>\n78628 Rottweil<\/p>\n<p>Tel.: 0741 17 44 16 600<br \/>\nE-Mail: <a href=\"mailto:marketing.DE-ROT@orise.com\">marketing.DE-ROT@orise.com<\/a><\/p>\n                                    <\/div>\n                                    <div class=\"btnrow btnrow-light bold trans\"><a href=\"https:\/\/orise.com\/de\/sap\/\" class=\"animateAll\">Zur\u00fcck zum SAP Solutions Hub<\/a><\/div>\n                                            <\/div>\n            <div class=\"contentPart-image width-50 trans \">\n                                                    <img decoding=\"async\" src=\"https:\/\/orise.com\/wp-content\/uploads\/sites\/71\/2025\/04\/Helge-Spahr.jpeg?w=1024\" alt=\"\" class=\"textbildimg\">\n                            <\/div>\n        <\/div>\n    <\/div>\n\n\n    <div id=\"contactform-block_a23f6ceb42c2e7254a4f4365adc646a6\" class=\"content-row content-row-contactform  background_darken contactform\">\n        <div class=\"contentPart-inner\">\n\n            <div class=\"contentPart-text width-100\">\n                                    <h2 class=\"text-blue content-row-headline trans\">\n                        Jetzt Kontakt aufnehmen                    <\/h2>\n                            <\/div>\n\n            <div class=\"contactform-wrapper trans\">\n                                    <iframe src=\"https:\/\/go.atsautomation.com\/l\/651873\/2021-12-14\/4vl6v6 \" class=\"form-iframe form-iframe-contactform\" data-cookieconsent=\"marketing\"><\/iframe>\n                            <\/div>\n\n        <\/div>\n    <\/div>\n","protected":false},"excerpt":{"rendered":"","protected":false},"author":459,"featured_media":0,"parent":22132,"menu_order":0,"comment_status":"closed","ping_status":"closed","template":"","meta":{"_acf_changed":false,"_cr_original_post":"15551","_cr_replace_post_id":"","_cr_replacing_post_id":"","footnotes":""},"class_list":["post-15559","page","type-page","status-publish","hentry"],"yoast_head":"<!-- This site is optimized with the Yoast SEO Premium plugin v26.8 (Yoast SEO v26.8) - https:\/\/yoast.com\/product\/yoast-seo-premium-wordpress\/ -->\n<title>Business Process Optimisation\u200b | Orise<\/title>\n<meta name=\"robots\" content=\"index, follow, max-snippet:-1, max-image-preview:large, max-video-preview:-1\" \/>\n<link rel=\"canonical\" href=\"https:\/\/orise.com\/de\/sap\/business-process-optimisation\/\" \/>\n<meta property=\"og:locale\" content=\"de_DE\" \/>\n<meta property=\"og:type\" content=\"article\" \/>\n<meta property=\"og:title\" content=\"Business Process Optimisation\u200b\" \/>\n<meta property=\"og:url\" content=\"https:\/\/orise.com\/de\/sap\/business-process-optimisation\/\" \/>\n<meta property=\"og:site_name\" content=\"Orise\" \/>\n<meta property=\"article:modified_time\" content=\"2026-04-29T14:19:29+00:00\" \/>\n<meta name=\"twitter:card\" content=\"summary_large_image\" \/>\n<script type=\"application\/ld+json\" class=\"yoast-schema-graph\">{\"@context\":\"https:\/\/schema.org\",\"@graph\":[{\"@type\":\"WebPage\",\"@id\":\"https:\/\/orise.com\/de\/sap\/business-process-optimisation\/\",\"url\":\"https:\/\/orise.com\/de\/sap\/business-process-optimisation\/\",\"name\":\"Business Process Optimisation\u200b | Orise\",\"isPartOf\":{\"@id\":\"https:\/\/orise.com\/de\/#website\"},\"datePublished\":\"2025-01-03T18:21:41+00:00\",\"dateModified\":\"2026-04-29T14:19:29+00:00\",\"breadcrumb\":{\"@id\":\"https:\/\/orise.com\/de\/sap\/business-process-optimisation\/#breadcrumb\"},\"inLanguage\":\"de-DE\",\"potentialAction\":[{\"@type\":\"ReadAction\",\"target\":[\"https:\/\/orise.com\/de\/sap\/business-process-optimisation\/\"]}]},{\"@type\":\"BreadcrumbList\",\"@id\":\"https:\/\/orise.com\/de\/sap\/business-process-optimisation\/#breadcrumb\",\"itemListElement\":[{\"@type\":\"ListItem\",\"position\":1,\"name\":\"Home\",\"item\":\"https:\/\/orise.com\/de\/\"},{\"@type\":\"ListItem\",\"position\":2,\"name\":\"SAP\",\"item\":\"https:\/\/orise.com\/de\/sap\/\"},{\"@type\":\"ListItem\",\"position\":3,\"name\":\"Business Process Optimisation\u200b\"}]},{\"@type\":\"WebSite\",\"@id\":\"https:\/\/orise.com\/de\/#website\",\"url\":\"https:\/\/orise.com\/de\/\",\"name\":\"Orise\",\"description\":\"Unlock your full potential.\",\"publisher\":{\"@id\":\"https:\/\/orise.com\/de\/#organization\"},\"potentialAction\":[{\"@type\":\"SearchAction\",\"target\":{\"@type\":\"EntryPoint\",\"urlTemplate\":\"https:\/\/orise.com\/de\/?s={search_term_string}\"},\"query-input\":{\"@type\":\"PropertyValueSpecification\",\"valueRequired\":true,\"valueName\":\"search_term_string\"}}],\"inLanguage\":\"de-DE\"},{\"@type\":\"Organization\",\"@id\":\"https:\/\/orise.com\/de\/#organization\",\"name\":\"Orise\",\"url\":\"https:\/\/orise.com\/de\/\",\"logo\":{\"@type\":\"ImageObject\",\"inLanguage\":\"de-DE\",\"@id\":\"https:\/\/orise.com\/de\/#\/schema\/logo\/image\/\",\"url\":\"https:\/\/orise.com\/wp-content\/uploads\/sites\/71\/2025\/04\/cropped-Orise-Circle-Icon-Website-V1-1.png\",\"contentUrl\":\"https:\/\/orise.com\/wp-content\/uploads\/sites\/71\/2025\/04\/cropped-Orise-Circle-Icon-Website-V1-1.png\",\"width\":512,\"height\":512,\"caption\":\"Orise\"},\"image\":{\"@id\":\"https:\/\/orise.com\/de\/#\/schema\/logo\/image\/\"}}]}<\/script>\n<!-- \/ Yoast SEO Premium plugin. -->","yoast_head_json":{"title":"Business Process Optimisation\u200b | Orise","robots":{"index":"index","follow":"follow","max-snippet":"max-snippet:-1","max-image-preview":"max-image-preview:large","max-video-preview":"max-video-preview:-1"},"canonical":"https:\/\/orise.com\/de\/sap\/business-process-optimisation\/","og_locale":"de_DE","og_type":"article","og_title":"Business Process Optimisation\u200b","og_url":"https:\/\/orise.com\/de\/sap\/business-process-optimisation\/","og_site_name":"Orise","article_modified_time":"2026-04-29T14:19:29+00:00","twitter_card":"summary_large_image","schema":{"@context":"https:\/\/schema.org","@graph":[{"@type":"WebPage","@id":"https:\/\/orise.com\/de\/sap\/business-process-optimisation\/","url":"https:\/\/orise.com\/de\/sap\/business-process-optimisation\/","name":"Business Process Optimisation\u200b | Orise","isPartOf":{"@id":"https:\/\/orise.com\/de\/#website"},"datePublished":"2025-01-03T18:21:41+00:00","dateModified":"2026-04-29T14:19:29+00:00","breadcrumb":{"@id":"https:\/\/orise.com\/de\/sap\/business-process-optimisation\/#breadcrumb"},"inLanguage":"de-DE","potentialAction":[{"@type":"ReadAction","target":["https:\/\/orise.com\/de\/sap\/business-process-optimisation\/"]}]},{"@type":"BreadcrumbList","@id":"https:\/\/orise.com\/de\/sap\/business-process-optimisation\/#breadcrumb","itemListElement":[{"@type":"ListItem","position":1,"name":"Home","item":"https:\/\/orise.com\/de\/"},{"@type":"ListItem","position":2,"name":"SAP","item":"https:\/\/orise.com\/de\/sap\/"},{"@type":"ListItem","position":3,"name":"Business Process Optimisation\u200b"}]},{"@type":"WebSite","@id":"https:\/\/orise.com\/de\/#website","url":"https:\/\/orise.com\/de\/","name":"Orise","description":"Unlock your full potential.","publisher":{"@id":"https:\/\/orise.com\/de\/#organization"},"potentialAction":[{"@type":"SearchAction","target":{"@type":"EntryPoint","urlTemplate":"https:\/\/orise.com\/de\/?s={search_term_string}"},"query-input":{"@type":"PropertyValueSpecification","valueRequired":true,"valueName":"search_term_string"}}],"inLanguage":"de-DE"},{"@type":"Organization","@id":"https:\/\/orise.com\/de\/#organization","name":"Orise","url":"https:\/\/orise.com\/de\/","logo":{"@type":"ImageObject","inLanguage":"de-DE","@id":"https:\/\/orise.com\/de\/#\/schema\/logo\/image\/","url":"https:\/\/orise.com\/wp-content\/uploads\/sites\/71\/2025\/04\/cropped-Orise-Circle-Icon-Website-V1-1.png","contentUrl":"https:\/\/orise.com\/wp-content\/uploads\/sites\/71\/2025\/04\/cropped-Orise-Circle-Icon-Website-V1-1.png","width":512,"height":512,"caption":"Orise"},"image":{"@id":"https:\/\/orise.com\/de\/#\/schema\/logo\/image\/"}}]}},"acf":[],"_links":{"self":[{"href":"https:\/\/orise.com\/de\/wp-json\/wp\/v2\/pages\/15559","targetHints":{"allow":["GET"]}}],"collection":[{"href":"https:\/\/orise.com\/de\/wp-json\/wp\/v2\/pages"}],"about":[{"href":"https:\/\/orise.com\/de\/wp-json\/wp\/v2\/types\/page"}],"author":[{"embeddable":true,"href":"https:\/\/orise.com\/de\/wp-json\/wp\/v2\/users\/459"}],"replies":[{"embeddable":true,"href":"https:\/\/orise.com\/de\/wp-json\/wp\/v2\/comments?post=15559"}],"version-history":[{"count":38,"href":"https:\/\/orise.com\/de\/wp-json\/wp\/v2\/pages\/15559\/revisions"}],"predecessor-version":[{"id":36531,"href":"https:\/\/orise.com\/de\/wp-json\/wp\/v2\/pages\/15559\/revisions\/36531"}],"up":[{"embeddable":true,"href":"https:\/\/orise.com\/de\/wp-json\/wp\/v2\/pages\/22132"}],"wp:attachment":[{"href":"https:\/\/orise.com\/de\/wp-json\/wp\/v2\/media?parent=15559"}],"curies":[{"name":"wp","href":"https:\/\/api.w.org\/{rel}","templated":true}]}}