{"id":15662,"date":"2025-01-03T21:15:09","date_gmt":"2025-01-03T21:15:09","guid":{"rendered":"https:\/\/orise.com\/?page_id=15662"},"modified":"2025-08-07T07:18:53","modified_gmt":"2025-08-07T07:18:53","slug":"individual-consulting","status":"publish","type":"page","link":"https:\/\/orise.com\/de\/sap\/individual-consulting\/","title":{"rendered":"Individual Consulting"},"content":{"rendered":"<div id=\"pageheader-block_aeba734d97b13cb5036dfe08485b8090\" class=\"content-row content-row-pageheader bg-base\t\tcontent-row-pageheader-anchor   pageheader\">\n        <div class=\"contentPart-fixed\">\n        <div class=\"contentPart-inner\">\n            <div class=\"contentPart-text width-100\">\n                <h1>\n                                        Individual Consulting                                    <\/h1>\n                <h2 class=\"trans\">\n                                        SAP-L\u00f6sungen, die zu Ihnen passen                                    <\/h2>\n                                                <div class=\"anchor_links-wrapper trans\">\n                                        <div class=\"anchor_link-item trans\">\n                        <div class=\"anchor_link-item-inner\">\n                            <a class=\"anchorlink\" data-subtab=\"\"\n                                data-anchor=\"#leistungen\"\n                                href=\"#\">Unsere Leistungen<\/a>\n                        <\/div>\n                    <\/div>\n                                        <div class=\"anchor_link-item trans\">\n                        <div class=\"anchor_link-item-inner\">\n                            <a class=\"anchorlink\" data-subtab=\"\"\n                                data-anchor=\"#nutzen\"\n                                href=\"#\">Ihr Nutzen<\/a>\n                        <\/div>\n                    <\/div>\n                                        <div class=\"anchor_link-item trans\">\n                        <div class=\"anchor_link-item-inner\">\n                            <a class=\"anchorlink\" data-subtab=\"\"\n                                data-anchor=\"#kontakt\"\n                                href=\"#\">Kontakt<\/a>\n                        <\/div>\n                    <\/div>\n                                    <\/div>\n                            <\/div>\n        <\/div>\n    <\/div>\n    <div class=\"slidedown-button editor-hide\">\n        <span class=\"slidedown-label\">Mehr erfahren<\/span>\n        <img decoding=\"async\" src=\"https:\/\/orise.com\/wp-content\/themes\/ats-orise\/img\/doubble-arrow-down.svg\" alt=\"\"\n            class=\"slidedown-icon\">\n    <\/div>\n<\/div>\n\n\n\n    <div id=\"image_banner-block_2744597a7e6b2228f7188359dfff387c\" class=\"content-row content-row-imagebanner trans bg-base image_banner test\">\n                                                <img decoding=\"async\" src=\"https:\/\/orise.com\/wp-content\/uploads\/sites\/71\/2025\/04\/Image-Banner-WordPress-1.png?w=1920&#038;h=0&#038;crop=1\" alt=\"\" class=\"fullscreen\">\n            <\/div>\n\n\n\n    <div id=\"imagetext_textvariation-block_5ca859d138fbbc7f42f4b5fba940e065\" class=\"content-row content-row-textvariation background_blue    textvariation\">\n        <div class=\"contentPart-inner\">\n            <div class=\"contentPart-text\">\n                                            <\/div>\n                            <div class=\"contentPart-textbox width-50 textInput trans\">\n                    <div id=\"c5248\" class=\"frame frame-default frame-type-text frame-layout-0 frame-space-before-large frame-space-after-large\">\n<header>\n<div id=\"c5248\" class=\"frame frame-default frame-type-text frame-layout-0 frame-space-before-large frame-space-after-large\">\n<header>\n<h3 data-prosemirror-content-type=\"node\" data-prosemirror-node-name=\"paragraph\" data-prosemirror-node-block=\"true\" data-pm-slice=\"1 1 []\"><strong data-prosemirror-content-type=\"mark\" data-prosemirror-mark-name=\"strong\">Jede Herausforderung ist einzigartig \u2013 genau wie unsere Beratung.<\/strong><\/h3>\n<\/header>\n<\/div>\n<\/header>\n<\/div>\n                <\/div>\n                                        <div class=\"contentPart-textbox contentPart-textbox_2 textInput width-50 trans\">\n                    <p data-prosemirror-content-type=\"node\" data-prosemirror-node-name=\"paragraph\" data-prosemirror-node-block=\"true\" data-pm-slice=\"1 1 []\">Mit unserem Individual Consulting bieten wir ma\u00dfgeschneiderte L\u00f6sungen, die sich nahtlos in Ihre Systemlandschaft und Gesch\u00e4ftsprozesse einf\u00fcgen. Ob spezifische Anforderungen an Funktionen, Schnittstellen oder Benutzeroberfl\u00e4chen \u2013 gemeinsam entwickeln wir, was Ihr Unternehmen wirklich weiterbringt.<\/p>\n                <\/div>\n                    <\/div>\n                    <\/div>\n\n\n<div id=\"leistungen\" class=\"content-row anchortarget trans anchortarget\">\n    <h3 class=\"editorInfo\">#leistungen<\/h3>\n<\/div>\n\n    <div id=\"imagetext_textvariation-block_d919d74adf78d05f5faedbe93d733e0f\" class=\"content-row content-row-textvariation bg-base    textvariation\">\n        <div class=\"contentPart-inner\">\n            <div class=\"contentPart-text\">\n                                    <h2 class=\"text-blue content-row-headline trans\">\n                        Unsere Leistungen                    <\/h2>\n                                                    <div class=\"subline trans\">\n                        Schlanke Prozesse, klare Kommunikation und ein Fokus auf nachhaltigen Mehrwert f\u00fcr Ihr Unternehmen.                    <\/div>\n                            <\/div>\n                            <div class=\"contentPart-textbox width-50 textInput trans\">\n                    <h4><strong>Co-Innovation &amp; Projektpartnerschaft<\/strong><\/h4>\n<p>Wir arbeiten eng mit Ihrem Team zusammen und bringen methodisches Wissen, SAP-Expertise und Branchenverst\u00e4ndnis in jedes Projekt ein.<\/p>\n                <\/div>\n                                        <div class=\"contentPart-textbox contentPart-textbox_2 textInput width-50 trans\">\n                    <h4><strong>Custom Development<\/strong><\/h4>\n<p>Individuelle Entwicklungen direkt in SAP oder als erg\u00e4nzende Anwendung \u2013 exakt auf Ihren Bedarf zugeschnitten.<\/p>\n                <\/div>\n                    <\/div>\n                    <\/div>\n\n\n<div id=\"nutzen\" class=\"content-row anchortarget trans anchortarget\">\n    <h3 class=\"editorInfo\">#nutzen<\/h3>\n<\/div>\n\n    <div id=\"textboxgrid-block_67d8e82ce15b55f64e8122d2ac9e2b50\" class=\"content-row content-row-textboxgrid  bg-base textboxgrid  \">\n        <div class=\"contentPart-inner\">\n            <div class=\"contentPart-left\">\n                <div>\n                    <div class=\"contentPart-text\">\n                        <h2 class=\"content-row-headline trans\">\n                            Ihr Nutzen                         <\/h2>\n                    <\/div>\n\n                                    <\/div>\n\n                <div>\n                                                        <\/div>\n            <\/div>\n\n            <div class=\"textboxgrid-wrapper\">\n                                    <div class=\"textboxgrid-colum textboxgrid-colum-l width-50\">\n                                                    <div class=\"textboxgrid-item trans\">\n                                <div class=\"textboxgrid-item-titel\">\n                                    <h2>\n                                                                            <\/h2>\n                                <\/div>\n                                <div class=\"textboxgrid-item-content textInput\">\n                                    <ul class=\"ak-ul\" data-prosemirror-content-type=\"node\" data-prosemirror-node-name=\"bulletList\" data-prosemirror-node-block=\"true\" data-pm-slice=\"3 3 []\">\n<li data-prosemirror-content-type=\"node\" data-prosemirror-node-name=\"listItem\" data-prosemirror-node-block=\"true\">\n<p data-prosemirror-content-type=\"node\" data-prosemirror-node-name=\"paragraph\" data-prosemirror-node-block=\"true\">L\u00f6sungen, die sich in Ihre <strong>bestehende IT-Architektur<\/strong> einf\u00fcgen<\/p>\n<\/li>\n<li data-prosemirror-content-type=\"node\" data-prosemirror-node-name=\"listItem\" data-prosemirror-node-block=\"true\">\n<p data-prosemirror-content-type=\"node\" data-prosemirror-node-name=\"paragraph\" data-prosemirror-node-block=\"true\">Volle Flexibilit\u00e4t und <strong>Anpassbarkeit<\/strong><\/p>\n<\/li>\n<li data-prosemirror-content-type=\"node\" data-prosemirror-node-name=\"listItem\" data-prosemirror-node-block=\"true\">\n<p data-prosemirror-content-type=\"node\" data-prosemirror-node-name=\"paragraph\" data-prosemirror-node-block=\"true\"><strong>Pers\u00f6nliche<\/strong> Betreuung durch unsere SAP- und Technologie-Expert:innen<\/p>\n<\/li>\n<\/ul>\n                                <\/div>\n                            <\/div>\n                                            <\/div>\n                                                    <div class=\"textboxgrid-colum textboxgrid-colum-r width-50\">\n                                                    <div class=\"textboxgrid-item trans\">\n                                <div class=\"textboxgrid-item-titel\">\n                                    <h2>\n                                                                            <\/h2>\n                                <\/div>\n                                <div class=\"textboxgrid-item-content textInput\">\n                                                                    <\/div>\n                            <\/div>\n                                            <\/div>\n                            <\/div>\n        <\/div>\n                    <\/div>\n\n\n<div id=\"kontakt\" class=\"content-row anchortarget trans anchortarget\">\n    <h3 class=\"editorInfo\">#kontakt<\/h3>\n<\/div>\n\n    <div id=\"imagetext_textvariation-block_777a5d0284e6574a16e76ff14ba438d7\" class=\"content-row content-row-textvariation bg-base    textvariation\">\n        <div class=\"contentPart-inner\">\n            <div class=\"contentPart-text\">\n                                    <h2 class=\"text-blue content-row-headline trans\">\n                        Lassen Sie uns gemeinsam Ihre Idee in die Realit\u00e4t umsetzen!                    <\/h2>\n                                            <\/div>\n                                <\/div>\n                    <\/div>\n\n\n    <div id=\"textimage-block_e4061c5985d66fa2978d7e95b4a71e17\" class=\"content-row content-row-textimage background_blue  textimage\">\n        <div class=\"contentPart-inner\">\n            <div class=\"contentPart-text width-50\">\n                <h2 class=\"trans text-blue \">\n                                            Ihr Ansprechpartner                                                                <span class=\"headline_white\">Christian Gebert \u00b7 Director Digitalization<\/span>\n                                    <\/h2>\n                <div class=\"textInput trans\">\n                                            <p>Rheinwaldstra\u00dfe 38<br \/>\n78628 Rottweil<\/p>\n<p>Tel.: 0741 17 44 16 600<br \/>\nE-Mail: service.DE-ROT@orise.com<\/p>\n                                    <\/div>\n                                    <div class=\"btnrow btnrow-light bold trans\"><a href=\"https:\/\/orise.com\/de\/sap\/\" class=\"animateAll\">Zur\u00fcck zum SAP Solutions Hub<\/a><\/div>\n                                            <\/div>\n            <div class=\"contentPart-image width-50 trans \">\n                                                    <img decoding=\"async\" src=\"https:\/\/orise.com\/wp-content\/uploads\/sites\/71\/2025\/01\/Christian_Gebert.jpg?w=1024\" alt=\"\" class=\"textbildimg\">\n                            <\/div>\n        <\/div>\n    <\/div>\n\n\n    <div id=\"contactform-block_f7b764f7e031b7957d6e284d16a2b903\" class=\"content-row content-row-contactform  background_darken contactform\">\n        <div class=\"contentPart-inner\">\n\n            <div class=\"contentPart-text width-100\">\n                                    <h2 class=\"text-blue content-row-headline trans\">\n                        Jetzt Kontakt aufnehmen                    <\/h2>\n                            <\/div>\n\n            <div class=\"contactform-wrapper trans\">\n                                    <iframe src=\"https:\/\/go.atsautomation.com\/l\/651873\/2025-06-04\/h7yqym\" class=\"form-iframe form-iframe-contactform\" data-cookieconsent=\"marketing\"><\/iframe>\n                            <\/div>\n\n        <\/div>\n    <\/div>\n","protected":false},"excerpt":{"rendered":"","protected":false},"author":459,"featured_media":0,"parent":22132,"menu_order":0,"comment_status":"closed","ping_status":"closed","template":"","meta":{"_acf_changed":false,"_cr_original_post":"15653","_cr_replace_post_id":"","_cr_replacing_post_id":"","footnotes":""},"class_list":["post-15662","page","type-page","status-publish","hentry"],"yoast_head":"<!-- This site is optimized with the Yoast SEO Premium plugin v26.8 (Yoast SEO v26.8) - https:\/\/yoast.com\/product\/yoast-seo-premium-wordpress\/ -->\n<title>Individual Consulting | Orise<\/title>\n<meta name=\"description\" content=\"Ma\u00dfgeschneiderte SAP-L\u00f6sungen: Mit unserem Individual Consulting entwickeln wir gemeinsam mit Ihnen passgenaue Funktionen und Erweiterungen.\" \/>\n<meta name=\"robots\" content=\"index, follow, max-snippet:-1, max-image-preview:large, max-video-preview:-1\" \/>\n<link rel=\"canonical\" href=\"https:\/\/orise.com\/de\/sap\/individual-consulting\/\" \/>\n<meta property=\"og:locale\" content=\"de_DE\" \/>\n<meta property=\"og:type\" content=\"article\" \/>\n<meta property=\"og:title\" content=\"Individual Consulting\" \/>\n<meta property=\"og:description\" content=\"Ma\u00dfgeschneiderte SAP-L\u00f6sungen: Mit unserem Individual Consulting entwickeln wir gemeinsam mit Ihnen passgenaue Funktionen und Erweiterungen.\" \/>\n<meta property=\"og:url\" content=\"https:\/\/orise.com\/de\/sap\/individual-consulting\/\" \/>\n<meta property=\"og:site_name\" content=\"Orise\" \/>\n<meta property=\"article:modified_time\" content=\"2025-08-07T07:18:53+00:00\" \/>\n<meta name=\"twitter:card\" content=\"summary_large_image\" \/>\n<script type=\"application\/ld+json\" class=\"yoast-schema-graph\">{\"@context\":\"https:\/\/schema.org\",\"@graph\":[{\"@type\":\"WebPage\",\"@id\":\"https:\/\/orise.com\/de\/sap\/individual-consulting\/\",\"url\":\"https:\/\/orise.com\/de\/sap\/individual-consulting\/\",\"name\":\"Individual Consulting | Orise\",\"isPartOf\":{\"@id\":\"https:\/\/orise.com\/de\/#website\"},\"datePublished\":\"2025-01-03T21:15:09+00:00\",\"dateModified\":\"2025-08-07T07:18:53+00:00\",\"description\":\"Ma\u00dfgeschneiderte SAP-L\u00f6sungen: Mit unserem Individual Consulting entwickeln wir gemeinsam mit Ihnen passgenaue Funktionen und Erweiterungen.\",\"breadcrumb\":{\"@id\":\"https:\/\/orise.com\/de\/sap\/individual-consulting\/#breadcrumb\"},\"inLanguage\":\"de-DE\",\"potentialAction\":[{\"@type\":\"ReadAction\",\"target\":[\"https:\/\/orise.com\/de\/sap\/individual-consulting\/\"]}]},{\"@type\":\"BreadcrumbList\",\"@id\":\"https:\/\/orise.com\/de\/sap\/individual-consulting\/#breadcrumb\",\"itemListElement\":[{\"@type\":\"ListItem\",\"position\":1,\"name\":\"Home\",\"item\":\"https:\/\/orise.com\/de\/\"},{\"@type\":\"ListItem\",\"position\":2,\"name\":\"SAP\",\"item\":\"https:\/\/orise.com\/de\/sap\/\"},{\"@type\":\"ListItem\",\"position\":3,\"name\":\"Individual Consulting\"}]},{\"@type\":\"WebSite\",\"@id\":\"https:\/\/orise.com\/de\/#website\",\"url\":\"https:\/\/orise.com\/de\/\",\"name\":\"Orise\",\"description\":\"Unlock your full potential.\",\"publisher\":{\"@id\":\"https:\/\/orise.com\/de\/#organization\"},\"potentialAction\":[{\"@type\":\"SearchAction\",\"target\":{\"@type\":\"EntryPoint\",\"urlTemplate\":\"https:\/\/orise.com\/de\/?s={search_term_string}\"},\"query-input\":{\"@type\":\"PropertyValueSpecification\",\"valueRequired\":true,\"valueName\":\"search_term_string\"}}],\"inLanguage\":\"de-DE\"},{\"@type\":\"Organization\",\"@id\":\"https:\/\/orise.com\/de\/#organization\",\"name\":\"Orise\",\"url\":\"https:\/\/orise.com\/de\/\",\"logo\":{\"@type\":\"ImageObject\",\"inLanguage\":\"de-DE\",\"@id\":\"https:\/\/orise.com\/de\/#\/schema\/logo\/image\/\",\"url\":\"https:\/\/orise.com\/wp-content\/uploads\/sites\/71\/2025\/04\/cropped-Orise-Circle-Icon-Website-V1-1.png\",\"contentUrl\":\"https:\/\/orise.com\/wp-content\/uploads\/sites\/71\/2025\/04\/cropped-Orise-Circle-Icon-Website-V1-1.png\",\"width\":512,\"height\":512,\"caption\":\"Orise\"},\"image\":{\"@id\":\"https:\/\/orise.com\/de\/#\/schema\/logo\/image\/\"}}]}<\/script>\n<!-- \/ Yoast SEO Premium plugin. -->","yoast_head_json":{"title":"Individual Consulting | Orise","description":"Ma\u00dfgeschneiderte SAP-L\u00f6sungen: Mit unserem Individual Consulting entwickeln wir gemeinsam mit Ihnen passgenaue Funktionen und Erweiterungen.","robots":{"index":"index","follow":"follow","max-snippet":"max-snippet:-1","max-image-preview":"max-image-preview:large","max-video-preview":"max-video-preview:-1"},"canonical":"https:\/\/orise.com\/de\/sap\/individual-consulting\/","og_locale":"de_DE","og_type":"article","og_title":"Individual Consulting","og_description":"Ma\u00dfgeschneiderte SAP-L\u00f6sungen: Mit unserem Individual Consulting entwickeln wir gemeinsam mit Ihnen passgenaue Funktionen und Erweiterungen.","og_url":"https:\/\/orise.com\/de\/sap\/individual-consulting\/","og_site_name":"Orise","article_modified_time":"2025-08-07T07:18:53+00:00","twitter_card":"summary_large_image","schema":{"@context":"https:\/\/schema.org","@graph":[{"@type":"WebPage","@id":"https:\/\/orise.com\/de\/sap\/individual-consulting\/","url":"https:\/\/orise.com\/de\/sap\/individual-consulting\/","name":"Individual Consulting | Orise","isPartOf":{"@id":"https:\/\/orise.com\/de\/#website"},"datePublished":"2025-01-03T21:15:09+00:00","dateModified":"2025-08-07T07:18:53+00:00","description":"Ma\u00dfgeschneiderte SAP-L\u00f6sungen: Mit unserem Individual Consulting entwickeln wir gemeinsam mit Ihnen passgenaue Funktionen und Erweiterungen.","breadcrumb":{"@id":"https:\/\/orise.com\/de\/sap\/individual-consulting\/#breadcrumb"},"inLanguage":"de-DE","potentialAction":[{"@type":"ReadAction","target":["https:\/\/orise.com\/de\/sap\/individual-consulting\/"]}]},{"@type":"BreadcrumbList","@id":"https:\/\/orise.com\/de\/sap\/individual-consulting\/#breadcrumb","itemListElement":[{"@type":"ListItem","position":1,"name":"Home","item":"https:\/\/orise.com\/de\/"},{"@type":"ListItem","position":2,"name":"SAP","item":"https:\/\/orise.com\/de\/sap\/"},{"@type":"ListItem","position":3,"name":"Individual Consulting"}]},{"@type":"WebSite","@id":"https:\/\/orise.com\/de\/#website","url":"https:\/\/orise.com\/de\/","name":"Orise","description":"Unlock your full potential.","publisher":{"@id":"https:\/\/orise.com\/de\/#organization"},"potentialAction":[{"@type":"SearchAction","target":{"@type":"EntryPoint","urlTemplate":"https:\/\/orise.com\/de\/?s={search_term_string}"},"query-input":{"@type":"PropertyValueSpecification","valueRequired":true,"valueName":"search_term_string"}}],"inLanguage":"de-DE"},{"@type":"Organization","@id":"https:\/\/orise.com\/de\/#organization","name":"Orise","url":"https:\/\/orise.com\/de\/","logo":{"@type":"ImageObject","inLanguage":"de-DE","@id":"https:\/\/orise.com\/de\/#\/schema\/logo\/image\/","url":"https:\/\/orise.com\/wp-content\/uploads\/sites\/71\/2025\/04\/cropped-Orise-Circle-Icon-Website-V1-1.png","contentUrl":"https:\/\/orise.com\/wp-content\/uploads\/sites\/71\/2025\/04\/cropped-Orise-Circle-Icon-Website-V1-1.png","width":512,"height":512,"caption":"Orise"},"image":{"@id":"https:\/\/orise.com\/de\/#\/schema\/logo\/image\/"}}]}},"acf":[],"_links":{"self":[{"href":"https:\/\/orise.com\/de\/wp-json\/wp\/v2\/pages\/15662","targetHints":{"allow":["GET"]}}],"collection":[{"href":"https:\/\/orise.com\/de\/wp-json\/wp\/v2\/pages"}],"about":[{"href":"https:\/\/orise.com\/de\/wp-json\/wp\/v2\/types\/page"}],"author":[{"embeddable":true,"href":"https:\/\/orise.com\/de\/wp-json\/wp\/v2\/users\/459"}],"replies":[{"embeddable":true,"href":"https:\/\/orise.com\/de\/wp-json\/wp\/v2\/comments?post=15662"}],"version-history":[{"count":9,"href":"https:\/\/orise.com\/de\/wp-json\/wp\/v2\/pages\/15662\/revisions"}],"predecessor-version":[{"id":29429,"href":"https:\/\/orise.com\/de\/wp-json\/wp\/v2\/pages\/15662\/revisions\/29429"}],"up":[{"embeddable":true,"href":"https:\/\/orise.com\/de\/wp-json\/wp\/v2\/pages\/22132"}],"wp:attachment":[{"href":"https:\/\/orise.com\/de\/wp-json\/wp\/v2\/media?parent=15662"}],"curies":[{"name":"wp","href":"https:\/\/api.w.org\/{rel}","templated":true}]}}