{"id":16588,"date":"2025-01-22T06:13:19","date_gmt":"2025-01-22T06:13:19","guid":{"rendered":"https:\/\/orise.com\/?page_id=16588"},"modified":"2025-01-22T06:13:21","modified_gmt":"2025-01-22T06:13:21","slug":"projekt-und-transformationsmanagement","status":"publish","type":"page","link":"https:\/\/orise.com\/de\/partner\/our-partners-blsg\/projekt-und-transformationsmanagement\/","title":{"rendered":"Projekt- und Transformationsmanagement"},"content":{"rendered":"<div id=\"pageheader-block_956324ef18b671e437e806b73e5bae9a\" class=\"content-row content-row-pageheader  pageheader\">\n        <div class=\"contentPart-fixed\">\n        <div class=\"contentPart-inner\">\n            <div class=\"contentPart-text width-100\">\n                <h1>\n                                        Projekt- und Transformationsmanagement                                    <\/h1>\n                <h2 class=\"trans\">\n                                    <\/h2>\n                                            <\/div>\n        <\/div>\n    <\/div>\n    <div class=\"slidedown-button editor-hide\">\n        <span class=\"slidedown-label\">Mehr erfahren<\/span>\n        <img decoding=\"async\" src=\"https:\/\/orise.com\/wp-content\/themes\/ats-orise\/img\/doubble-arrow-down.svg\" alt=\"\"\n            class=\"slidedown-icon\">\n    <\/div>\n<\/div>\n\n\n\n    <div id=\"image_banner-block_d36faf1976d4579a488fd1610e6a5abc\" class=\"content-row content-row-imagebanner trans  image_banner test\">\n                                                <img decoding=\"async\" src=\"https:\/\/orise.com\/wp-content\/uploads\/sites\/71\/2025\/01\/hero_projekte_desktop.jpg?w=1920&#038;h=0&#038;crop=1\" alt=\"\" class=\"fullscreen\">\n            <\/div>\n\n\n\n    <div id=\"tabs-block_eaab336ed6cf9c9645ac564e79e9927d\" class=\"content-row content-row-tabs  tabs\">\n        <div class=\"contentPart-inner\">\n            <div class=\"contentPart-text width-100\">\n                                    <h2 class=\"text-blue content-row-headline trans\">\n                        Aktuelle Projekte                    <\/h2>\n                                            <\/div>\n                            <div class=\"tabs-wrapper trans\">\n                                            <div class=\"tab-item animateAll\">\n                            <div class=\"tab-titel\">\n                                Einf\u00fchrung von SAP S\/4 Hana zur Fertigung von Elektrofahrzeugen und Batterien                            <\/div>\n                            <div class=\"tab-content\">\n                                <div class=\"tab-text\">\n                                    <p>Der Wandel des Antriebsstrangs von Verbrennungsmotor hin zum batteriebetriebenen Elektromotor stellt die Automobilindustrie vor gro\u00dfe Herausforderungen. Im Zuge dessen entstehen zahlreiche neue Produktionsstandorte zur Fertigung von E-Fahrzeugen.<\/p>\n<p>Eine richtungsweisende Entscheidung ist in diesem Zusammenhang die Fach- und Systembebauung eines solchen, neuen Standortes. Zur Identifikation des optimalen Systems hat BLSG einen deutschen premium OEM bei der Auswahl des ERP-Systems f\u00fcr Produktion &amp; Logistik betreut. Neben FIT\/GAP Analysen anhand Masterprozess-Listen wurden in diesem Zuge verschiedene Szenarien bewertet und anhand von bestimmten Kriterien (z.B. Kosten, Ressourcen, Chancen, Risiken, etc.) verglichen.<\/p>\n<p>Das finale, technisch umsetzbare und den Anforderungen entsprechende Szenario basiert auf SAP S4 Hana. Der Genehmigungsprozess f\u00fcr das Budget sowie die erforderlichen Ressourcen wurden von BLSG durch verschiedene Gremien bis auf Vorstandsebene begleitet.<\/p>\n                                                                                                        <\/div>\n                            <\/div>\n                        <\/div>\n                                            <div class=\"tab-item animateAll\">\n                            <div class=\"tab-titel\">\n                                Lean Implementierung im Sondermaschinenbau                            <\/div>\n                            <div class=\"tab-content\">\n                                <div class=\"tab-text\">\n                                    <p>Was tun, wenn in einer Organisation an vielen Stellen Optimierungsbedarf erkennbar ist?<\/p>\n<p>Eine gute Option ist ein umfassendes Lean Assessment von BLSG, um Defizite transparent zu machen und gezielte Verbesserungsinitiativen auf den Weg zu bringen: Wir betrachten alle Bereiche, von F\u00fchrungskultur (Lean Leadership &amp; Culture) \u00fcber Lean Processes (Lean Shopfloor und Lean Administration) und Kundenorientierung bis hin zur schlanken Organisation. Dazu f\u00fchren wir Interviews auf allen Hierarchieebenen, erarbeiten Schwachstellen mit den Prozessexperten und ermitteln und interpretieren relevante Kennzahlen.<\/p>\n<p>Bei einem Sondermaschinenbauer offenbarten sich im Assessment wichtige Handlungsfelder bei den Projektmanagementstandards, in der mangelnden Transparenz \u00fcber Termine und weitere Performance KPI sowie in einer fehlenden Fehler- und Verbesserungskultur. In einem mehrmonatigem Optimierungsprojekt konnten wir gemeinsam mit den Mitarbeitenden der Organisation nicht nur die gr\u00f6\u00dften operativen Probleme l\u00f6sen, sondern damit auch einen positiven Wandel in der Stimmung und der Kultur der Zusammenarbeit erreichen.<\/p>\n                                                                                                        <\/div>\n                            <\/div>\n                        <\/div>\n                                            <div class=\"tab-item animateAll\">\n                            <div class=\"tab-titel\">\n                                Mit agilem Projektmanagement zum OEE Ziel                            <\/div>\n                            <div class=\"tab-content\">\n                                <div class=\"tab-text\">\n                                    <p>Wann eignet sich agiles Projektmanagement besonders gut?<\/p>\n<p>Wenn das Ziel klar, der Weg dorthin aber unklar ist!<\/p>\n<p>Und: wenn viele unterschiedliche Fachfunktionen zur Zielerreichung ben\u00f6tigt werden!<\/p>\n<p>Ein gro\u00dfes Werk eines Automobilzulieferers hat h\u00e4ufig solche Herausforderungen \u2013 wenn zum Beispiel Performance KPI wie die OEE (Overall Equipment Efficiency) nicht im Soll liegen. Dann hilft ein iteratives Vorgehen wie Scrum einem interdisziplin\u00e4ren Team, den Fokus beizubehalten und Schritt f\u00fcr Schritt ergebniswirksam an der L\u00f6sung der Herausforderung zu arbeiten.<\/p>\n<p>Aber nicht immer hat eine Organisation die erforderliche Erfahrung. BLSG liefert f\u00fcr solche F\u00e4lle die ideale Anlaufhilfe: von der initialen Qualifizierung des Projektteams und der \u00dcberzeugung wichtiger Stakeholder, \u00fcber das Projektsetup bis zur Begleitung des Projekts in der Rolle des Scrum Masters. Ganz \u201enebenbei\u201c bringen die BLSG Berater nat\u00fcrlich auch ihre Expertise im Operationsumfeld ein und helfen so dem Team bei der Herausforderung.<\/p>\n<p>Ergebnis ist nicht nur eine nachhaltige L\u00f6sung des Problems, sondern auch die gewonnene Erfahrung mit dem agilen Vorgehen \u2013 das k\u00fcnftig bei neuen Herausforderungen auch ohne externe Unterst\u00fctzung zum Einsatz kommen kann!<\/p>\n                                                                                                        <\/div>\n                            <\/div>\n                        <\/div>\n                                            <div class=\"tab-item animateAll\">\n                            <div class=\"tab-titel\">\n                                Agiles Projektmanagement zur Optimierung der Liefer-Performance                            <\/div>\n                            <div class=\"tab-content\">\n                                <div class=\"tab-text\">\n                                    <p>Extreme Variantenvielfalt, hohe Schwankungen bei den Kundenbestellungen \u2013 wie lassen sich trotzdem kurze Lieferzeiten bei bester Lieferperformance einhalten, um auch weiterhin hoch wettbewerbsf\u00e4hig zu bleiben? Vor dieser Frage stand unser Kunde aus der Medizintechnikbranche.<\/p>\n                                                                                                        <\/div>\n                            <\/div>\n                        <\/div>\n                                            <div class=\"tab-item animateAll\">\n                            <div class=\"tab-titel\">\n                                Agiles Projektmanagement zur Konzeption einer voll automatisierten Sitzstruktur-Endmontage bei einem Automobilzulieferer                            <\/div>\n                            <div class=\"tab-content\">\n                                <div class=\"tab-text\">\n                                    <p>Schnellere und bessere Ergebnisse in interdisziplin\u00e4ren Planungsteams erhoffen sich Unternehmen heute zu Recht von agilem Projektmanagement. Doch gerade im automobilen Bereich m\u00fcssen solche Ans\u00e4tze in ein klassisches Projektmanagement-Setting integriert werden. Die Berater von BLSG helfen beim Design eines solchen hybriden Ansatzes, der \u2013 klug gew\u00e4hlt \u2013 die Vorteile aus beiden Welten ziehen kann.<\/p>\n                                                                                                        <\/div>\n                            <\/div>\n                        <\/div>\n                                    <\/div>\n                    <\/div>\n    <\/div>\n","protected":false},"excerpt":{"rendered":"","protected":false},"author":465,"featured_media":0,"parent":16571,"menu_order":0,"comment_status":"closed","ping_status":"closed","template":"","meta":{"_acf_changed":false,"_cr_original_post":"","_cr_replace_post_id":"","_cr_replacing_post_id":"","footnotes":""},"class_list":["post-16588","page","type-page","status-publish","hentry"],"yoast_head":"<!-- This site is optimized with the Yoast SEO Premium plugin v26.8 (Yoast SEO v26.8) - https:\/\/yoast.com\/product\/yoast-seo-premium-wordpress\/ -->\n<title>Projekt- und Transformationsmanagement | Orise<\/title>\n<meta name=\"robots\" content=\"index, follow, max-snippet:-1, max-image-preview:large, max-video-preview:-1\" \/>\n<link rel=\"canonical\" href=\"https:\/\/orise.com\/de\/partner\/our-partners-blsg\/projekt-und-transformationsmanagement\/\" \/>\n<meta property=\"og:locale\" content=\"de_DE\" \/>\n<meta property=\"og:type\" content=\"article\" \/>\n<meta property=\"og:title\" content=\"Projekt- und Transformationsmanagement\" \/>\n<meta property=\"og:url\" content=\"https:\/\/orise.com\/de\/partner\/our-partners-blsg\/projekt-und-transformationsmanagement\/\" \/>\n<meta property=\"og:site_name\" content=\"Orise\" \/>\n<meta property=\"article:modified_time\" content=\"2025-01-22T06:13:21+00:00\" \/>\n<meta name=\"twitter:card\" content=\"summary_large_image\" \/>\n<script type=\"application\/ld+json\" class=\"yoast-schema-graph\">{\"@context\":\"https:\/\/schema.org\",\"@graph\":[{\"@type\":\"WebPage\",\"@id\":\"https:\/\/orise.com\/de\/partner\/our-partners-blsg\/projekt-und-transformationsmanagement\/\",\"url\":\"https:\/\/orise.com\/de\/partner\/our-partners-blsg\/projekt-und-transformationsmanagement\/\",\"name\":\"Projekt- und Transformationsmanagement | Orise\",\"isPartOf\":{\"@id\":\"https:\/\/orise.com\/de\/#website\"},\"datePublished\":\"2025-01-22T06:13:19+00:00\",\"dateModified\":\"2025-01-22T06:13:21+00:00\",\"breadcrumb\":{\"@id\":\"https:\/\/orise.com\/de\/partner\/our-partners-blsg\/projekt-und-transformationsmanagement\/#breadcrumb\"},\"inLanguage\":\"de-DE\",\"potentialAction\":[{\"@type\":\"ReadAction\",\"target\":[\"https:\/\/orise.com\/de\/partner\/our-partners-blsg\/projekt-und-transformationsmanagement\/\"]}]},{\"@type\":\"BreadcrumbList\",\"@id\":\"https:\/\/orise.com\/de\/partner\/our-partners-blsg\/projekt-und-transformationsmanagement\/#breadcrumb\",\"itemListElement\":[{\"@type\":\"ListItem\",\"position\":1,\"name\":\"Home\",\"item\":\"https:\/\/orise.com\/de\/\"},{\"@type\":\"ListItem\",\"position\":2,\"name\":\"Unsere Partners\",\"item\":\"https:\/\/orise.com\/de\/partner\/\"},{\"@type\":\"ListItem\",\"position\":3,\"name\":\"Our Partners BLSG\",\"item\":\"https:\/\/orise.com\/de\/partner\/our-partners-blsg\/\"},{\"@type\":\"ListItem\",\"position\":4,\"name\":\"Projekt- und Transformationsmanagement\"}]},{\"@type\":\"WebSite\",\"@id\":\"https:\/\/orise.com\/de\/#website\",\"url\":\"https:\/\/orise.com\/de\/\",\"name\":\"Orise\",\"description\":\"Unlock your full potential.\",\"publisher\":{\"@id\":\"https:\/\/orise.com\/de\/#organization\"},\"potentialAction\":[{\"@type\":\"SearchAction\",\"target\":{\"@type\":\"EntryPoint\",\"urlTemplate\":\"https:\/\/orise.com\/de\/?s={search_term_string}\"},\"query-input\":{\"@type\":\"PropertyValueSpecification\",\"valueRequired\":true,\"valueName\":\"search_term_string\"}}],\"inLanguage\":\"de-DE\"},{\"@type\":\"Organization\",\"@id\":\"https:\/\/orise.com\/de\/#organization\",\"name\":\"Orise\",\"url\":\"https:\/\/orise.com\/de\/\",\"logo\":{\"@type\":\"ImageObject\",\"inLanguage\":\"de-DE\",\"@id\":\"https:\/\/orise.com\/de\/#\/schema\/logo\/image\/\",\"url\":\"https:\/\/orise.com\/wp-content\/uploads\/sites\/71\/2025\/04\/cropped-Orise-Circle-Icon-Website-V1-1.png\",\"contentUrl\":\"https:\/\/orise.com\/wp-content\/uploads\/sites\/71\/2025\/04\/cropped-Orise-Circle-Icon-Website-V1-1.png\",\"width\":512,\"height\":512,\"caption\":\"Orise\"},\"image\":{\"@id\":\"https:\/\/orise.com\/de\/#\/schema\/logo\/image\/\"}}]}<\/script>\n<!-- \/ Yoast SEO Premium plugin. -->","yoast_head_json":{"title":"Projekt- und Transformationsmanagement | Orise","robots":{"index":"index","follow":"follow","max-snippet":"max-snippet:-1","max-image-preview":"max-image-preview:large","max-video-preview":"max-video-preview:-1"},"canonical":"https:\/\/orise.com\/de\/partner\/our-partners-blsg\/projekt-und-transformationsmanagement\/","og_locale":"de_DE","og_type":"article","og_title":"Projekt- und Transformationsmanagement","og_url":"https:\/\/orise.com\/de\/partner\/our-partners-blsg\/projekt-und-transformationsmanagement\/","og_site_name":"Orise","article_modified_time":"2025-01-22T06:13:21+00:00","twitter_card":"summary_large_image","schema":{"@context":"https:\/\/schema.org","@graph":[{"@type":"WebPage","@id":"https:\/\/orise.com\/de\/partner\/our-partners-blsg\/projekt-und-transformationsmanagement\/","url":"https:\/\/orise.com\/de\/partner\/our-partners-blsg\/projekt-und-transformationsmanagement\/","name":"Projekt- und Transformationsmanagement | Orise","isPartOf":{"@id":"https:\/\/orise.com\/de\/#website"},"datePublished":"2025-01-22T06:13:19+00:00","dateModified":"2025-01-22T06:13:21+00:00","breadcrumb":{"@id":"https:\/\/orise.com\/de\/partner\/our-partners-blsg\/projekt-und-transformationsmanagement\/#breadcrumb"},"inLanguage":"de-DE","potentialAction":[{"@type":"ReadAction","target":["https:\/\/orise.com\/de\/partner\/our-partners-blsg\/projekt-und-transformationsmanagement\/"]}]},{"@type":"BreadcrumbList","@id":"https:\/\/orise.com\/de\/partner\/our-partners-blsg\/projekt-und-transformationsmanagement\/#breadcrumb","itemListElement":[{"@type":"ListItem","position":1,"name":"Home","item":"https:\/\/orise.com\/de\/"},{"@type":"ListItem","position":2,"name":"Unsere Partners","item":"https:\/\/orise.com\/de\/partner\/"},{"@type":"ListItem","position":3,"name":"Our Partners BLSG","item":"https:\/\/orise.com\/de\/partner\/our-partners-blsg\/"},{"@type":"ListItem","position":4,"name":"Projekt- und Transformationsmanagement"}]},{"@type":"WebSite","@id":"https:\/\/orise.com\/de\/#website","url":"https:\/\/orise.com\/de\/","name":"Orise","description":"Unlock your full potential.","publisher":{"@id":"https:\/\/orise.com\/de\/#organization"},"potentialAction":[{"@type":"SearchAction","target":{"@type":"EntryPoint","urlTemplate":"https:\/\/orise.com\/de\/?s={search_term_string}"},"query-input":{"@type":"PropertyValueSpecification","valueRequired":true,"valueName":"search_term_string"}}],"inLanguage":"de-DE"},{"@type":"Organization","@id":"https:\/\/orise.com\/de\/#organization","name":"Orise","url":"https:\/\/orise.com\/de\/","logo":{"@type":"ImageObject","inLanguage":"de-DE","@id":"https:\/\/orise.com\/de\/#\/schema\/logo\/image\/","url":"https:\/\/orise.com\/wp-content\/uploads\/sites\/71\/2025\/04\/cropped-Orise-Circle-Icon-Website-V1-1.png","contentUrl":"https:\/\/orise.com\/wp-content\/uploads\/sites\/71\/2025\/04\/cropped-Orise-Circle-Icon-Website-V1-1.png","width":512,"height":512,"caption":"Orise"},"image":{"@id":"https:\/\/orise.com\/de\/#\/schema\/logo\/image\/"}}]}},"acf":[],"_links":{"self":[{"href":"https:\/\/orise.com\/de\/wp-json\/wp\/v2\/pages\/16588","targetHints":{"allow":["GET"]}}],"collection":[{"href":"https:\/\/orise.com\/de\/wp-json\/wp\/v2\/pages"}],"about":[{"href":"https:\/\/orise.com\/de\/wp-json\/wp\/v2\/types\/page"}],"author":[{"embeddable":true,"href":"https:\/\/orise.com\/de\/wp-json\/wp\/v2\/users\/465"}],"replies":[{"embeddable":true,"href":"https:\/\/orise.com\/de\/wp-json\/wp\/v2\/comments?post=16588"}],"version-history":[{"count":2,"href":"https:\/\/orise.com\/de\/wp-json\/wp\/v2\/pages\/16588\/revisions"}],"predecessor-version":[{"id":16590,"href":"https:\/\/orise.com\/de\/wp-json\/wp\/v2\/pages\/16588\/revisions\/16590"}],"up":[{"embeddable":true,"href":"https:\/\/orise.com\/de\/wp-json\/wp\/v2\/pages\/16571"}],"wp:attachment":[{"href":"https:\/\/orise.com\/de\/wp-json\/wp\/v2\/media?parent=16588"}],"curies":[{"name":"wp","href":"https:\/\/api.w.org\/{rel}","templated":true}]}}