{"id":18941,"date":"2025-02-26T15:21:32","date_gmt":"2025-02-26T15:21:32","guid":{"rendered":"https:\/\/orise.com\/?page_id=18941"},"modified":"2025-10-31T07:54:22","modified_gmt":"2025-10-31T07:54:22","slug":"r-r-hybrid-cloud","status":"publish","type":"page","link":"https:\/\/orise.com\/de\/sap\/r-r-hybrid-cloud\/","title":{"rendered":"Roles and Responsibilities Orise Digital GmbH"},"content":{"rendered":"<div id=\"pageheader-block_0af4244612b616cc70907e1bd49f5135\" class=\"content-row content-row-pageheader \t\tcontent-row-pageheader-anchor   pageheader\">\n        <div class=\"contentPart-fixed\">\n        <div class=\"contentPart-inner\">\n            <div class=\"contentPart-text width-100\">\n                <h1>\n                                        Roles and Responsibilities                                    <\/h1>\n                <h2 class=\"trans\">\n                                    <\/h2>\n                                                <div class=\"anchor_links-wrapper trans\">\n                                        <div class=\"anchor_link-item trans\">\n                        <div class=\"anchor_link-item-inner\">\n                            <a class=\"anchorlink\" data-subtab=\"\"\n                                data-anchor=\"#Downloads\"\n                                href=\"#\">Downloads<\/a>\n                        <\/div>\n                    <\/div>\n                                    <\/div>\n                            <\/div>\n        <\/div>\n    <\/div>\n    <div class=\"slidedown-button editor-hide\">\n        <span class=\"slidedown-label\">Mehr erfahren<\/span>\n        <img decoding=\"async\" src=\"https:\/\/orise.com\/wp-content\/themes\/ats-orise\/img\/doubble-arrow-down.svg\" alt=\"\"\n            class=\"slidedown-icon\">\n    <\/div>\n<\/div>\n\n\n    <div id=\"imagetext_textvariation-block_8225a5ee3421e0737a5b42324faf3fd7\" class=\"content-row content-row-textvariation  background_darken   textvariation\">\n        <div class=\"contentPart-inner\">\n            <div class=\"contentPart-text\">\n                                    <h2 class=\"text-blue content-row-headline trans\">\n                        Gemeinsam zum Erfolg: Transparenz und Partnerschaft                    <\/h2>\n                                                    <div class=\"subline trans\">\n                        In einer erfolgreichen Zusammenarbeit sind klare Verantwortlichkeiten der Schl\u00fcssel. Dieses Dokument ist ein Ausdruck unseres Engagements f\u00fcr Transparenz und Verl\u00e4sslichkeit. Es schafft eine gemeinsame Grundlage, auf der wir innovative L\u00f6sungen entwickeln und partnerschaftlich umsetzen k\u00f6nnen.                    <\/div>\n                            <\/div>\n                                <\/div>\n                    <\/div>\n\n\n    <div id=\"singletext-block_8046de7c860f5a7a246030e82dcf7595\" class=\"content-row content-row-singletext bg-base   singletext\">\n        <div class=\"contentPart-inner\">\n            <div class=\"contentPart-text width-100\">\n                <h2 class=\" content-row-headline trans\">\n                                    <\/h2>\n                <div class=\"contentPart-textbox textInput trans\">\n                    <p>Dieses Dokument beschreibt die Rollen und Verantwortlichkeiten der beteiligten Parteien w\u00e4hrend der Laufzeit eines ADVANCED HYBRID Cloud Vertrags. Es bietet eine detaillierte Grundlage f\u00fcr die Steuerung der potenziellen Dienstleistungen, die im Rahmen des Vertrags erbracht werden k\u00f6nnen. Dabei wird pr\u00e4zise festgelegt, welche Partei \u2013 Orise Digital oder der Kunde \u2013 f\u00fcr die Erbringung bestimmter Dienstleistungen verantwortlich ist, ob diese Dienstleistungen zus\u00e4tzlichen Geb\u00fchren unterliegen und ob hierf\u00fcr eine Vertrags\u00e4nderung erforderlich ist.<br \/>\nDar\u00fcber hinaus werden die Leistungen aufgef\u00fchrt, die nicht von Orise Digital erbracht werden. In diesen F\u00e4llen obliegt es dem Kunden, die entsprechenden Dienstleistungen selbst zu erbringen oder durch einen von ihm beauftragten Dritten durchf\u00fchren zu lassen. Dieses Dokument gew\u00e4hrleistet eine klare und transparente Regelung aller Verantwortlichkeiten und schafft eine solide Grundlage f\u00fcr die Zusammenarbeit w\u00e4hrend der Vertragslaufzeit.<\/p>\n<p>Orise Digital beh\u00e4lt sich das Recht vor, jederzeit \u00c4nderungen an diesem Dokument vorzunehmen. Solche \u00c4nderungen beinhalten niemals die Streichung oder Reduzierung bestehender Dienste oder Leistungen. Die Anpassungen dienen ausschlie\u00dflich der Erweiterung des aktuellen Angebots, wobei sichergestellt wird, dass alle \u00c4nderungen auch f\u00fcr bestehende Kunden gelten.<br \/>\nDieses Dokument ist nicht kundenspezifisch und gilt daher f\u00fcr alle ADVANCED HYBRID Cloud-Vertr\u00e4ge.<\/p>\n                <\/div>\n            <\/div>\n        <\/div>\n    <\/div>\n\n\n<div id=\"downloads\" class=\"content-row anchortarget trans anchortarget\">\n    <h3 class=\"editorInfo\">#downloads<\/h3>\n<\/div>\n\n    <div id=\"accordion-block_85854a26cf9145ab9ccfa8d049c77523\" class=\"content-row content-row-accordion bg-base accordion\">\n                    <div class=\"contentPart-inner\">\n                <div class=\"accordion-wrapper\">\n                                            <div class=\"accordion-item accordion-item-off trans\">\n                            <div class=\"accordion-titel\">\n                                <h2>\n                                                                            Version 6                                                                    <\/h2>\n                                <img decoding=\"async\" src=\"https:\/\/orise.com\/wp-content\/themes\/ats-orise\/img\/icon-plus.svg\" alt=\"\" class=\"accordion-plus\">\n\n                            <\/div>\n                            <div class=\"accordion-content\">\n                                                                <div class=\"contentPart-textbox width-50 textInput full-width\">\n                                    <p>Ver\u00f6ffentlicht am 30.10.2025<\/p>\n\n                                                                                                                <div class=\"btnrow btnrow-light bold trans\"><a href=\"https:\/\/orise.com\/wp-content\/uploads\/sites\/71\/2025\/10\/HYBRID-Cloud-Roles-Responsibilities-rev06.pdf\" target=\"_blank\" class=\"animateAll\">Download<\/a><\/div>\n                                                                    <\/div>\n                                                            <\/div>\n                        <\/div>\n\n                                            <div class=\"accordion-item accordion-item-off trans\">\n                            <div class=\"accordion-titel\">\n                                <h2>\n                                                                            Version 5                                                                    <\/h2>\n                                <img decoding=\"async\" src=\"https:\/\/orise.com\/wp-content\/themes\/ats-orise\/img\/icon-plus.svg\" alt=\"\" class=\"accordion-plus\">\n\n                            <\/div>\n                            <div class=\"accordion-content\">\n                                                                <div class=\"contentPart-textbox width-50 textInput full-width\">\n                                    <p>Ver\u00f6ffentlicht am 15.09.2025<\/p>\n\n                                                                                                                <div class=\"btnrow btnrow-light bold trans\"><a href=\"https:\/\/orise.com\/wp-content\/uploads\/sites\/71\/2025\/10\/HYBRID-Cloud-Roles-Responsibilities-rev05.pdf\" target=\"_blank\" class=\"animateAll\">Download<\/a><\/div>\n                                                                    <\/div>\n                                                            <\/div>\n                        <\/div>\n\n                                            <div class=\"accordion-item accordion-item-off trans\">\n                            <div class=\"accordion-titel\">\n                                <h2>\n                                                                            Version 4                                                                    <\/h2>\n                                <img decoding=\"async\" src=\"https:\/\/orise.com\/wp-content\/themes\/ats-orise\/img\/icon-plus.svg\" alt=\"\" class=\"accordion-plus\">\n\n                            <\/div>\n                            <div class=\"accordion-content\">\n                                                                <div class=\"contentPart-textbox width-50 textInput full-width\">\n                                    <p>Ver\u00f6ffentlicht am 28.04.2025<\/p>\n\n                                                                                                                <div class=\"btnrow btnrow-light bold trans\"><a href=\"https:\/\/orise.com\/wp-content\/uploads\/sites\/71\/2025\/04\/ADVANCED-HYBRID-Cloud-Roles-Responsibilities-rev04.pdf\" target=\"_blank\" class=\"animateAll\">Download<\/a><\/div>\n                                                                    <\/div>\n                                                            <\/div>\n                        <\/div>\n\n                                            <div class=\"accordion-item accordion-item-off trans\">\n                            <div class=\"accordion-titel\">\n                                <h2>\n                                                                            Version 3                                                                    <\/h2>\n                                <img decoding=\"async\" src=\"https:\/\/orise.com\/wp-content\/themes\/ats-orise\/img\/icon-plus.svg\" alt=\"\" class=\"accordion-plus\">\n\n                            <\/div>\n                            <div class=\"accordion-content\">\n                                                                <div class=\"contentPart-textbox width-50 textInput full-width\">\n                                    <p>Ver\u00f6ffentlicht am 21.01.2025<\/p>\n\n                                                                                                                <div class=\"btnrow btnrow-light bold trans\"><a href=\"https:\/\/orise.com\/wp-content\/uploads\/sites\/71\/2025\/02\/ADVANCED_HYBRID_Cloud_Roles___Responsibilities_rev03.pdf\" target=\"_blank\" class=\"animateAll\">Download<\/a><\/div>\n                                                                    <\/div>\n                                                            <\/div>\n                        <\/div>\n\n                                            <div class=\"accordion-item accordion-item-off trans\">\n                            <div class=\"accordion-titel\">\n                                <h2>\n                                                                            Version 2                                                                    <\/h2>\n                                <img decoding=\"async\" src=\"https:\/\/orise.com\/wp-content\/themes\/ats-orise\/img\/icon-plus.svg\" alt=\"\" class=\"accordion-plus\">\n\n                            <\/div>\n                            <div class=\"accordion-content\">\n                                                                <div class=\"contentPart-textbox width-50 textInput full-width\">\n                                    <p>Ver\u00f6ffentlicht am 01.01.2023<\/p>\n\n                                                                                                                <div class=\"btnrow btnrow-light bold trans\"><a href=\"https:\/\/orise.com\/wp-content\/uploads\/sites\/71\/2025\/02\/ADVANCED_HYBRID_Cloud_Roles___Responsibilities_rev02.pdf\" target=\"_blank\" class=\"animateAll\">Download<\/a><\/div>\n                                                                    <\/div>\n                                                            <\/div>\n                        <\/div>\n\n                                    <\/div>\n                        <\/div>\n    <\/div>\n","protected":false},"excerpt":{"rendered":"","protected":false},"author":475,"featured_media":0,"parent":22132,"menu_order":0,"comment_status":"closed","ping_status":"closed","template":"","meta":{"_acf_changed":false,"_cr_original_post":"","_cr_replace_post_id":"","_cr_replacing_post_id":"","footnotes":""},"class_list":["post-18941","page","type-page","status-publish","hentry"],"yoast_head":"<!-- This site is optimized with the Yoast SEO Premium plugin v26.8 (Yoast SEO v26.8) - https:\/\/yoast.com\/product\/yoast-seo-premium-wordpress\/ -->\n<title>Roles and Responsibilities Orise Digital GmbH | Orise<\/title>\n<meta name=\"robots\" content=\"index, follow, max-snippet:-1, max-image-preview:large, max-video-preview:-1\" \/>\n<link rel=\"canonical\" href=\"https:\/\/orise.com\/de\/sap\/r-r-hybrid-cloud\/\" \/>\n<meta property=\"og:locale\" content=\"de_DE\" \/>\n<meta property=\"og:type\" content=\"article\" \/>\n<meta property=\"og:title\" content=\"Roles and Responsibilities Orise Digital GmbH\" \/>\n<meta property=\"og:url\" content=\"https:\/\/orise.com\/de\/sap\/r-r-hybrid-cloud\/\" \/>\n<meta property=\"og:site_name\" content=\"Orise\" \/>\n<meta property=\"article:modified_time\" content=\"2025-10-31T07:54:22+00:00\" \/>\n<meta name=\"twitter:card\" content=\"summary_large_image\" \/>\n<script type=\"application\/ld+json\" class=\"yoast-schema-graph\">{\"@context\":\"https:\/\/schema.org\",\"@graph\":[{\"@type\":\"WebPage\",\"@id\":\"https:\/\/orise.com\/de\/sap\/r-r-hybrid-cloud\/\",\"url\":\"https:\/\/orise.com\/de\/sap\/r-r-hybrid-cloud\/\",\"name\":\"Roles and Responsibilities Orise Digital GmbH | Orise\",\"isPartOf\":{\"@id\":\"https:\/\/orise.com\/de\/#website\"},\"datePublished\":\"2025-02-26T15:21:32+00:00\",\"dateModified\":\"2025-10-31T07:54:22+00:00\",\"breadcrumb\":{\"@id\":\"https:\/\/orise.com\/de\/sap\/r-r-hybrid-cloud\/#breadcrumb\"},\"inLanguage\":\"de-DE\",\"potentialAction\":[{\"@type\":\"ReadAction\",\"target\":[\"https:\/\/orise.com\/de\/sap\/r-r-hybrid-cloud\/\"]}]},{\"@type\":\"BreadcrumbList\",\"@id\":\"https:\/\/orise.com\/de\/sap\/r-r-hybrid-cloud\/#breadcrumb\",\"itemListElement\":[{\"@type\":\"ListItem\",\"position\":1,\"name\":\"Home\",\"item\":\"https:\/\/orise.com\/de\/\"},{\"@type\":\"ListItem\",\"position\":2,\"name\":\"SAP\",\"item\":\"https:\/\/orise.com\/de\/sap\/\"},{\"@type\":\"ListItem\",\"position\":3,\"name\":\"Roles and Responsibilities Orise Digital GmbH\"}]},{\"@type\":\"WebSite\",\"@id\":\"https:\/\/orise.com\/de\/#website\",\"url\":\"https:\/\/orise.com\/de\/\",\"name\":\"Orise\",\"description\":\"Unlock your full potential.\",\"publisher\":{\"@id\":\"https:\/\/orise.com\/de\/#organization\"},\"potentialAction\":[{\"@type\":\"SearchAction\",\"target\":{\"@type\":\"EntryPoint\",\"urlTemplate\":\"https:\/\/orise.com\/de\/?s={search_term_string}\"},\"query-input\":{\"@type\":\"PropertyValueSpecification\",\"valueRequired\":true,\"valueName\":\"search_term_string\"}}],\"inLanguage\":\"de-DE\"},{\"@type\":\"Organization\",\"@id\":\"https:\/\/orise.com\/de\/#organization\",\"name\":\"Orise\",\"url\":\"https:\/\/orise.com\/de\/\",\"logo\":{\"@type\":\"ImageObject\",\"inLanguage\":\"de-DE\",\"@id\":\"https:\/\/orise.com\/de\/#\/schema\/logo\/image\/\",\"url\":\"https:\/\/orise.com\/wp-content\/uploads\/sites\/71\/2025\/04\/cropped-Orise-Circle-Icon-Website-V1-1.png\",\"contentUrl\":\"https:\/\/orise.com\/wp-content\/uploads\/sites\/71\/2025\/04\/cropped-Orise-Circle-Icon-Website-V1-1.png\",\"width\":512,\"height\":512,\"caption\":\"Orise\"},\"image\":{\"@id\":\"https:\/\/orise.com\/de\/#\/schema\/logo\/image\/\"}}]}<\/script>\n<!-- \/ Yoast SEO Premium plugin. -->","yoast_head_json":{"title":"Roles and Responsibilities Orise Digital GmbH | Orise","robots":{"index":"index","follow":"follow","max-snippet":"max-snippet:-1","max-image-preview":"max-image-preview:large","max-video-preview":"max-video-preview:-1"},"canonical":"https:\/\/orise.com\/de\/sap\/r-r-hybrid-cloud\/","og_locale":"de_DE","og_type":"article","og_title":"Roles and Responsibilities Orise Digital GmbH","og_url":"https:\/\/orise.com\/de\/sap\/r-r-hybrid-cloud\/","og_site_name":"Orise","article_modified_time":"2025-10-31T07:54:22+00:00","twitter_card":"summary_large_image","schema":{"@context":"https:\/\/schema.org","@graph":[{"@type":"WebPage","@id":"https:\/\/orise.com\/de\/sap\/r-r-hybrid-cloud\/","url":"https:\/\/orise.com\/de\/sap\/r-r-hybrid-cloud\/","name":"Roles and Responsibilities Orise Digital GmbH | Orise","isPartOf":{"@id":"https:\/\/orise.com\/de\/#website"},"datePublished":"2025-02-26T15:21:32+00:00","dateModified":"2025-10-31T07:54:22+00:00","breadcrumb":{"@id":"https:\/\/orise.com\/de\/sap\/r-r-hybrid-cloud\/#breadcrumb"},"inLanguage":"de-DE","potentialAction":[{"@type":"ReadAction","target":["https:\/\/orise.com\/de\/sap\/r-r-hybrid-cloud\/"]}]},{"@type":"BreadcrumbList","@id":"https:\/\/orise.com\/de\/sap\/r-r-hybrid-cloud\/#breadcrumb","itemListElement":[{"@type":"ListItem","position":1,"name":"Home","item":"https:\/\/orise.com\/de\/"},{"@type":"ListItem","position":2,"name":"SAP","item":"https:\/\/orise.com\/de\/sap\/"},{"@type":"ListItem","position":3,"name":"Roles and Responsibilities Orise Digital GmbH"}]},{"@type":"WebSite","@id":"https:\/\/orise.com\/de\/#website","url":"https:\/\/orise.com\/de\/","name":"Orise","description":"Unlock your full potential.","publisher":{"@id":"https:\/\/orise.com\/de\/#organization"},"potentialAction":[{"@type":"SearchAction","target":{"@type":"EntryPoint","urlTemplate":"https:\/\/orise.com\/de\/?s={search_term_string}"},"query-input":{"@type":"PropertyValueSpecification","valueRequired":true,"valueName":"search_term_string"}}],"inLanguage":"de-DE"},{"@type":"Organization","@id":"https:\/\/orise.com\/de\/#organization","name":"Orise","url":"https:\/\/orise.com\/de\/","logo":{"@type":"ImageObject","inLanguage":"de-DE","@id":"https:\/\/orise.com\/de\/#\/schema\/logo\/image\/","url":"https:\/\/orise.com\/wp-content\/uploads\/sites\/71\/2025\/04\/cropped-Orise-Circle-Icon-Website-V1-1.png","contentUrl":"https:\/\/orise.com\/wp-content\/uploads\/sites\/71\/2025\/04\/cropped-Orise-Circle-Icon-Website-V1-1.png","width":512,"height":512,"caption":"Orise"},"image":{"@id":"https:\/\/orise.com\/de\/#\/schema\/logo\/image\/"}}]}},"acf":[],"_links":{"self":[{"href":"https:\/\/orise.com\/de\/wp-json\/wp\/v2\/pages\/18941","targetHints":{"allow":["GET"]}}],"collection":[{"href":"https:\/\/orise.com\/de\/wp-json\/wp\/v2\/pages"}],"about":[{"href":"https:\/\/orise.com\/de\/wp-json\/wp\/v2\/types\/page"}],"author":[{"embeddable":true,"href":"https:\/\/orise.com\/de\/wp-json\/wp\/v2\/users\/475"}],"replies":[{"embeddable":true,"href":"https:\/\/orise.com\/de\/wp-json\/wp\/v2\/comments?post=18941"}],"version-history":[{"count":13,"href":"https:\/\/orise.com\/de\/wp-json\/wp\/v2\/pages\/18941\/revisions"}],"predecessor-version":[{"id":32802,"href":"https:\/\/orise.com\/de\/wp-json\/wp\/v2\/pages\/18941\/revisions\/32802"}],"up":[{"embeddable":true,"href":"https:\/\/orise.com\/de\/wp-json\/wp\/v2\/pages\/22132"}],"wp:attachment":[{"href":"https:\/\/orise.com\/de\/wp-json\/wp\/v2\/media?parent=18941"}],"curies":[{"name":"wp","href":"https:\/\/api.w.org\/{rel}","templated":true}]}}