{"id":18977,"date":"2025-02-26T17:22:25","date_gmt":"2025-02-26T17:22:25","guid":{"rendered":"https:\/\/orise.com\/?page_id=18977"},"modified":"2026-02-24T14:59:28","modified_gmt":"2026-02-24T14:59:28","slug":"agb-orise-digital-gmbh","status":"publish","type":"page","link":"https:\/\/orise.com\/de\/sap\/agb-orise-digital-gmbh\/","title":{"rendered":"Allgemeine Gesch\u00e4ftsbedingungen Orise Digital GmbH"},"content":{"rendered":"<div id=\"pageheader-block_a23263e396ff54cfe27b89dde1d5cd26\" class=\"content-row content-row-pageheader bg-base pageheader\">\n        <div class=\"contentPart-fixed\">\n        <div class=\"contentPart-inner\">\n            <div class=\"contentPart-text width-100\">\n                <h1>\n                                        Allgemeine Gesch\u00e4ftsbedingungen Orise Digital GmbH                                    <\/h1>\n                <h2 class=\"trans\">\n                                    <\/h2>\n                                            <\/div>\n        <\/div>\n    <\/div>\n    <div class=\"slidedown-button editor-hide\">\n        <span class=\"slidedown-label\">Mehr erfahren<\/span>\n        <img decoding=\"async\" src=\"https:\/\/orise.com\/wp-content\/themes\/ats-orise\/img\/doubble-arrow-down.svg\" alt=\"\"\n            class=\"slidedown-icon\">\n    <\/div>\n<\/div>\n\n\n    <div id=\"singletext-block_0cfcf36c46b26bb4ee184e22aeec3ff2\" class=\"content-row content-row-singletext bg-base   singletext\">\n        <div class=\"contentPart-inner\">\n            <div class=\"contentPart-text width-100\">\n                <h2 class=\" content-row-headline trans\">\n                                    <\/h2>\n                <div class=\"contentPart-textbox textInput trans\">\n                    <p>Sofern nicht anders schriftlich von Auftraggeber und Auftragnehmer vereinbart, gelten die vorliegenden Bedingungen der Orise Digital GmbH (vormals Advanced Applications GmbH). Diese Bedingungen gelten f\u00fcr den Auftraggeber bei zuk\u00fcnftigen Leistungen und Lieferungen auch dann, wenn sie k\u00fcnftig nicht ausdr\u00fccklich zugrunde gelegt werden. Eine durch gesetzliche \u00c4nderungen etwaige Unwirksamkeit einzelner Bestimmungen dieser Bedingungen l\u00e4sst die G\u00fcltigkeit der \u00fcbrigen Vorschriften unber\u00fchrt.<\/p>\n                <\/div>\n            <\/div>\n        <\/div>\n    <\/div>\n\n\n    <div id=\"accordion-block_42477ba80099b461bc0ba318339f4dd9\" class=\"content-row content-row-accordion bg-base accordion\">\n                    <div class=\"contentPart-inner\">\n                <div class=\"accordion-wrapper\">\n                                            <div class=\"accordion-item accordion-item-off trans\">\n                            <div class=\"accordion-titel\">\n                                <h2>\n                                                                            Orise Digital GmbH AGB Stand Februar &#8217;26                                                                    <\/h2>\n                                <img decoding=\"async\" src=\"https:\/\/orise.com\/wp-content\/themes\/ats-orise\/img\/icon-plus.svg\" alt=\"\" class=\"accordion-plus\">\n\n                            <\/div>\n                            <div class=\"accordion-content\">\n                                                                <div class=\"contentPart-textbox width-50 textInput full-width\">\n                                    \n                                                                                                                <div class=\"btnrow btnrow-light bold trans\"><a href=\"https:\/\/orise.com\/wp-content\/uploads\/sites\/71\/2026\/02\/AGB-Allgemein-Orise-Digital-2026-02.pdf\" target=\"_blank\" class=\"animateAll\">Download<\/a><\/div>\n                                                                    <\/div>\n                                                            <\/div>\n                        <\/div>\n\n                                            <div class=\"accordion-item accordion-item-off trans\">\n                            <div class=\"accordion-titel\">\n                                <h2>\n                                                                            Orise Digital GmbH AGB Software und SAP Pflege Stand Nov &#8217;25                                                                    <\/h2>\n                                <img decoding=\"async\" src=\"https:\/\/orise.com\/wp-content\/themes\/ats-orise\/img\/icon-plus.svg\" alt=\"\" class=\"accordion-plus\">\n\n                            <\/div>\n                            <div class=\"accordion-content\">\n                                                                <div class=\"contentPart-textbox width-50 textInput full-width\">\n                                    \n                                                                                                                <div class=\"btnrow btnrow-light bold trans\"><a href=\"https:\/\/orise.com\/wp-content\/uploads\/sites\/71\/2025\/10\/AGB-SAP-Software-und-Pflege-Orise-Digital-2025-10.pdf\" target=\"_blank\" class=\"animateAll\">Download<\/a><\/div>\n                                                                    <\/div>\n                                                            <\/div>\n                        <\/div>\n\n                                    <\/div>\n                        <\/div>\n    <\/div>\n","protected":false},"excerpt":{"rendered":"","protected":false},"author":595,"featured_media":0,"parent":22132,"menu_order":0,"comment_status":"closed","ping_status":"closed","template":"","meta":{"_acf_changed":false,"_cr_original_post":"","_cr_replace_post_id":"","_cr_replacing_post_id":"","footnotes":""},"class_list":["post-18977","page","type-page","status-publish","hentry"],"yoast_head":"<!-- This site is optimized with the Yoast SEO Premium plugin v26.8 (Yoast SEO v26.8) - https:\/\/yoast.com\/product\/yoast-seo-premium-wordpress\/ -->\n<title>Allgemeine Gesch\u00e4ftsbedingungen Orise Digital GmbH | Orise<\/title>\n<meta name=\"robots\" content=\"index, follow, max-snippet:-1, max-image-preview:large, max-video-preview:-1\" \/>\n<link rel=\"canonical\" href=\"https:\/\/orise.com\/de\/sap\/agb-orise-digital-gmbh\/\" \/>\n<meta property=\"og:locale\" content=\"de_DE\" \/>\n<meta property=\"og:type\" content=\"article\" \/>\n<meta property=\"og:title\" content=\"Allgemeine Gesch\u00e4ftsbedingungen Orise Digital GmbH\" \/>\n<meta property=\"og:url\" content=\"https:\/\/orise.com\/de\/sap\/agb-orise-digital-gmbh\/\" \/>\n<meta property=\"og:site_name\" content=\"Orise\" \/>\n<meta property=\"article:modified_time\" content=\"2026-02-24T14:59:28+00:00\" \/>\n<meta name=\"twitter:card\" content=\"summary_large_image\" \/>\n<script type=\"application\/ld+json\" class=\"yoast-schema-graph\">{\"@context\":\"https:\/\/schema.org\",\"@graph\":[{\"@type\":\"WebPage\",\"@id\":\"https:\/\/orise.com\/de\/sap\/agb-orise-digital-gmbh\/\",\"url\":\"https:\/\/orise.com\/de\/sap\/agb-orise-digital-gmbh\/\",\"name\":\"Allgemeine Gesch\u00e4ftsbedingungen Orise Digital GmbH | Orise\",\"isPartOf\":{\"@id\":\"https:\/\/orise.com\/de\/#website\"},\"datePublished\":\"2025-02-26T17:22:25+00:00\",\"dateModified\":\"2026-02-24T14:59:28+00:00\",\"breadcrumb\":{\"@id\":\"https:\/\/orise.com\/de\/sap\/agb-orise-digital-gmbh\/#breadcrumb\"},\"inLanguage\":\"de-DE\",\"potentialAction\":[{\"@type\":\"ReadAction\",\"target\":[\"https:\/\/orise.com\/de\/sap\/agb-orise-digital-gmbh\/\"]}]},{\"@type\":\"BreadcrumbList\",\"@id\":\"https:\/\/orise.com\/de\/sap\/agb-orise-digital-gmbh\/#breadcrumb\",\"itemListElement\":[{\"@type\":\"ListItem\",\"position\":1,\"name\":\"Home\",\"item\":\"https:\/\/orise.com\/de\/\"},{\"@type\":\"ListItem\",\"position\":2,\"name\":\"SAP\",\"item\":\"https:\/\/orise.com\/de\/sap\/\"},{\"@type\":\"ListItem\",\"position\":3,\"name\":\"Allgemeine Gesch\u00e4ftsbedingungen Orise Digital GmbH\"}]},{\"@type\":\"WebSite\",\"@id\":\"https:\/\/orise.com\/de\/#website\",\"url\":\"https:\/\/orise.com\/de\/\",\"name\":\"Orise\",\"description\":\"Unlock your full potential.\",\"publisher\":{\"@id\":\"https:\/\/orise.com\/de\/#organization\"},\"potentialAction\":[{\"@type\":\"SearchAction\",\"target\":{\"@type\":\"EntryPoint\",\"urlTemplate\":\"https:\/\/orise.com\/de\/?s={search_term_string}\"},\"query-input\":{\"@type\":\"PropertyValueSpecification\",\"valueRequired\":true,\"valueName\":\"search_term_string\"}}],\"inLanguage\":\"de-DE\"},{\"@type\":\"Organization\",\"@id\":\"https:\/\/orise.com\/de\/#organization\",\"name\":\"Orise\",\"url\":\"https:\/\/orise.com\/de\/\",\"logo\":{\"@type\":\"ImageObject\",\"inLanguage\":\"de-DE\",\"@id\":\"https:\/\/orise.com\/de\/#\/schema\/logo\/image\/\",\"url\":\"https:\/\/orise.com\/wp-content\/uploads\/sites\/71\/2025\/04\/cropped-Orise-Circle-Icon-Website-V1-1.png\",\"contentUrl\":\"https:\/\/orise.com\/wp-content\/uploads\/sites\/71\/2025\/04\/cropped-Orise-Circle-Icon-Website-V1-1.png\",\"width\":512,\"height\":512,\"caption\":\"Orise\"},\"image\":{\"@id\":\"https:\/\/orise.com\/de\/#\/schema\/logo\/image\/\"}}]}<\/script>\n<!-- \/ Yoast SEO Premium plugin. -->","yoast_head_json":{"title":"Allgemeine Gesch\u00e4ftsbedingungen Orise Digital GmbH | Orise","robots":{"index":"index","follow":"follow","max-snippet":"max-snippet:-1","max-image-preview":"max-image-preview:large","max-video-preview":"max-video-preview:-1"},"canonical":"https:\/\/orise.com\/de\/sap\/agb-orise-digital-gmbh\/","og_locale":"de_DE","og_type":"article","og_title":"Allgemeine Gesch\u00e4ftsbedingungen Orise Digital GmbH","og_url":"https:\/\/orise.com\/de\/sap\/agb-orise-digital-gmbh\/","og_site_name":"Orise","article_modified_time":"2026-02-24T14:59:28+00:00","twitter_card":"summary_large_image","schema":{"@context":"https:\/\/schema.org","@graph":[{"@type":"WebPage","@id":"https:\/\/orise.com\/de\/sap\/agb-orise-digital-gmbh\/","url":"https:\/\/orise.com\/de\/sap\/agb-orise-digital-gmbh\/","name":"Allgemeine Gesch\u00e4ftsbedingungen Orise Digital GmbH | Orise","isPartOf":{"@id":"https:\/\/orise.com\/de\/#website"},"datePublished":"2025-02-26T17:22:25+00:00","dateModified":"2026-02-24T14:59:28+00:00","breadcrumb":{"@id":"https:\/\/orise.com\/de\/sap\/agb-orise-digital-gmbh\/#breadcrumb"},"inLanguage":"de-DE","potentialAction":[{"@type":"ReadAction","target":["https:\/\/orise.com\/de\/sap\/agb-orise-digital-gmbh\/"]}]},{"@type":"BreadcrumbList","@id":"https:\/\/orise.com\/de\/sap\/agb-orise-digital-gmbh\/#breadcrumb","itemListElement":[{"@type":"ListItem","position":1,"name":"Home","item":"https:\/\/orise.com\/de\/"},{"@type":"ListItem","position":2,"name":"SAP","item":"https:\/\/orise.com\/de\/sap\/"},{"@type":"ListItem","position":3,"name":"Allgemeine Gesch\u00e4ftsbedingungen Orise Digital GmbH"}]},{"@type":"WebSite","@id":"https:\/\/orise.com\/de\/#website","url":"https:\/\/orise.com\/de\/","name":"Orise","description":"Unlock your full potential.","publisher":{"@id":"https:\/\/orise.com\/de\/#organization"},"potentialAction":[{"@type":"SearchAction","target":{"@type":"EntryPoint","urlTemplate":"https:\/\/orise.com\/de\/?s={search_term_string}"},"query-input":{"@type":"PropertyValueSpecification","valueRequired":true,"valueName":"search_term_string"}}],"inLanguage":"de-DE"},{"@type":"Organization","@id":"https:\/\/orise.com\/de\/#organization","name":"Orise","url":"https:\/\/orise.com\/de\/","logo":{"@type":"ImageObject","inLanguage":"de-DE","@id":"https:\/\/orise.com\/de\/#\/schema\/logo\/image\/","url":"https:\/\/orise.com\/wp-content\/uploads\/sites\/71\/2025\/04\/cropped-Orise-Circle-Icon-Website-V1-1.png","contentUrl":"https:\/\/orise.com\/wp-content\/uploads\/sites\/71\/2025\/04\/cropped-Orise-Circle-Icon-Website-V1-1.png","width":512,"height":512,"caption":"Orise"},"image":{"@id":"https:\/\/orise.com\/de\/#\/schema\/logo\/image\/"}}]}},"acf":[],"_links":{"self":[{"href":"https:\/\/orise.com\/de\/wp-json\/wp\/v2\/pages\/18977","targetHints":{"allow":["GET"]}}],"collection":[{"href":"https:\/\/orise.com\/de\/wp-json\/wp\/v2\/pages"}],"about":[{"href":"https:\/\/orise.com\/de\/wp-json\/wp\/v2\/types\/page"}],"author":[{"embeddable":true,"href":"https:\/\/orise.com\/de\/wp-json\/wp\/v2\/users\/595"}],"replies":[{"embeddable":true,"href":"https:\/\/orise.com\/de\/wp-json\/wp\/v2\/comments?post=18977"}],"version-history":[{"count":12,"href":"https:\/\/orise.com\/de\/wp-json\/wp\/v2\/pages\/18977\/revisions"}],"predecessor-version":[{"id":34726,"href":"https:\/\/orise.com\/de\/wp-json\/wp\/v2\/pages\/18977\/revisions\/34726"}],"up":[{"embeddable":true,"href":"https:\/\/orise.com\/de\/wp-json\/wp\/v2\/pages\/22132"}],"wp:attachment":[{"href":"https:\/\/orise.com\/de\/wp-json\/wp\/v2\/media?parent=18977"}],"curies":[{"name":"wp","href":"https:\/\/api.w.org\/{rel}","templated":true}]}}