{"id":22120,"date":"2025-04-04T05:58:54","date_gmt":"2025-04-04T05:58:54","guid":{"rendered":"https:\/\/orise.com\/?page_id=22120"},"modified":"2026-04-29T15:05:05","modified_gmt":"2026-04-29T15:05:05","slug":"sap-operation","status":"publish","type":"page","link":"https:\/\/orise.com\/de\/sap-operation\/","title":{"rendered":"SAP Operation"},"content":{"rendered":"<div id=\"pageheader-block_7176bbac0e8930f99bffbfab1fc02636\" class=\"content-row content-row-pageheader bg-base\t\tcontent-row-pageheader-anchor   pageheader\">\n        <div class=\"contentPart-fixed\">\n        <div class=\"contentPart-inner\">\n            <div class=\"contentPart-text width-100\">\n                <h1>\n                                        SAP Operation                                    <\/h1>\n                <h2 class=\"trans\">\n                                        We unlock your full potential through <b>agility<\/b>.                                    <\/h2>\n                                                <div class=\"anchor_links-wrapper trans\">\n                                        <div class=\"anchor_link-item trans\">\n                        <div class=\"anchor_link-item-inner\">\n                            <a class=\"anchorlink\" data-subtab=\"\"\n                                data-anchor=\"#modelle\"\n                                href=\"#\">Unsere Betriebsmodelle und Services<\/a>\n                        <\/div>\n                    <\/div>\n                                        <div class=\"anchor_link-item trans\">\n                        <div class=\"anchor_link-item-inner\">\n                            <a class=\"anchorlink\" data-subtab=\"\"\n                                data-anchor=\"#kontakt\"\n                                href=\"#\">Kontakt<\/a>\n                        <\/div>\n                    <\/div>\n                                    <\/div>\n                            <\/div>\n        <\/div>\n    <\/div>\n    <div class=\"slidedown-button editor-hide\">\n        <span class=\"slidedown-label\">Mehr erfahren<\/span>\n        <img decoding=\"async\" src=\"https:\/\/orise.com\/wp-content\/themes\/ats-orise\/img\/doubble-arrow-down.svg\" alt=\"\"\n            class=\"slidedown-icon\">\n    <\/div>\n<\/div>\n\n\n\n    <div id=\"image_banner-block_caa9885ba44e9907ba0dcc8ccc46e8f2\" class=\"content-row content-row-imagebanner trans bg-base image_banner test\">\n                                                <img decoding=\"async\" src=\"https:\/\/orise.com\/wp-content\/uploads\/sites\/71\/2025\/04\/Image-Banner-WordPress-3.png?w=1920&#038;h=0&#038;crop=1\" alt=\"\" class=\"fullscreen\">\n            <\/div>\n\n\n\n    <div id=\"imagetext_textvariation-block_2f2828620443e33ad52baef123129bb1\" class=\"content-row content-row-textvariation background_blue    textvariation\">\n        <div class=\"contentPart-inner\">\n            <div class=\"contentPart-text\">\n                                    <h2 class=\"text-blue content-row-headline trans\">\n                        Das passende Betriebsmodell f\u00fcr Ihre Zukunft                    <\/h2>\n                                            <\/div>\n                            <div class=\"contentPart-textbox width-50 textInput trans\">\n                    <p class=\"\" data-start=\"236\" data-end=\"531\"><strong data-start=\"236\" data-end=\"313\">Die Wahl des richtigen Betriebsmodells ist eine strategische Entscheidung<\/strong>, die den langfristigen Erfolg Ihrer SAP-Landschaft ma\u00dfgeblich beeinflusst. Dabei gilt es, wirtschaftliche und technische Aspekte ebenso zu ber\u00fccksichtigen wie Ihre individuelle Prozesslandschaft und Systemkomplexit\u00e4t.<\/p>\n                <\/div>\n                                        <div class=\"contentPart-textbox contentPart-textbox_2 textInput width-50 trans\">\n                    <p>Ob Public Cloud, Private Cloud oder Hybrid \u2013 wir unterst\u00fctzen Sie dabei, das Betriebsmodell zu finden, das zu Ihren Anforderungen passt. Gemeinsam schaffen wir eine zukunftsf\u00e4hige Architektur, die Stabilit\u00e4t, Flexibilit\u00e4t und Innovation vereint.<\/p>\n                <\/div>\n                    <\/div>\n                    <\/div>\n\n\n<div id=\"models\" class=\"content-row anchortarget trans anchortarget\">\n    <h3 class=\"editorInfo\">#models<\/h3>\n<\/div>\n\n<div id=\"content_carousel-block_ece54e388bd4dd4683d1bfe1373c19d5\"\n    class=\"content-row content-row-imagetext_carousel content-row-content_carousel trans background_darken content_carousel\">\n    <div class=\"contentPart-inner\">\n        <div class=\"Infoline\">\n            <p>Unsere Betriebsmodelle und Services im \u00dcberblick<\/p>\n        <\/div>\n        <div class=\"subline\">\n            <p><\/p>\n            <div class=\"content_carousel-arrows\">\n                <div class=\"scroll-arrow scroll-left editor-hide\"><img decoding=\"async\"\n                        src=\"https:\/\/orise.com\/wp-content\/themes\/ats-orise\/img\/keyboard_arrow_left.svg\"\n                        class=\"sliderarrow\" alt=\"\">\n                <\/div>\n                <div class=\"scroll-arrow scroll-right editor-hide\"><img decoding=\"async\"\n                        src=\"https:\/\/orise.com\/wp-content\/themes\/ats-orise\/img\/keyboard_arrow_right.svg\"\n                        class=\"sliderarrow\" alt=\"\">\n                <\/div>\n            <\/div>\n        <\/div>\n        <div class=\"content_carousel-slider\">\n                        <div class=\"content_carousel-item\">\n                <div class=\"content_carousel-item-inner\">\n                    <div class=\"contentPart-image\">\n                        <div class=\"imagetext_carousel-item-inner\">\n                            <div class=\"content_carousel-item-imagebox\">\n                                \n                                                                <img decoding=\"async\" src=\"https:\/\/orise.com\/wp-content\/uploads\/sites\/71\/2025\/05\/2.png?w=600&#038;h=600&#038;crop=1\"\n                                    alt=\"\" class=\"content_carousel-img\">\n                                                            <\/div>\n                        <\/div>\n                    <\/div>\n                    <div class=\"contentPart-text\">\n                        <h2>\n                            RISE with SAP                        <\/h2>\n                        <h4>Ihre Private Cloud Journey mit SAP.<\/h4>\n                        <div class=\"imagetext_carousel-item-textbox\">\n                            Nutzen Sie die Vorteile einer integrierten Cloud-L\u00f6sung und \u00fcbertragen Sie Ihre bestehenden Prozesse in eine skalierbare Umgebung. Mit RISE Operation Services sorgen wir f\u00fcr Stabilit\u00e4t, Compliance und Business Continuity.                        <\/div>\n                                                <div class=\"btnrow bold trans\">\n                            <a href=\"https:\/\/orise.com\/de\/sap\/rise-with-sap\/\"\n                                class=\"animateAll\">\n                                Mehr                            <\/a>\n                        <\/div>\n                                                                    <\/div>\n                <\/div>\n            <\/div>\n                        <div class=\"content_carousel-item\">\n                <div class=\"content_carousel-item-inner\">\n                    <div class=\"contentPart-image\">\n                        <div class=\"imagetext_carousel-item-inner\">\n                            <div class=\"content_carousel-item-imagebox\">\n                                \n                                                                <img decoding=\"async\" src=\"https:\/\/orise.com\/wp-content\/uploads\/sites\/71\/2025\/05\/3.png?w=600&#038;h=600&#038;crop=1\"\n                                    alt=\"\" class=\"content_carousel-img\">\n                                                            <\/div>\n                        <\/div>\n                    <\/div>\n                    <div class=\"contentPart-text\">\n                        <h2>\n                            GROW with SAP                        <\/h2>\n                        <h4>Der einfache Einstieg in die Public Cloud.<\/h4>\n                        <div class=\"imagetext_carousel-item-textbox\">\n                            Standardisierte Prozesse, schnelle Skalierbarkeit und sofort einsatzbereite L\u00f6sungen \u2013 ideal f\u00fcr wachsende Unternehmen, die SAP S\/4HANA effizient und zukunftssicher einsetzen wollen.                        <\/div>\n                                                <div class=\"btnrow bold trans\">\n                            <a href=\"https:\/\/orise.com\/de\/sap\/grow-with-sap\/\"\n                                class=\"animateAll\">\n                                Mehr                            <\/a>\n                        <\/div>\n                                                                    <\/div>\n                <\/div>\n            <\/div>\n                        <div class=\"content_carousel-item\">\n                <div class=\"content_carousel-item-inner\">\n                    <div class=\"contentPart-image\">\n                        <div class=\"imagetext_carousel-item-inner\">\n                            <div class=\"content_carousel-item-imagebox\">\n                                \n                                                                <img decoding=\"async\" src=\"https:\/\/orise.com\/wp-content\/uploads\/sites\/71\/2025\/05\/4.png?w=600&#038;h=600&#038;crop=1\"\n                                    alt=\"\" class=\"content_carousel-img\">\n                                                            <\/div>\n                        <\/div>\n                    <\/div>\n                    <div class=\"contentPart-text\">\n                        <h2>\n                            Hybrid Cloud                        <\/h2>\n                        <h4>Das Beste aus beiden Welten.<\/h4>\n                        <div class=\"imagetext_carousel-item-textbox\">\n                            Sie m\u00f6chten die Vorteile von On-Premises und Cloud kombinieren? Wir unterst\u00fctzen Sie als zentraler Ansprechpartner bei der Orchestrierung Ihrer hybriden IT-Landschaft \u2013 inklusive moderner Cybersecurity Services.                        <\/div>\n                                                <div class=\"btnrow bold trans\">\n                            <a href=\"https:\/\/orise.com\/de\/sap\/hybrid-cloud\/\"\n                                class=\"animateAll\">\n                                Mehr                            <\/a>\n                        <\/div>\n                                                                    <\/div>\n                <\/div>\n            <\/div>\n                        <div class=\"content_carousel-item\">\n                <div class=\"content_carousel-item-inner\">\n                    <div class=\"contentPart-image\">\n                        <div class=\"imagetext_carousel-item-inner\">\n                            <div class=\"content_carousel-item-imagebox\">\n                                \n                                                                <img decoding=\"async\" src=\"https:\/\/orise.com\/wp-content\/uploads\/sites\/71\/2025\/05\/5.png?w=600&#038;h=600&#038;crop=1\"\n                                    alt=\"\" class=\"content_carousel-img\">\n                                                            <\/div>\n                        <\/div>\n                    <\/div>\n                    <div class=\"contentPart-text\">\n                        <h2>\n                            SAP Business Technology Platform (BTP)                        <\/h2>\n                        <h4>Individuelle Erweiterungen, nahtlos integriert.<\/h4>\n                        <div class=\"imagetext_carousel-item-textbox\">\n                            Mit der SAP BTP entwickeln Sie ma\u00dfgeschneiderte Anwendungen, automatisieren Prozesse und integrieren Ihre Datenquellen \u2013 sicher, skalierbar und innovativ.                        <\/div>\n                                                <div class=\"btnrow bold trans\">\n                            <a href=\"https:\/\/orise.com\/de\/sap\/business-technology-platform\/\"\n                                class=\"animateAll\">\n                                Mehr                            <\/a>\n                        <\/div>\n                                                                    <\/div>\n                <\/div>\n            <\/div>\n                    <\/div>\n\n\n    <\/div>\n\n<\/div>\n\n\n<div id=\"contact\" class=\"content-row anchortarget trans anchortarget\">\n    <h3 class=\"editorInfo\">#contact<\/h3>\n<\/div>\n\n    <div id=\"textimage-block_ab6a6078d5e3733865a45f928e21c30c\" class=\"content-row content-row-textimage background_blue  textimage\">\n        <div class=\"contentPart-inner\">\n            <div class=\"contentPart-text width-50\">\n                <h2 class=\"trans text-blue \">\n                                            Ihr Ansprechpartner                                                                <span class=\"headline_white\">Guido Berndt \u00b7 Associate Partner \/ Prokurist<\/span>\n                                    <\/h2>\n                <div class=\"textInput trans\">\n                                            <p>Rheinwaldstra\u00dfe 38<\/p>\n<p>78628 Rottweil<\/p>\n<p>&nbsp;<\/p>\n<p>Tel.: 0741 174416 600<\/p>\n<p>E-Mail: marketing.DE-ROT@orise.com<\/p>\n                                    <\/div>\n                                    <div class=\"btnrow btnrow-light bold trans\"><a href=\"https:\/\/orise.com\/de\/sap\/\" class=\"animateAll\">Back to SAP Solutions Hub<\/a><\/div>\n                                            <\/div>\n            <div class=\"contentPart-image width-50 trans \">\n                                                    <img decoding=\"async\" src=\"https:\/\/orise.com\/wp-content\/uploads\/sites\/71\/2025\/04\/advanced-application-20200127-0051.jpg?w=1024\" alt=\"\" class=\"textbildimg\">\n                            <\/div>\n        <\/div>\n    <\/div>\n\n\n    <div id=\"contactform-block_45a954495f6194c230efff629341bf29\" class=\"content-row content-row-contactform  background_darken contactform\">\n        <div class=\"contentPart-inner\">\n\n            <div class=\"contentPart-text width-100\">\n                                    <h2 class=\"text-blue content-row-headline trans\">\n                        Jetzt Kontakt aufnehmen!                    <\/h2>\n                            <\/div>\n\n            <div class=\"contactform-wrapper trans\">\n                                    <iframe src=\"https:\/\/go.atsautomation.com\/l\/651873\/2025-06-04\/h7yqym\" class=\"form-iframe form-iframe-contactform\" data-cookieconsent=\"marketing\"><\/iframe>\n                            <\/div>\n\n        <\/div>\n    <\/div>\n","protected":false},"excerpt":{"rendered":"","protected":false},"author":475,"featured_media":22317,"parent":0,"menu_order":0,"comment_status":"closed","ping_status":"closed","template":"","meta":{"_acf_changed":false,"_cr_original_post":"","_cr_replace_post_id":"","_cr_replacing_post_id":"","footnotes":""},"class_list":["post-22120","page","type-page","status-publish","has-post-thumbnail","hentry"],"yoast_head":"<!-- This site is optimized with the Yoast SEO Premium plugin v26.8 (Yoast SEO v26.8) - https:\/\/yoast.com\/product\/yoast-seo-premium-wordpress\/ -->\n<title>SAP Operation | Orise<\/title>\n<meta name=\"description\" content=\"Finden Sie das passende SAP-Betriebsmodell f\u00fcr Ihr Unternehmen \u2013 RISE, GROW, Hybrid Cloud &amp; SAP BTP. Strategisch, flexibel und zukunftssicher.\" \/>\n<meta name=\"robots\" content=\"index, follow, max-snippet:-1, max-image-preview:large, max-video-preview:-1\" \/>\n<link rel=\"canonical\" href=\"https:\/\/orise.com\/de\/sap-operation\/\" \/>\n<meta property=\"og:locale\" content=\"de_DE\" \/>\n<meta property=\"og:type\" content=\"article\" \/>\n<meta property=\"og:title\" content=\"SAP Operation\" \/>\n<meta property=\"og:description\" content=\"Finden Sie das passende SAP-Betriebsmodell f\u00fcr Ihr Unternehmen \u2013 RISE, GROW, Hybrid Cloud &amp; SAP BTP. Strategisch, flexibel und zukunftssicher.\" \/>\n<meta property=\"og:url\" content=\"https:\/\/orise.com\/de\/sap-operation\/\" \/>\n<meta property=\"og:site_name\" content=\"Orise\" \/>\n<meta property=\"article:modified_time\" content=\"2026-04-29T15:05:05+00:00\" \/>\n<meta property=\"og:image\" content=\"https:\/\/orise.com\/wp-content\/uploads\/sites\/71\/2025\/04\/Image-Banner-WordPress-3.png?w=768\" \/>\n\t<meta property=\"og:image:width\" content=\"768\" \/>\n\t<meta property=\"og:image:height\" content=\"288\" \/>\n\t<meta property=\"og:image:type\" content=\"image\/png\" \/>\n<meta name=\"twitter:card\" content=\"summary_large_image\" \/>\n<meta name=\"twitter:label1\" content=\"Gesch\u00e4tzte Lesezeit\" \/>\n\t<meta name=\"twitter:data1\" content=\"1 Minute\" \/>\n<script type=\"application\/ld+json\" class=\"yoast-schema-graph\">{\"@context\":\"https:\/\/schema.org\",\"@graph\":[{\"@type\":\"WebPage\",\"@id\":\"https:\/\/orise.com\/de\/sap-operation\/\",\"url\":\"https:\/\/orise.com\/de\/sap-operation\/\",\"name\":\"SAP Operation | Orise\",\"isPartOf\":{\"@id\":\"https:\/\/orise.com\/de\/#website\"},\"primaryImageOfPage\":{\"@id\":\"https:\/\/orise.com\/de\/sap-operation\/#primaryimage\"},\"image\":{\"@id\":\"https:\/\/orise.com\/de\/sap-operation\/#primaryimage\"},\"thumbnailUrl\":\"https:\/\/orise.com\/wp-content\/uploads\/sites\/71\/2025\/04\/Image-Banner-WordPress-3.png\",\"datePublished\":\"2025-04-04T05:58:54+00:00\",\"dateModified\":\"2026-04-29T15:05:05+00:00\",\"description\":\"Finden Sie das passende SAP-Betriebsmodell f\u00fcr Ihr Unternehmen \u2013 RISE, GROW, Hybrid Cloud & SAP BTP. Strategisch, flexibel und zukunftssicher.\",\"breadcrumb\":{\"@id\":\"https:\/\/orise.com\/de\/sap-operation\/#breadcrumb\"},\"inLanguage\":\"de-DE\",\"potentialAction\":[{\"@type\":\"ReadAction\",\"target\":[\"https:\/\/orise.com\/de\/sap-operation\/\"]}]},{\"@type\":\"ImageObject\",\"inLanguage\":\"de-DE\",\"@id\":\"https:\/\/orise.com\/de\/sap-operation\/#primaryimage\",\"url\":\"https:\/\/orise.com\/wp-content\/uploads\/sites\/71\/2025\/04\/Image-Banner-WordPress-3.png\",\"contentUrl\":\"https:\/\/orise.com\/wp-content\/uploads\/sites\/71\/2025\/04\/Image-Banner-WordPress-3.png\",\"width\":1920,\"height\":720},{\"@type\":\"BreadcrumbList\",\"@id\":\"https:\/\/orise.com\/de\/sap-operation\/#breadcrumb\",\"itemListElement\":[{\"@type\":\"ListItem\",\"position\":1,\"name\":\"Home\",\"item\":\"https:\/\/orise.com\/de\/\"},{\"@type\":\"ListItem\",\"position\":2,\"name\":\"SAP Operation\"}]},{\"@type\":\"WebSite\",\"@id\":\"https:\/\/orise.com\/de\/#website\",\"url\":\"https:\/\/orise.com\/de\/\",\"name\":\"Orise\",\"description\":\"Unlock your full potential.\",\"publisher\":{\"@id\":\"https:\/\/orise.com\/de\/#organization\"},\"potentialAction\":[{\"@type\":\"SearchAction\",\"target\":{\"@type\":\"EntryPoint\",\"urlTemplate\":\"https:\/\/orise.com\/de\/?s={search_term_string}\"},\"query-input\":{\"@type\":\"PropertyValueSpecification\",\"valueRequired\":true,\"valueName\":\"search_term_string\"}}],\"inLanguage\":\"de-DE\"},{\"@type\":\"Organization\",\"@id\":\"https:\/\/orise.com\/de\/#organization\",\"name\":\"Orise\",\"url\":\"https:\/\/orise.com\/de\/\",\"logo\":{\"@type\":\"ImageObject\",\"inLanguage\":\"de-DE\",\"@id\":\"https:\/\/orise.com\/de\/#\/schema\/logo\/image\/\",\"url\":\"https:\/\/orise.com\/wp-content\/uploads\/sites\/71\/2025\/04\/cropped-Orise-Circle-Icon-Website-V1-1.png\",\"contentUrl\":\"https:\/\/orise.com\/wp-content\/uploads\/sites\/71\/2025\/04\/cropped-Orise-Circle-Icon-Website-V1-1.png\",\"width\":512,\"height\":512,\"caption\":\"Orise\"},\"image\":{\"@id\":\"https:\/\/orise.com\/de\/#\/schema\/logo\/image\/\"}}]}<\/script>\n<!-- \/ Yoast SEO Premium plugin. -->","yoast_head_json":{"title":"SAP Operation | Orise","description":"Finden Sie das passende SAP-Betriebsmodell f\u00fcr Ihr Unternehmen \u2013 RISE, GROW, Hybrid Cloud & SAP BTP. Strategisch, flexibel und zukunftssicher.","robots":{"index":"index","follow":"follow","max-snippet":"max-snippet:-1","max-image-preview":"max-image-preview:large","max-video-preview":"max-video-preview:-1"},"canonical":"https:\/\/orise.com\/de\/sap-operation\/","og_locale":"de_DE","og_type":"article","og_title":"SAP Operation","og_description":"Finden Sie das passende SAP-Betriebsmodell f\u00fcr Ihr Unternehmen \u2013 RISE, GROW, Hybrid Cloud & SAP BTP. Strategisch, flexibel und zukunftssicher.","og_url":"https:\/\/orise.com\/de\/sap-operation\/","og_site_name":"Orise","article_modified_time":"2026-04-29T15:05:05+00:00","og_image":[{"url":"https:\/\/orise.com\/wp-content\/uploads\/sites\/71\/2025\/04\/Image-Banner-WordPress-3.png?w=768","width":768,"height":288,"type":"image\/png"}],"twitter_card":"summary_large_image","twitter_misc":{"Gesch\u00e4tzte Lesezeit":"1 Minute"},"schema":{"@context":"https:\/\/schema.org","@graph":[{"@type":"WebPage","@id":"https:\/\/orise.com\/de\/sap-operation\/","url":"https:\/\/orise.com\/de\/sap-operation\/","name":"SAP Operation | Orise","isPartOf":{"@id":"https:\/\/orise.com\/de\/#website"},"primaryImageOfPage":{"@id":"https:\/\/orise.com\/de\/sap-operation\/#primaryimage"},"image":{"@id":"https:\/\/orise.com\/de\/sap-operation\/#primaryimage"},"thumbnailUrl":"https:\/\/orise.com\/wp-content\/uploads\/sites\/71\/2025\/04\/Image-Banner-WordPress-3.png","datePublished":"2025-04-04T05:58:54+00:00","dateModified":"2026-04-29T15:05:05+00:00","description":"Finden Sie das passende SAP-Betriebsmodell f\u00fcr Ihr Unternehmen \u2013 RISE, GROW, Hybrid Cloud & SAP BTP. Strategisch, flexibel und zukunftssicher.","breadcrumb":{"@id":"https:\/\/orise.com\/de\/sap-operation\/#breadcrumb"},"inLanguage":"de-DE","potentialAction":[{"@type":"ReadAction","target":["https:\/\/orise.com\/de\/sap-operation\/"]}]},{"@type":"ImageObject","inLanguage":"de-DE","@id":"https:\/\/orise.com\/de\/sap-operation\/#primaryimage","url":"https:\/\/orise.com\/wp-content\/uploads\/sites\/71\/2025\/04\/Image-Banner-WordPress-3.png","contentUrl":"https:\/\/orise.com\/wp-content\/uploads\/sites\/71\/2025\/04\/Image-Banner-WordPress-3.png","width":1920,"height":720},{"@type":"BreadcrumbList","@id":"https:\/\/orise.com\/de\/sap-operation\/#breadcrumb","itemListElement":[{"@type":"ListItem","position":1,"name":"Home","item":"https:\/\/orise.com\/de\/"},{"@type":"ListItem","position":2,"name":"SAP Operation"}]},{"@type":"WebSite","@id":"https:\/\/orise.com\/de\/#website","url":"https:\/\/orise.com\/de\/","name":"Orise","description":"Unlock your full potential.","publisher":{"@id":"https:\/\/orise.com\/de\/#organization"},"potentialAction":[{"@type":"SearchAction","target":{"@type":"EntryPoint","urlTemplate":"https:\/\/orise.com\/de\/?s={search_term_string}"},"query-input":{"@type":"PropertyValueSpecification","valueRequired":true,"valueName":"search_term_string"}}],"inLanguage":"de-DE"},{"@type":"Organization","@id":"https:\/\/orise.com\/de\/#organization","name":"Orise","url":"https:\/\/orise.com\/de\/","logo":{"@type":"ImageObject","inLanguage":"de-DE","@id":"https:\/\/orise.com\/de\/#\/schema\/logo\/image\/","url":"https:\/\/orise.com\/wp-content\/uploads\/sites\/71\/2025\/04\/cropped-Orise-Circle-Icon-Website-V1-1.png","contentUrl":"https:\/\/orise.com\/wp-content\/uploads\/sites\/71\/2025\/04\/cropped-Orise-Circle-Icon-Website-V1-1.png","width":512,"height":512,"caption":"Orise"},"image":{"@id":"https:\/\/orise.com\/de\/#\/schema\/logo\/image\/"}}]}},"acf":[],"_links":{"self":[{"href":"https:\/\/orise.com\/de\/wp-json\/wp\/v2\/pages\/22120","targetHints":{"allow":["GET"]}}],"collection":[{"href":"https:\/\/orise.com\/de\/wp-json\/wp\/v2\/pages"}],"about":[{"href":"https:\/\/orise.com\/de\/wp-json\/wp\/v2\/types\/page"}],"author":[{"embeddable":true,"href":"https:\/\/orise.com\/de\/wp-json\/wp\/v2\/users\/475"}],"replies":[{"embeddable":true,"href":"https:\/\/orise.com\/de\/wp-json\/wp\/v2\/comments?post=22120"}],"version-history":[{"count":8,"href":"https:\/\/orise.com\/de\/wp-json\/wp\/v2\/pages\/22120\/revisions"}],"predecessor-version":[{"id":36592,"href":"https:\/\/orise.com\/de\/wp-json\/wp\/v2\/pages\/22120\/revisions\/36592"}],"wp:featuredmedia":[{"embeddable":true,"href":"https:\/\/orise.com\/de\/wp-json\/wp\/v2\/media\/22317"}],"wp:attachment":[{"href":"https:\/\/orise.com\/de\/wp-json\/wp\/v2\/media?parent=22120"}],"curies":[{"name":"wp","href":"https:\/\/api.w.org\/{rel}","templated":true}]}}