{"id":23468,"date":"2025-04-14T20:01:01","date_gmt":"2025-04-14T20:01:01","guid":{"rendered":"https:\/\/orise.com\/manufacturing-ai\/"},"modified":"2025-10-01T17:42:24","modified_gmt":"2025-10-01T17:42:24","slug":"manufacturing-ki","status":"publish","type":"page","link":"https:\/\/orise.com\/de\/digital-products\/manufacturing-ki\/","title":{"rendered":"Manufacturing AI"},"content":{"rendered":"<div id=\"pageheader-block_89fd46160d731a0b972f9c6b7616dde0\" class=\"content-row content-row-pageheader background_darken\t\tcontent-row-pageheader-anchor   pageheader\">\n        <div class=\"contentPart-fixed\">\n        <div class=\"contentPart-inner\">\n            <div class=\"contentPart-text width-100\">\n                <h1>\n                                        KI f\u00fcr die Fertigung                                    <\/h1>\n                <h2 class=\"trans\">\n                                        Verwandeln Sie Ihre Daten in umsetzbare Erkenntnisse und nachhaltige L\u00f6sungen.                                    <\/h2>\n                                                <div class=\"anchor_links-wrapper trans\">\n                                        <div class=\"anchor_link-item trans\">\n                        <div class=\"anchor_link-item-inner\">\n                            <a class=\"anchorlink\" data-subtab=\"\"\n                                data-anchor=\"#digitalai\"\n                                href=\"#\">Industrial KI Application<\/a>\n                        <\/div>\n                    <\/div>\n                                        <div class=\"anchor_link-item trans\">\n                        <div class=\"anchor_link-item-inner\">\n                            <a class=\"anchorlink\" data-subtab=\"\"\n                                data-anchor=\"#digitalai\"\n                                href=\"#\">Individuelle KI-L\u00f6sungen<\/a>\n                        <\/div>\n                    <\/div>\n                                        <div class=\"anchor_link-item trans\">\n                        <div class=\"anchor_link-item-inner\">\n                            <a class=\"anchorlink\" data-subtab=\"\"\n                                data-anchor=\"#value\"\n                                href=\"#\">Computer Vision<\/a>\n                        <\/div>\n                    <\/div>\n                                        <div class=\"anchor_link-item trans\">\n                        <div class=\"anchor_link-item-inner\">\n                            <a class=\"anchorlink\" data-subtab=\"\"\n                                data-anchor=\"#value\"\n                                href=\"#\">Workshops zur Wertentdeckung<\/a>\n                        <\/div>\n                    <\/div>\n                                        <div class=\"anchor_link-item trans\">\n                        <div class=\"anchor_link-item-inner\">\n                            <a class=\"anchorlink\" data-subtab=\"\"\n                                data-anchor=\"#excellence\"\n                                href=\"#\">Exzellenz in Betrieb, Service und F&amp;E<\/a>\n                        <\/div>\n                    <\/div>\n                                    <\/div>\n                            <\/div>\n        <\/div>\n    <\/div>\n    <div class=\"slidedown-button editor-hide\">\n        <span class=\"slidedown-label\">Mehr erfahren<\/span>\n        <img decoding=\"async\" src=\"https:\/\/orise.com\/wp-content\/themes\/ats-orise\/img\/doubble-arrow-down.svg\" alt=\"\"\n            class=\"slidedown-icon\">\n    <\/div>\n<\/div>\n\n\n\n    <div id=\"image_banner-block_848ec1898b4760851c9ce00a7c9ee27e\" class=\"content-row content-row-imagebanner trans bg-base image_banner test\">\n                                                <img decoding=\"async\" src=\"https:\/\/orise.com\/wp-content\/uploads\/sites\/71\/2025\/04\/manufacturing-ai-banner.jpg?w=1920&#038;h=0&#038;crop=1\" alt=\"\" class=\"fullscreen\">\n            <\/div>\n\n\n\n    <div id=\"imagetext_textvariation-block_8f8cb0b67ba3e8a9d3fa0c65584b55f4\" class=\"content-row content-row-textvariation background_darken    textvariation\">\n        <div class=\"contentPart-inner\">\n            <div class=\"contentPart-text\">\n                                    <h2 class=\"text-blue content-row-headline trans\">\n                        Unsere Expertise                    <\/h2>\n                                                    <div class=\"subline trans\">\n                        Unsere Expertise in fortschrittlicher Datenanalyse und industrieller Prozesssteuerung erm\u00f6glicht es uns, sofortigen Mehrwert zu liefern, indem wir Ihre Unternehmensprozesse optimieren.                    <\/div>\n                            <\/div>\n                            <div class=\"contentPart-textbox width-50 textInput trans\">\n                    <p>Unser Team aus f\u00fchrenden Experten in\u00a0<strong>Signalverarbeitung, K\u00fcnstlicher Intelligenz, Softwareentwicklung, Data Mining und fortschrittlicher Prozesssteuerung<\/strong>\u00a0widmet sich der L\u00f6sung Ihrer einzigartigen Herausforderungen. Wir sind stolz darauf,\u00a0<strong>intelligente Softwarel\u00f6sungen<\/strong>\u00a0zu entwickeln, die nicht nur\u00a0<strong>die Effizienz steigern<\/strong>, sondern auch zu einem gr\u00fcneren Planeten beitragen.<\/p>\n                <\/div>\n                                        <div class=\"contentPart-textbox contentPart-textbox_2 textInput width-50 trans\">\n                    <div class=\"flex animate-fade-in-output text-primary\">\n<div class=\"relative max-h-[280px] flex-1 overflow-auto px-3 py-3\" data-testid=\"inline-output-content\">\n<div class=\"text-small [&amp;&gt;*]:p-0 [&amp;&gt;*]:py-[2px]\" style=\"border-width: 0px;border-style: solid;--tw-border-spacing-x: 0;--tw-border-spacing-y: 0;--tw-translate-x: 0;--tw-translate-y: 0;--tw-rotate: 0;--tw-skew-x: 0;--tw-skew-y: 0;--tw-scale-x: 1;--tw-scale-y: 1;--tw-scroll-snap-strictness: proximity;--tw-ring-offset-width: 0px;--tw-ring-offset-color: #fff;--tw-ring-offset-shadow: 0 0 #0000;--tw-ring-shadow: 0 0 #0000;--tw-shadow: 0 0 #0000;--tw-shadow-colored: 0 0 #0000;font-size: 0.875rem;line-height: 1.5rem\">\n<p>Durch die Reduzierung von\u00a0<strong>Energieverbrauch, Minimierung des Rohstoffeinsatzes und Vermeidung von Abf\u00e4llen<\/strong>\u00a0unterst\u00fctzen wir Sie bei der Erreichung Ihrer\u00a0<strong>Nachhaltigkeitsziele<\/strong>. Kurz gesagt, wir sind darauf spezialisiert, aus Daten Mehrwert zu schaffen, indem wir praktische L\u00f6sungen durch fortschrittliche Datenanalyse, KI und unsere Ingenieursexpertise anbieten, um Ihr Unternehmen voranzubringen.<\/p>\n<\/div>\n<\/div>\n<\/div>\n                <\/div>\n                    <\/div>\n                    <\/div>\n\n\n<div id=\"digitalai\" class=\"content-row anchortarget trans anchortarget\">\n    <h3 class=\"editorInfo\">#digitalai<\/h3>\n<\/div>\n\n    <div id=\"imagetext_textvariation-block_5a3fdcb5aea30bfbf98a028841e6f4cd\" class=\"content-row content-row-textvariation background_blue    textvariation\">\n        <div class=\"contentPart-inner\">\n            <div class=\"contentPart-text\">\n                                    <h2 class=\"text-blue content-row-headline trans\">\n                        Unsere L\u00f6sungen                    <\/h2>\n                                            <\/div>\n                            <div class=\"contentPart-textbox width-50 textInput trans\">\n                    <h3><\/h3>\n<h3><strong>Industrial KI Application<\/strong><\/h3>\n<p><strong>Orise Digital&#8217;s Industrial KI Application<\/strong>\u00a0ist eine\u00a0<strong>industrielle Datenanalyse-Softwarel\u00f6sung<\/strong>, die Ihnen erm\u00f6glicht, die Kraft Ihrer Daten zu nutzen durch:<\/p>\n<p>&nbsp;<\/p>\n<ul class=\"!p-0 !pl-[24px] !py-[2px] list-disc [&amp;_li]:!pt-[4px]\">\n<li><strong>Echtzeit\u00fcberwachung<\/strong>\u00a0des\u00a0<strong>Zustands Ihrer Anlagen<\/strong>\u00a0mittels\u00a0<strong>Sensorvalidierung und propriet\u00e4rer KI-gest\u00fctzter Anomalieerkennung<\/strong>, die speziell f\u00fcr\u00a0<strong>Maschinengesundheits\u00fcberwachung<\/strong>\u00a0entwickelt wurde<\/li>\n<li><strong>Implementierung und Bereitstellung pr\u00e4diktiver Wartungsl\u00f6sungen<\/strong>, die auf Ihre Bed\u00fcrfnisse abgestimmt sind, indem die besten KI-Funktionen mit menschlicher Expertise kombiniert werden<\/li>\n<li><strong>Erstellung, Validierung und Bereitstellung pr\u00e4diktiver Modelle<\/strong>, wie z. B. virtueller Sensoren, die vorhersagen, wie physische Sensormessungen ausfallen werden<\/li>\n<li><strong>Echtzeitempfehlungen<\/strong>\u00a0an Bediener, wie\u00a0<strong>goldene Produktionsl\u00e4ufe<\/strong>\u00a0realisiert werden k\u00f6nnen<\/li>\n<\/ul>\n<p>&nbsp;<\/p>\n<p><strong>Industrial KI Application<\/strong>\u00a0hat eine\u00a0<strong>bew\u00e4hrte Erfolgsbilanz<\/strong>\u00a0f\u00fcr verschiedene Maschinen- und Datentypen, einschlie\u00dflich kontinuierlicher und diskreter industrieller Produktionsprozesse sowie Montage- und Verpackungslinien in der Fertigung.<\/p>\n<p>&nbsp;<\/p>\n<p>Es bietet eine Vielzahl von Vorteilen, die industrielle Abl\u00e4ufe durch fortschrittliche Datenanalysen und KI-gest\u00fctzte Funktionen erheblich verbessern.<\/p>\n<p>&nbsp;<\/p>\n<p>Im Gegensatz zu traditionellen Industrial-IoT-Plattformen ist\u00a0<strong>Orise Digital&#8217;s Industrial KI Application<\/strong>\u00a0eine\u00a0<strong>Plug-in-Software, die fortschrittliche Datenanalysem\u00f6glichkeiten zu jedem bestehenden Maschinendatenerfassungssystem<\/strong>\u00a0hinzuf\u00fcgt, wie z. B. Datenhistoriker, SCADA\/DCS oder Cloud-Plattformen.<\/p>\n<p>&nbsp;<\/p>\n<p><strong>Erfahren Sie mehr \u00fcber: <a href=\"https:\/\/orise.com\/de\/digital-products\/manufacturing-ki\/industrial-ki-application\/\" target=\"_blank\" rel=\"noopener\">Industrial KI Application<\/a><\/strong><\/p>\n                <\/div>\n                                        <div class=\"contentPart-textbox contentPart-textbox_2 textInput width-50 trans\">\n                    <h3><\/h3>\n<h3 class=\"text-small font-bold !p-0 !pt-[4px] !pb-[2px]\"><strong>Individuelle KI-L\u00f6sungen<\/strong><\/h3>\n<p>Bei Orise sind wir darauf spezialisiert, praktische Softwarel\u00f6sungen und Dienstleistungen bereitzustellen, die aus Ihren Daten einen Mehrwert schaffen. Unsere\u00a0<strong>individuellen KI-L\u00f6sungen<\/strong>\u00a0sind genau auf Ihre spezifischen Anforderungen zugeschnitten. Wir entwickeln hochmoderne Algorithmen und erstellen Computermodelle, die Ihre individuellen Herausforderungen l\u00f6sen.<\/p>\n<p>&nbsp;<\/p>\n<p>Unser Expertenteam mit Fachkenntnissen in Ingenieurwesen und Informatik sorgt daf\u00fcr, dass unsere L\u00f6sungen sowohl innovativ als auch effektiv sind.<\/p>\n<p>&nbsp;<\/p>\n<p>Die individuellen KI-L\u00f6sungen von Orise bieten eine Reihe fortschrittlicher Funktionen, die auf Ihre spezifischen Gesch\u00e4ftsanforderungen zugeschnitten sind, wie zum Beispiel:<\/p>\n<p>&nbsp;<\/p>\n<ul class=\"!p-0 !pl-[24px] !py-[2px] list-disc [&amp;_li]:!pt-[4px]\">\n<li><strong>Entscheidungsunterst\u00fctzung<\/strong><\/li>\n<li><strong>Was-w\u00e4re-wenn-Analyse<\/strong><\/li>\n<li><strong>Automatisierte Optimierung<\/strong><\/li>\n<li><strong>Planungsempfehlungen<\/strong><\/li>\n<li><strong>Diagnostische Analysen<\/strong><\/li>\n<\/ul>\n<p>&nbsp;<\/p>\n<p><strong>Erfahren Sie mehr \u00fcber: <a class=\"text-link underline underline-offset-4 text-left\" title=\"null\" href=\"https:\/\/orise.com\/custom-ai-solutions\/\" rel=\"noopener noreferrer\">Individuelle KI-L\u00f6sungen<\/a><\/strong><\/p>\n                <\/div>\n                    <\/div>\n                    <\/div>\n\n\n<div id=\"value\" class=\"content-row anchortarget trans anchortarget\">\n    <h3 class=\"editorInfo\">#value<\/h3>\n<\/div>\n\n    <div id=\"imagetext_textvariation-block_a9000721f4b5009ace9b165ca9a4604e\" class=\"content-row content-row-textvariation bg-base    textvariation\">\n        <div class=\"contentPart-inner\">\n            <div class=\"contentPart-text\">\n                                            <\/div>\n                            <div class=\"contentPart-textbox width-50 textInput trans\">\n                    <h3><strong>Computer Vision<\/strong><\/h3>\n<p>Zus\u00e4tzlich zu unseren Datenanalyse- und KI-L\u00f6sungen spezialisieren wir uns auch auf Machine-Vision-Technologien. Computer Vision ist eine Spitzentechnologie, die fortschrittliche Algorithmen und Industriesensoren nutzt, um Prozessverbesserungen und Datenanalysen in verschiedenen Anwendungsbereichen zu optimieren.<\/p>\n<p>&nbsp;<\/p>\n<p>Computer Vision basiert auf unserer Expertise in der Entwicklung ma\u00dfgeschneiderter L\u00f6sungen f\u00fcr komplexe automatische Inspektions- und Sortierprobleme. Durch die Nutzung von 2D-, 3D- und Thermovision-Technologien wird wertvolle Information aus Bildern extrahiert. Die Integration von Computer Vision mit k\u00fcnstlicher Intelligenz und fortschrittlicher Prozesskontrolle erm\u00f6glicht es, handlungsrelevante Einblicke zu gewinnen, diagnostische Analysen durchzuf\u00fchren und sogar automatische Korrekturma\u00dfnahmen zu ergreifen, um eine gleichbleibende Produktqualit\u00e4t und betriebliche Effizienz sicherzustellen.<\/p>\n<p>&nbsp;<\/p>\n<ul class=\"!p-0 !pl-[24px] !py-[2px] list-disc [&amp;_li]:!pt-[4px]\">\n<li><strong>Qualit\u00e4tskontrolle<\/strong><\/li>\n<li><strong>Visuelle Inspektion<\/strong><\/li>\n<li><strong>Montagepr\u00fcfung<\/strong><\/li>\n<li><strong>Automatische Sortierung<\/strong><\/li>\n<li><strong>Messungen &amp; Metrologie<\/strong><\/li>\n<li><strong>Farb- und Formkontrolle<\/strong><\/li>\n<\/ul>\n<p>&nbsp;<\/p>\n<p>Entfesseln Sie das volle Potenzial Ihrer visuellen Daten mit unseren modernsten Computer-Vision-Diensten und -Tools. Egal ob Sie Echtzeit-Bildanalyse, Objekterkennung oder fortgeschrittene Mustererkennung ben\u00f6tigen \u2013 unser Expertenteam steht Ihnen zur Seite.<\/p>\n<p>&nbsp;<\/p>\n<p style=\"text-align: left\"><strong>Erfahren Sie mehr \u00fcber:\u00a0<a href=\"https:\/\/orise.com\/computer-vision\/\" target=\"_blank\" rel=\"noopener\">Computer Vision<\/a><\/strong><\/p>\n                <\/div>\n                                        <div class=\"contentPart-textbox contentPart-textbox_2 textInput width-50 trans\">\n                    <h3 class=\"text-small font-bold !p-0 !pt-[4px] !pb-[2px]\"><strong>Wert entdecken<\/strong><\/h3>\n<p>Orise bietet den\u00a0<strong>Discovering Value Workshop<\/strong>\u00a0sowie eine\u00a0<strong>Discovering Value Pre-Study<\/strong>\u00a0an. Diese Dienste helfen Ihnen, das volle Potenzial Ihrer Daten auszusch\u00f6pfen, indem Ineffizienzen und Projekte mit hohem Mehrwert identifiziert werden.<\/p>\n<p>&nbsp;<\/p>\n<ul class=\"!p-0 !pl-[24px] !py-[2px] list-disc [&amp;_li]:!pt-[4px]\">\n<li>Der Workshop umfasst eine Einf\u00fchrung in Datenanalysen, Experteneinblicke, strukturiertes Brainstorming und die Auswahl von Projekten basierend auf Wert und Machbarkeit.<\/li>\n<li>Die Pre-Study beinhaltet eine explorative Bewertung, um Verbesserungsbereiche zu identifizieren. Sie liefert Einblicke und Empfehlungen, um Projekte basierend auf ROI und Risiko zu priorisieren.<\/li>\n<\/ul>\n<p>&nbsp;<\/p>\n<p>Gemeinsam gew\u00e4hrleisten diese Services, dass Organisationen Datenanalysen effektiv nutzen k\u00f6nnen, um kontinuierliche Verbesserungen und operative Exzellenz voranzutreiben.<\/p>\n<p>&nbsp;<\/p>\n<p><a class=\"text-link underline underline-offset-4 text-left\" title=\"null\" href=\"https:\/\/go.atsautomation.com\/l\/651873\/2025-03-12\/h7rd6y\" rel=\"noopener noreferrer\">Entdecken Sie noch heute den Wert!<\/a><\/p>\n                <\/div>\n                    <\/div>\n                    <\/div>\n\n\n<div id=\"excellence\" class=\"content-row anchortarget trans anchortarget\">\n    <h3 class=\"editorInfo\">#excellence<\/h3>\n<\/div>\n\n    <div id=\"imagetext_textvariation-block_4f9da570f1dd0cc7d284c1dd411c3107\" class=\"content-row content-row-textvariation background_blue    textvariation\">\n        <div class=\"contentPart-inner\">\n            <div class=\"contentPart-text\">\n                                            <\/div>\n                            <div class=\"contentPart-textbox width-50 textInput trans\">\n                    <p>&nbsp;<\/p>\n<h3><strong>Operational Excellence<\/strong><\/h3>\n<p><strong>M\u00f6chten Sie Ihre Betriebseffizienz verbessern?<\/strong><\/p>\n<p>&nbsp;<\/p>\n<p>Erfahren Sie, wie unsere datengesteuerten Entscheidungshilfen, Process Mining und Ursachenanalysen Ihre Abl\u00e4ufe optimieren, Kosten senken und die Leistung steigern k\u00f6nnen.<\/p>\n<p>&nbsp;<\/p>\n<p>Erfahren Sie mehr \u00fcber betriebliche Exzellenz\u00a0<a class=\"text-link underline underline-offset-4 text-left\" title=\"null\" href=\"https:\/\/orise.com\/operational-excellence\/\" rel=\"noopener noreferrer\">hier.<\/a><\/p>\n                <\/div>\n                                        <div class=\"contentPart-textbox contentPart-textbox_2 textInput width-50 trans\">\n                    <p>&nbsp;<\/p>\n<h3 class=\"text-small font-bold !p-0 !pt-[4px] !pb-[2px]\"><strong>Service- und F&amp;E-Exzellenz<\/strong><\/h3>\n<p><strong>M\u00f6chten Sie Ihre Serviceeffizienz steigern und die Produktentwicklung beschleunigen?<\/strong><\/p>\n<p>&nbsp;<\/p>\n<p>Erfahren Sie, wie unsere fortschrittliche Datenanalyse und maschinelles Lernen Ihrem Team helfen, Reaktionszeiten zu verk\u00fcrzen, die Kundenzufriedenheit zu verbessern und bessere, zuverl\u00e4ssigere Produkte zu entwickeln.<\/p>\n<p>&nbsp;<\/p>\n<p>Erfahren Sie mehr \u00fcber Service- und F&amp;E-Exzellenz\u00a0<a class=\"text-link underline underline-offset-4 text-left\" title=\"null\" href=\"https:\/\/orise.com\/service-and-rd-excellence\/\" rel=\"noopener noreferrer\">hier.<\/a><\/p>\n                <\/div>\n                    <\/div>\n                    <\/div>\n\n\n    <div id=\"contactform-block_020d5bb89dd31d0326637d10dece9f38\" class=\"content-row content-row-contactform  background_darken contactform\">\n        <div class=\"contentPart-inner\">\n\n            <div class=\"contentPart-text width-100\">\n                                    <h2 class=\"text-blue content-row-headline trans\">\n                        Entdecken Sie unsere KI-L\u00f6sungen und Software f\u00fcr die Fertigung.<br \/>\r\nKontaktieren Sie uns noch heute!                    <\/h2>\n                            <\/div>\n\n            <div class=\"contactform-wrapper trans\">\n                                    <iframe src=\"https:\/\/go.atsautomation.com\/l\/651873\/2025-06-04\/h7yqxf\" class=\"form-iframe form-iframe-contactform\" data-cookieconsent=\"marketing\"><\/iframe>\n                            <\/div>\n\n        <\/div>\n    <\/div>\n","protected":false},"excerpt":{"rendered":"","protected":false},"author":459,"featured_media":0,"parent":24373,"menu_order":0,"comment_status":"closed","ping_status":"closed","template":"","meta":{"_acf_changed":false,"_cr_original_post":"16905","_cr_replace_post_id":"","_cr_replacing_post_id":"","footnotes":""},"class_list":["post-23468","page","type-page","status-publish","hentry"],"yoast_head":"<!-- This site is optimized with the Yoast SEO Premium plugin v26.8 (Yoast SEO v26.8) - https:\/\/yoast.com\/product\/yoast-seo-premium-wordpress\/ -->\n<title>Manufacturing KI | Orise Digital<\/title>\n<meta name=\"description\" content=\"Orise Manufacturing KI verwandelt Daten in umsetzbare Erkenntnisse und nachhaltige L\u00f6sungen durch fortschrittliche Datenanalytik f\u00fcr sofortigen Mehrwert.\" \/>\n<meta name=\"robots\" content=\"index, follow, max-snippet:-1, max-image-preview:large, max-video-preview:-1\" \/>\n<link rel=\"canonical\" href=\"https:\/\/orise.com\/de\/digital-products\/manufacturing-ki\/\" \/>\n<meta property=\"og:locale\" content=\"de_DE\" \/>\n<meta property=\"og:type\" content=\"article\" \/>\n<meta property=\"og:title\" content=\"Manufacturing AI\" \/>\n<meta property=\"og:description\" content=\"Orise Manufacturing KI verwandelt Daten in umsetzbare Erkenntnisse und nachhaltige L\u00f6sungen durch fortschrittliche Datenanalytik f\u00fcr sofortigen Mehrwert.\" \/>\n<meta property=\"og:url\" content=\"https:\/\/orise.com\/de\/digital-products\/manufacturing-ki\/\" \/>\n<meta property=\"og:site_name\" content=\"Orise\" \/>\n<meta property=\"article:modified_time\" content=\"2025-10-01T17:42:24+00:00\" \/>\n<meta name=\"twitter:card\" content=\"summary_large_image\" \/>\n<script type=\"application\/ld+json\" class=\"yoast-schema-graph\">{\"@context\":\"https:\/\/schema.org\",\"@graph\":[{\"@type\":\"WebPage\",\"@id\":\"https:\/\/orise.com\/de\/digital-products\/manufacturing-ki\/\",\"url\":\"https:\/\/orise.com\/de\/digital-products\/manufacturing-ki\/\",\"name\":\"Manufacturing KI | Orise Digital\",\"isPartOf\":{\"@id\":\"https:\/\/orise.com\/de\/#website\"},\"datePublished\":\"2025-04-14T20:01:01+00:00\",\"dateModified\":\"2025-10-01T17:42:24+00:00\",\"description\":\"Orise Manufacturing KI verwandelt Daten in umsetzbare Erkenntnisse und nachhaltige L\u00f6sungen durch fortschrittliche Datenanalytik f\u00fcr sofortigen Mehrwert.\",\"breadcrumb\":{\"@id\":\"https:\/\/orise.com\/de\/digital-products\/manufacturing-ki\/#breadcrumb\"},\"inLanguage\":\"de-DE\",\"potentialAction\":[{\"@type\":\"ReadAction\",\"target\":[\"https:\/\/orise.com\/de\/digital-products\/manufacturing-ki\/\"]}]},{\"@type\":\"BreadcrumbList\",\"@id\":\"https:\/\/orise.com\/de\/digital-products\/manufacturing-ki\/#breadcrumb\",\"itemListElement\":[{\"@type\":\"ListItem\",\"position\":1,\"name\":\"Home\",\"item\":\"https:\/\/orise.com\/de\/\"},{\"@type\":\"ListItem\",\"position\":2,\"name\":\"Digital Products\",\"item\":\"https:\/\/orise.com\/de\/digital-products\/\"},{\"@type\":\"ListItem\",\"position\":3,\"name\":\"Manufacturing AI\"}]},{\"@type\":\"WebSite\",\"@id\":\"https:\/\/orise.com\/de\/#website\",\"url\":\"https:\/\/orise.com\/de\/\",\"name\":\"Orise\",\"description\":\"Unlock your full potential.\",\"publisher\":{\"@id\":\"https:\/\/orise.com\/de\/#organization\"},\"potentialAction\":[{\"@type\":\"SearchAction\",\"target\":{\"@type\":\"EntryPoint\",\"urlTemplate\":\"https:\/\/orise.com\/de\/?s={search_term_string}\"},\"query-input\":{\"@type\":\"PropertyValueSpecification\",\"valueRequired\":true,\"valueName\":\"search_term_string\"}}],\"inLanguage\":\"de-DE\"},{\"@type\":\"Organization\",\"@id\":\"https:\/\/orise.com\/de\/#organization\",\"name\":\"Orise\",\"url\":\"https:\/\/orise.com\/de\/\",\"logo\":{\"@type\":\"ImageObject\",\"inLanguage\":\"de-DE\",\"@id\":\"https:\/\/orise.com\/de\/#\/schema\/logo\/image\/\",\"url\":\"https:\/\/orise.com\/wp-content\/uploads\/sites\/71\/2025\/04\/cropped-Orise-Circle-Icon-Website-V1-1.png\",\"contentUrl\":\"https:\/\/orise.com\/wp-content\/uploads\/sites\/71\/2025\/04\/cropped-Orise-Circle-Icon-Website-V1-1.png\",\"width\":512,\"height\":512,\"caption\":\"Orise\"},\"image\":{\"@id\":\"https:\/\/orise.com\/de\/#\/schema\/logo\/image\/\"}}]}<\/script>\n<!-- \/ Yoast SEO Premium plugin. -->","yoast_head_json":{"title":"Manufacturing KI | Orise Digital","description":"Orise Manufacturing KI verwandelt Daten in umsetzbare Erkenntnisse und nachhaltige L\u00f6sungen durch fortschrittliche Datenanalytik f\u00fcr sofortigen Mehrwert.","robots":{"index":"index","follow":"follow","max-snippet":"max-snippet:-1","max-image-preview":"max-image-preview:large","max-video-preview":"max-video-preview:-1"},"canonical":"https:\/\/orise.com\/de\/digital-products\/manufacturing-ki\/","og_locale":"de_DE","og_type":"article","og_title":"Manufacturing AI","og_description":"Orise Manufacturing KI verwandelt Daten in umsetzbare Erkenntnisse und nachhaltige L\u00f6sungen durch fortschrittliche Datenanalytik f\u00fcr sofortigen Mehrwert.","og_url":"https:\/\/orise.com\/de\/digital-products\/manufacturing-ki\/","og_site_name":"Orise","article_modified_time":"2025-10-01T17:42:24+00:00","twitter_card":"summary_large_image","schema":{"@context":"https:\/\/schema.org","@graph":[{"@type":"WebPage","@id":"https:\/\/orise.com\/de\/digital-products\/manufacturing-ki\/","url":"https:\/\/orise.com\/de\/digital-products\/manufacturing-ki\/","name":"Manufacturing KI | Orise Digital","isPartOf":{"@id":"https:\/\/orise.com\/de\/#website"},"datePublished":"2025-04-14T20:01:01+00:00","dateModified":"2025-10-01T17:42:24+00:00","description":"Orise Manufacturing KI verwandelt Daten in umsetzbare Erkenntnisse und nachhaltige L\u00f6sungen durch fortschrittliche Datenanalytik f\u00fcr sofortigen Mehrwert.","breadcrumb":{"@id":"https:\/\/orise.com\/de\/digital-products\/manufacturing-ki\/#breadcrumb"},"inLanguage":"de-DE","potentialAction":[{"@type":"ReadAction","target":["https:\/\/orise.com\/de\/digital-products\/manufacturing-ki\/"]}]},{"@type":"BreadcrumbList","@id":"https:\/\/orise.com\/de\/digital-products\/manufacturing-ki\/#breadcrumb","itemListElement":[{"@type":"ListItem","position":1,"name":"Home","item":"https:\/\/orise.com\/de\/"},{"@type":"ListItem","position":2,"name":"Digital Products","item":"https:\/\/orise.com\/de\/digital-products\/"},{"@type":"ListItem","position":3,"name":"Manufacturing AI"}]},{"@type":"WebSite","@id":"https:\/\/orise.com\/de\/#website","url":"https:\/\/orise.com\/de\/","name":"Orise","description":"Unlock your full potential.","publisher":{"@id":"https:\/\/orise.com\/de\/#organization"},"potentialAction":[{"@type":"SearchAction","target":{"@type":"EntryPoint","urlTemplate":"https:\/\/orise.com\/de\/?s={search_term_string}"},"query-input":{"@type":"PropertyValueSpecification","valueRequired":true,"valueName":"search_term_string"}}],"inLanguage":"de-DE"},{"@type":"Organization","@id":"https:\/\/orise.com\/de\/#organization","name":"Orise","url":"https:\/\/orise.com\/de\/","logo":{"@type":"ImageObject","inLanguage":"de-DE","@id":"https:\/\/orise.com\/de\/#\/schema\/logo\/image\/","url":"https:\/\/orise.com\/wp-content\/uploads\/sites\/71\/2025\/04\/cropped-Orise-Circle-Icon-Website-V1-1.png","contentUrl":"https:\/\/orise.com\/wp-content\/uploads\/sites\/71\/2025\/04\/cropped-Orise-Circle-Icon-Website-V1-1.png","width":512,"height":512,"caption":"Orise"},"image":{"@id":"https:\/\/orise.com\/de\/#\/schema\/logo\/image\/"}}]}},"acf":[],"_links":{"self":[{"href":"https:\/\/orise.com\/de\/wp-json\/wp\/v2\/pages\/23468","targetHints":{"allow":["GET"]}}],"collection":[{"href":"https:\/\/orise.com\/de\/wp-json\/wp\/v2\/pages"}],"about":[{"href":"https:\/\/orise.com\/de\/wp-json\/wp\/v2\/types\/page"}],"author":[{"embeddable":true,"href":"https:\/\/orise.com\/de\/wp-json\/wp\/v2\/users\/459"}],"replies":[{"embeddable":true,"href":"https:\/\/orise.com\/de\/wp-json\/wp\/v2\/comments?post=23468"}],"version-history":[{"count":6,"href":"https:\/\/orise.com\/de\/wp-json\/wp\/v2\/pages\/23468\/revisions"}],"predecessor-version":[{"id":32220,"href":"https:\/\/orise.com\/de\/wp-json\/wp\/v2\/pages\/23468\/revisions\/32220"}],"up":[{"embeddable":true,"href":"https:\/\/orise.com\/de\/wp-json\/wp\/v2\/pages\/24373"}],"wp:attachment":[{"href":"https:\/\/orise.com\/de\/wp-json\/wp\/v2\/media?parent=23468"}],"curies":[{"name":"wp","href":"https:\/\/api.w.org\/{rel}","templated":true}]}}