{"id":24509,"date":"2025-03-31T17:27:47","date_gmt":"2025-03-31T17:27:47","guid":{"rendered":"https:\/\/orise.com\/digital-products\/estreams\/"},"modified":"2026-03-26T14:20:27","modified_gmt":"2026-03-26T14:20:27","slug":"estreams","status":"publish","type":"page","link":"https:\/\/orise.com\/de\/digital-products\/estreams\/","title":{"rendered":"eStreams"},"content":{"rendered":"<div id=\"pageheader-block_3c14650df5f518e44ebce3f1542b6c0f\" class=\"content-row content-row-pageheader bg-base pageheader\">\n        <div class=\"contentPart-fixed\">\n        <div class=\"contentPart-inner\">\n            <div class=\"contentPart-text width-100\">\n                <h1>\n                                        eStreams                                    <\/h1>\n                <h2 class=\"trans\">\n                                        Isolierte Automatisierung in eine zentrale DataOps-Plattform \u00fcberf\u00fchren \u2013 f\u00fcr schnellere und vollst\u00e4ndig konforme Abl\u00e4ufe.                                    <\/h2>\n                                            <\/div>\n        <\/div>\n    <\/div>\n    <div class=\"slidedown-button editor-hide\">\n        <span class=\"slidedown-label\">Mehr erfahren<\/span>\n        <img decoding=\"async\" src=\"https:\/\/orise.com\/wp-content\/themes\/ats-orise\/img\/doubble-arrow-down.svg\" alt=\"\"\n            class=\"slidedown-icon\">\n    <\/div>\n<\/div>\n\n\n\n    <div id=\"image_banner-block_1268aa13b9bf402b3efb49898040410b\" class=\"content-row content-row-imagebanner trans bg-base image_banner test\">\n                                                <img decoding=\"async\" src=\"https:\/\/orise.com\/wp-content\/uploads\/sites\/71\/2025\/07\/11915-PA-Solutions-_-Banners-design-for-landing-page_1920x350.png?w=1920&#038;h=0&#038;crop=1\" alt=\"\" class=\"fullscreen\">\n            <\/div>\n\n\n\n    <div id=\"imagetext_textvariation-block_9a9842f385c6bc5db6cc71366f0080aa\" class=\"content-row content-row-textvariation background_darken    textvariation\">\n        <div class=\"contentPart-inner\">\n            <div class=\"contentPart-text\">\n                                            <\/div>\n                            <div class=\"contentPart-textbox width-50 textInput trans\">\n                    <p>In der reguliertenIndustrie ist die Anbindung von Systemen wie MES, LIMS, ERP und Prozesssteuerung h\u00e4ufig ein manueller, code-lastiger Prozess, der schwer zu validieren oder zu skalieren ist.<\/p>\n<p>&nbsp;<\/p>\n<p><strong>Orise eStreams<\/strong> transformiert diese getrennten System in eine <strong>Workflow-basierte DataOps-Plattform<\/strong>, die speziell auf die Anforderungen von Life-Science-Betrieben zugeschnitten ist.<\/p>\n                <\/div>\n                                        <div class=\"contentPart-textbox contentPart-textbox_2 textInput width-50 trans\">\n                    <p>Orise eStreams <strong>koordiniert<\/strong> Datenstr\u00f6me, die Validierung und die Freigaben \u00fcber Ihre <strong>Automatisierungs- und Unternehmensebenen<\/strong> hinweg. Dies sichert <strong>Datenintegrit\u00e4t, Nachvollziehbarkeit<\/strong> und die <strong>Pr\u00fcfbereitschaft<\/strong> \u2013 alles innerhalb einer einzigen, qualifizierten Umgebung.<\/p>\n<p>Dank visueller Konfiguration, Versionskontrolle und integrierter GxP-Konformit\u00e4t erm\u00f6glicht eStreams die <strong>schnellere Umsetzung digitaler Projekte<\/strong> und ebnet den Weg zur <strong>Einf\u00fchrung von Pharma 4.0<\/strong>.<\/p>\n<p>&nbsp;<\/p>\n                <\/div>\n                    <\/div>\n                    <\/div>\n\n\n    <div id=\"textimage-block_a9a3b648e326014747be8626b5ebd724\" class=\"content-row content-row-textimage background_blue  textimage\">\n        <div class=\"contentPart-inner\">\n            <div class=\"contentPart-text width-50\">\n                <h2 class=\"trans text-blue \">\n                                            Von individuellem Code zu konfigurierbaren, validierten Workflows                                                        <\/h2>\n                <div class=\"textInput trans\">\n                                            <p>&nbsp;<\/p>\n<p>Orise eStreams ersetzt aufwendige Einwegprogrammierungen durch ein <strong>strukturiertes, auditierbares Workflow-Framework<\/strong>, das den Datentransfer zwischen Ihren Systemen vereinfacht \u2013 <strong>von der Datenquelle bis zur Ausf\u00fchrung<\/strong>.<\/p>\n<p>&nbsp;<\/p>\n<p>Statt separate Skripte f\u00fcr jede Schnittstelle zu entwickeln und zu validieren, entwerfen, genehmigen und implementieren Sie die Integrationslogik mit eStreams von Orise \u00fcber <strong>visuelle Workflows<\/strong>, die <strong>vollst\u00e4ndig versionskontrolliert<\/strong> und nachvollziehbar sind.<\/p>\n<p>&nbsp;<\/p>\n<p>Jeder Schritt, von der Anbindung der Datenquellen bis zur Produktionsausf\u00fchrung der Workflows, folgt einem klaren, konformen Prozess, der Datenintegrit\u00e4t, die <strong>Bereitschaft f\u00fcr Pr\u00fcfungen<\/strong> und Wiederholbarkeit in Ihren Abl\u00e4ufen sicherstellt.<\/p>\n<p>&nbsp;<\/p>\n                                    <\/div>\n                                                    <div class=\"btnrow btnrow-light bold trans\"><a href=\"https:\/\/orise.com\/wp-content\/uploads\/sites\/71\/2026\/03\/Orise-Digital_eStreams_Sales-Flyer_EN_Web.pdf\" target=\"_blank\" class=\"animateAll\">Englischen Flyer Ansehen<\/a><\/div>\n                            <\/div>\n            <div class=\"contentPart-image width-50 trans \">\n                                                    <img decoding=\"async\" src=\"https:\/\/orise.com\/wp-content\/uploads\/sites\/71\/2025\/11\/eStreams-landing-page-new-24.10.png?w=1024\" alt=\"\" class=\"textbildimg\">\n                            <\/div>\n        <\/div>\n    <\/div>\n\n\n    <div id=\"textimage-block_213442f73c3853ff8ac2bc634d3eb593\" class=\"content-row content-row-textimage background_darken  textimage\">\n        <div class=\"contentPart-inner\">\n            <div class=\"contentPart-text width-50\">\n                <h2 class=\"trans text-blue \">\n                                            Erweiterte Funktionen f\u00fcr h\u00f6chste Performance                                                        <\/h2>\n                <div class=\"textInput trans\">\n                                            <p>&nbsp;<\/p>\n<p>Orise eStreams \u00fcberbr\u00fcckt die L\u00fccke zwischen <strong>Unternehmenszielen<\/strong> und technischer Umsetzung: Es bietet dem Management <strong>Echtzeit-Transparenz, zentrale Steuerung und Skalierbarkeit<\/strong>, w\u00e4hrend Ingenieure von Pr\u00e4zision, Konfigurierbarkeit und <strong>integrierter Compliance<\/strong> profitieren.<\/p>\n<p>&nbsp;<\/p>\n<ul>\n<li><strong>Workflow Engine:<\/strong> <strong>Erstellen, genehmigen und starten<\/strong> Sie die Integrationslogik in einer <strong>No-Code-Umgebung<\/strong> mit Versionskontrolle und l\u00fcckenlosen Audit-Trails.<\/li>\n<li><strong>System Connectivity:<\/strong> <strong>Binden Sie<\/strong> speicherprogrammierbare Steuerungen (SPS\/PLCs), SCADA, MES, LIMS, ERP und Cloud-Systeme \u00fcber native Protokolle wie OPC UA, REST, MQTT und SQL <strong>an<\/strong> \u2013 f\u00fcr sichere Datenstr\u00f6me in Echtzeit.<\/li>\n<li><strong>Validierungsbereite Bereitstellung:<\/strong> Einmal validieren und <strong>beliebig wiederverwenden<\/strong> \u2013 dies beschleunigt die Prozesse der Computersystemvalidierung (CSV) und senkt den Qualifizierungsaufwand.<\/li>\n<li><strong>Edge- und VLAN<\/strong><strong>-Bereitstellung:<\/strong> Die L\u00f6sung kann direkt bei den Produktionsanlagen oder in isolierten, validierten Netzwerken betrieben werden, ohne die Datenintegrit\u00e4t zu gef\u00e4hrden.<\/li>\n<li><strong>Wiederverwendbare Workflow-Bibliotheken:<\/strong> Standardisieren Sie die Logik \u00fcber Anlagen und Standorte hinweg, was die Projektlaufzeit verk\u00fcrzt und eine konsistente Ausf\u00fchrung garantiert.<\/li>\n<li><strong>Interaktive Nodes:<\/strong> Kombinieren Sie Nutzereingaben mit automatisierten Abl\u00e4ufen f\u00fcr flexible, konforme Prozesssteuerung.<\/li>\n<li><strong>Integration von Custom Nodes und KI-Services:<\/strong> Betten Sie <a href=\"https:\/\/orise.com\/digital-products\/manufacturing-ai\/industrial-ai-application\/\">KI-Modelle<\/a> oder Microservices in validierte Abl\u00e4ufe ein, um intelligentere Entscheidungen und vorausschauende Leistung zu erm\u00f6glichen.<\/li>\n<li><strong>ISA-95-Datenmodellierung:<\/strong> Standardisieren Sie die Struktur \u00fcber Workflows hinweg mithilfe von Modellen, die sich an den ISA-95-Ebenen (Standort, Bereich, Linie, Ausr\u00fcstung&#8230;) orientieren.<\/li>\n<\/ul>\n<p>&nbsp;<\/p>\n<p>Ganz gleich, ob Sie die digitale Transformation vorantreiben oder konforme Daten entwickeln, eStreams bietet Ihnen eine <strong>zentrale Plattform<\/strong> zum Verbinden, Validieren und Skalieren \u2013 sicher und effizient.<\/p>\n<p>&nbsp;<\/p>\n<p>&nbsp;<\/p>\n                                    <\/div>\n                                            <\/div>\n            <div class=\"contentPart-image width-50 trans \">\n                                                    <img decoding=\"async\" src=\"https:\/\/orise.com\/wp-content\/uploads\/sites\/71\/2025\/10\/eStreams-landing-page-new-2.png?w=1024\" alt=\"\" class=\"textbildimg\">\n                            <\/div>\n        <\/div>\n    <\/div>\n\n\n    <div id=\"imagetext_textvariation-block_0bac3d1b6d71e7eb23189ea3a28c211c\" class=\"content-row content-row-textvariation background_blue    textvariation\">\n        <div class=\"contentPart-inner\">\n            <div class=\"contentPart-text\">\n                                    <h2 class=\"text-blue content-row-headline trans\">\n                        Warum Orise eStreams?                    <\/h2>\n                                            <\/div>\n                            <div class=\"contentPart-textbox width-50 textInput trans\">\n                    <ul>\n<li><strong>Konfiguriert statt programmiert<\/strong><\/li>\n<\/ul>\n<p><span class=\"TextRun SCXW57057530 BCX8\" lang=\"EN-US\" xml:lang=\"EN-US\" data-contrast=\"auto\"><span class=\"NormalTextRun SCXW57057530 BCX8\">Entwerfen und \u00e4ndern Sie die Integrationslogik visuell, ohne individuelle Code-Entwicklung oder versteckte Skripte.<\/span><\/span><\/p>\n<p>&nbsp;<\/p>\n<ul>\n<li><strong><span class=\"TextRun SCXW223236278 BCX8\" lang=\"EN-US\" xml:lang=\"EN-US\" data-contrast=\"auto\"><span class=\"NormalTextRun SCXW223236278 BCX8\"><span class=\"TextRun SCXW247137009 BCX8\" lang=\"EN-US\" xml:lang=\"EN-US\" data-contrast=\"auto\"><span class=\"NormalTextRun SCXW247137009 BCX8\"><span class=\"TextRun SCXW175964164 BCX8\" lang=\"EN-US\" xml:lang=\"EN-US\" data-contrast=\"auto\"><span class=\"NormalTextRun SCXW175964164 BCX8\">Einmal validieren, mehrfach wiederverwenden<\/span><\/span><\/span><\/span><\/span><\/span><\/strong><\/li>\n<\/ul>\n<p><span data-ccp-props=\"{&quot;201341983&quot;:0,&quot;335559739&quot;:160,&quot;335559740&quot;:278}\"><span class=\"NormalTextRun SCXW65830317 BCX8\"><span class=\"EOP SCXW51974379 BCX8\" data-ccp-props=\"{&quot;335559738&quot;:240,&quot;335559739&quot;:240}\">Erstellen Sie versionierte, genehmigte Workflows, die zur schnelleren Skalierung \u00fcber Produktionslinien, Anlagen und Standorte hinweg eingesetzt werden k\u00f6nnen.<\/span><\/span><\/span><\/p>\n<p>&nbsp;<\/p>\n<ul>\n<li><b><span class=\"TextRun SCXW126449510 BCX8\" lang=\"EN-US\" xml:lang=\"EN-US\" data-contrast=\"auto\"><span class=\"NormalTextRun SCXW126449510 BCX8\"><span class=\"TextRun SCXW255021880 BCX8\" lang=\"EN-US\" xml:lang=\"EN-US\" data-contrast=\"auto\"><span class=\"NormalTextRun SCXW255021880 BCX8\"><span class=\"TextRun SCXW68899167 BCX8\" lang=\"EN-US\" xml:lang=\"EN-US\" data-contrast=\"auto\"><span class=\"NormalTextRun SCXW68899167 BCX8\"><span class=\"EOP SCXW138337817 BCX0\" data-ccp-props=\"{&quot;134233117&quot;:false,&quot;134233118&quot;:false,&quot;335559738&quot;:240,&quot;335559739&quot;:240}\"><strong>Audit-ready by Design<\/strong> <\/span><\/span><\/span><\/span><\/span><\/span><\/span><\/b><\/li>\n<\/ul>\n<p><span data-ccp-props=\"{&quot;201341983&quot;:0,&quot;335559739&quot;:160,&quot;335559740&quot;:278}\"><span class=\"NormalTextRun SCXW126449510 BCX8\"><span class=\"EOP SCXW33935993 BCX8\" data-ccp-props=\"{&quot;335559738&quot;:240,&quot;335559739&quot;:240}\">Jede \u00c4nderung, Genehmigung und Ausf\u00fchrung wird automatisch protokolliert und gew\u00e4hrleistet so die vollst\u00e4ndige Nachvollziehbarkeit und <strong>Pr\u00fcfbarkeit<\/strong>.<\/span><\/span><\/span><\/p>\n<p>&nbsp;<\/p>\n<ul>\n<li><strong><span class=\"EOP SCXW94474323 BCX0\" data-ccp-props=\"{&quot;134233117&quot;:false,&quot;134233118&quot;:false,&quot;335559738&quot;:240,&quot;335559739&quot;:240}\">Vollst\u00e4ndige Konnektivit\u00e4t <\/span><\/strong><\/li>\n<\/ul>\n<p><span data-contrast=\"auto\"><span class=\"EOP SCXW40850326 BCX8\" data-ccp-props=\"{&quot;134233117&quot;:false,&quot;134233118&quot;:false,&quot;335559685&quot;:0,&quot;335559738&quot;:0,&quot;335559739&quot;:0}\"><span class=\"EOP SCXW231626260 BCX8\" data-ccp-props=\"{&quot;335559738&quot;:240,&quot;335559739&quot;:240}\">Von SPSen und <a href=\"https:\/\/orise.com\/mes-production-control\/\">SCADA bis hin zu MES, LIMS<\/a>, Historian-Systemen sowie Cloud-APIs bietet eStreams eine durchg\u00e4ngige Datenorchestrierung.<\/span><\/span><\/span><\/p>\n                <\/div>\n                                        <div class=\"contentPart-textbox contentPart-textbox_2 textInput width-50 trans\">\n                    <ul>\n<li><strong>Orchestrierung von Mensch und Maschine<\/strong><\/li>\n<\/ul>\n<p><span data-ccp-props=\"{&quot;201341983&quot;:0,&quot;335559739&quot;:160,&quot;335559740&quot;:278}\"><span class=\"EOP SCXW153549257 BCX8\" data-ccp-props=\"{&quot;134233117&quot;:false,&quot;134233118&quot;:false,&quot;335559685&quot;:0,&quot;335559738&quot;:0,&quot;335559739&quot;:0}\"><span class=\"EOP SCXW230560384 BCX8\" data-ccp-props=\"{&quot;335559738&quot;:240,&quot;335559739&quot;:240}\">Kombinieren Sie Nutzereingaben mit automatisierter Logik f\u00fcr eine flexible, konforme <a href=\"https:\/\/orise.com\/digital-products\/apc-suite\/process-control-apc\/\">Prozesssteuerung<\/a>.<\/span><\/span><\/span><\/p>\n<p>&nbsp;<\/p>\n<ul>\n<li><strong>Edge-f\u00e4hige <\/strong><strong>Installation<\/strong><\/li>\n<\/ul>\n<p><span data-ccp-props=\"{&quot;201341983&quot;:0,&quot;335559739&quot;:160,&quot;335559740&quot;:278}\"><span class=\"EOP SCXW153549257 BCX8\" data-ccp-props=\"{&quot;134233117&quot;:false,&quot;134233118&quot;:false,&quot;335559685&quot;:0,&quot;335559738&quot;:0,&quot;335559739&quot;:0}\"><span class=\"EOP SCXW230560384 BCX8\" data-ccp-props=\"{&quot;335559738&quot;:240,&quot;335559739&quot;:240}\"><span class=\"EOP SCXW170082452 BCX8\" data-ccp-props=\"{&quot;134233117&quot;:false,&quot;134233118&quot;:false,&quot;335559738&quot;:240,&quot;335559739&quot;:240}\">Betrieb direkt am Prozess, sowei in VLAN-isolierten oder validierten On-Premise-Umgebungen, f\u00fcr sichere Abl\u00e4ufe.<\/span><\/span><\/span><\/span><\/p>\n<p>&nbsp;<\/p>\n<ul>\n<li><strong>Beschleunigt Digitalisierungsprojekte<\/strong><\/li>\n<\/ul>\n<p><span data-ccp-props=\"{&quot;201341983&quot;:0,&quot;335559739&quot;:160,&quot;335559740&quot;:278}\"><span class=\"EOP SCXW153549257 BCX8\" data-ccp-props=\"{&quot;134233117&quot;:false,&quot;134233118&quot;:false,&quot;335559685&quot;:0,&quot;335559738&quot;:0,&quot;335559739&quot;:0}\"><span class=\"EOP SCXW230560384 BCX8\" data-ccp-props=\"{&quot;335559738&quot;:240,&quot;335559739&quot;:240}\"><span class=\"EOP SCXW170082452 BCX8\" data-ccp-props=\"{&quot;134233117&quot;:false,&quot;134233118&quot;:false,&quot;335559738&quot;:240,&quot;335559739&quot;:240}\">Standardisieren Sie die Integration durch wiederverwendbare Workflow-Vorlagen, wodurch der Engineering- und Validierungsaufwand reduziert wird.<\/span><\/span><\/span><\/span><\/p>\n<p>&nbsp;<\/p>\n<ul>\n<li><strong>KI Unterst\u00fctzung<\/strong><\/li>\n<\/ul>\n<p><span data-ccp-props=\"{&quot;201341983&quot;:0,&quot;335559739&quot;:160,&quot;335559740&quot;:278}\"><span class=\"EOP SCXW153549257 BCX8\" data-ccp-props=\"{&quot;134233117&quot;:false,&quot;134233118&quot;:false,&quot;335559685&quot;:0,&quot;335559738&quot;:0,&quot;335559739&quot;:0}\"><span class=\"EOP SCXW230560384 BCX8\" data-ccp-props=\"{&quot;335559738&quot;:240,&quot;335559739&quot;:240}\"><span class=\"EOP SCXW170082452 BCX8\" data-ccp-props=\"{&quot;134233117&quot;:false,&quot;134233118&quot;:false,&quot;335559738&quot;:240,&quot;335559739&quot;:240}\">Integrieren Sie KI-Inferenz und Re-Training als Teil validierter Datenstr\u00f6me, um Prozessoptimierung und Qualit\u00e4tsanalysen st\u00e4tig zu verbessern.<\/span><\/span><\/span><\/span><\/p>\n                <\/div>\n                    <\/div>\n                    <\/div>\n\n\n    <div id=\"contactform-block_0f67b20b01501f7d6e8fea2f6436bc05\" class=\"content-row content-row-contactform  background_darken contactform\">\n        <div class=\"contentPart-inner\">\n\n            <div class=\"contentPart-text width-100\">\n                                    <h2 class=\"text-blue content-row-headline trans\">\n                        Vereinbaren Sie noch heute Ihre Demo                     <\/h2>\n                            <\/div>\n\n            <div class=\"contactform-wrapper trans\">\n                                    <iframe src=\"https:\/\/go.atsautomation.com\/l\/651873\/2025-06-03\/h7ylvf\" class=\"form-iframe form-iframe-contactform\" data-cookieconsent=\"marketing\"><\/iframe>\n                            <\/div>\n\n        <\/div>\n    <\/div>\n","protected":false},"excerpt":{"rendered":"","protected":false},"author":465,"featured_media":0,"parent":24373,"menu_order":0,"comment_status":"closed","ping_status":"closed","template":"","meta":{"_acf_changed":false,"_cr_original_post":"","_cr_replace_post_id":"","_cr_replacing_post_id":"","footnotes":""},"class_list":["post-24509","page","type-page","status-publish","hentry"],"yoast_head":"<!-- This site is optimized with the Yoast SEO Premium plugin v26.8 (Yoast SEO v26.8) - https:\/\/yoast.com\/product\/yoast-seo-premium-wordpress\/ -->\n<title>eStreams | GxP Workflow Automation | Orise Digital<\/title>\n<meta name=\"description\" content=\"Entwickelt speziell f\u00fcr die Pharmaindustrie: Entfesseln Sie das volle Potenzial der GxP-Workflow-Automatisierung mit eStreams von Orise Digital.\" \/>\n<meta name=\"robots\" content=\"index, follow, max-snippet:-1, max-image-preview:large, max-video-preview:-1\" \/>\n<link rel=\"canonical\" href=\"https:\/\/orise.com\/de\/digital-products\/estreams\/\" \/>\n<meta property=\"og:locale\" content=\"de_DE\" \/>\n<meta property=\"og:type\" content=\"article\" \/>\n<meta property=\"og:title\" content=\"eStreams\" \/>\n<meta property=\"og:description\" content=\"Entwickelt speziell f\u00fcr die Pharmaindustrie: Entfesseln Sie das volle Potenzial der GxP-Workflow-Automatisierung mit eStreams von Orise Digital.\" \/>\n<meta property=\"og:url\" content=\"https:\/\/orise.com\/de\/digital-products\/estreams\/\" \/>\n<meta property=\"og:site_name\" content=\"Orise\" \/>\n<meta property=\"article:modified_time\" content=\"2026-03-26T14:20:27+00:00\" \/>\n<meta name=\"twitter:card\" content=\"summary_large_image\" \/>\n<script type=\"application\/ld+json\" class=\"yoast-schema-graph\">{\"@context\":\"https:\/\/schema.org\",\"@graph\":[{\"@type\":\"WebPage\",\"@id\":\"https:\/\/orise.com\/de\/digital-products\/estreams\/\",\"url\":\"https:\/\/orise.com\/de\/digital-products\/estreams\/\",\"name\":\"eStreams | GxP Workflow Automation | Orise Digital\",\"isPartOf\":{\"@id\":\"https:\/\/orise.com\/de\/#website\"},\"datePublished\":\"2025-03-31T17:27:47+00:00\",\"dateModified\":\"2026-03-26T14:20:27+00:00\",\"description\":\"Entwickelt speziell f\u00fcr die Pharmaindustrie: Entfesseln Sie das volle Potenzial der GxP-Workflow-Automatisierung mit eStreams von Orise Digital.\",\"breadcrumb\":{\"@id\":\"https:\/\/orise.com\/de\/digital-products\/estreams\/#breadcrumb\"},\"inLanguage\":\"de-DE\",\"potentialAction\":[{\"@type\":\"ReadAction\",\"target\":[\"https:\/\/orise.com\/de\/digital-products\/estreams\/\"]}]},{\"@type\":\"BreadcrumbList\",\"@id\":\"https:\/\/orise.com\/de\/digital-products\/estreams\/#breadcrumb\",\"itemListElement\":[{\"@type\":\"ListItem\",\"position\":1,\"name\":\"Home\",\"item\":\"https:\/\/orise.com\/de\/\"},{\"@type\":\"ListItem\",\"position\":2,\"name\":\"Digital Products\",\"item\":\"https:\/\/orise.com\/de\/digital-products\/\"},{\"@type\":\"ListItem\",\"position\":3,\"name\":\"eStreams\"}]},{\"@type\":\"WebSite\",\"@id\":\"https:\/\/orise.com\/de\/#website\",\"url\":\"https:\/\/orise.com\/de\/\",\"name\":\"Orise\",\"description\":\"Unlock your full potential.\",\"publisher\":{\"@id\":\"https:\/\/orise.com\/de\/#organization\"},\"potentialAction\":[{\"@type\":\"SearchAction\",\"target\":{\"@type\":\"EntryPoint\",\"urlTemplate\":\"https:\/\/orise.com\/de\/?s={search_term_string}\"},\"query-input\":{\"@type\":\"PropertyValueSpecification\",\"valueRequired\":true,\"valueName\":\"search_term_string\"}}],\"inLanguage\":\"de-DE\"},{\"@type\":\"Organization\",\"@id\":\"https:\/\/orise.com\/de\/#organization\",\"name\":\"Orise\",\"url\":\"https:\/\/orise.com\/de\/\",\"logo\":{\"@type\":\"ImageObject\",\"inLanguage\":\"de-DE\",\"@id\":\"https:\/\/orise.com\/de\/#\/schema\/logo\/image\/\",\"url\":\"https:\/\/orise.com\/wp-content\/uploads\/sites\/71\/2025\/04\/cropped-Orise-Circle-Icon-Website-V1-1.png\",\"contentUrl\":\"https:\/\/orise.com\/wp-content\/uploads\/sites\/71\/2025\/04\/cropped-Orise-Circle-Icon-Website-V1-1.png\",\"width\":512,\"height\":512,\"caption\":\"Orise\"},\"image\":{\"@id\":\"https:\/\/orise.com\/de\/#\/schema\/logo\/image\/\"}}]}<\/script>\n<!-- \/ Yoast SEO Premium plugin. -->","yoast_head_json":{"title":"eStreams | GxP Workflow Automation | Orise Digital","description":"Entwickelt speziell f\u00fcr die Pharmaindustrie: Entfesseln Sie das volle Potenzial der GxP-Workflow-Automatisierung mit eStreams von Orise Digital.","robots":{"index":"index","follow":"follow","max-snippet":"max-snippet:-1","max-image-preview":"max-image-preview:large","max-video-preview":"max-video-preview:-1"},"canonical":"https:\/\/orise.com\/de\/digital-products\/estreams\/","og_locale":"de_DE","og_type":"article","og_title":"eStreams","og_description":"Entwickelt speziell f\u00fcr die Pharmaindustrie: Entfesseln Sie das volle Potenzial der GxP-Workflow-Automatisierung mit eStreams von Orise Digital.","og_url":"https:\/\/orise.com\/de\/digital-products\/estreams\/","og_site_name":"Orise","article_modified_time":"2026-03-26T14:20:27+00:00","twitter_card":"summary_large_image","schema":{"@context":"https:\/\/schema.org","@graph":[{"@type":"WebPage","@id":"https:\/\/orise.com\/de\/digital-products\/estreams\/","url":"https:\/\/orise.com\/de\/digital-products\/estreams\/","name":"eStreams | GxP Workflow Automation | Orise Digital","isPartOf":{"@id":"https:\/\/orise.com\/de\/#website"},"datePublished":"2025-03-31T17:27:47+00:00","dateModified":"2026-03-26T14:20:27+00:00","description":"Entwickelt speziell f\u00fcr die Pharmaindustrie: Entfesseln Sie das volle Potenzial der GxP-Workflow-Automatisierung mit eStreams von Orise Digital.","breadcrumb":{"@id":"https:\/\/orise.com\/de\/digital-products\/estreams\/#breadcrumb"},"inLanguage":"de-DE","potentialAction":[{"@type":"ReadAction","target":["https:\/\/orise.com\/de\/digital-products\/estreams\/"]}]},{"@type":"BreadcrumbList","@id":"https:\/\/orise.com\/de\/digital-products\/estreams\/#breadcrumb","itemListElement":[{"@type":"ListItem","position":1,"name":"Home","item":"https:\/\/orise.com\/de\/"},{"@type":"ListItem","position":2,"name":"Digital Products","item":"https:\/\/orise.com\/de\/digital-products\/"},{"@type":"ListItem","position":3,"name":"eStreams"}]},{"@type":"WebSite","@id":"https:\/\/orise.com\/de\/#website","url":"https:\/\/orise.com\/de\/","name":"Orise","description":"Unlock your full potential.","publisher":{"@id":"https:\/\/orise.com\/de\/#organization"},"potentialAction":[{"@type":"SearchAction","target":{"@type":"EntryPoint","urlTemplate":"https:\/\/orise.com\/de\/?s={search_term_string}"},"query-input":{"@type":"PropertyValueSpecification","valueRequired":true,"valueName":"search_term_string"}}],"inLanguage":"de-DE"},{"@type":"Organization","@id":"https:\/\/orise.com\/de\/#organization","name":"Orise","url":"https:\/\/orise.com\/de\/","logo":{"@type":"ImageObject","inLanguage":"de-DE","@id":"https:\/\/orise.com\/de\/#\/schema\/logo\/image\/","url":"https:\/\/orise.com\/wp-content\/uploads\/sites\/71\/2025\/04\/cropped-Orise-Circle-Icon-Website-V1-1.png","contentUrl":"https:\/\/orise.com\/wp-content\/uploads\/sites\/71\/2025\/04\/cropped-Orise-Circle-Icon-Website-V1-1.png","width":512,"height":512,"caption":"Orise"},"image":{"@id":"https:\/\/orise.com\/de\/#\/schema\/logo\/image\/"}}]}},"acf":[],"_links":{"self":[{"href":"https:\/\/orise.com\/de\/wp-json\/wp\/v2\/pages\/24509","targetHints":{"allow":["GET"]}}],"collection":[{"href":"https:\/\/orise.com\/de\/wp-json\/wp\/v2\/pages"}],"about":[{"href":"https:\/\/orise.com\/de\/wp-json\/wp\/v2\/types\/page"}],"author":[{"embeddable":true,"href":"https:\/\/orise.com\/de\/wp-json\/wp\/v2\/users\/465"}],"replies":[{"embeddable":true,"href":"https:\/\/orise.com\/de\/wp-json\/wp\/v2\/comments?post=24509"}],"version-history":[{"count":15,"href":"https:\/\/orise.com\/de\/wp-json\/wp\/v2\/pages\/24509\/revisions"}],"predecessor-version":[{"id":35462,"href":"https:\/\/orise.com\/de\/wp-json\/wp\/v2\/pages\/24509\/revisions\/35462"}],"up":[{"embeddable":true,"href":"https:\/\/orise.com\/de\/wp-json\/wp\/v2\/pages\/24373"}],"wp:attachment":[{"href":"https:\/\/orise.com\/de\/wp-json\/wp\/v2\/media?parent=24509"}],"curies":[{"name":"wp","href":"https:\/\/api.w.org\/{rel}","templated":true}]}}