{"id":24623,"date":"2025-03-10T07:05:21","date_gmt":"2025-03-10T07:05:21","guid":{"rendered":"https:\/\/orise.com\/digital-products\/pid-optimizer\/"},"modified":"2026-03-27T07:20:52","modified_gmt":"2026-03-27T07:20:52","slug":"pid-optimizer","status":"publish","type":"page","link":"https:\/\/orise.com\/de\/digital-products\/pid-optimizer\/","title":{"rendered":"PID Optimizer"},"content":{"rendered":"<div id=\"pageheader-block_334e329de53bb92c8bc10ff69b7d662a\" class=\"content-row content-row-pageheader background_darken pageheader\">\n        <div class=\"contentPart-fixed\">\n        <div class=\"contentPart-inner\">\n            <div class=\"contentPart-text width-100\">\n                <h1>\n                                        PID Optimizer                                    <\/h1>\n                <h2 class=\"trans\">\n                                    <\/h2>\n                                            <\/div>\n        <\/div>\n    <\/div>\n    <div class=\"slidedown-button editor-hide\">\n        <span class=\"slidedown-label\">Mehr erfahren<\/span>\n        <img decoding=\"async\" src=\"https:\/\/orise.com\/wp-content\/themes\/ats-orise\/img\/doubble-arrow-down.svg\" alt=\"\"\n            class=\"slidedown-icon\">\n    <\/div>\n<\/div>\n\n\n    <div id=\"textimage-block_5cee2da1fd3cb3bc0a5a395436cb53fc\" class=\"content-row content-row-textimage background_blue  textimage\">\n        <div class=\"contentPart-inner\">\n            <div class=\"contentPart-text width-50\">\n                <h2 class=\"trans text-blue \">\n                                                                <span class=\"headline_white\">Einstellen einzelner und interagierender PID-Regler <\/span>\n                                    <\/h2>\n                <div class=\"textInput trans\">\n                                            <p>&nbsp;<\/p>\n<p><span data-contrast=\"auto\">Der PID Optimizer ist das benutzerfreundliche Tool zum Abstimmen von PID-Regelkreisen, mit dem Sie Ihre einzelnen und miteinander interagierenden PID-Regelkreise schnell und effizient optimieren k\u00f6nnen.<\/span><span data-ccp-props=\"{&quot;134233117&quot;:false,&quot;134233118&quot;:false,&quot;335559738&quot;:240,&quot;335559739&quot;:240}\">\u00a0<\/span><\/p>\n<p><span data-contrast=\"auto\">Beispiele f\u00fcr interagierende Regelkreise sind alle PID-Regler rund um Destillationskolonnen, \u00dcberhitzer in Kesseln, \u00d6fen (z. B. in Raffinerien und Ethylenanlagen) und vieles mehr.<\/span><span data-ccp-props=\"{&quot;134233117&quot;:false,&quot;134233118&quot;:false,&quot;335559738&quot;:240,&quot;335559739&quot;:240}\">\u00a0<\/span><\/p>\n<p><span data-contrast=\"auto\">Die Abstimmung erfolgt anhand von technischen Spezifikationen wie optimalem Tracking oder St\u00f6rgr\u00f6\u00dfenkompensation mit minimalem \u00dcberschwingen oder minimaler Robustheit. Diese Spezifikationen sind entscheidend f\u00fcr die Stabilit\u00e4t und Effizienz Ihrer Prozesse.\u00a0<\/span><span data-ccp-props=\"{&quot;134233117&quot;:false,&quot;134233118&quot;:false,&quot;335559738&quot;:240,&quot;335559739&quot;:240}\">\u00a0<\/span><\/p>\n<p>&nbsp;<\/p>\n                                    <\/div>\n                                                    <div class=\"btnrow btnrow-light bold trans\"><a href=\"https:\/\/orise.com\/wp-content\/uploads\/sites\/71\/2026\/03\/Orise-Digital_PID-Optimizer_Sales-Flyer_EN_Web.pdf\" target=\"_blank\" class=\"animateAll\">Englischen Flyer Ansehen<\/a><\/div>\n                            <\/div>\n            <div class=\"contentPart-image width-50 trans \">\n                                                    <img decoding=\"async\" src=\"https:\/\/orise.com\/wp-content\/uploads\/sites\/71\/2025\/03\/OperatorsAptiTuneLR.jpg?w=1024\" alt=\"\" class=\"textbildimg\">\n                            <\/div>\n        <\/div>\n    <\/div>\n\n\n    <div id=\"textimage-block_d3c28a88acdbb5e9d1146b2cfd471763\" class=\"content-row content-row-textimage background_darken  textimage\">\n        <div class=\"contentPart-inner\">\n            <div class=\"contentPart-text width-50\">\n                <h2 class=\"trans text-blue \">\n                                            Im Tagesbetrieb sind PID-Regler:                                                         <\/h2>\n                <div class=\"textInput trans\">\n                                            <ul>\n<li><span data-contrast=\"auto\">H\u00e4ufig im manuellen Modus oder w\u00e4hrend gro\u00dfer St\u00f6rungen auf manuell gestellt\u00a0<\/span><span data-ccp-props=\"{&quot;134233117&quot;:false,&quot;134233118&quot;:false,&quot;335559738&quot;:0,&quot;335559739&quot;:0}\">\u00a0<\/span><\/li>\n<li><span data-contrast=\"auto\">Verursachen Prozessoszillationen aufgrund schlechter Abstimmung oder suboptimaler Steuerungsstrategien\u00a0<\/span><span data-ccp-props=\"{&quot;134233117&quot;:false,&quot;134233118&quot;:false,&quot;335559738&quot;:0,&quot;335559739&quot;:0}\">\u00a0<\/span><\/li>\n<li><span data-contrast=\"auto\">Abstimmungsregeln wie Ziegler-Nichols, Lambda und Kappa-Tau liefern in vielen F\u00e4llen vern\u00fcnftige Ergebnisse\u00a0<\/span><span data-ccp-props=\"{&quot;134233117&quot;:false,&quot;134233118&quot;:false,&quot;335559738&quot;:0,&quot;335559739&quot;:0}\">\u00a0<\/span>\n<ul>\n<li><span data-contrast=\"auto\">F\u00fcr Regelkreise, die direkte Auswirkungen auf Produktqualit\u00e4t, Energieverbrauch oder den Gesamtdurchsatz der Anlage haben, ist jedoch eine wirklich optimale Abstimmung erforderlich. Hierf\u00fcr ben\u00f6tigen Sie die APC Suite von Orise.<\/span><span data-ccp-props=\"{&quot;134233117&quot;:false,&quot;134233118&quot;:false,&quot;335559738&quot;:0,&quot;335559739&quot;:0}\">\u00a0<\/span><\/li>\n<\/ul>\n<\/li>\n<li><span data-contrast=\"auto\">Werden oft mit einem zeitaufw\u00e4ndigen Trial-and-Error-Ansatz abgestimmt. Dies kann zu langen Anlaufzeiten f\u00fcr Neuanlagen f\u00fchren.\u00a0<\/span><span data-ccp-props=\"{&quot;134233117&quot;:false,&quot;134233118&quot;:false,&quot;335559738&quot;:0,&quot;335559739&quot;:0}\">\u00a0<\/span><\/li>\n<li><span data-contrast=\"auto\">Interagieren miteinander und stellen eine Herausforderung f\u00fcr die Regelungsingenieure dar<\/span><span data-ccp-props=\"{&quot;134233117&quot;:false,&quot;134233118&quot;:false,&quot;335559738&quot;:0,&quot;335559739&quot;:0}\">\u00a0<\/span><\/li>\n<\/ul>\n                                    <\/div>\n                                            <\/div>\n            <div class=\"contentPart-image width-50 trans \">\n                                                    <img decoding=\"async\" src=\"https:\/\/orise.com\/wp-content\/uploads\/sites\/71\/2025\/03\/PID.jpg?w=1024\" alt=\"\" class=\"textbildimg\">\n                            <\/div>\n        <\/div>\n    <\/div>\n\n\n    <div id=\"imagetext_textvariation-block_8dbf96410dc9f7840b5a2166507c48bd\" class=\"content-row content-row-textvariation background_blue    textvariation\">\n        <div class=\"contentPart-inner\">\n            <div class=\"contentPart-text\">\n                                    <h2 class=\"text-blue content-row-headline trans\">\n                        Die Vorteile des PID-Optimizers:                     <\/h2>\n                                            <\/div>\n                            <div class=\"contentPart-textbox width-50 textInput trans\">\n                    <ul>\n<li><span data-contrast=\"auto\">PID-Regler f\u00fcr optimales Sollwertverhalten (Anstiegszeit, Ausregelzeit, Energie) und\/oder St\u00f6rgr\u00f6\u00dfenkompensation (Ausregelzeit, Energie) abstimmen\u00a0<\/span><span data-ccp-props=\"{&quot;134233117&quot;:false,&quot;134233118&quot;:false,&quot;335559738&quot;:0,&quot;335559739&quot;:0}\">\u00a0<\/span><\/li>\n<li><span data-contrast=\"auto\">Abgestimmte Parameter mit Einschr\u00e4nkungen anwenden\u00a0<\/span><span data-ccp-props=\"{&quot;134233117&quot;:false,&quot;134233118&quot;:false,&quot;335559738&quot;:0,&quot;335559739&quot;:0}\">\u00a0<\/span>\n<ul>\n<li><span data-contrast=\"auto\">Z. B. maximales \u00dcberschwingen, minimale Robustheit, Hochfrequenzverst\u00e4rkung usw. Abstimmung basierend auf offenen und geschlossenen Testdaten (eingef\u00fchrt in Version 24.4)<\/span><span data-ccp-props=\"{&quot;134233117&quot;:false,&quot;134233118&quot;:false,&quot;335559738&quot;:0,&quot;335559739&quot;:0}\">\u00a0<\/span><\/li>\n<\/ul>\n<\/li>\n<li><span data-contrast=\"auto\">Leistungsf\u00e4hige Modellidentifikation: Die Wechselwirkungen der Regler werden anhand von Sprungantwortdaten identifiziert.\u00a0<\/span><span data-ccp-props=\"{&quot;134233117&quot;:false,&quot;134233118&quot;:false,&quot;335559738&quot;:0,&quot;335559739&quot;:0}\">\u00a0<\/span>\n<ul>\n<li><span data-contrast=\"auto\">Z. B. werden alle Wechselwirkungen zwischen den Reglern einer Destillationskolonne modelliert.<\/span><span data-ccp-props=\"{&quot;134233117&quot;:false,&quot;134233118&quot;:false,&quot;335559738&quot;:0,&quot;335559739&quot;:0}\">\u00a0<\/span><\/li>\n<\/ul>\n<\/li>\n<li><span data-contrast=\"auto\">Kein \u201eTrial-and-Error-Detuning\u201c notwendig bei interagierenden PID-Reglern\u00a0<\/span><span data-ccp-props=\"{&quot;134233117&quot;:false,&quot;134233118&quot;:false,&quot;335559738&quot;:0,&quot;335559739&quot;:0}\">\u00a0<\/span><\/li>\n<\/ul>\n                <\/div>\n                                        <div class=\"contentPart-textbox contentPart-textbox_2 textInput width-50 trans\">\n                    <ul>\n<li><span data-contrast=\"auto\">Maximales \u00dcberschwingen, Robustheit und Ausregelzeit als Optimierungsziele definieren\u00a0<\/span><span data-ccp-props=\"{&quot;134233117&quot;:false,&quot;134233118&quot;:false,&quot;335559738&quot;:0,&quot;335559739&quot;:0}\">\u00a0<\/span><\/li>\n<li><span data-contrast=\"auto\">Der PID-Optimizer generiert PID-Parameter f\u00fcr Ihr Leitsystem (DCS).\u00a0<\/span><span data-ccp-props=\"{&quot;134233117&quot;:false,&quot;134233118&quot;:false,&quot;335559738&quot;:0,&quot;335559739&quot;:0}\">\u00a0<\/span>\n<ul>\n<li><span data-contrast=\"auto\">Alle g\u00e4ngigen DCS- und SPS-Vorlagen sind bekannt.\u00a0<\/span><span data-ccp-props=\"{&quot;134233117&quot;:false,&quot;134233118&quot;:false,&quot;335559738&quot;:0,&quot;335559739&quot;:0}\">\u00a0<\/span><\/li>\n<li><span data-contrast=\"auto\">F\u00fcr weniger verbreitete oder neue DCS-\/SPS-Systeme k\u00f6nnen Templates erstellt werden.<\/span><span data-ccp-props=\"{&quot;134233117&quot;:false,&quot;134233118&quot;:false,&quot;335559738&quot;:0,&quot;335559739&quot;:0}\">\u00a0<\/span><\/li>\n<\/ul>\n<\/li>\n<li><span data-contrast=\"auto\">Automatische Berichterstellung: Behalten Sie alle Abstimmungsaktivit\u00e4ten f\u00fcr jeden PID-Regelkreis im Blick.\u00a0<\/span><span data-ccp-props=\"{&quot;134233117&quot;:false,&quot;134233118&quot;:false,&quot;335559738&quot;:0,&quot;335559739&quot;:0}\">\u00a0<\/span><\/li>\n<li><span data-contrast=\"auto\">Stimmen Sie ALLE Ihre Regler \u201eauf Anhieb richtig\u201c ab.\u00a0<\/span><span data-ccp-props=\"{&quot;134233117&quot;:false,&quot;134233118&quot;:false,&quot;335559738&quot;:0,&quot;335559739&quot;:0}\">\u00a0<\/span><\/li>\n<li><span data-contrast=\"auto\">Flexible Lizenzierungsmodelle, die sich an Ihre Bed\u00fcrfnisse anpassen.<\/span><span data-ccp-props=\"{&quot;134233117&quot;:false,&quot;134233118&quot;:false,&quot;335559738&quot;:0,&quot;335559739&quot;:0}\">\u00a0<\/span><\/li>\n<\/ul>\n                <\/div>\n                    <\/div>\n                    <\/div>\n\n\n    <div id=\"singletext-block_79ebd4645bc18dda94e2aa1e67a75a61\" class=\"content-row content-row-singletext background_darken   singletext\">\n        <div class=\"contentPart-inner\">\n            <div class=\"contentPart-text width-100\">\n                <h2 class=\" content-row-headline trans\">\n                                    <\/h2>\n                <div class=\"contentPart-textbox textInput trans\">\n                    <h2 style=\"text-align: center\"><span class=\"TextRun SCXW98888755 BCX0\" lang=\"EN-US\" xml:lang=\"EN-US\" data-contrast=\"none\"><span class=\"NormalTextRun SpellingErrorV2Themed SCXW98888755 BCX0\" data-ccp-parastyle=\"heading 2\">Werfen<\/span><span class=\"NormalTextRun SCXW98888755 BCX0\" data-ccp-parastyle=\"heading 2\"> Sie <\/span><span class=\"NormalTextRun SpellingErrorV2Themed SCXW98888755 BCX0\" data-ccp-parastyle=\"heading 2\">einen<\/span><span class=\"NormalTextRun SCXW98888755 BCX0\" data-ccp-parastyle=\"heading 2\"> Blick auf den Workflow des PID-Optimizers<\/span><\/span><span class=\"EOP SCXW98888755 BCX0\" data-ccp-props=\"{&quot;134233117&quot;:false,&quot;134233118&quot;:false,&quot;134245418&quot;:true,&quot;134245529&quot;:true,&quot;335559738&quot;:299,&quot;335559739&quot;:299}\">\u00a0<\/span><\/h2>\n                <\/div>\n            <\/div>\n        <\/div>\n    <\/div>\n\n\n    <div id=\"video-block_1870e350ec3caa9a57f9513b66f1d6ff\" class=\"content-row content-row-video trans video \">\n\n        <div class=\"contentPart-inner\">\n                            <iframe loading=\"lazy\" class=\"youtubeframe\" width=\"560\" height=\"315\" src=\"https:\/\/www.youtube-nocookie.com\/embed\/1dy0ao5fRs8?controls=0&#038;rel=0\" title=\"\" frameborder=\"0\" allow=\"\" allowfullscreen><\/iframe>\n                                <\/div>\n\n    <\/div>\n\n    <script>\n        $('.videocontentBTN input[type=\"checkbox\"]').prop('checked', true);\n    <\/script>\n\n\n    <div id=\"textboxgrid-block_1550324b917d2f76a7bde86e7ccb5d97\" class=\"content-row content-row-textboxgrid  background_blue textboxgrid  \">\n        <div class=\"contentPart-inner\">\n            <div class=\"contentPart-left\">\n                <div>\n                    <div class=\"contentPart-text\">\n                        <h2 class=\"content-row-headline trans\">\n                            Interessiert an einem soliden Eindruck des PID-Optimizers?                         <\/h2>\n                    <\/div>\n\n                                            <div class=\"textboxgrid-leadin trans\">\n                            Probieren Sie es selbst aus und laden Sie es hier kostenlos herunter:                         <\/div>\n                                    <\/div>\n\n                <div>\n                                            <div class=\"btnrow bold\"><a href=\"https:\/\/orise.com\/download-a-free-version-of-pid-optimizer-software\/\" class=\"animateAll\">Bring mich dorthin<\/a><\/div>\n                                                        <\/div>\n            <\/div>\n\n            <div class=\"textboxgrid-wrapper\">\n                                            <\/div>\n        <\/div>\n                    <\/div>\n\n\n    <div id=\"contactform-block_9a9f4522a4540ff4f8dd7ff03c075f6b\" class=\"content-row content-row-contactform  background_darken contactform\">\n        <div class=\"contentPart-inner\">\n\n            <div class=\"contentPart-text width-100\">\n                                    <h2 class=\"text-blue content-row-headline trans\">\n                        Buchen Sie noch heute Ihre Demo:                     <\/h2>\n                            <\/div>\n\n            <div class=\"contactform-wrapper trans\">\n                                    <iframe src=\"https:\/\/go.atsautomation.com\/l\/651873\/2025-06-03\/h7ylvf\" class=\"form-iframe form-iframe-contactform\" data-cookieconsent=\"marketing\"><\/iframe>\n                            <\/div>\n\n        <\/div>\n    <\/div>\n","protected":false},"excerpt":{"rendered":"","protected":false},"author":465,"featured_media":0,"parent":24373,"menu_order":0,"comment_status":"closed","ping_status":"closed","template":"","meta":{"_acf_changed":false,"_cr_original_post":"","_cr_replace_post_id":"","_cr_replacing_post_id":"","footnotes":""},"class_list":["post-24623","page","type-page","status-publish","hentry"],"yoast_head":"<!-- This site is optimized with the Yoast SEO Premium plugin v26.8 (Yoast SEO v26.8) - https:\/\/yoast.com\/product\/yoast-seo-premium-wordpress\/ -->\n<title>PID Optimizer | Orise Digital<\/title>\n<meta name=\"description\" content=\"PID Optimizer ist der benutzerfreundliche PID-Regler-Tuner, der Ihnen hilft, einzelne und mehrere miteinander wechselwirkende PID-Regler schnell und effizient zu optimieren.\" \/>\n<meta name=\"robots\" content=\"index, follow, max-snippet:-1, max-image-preview:large, max-video-preview:-1\" \/>\n<link rel=\"canonical\" href=\"https:\/\/orise.com\/de\/digital-products\/pid-optimizer\/\" \/>\n<meta property=\"og:locale\" content=\"de_DE\" \/>\n<meta property=\"og:type\" content=\"article\" \/>\n<meta property=\"og:title\" content=\"PID Optimizer\" \/>\n<meta property=\"og:description\" content=\"PID Optimizer ist der benutzerfreundliche PID-Regler-Tuner, der Ihnen hilft, einzelne und mehrere miteinander wechselwirkende PID-Regler schnell und effizient zu optimieren.\" \/>\n<meta property=\"og:url\" content=\"https:\/\/orise.com\/de\/digital-products\/pid-optimizer\/\" \/>\n<meta property=\"og:site_name\" content=\"Orise\" \/>\n<meta property=\"article:modified_time\" content=\"2026-03-27T07:20:52+00:00\" \/>\n<meta name=\"twitter:card\" content=\"summary_large_image\" \/>\n<script type=\"application\/ld+json\" class=\"yoast-schema-graph\">{\"@context\":\"https:\/\/schema.org\",\"@graph\":[{\"@type\":\"WebPage\",\"@id\":\"https:\/\/orise.com\/de\/digital-products\/pid-optimizer\/\",\"url\":\"https:\/\/orise.com\/de\/digital-products\/pid-optimizer\/\",\"name\":\"PID Optimizer | Orise Digital\",\"isPartOf\":{\"@id\":\"https:\/\/orise.com\/de\/#website\"},\"datePublished\":\"2025-03-10T07:05:21+00:00\",\"dateModified\":\"2026-03-27T07:20:52+00:00\",\"description\":\"PID Optimizer ist der benutzerfreundliche PID-Regler-Tuner, der Ihnen hilft, einzelne und mehrere miteinander wechselwirkende PID-Regler schnell und effizient zu optimieren.\",\"breadcrumb\":{\"@id\":\"https:\/\/orise.com\/de\/digital-products\/pid-optimizer\/#breadcrumb\"},\"inLanguage\":\"de-DE\",\"potentialAction\":[{\"@type\":\"ReadAction\",\"target\":[\"https:\/\/orise.com\/de\/digital-products\/pid-optimizer\/\"]}]},{\"@type\":\"BreadcrumbList\",\"@id\":\"https:\/\/orise.com\/de\/digital-products\/pid-optimizer\/#breadcrumb\",\"itemListElement\":[{\"@type\":\"ListItem\",\"position\":1,\"name\":\"Home\",\"item\":\"https:\/\/orise.com\/de\/\"},{\"@type\":\"ListItem\",\"position\":2,\"name\":\"Digital Products\",\"item\":\"https:\/\/orise.com\/de\/digital-products\/\"},{\"@type\":\"ListItem\",\"position\":3,\"name\":\"PID Optimizer\"}]},{\"@type\":\"WebSite\",\"@id\":\"https:\/\/orise.com\/de\/#website\",\"url\":\"https:\/\/orise.com\/de\/\",\"name\":\"Orise\",\"description\":\"Unlock your full potential.\",\"publisher\":{\"@id\":\"https:\/\/orise.com\/de\/#organization\"},\"potentialAction\":[{\"@type\":\"SearchAction\",\"target\":{\"@type\":\"EntryPoint\",\"urlTemplate\":\"https:\/\/orise.com\/de\/?s={search_term_string}\"},\"query-input\":{\"@type\":\"PropertyValueSpecification\",\"valueRequired\":true,\"valueName\":\"search_term_string\"}}],\"inLanguage\":\"de-DE\"},{\"@type\":\"Organization\",\"@id\":\"https:\/\/orise.com\/de\/#organization\",\"name\":\"Orise\",\"url\":\"https:\/\/orise.com\/de\/\",\"logo\":{\"@type\":\"ImageObject\",\"inLanguage\":\"de-DE\",\"@id\":\"https:\/\/orise.com\/de\/#\/schema\/logo\/image\/\",\"url\":\"https:\/\/orise.com\/wp-content\/uploads\/sites\/71\/2025\/04\/cropped-Orise-Circle-Icon-Website-V1-1.png\",\"contentUrl\":\"https:\/\/orise.com\/wp-content\/uploads\/sites\/71\/2025\/04\/cropped-Orise-Circle-Icon-Website-V1-1.png\",\"width\":512,\"height\":512,\"caption\":\"Orise\"},\"image\":{\"@id\":\"https:\/\/orise.com\/de\/#\/schema\/logo\/image\/\"}}]}<\/script>\n<!-- \/ Yoast SEO Premium plugin. -->","yoast_head_json":{"title":"PID Optimizer | Orise Digital","description":"PID Optimizer ist der benutzerfreundliche PID-Regler-Tuner, der Ihnen hilft, einzelne und mehrere miteinander wechselwirkende PID-Regler schnell und effizient zu optimieren.","robots":{"index":"index","follow":"follow","max-snippet":"max-snippet:-1","max-image-preview":"max-image-preview:large","max-video-preview":"max-video-preview:-1"},"canonical":"https:\/\/orise.com\/de\/digital-products\/pid-optimizer\/","og_locale":"de_DE","og_type":"article","og_title":"PID Optimizer","og_description":"PID Optimizer ist der benutzerfreundliche PID-Regler-Tuner, der Ihnen hilft, einzelne und mehrere miteinander wechselwirkende PID-Regler schnell und effizient zu optimieren.","og_url":"https:\/\/orise.com\/de\/digital-products\/pid-optimizer\/","og_site_name":"Orise","article_modified_time":"2026-03-27T07:20:52+00:00","twitter_card":"summary_large_image","schema":{"@context":"https:\/\/schema.org","@graph":[{"@type":"WebPage","@id":"https:\/\/orise.com\/de\/digital-products\/pid-optimizer\/","url":"https:\/\/orise.com\/de\/digital-products\/pid-optimizer\/","name":"PID Optimizer | Orise Digital","isPartOf":{"@id":"https:\/\/orise.com\/de\/#website"},"datePublished":"2025-03-10T07:05:21+00:00","dateModified":"2026-03-27T07:20:52+00:00","description":"PID Optimizer ist der benutzerfreundliche PID-Regler-Tuner, der Ihnen hilft, einzelne und mehrere miteinander wechselwirkende PID-Regler schnell und effizient zu optimieren.","breadcrumb":{"@id":"https:\/\/orise.com\/de\/digital-products\/pid-optimizer\/#breadcrumb"},"inLanguage":"de-DE","potentialAction":[{"@type":"ReadAction","target":["https:\/\/orise.com\/de\/digital-products\/pid-optimizer\/"]}]},{"@type":"BreadcrumbList","@id":"https:\/\/orise.com\/de\/digital-products\/pid-optimizer\/#breadcrumb","itemListElement":[{"@type":"ListItem","position":1,"name":"Home","item":"https:\/\/orise.com\/de\/"},{"@type":"ListItem","position":2,"name":"Digital Products","item":"https:\/\/orise.com\/de\/digital-products\/"},{"@type":"ListItem","position":3,"name":"PID Optimizer"}]},{"@type":"WebSite","@id":"https:\/\/orise.com\/de\/#website","url":"https:\/\/orise.com\/de\/","name":"Orise","description":"Unlock your full potential.","publisher":{"@id":"https:\/\/orise.com\/de\/#organization"},"potentialAction":[{"@type":"SearchAction","target":{"@type":"EntryPoint","urlTemplate":"https:\/\/orise.com\/de\/?s={search_term_string}"},"query-input":{"@type":"PropertyValueSpecification","valueRequired":true,"valueName":"search_term_string"}}],"inLanguage":"de-DE"},{"@type":"Organization","@id":"https:\/\/orise.com\/de\/#organization","name":"Orise","url":"https:\/\/orise.com\/de\/","logo":{"@type":"ImageObject","inLanguage":"de-DE","@id":"https:\/\/orise.com\/de\/#\/schema\/logo\/image\/","url":"https:\/\/orise.com\/wp-content\/uploads\/sites\/71\/2025\/04\/cropped-Orise-Circle-Icon-Website-V1-1.png","contentUrl":"https:\/\/orise.com\/wp-content\/uploads\/sites\/71\/2025\/04\/cropped-Orise-Circle-Icon-Website-V1-1.png","width":512,"height":512,"caption":"Orise"},"image":{"@id":"https:\/\/orise.com\/de\/#\/schema\/logo\/image\/"}}]}},"acf":[],"_links":{"self":[{"href":"https:\/\/orise.com\/de\/wp-json\/wp\/v2\/pages\/24623","targetHints":{"allow":["GET"]}}],"collection":[{"href":"https:\/\/orise.com\/de\/wp-json\/wp\/v2\/pages"}],"about":[{"href":"https:\/\/orise.com\/de\/wp-json\/wp\/v2\/types\/page"}],"author":[{"embeddable":true,"href":"https:\/\/orise.com\/de\/wp-json\/wp\/v2\/users\/465"}],"replies":[{"embeddable":true,"href":"https:\/\/orise.com\/de\/wp-json\/wp\/v2\/comments?post=24623"}],"version-history":[{"count":4,"href":"https:\/\/orise.com\/de\/wp-json\/wp\/v2\/pages\/24623\/revisions"}],"predecessor-version":[{"id":35503,"href":"https:\/\/orise.com\/de\/wp-json\/wp\/v2\/pages\/24623\/revisions\/35503"}],"up":[{"embeddable":true,"href":"https:\/\/orise.com\/de\/wp-json\/wp\/v2\/pages\/24373"}],"wp:attachment":[{"href":"https:\/\/orise.com\/de\/wp-json\/wp\/v2\/media?parent=24623"}],"curies":[{"name":"wp","href":"https:\/\/api.w.org\/{rel}","templated":true}]}}