{"id":2478,"date":"2021-12-03T16:19:30","date_gmt":"2021-12-03T16:19:30","guid":{"rendered":"https:\/\/vipgo.atsautomation.com\/pas\/?page_id=2478"},"modified":"2025-08-06T15:11:32","modified_gmt":"2025-08-06T15:11:32","slug":"process-optimization","status":"publish","type":"page","link":"https:\/\/orise.com\/de\/process-optimization\/","title":{"rendered":"Beratung + Process Optimization"},"content":{"rendered":"<div id=\"pageheader-block_f5a0c5b7fc40c5a933131527fbfc4146\" class=\"content-row content-row-pageheader bg-base\t\tcontent-row-pageheader-anchor   pageheader\">\n        <div class=\"contentPart-fixed\">\n        <div class=\"contentPart-inner\">\n            <div class=\"contentPart-text width-100\">\n                <h1>\n                                        Beratung und Process Optimization                                    <\/h1>\n                <h2 class=\"trans\">\n                                        Prozessoptimierung f\u00fcr die Prozess- und Fertigungsindustrie                                    <\/h2>\n                                                <div class=\"anchor_links-wrapper trans\">\n                                        <div class=\"anchor_link-item trans\">\n                        <div class=\"anchor_link-item-inner\">\n                            <a class=\"anchorlink\" data-subtab=\"0\"\n                                data-anchor=\"#manufacturing\"\n                                href=\"#\">Operational Excellence<\/a>\n                        <\/div>\n                    <\/div>\n                                        <div class=\"anchor_link-item trans\">\n                        <div class=\"anchor_link-item-inner\">\n                            <a class=\"anchorlink\" data-subtab=\"1\"\n                                data-anchor=\"#manufacturing\"\n                                href=\"#\">Standortplanung<\/a>\n                        <\/div>\n                    <\/div>\n                                        <div class=\"anchor_link-item trans\">\n                        <div class=\"anchor_link-item-inner\">\n                            <a class=\"anchorlink\" data-subtab=\"2\"\n                                data-anchor=\"#manufacturing\"\n                                href=\"#\">SCM und Logistikplanung<\/a>\n                        <\/div>\n                    <\/div>\n                                        <div class=\"anchor_link-item trans\">\n                        <div class=\"anchor_link-item-inner\">\n                            <a class=\"anchorlink\" data-subtab=\"3\"\n                                data-anchor=\"#manufacturing\"\n                                href=\"#\">Industrie 4.0<\/a>\n                        <\/div>\n                    <\/div>\n                                    <\/div>\n                            <\/div>\n        <\/div>\n    <\/div>\n    <div class=\"slidedown-button editor-hide\">\n        <span class=\"slidedown-label\">Mehr erfahren<\/span>\n        <img decoding=\"async\" src=\"https:\/\/orise.com\/wp-content\/themes\/ats-orise\/img\/doubble-arrow-down.svg\" alt=\"\"\n            class=\"slidedown-icon\">\n    <\/div>\n<\/div>\n\n\n\n    <div id=\"image_banner-block_9a26a336682015e23e73e995ff658f2c\" class=\"content-row content-row-imagebanner trans  image_banner test\">\n                                                <img decoding=\"async\" src=\"https:\/\/orise.com\/wp-content\/uploads\/sites\/71\/2021\/12\/Competencies-Process.jpg?w=1920&#038;h=0&#038;crop=1\" alt=\"PA offers solutions to optimize processes\" class=\"fullscreen\">\n            <\/div>\n\n\n\n    <div id=\"imagetext_textvariation-block_ca13b8f91d6de73d7df0ea0eefd66337\" class=\"content-row content-row-textvariation background_blue    textvariation\">\n        <div class=\"contentPart-inner\">\n            <div class=\"contentPart-text\">\n                                            <\/div>\n                            <div class=\"contentPart-textbox width-50 textInput trans\">\n                    <p>Die Anforderungen an Unternehmen der Prozess- und Fertigungsindustrie steigen immer weiter. Einerseits gibt es eine hohe Dynamik durch Digitalisierung, Innovationen und schwankenden Marktanforderungen, andererseits m\u00fcssen Industrieunternehmen Kosten und Risiken in ihren Lieferketten minimieren. Operational Excellence steht daher ganz oben auf der Vorstandsagenda.<\/p>\n                <\/div>\n                                <\/div>\n                    <\/div>\n\n\n<div id=\"manufacturing\" class=\"content-row anchortarget trans anchortarget\">\n    <h3 class=\"editorInfo\">#manufacturing<\/h3>\n<\/div>\n\n    <div id=\"tabs-block_88e2de3e857bd9de9b2679a786ed57e3\" class=\"content-row content-row-tabs bg-base tabs\">\n        <div class=\"contentPart-inner\">\n            <div class=\"contentPart-text width-100\">\n                                    <h2 class=\"text-blue content-row-headline trans\">\n                        Orise unterst\u00fctzt Unternehmen dabei, ihre operative Leistungsf\u00e4higkeit zu steigern                    <\/h2>\n                                                    <div class=\"tabteaser trans\">\n                        Orise hilft Entscheidern von Anfang an: Unsere Berater erkennen Potenziale in den Operations, analysieren die Probleme und beschreiben sie so, dass sie gel\u00f6st werden k\u00f6nnen. Unser Ziel: die L\u00f6sungen gemeinsam mit unseren Kunden zu gestalten und erfolgreich zu implementieren, um messbare Ergebnisse zu erzielen.                    <\/div>\n                            <\/div>\n                            <div class=\"tabs-wrapper trans\">\n                                            <div class=\"tab-item animateAll\">\n                            <div class=\"tab-titel\">\n                                Operational Excellence.                             <\/div>\n                            <div class=\"tab-content\">\n                                <div class=\"tab-text\">\n                                    <p>Optimieren Sie Ihre Kernprozesse, erh\u00f6hen Sie den Wertsch\u00f6pfungsanteil und erzielen Sie ergebniswirksame Kostensenkungen. Wir helfen Ihnen bei der konsequenten Umsetzung Ihrer Unternehmensstrategie und eliminieren Verschwendung in Ihren Prozessen.<\/p>\n                                                                            <div class=\"btnrow btnrow-light bold trans\"><a href=\"https:\/\/orise.com\/de\/process-optimization\/beratung-operational-excellence\/\" class=\"animateAll\">Mehr Erfahren<\/a><\/div>\n                                                                                                        <\/div>\n                            <\/div>\n                        <\/div>\n                                            <div class=\"tab-item animateAll\">\n                            <div class=\"tab-titel\">\n                                Standort- und Fabrikplanung.                            <\/div>\n                            <div class=\"tab-content\">\n                                <div class=\"tab-text\">\n                                    <p>Realisieren Sie den optimalen Standort in einem globalen Wertsch\u00f6pfungsnetzwerk. Wir entwickeln Ihren Standort zu einer zukunftsweisenden Smart Factory mit h\u00f6chster Lieferperformance.<\/p>\n                                                                            <div class=\"btnrow btnrow-light bold trans\"><a href=\"https:\/\/orise.com\/de\/process-optimization\/fabrik-logistikplanung\/\" class=\"animateAll\">Mehr Erfahren<\/a><\/div>\n                                                                                                        <\/div>\n                            <\/div>\n                        <\/div>\n                                            <div class=\"tab-item animateAll\">\n                            <div class=\"tab-titel\">\n                                SCM und Logistikplanung.                            <\/div>\n                            <div class=\"tab-content\">\n                                <div class=\"tab-text\">\n                                    <p>Stellen Sie die Lieferf\u00e4higkeit in einem reaktionsf\u00e4higen und kostenoptimalen Versorgungs- und Distributionsnetzwerk sicher. Wir unterst\u00fctzen Sie bei der Minimierung logistischer Risiken durch die Realisierung einer resilienten Supply Chain.<\/p>\n                                                                            <div class=\"btnrow btnrow-light bold trans\"><a href=\"https:\/\/orise.com\/de\/process-optimization\/fabrik-logistikplanung\/\" class=\"animateAll\">Mehr Erfahren<\/a><\/div>\n                                                                                                        <\/div>\n                            <\/div>\n                        <\/div>\n                                            <div class=\"tab-item animateAll\">\n                            <div class=\"tab-titel\">\n                                Industrie 4.0.                            <\/div>\n                            <div class=\"tab-content\">\n                                <div class=\"tab-text\">\n                                    <p>Die Optimierung der Operations l\u00e4sst sich heute immer weniger von der Digitalisierung trennen. Gemeinsam mit unseren Orise Digitalisierungsexperten decken wir ihre Digitalisierungspotenziale auf und unterst\u00fctzen Sie bei der Vernetzung ihrer Informationen und Roboter zu einem Industrial Internet of Things (IIoT).<\/p>\n                                                                            <div class=\"btnrow btnrow-light bold trans\"><a href=\"https:\/\/orise.com\/de\/process-optimization\/digitalisierung-consulting\/\" class=\"animateAll\">Mehr Erfahren<\/a><\/div>\n                                                                                                        <\/div>\n                            <\/div>\n                        <\/div>\n                                    <\/div>\n                    <\/div>\n    <\/div>\n\n\n    <div id=\"textboxgrid-block_907199779ca93bc1ebbdb4107d3cf8b7\" class=\"content-row content-row-textboxgrid  background_darken textboxgrid  gridbgimage\">\n        <div class=\"contentPart-inner\">\n            <div class=\"contentPart-left\">\n                <div>\n                    <div class=\"contentPart-text\">\n                        <h2 class=\"content-row-headline trans\">\n                            Operational Excellence mit Wirkung.                         <\/h2>\n                    <\/div>\n\n                                            <div class=\"textboxgrid-leadin trans\">\n                            Unsere Projekte schaffen Mehrwert f\u00fcr unsere Kunden. Typische Beispiele aus der Praxis sind:                        <\/div>\n                                    <\/div>\n\n                <div>\n                                                        <\/div>\n            <\/div>\n\n            <div class=\"textboxgrid-wrapper\">\n                                    <div class=\"textboxgrid-colum textboxgrid-colum-l width-50\">\n                                                    <div class=\"textboxgrid-item trans\">\n                                <div class=\"textboxgrid-item-titel\">\n                                    <h2>\n                                                                                    Optimierung Supply Chain                                                                            <\/h2>\n                                <\/div>\n                                <div class=\"textboxgrid-item-content textInput\">\n                                    <p>Planung einer Elektronikfabrik zur Optimierung der Supply Chain eines Haushaltsger\u00e4teherstellers<\/p>\n                                <\/div>\n                            <\/div>\n                                                    <div class=\"textboxgrid-item trans\">\n                                <div class=\"textboxgrid-item-titel\">\n                                    <h2>\n                                                                                    Reduktion der Durchlaufzeit                                                                             <\/h2>\n                                <\/div>\n                                <div class=\"textboxgrid-item-content textInput\">\n                                    <p>Verminderung der Durchlaufzeit bei einem Unternehmen der Fertigungsindustrie<\/p>\n                                <\/div>\n                            <\/div>\n                                            <\/div>\n                                                    <div class=\"textboxgrid-colum textboxgrid-colum-r width-50\">\n                                                    <div class=\"textboxgrid-item trans\">\n                                <div class=\"textboxgrid-item-titel\">\n                                    <h2>\n                                                                                    Steigerung des TEEP                                                                            <\/h2>\n                                <\/div>\n                                <div class=\"textboxgrid-item-content textInput\">\n                                    <p>Steigerung des TEEP bei einem Automobilzulieferer um 10 Prozent<\/p>\n                                <\/div>\n                            <\/div>\n                                                    <div class=\"textboxgrid-item trans\">\n                                <div class=\"textboxgrid-item-titel\">\n                                    <h2>\n                                                                                    Steigerung der Lieferperformance                                                                            <\/h2>\n                                <\/div>\n                                <div class=\"textboxgrid-item-content textInput\">\n                                    <p>Verbesserung der Lieferperformance bei im Bereich Medical Devices von 70% auf 95% durch Anpassung des Fertigungskonzepts<\/p>\n                                <\/div>\n                            <\/div>\n                                            <\/div>\n                            <\/div>\n        <\/div>\n                            <img decoding=\"async\" src=\"https:\/\/orise.com\/wp-content\/uploads\/sites\/71\/2021\/11\/pas-header-1-e1744010838974.jpg?w=1920&#038;h=0&#038;crop=1\" alt=\"\" class=\"textboxgrid-bg trans\">\n            <\/div>\n\n\n\n<div id=\"cta_mailinput-block_3742fcd1831910476875815411ef805c\"\n    class=\"content-row content-row-textimage content-row-cta_mailinput  cta_mailinput  background_blue\">\n    <div class=\"contentPart-inner\">\n        <div class=\"contentPart-text trans\">\n            <h2>\n                                Digital Lean: Der sichere Weg in die digitale Zukunft                            <\/h2>\n                        <div class=\"textInput\">\n                Operational Excellence in Kombination mit Digitalisierung verbessert die operative Leistungsf\u00e4higkeit in der Produktion von Industrieunternehmen. Orise zeigt, wie Sie in der Praxis vorgehen, um den gr\u00f6\u00dften Mehrwert zu generieren.            <\/div>\n            \n                                                            <a href=\"https:\/\/www.gotostage.com\/channel\/b740dd00284444d6bbe23844b8e74e9f\/recording\/2f85edfc8d324dbb930ec874d5201f8e\/watch?source=CHANNEL\" target=\"_blank\"\n                class=\"submitBTN\">On-Demand Webinar ansehen<\/a>\n                        \n                    <\/div>\n        <div class=\"contentPart-image width-50 trans \">\n                                    <img decoding=\"async\" src=\"https:\/\/orise.com\/wp-content\/uploads\/sites\/71\/2022\/09\/webinar-digitallean.jpg?w=999\" alt=\"Webinar Digital Lean bei PA Solutions\"\n                class=\"textbildimg\">\n                    <\/div>\n    <\/div>\n\n<\/div>\n\n\n    <div id=\"contactform-block_9f69da61ab7747add0e43c84724b5583\" class=\"content-row content-row-contactform  background_darken contactform\">\n        <div class=\"contentPart-inner\">\n\n            <div class=\"contentPart-text width-100\">\n                                    <h2 class=\"text-blue content-row-headline trans\">\n                        Wollen Sie mehr erfahren?<br \/>\r\nKontaktieren Sie unsere Experten!                    <\/h2>\n                            <\/div>\n\n            <div class=\"contactform-wrapper trans\">\n                                    <iframe src=\"https:\/\/go.atsautomation.com\/l\/651873\/2025-06-03\/h7yltx\" class=\"form-iframe form-iframe-contactform\" data-cookieconsent=\"marketing\"><\/iframe>\n                            <\/div>\n\n        <\/div>\n    <\/div>\n\n\n\n<div id=\"cta_mailinput-block_6d7dc78906fd6a04614c33a22ae2cfcc\"\n    class=\"content-row content-row-textimage content-row-cta_mailinput  cta_mailinput  \">\n    <div class=\"contentPart-inner\">\n        <div class=\"contentPart-text trans\">\n            <h2>\n                            <\/h2>\n            \n                        \n                    <\/div>\n        <div class=\"contentPart-image width-50 trans \">\n                                <\/div>\n    <\/div>\n\n<\/div>\n","protected":false},"excerpt":{"rendered":"","protected":false},"author":166,"featured_media":0,"parent":0,"menu_order":1,"comment_status":"closed","ping_status":"closed","template":"","meta":{"_acf_changed":false,"_cr_original_post":"1339","_cr_replace_post_id":"","_cr_replacing_post_id":"","footnotes":""},"class_list":["post-2478","page","type-page","status-publish","hentry"],"yoast_head":"<!-- This site is optimized with the Yoast SEO Premium plugin v26.8 (Yoast SEO v26.8) - https:\/\/yoast.com\/product\/yoast-seo-premium-wordpress\/ -->\n<title>Beratung + Process Optimization | Orise<\/title>\n<meta name=\"description\" content=\"Orise ber\u00e4t Industrieunternehmen in den Bereichen Operational Excellence, Standort- und Fabrikplanung, Supply Chain Management und Logistikplanung, Industrie 4.0.\" \/>\n<meta name=\"robots\" content=\"index, follow, max-snippet:-1, max-image-preview:large, max-video-preview:-1\" \/>\n<link rel=\"canonical\" href=\"https:\/\/orise.com\/de\/process-optimization\/\" \/>\n<meta property=\"og:locale\" content=\"de_DE\" \/>\n<meta property=\"og:type\" content=\"article\" \/>\n<meta property=\"og:title\" content=\"Beratung + Process Optimization\" \/>\n<meta property=\"og:description\" content=\"Orise ber\u00e4t Industrieunternehmen in den Bereichen Operational Excellence, Standort- und Fabrikplanung, Supply Chain Management und Logistikplanung, Industrie 4.0.\" \/>\n<meta property=\"og:url\" content=\"https:\/\/orise.com\/de\/process-optimization\/\" \/>\n<meta property=\"og:site_name\" content=\"Orise\" \/>\n<meta property=\"article:modified_time\" content=\"2025-08-06T15:11:32+00:00\" \/>\n<meta name=\"twitter:card\" content=\"summary_large_image\" \/>\n<script type=\"application\/ld+json\" class=\"yoast-schema-graph\">{\"@context\":\"https:\/\/schema.org\",\"@graph\":[{\"@type\":\"WebPage\",\"@id\":\"https:\/\/orise.com\/de\/process-optimization\/\",\"url\":\"https:\/\/orise.com\/de\/process-optimization\/\",\"name\":\"Beratung + Process Optimization | Orise\",\"isPartOf\":{\"@id\":\"https:\/\/orise.com\/de\/#website\"},\"datePublished\":\"2021-12-03T16:19:30+00:00\",\"dateModified\":\"2025-08-06T15:11:32+00:00\",\"description\":\"Orise ber\u00e4t Industrieunternehmen in den Bereichen Operational Excellence, Standort- und Fabrikplanung, Supply Chain Management und Logistikplanung, Industrie 4.0.\",\"breadcrumb\":{\"@id\":\"https:\/\/orise.com\/de\/process-optimization\/#breadcrumb\"},\"inLanguage\":\"de-DE\",\"potentialAction\":[{\"@type\":\"ReadAction\",\"target\":[\"https:\/\/orise.com\/de\/process-optimization\/\"]}]},{\"@type\":\"BreadcrumbList\",\"@id\":\"https:\/\/orise.com\/de\/process-optimization\/#breadcrumb\",\"itemListElement\":[{\"@type\":\"ListItem\",\"position\":1,\"name\":\"Home\",\"item\":\"https:\/\/orise.com\/de\/\"},{\"@type\":\"ListItem\",\"position\":2,\"name\":\"Beratung + Process Optimization\"}]},{\"@type\":\"WebSite\",\"@id\":\"https:\/\/orise.com\/de\/#website\",\"url\":\"https:\/\/orise.com\/de\/\",\"name\":\"Orise\",\"description\":\"Unlock your full potential.\",\"publisher\":{\"@id\":\"https:\/\/orise.com\/de\/#organization\"},\"potentialAction\":[{\"@type\":\"SearchAction\",\"target\":{\"@type\":\"EntryPoint\",\"urlTemplate\":\"https:\/\/orise.com\/de\/?s={search_term_string}\"},\"query-input\":{\"@type\":\"PropertyValueSpecification\",\"valueRequired\":true,\"valueName\":\"search_term_string\"}}],\"inLanguage\":\"de-DE\"},{\"@type\":\"Organization\",\"@id\":\"https:\/\/orise.com\/de\/#organization\",\"name\":\"Orise\",\"url\":\"https:\/\/orise.com\/de\/\",\"logo\":{\"@type\":\"ImageObject\",\"inLanguage\":\"de-DE\",\"@id\":\"https:\/\/orise.com\/de\/#\/schema\/logo\/image\/\",\"url\":\"https:\/\/orise.com\/wp-content\/uploads\/sites\/71\/2025\/04\/cropped-Orise-Circle-Icon-Website-V1-1.png\",\"contentUrl\":\"https:\/\/orise.com\/wp-content\/uploads\/sites\/71\/2025\/04\/cropped-Orise-Circle-Icon-Website-V1-1.png\",\"width\":512,\"height\":512,\"caption\":\"Orise\"},\"image\":{\"@id\":\"https:\/\/orise.com\/de\/#\/schema\/logo\/image\/\"}}]}<\/script>\n<!-- \/ Yoast SEO Premium plugin. -->","yoast_head_json":{"title":"Beratung + Process Optimization | Orise","description":"Orise ber\u00e4t Industrieunternehmen in den Bereichen Operational Excellence, Standort- und Fabrikplanung, Supply Chain Management und Logistikplanung, Industrie 4.0.","robots":{"index":"index","follow":"follow","max-snippet":"max-snippet:-1","max-image-preview":"max-image-preview:large","max-video-preview":"max-video-preview:-1"},"canonical":"https:\/\/orise.com\/de\/process-optimization\/","og_locale":"de_DE","og_type":"article","og_title":"Beratung + Process Optimization","og_description":"Orise ber\u00e4t Industrieunternehmen in den Bereichen Operational Excellence, Standort- und Fabrikplanung, Supply Chain Management und Logistikplanung, Industrie 4.0.","og_url":"https:\/\/orise.com\/de\/process-optimization\/","og_site_name":"Orise","article_modified_time":"2025-08-06T15:11:32+00:00","twitter_card":"summary_large_image","schema":{"@context":"https:\/\/schema.org","@graph":[{"@type":"WebPage","@id":"https:\/\/orise.com\/de\/process-optimization\/","url":"https:\/\/orise.com\/de\/process-optimization\/","name":"Beratung + Process Optimization | Orise","isPartOf":{"@id":"https:\/\/orise.com\/de\/#website"},"datePublished":"2021-12-03T16:19:30+00:00","dateModified":"2025-08-06T15:11:32+00:00","description":"Orise ber\u00e4t Industrieunternehmen in den Bereichen Operational Excellence, Standort- und Fabrikplanung, Supply Chain Management und Logistikplanung, Industrie 4.0.","breadcrumb":{"@id":"https:\/\/orise.com\/de\/process-optimization\/#breadcrumb"},"inLanguage":"de-DE","potentialAction":[{"@type":"ReadAction","target":["https:\/\/orise.com\/de\/process-optimization\/"]}]},{"@type":"BreadcrumbList","@id":"https:\/\/orise.com\/de\/process-optimization\/#breadcrumb","itemListElement":[{"@type":"ListItem","position":1,"name":"Home","item":"https:\/\/orise.com\/de\/"},{"@type":"ListItem","position":2,"name":"Beratung + Process Optimization"}]},{"@type":"WebSite","@id":"https:\/\/orise.com\/de\/#website","url":"https:\/\/orise.com\/de\/","name":"Orise","description":"Unlock your full potential.","publisher":{"@id":"https:\/\/orise.com\/de\/#organization"},"potentialAction":[{"@type":"SearchAction","target":{"@type":"EntryPoint","urlTemplate":"https:\/\/orise.com\/de\/?s={search_term_string}"},"query-input":{"@type":"PropertyValueSpecification","valueRequired":true,"valueName":"search_term_string"}}],"inLanguage":"de-DE"},{"@type":"Organization","@id":"https:\/\/orise.com\/de\/#organization","name":"Orise","url":"https:\/\/orise.com\/de\/","logo":{"@type":"ImageObject","inLanguage":"de-DE","@id":"https:\/\/orise.com\/de\/#\/schema\/logo\/image\/","url":"https:\/\/orise.com\/wp-content\/uploads\/sites\/71\/2025\/04\/cropped-Orise-Circle-Icon-Website-V1-1.png","contentUrl":"https:\/\/orise.com\/wp-content\/uploads\/sites\/71\/2025\/04\/cropped-Orise-Circle-Icon-Website-V1-1.png","width":512,"height":512,"caption":"Orise"},"image":{"@id":"https:\/\/orise.com\/de\/#\/schema\/logo\/image\/"}}]}},"acf":[],"_links":{"self":[{"href":"https:\/\/orise.com\/de\/wp-json\/wp\/v2\/pages\/2478","targetHints":{"allow":["GET"]}}],"collection":[{"href":"https:\/\/orise.com\/de\/wp-json\/wp\/v2\/pages"}],"about":[{"href":"https:\/\/orise.com\/de\/wp-json\/wp\/v2\/types\/page"}],"author":[{"embeddable":true,"href":"https:\/\/orise.com\/de\/wp-json\/wp\/v2\/users\/166"}],"replies":[{"embeddable":true,"href":"https:\/\/orise.com\/de\/wp-json\/wp\/v2\/comments?post=2478"}],"version-history":[{"count":27,"href":"https:\/\/orise.com\/de\/wp-json\/wp\/v2\/pages\/2478\/revisions"}],"predecessor-version":[{"id":29392,"href":"https:\/\/orise.com\/de\/wp-json\/wp\/v2\/pages\/2478\/revisions\/29392"}],"wp:attachment":[{"href":"https:\/\/orise.com\/de\/wp-json\/wp\/v2\/media?parent=2478"}],"curies":[{"name":"wp","href":"https:\/\/api.w.org\/{rel}","templated":true}]}}