{"id":24948,"date":"2025-02-24T15:07:50","date_gmt":"2025-02-24T15:07:50","guid":{"rendered":"https:\/\/orise.com\/csv-and-csa-project-delivery\/"},"modified":"2025-08-06T15:27:58","modified_gmt":"2025-08-06T15:27:58","slug":"csv-csa-project-delivery","status":"publish","type":"page","link":"https:\/\/orise.com\/de\/csv-csa-project-delivery\/","title":{"rendered":"CSV and CSA Project Delivery"},"content":{"rendered":"<div id=\"pageheader-block_f82b23b021bd59fbea7cb22d97380d05\" class=\"content-row content-row-pageheader bg-base pageheader\">\n        <div class=\"contentPart-fixed\">\n        <div class=\"contentPart-inner\">\n            <div class=\"contentPart-text width-100\">\n                <h1>\n                                        CSV- und CSA-Projektabwicklung                                    <\/h1>\n                <h2 class=\"trans\">\n                                        CSV- und CSA-Projektabwicklung                                    <\/h2>\n                                            <\/div>\n        <\/div>\n    <\/div>\n    <div class=\"slidedown-button editor-hide\">\n        <span class=\"slidedown-label\">Mehr erfahren<\/span>\n        <img decoding=\"async\" src=\"https:\/\/orise.com\/wp-content\/themes\/ats-orise\/img\/doubble-arrow-down.svg\" alt=\"\"\n            class=\"slidedown-icon\">\n    <\/div>\n<\/div>\n\n\n    <div id=\"imagetext_textvariation-block_f0f00e157590e4ed411beb13512fca83\" class=\"content-row content-row-textvariation background_blue    textvariation\">\n        <div class=\"contentPart-inner\">\n            <div class=\"contentPart-text\">\n                                    <h2 class=\"text-blue content-row-headline trans\">\n                        Profitieren Sie von der Expertise eines erfahrenen und kompetenten Teams<br \/>\r\n                    <\/h2>\n                                                    <div class=\"subline trans\">\n                        Meistern Sie die Herausforderungen der CSA- und CSV-Abwicklung mit Orise&#8217;s Computerized System Lifecycle Management Program                    <\/div>\n                            <\/div>\n                            <div class=\"contentPart-textbox width-50 textInput trans\">\n                    <p>&nbsp;<\/p>\n<p class=\"gb-headline gb-headline-23cc5dbf gb-headline-text\">\n<p>Die Sicherstellung, dass kritische GxP-Infrastrukturen Computersysteme und Software in \u00dcbereinstimmung mit strengen Branchenvorschriften implementiert und geliefert werden, kann f\u00fcr Unternehmen in der Life-Sciences-Branche eine Herausforderung darstellen. Validierungsprojekte, die diese Aktivit\u00e4ten unterst\u00fctzen, sind oft komplex, kostspielig und zeitaufwendig.<\/p>\n<p>&nbsp;<\/p>\n<p>Durch eine Zusammenarbeit mit Orise bei der Durchf\u00fchrung Ihrer Computer System Validation (CSV)- und Computer Software Assurance (CSA)-Projekte profitiert Ihr Unternehmen von der Expertise eines erfahrenen Teams, das Best Practices in den Bereichen Testing und Validierung bietet. Gleichzeitig k\u00f6nnen Gemeinkosten, Ressourcenmanagement und Projektkosten reduziert werden. Orise hat eine nachweisliche Erfolgsbilanz darin, Unternehmen erfolgreich bei der Einhaltung strenger Branchenstandards wie der FDA 21 Part 11 und EMA Annex 11 zu unterst\u00fctzen.<\/p>\n<p class=\"gb-headline gb-headline-1d62f342 gb-headline-text\">\n<p>&nbsp;<\/p>\n                <\/div>\n                                        <div class=\"contentPart-textbox contentPart-textbox_2 textInput width-50 trans\">\n                    <p>Nutzen Sie unser Best-Practice-Programm f\u00fcr den Lebenszyklusmanagement von computergest\u00fctzten Systemen f\u00fcr:<\/p>\n<ul>\n<li>Projektmanagement<\/li>\n<li>Qualifizierte, skalierbare und flexible Ressourcenallokation<\/li>\n<li>Einhaltung von Projektzeitpl\u00e4nen und Budgetvorgaben<\/li>\n<li>Lieferung umfassender Systemanforderungsspezifikationen<\/li>\n<li>Bereitstellung eines Validierungsplans<\/li>\n<li>Bereitstellung von Designdokumentationen<\/li>\n<li>Erf\u00fcllung der Anforderungen gem\u00e4\u00df 21 CFR Part 11 f\u00fcr elektronische Aufzeichnungen und Signaturen<\/li>\n<li>Inbetriebnahme<\/li>\n<li>Qualifizierung und Verifizierung<\/li>\n<li>Freigabe<\/li>\n<\/ul>\n                <\/div>\n                    <\/div>\n                    <\/div>\n\n\n    <div id=\"contactform-block_0a4f98c356f47405c16bd3ea2fc4aae7\" class=\"content-row content-row-contactform  background_darken contactform\">\n        <div class=\"contentPart-inner\">\n\n            <div class=\"contentPart-text width-100\">\n                                    <h2 class=\"text-blue content-row-headline trans\">\n                        Sprechen Sie noch heute mit einem Experten                    <\/h2>\n                            <\/div>\n\n            <div class=\"contactform-wrapper trans\">\n                                    <iframe src=\"https:\/\/go.atsautomation.com\/l\/651873\/2025-06-04\/h7yqyb\" class=\"form-iframe form-iframe-contactform\" data-cookieconsent=\"marketing\"><\/iframe>\n                            <\/div>\n\n        <\/div>\n    <\/div>\n","protected":false},"excerpt":{"rendered":"","protected":false},"author":465,"featured_media":0,"parent":0,"menu_order":0,"comment_status":"closed","ping_status":"closed","template":"","meta":{"_acf_changed":false,"_cr_original_post":"18765","_cr_replace_post_id":"","_cr_replacing_post_id":"","footnotes":""},"class_list":["post-24948","page","type-page","status-publish","hentry"],"yoast_head":"<!-- This site is optimized with the Yoast SEO Premium plugin v26.8 (Yoast SEO v26.8) - https:\/\/yoast.com\/product\/yoast-seo-premium-wordpress\/ -->\n<title>CSV and CSA Project Delivery | Orise<\/title>\n<meta name=\"description\" content=\"Meistern Sie die Herausforderungen der CSA- und CSV-Bereitstellung mit Orise&#039;s Programm f\u00fcr den Lebenszyklusmanagement von Computersystemen.\" \/>\n<meta name=\"robots\" content=\"index, follow, max-snippet:-1, max-image-preview:large, max-video-preview:-1\" \/>\n<link rel=\"canonical\" href=\"https:\/\/orise.com\/de\/csv-csa-project-delivery\/\" \/>\n<meta property=\"og:locale\" content=\"de_DE\" \/>\n<meta property=\"og:type\" content=\"article\" \/>\n<meta property=\"og:title\" content=\"CSV and CSA Project Delivery\" \/>\n<meta property=\"og:description\" content=\"Meistern Sie die Herausforderungen der CSA- und CSV-Bereitstellung mit Orise&#039;s Programm f\u00fcr den Lebenszyklusmanagement von Computersystemen.\" \/>\n<meta property=\"og:url\" content=\"https:\/\/orise.com\/de\/csv-csa-project-delivery\/\" \/>\n<meta property=\"og:site_name\" content=\"Orise\" \/>\n<meta property=\"article:modified_time\" content=\"2025-08-06T15:27:58+00:00\" \/>\n<meta name=\"twitter:card\" content=\"summary_large_image\" \/>\n<script type=\"application\/ld+json\" class=\"yoast-schema-graph\">{\"@context\":\"https:\/\/schema.org\",\"@graph\":[{\"@type\":\"WebPage\",\"@id\":\"https:\/\/orise.com\/de\/csv-csa-project-delivery\/\",\"url\":\"https:\/\/orise.com\/de\/csv-csa-project-delivery\/\",\"name\":\"CSV and CSA Project Delivery | Orise\",\"isPartOf\":{\"@id\":\"https:\/\/orise.com\/de\/#website\"},\"datePublished\":\"2025-02-24T15:07:50+00:00\",\"dateModified\":\"2025-08-06T15:27:58+00:00\",\"description\":\"Meistern Sie die Herausforderungen der CSA- und CSV-Bereitstellung mit Orise's Programm f\u00fcr den Lebenszyklusmanagement von Computersystemen.\",\"breadcrumb\":{\"@id\":\"https:\/\/orise.com\/de\/csv-csa-project-delivery\/#breadcrumb\"},\"inLanguage\":\"de-DE\",\"potentialAction\":[{\"@type\":\"ReadAction\",\"target\":[\"https:\/\/orise.com\/de\/csv-csa-project-delivery\/\"]}]},{\"@type\":\"BreadcrumbList\",\"@id\":\"https:\/\/orise.com\/de\/csv-csa-project-delivery\/#breadcrumb\",\"itemListElement\":[{\"@type\":\"ListItem\",\"position\":1,\"name\":\"Home\",\"item\":\"https:\/\/orise.com\/de\/\"},{\"@type\":\"ListItem\",\"position\":2,\"name\":\"CSV and CSA Project Delivery\"}]},{\"@type\":\"WebSite\",\"@id\":\"https:\/\/orise.com\/de\/#website\",\"url\":\"https:\/\/orise.com\/de\/\",\"name\":\"Orise\",\"description\":\"Unlock your full potential.\",\"publisher\":{\"@id\":\"https:\/\/orise.com\/de\/#organization\"},\"potentialAction\":[{\"@type\":\"SearchAction\",\"target\":{\"@type\":\"EntryPoint\",\"urlTemplate\":\"https:\/\/orise.com\/de\/?s={search_term_string}\"},\"query-input\":{\"@type\":\"PropertyValueSpecification\",\"valueRequired\":true,\"valueName\":\"search_term_string\"}}],\"inLanguage\":\"de-DE\"},{\"@type\":\"Organization\",\"@id\":\"https:\/\/orise.com\/de\/#organization\",\"name\":\"Orise\",\"url\":\"https:\/\/orise.com\/de\/\",\"logo\":{\"@type\":\"ImageObject\",\"inLanguage\":\"de-DE\",\"@id\":\"https:\/\/orise.com\/de\/#\/schema\/logo\/image\/\",\"url\":\"https:\/\/orise.com\/wp-content\/uploads\/sites\/71\/2025\/04\/cropped-Orise-Circle-Icon-Website-V1-1.png\",\"contentUrl\":\"https:\/\/orise.com\/wp-content\/uploads\/sites\/71\/2025\/04\/cropped-Orise-Circle-Icon-Website-V1-1.png\",\"width\":512,\"height\":512,\"caption\":\"Orise\"},\"image\":{\"@id\":\"https:\/\/orise.com\/de\/#\/schema\/logo\/image\/\"}}]}<\/script>\n<!-- \/ Yoast SEO Premium plugin. -->","yoast_head_json":{"title":"CSV and CSA Project Delivery | Orise","description":"Meistern Sie die Herausforderungen der CSA- und CSV-Bereitstellung mit Orise's Programm f\u00fcr den Lebenszyklusmanagement von Computersystemen.","robots":{"index":"index","follow":"follow","max-snippet":"max-snippet:-1","max-image-preview":"max-image-preview:large","max-video-preview":"max-video-preview:-1"},"canonical":"https:\/\/orise.com\/de\/csv-csa-project-delivery\/","og_locale":"de_DE","og_type":"article","og_title":"CSV and CSA Project Delivery","og_description":"Meistern Sie die Herausforderungen der CSA- und CSV-Bereitstellung mit Orise's Programm f\u00fcr den Lebenszyklusmanagement von Computersystemen.","og_url":"https:\/\/orise.com\/de\/csv-csa-project-delivery\/","og_site_name":"Orise","article_modified_time":"2025-08-06T15:27:58+00:00","twitter_card":"summary_large_image","schema":{"@context":"https:\/\/schema.org","@graph":[{"@type":"WebPage","@id":"https:\/\/orise.com\/de\/csv-csa-project-delivery\/","url":"https:\/\/orise.com\/de\/csv-csa-project-delivery\/","name":"CSV and CSA Project Delivery | Orise","isPartOf":{"@id":"https:\/\/orise.com\/de\/#website"},"datePublished":"2025-02-24T15:07:50+00:00","dateModified":"2025-08-06T15:27:58+00:00","description":"Meistern Sie die Herausforderungen der CSA- und CSV-Bereitstellung mit Orise's Programm f\u00fcr den Lebenszyklusmanagement von Computersystemen.","breadcrumb":{"@id":"https:\/\/orise.com\/de\/csv-csa-project-delivery\/#breadcrumb"},"inLanguage":"de-DE","potentialAction":[{"@type":"ReadAction","target":["https:\/\/orise.com\/de\/csv-csa-project-delivery\/"]}]},{"@type":"BreadcrumbList","@id":"https:\/\/orise.com\/de\/csv-csa-project-delivery\/#breadcrumb","itemListElement":[{"@type":"ListItem","position":1,"name":"Home","item":"https:\/\/orise.com\/de\/"},{"@type":"ListItem","position":2,"name":"CSV and CSA Project Delivery"}]},{"@type":"WebSite","@id":"https:\/\/orise.com\/de\/#website","url":"https:\/\/orise.com\/de\/","name":"Orise","description":"Unlock your full potential.","publisher":{"@id":"https:\/\/orise.com\/de\/#organization"},"potentialAction":[{"@type":"SearchAction","target":{"@type":"EntryPoint","urlTemplate":"https:\/\/orise.com\/de\/?s={search_term_string}"},"query-input":{"@type":"PropertyValueSpecification","valueRequired":true,"valueName":"search_term_string"}}],"inLanguage":"de-DE"},{"@type":"Organization","@id":"https:\/\/orise.com\/de\/#organization","name":"Orise","url":"https:\/\/orise.com\/de\/","logo":{"@type":"ImageObject","inLanguage":"de-DE","@id":"https:\/\/orise.com\/de\/#\/schema\/logo\/image\/","url":"https:\/\/orise.com\/wp-content\/uploads\/sites\/71\/2025\/04\/cropped-Orise-Circle-Icon-Website-V1-1.png","contentUrl":"https:\/\/orise.com\/wp-content\/uploads\/sites\/71\/2025\/04\/cropped-Orise-Circle-Icon-Website-V1-1.png","width":512,"height":512,"caption":"Orise"},"image":{"@id":"https:\/\/orise.com\/de\/#\/schema\/logo\/image\/"}}]}},"acf":[],"_links":{"self":[{"href":"https:\/\/orise.com\/de\/wp-json\/wp\/v2\/pages\/24948","targetHints":{"allow":["GET"]}}],"collection":[{"href":"https:\/\/orise.com\/de\/wp-json\/wp\/v2\/pages"}],"about":[{"href":"https:\/\/orise.com\/de\/wp-json\/wp\/v2\/types\/page"}],"author":[{"embeddable":true,"href":"https:\/\/orise.com\/de\/wp-json\/wp\/v2\/users\/465"}],"replies":[{"embeddable":true,"href":"https:\/\/orise.com\/de\/wp-json\/wp\/v2\/comments?post=24948"}],"version-history":[{"count":2,"href":"https:\/\/orise.com\/de\/wp-json\/wp\/v2\/pages\/24948\/revisions"}],"predecessor-version":[{"id":29397,"href":"https:\/\/orise.com\/de\/wp-json\/wp\/v2\/pages\/24948\/revisions\/29397"}],"wp:attachment":[{"href":"https:\/\/orise.com\/de\/wp-json\/wp\/v2\/media?parent=24948"}],"curies":[{"name":"wp","href":"https:\/\/api.w.org\/{rel}","templated":true}]}}