{"id":2508,"date":"2021-12-04T10:52:29","date_gmt":"2021-12-04T10:52:29","guid":{"rendered":"https:\/\/vipgo.atsautomation.com\/pas\/?page_id=2508"},"modified":"2025-08-06T16:53:46","modified_gmt":"2025-08-06T16:53:46","slug":"automation","status":"publish","type":"page","link":"https:\/\/orise.com\/de\/automation\/","title":{"rendered":"Automation"},"content":{"rendered":"<div id=\"pageheader-block_f2b38a9da396cad905ae5a1aae6061a7\" class=\"content-row content-row-pageheader bg-base\t\tcontent-row-pageheader-anchor   pageheader\">\n        <div class=\"contentPart-fixed\">\n        <div class=\"contentPart-inner\">\n            <div class=\"contentPart-text width-100\">\n                <h1>\n                                        Process Automation                                    <\/h1>\n                <h2 class=\"trans\">\n                                        Answers to Automation.                                    <\/h2>\n                                                <div class=\"anchor_links-wrapper trans\">\n                                        <div class=\"anchor_link-item trans\">\n                        <div class=\"anchor_link-item-inner\">\n                            <a class=\"anchorlink\" data-subtab=\"0\"\n                                data-anchor=\"#manufacturing\"\n                                href=\"#\">Engineering<\/a>\n                        <\/div>\n                    <\/div>\n                                        <div class=\"anchor_link-item trans\">\n                        <div class=\"anchor_link-item-inner\">\n                            <a class=\"anchorlink\" data-subtab=\"1\"\n                                data-anchor=\"#manufacturing\"\n                                href=\"#\">Systemintegration<\/a>\n                        <\/div>\n                    <\/div>\n                                        <div class=\"anchor_link-item trans\">\n                        <div class=\"anchor_link-item-inner\">\n                            <a class=\"anchorlink\" data-subtab=\"2\"\n                                data-anchor=\"#manufacturing\"\n                                href=\"#\">MES &amp; Produktionssteuerung<\/a>\n                        <\/div>\n                    <\/div>\n                                        <div class=\"anchor_link-item trans\">\n                        <div class=\"anchor_link-item-inner\">\n                            <a class=\"anchorlink\" data-subtab=\"3\"\n                                data-anchor=\"#manufacturing\"\n                                href=\"#\">Automatisierungsl\u00f6sungen <\/a>\n                        <\/div>\n                    <\/div>\n                                    <\/div>\n                            <\/div>\n        <\/div>\n    <\/div>\n    <div class=\"slidedown-button editor-hide\">\n        <span class=\"slidedown-label\">Mehr erfahren<\/span>\n        <img decoding=\"async\" src=\"https:\/\/orise.com\/wp-content\/themes\/ats-orise\/img\/doubble-arrow-down.svg\" alt=\"\"\n            class=\"slidedown-icon\">\n    <\/div>\n<\/div>\n\n\n\n    <div id=\"image_banner-block_49da79887a354ae3ebed11e9c34daa17\" class=\"content-row content-row-imagebanner trans  image_banner test\">\n                                                <img decoding=\"async\" src=\"https:\/\/orise.com\/wp-content\/uploads\/sites\/71\/2021\/12\/Competencies-Automation2.jpg?w=1920&#038;h=0&#038;crop=1\" alt=\"Industrial automation at PA\" class=\"fullscreen\">\n            <\/div>\n\n\n\n    <div id=\"imagetext_textvariation-block_b5b52cd7ad1861eafe772a4a81491d47\" class=\"content-row content-row-textvariation  background_darken   textvariation\">\n        <div class=\"contentPart-inner\">\n            <div class=\"contentPart-text\">\n                                            <\/div>\n                            <div class=\"contentPart-textbox width-50 textInput trans\">\n                    <p>Das industrielle Internet der Dinge (IIoT), Industrie 4.0 und Technologien f\u00fcr die Smart Factory treiben die industrielle Automation auf die n\u00e4chste Stufe der Digitalisierung.<\/p>\n                <\/div>\n                                        <div class=\"contentPart-textbox contentPart-textbox_2 textInput width-50 trans\">\n                    <p>Mit hochmodernen Automationsl\u00f6sungen k\u00f6nnen Industrieunternehmen die Produktionskosten minimieren und die Produktivit\u00e4t in der Wertsch\u00f6pfungskette optimieren.<\/p>\n                <\/div>\n                    <\/div>\n                    <\/div>\n\n\n<div id=\"manufacturing\" class=\"content-row anchortarget trans anchortarget\">\n    <h3 class=\"editorInfo\">#manufacturing<\/h3>\n<\/div>\n\n    <div id=\"tabs-block_5faddde2d2f0a9240992ce94b5e1f07b\" class=\"content-row content-row-tabs bg-base tabs\">\n        <div class=\"contentPart-inner\">\n            <div class=\"contentPart-text width-100\">\n                                    <h2 class=\"text-blue content-row-headline trans\">\n                        Orise deckt den gesamten Bereich der Prozess- und Fertigungsautomation ab                    <\/h2>\n                                                    <div class=\"tabteaser trans\">\n                        Wir automatisieren Prozess- und Fertigungsanlagen auf ganzheitlicher Basis, wobei wir die modernsten Prozessleitsysteme oder SCADA-L\u00f6sungen einsetzen. Ob Sie diskrete Fertigungsbetriebe, komplexe Batch- oder kontinuierliche Prozessanlagen mit h\u00f6chsten Anforderungen an Sicherheit und Verf\u00fcgbarkeit betreiben \u2013 wir sind Ihr Partner.                    <\/div>\n                            <\/div>\n                            <div class=\"tabs-wrapper trans\">\n                                            <div class=\"tab-item animateAll\">\n                            <div class=\"tab-titel\">\n                                Engineering.                            <\/div>\n                            <div class=\"tab-content\">\n                                <div class=\"tab-text\">\n                                    <p>Als unabh\u00e4ngiger Spezialist bietet Orise ma\u00dfgeschneiderte Planungsleistungen an, von der Beratung und Konzeption \u00fcber alle Planungsphasen bis hin zur Construction Management und Inbetriebnahme.<\/p>\n                                                                            <div class=\"btnrow btnrow-light bold trans\"><a href=\"https:\/\/orise.com\/de\/automation\/engineering\/\" class=\"animateAll\">mehr<\/a><\/div>\n                                                                                                        <\/div>\n                            <\/div>\n                        <\/div>\n                                            <div class=\"tab-item animateAll\">\n                            <div class=\"tab-titel\">\n                                Systemintegration.                            <\/div>\n                            <div class=\"tab-content\">\n                                <div class=\"tab-text\">\n                                    <p>Wir bieten das vollst\u00e4ndige Spektrum der OT-Systemintegration von der Produktionsst\u00e4tte \u00fcber SPS, DCS, BMS und MES bis hin zum ERP-System. Orise f\u00fchrt Migrationen von Altsystemen und Systemerweiterungen durch, optimiert sie oder implementiert neue Systeme.<\/p>\n                                                                            <div class=\"btnrow btnrow-light bold trans\"><a href=\"https:\/\/orise.com\/de\/systemintegration\/\" class=\"animateAll\">mehr<\/a><\/div>\n                                                                                                        <\/div>\n                            <\/div>\n                        <\/div>\n                                            <div class=\"tab-item animateAll\">\n                            <div class=\"tab-titel\">\n                                MES &amp; Production Control.                            <\/div>\n                            <div class=\"tab-content\">\n                                <div class=\"tab-text\">\n                                    <p>Orise ist Ihr Partner f\u00fcr MES. Wir bieten L\u00f6sungen f\u00fcr eine optimale Produktionssteuerung und eine nahtlose Integration in die Systemlandschaft.<\/p>\n                                                                            <div class=\"btnrow btnrow-light bold trans\"><a href=\"https:\/\/orise.com\/de\/mes-produktionssteuerung\/\" class=\"animateAll\">mehr<\/a><\/div>\n                                                                                                        <\/div>\n                            <\/div>\n                        <\/div>\n                                            <div class=\"tab-item animateAll\">\n                            <div class=\"tab-titel\">\n                                Automatisierungsl\u00f6sungen.                            <\/div>\n                            <div class=\"tab-content\">\n                                <div class=\"tab-text\">\n                                    <p>Cyber Security, Sicherheit, Energiemanagement, Qualit\u00e4tsmanagement, Hochleistungs-HMI oder Virtual Engineering. Orise bietet ein breites Portfolio an L\u00f6sungen im Bereich der Automatisierung.<\/p>\n                                                                                                        <\/div>\n                            <\/div>\n                        <\/div>\n                                    <\/div>\n                    <\/div>\n    <\/div>\n\n\n    <div id=\"singletext-block_234be35aacd042ff538ee6fa3fc7813e\" class=\"content-row content-row-singletext background_blue   singletext\">\n        <div class=\"contentPart-inner\">\n            <div class=\"contentPart-text width-100\">\n                <h2 class=\" content-row-headline trans\">\n                                    <\/h2>\n                <div class=\"contentPart-textbox textInput trans\">\n                    <h3>Warum Orise\u00a0 Partner der Wahl f\u00fcr Automation ist.<\/h3>\n<p>&nbsp;<\/p>\n<p>Ganz gleich, ob Sie eine Komplettl\u00f6sung oder ausgew\u00e4hlte Dienstleistungen ben\u00f6tigen, wir arbeiten nahtlos und ohne Schnittstellen. Wir haben langj\u00e4hrige Partnerschaften mit allen gro\u00dfen Herstellern und sind zertifizierter L\u00f6sungsanbieter.<\/p>\n<p>Ungeachtet unserer engen Partnerschaften sind wir systemunabh\u00e4ngig, um unseren Kunden immer die beste L\u00f6sung anbieten zu k\u00f6nnen. Diese Unabh\u00e4ngigkeit, gepaart mit unserem Fachwissen und unserer Erfahrung, macht uns zum Partner der Wahl f\u00fcr die Automation von Prozess- und Fertigungsunternehmen.<\/p>\n                <\/div>\n            <\/div>\n        <\/div>\n    <\/div>\n\n\n    <div id=\"textboxgrid-block_f9e7f701459b646af8259cef48b64e61\" class=\"content-row content-row-textboxgrid   textboxgrid  gridbgimage\">\n        <div class=\"contentPart-inner\">\n            <div class=\"contentPart-left\">\n                <div>\n                    <div class=\"contentPart-text\">\n                        <h2 class=\"content-row-headline trans\">\n                            Automation zur Steigerung Ihrer operativen Leistung.                         <\/h2>\n                    <\/div>\n\n                                    <\/div>\n\n                <div>\n                                                        <\/div>\n            <\/div>\n\n            <div class=\"textboxgrid-wrapper\">\n                                    <div class=\"textboxgrid-colum textboxgrid-colum-l width-50\">\n                                                    <div class=\"textboxgrid-item trans\">\n                                <div class=\"textboxgrid-item-titel\">\n                                    <h2>\n                                                                                    Steigerung der Produktivit\u00e4t und Minimierung des Materialeinsatzes                                                                            <\/h2>\n                                <\/div>\n                                <div class=\"textboxgrid-item-content textInput\">\n                                                                    <\/div>\n                            <\/div>\n                                                    <div class=\"textboxgrid-item trans\">\n                                <div class=\"textboxgrid-item-titel\">\n                                    <h2>\n                                                                                    Sicherheit von Menschen und Systemen                                                                            <\/h2>\n                                <\/div>\n                                <div class=\"textboxgrid-item-content textInput\">\n                                                                    <\/div>\n                            <\/div>\n                                            <\/div>\n                                                    <div class=\"textboxgrid-colum textboxgrid-colum-r width-50\">\n                                                    <div class=\"textboxgrid-item trans\">\n                                <div class=\"textboxgrid-item-titel\">\n                                    <h2>\n                                                                                    St\u00f6rungsfreier Betrieb Ihrer Anlage                                                                            <\/h2>\n                                <\/div>\n                                <div class=\"textboxgrid-item-content textInput\">\n                                                                    <\/div>\n                            <\/div>\n                                                    <div class=\"textboxgrid-item trans\">\n                                <div class=\"textboxgrid-item-titel\">\n                                    <h2>\n                                                                                    Optimale Qualit\u00e4t Ihrer Produkte                                                                            <\/h2>\n                                <\/div>\n                                <div class=\"textboxgrid-item-content textInput\">\n                                                                    <\/div>\n                            <\/div>\n                                            <\/div>\n                            <\/div>\n        <\/div>\n                            <img decoding=\"async\" src=\"https:\/\/orise.com\/wp-content\/uploads\/sites\/71\/2021\/11\/pas-header-1-e1744010838974.jpg?w=1920&#038;h=0&#038;crop=1\" alt=\"\" class=\"textboxgrid-bg trans\">\n            <\/div>\n\n\n    <div id=\"contactform-block_0ece050af4ee3d6b8399e4f152255751\" class=\"content-row content-row-contactform  background_darken contactform\">\n        <div class=\"contentPart-inner\">\n\n            <div class=\"contentPart-text width-100\">\n                                    <h2 class=\"text-blue content-row-headline trans\">\n                        Wollen Sie mehr erfahren?<br \/>\r\nKontaktieren Sie unsere Experten!                    <\/h2>\n                            <\/div>\n\n            <div class=\"contactform-wrapper trans\">\n                                    <iframe src=\"https:\/\/go.atsautomation.com\/l\/651873\/2025-04-24\/h7vk81\" class=\"form-iframe form-iframe-contactform\" data-cookieconsent=\"marketing\"><\/iframe>\n                            <\/div>\n\n        <\/div>\n    <\/div>\n","protected":false},"excerpt":{"rendered":"","protected":false},"author":166,"featured_media":0,"parent":0,"menu_order":2,"comment_status":"closed","ping_status":"closed","template":"","meta":{"_acf_changed":false,"_cr_original_post":"1421","_cr_replace_post_id":"","_cr_replacing_post_id":"","footnotes":""},"class_list":["post-2508","page","type-page","status-publish","hentry"],"yoast_head":"<!-- This site is optimized with the Yoast SEO Premium plugin v26.8 (Yoast SEO v26.8) - https:\/\/yoast.com\/product\/yoast-seo-premium-wordpress\/ -->\n<title>Process Automation | Orise<\/title>\n<meta name=\"description\" content=\"Orise bietet das gesamte Spektrum der Automatisierung f\u00fcr die Prozessindustrie und die diskrete Fertigung: vom Engineering bis zur Systemintegration.\" \/>\n<meta name=\"robots\" content=\"index, follow, max-snippet:-1, max-image-preview:large, max-video-preview:-1\" \/>\n<link rel=\"canonical\" href=\"https:\/\/orise.com\/de\/automation\/\" \/>\n<meta property=\"og:locale\" content=\"de_DE\" \/>\n<meta property=\"og:type\" content=\"article\" \/>\n<meta property=\"og:title\" content=\"Automation\" \/>\n<meta property=\"og:description\" content=\"Orise bietet das gesamte Spektrum der Automatisierung f\u00fcr die Prozessindustrie und die diskrete Fertigung: vom Engineering bis zur Systemintegration.\" \/>\n<meta property=\"og:url\" content=\"https:\/\/orise.com\/de\/automation\/\" \/>\n<meta property=\"og:site_name\" content=\"Orise\" \/>\n<meta property=\"article:modified_time\" content=\"2025-08-06T16:53:46+00:00\" \/>\n<meta name=\"twitter:card\" content=\"summary_large_image\" \/>\n<script type=\"application\/ld+json\" class=\"yoast-schema-graph\">{\"@context\":\"https:\/\/schema.org\",\"@graph\":[{\"@type\":\"WebPage\",\"@id\":\"https:\/\/orise.com\/de\/automation\/\",\"url\":\"https:\/\/orise.com\/de\/automation\/\",\"name\":\"Process Automation | Orise\",\"isPartOf\":{\"@id\":\"https:\/\/orise.com\/de\/#website\"},\"datePublished\":\"2021-12-04T10:52:29+00:00\",\"dateModified\":\"2025-08-06T16:53:46+00:00\",\"description\":\"Orise bietet das gesamte Spektrum der Automatisierung f\u00fcr die Prozessindustrie und die diskrete Fertigung: vom Engineering bis zur Systemintegration.\",\"breadcrumb\":{\"@id\":\"https:\/\/orise.com\/de\/automation\/#breadcrumb\"},\"inLanguage\":\"de-DE\",\"potentialAction\":[{\"@type\":\"ReadAction\",\"target\":[\"https:\/\/orise.com\/de\/automation\/\"]}]},{\"@type\":\"BreadcrumbList\",\"@id\":\"https:\/\/orise.com\/de\/automation\/#breadcrumb\",\"itemListElement\":[{\"@type\":\"ListItem\",\"position\":1,\"name\":\"Home\",\"item\":\"https:\/\/orise.com\/de\/\"},{\"@type\":\"ListItem\",\"position\":2,\"name\":\"Automation\"}]},{\"@type\":\"WebSite\",\"@id\":\"https:\/\/orise.com\/de\/#website\",\"url\":\"https:\/\/orise.com\/de\/\",\"name\":\"Orise\",\"description\":\"Unlock your full potential.\",\"publisher\":{\"@id\":\"https:\/\/orise.com\/de\/#organization\"},\"potentialAction\":[{\"@type\":\"SearchAction\",\"target\":{\"@type\":\"EntryPoint\",\"urlTemplate\":\"https:\/\/orise.com\/de\/?s={search_term_string}\"},\"query-input\":{\"@type\":\"PropertyValueSpecification\",\"valueRequired\":true,\"valueName\":\"search_term_string\"}}],\"inLanguage\":\"de-DE\"},{\"@type\":\"Organization\",\"@id\":\"https:\/\/orise.com\/de\/#organization\",\"name\":\"Orise\",\"url\":\"https:\/\/orise.com\/de\/\",\"logo\":{\"@type\":\"ImageObject\",\"inLanguage\":\"de-DE\",\"@id\":\"https:\/\/orise.com\/de\/#\/schema\/logo\/image\/\",\"url\":\"https:\/\/orise.com\/wp-content\/uploads\/sites\/71\/2025\/04\/cropped-Orise-Circle-Icon-Website-V1-1.png\",\"contentUrl\":\"https:\/\/orise.com\/wp-content\/uploads\/sites\/71\/2025\/04\/cropped-Orise-Circle-Icon-Website-V1-1.png\",\"width\":512,\"height\":512,\"caption\":\"Orise\"},\"image\":{\"@id\":\"https:\/\/orise.com\/de\/#\/schema\/logo\/image\/\"}}]}<\/script>\n<!-- \/ Yoast SEO Premium plugin. -->","yoast_head_json":{"title":"Process Automation | Orise","description":"Orise bietet das gesamte Spektrum der Automatisierung f\u00fcr die Prozessindustrie und die diskrete Fertigung: vom Engineering bis zur Systemintegration.","robots":{"index":"index","follow":"follow","max-snippet":"max-snippet:-1","max-image-preview":"max-image-preview:large","max-video-preview":"max-video-preview:-1"},"canonical":"https:\/\/orise.com\/de\/automation\/","og_locale":"de_DE","og_type":"article","og_title":"Automation","og_description":"Orise bietet das gesamte Spektrum der Automatisierung f\u00fcr die Prozessindustrie und die diskrete Fertigung: vom Engineering bis zur Systemintegration.","og_url":"https:\/\/orise.com\/de\/automation\/","og_site_name":"Orise","article_modified_time":"2025-08-06T16:53:46+00:00","twitter_card":"summary_large_image","schema":{"@context":"https:\/\/schema.org","@graph":[{"@type":"WebPage","@id":"https:\/\/orise.com\/de\/automation\/","url":"https:\/\/orise.com\/de\/automation\/","name":"Process Automation | Orise","isPartOf":{"@id":"https:\/\/orise.com\/de\/#website"},"datePublished":"2021-12-04T10:52:29+00:00","dateModified":"2025-08-06T16:53:46+00:00","description":"Orise bietet das gesamte Spektrum der Automatisierung f\u00fcr die Prozessindustrie und die diskrete Fertigung: vom Engineering bis zur Systemintegration.","breadcrumb":{"@id":"https:\/\/orise.com\/de\/automation\/#breadcrumb"},"inLanguage":"de-DE","potentialAction":[{"@type":"ReadAction","target":["https:\/\/orise.com\/de\/automation\/"]}]},{"@type":"BreadcrumbList","@id":"https:\/\/orise.com\/de\/automation\/#breadcrumb","itemListElement":[{"@type":"ListItem","position":1,"name":"Home","item":"https:\/\/orise.com\/de\/"},{"@type":"ListItem","position":2,"name":"Automation"}]},{"@type":"WebSite","@id":"https:\/\/orise.com\/de\/#website","url":"https:\/\/orise.com\/de\/","name":"Orise","description":"Unlock your full potential.","publisher":{"@id":"https:\/\/orise.com\/de\/#organization"},"potentialAction":[{"@type":"SearchAction","target":{"@type":"EntryPoint","urlTemplate":"https:\/\/orise.com\/de\/?s={search_term_string}"},"query-input":{"@type":"PropertyValueSpecification","valueRequired":true,"valueName":"search_term_string"}}],"inLanguage":"de-DE"},{"@type":"Organization","@id":"https:\/\/orise.com\/de\/#organization","name":"Orise","url":"https:\/\/orise.com\/de\/","logo":{"@type":"ImageObject","inLanguage":"de-DE","@id":"https:\/\/orise.com\/de\/#\/schema\/logo\/image\/","url":"https:\/\/orise.com\/wp-content\/uploads\/sites\/71\/2025\/04\/cropped-Orise-Circle-Icon-Website-V1-1.png","contentUrl":"https:\/\/orise.com\/wp-content\/uploads\/sites\/71\/2025\/04\/cropped-Orise-Circle-Icon-Website-V1-1.png","width":512,"height":512,"caption":"Orise"},"image":{"@id":"https:\/\/orise.com\/de\/#\/schema\/logo\/image\/"}}]}},"acf":[],"_links":{"self":[{"href":"https:\/\/orise.com\/de\/wp-json\/wp\/v2\/pages\/2508","targetHints":{"allow":["GET"]}}],"collection":[{"href":"https:\/\/orise.com\/de\/wp-json\/wp\/v2\/pages"}],"about":[{"href":"https:\/\/orise.com\/de\/wp-json\/wp\/v2\/types\/page"}],"author":[{"embeddable":true,"href":"https:\/\/orise.com\/de\/wp-json\/wp\/v2\/users\/166"}],"replies":[{"embeddable":true,"href":"https:\/\/orise.com\/de\/wp-json\/wp\/v2\/comments?post=2508"}],"version-history":[{"count":28,"href":"https:\/\/orise.com\/de\/wp-json\/wp\/v2\/pages\/2508\/revisions"}],"predecessor-version":[{"id":29414,"href":"https:\/\/orise.com\/de\/wp-json\/wp\/v2\/pages\/2508\/revisions\/29414"}],"wp:attachment":[{"href":"https:\/\/orise.com\/de\/wp-json\/wp\/v2\/media?parent=2508"}],"curies":[{"name":"wp","href":"https:\/\/api.w.org\/{rel}","templated":true}]}}