{"id":2525,"date":"2021-12-03T14:41:16","date_gmt":"2021-12-03T14:41:16","guid":{"rendered":"https:\/\/vipgo.atsautomation.com\/pas\/?page_id=2525"},"modified":"2025-08-06T16:57:04","modified_gmt":"2025-08-06T16:57:04","slug":"engineering","status":"publish","type":"page","link":"https:\/\/orise.com\/de\/automation\/engineering\/","title":{"rendered":"Engineering"},"content":{"rendered":"<div id=\"pageheader-block_039195d00c11e08e8f8827af44691e17\" class=\"content-row content-row-pageheader \t\tcontent-row-pageheader-anchor   pageheader\">\n        <div class=\"contentPart-fixed\">\n        <div class=\"contentPart-inner\">\n            <div class=\"contentPart-text width-100\">\n                <h1>\n                                        Engineering                                      <\/h1>\n                <h2 class=\"trans\">\n                                        Planung und Realisierung aus einer Hand                                    <\/h2>\n                                                <div class=\"anchor_links-wrapper trans\">\n                                        <div class=\"anchor_link-item trans\">\n                        <div class=\"anchor_link-item-inner\">\n                            <a class=\"anchorlink\" data-subtab=\"\"\n                                data-anchor=\"#\"\n                                href=\"#\">EPCM  <\/a>\n                        <\/div>\n                    <\/div>\n                                        <div class=\"anchor_link-item trans\">\n                        <div class=\"anchor_link-item-inner\">\n                            <a class=\"anchorlink\" data-subtab=\"\"\n                                data-anchor=\"#\"\n                                href=\"#\">EPC<\/a>\n                        <\/div>\n                    <\/div>\n                                    <\/div>\n                            <\/div>\n        <\/div>\n    <\/div>\n    <div class=\"slidedown-button editor-hide\">\n        <span class=\"slidedown-label\">Mehr erfahren<\/span>\n        <img decoding=\"async\" src=\"https:\/\/orise.com\/wp-content\/themes\/ats-orise\/img\/doubble-arrow-down.svg\" alt=\"\"\n            class=\"slidedown-icon\">\n    <\/div>\n<\/div>\n\n\n\n    <div id=\"image_banner-block_1fad9801261aaebeb10206a1c6f16933\" class=\"content-row content-row-imagebanner trans  image_banner test\">\n                                                <img decoding=\"async\" src=\"https:\/\/orise.com\/wp-content\/uploads\/sites\/71\/2021\/12\/Competencies-Automation-Engineering.jpg?w=1920&#038;h=0&#038;crop=1\" alt=\"Engineering as one of PA's competencies in automation\" class=\"fullscreen\">\n            <\/div>\n\n\n\n    <div id=\"imagetext_textvariation-block_2f3687b1f734d7e44319c0cde5df861a\" class=\"content-row content-row-textvariation background_darken    textvariation\">\n        <div class=\"contentPart-inner\">\n            <div class=\"contentPart-text\">\n                                            <\/div>\n                            <div class=\"contentPart-textbox width-50 textInput trans\">\n                    <p>Die Anforderungen an das Projektmanagement sind hoch. Branchenkenntnis, Erfahrung in Planung und Abwicklung und ein umfassendes Wissen \u00fcber die zahlreichen Systemanbieter und ihre L\u00f6sungen sind notwendig. Die Kombination dieser F\u00e4higkeiten f\u00fchrt zu erfolgreichen Projekten und zum gr\u00f6\u00dftm\u00f6glichen Nutzen.<\/p>\n                <\/div>\n                                <\/div>\n                    <\/div>\n\n\n<div id=\"manufacturing\" class=\"content-row anchortarget trans anchortarget\">\n    <h3 class=\"editorInfo\">#manufacturing<\/h3>\n<\/div>\n\n    <div id=\"imagetext_textvariation-block_56e7e26f1e3ee4e7f940a9c18443f463\" class=\"content-row content-row-textvariation bg-base    textvariation\">\n        <div class=\"contentPart-inner\">\n            <div class=\"contentPart-text\">\n                                    <h2 class=\"text-blue content-row-headline trans\">\n                        Orise ist der systemunabh\u00e4ngige Engineeringpartner f\u00fcr die Prozess- und Fertigungsindustrie                    <\/h2>\n                                            <\/div>\n                            <div class=\"contentPart-textbox width-50 textInput trans\">\n                    <p>Als unabh\u00e4ngiger Spezialist bietet Orise ma\u00dfgeschneiderte Engineeringleistungen mit hoher Umsetzungskompetenz, beginnend mit der Beratung und Konzeption \u00fcber alle Planungsphasen bis hin zum Construction Management und der Inbetriebnahme.<\/p>\n<p>Bereits in den fr\u00fchen Konzeptionsphasen bringen wir unsere Umsetzungskompetenz und mehr als 30 Jahre Erfahrung mit ein.<\/p>\n<p>Orise bietet schnittstellenfrei das komplette Leistungsspektrum von der Feldebene \u00fcber die Prozesssteuerung bis hin zur Unternehmensleitebene:<\/p>\n                <\/div>\n                                        <div class=\"contentPart-textbox contentPart-textbox_2 textInput width-50 trans\">\n                    <p><strong>Standard-Engineeringprojekte (EPCM)<\/strong><\/p>\n<ul>\n<li>Durchf\u00fchrbarkeitsstudien, Konzeptentwurf (CD)<\/li>\n<li>Anforderungsspezifikation, Basic Design (BD) und Detail Design (DD)<\/li>\n<li>Funktionale Spezifikationen (DCS, MES)<\/li>\n<li>E-MSR-Engineering-Tools (z. B. COMOS, ProDOK, ePLAN usw.)<\/li>\n<li>Engineering f\u00fcr funktionale Sicherheit (T\u00dcV), SIL-Berechnung<\/li>\n<li>Projektmanagement, Bauleitung, Inbetriebnahme, Schulung<\/li>\n<li>Termin\u00fcberwachung<\/li>\n<li>Qualifizierung, DQ, IQ, OQ bis GAMP 5<\/li>\n<\/ul>\n<p>&nbsp;<\/p>\n<p><strong>Schl\u00fcsselfertige Engineeringprojects (EPC)<\/strong><\/p>\n<ul>\n<li>Full Service f\u00fcr komplette Anlagen, zusammen mit verschiedenen Auftragnehmern<\/li>\n<li>Bauwesen, Stahlbau, Architektur, Prozessausr\u00fcstung<\/li>\n<li>Elektrotechnik, Instrumentierung, Automatisierung<\/li>\n<\/ul>\n                <\/div>\n                    <\/div>\n                    <\/div>\n\n\n    <div id=\"textboxgrid-block_a2ab777b8d609d864ec195c21fbedd33\" class=\"content-row content-row-textboxgrid  background_blue textboxgrid  gridbgimage\">\n        <div class=\"contentPart-inner\">\n            <div class=\"contentPart-left\">\n                <div>\n                    <div class=\"contentPart-text\">\n                        <h2 class=\"content-row-headline trans\">\n                            Wir haben mehr als 30 Jahre Erfahrung in der Automation                         <\/h2>\n                    <\/div>\n\n                                    <\/div>\n\n                <div>\n                                                        <\/div>\n            <\/div>\n\n            <div class=\"textboxgrid-wrapper\">\n                                    <div class=\"textboxgrid-colum textboxgrid-colum-l width-50\">\n                                                    <div class=\"textboxgrid-item trans\">\n                                <div class=\"textboxgrid-item-titel\">\n                                    <h2>\n                                                                                    Projektmanagementexpertise                                                                            <\/h2>\n                                <\/div>\n                                <div class=\"textboxgrid-item-content textInput\">\n                                                                    <\/div>\n                            <\/div>\n                                                    <div class=\"textboxgrid-item trans\">\n                                <div class=\"textboxgrid-item-titel\">\n                                    <h2>\n                                                                                    Unabh\u00e4ngigkeit                                                                            <\/h2>\n                                <\/div>\n                                <div class=\"textboxgrid-item-content textInput\">\n                                                                    <\/div>\n                            <\/div>\n                                                    <div class=\"textboxgrid-item trans\">\n                                <div class=\"textboxgrid-item-titel\">\n                                    <h2>\n                                                                                    Expertise bei der Umsetzung                                                                            <\/h2>\n                                <\/div>\n                                <div class=\"textboxgrid-item-content textInput\">\n                                                                    <\/div>\n                            <\/div>\n                                            <\/div>\n                                                    <div class=\"textboxgrid-colum textboxgrid-colum-r width-50\">\n                                                    <div class=\"textboxgrid-item trans\">\n                                <div class=\"textboxgrid-item-titel\">\n                                    <h2>\n                                                                                    Interne Experten                                                                            <\/h2>\n                                <\/div>\n                                <div class=\"textboxgrid-item-content textInput\">\n                                                                    <\/div>\n                            <\/div>\n                                                    <div class=\"textboxgrid-item trans\">\n                                <div class=\"textboxgrid-item-titel\">\n                                    <h2>\n                                                                                    Umfangreiche Praxiserfahrung                                                                            <\/h2>\n                                <\/div>\n                                <div class=\"textboxgrid-item-content textInput\">\n                                                                    <\/div>\n                            <\/div>\n                                                    <div class=\"textboxgrid-item trans\">\n                                <div class=\"textboxgrid-item-titel\">\n                                    <h2>\n                                                                                    Verwendung aktuellster Engineeringtools                                                                            <\/h2>\n                                <\/div>\n                                <div class=\"textboxgrid-item-content textInput\">\n                                                                    <\/div>\n                            <\/div>\n                                            <\/div>\n                            <\/div>\n        <\/div>\n                            <img decoding=\"async\" src=\"https:\/\/orise.com\/wp-content\/uploads\/sites\/71\/2021\/11\/pas-industry-bg-e1743670191922.jpg?w=1920&#038;h=0&#038;crop=1\" alt=\"\" class=\"textboxgrid-bg trans\">\n            <\/div>\n\n\n\n<div id=\"cta_mailinput-block_fe04a6c5b59642517a9f9bf24d55fd93\"\n    class=\"content-row content-row-textimage content-row-cta_mailinput  cta_mailinput  \">\n    <div class=\"contentPart-inner\">\n        <div class=\"contentPart-text trans\">\n            <h2>\n                                Wie Ihre Produktion klimaneutral wird!                            <\/h2>\n                        <div class=\"textInput\">\n                Sehen Sie sich unser kostenloses Webinar zum Thema \u201cCO2-neutrale Produktion\u201d an. Erfahren Sie, wie Unternehmen den Weg zur Klimaneutralit\u00e4t bereits erfolgreich gehen. Lernen Sie von unseren Experten, was in der Umsetzung entscheidend ist.            <\/div>\n            \n                                                            <a href=\"https:\/\/www.gotostage.com\/channel\/b740dd00284444d6bbe23844b8e74e9f\/recording\/c381804b288d42e8a2810f14873bc224\/watch?source=CHANNEL\" target=\"_blank\"\n                class=\"submitBTN\">On-demand Webinar ansehen<\/a>\n                        \n                    <\/div>\n        <div class=\"contentPart-image width-50 trans \">\n                                    <img decoding=\"async\" src=\"https:\/\/orise.com\/wp-content\/uploads\/sites\/71\/2021\/12\/webinar-co2neutral.jpg?w=1001\" alt=\"CO2 neutral production webinar\"\n                class=\"textbildimg\">\n                    <\/div>\n    <\/div>\n\n<\/div>\n\n\n    <div id=\"contactform-block_689b35a960add4c8fe7a2ca3958134d7\" class=\"content-row content-row-contactform  background_darken contactform\">\n        <div class=\"contentPart-inner\">\n\n            <div class=\"contentPart-text width-100\">\n                                    <h2 class=\"text-blue content-row-headline trans\">\n                        Wollen Sie mehr erfahren?<br \/>\r\nKontaktieren Sie unsere Experten!                    <\/h2>\n                            <\/div>\n\n            <div class=\"contactform-wrapper trans\">\n                                    <iframe src=\"https:\/\/go.atsautomation.com\/l\/651873\/2025-04-24\/h7vk81\" class=\"form-iframe form-iframe-contactform\" data-cookieconsent=\"marketing\"><\/iframe>\n                            <\/div>\n\n        <\/div>\n    <\/div>\n","protected":false},"excerpt":{"rendered":"","protected":false},"author":166,"featured_media":0,"parent":2508,"menu_order":1,"comment_status":"closed","ping_status":"closed","template":"","meta":{"_acf_changed":false,"_cr_original_post":"1405","_cr_replace_post_id":"","_cr_replacing_post_id":"","footnotes":""},"class_list":["post-2525","page","type-page","status-publish","hentry"],"yoast_head":"<!-- This site is optimized with the Yoast SEO Premium plugin v26.8 (Yoast SEO v26.8) - https:\/\/yoast.com\/product\/yoast-seo-premium-wordpress\/ -->\n<title>Engineering | Orise<\/title>\n<meta name=\"description\" content=\"Orise bietet ma\u00dfgeschneiderte Dienstleistungen von Standard- (EPCM) bis hin zu schl\u00fcsselfertigen Engineeringprojekten (EPC).\" \/>\n<meta name=\"robots\" content=\"index, follow, max-snippet:-1, max-image-preview:large, max-video-preview:-1\" \/>\n<link rel=\"canonical\" href=\"https:\/\/orise.com\/de\/automation\/engineering\/\" \/>\n<meta property=\"og:locale\" content=\"de_DE\" \/>\n<meta property=\"og:type\" content=\"article\" \/>\n<meta property=\"og:title\" content=\"Engineering\" \/>\n<meta property=\"og:description\" content=\"Orise bietet ma\u00dfgeschneiderte Dienstleistungen von Standard- (EPCM) bis hin zu schl\u00fcsselfertigen Engineeringprojekten (EPC).\" \/>\n<meta property=\"og:url\" content=\"https:\/\/orise.com\/de\/automation\/engineering\/\" \/>\n<meta property=\"og:site_name\" content=\"Orise\" \/>\n<meta property=\"article:modified_time\" content=\"2025-08-06T16:57:04+00:00\" \/>\n<meta name=\"twitter:card\" content=\"summary_large_image\" \/>\n<script type=\"application\/ld+json\" class=\"yoast-schema-graph\">{\"@context\":\"https:\/\/schema.org\",\"@graph\":[{\"@type\":\"WebPage\",\"@id\":\"https:\/\/orise.com\/de\/automation\/engineering\/\",\"url\":\"https:\/\/orise.com\/de\/automation\/engineering\/\",\"name\":\"Engineering | Orise\",\"isPartOf\":{\"@id\":\"https:\/\/orise.com\/de\/#website\"},\"datePublished\":\"2021-12-03T14:41:16+00:00\",\"dateModified\":\"2025-08-06T16:57:04+00:00\",\"description\":\"Orise bietet ma\u00dfgeschneiderte Dienstleistungen von Standard- (EPCM) bis hin zu schl\u00fcsselfertigen Engineeringprojekten (EPC).\",\"breadcrumb\":{\"@id\":\"https:\/\/orise.com\/de\/automation\/engineering\/#breadcrumb\"},\"inLanguage\":\"de-DE\",\"potentialAction\":[{\"@type\":\"ReadAction\",\"target\":[\"https:\/\/orise.com\/de\/automation\/engineering\/\"]}]},{\"@type\":\"BreadcrumbList\",\"@id\":\"https:\/\/orise.com\/de\/automation\/engineering\/#breadcrumb\",\"itemListElement\":[{\"@type\":\"ListItem\",\"position\":1,\"name\":\"Home\",\"item\":\"https:\/\/orise.com\/de\/\"},{\"@type\":\"ListItem\",\"position\":2,\"name\":\"Automation\",\"item\":\"https:\/\/orise.com\/de\/automation\/\"},{\"@type\":\"ListItem\",\"position\":3,\"name\":\"Engineering\"}]},{\"@type\":\"WebSite\",\"@id\":\"https:\/\/orise.com\/de\/#website\",\"url\":\"https:\/\/orise.com\/de\/\",\"name\":\"Orise\",\"description\":\"Unlock your full potential.\",\"publisher\":{\"@id\":\"https:\/\/orise.com\/de\/#organization\"},\"potentialAction\":[{\"@type\":\"SearchAction\",\"target\":{\"@type\":\"EntryPoint\",\"urlTemplate\":\"https:\/\/orise.com\/de\/?s={search_term_string}\"},\"query-input\":{\"@type\":\"PropertyValueSpecification\",\"valueRequired\":true,\"valueName\":\"search_term_string\"}}],\"inLanguage\":\"de-DE\"},{\"@type\":\"Organization\",\"@id\":\"https:\/\/orise.com\/de\/#organization\",\"name\":\"Orise\",\"url\":\"https:\/\/orise.com\/de\/\",\"logo\":{\"@type\":\"ImageObject\",\"inLanguage\":\"de-DE\",\"@id\":\"https:\/\/orise.com\/de\/#\/schema\/logo\/image\/\",\"url\":\"https:\/\/orise.com\/wp-content\/uploads\/sites\/71\/2025\/04\/cropped-Orise-Circle-Icon-Website-V1-1.png\",\"contentUrl\":\"https:\/\/orise.com\/wp-content\/uploads\/sites\/71\/2025\/04\/cropped-Orise-Circle-Icon-Website-V1-1.png\",\"width\":512,\"height\":512,\"caption\":\"Orise\"},\"image\":{\"@id\":\"https:\/\/orise.com\/de\/#\/schema\/logo\/image\/\"}}]}<\/script>\n<!-- \/ Yoast SEO Premium plugin. -->","yoast_head_json":{"title":"Engineering | Orise","description":"Orise bietet ma\u00dfgeschneiderte Dienstleistungen von Standard- (EPCM) bis hin zu schl\u00fcsselfertigen Engineeringprojekten (EPC).","robots":{"index":"index","follow":"follow","max-snippet":"max-snippet:-1","max-image-preview":"max-image-preview:large","max-video-preview":"max-video-preview:-1"},"canonical":"https:\/\/orise.com\/de\/automation\/engineering\/","og_locale":"de_DE","og_type":"article","og_title":"Engineering","og_description":"Orise bietet ma\u00dfgeschneiderte Dienstleistungen von Standard- (EPCM) bis hin zu schl\u00fcsselfertigen Engineeringprojekten (EPC).","og_url":"https:\/\/orise.com\/de\/automation\/engineering\/","og_site_name":"Orise","article_modified_time":"2025-08-06T16:57:04+00:00","twitter_card":"summary_large_image","schema":{"@context":"https:\/\/schema.org","@graph":[{"@type":"WebPage","@id":"https:\/\/orise.com\/de\/automation\/engineering\/","url":"https:\/\/orise.com\/de\/automation\/engineering\/","name":"Engineering | Orise","isPartOf":{"@id":"https:\/\/orise.com\/de\/#website"},"datePublished":"2021-12-03T14:41:16+00:00","dateModified":"2025-08-06T16:57:04+00:00","description":"Orise bietet ma\u00dfgeschneiderte Dienstleistungen von Standard- (EPCM) bis hin zu schl\u00fcsselfertigen Engineeringprojekten (EPC).","breadcrumb":{"@id":"https:\/\/orise.com\/de\/automation\/engineering\/#breadcrumb"},"inLanguage":"de-DE","potentialAction":[{"@type":"ReadAction","target":["https:\/\/orise.com\/de\/automation\/engineering\/"]}]},{"@type":"BreadcrumbList","@id":"https:\/\/orise.com\/de\/automation\/engineering\/#breadcrumb","itemListElement":[{"@type":"ListItem","position":1,"name":"Home","item":"https:\/\/orise.com\/de\/"},{"@type":"ListItem","position":2,"name":"Automation","item":"https:\/\/orise.com\/de\/automation\/"},{"@type":"ListItem","position":3,"name":"Engineering"}]},{"@type":"WebSite","@id":"https:\/\/orise.com\/de\/#website","url":"https:\/\/orise.com\/de\/","name":"Orise","description":"Unlock your full potential.","publisher":{"@id":"https:\/\/orise.com\/de\/#organization"},"potentialAction":[{"@type":"SearchAction","target":{"@type":"EntryPoint","urlTemplate":"https:\/\/orise.com\/de\/?s={search_term_string}"},"query-input":{"@type":"PropertyValueSpecification","valueRequired":true,"valueName":"search_term_string"}}],"inLanguage":"de-DE"},{"@type":"Organization","@id":"https:\/\/orise.com\/de\/#organization","name":"Orise","url":"https:\/\/orise.com\/de\/","logo":{"@type":"ImageObject","inLanguage":"de-DE","@id":"https:\/\/orise.com\/de\/#\/schema\/logo\/image\/","url":"https:\/\/orise.com\/wp-content\/uploads\/sites\/71\/2025\/04\/cropped-Orise-Circle-Icon-Website-V1-1.png","contentUrl":"https:\/\/orise.com\/wp-content\/uploads\/sites\/71\/2025\/04\/cropped-Orise-Circle-Icon-Website-V1-1.png","width":512,"height":512,"caption":"Orise"},"image":{"@id":"https:\/\/orise.com\/de\/#\/schema\/logo\/image\/"}}]}},"acf":[],"_links":{"self":[{"href":"https:\/\/orise.com\/de\/wp-json\/wp\/v2\/pages\/2525","targetHints":{"allow":["GET"]}}],"collection":[{"href":"https:\/\/orise.com\/de\/wp-json\/wp\/v2\/pages"}],"about":[{"href":"https:\/\/orise.com\/de\/wp-json\/wp\/v2\/types\/page"}],"author":[{"embeddable":true,"href":"https:\/\/orise.com\/de\/wp-json\/wp\/v2\/users\/166"}],"replies":[{"embeddable":true,"href":"https:\/\/orise.com\/de\/wp-json\/wp\/v2\/comments?post=2525"}],"version-history":[{"count":24,"href":"https:\/\/orise.com\/de\/wp-json\/wp\/v2\/pages\/2525\/revisions"}],"predecessor-version":[{"id":29415,"href":"https:\/\/orise.com\/de\/wp-json\/wp\/v2\/pages\/2525\/revisions\/29415"}],"up":[{"embeddable":true,"href":"https:\/\/orise.com\/de\/wp-json\/wp\/v2\/pages\/2508"}],"wp:attachment":[{"href":"https:\/\/orise.com\/de\/wp-json\/wp\/v2\/media?parent=2525"}],"curies":[{"name":"wp","href":"https:\/\/api.w.org\/{rel}","templated":true}]}}