{"id":25324,"date":"2025-04-22T12:37:47","date_gmt":"2025-04-22T12:37:47","guid":{"rendered":"https:\/\/orise.com\/?page_id=25324"},"modified":"2026-04-29T14:54:55","modified_gmt":"2026-04-29T14:54:55","slug":"sap-digital-products","status":"publish","type":"page","link":"https:\/\/orise.com\/de\/sap\/sap-digital-products\/","title":{"rendered":"SAP Digital Products"},"content":{"rendered":"<div id=\"pageheader-block_24d26f12f597227e89a31853a68c5a7c\" class=\"content-row content-row-pageheader bg-base pageheader\">\n        <div class=\"contentPart-fixed\">\n        <div class=\"contentPart-inner\">\n            <div class=\"contentPart-text width-100\">\n                <h1>\n                                        SAP Digital Products                                    <\/h1>\n                <h2 class=\"trans\">\n                                    <\/h2>\n                                            <\/div>\n        <\/div>\n    <\/div>\n    <div class=\"slidedown-button editor-hide\">\n        <span class=\"slidedown-label\">Mehr erfahren<\/span>\n        <img decoding=\"async\" src=\"https:\/\/orise.com\/wp-content\/themes\/ats-orise\/img\/doubble-arrow-down.svg\" alt=\"\"\n            class=\"slidedown-icon\">\n    <\/div>\n<\/div>\n\n\n\n    <div id=\"image_banner-block_373779423e99be0d2341c873f9d9b0d6\" class=\"content-row content-row-imagebanner trans bg-base image_banner test\">\n                                                <img decoding=\"async\" src=\"https:\/\/orise.com\/wp-content\/uploads\/sites\/71\/2025\/04\/Image-Banner-WordPress-1-4.png?w=1920&#038;h=0&#038;crop=1\" alt=\"\" class=\"fullscreen\">\n            <\/div>\n\n\n\n    <div id=\"imagetext_textvariation-block_80c442231fa90091303d3dc85affda11\" class=\"content-row content-row-textvariation background_blue    textvariation\">\n        <div class=\"contentPart-inner\">\n            <div class=\"contentPart-text\">\n                                            <\/div>\n                            <div class=\"contentPart-textbox width-50 textInput trans\">\n                    <p>Der Gesch\u00e4ftsbereich Digital Products verfolgt ein klares Ziel und eine gro\u00dfe Vision: <strong>Das Zeitalter der Digital Enterprise in der Industrie einzul\u00e4uten. <\/strong>Hierzu f\u00fchren wir unsere Kunden durch diverse Etappen der digitalen Transformation, Automatisierung und Harmonisierung. Modernste Ans\u00e4tze zur Optimierung, der Einsatz von Best Practices und unsere Digital Products, helfen den Kunden ihre strategischen Ziele f\u00fcr die Zukunft nachhaltig zu verwirklichen und bestehende Investments wirksam zu sichern.<\/p>\n<p>&nbsp;<\/p>\n                <\/div>\n                                        <div class=\"contentPart-textbox contentPart-textbox_2 textInput width-50 trans\">\n                    <p>Bei der Realisierung von Einf\u00fchrungs- oder Optimierungsprojekten, bedienen wir uns einer Auswahl zum Kunden passender Digitaler Produkte, die uns den gemeinsamen Weg erleichtern. Der Fokus dieser Produkte liegt in der Standardisierung von Prozessen sowie der Automatisierung relevanter Arbeitsabl\u00e4ufe, immer unter der Ber\u00fccksichtigung von Usability und User Experience. Das Ergebnis ist eine Suite an gezielten Steuerungswerkzeugen, die es Unternehmen erlaubt, jederzeit und \u00fcberall Transparenz und Einblick in Ihre relevanten Daten zu erhalten.<\/p>\n<p>Auf dieser Basis entstehen gezielte Reporting-, Planungs- und Steuerungselemente f\u00fcr Fachbereiche und Management.<\/p>\n                <\/div>\n                    <\/div>\n                    <\/div>\n\n\n<div id=\"content_carousel-block_76fab2c255a2c8972a91121d48e17fec\"\n    class=\"content-row content-row-imagetext_carousel content-row-content_carousel trans background_digital_rev content_carousel\">\n    <div class=\"contentPart-inner\">\n        <div class=\"Infoline\">\n            <p>Unsere digitalen Produkte<\/p>\n        <\/div>\n        <div class=\"subline\">\n            <p>SAP AddOns f\u00fcr Ihr ERP<\/p>\n            <div class=\"content_carousel-arrows\">\n                <div class=\"scroll-arrow scroll-left editor-hide\"><img decoding=\"async\"\n                        src=\"https:\/\/orise.com\/wp-content\/themes\/ats-orise\/img\/keyboard_arrow_left.svg\"\n                        class=\"sliderarrow\" alt=\"\">\n                <\/div>\n                <div class=\"scroll-arrow scroll-right editor-hide\"><img decoding=\"async\"\n                        src=\"https:\/\/orise.com\/wp-content\/themes\/ats-orise\/img\/keyboard_arrow_right.svg\"\n                        class=\"sliderarrow\" alt=\"\">\n                <\/div>\n            <\/div>\n        <\/div>\n        <div class=\"content_carousel-slider\">\n                        <div class=\"content_carousel-item\">\n                <div class=\"content_carousel-item-inner\">\n                    <div class=\"contentPart-image\">\n                        <div class=\"imagetext_carousel-item-inner\">\n                            <div class=\"content_carousel-item-imagebox\">\n                                \n                                                                <img decoding=\"async\" src=\"https:\/\/orise.com\/wp-content\/uploads\/sites\/71\/2025\/04\/Website-Icons-1.png?w=600&#038;h=600&#038;crop=1\"\n                                    alt=\"\" class=\"content_carousel-img\">\n                                                            <\/div>\n                        <\/div>\n                    <\/div>\n                    <div class=\"contentPart-text\">\n                        <h2>\n                            Manufacturing Manager                        <\/h2>\n                        <h4>Das MES-AddOn mit der Integration und Visualisierung von Maschinendaten direkt aus dem ShopFloor.<\/h4>\n                        <div class=\"imagetext_carousel-item-textbox\">\n                                                    <\/div>\n                                                <div class=\"btnrow bold trans\">\n                            <a href=\"https:\/\/orise.com\/de\/sap\/manufacturing-manager\/\"\n                                class=\"animateAll\">\n                                Mehr                            <\/a>\n                        <\/div>\n                                                                    <\/div>\n                <\/div>\n            <\/div>\n                        <div class=\"content_carousel-item\">\n                <div class=\"content_carousel-item-inner\">\n                    <div class=\"contentPart-image\">\n                        <div class=\"imagetext_carousel-item-inner\">\n                            <div class=\"content_carousel-item-imagebox\">\n                                \n                                                                <img decoding=\"async\" src=\"https:\/\/orise.com\/wp-content\/uploads\/sites\/71\/2025\/04\/Website-Icons-2.png?w=600&#038;h=600&#038;crop=1\"\n                                    alt=\"\" class=\"content_carousel-img\">\n                                                            <\/div>\n                        <\/div>\n                    <\/div>\n                    <div class=\"contentPart-text\">\n                        <h2>\n                            Shipping Manager                        <\/h2>\n                        <h4>Die L\u00f6sung f\u00fcr effiziente Verpackungs- und Versandprozesse mit direkter Integration von KEP- und Frachtdienstleistern.<\/h4>\n                        <div class=\"imagetext_carousel-item-textbox\">\n                                                    <\/div>\n                                                <div class=\"btnrow bold trans\">\n                            <a href=\"https:\/\/orise.com\/de\/sap\/shipping-manager\/\"\n                                class=\"animateAll\">\n                                Mehr                            <\/a>\n                        <\/div>\n                                                                    <\/div>\n                <\/div>\n            <\/div>\n                        <div class=\"content_carousel-item\">\n                <div class=\"content_carousel-item-inner\">\n                    <div class=\"contentPart-image\">\n                        <div class=\"imagetext_carousel-item-inner\">\n                            <div class=\"content_carousel-item-imagebox\">\n                                \n                                                                <img decoding=\"async\" src=\"https:\/\/orise.com\/wp-content\/uploads\/sites\/71\/2025\/04\/Website-Icons-6.png?w=600&#038;h=600&#038;crop=1\"\n                                    alt=\"\" class=\"content_carousel-img\">\n                                                            <\/div>\n                        <\/div>\n                    <\/div>\n                    <div class=\"contentPart-text\">\n                        <h2>\n                            Warehouse Manager                        <\/h2>\n                        <h4>Fiori Apps f\u00fcr Effizienz und \u00dcbersicht in Ihrem Lager der Zukunft<\/h4>\n                        <div class=\"imagetext_carousel-item-textbox\">\n                                                    <\/div>\n                                                <div class=\"btnrow bold trans\">\n                            <a href=\"https:\/\/orise.com\/de\/sap\/warehouse-manager\/\"\n                                class=\"animateAll\">\n                                Mehr                            <\/a>\n                        <\/div>\n                                                                    <\/div>\n                <\/div>\n            <\/div>\n                        <div class=\"content_carousel-item\">\n                <div class=\"content_carousel-item-inner\">\n                    <div class=\"contentPart-image\">\n                        <div class=\"imagetext_carousel-item-inner\">\n                            <div class=\"content_carousel-item-imagebox\">\n                                \n                                                                <img decoding=\"async\" src=\"https:\/\/orise.com\/wp-content\/uploads\/sites\/71\/2025\/04\/Website-Icons-7.png?w=600&#038;h=600&#038;crop=1\"\n                                    alt=\"\" class=\"content_carousel-img\">\n                                                            <\/div>\n                        <\/div>\n                    <\/div>\n                    <div class=\"contentPart-text\">\n                        <h2>\n                            Project Manager                        <\/h2>\n                        <h4>Multiprojektmanagement neu gedacht: effizient &amp; vollintegriert mit flexibler Kalkulation, grafischer Teamplanung &amp; voller Kostentransparenz<\/h4>\n                        <div class=\"imagetext_carousel-item-textbox\">\n                                                    <\/div>\n                                                <div class=\"btnrow bold trans\">\n                            <a href=\"https:\/\/orise.com\/de\/sap\/project-manager\/\"\n                                class=\"animateAll\">\n                                Mehr                            <\/a>\n                        <\/div>\n                                                                    <\/div>\n                <\/div>\n            <\/div>\n                        <div class=\"content_carousel-item\">\n                <div class=\"content_carousel-item-inner\">\n                    <div class=\"contentPart-image\">\n                        <div class=\"imagetext_carousel-item-inner\">\n                            <div class=\"content_carousel-item-imagebox\">\n                                \n                                                                <img decoding=\"async\" src=\"https:\/\/orise.com\/wp-content\/uploads\/sites\/71\/2025\/04\/Website-Icons-9.png?w=600&#038;h=600&#038;crop=1\"\n                                    alt=\"Business Intelligence Platform\" class=\"content_carousel-img\">\n                                                            <\/div>\n                        <\/div>\n                    <\/div>\n                    <div class=\"contentPart-text\">\n                        <h2>\n                            Business Intelligence Platform                        <\/h2>\n                        <h4>Der Turbo f\u00fcr alle Ihre Business Intelligence Projekte<\/h4>\n                        <div class=\"imagetext_carousel-item-textbox\">\n                                                    <\/div>\n                                                <div class=\"btnrow bold trans\">\n                            <a href=\"https:\/\/orise.com\/de\/sap\/business-intelligence-platform\/\"\n                                class=\"animateAll\">\n                                Mehr                            <\/a>\n                        <\/div>\n                                                                    <\/div>\n                <\/div>\n            <\/div>\n                        <div class=\"content_carousel-item\">\n                <div class=\"content_carousel-item-inner\">\n                    <div class=\"contentPart-image\">\n                        <div class=\"imagetext_carousel-item-inner\">\n                            <div class=\"content_carousel-item-imagebox\">\n                                \n                                                                <img decoding=\"async\" src=\"https:\/\/orise.com\/wp-content\/uploads\/sites\/71\/2025\/04\/Website-Icons-8.png?w=600&#038;h=600&#038;crop=1\"\n                                    alt=\"\" class=\"content_carousel-img\">\n                                                            <\/div>\n                        <\/div>\n                    <\/div>\n                    <div class=\"contentPart-text\">\n                        <h2>\n                            Workflow Platform                        <\/h2>\n                        <h4>Die L\u00f6sung f\u00fcr die Automatisierung von Prozessen in jedem Bereich Ihres Unternehmens.<\/h4>\n                        <div class=\"imagetext_carousel-item-textbox\">\n                                                    <\/div>\n                                                <div class=\"btnrow bold trans\">\n                            <a href=\"https:\/\/orise.com\/de\/sap\/workflow-platform\/\"\n                                class=\"animateAll\">\n                                Mehr                            <\/a>\n                        <\/div>\n                                                                    <\/div>\n                <\/div>\n            <\/div>\n                    <\/div>\n\n\n    <\/div>\n\n<\/div>\n\n\n    <div id=\"textimage-block_fca7b2ab09648938f71cdcffcdeb88b0\" class=\"content-row content-row-textimage   textimage\">\n        <div class=\"contentPart-inner\">\n            <div class=\"contentPart-text width-50\">\n                <h2 class=\"trans text-blue \">\n                                            Ihr Ansprechpartner                                                                <span class=\"headline_white\">Christian Gebert \u00b7 Director Digitalization<\/span>\n                                    <\/h2>\n                <div class=\"textInput trans\">\n                                            <p>Rheinwaldstra\u00dfe 38<\/p>\n<p>78628 Rottweil<\/p>\n<p>&nbsp;<\/p>\n<p>Tel.: 0741 174416 600<\/p>\n<p>E-Mail: marketing.DE-ROT@orise.com<\/p>\n                                    <\/div>\n                                    <div class=\"btnrow btnrow-light bold trans\"><a href=\"https:\/\/orise.com\/de\/sap\/\" class=\"animateAll\">Zur\u00fcck zum SAP Solutions Hub<\/a><\/div>\n                                            <\/div>\n            <div class=\"contentPart-image width-50 trans \">\n                                                    <img decoding=\"async\" src=\"https:\/\/orise.com\/wp-content\/uploads\/sites\/71\/2025\/01\/Christian_Gebert.jpg?w=1024\" alt=\"\" class=\"textbildimg\">\n                            <\/div>\n        <\/div>\n    <\/div>\n\n\n    <div id=\"contactform-block_61b22b1cbed7ffaa8640c8bd5ab4e56a\" class=\"content-row content-row-contactform  background_darken contactform\">\n        <div class=\"contentPart-inner\">\n\n            <div class=\"contentPart-text width-100\">\n                                    <h2 class=\"text-blue content-row-headline trans\">\n                        Jetzt Kontakt aufnehmen                    <\/h2>\n                            <\/div>\n\n            <div class=\"contactform-wrapper trans\">\n                                    <iframe src=\"https:\/\/go.atsautomation.com\/l\/651873\/2025-06-04\/h7yqym\" class=\"form-iframe form-iframe-contactform\" data-cookieconsent=\"marketing\"><\/iframe>\n                            <\/div>\n\n        <\/div>\n    <\/div>\n","protected":false},"excerpt":{"rendered":"","protected":false},"author":595,"featured_media":25362,"parent":22132,"menu_order":0,"comment_status":"closed","ping_status":"closed","template":"","meta":{"_acf_changed":false,"_cr_original_post":"","_cr_replace_post_id":"","_cr_replacing_post_id":"","footnotes":""},"class_list":["post-25324","page","type-page","status-publish","has-post-thumbnail","hentry"],"yoast_head":"<!-- This site is optimized with the Yoast SEO Premium plugin v26.8 (Yoast SEO v26.8) - https:\/\/yoast.com\/product\/yoast-seo-premium-wordpress\/ -->\n<title>SAP Digital Products | Orise<\/title>\n<meta name=\"description\" content=\"Integrierte SAP-Add-ons f\u00fcr Prozessautomatisierung, Shopfloor-Konnektivit\u00e4t und Analysefunktionen. Sch\u00f6pfen Sie Ihr gesamtes digitales Potenzial mit intelligenten, skalierbaren L\u00f6sungen aus.\" \/>\n<meta name=\"robots\" content=\"index, follow, max-snippet:-1, max-image-preview:large, max-video-preview:-1\" \/>\n<link rel=\"canonical\" href=\"https:\/\/orise.com\/de\/sap\/sap-digital-products\/\" \/>\n<meta property=\"og:locale\" content=\"de_DE\" \/>\n<meta property=\"og:type\" content=\"article\" \/>\n<meta property=\"og:title\" content=\"SAP Digital Products\" \/>\n<meta property=\"og:description\" content=\"Integrierte SAP-Add-ons f\u00fcr Prozessautomatisierung, Shopfloor-Konnektivit\u00e4t und Analysefunktionen. Sch\u00f6pfen Sie Ihr gesamtes digitales Potenzial mit intelligenten, skalierbaren L\u00f6sungen aus.\" \/>\n<meta property=\"og:url\" content=\"https:\/\/orise.com\/de\/sap\/sap-digital-products\/\" \/>\n<meta property=\"og:site_name\" content=\"Orise\" \/>\n<meta property=\"article:modified_time\" content=\"2026-04-29T14:54:55+00:00\" \/>\n<meta property=\"og:image\" content=\"https:\/\/orise.com\/wp-content\/uploads\/sites\/71\/2025\/04\/Image-Banner-WordPress-1-4.png?w=768\" \/>\n\t<meta property=\"og:image:width\" content=\"768\" \/>\n\t<meta property=\"og:image:height\" content=\"288\" \/>\n\t<meta property=\"og:image:type\" content=\"image\/png\" \/>\n<meta name=\"twitter:card\" content=\"summary_large_image\" \/>\n<meta name=\"twitter:label1\" content=\"Gesch\u00e4tzte Lesezeit\" \/>\n\t<meta name=\"twitter:data1\" content=\"1 Minute\" \/>\n<script type=\"application\/ld+json\" class=\"yoast-schema-graph\">{\"@context\":\"https:\/\/schema.org\",\"@graph\":[{\"@type\":\"WebPage\",\"@id\":\"https:\/\/orise.com\/de\/sap\/sap-digital-products\/\",\"url\":\"https:\/\/orise.com\/de\/sap\/sap-digital-products\/\",\"name\":\"SAP Digital Products | Orise\",\"isPartOf\":{\"@id\":\"https:\/\/orise.com\/de\/#website\"},\"primaryImageOfPage\":{\"@id\":\"https:\/\/orise.com\/de\/sap\/sap-digital-products\/#primaryimage\"},\"image\":{\"@id\":\"https:\/\/orise.com\/de\/sap\/sap-digital-products\/#primaryimage\"},\"thumbnailUrl\":\"https:\/\/orise.com\/wp-content\/uploads\/sites\/71\/2025\/04\/Image-Banner-WordPress-1-4.png\",\"datePublished\":\"2025-04-22T12:37:47+00:00\",\"dateModified\":\"2026-04-29T14:54:55+00:00\",\"description\":\"Integrierte SAP-Add-ons f\u00fcr Prozessautomatisierung, Shopfloor-Konnektivit\u00e4t und Analysefunktionen. Sch\u00f6pfen Sie Ihr gesamtes digitales Potenzial mit intelligenten, skalierbaren L\u00f6sungen aus.\",\"breadcrumb\":{\"@id\":\"https:\/\/orise.com\/de\/sap\/sap-digital-products\/#breadcrumb\"},\"inLanguage\":\"de-DE\",\"potentialAction\":[{\"@type\":\"ReadAction\",\"target\":[\"https:\/\/orise.com\/de\/sap\/sap-digital-products\/\"]}]},{\"@type\":\"ImageObject\",\"inLanguage\":\"de-DE\",\"@id\":\"https:\/\/orise.com\/de\/sap\/sap-digital-products\/#primaryimage\",\"url\":\"https:\/\/orise.com\/wp-content\/uploads\/sites\/71\/2025\/04\/Image-Banner-WordPress-1-4.png\",\"contentUrl\":\"https:\/\/orise.com\/wp-content\/uploads\/sites\/71\/2025\/04\/Image-Banner-WordPress-1-4.png\",\"width\":1920,\"height\":720},{\"@type\":\"BreadcrumbList\",\"@id\":\"https:\/\/orise.com\/de\/sap\/sap-digital-products\/#breadcrumb\",\"itemListElement\":[{\"@type\":\"ListItem\",\"position\":1,\"name\":\"Home\",\"item\":\"https:\/\/orise.com\/de\/\"},{\"@type\":\"ListItem\",\"position\":2,\"name\":\"SAP\",\"item\":\"https:\/\/orise.com\/de\/sap\/\"},{\"@type\":\"ListItem\",\"position\":3,\"name\":\"SAP Digital Products\"}]},{\"@type\":\"WebSite\",\"@id\":\"https:\/\/orise.com\/de\/#website\",\"url\":\"https:\/\/orise.com\/de\/\",\"name\":\"Orise\",\"description\":\"Unlock your full potential.\",\"publisher\":{\"@id\":\"https:\/\/orise.com\/de\/#organization\"},\"potentialAction\":[{\"@type\":\"SearchAction\",\"target\":{\"@type\":\"EntryPoint\",\"urlTemplate\":\"https:\/\/orise.com\/de\/?s={search_term_string}\"},\"query-input\":{\"@type\":\"PropertyValueSpecification\",\"valueRequired\":true,\"valueName\":\"search_term_string\"}}],\"inLanguage\":\"de-DE\"},{\"@type\":\"Organization\",\"@id\":\"https:\/\/orise.com\/de\/#organization\",\"name\":\"Orise\",\"url\":\"https:\/\/orise.com\/de\/\",\"logo\":{\"@type\":\"ImageObject\",\"inLanguage\":\"de-DE\",\"@id\":\"https:\/\/orise.com\/de\/#\/schema\/logo\/image\/\",\"url\":\"https:\/\/orise.com\/wp-content\/uploads\/sites\/71\/2025\/04\/cropped-Orise-Circle-Icon-Website-V1-1.png\",\"contentUrl\":\"https:\/\/orise.com\/wp-content\/uploads\/sites\/71\/2025\/04\/cropped-Orise-Circle-Icon-Website-V1-1.png\",\"width\":512,\"height\":512,\"caption\":\"Orise\"},\"image\":{\"@id\":\"https:\/\/orise.com\/de\/#\/schema\/logo\/image\/\"}}]}<\/script>\n<!-- \/ Yoast SEO Premium plugin. -->","yoast_head_json":{"title":"SAP Digital Products | Orise","description":"Integrierte SAP-Add-ons f\u00fcr Prozessautomatisierung, Shopfloor-Konnektivit\u00e4t und Analysefunktionen. Sch\u00f6pfen Sie Ihr gesamtes digitales Potenzial mit intelligenten, skalierbaren L\u00f6sungen aus.","robots":{"index":"index","follow":"follow","max-snippet":"max-snippet:-1","max-image-preview":"max-image-preview:large","max-video-preview":"max-video-preview:-1"},"canonical":"https:\/\/orise.com\/de\/sap\/sap-digital-products\/","og_locale":"de_DE","og_type":"article","og_title":"SAP Digital Products","og_description":"Integrierte SAP-Add-ons f\u00fcr Prozessautomatisierung, Shopfloor-Konnektivit\u00e4t und Analysefunktionen. Sch\u00f6pfen Sie Ihr gesamtes digitales Potenzial mit intelligenten, skalierbaren L\u00f6sungen aus.","og_url":"https:\/\/orise.com\/de\/sap\/sap-digital-products\/","og_site_name":"Orise","article_modified_time":"2026-04-29T14:54:55+00:00","og_image":[{"url":"https:\/\/orise.com\/wp-content\/uploads\/sites\/71\/2025\/04\/Image-Banner-WordPress-1-4.png?w=768","width":768,"height":288,"type":"image\/png"}],"twitter_card":"summary_large_image","twitter_misc":{"Gesch\u00e4tzte Lesezeit":"1 Minute"},"schema":{"@context":"https:\/\/schema.org","@graph":[{"@type":"WebPage","@id":"https:\/\/orise.com\/de\/sap\/sap-digital-products\/","url":"https:\/\/orise.com\/de\/sap\/sap-digital-products\/","name":"SAP Digital Products | Orise","isPartOf":{"@id":"https:\/\/orise.com\/de\/#website"},"primaryImageOfPage":{"@id":"https:\/\/orise.com\/de\/sap\/sap-digital-products\/#primaryimage"},"image":{"@id":"https:\/\/orise.com\/de\/sap\/sap-digital-products\/#primaryimage"},"thumbnailUrl":"https:\/\/orise.com\/wp-content\/uploads\/sites\/71\/2025\/04\/Image-Banner-WordPress-1-4.png","datePublished":"2025-04-22T12:37:47+00:00","dateModified":"2026-04-29T14:54:55+00:00","description":"Integrierte SAP-Add-ons f\u00fcr Prozessautomatisierung, Shopfloor-Konnektivit\u00e4t und Analysefunktionen. Sch\u00f6pfen Sie Ihr gesamtes digitales Potenzial mit intelligenten, skalierbaren L\u00f6sungen aus.","breadcrumb":{"@id":"https:\/\/orise.com\/de\/sap\/sap-digital-products\/#breadcrumb"},"inLanguage":"de-DE","potentialAction":[{"@type":"ReadAction","target":["https:\/\/orise.com\/de\/sap\/sap-digital-products\/"]}]},{"@type":"ImageObject","inLanguage":"de-DE","@id":"https:\/\/orise.com\/de\/sap\/sap-digital-products\/#primaryimage","url":"https:\/\/orise.com\/wp-content\/uploads\/sites\/71\/2025\/04\/Image-Banner-WordPress-1-4.png","contentUrl":"https:\/\/orise.com\/wp-content\/uploads\/sites\/71\/2025\/04\/Image-Banner-WordPress-1-4.png","width":1920,"height":720},{"@type":"BreadcrumbList","@id":"https:\/\/orise.com\/de\/sap\/sap-digital-products\/#breadcrumb","itemListElement":[{"@type":"ListItem","position":1,"name":"Home","item":"https:\/\/orise.com\/de\/"},{"@type":"ListItem","position":2,"name":"SAP","item":"https:\/\/orise.com\/de\/sap\/"},{"@type":"ListItem","position":3,"name":"SAP Digital Products"}]},{"@type":"WebSite","@id":"https:\/\/orise.com\/de\/#website","url":"https:\/\/orise.com\/de\/","name":"Orise","description":"Unlock your full potential.","publisher":{"@id":"https:\/\/orise.com\/de\/#organization"},"potentialAction":[{"@type":"SearchAction","target":{"@type":"EntryPoint","urlTemplate":"https:\/\/orise.com\/de\/?s={search_term_string}"},"query-input":{"@type":"PropertyValueSpecification","valueRequired":true,"valueName":"search_term_string"}}],"inLanguage":"de-DE"},{"@type":"Organization","@id":"https:\/\/orise.com\/de\/#organization","name":"Orise","url":"https:\/\/orise.com\/de\/","logo":{"@type":"ImageObject","inLanguage":"de-DE","@id":"https:\/\/orise.com\/de\/#\/schema\/logo\/image\/","url":"https:\/\/orise.com\/wp-content\/uploads\/sites\/71\/2025\/04\/cropped-Orise-Circle-Icon-Website-V1-1.png","contentUrl":"https:\/\/orise.com\/wp-content\/uploads\/sites\/71\/2025\/04\/cropped-Orise-Circle-Icon-Website-V1-1.png","width":512,"height":512,"caption":"Orise"},"image":{"@id":"https:\/\/orise.com\/de\/#\/schema\/logo\/image\/"}}]}},"acf":[],"_links":{"self":[{"href":"https:\/\/orise.com\/de\/wp-json\/wp\/v2\/pages\/25324","targetHints":{"allow":["GET"]}}],"collection":[{"href":"https:\/\/orise.com\/de\/wp-json\/wp\/v2\/pages"}],"about":[{"href":"https:\/\/orise.com\/de\/wp-json\/wp\/v2\/types\/page"}],"author":[{"embeddable":true,"href":"https:\/\/orise.com\/de\/wp-json\/wp\/v2\/users\/595"}],"replies":[{"embeddable":true,"href":"https:\/\/orise.com\/de\/wp-json\/wp\/v2\/comments?post=25324"}],"version-history":[{"count":8,"href":"https:\/\/orise.com\/de\/wp-json\/wp\/v2\/pages\/25324\/revisions"}],"predecessor-version":[{"id":36582,"href":"https:\/\/orise.com\/de\/wp-json\/wp\/v2\/pages\/25324\/revisions\/36582"}],"up":[{"embeddable":true,"href":"https:\/\/orise.com\/de\/wp-json\/wp\/v2\/pages\/22132"}],"wp:featuredmedia":[{"embeddable":true,"href":"https:\/\/orise.com\/de\/wp-json\/wp\/v2\/media\/25362"}],"wp:attachment":[{"href":"https:\/\/orise.com\/de\/wp-json\/wp\/v2\/media?parent=25324"}],"curies":[{"name":"wp","href":"https:\/\/api.w.org\/{rel}","templated":true}]}}