{"id":2546,"date":"2021-12-03T14:20:22","date_gmt":"2021-12-03T14:20:22","guid":{"rendered":"https:\/\/vipgo.atsautomation.com\/pas\/?page_id=2546"},"modified":"2025-08-06T17:00:32","modified_gmt":"2025-08-06T17:00:32","slug":"systemintegration","status":"publish","type":"page","link":"https:\/\/orise.com\/de\/systemintegration\/","title":{"rendered":"Systemintegration"},"content":{"rendered":"<div id=\"pageheader-block_b754042ed8b2f8016d3bb3b7cdcd0dec\" class=\"content-row content-row-pageheader  pageheader\">\n        <div class=\"contentPart-fixed\">\n        <div class=\"contentPart-inner\">\n            <div class=\"contentPart-text width-100\">\n                <h1>\n                                        Systemintegration                                     <\/h1>\n                <h2 class=\"trans\">\n                                        Bessere Performance durch nahtlose Integration der operativen Technologie (OT)                                    <\/h2>\n                                            <\/div>\n        <\/div>\n    <\/div>\n    <div class=\"slidedown-button editor-hide\">\n        <span class=\"slidedown-label\">Mehr erfahren<\/span>\n        <img decoding=\"async\" src=\"https:\/\/orise.com\/wp-content\/themes\/ats-orise\/img\/doubble-arrow-down.svg\" alt=\"\"\n            class=\"slidedown-icon\">\n    <\/div>\n<\/div>\n\n\n\n    <div id=\"image_banner-block_50d73021a07fc83f5e34b49bd4394d5b\" class=\"content-row content-row-imagebanner trans  image_banner test\">\n                                                <img decoding=\"async\" src=\"https:\/\/orise.com\/wp-content\/uploads\/sites\/71\/2021\/12\/Competencies-Automation-SystemIntegration.jpg?w=1920&#038;h=0&#038;crop=1\" alt=\"System integration is one of our automation competencies\" class=\"fullscreen\">\n            <\/div>\n\n\n\n    <div id=\"imagetext_textvariation-block_3727d0493eb3af0ba233ead2b0cbde06\" class=\"content-row content-row-textvariation background_blue    textvariation\">\n        <div class=\"contentPart-inner\">\n            <div class=\"contentPart-text\">\n                                            <\/div>\n                            <div class=\"contentPart-textbox width-50 textInput trans\">\n                    <p>In den Operations gibt es oft heterogene Systemlandschaften, die zu Inflexibilit\u00e4t, Intransparenz und Ineffizienz f\u00fchren. Die nahtlose Integration der unterschiedlichen Technologieebenen und Systemlieferanten ist daher der Schl\u00fcssel zur Steigerung der operativen Performance.<\/p>\n                <\/div>\n                                        <div class=\"contentPart-textbox contentPart-textbox_2 textInput width-50 trans\">\n                    <p>Je besser die OT-Systeme miteinander kommunizieren, desto einfacher ist es, Effizienz, Qualit\u00e4t, Flexibilit\u00e4t und Stabilit\u00e4t zu verbessern.<\/p>\n                <\/div>\n                    <\/div>\n                    <\/div>\n\n\n<div id=\"manufacturing\" class=\"content-row anchortarget trans anchortarget\">\n    <h3 class=\"editorInfo\">#manufacturing<\/h3>\n<\/div>\n\n    <div id=\"imagetext_textvariation-block_a80db30873cdd47ce27bb1981dc42ecf\" class=\"content-row content-row-textvariation background_darken    textvariation\">\n        <div class=\"contentPart-inner\">\n            <div class=\"contentPart-text\">\n                                    <h2 class=\"text-blue content-row-headline trans\">\n                        Orise ist der systemunabh\u00e4ngige Integrationspartner f\u00fcr die gesamte Automatisierungspyramide                    <\/h2>\n                                                    <div class=\"subline trans\">\n                        Orise ist Ihr unabh\u00e4ngiger Integrationspartner mit mehr als 30 Jahren Erfahrung in der OT-Systemintegration f\u00fcr die Prozess- und Fertigungsindustrie. Wir kennen die f\u00fchrenden L\u00f6sungen und arbeiten mit L\u00f6sungen verschiedener Anbieter aus dem Bereich der industriellen Technologie.                    <\/div>\n                            <\/div>\n                            <div class=\"contentPart-textbox width-50 textInput trans\">\n                    <p>Wir bieten das vollst\u00e4ndige Spektrum der OT-Systemintegration \u2013 von der Produktionsst\u00e4tte bis zum ERP-System:<\/p>\n<ul>\n<li>Hardwareprojektierung, Softwareerstellung<\/li>\n<li>Ausf\u00fchrung von Produktionssteuerungssystemen (PCS), MES, DCS, SCADA, BMS (Geb\u00e4udemanagementsysteme)<\/li>\n<li>Komponentenlieferung (MSR-Ger\u00e4te, DCS)<\/li>\n<li>Schaltschrankbau und Montage<\/li>\n<li>Automation Security<\/li>\n<\/ul>\n                <\/div>\n                                        <div class=\"contentPart-textbox contentPart-textbox_2 textInput width-50 trans\">\n                    <p><img decoding=\"async\" src=\"https:\/\/ats-automation-develop.go-vip.net\/pas\/wp-content\/uploads\/sites\/30\/2021\/12\/PA-automation-pyramid-about1.png\" alt=\"PA offers solutions throughout the complete automation pyramid\" \/><\/p>\n                <\/div>\n                    <\/div>\n                    <\/div>\n\n\n    <div id=\"textimage-block_65283633bbbea2d0ff7210b90da8bfca\" class=\"content-row content-row-textimage bg-base  textimage\">\n        <div class=\"contentPart-inner\">\n            <div class=\"contentPart-text width-50\">\n                <h2 class=\"trans text-blue \">\n                                            SAP-Integration und mehr                                                        <\/h2>\n                <div class=\"textInput trans\">\n                                            <p>\u00dcber das OT-Level hinaus\u00a0<a class=\"text-link underline underline-offset-4 text-left\" title=\"null\" href=\"https:\/\/orise.com\/de\/sap-support\/\" rel=\"noopener noreferrer\">bietet Orise auch Expertise in SAP<\/a>. Orise verf\u00fcgt \u00fcber einzigartige F\u00e4higkeiten als SAP-Partner f\u00fcr die Hightech-, Medizintechnik-, Automobil-, Maschinenbau-, Kunststoff-, Prozessproduktions- und Einzelhandelsbranchen.<\/p>\n<p>Das SAP-Team von Orise bietet SAP-Beratung, SAP-Support, SAP-Entwicklung, SAP-Wartung, SAP-Hosting und Cloud-Services aus einer Hand.<\/p>\n<p>Unsere internen SAP-Experten entwickeln zudem innovative L\u00f6sungen zur Erweiterung der SAP-Funktionalit\u00e4t und zur verbesserten Integration der Wertsch\u00f6pfungskette.<\/p>\n                                    <\/div>\n                                    <div class=\"btnrow btnrow-light bold trans\"><a href=\"https:\/\/orise.com\/de\/sap\/sap-support\/\" class=\"animateAll\">SAP Support<\/a><\/div>\n                                            <\/div>\n            <div class=\"contentPart-image width-50 trans \">\n                                                    <img decoding=\"async\" src=\"https:\/\/orise.com\/wp-content\/uploads\/sites\/71\/2021\/12\/advanced-applications-sap-integration-e1639142986856.jpg?w=999\" alt=\"Advanced Applications is a PA Company\" class=\"textbildimg\">\n                            <\/div>\n        <\/div>\n    <\/div>\n\n\n    <div id=\"textboxgrid-block_c7f10019788c8351e586c8a0950f723d\" class=\"content-row content-row-textboxgrid  background_blue textboxgrid  gridbgimage\">\n        <div class=\"contentPart-inner\">\n            <div class=\"contentPart-left\">\n                <div>\n                    <div class=\"contentPart-text\">\n                        <h2 class=\"content-row-headline trans\">\n                            Wir steigern die operative Performance durch nahtlose Systemintegration                          <\/h2>\n                    <\/div>\n\n                                            <div class=\"textboxgrid-leadin trans\">\n                            Orise ist der Integrationspartner zahlreicher f\u00fchrender Industrieunternehmen. Das hat viele Gr\u00fcnde:                        <\/div>\n                                    <\/div>\n\n                <div>\n                                                        <\/div>\n            <\/div>\n\n            <div class=\"textboxgrid-wrapper\">\n                                    <div class=\"textboxgrid-colum textboxgrid-colum-l width-50\">\n                                                    <div class=\"textboxgrid-item trans\">\n                                <div class=\"textboxgrid-item-titel\">\n                                    <h2>\n                                                                                    Umfangreiche Erfahrungen auf allen Automatisierungsebenen                                                                            <\/h2>\n                                <\/div>\n                                <div class=\"textboxgrid-item-content textInput\">\n                                                                    <\/div>\n                            <\/div>\n                                                    <div class=\"textboxgrid-item trans\">\n                                <div class=\"textboxgrid-item-titel\">\n                                    <h2>\n                                                                                    Branchenspezifisches Fachwissen in den Bereichen Automobil, Chemie, Food &amp; Beverage, Life Sciences, \u00d6l &amp; Gas                                                                            <\/h2>\n                                <\/div>\n                                <div class=\"textboxgrid-item-content textInput\">\n                                                                    <\/div>\n                            <\/div>\n                                            <\/div>\n                                                    <div class=\"textboxgrid-colum textboxgrid-colum-r width-50\">\n                                                    <div class=\"textboxgrid-item trans\">\n                                <div class=\"textboxgrid-item-titel\">\n                                    <h2>\n                                                                                    Objektive Beratung durch Hard- und Softwareunabh\u00e4ngigkeit                                                                            <\/h2>\n                                <\/div>\n                                <div class=\"textboxgrid-item-content textInput\">\n                                                                    <\/div>\n                            <\/div>\n                                                    <div class=\"textboxgrid-item trans\">\n                                <div class=\"textboxgrid-item-titel\">\n                                    <h2>\n                                                                                    Ausgewiesene Fachexpertise in OT-L\u00f6sungen und Technologien                                                                            <\/h2>\n                                <\/div>\n                                <div class=\"textboxgrid-item-content textInput\">\n                                                                    <\/div>\n                            <\/div>\n                                            <\/div>\n                            <\/div>\n        <\/div>\n                            <img decoding=\"async\" src=\"https:\/\/orise.com\/wp-content\/uploads\/sites\/71\/2021\/11\/pas-industry-bg-e1743670191922.jpg?w=1920&#038;h=0&#038;crop=1\" alt=\"\" class=\"textboxgrid-bg trans\">\n            <\/div>\n\n\n\n<div id=\"cta_mailinput-block_6109713b0b411eb86c5f45187293c11b\"\n    class=\"content-row content-row-textimage content-row-cta_mailinput  cta_mailinput  \">\n    <div class=\"contentPart-inner\">\n        <div class=\"contentPart-text trans\">\n            <h2>\n                                How to maximize your cyber security in operational technology!                            <\/h2>\n                        <div class=\"textInput\">\n                Sehen Sie sich unser kostenloses, englischsprachiges Webinar zum Thema &#8222;OT cyber security&#8220; an. Erfahren Sie, wie Unternehmen bereits erfolgreich eine zuverl\u00e4ssige und sichere IT\/OT-Infrastruktur aufgebaut haben. Erfahren Sie von unseren Experten, wie Sie Risiken durch eine hervorragende IT\/OT-Konvergenz minimieren k\u00f6nnen.             <\/div>\n            \n                                                            <a href=\"https:\/\/www.gotostage.com\/channel\/b740dd00284444d6bbe23844b8e74e9f\/recording\/bc1e131f71fe4a11a9adb9c954b026f1\/watch?source=CHANNEL\" target=\"_blank\"\n                class=\"submitBTN\">On-demand Webinar ansehen<\/a>\n                        \n                    <\/div>\n        <div class=\"contentPart-image width-50 trans \">\n                                    <img decoding=\"async\" src=\"https:\/\/orise.com\/wp-content\/uploads\/sites\/71\/2021\/12\/webinar-cybersecurity.jpg?w=1000\" alt=\"Watch our webinar on cyber security\"\n                class=\"textbildimg\">\n                    <\/div>\n    <\/div>\n\n<\/div>\n\n\n    <div id=\"contactform-block_948147690cad53d39415d40e59d0db76\" class=\"content-row content-row-contactform  background_darken contactform\">\n        <div class=\"contentPart-inner\">\n\n            <div class=\"contentPart-text width-100\">\n                                    <h2 class=\"text-blue content-row-headline trans\">\n                        Wollen Sie mehr erfahren?<br \/>\r\nKontaktieren Sie unsere Experten!                    <\/h2>\n                            <\/div>\n\n            <div class=\"contactform-wrapper trans\">\n                                    <iframe src=\"https:\/\/go.atsautomation.com\/l\/651873\/2025-06-04\/h7yqx1\" class=\"form-iframe form-iframe-contactform\" data-cookieconsent=\"marketing\"><\/iframe>\n                            <\/div>\n\n        <\/div>\n    <\/div>\n","protected":false},"excerpt":{"rendered":"","protected":false},"author":166,"featured_media":0,"parent":0,"menu_order":2,"comment_status":"closed","ping_status":"closed","template":"","meta":{"_acf_changed":false,"_cr_original_post":"1397","_cr_replace_post_id":"","_cr_replacing_post_id":"","footnotes":""},"class_list":["post-2546","page","type-page","status-publish","hentry"],"yoast_head":"<!-- This site is optimized with the Yoast SEO Premium plugin v26.8 (Yoast SEO v26.8) - https:\/\/yoast.com\/product\/yoast-seo-premium-wordpress\/ -->\n<title>Systemintegration | Orise<\/title>\n<meta name=\"description\" content=\"Orise bietet die gesamte Palette der OT-Systemintegration: von der Fabrikhalle bis zu PLC, DCS, MES und ERP.\" \/>\n<meta name=\"robots\" content=\"index, follow, max-snippet:-1, max-image-preview:large, max-video-preview:-1\" \/>\n<link rel=\"canonical\" href=\"https:\/\/orise.com\/de\/systemintegration\/\" \/>\n<meta property=\"og:locale\" content=\"de_DE\" \/>\n<meta property=\"og:type\" content=\"article\" \/>\n<meta property=\"og:title\" content=\"Systemintegration\" \/>\n<meta property=\"og:description\" content=\"Orise bietet die gesamte Palette der OT-Systemintegration: von der Fabrikhalle bis zu PLC, DCS, MES und ERP.\" \/>\n<meta property=\"og:url\" content=\"https:\/\/orise.com\/de\/systemintegration\/\" \/>\n<meta property=\"og:site_name\" content=\"Orise\" \/>\n<meta property=\"article:modified_time\" content=\"2025-08-06T17:00:32+00:00\" \/>\n<meta name=\"twitter:card\" content=\"summary_large_image\" \/>\n<script type=\"application\/ld+json\" class=\"yoast-schema-graph\">{\"@context\":\"https:\/\/schema.org\",\"@graph\":[{\"@type\":\"WebPage\",\"@id\":\"https:\/\/orise.com\/de\/systemintegration\/\",\"url\":\"https:\/\/orise.com\/de\/systemintegration\/\",\"name\":\"Systemintegration | Orise\",\"isPartOf\":{\"@id\":\"https:\/\/orise.com\/de\/#website\"},\"datePublished\":\"2021-12-03T14:20:22+00:00\",\"dateModified\":\"2025-08-06T17:00:32+00:00\",\"description\":\"Orise bietet die gesamte Palette der OT-Systemintegration: von der Fabrikhalle bis zu PLC, DCS, MES und ERP.\",\"breadcrumb\":{\"@id\":\"https:\/\/orise.com\/de\/systemintegration\/#breadcrumb\"},\"inLanguage\":\"de-DE\",\"potentialAction\":[{\"@type\":\"ReadAction\",\"target\":[\"https:\/\/orise.com\/de\/systemintegration\/\"]}]},{\"@type\":\"BreadcrumbList\",\"@id\":\"https:\/\/orise.com\/de\/systemintegration\/#breadcrumb\",\"itemListElement\":[{\"@type\":\"ListItem\",\"position\":1,\"name\":\"Home\",\"item\":\"https:\/\/orise.com\/de\/\"},{\"@type\":\"ListItem\",\"position\":2,\"name\":\"Systemintegration\"}]},{\"@type\":\"WebSite\",\"@id\":\"https:\/\/orise.com\/de\/#website\",\"url\":\"https:\/\/orise.com\/de\/\",\"name\":\"Orise\",\"description\":\"Unlock your full potential.\",\"publisher\":{\"@id\":\"https:\/\/orise.com\/de\/#organization\"},\"potentialAction\":[{\"@type\":\"SearchAction\",\"target\":{\"@type\":\"EntryPoint\",\"urlTemplate\":\"https:\/\/orise.com\/de\/?s={search_term_string}\"},\"query-input\":{\"@type\":\"PropertyValueSpecification\",\"valueRequired\":true,\"valueName\":\"search_term_string\"}}],\"inLanguage\":\"de-DE\"},{\"@type\":\"Organization\",\"@id\":\"https:\/\/orise.com\/de\/#organization\",\"name\":\"Orise\",\"url\":\"https:\/\/orise.com\/de\/\",\"logo\":{\"@type\":\"ImageObject\",\"inLanguage\":\"de-DE\",\"@id\":\"https:\/\/orise.com\/de\/#\/schema\/logo\/image\/\",\"url\":\"https:\/\/orise.com\/wp-content\/uploads\/sites\/71\/2025\/04\/cropped-Orise-Circle-Icon-Website-V1-1.png\",\"contentUrl\":\"https:\/\/orise.com\/wp-content\/uploads\/sites\/71\/2025\/04\/cropped-Orise-Circle-Icon-Website-V1-1.png\",\"width\":512,\"height\":512,\"caption\":\"Orise\"},\"image\":{\"@id\":\"https:\/\/orise.com\/de\/#\/schema\/logo\/image\/\"}}]}<\/script>\n<!-- \/ Yoast SEO Premium plugin. -->","yoast_head_json":{"title":"Systemintegration | Orise","description":"Orise bietet die gesamte Palette der OT-Systemintegration: von der Fabrikhalle bis zu PLC, DCS, MES und ERP.","robots":{"index":"index","follow":"follow","max-snippet":"max-snippet:-1","max-image-preview":"max-image-preview:large","max-video-preview":"max-video-preview:-1"},"canonical":"https:\/\/orise.com\/de\/systemintegration\/","og_locale":"de_DE","og_type":"article","og_title":"Systemintegration","og_description":"Orise bietet die gesamte Palette der OT-Systemintegration: von der Fabrikhalle bis zu PLC, DCS, MES und ERP.","og_url":"https:\/\/orise.com\/de\/systemintegration\/","og_site_name":"Orise","article_modified_time":"2025-08-06T17:00:32+00:00","twitter_card":"summary_large_image","schema":{"@context":"https:\/\/schema.org","@graph":[{"@type":"WebPage","@id":"https:\/\/orise.com\/de\/systemintegration\/","url":"https:\/\/orise.com\/de\/systemintegration\/","name":"Systemintegration | Orise","isPartOf":{"@id":"https:\/\/orise.com\/de\/#website"},"datePublished":"2021-12-03T14:20:22+00:00","dateModified":"2025-08-06T17:00:32+00:00","description":"Orise bietet die gesamte Palette der OT-Systemintegration: von der Fabrikhalle bis zu PLC, DCS, MES und ERP.","breadcrumb":{"@id":"https:\/\/orise.com\/de\/systemintegration\/#breadcrumb"},"inLanguage":"de-DE","potentialAction":[{"@type":"ReadAction","target":["https:\/\/orise.com\/de\/systemintegration\/"]}]},{"@type":"BreadcrumbList","@id":"https:\/\/orise.com\/de\/systemintegration\/#breadcrumb","itemListElement":[{"@type":"ListItem","position":1,"name":"Home","item":"https:\/\/orise.com\/de\/"},{"@type":"ListItem","position":2,"name":"Systemintegration"}]},{"@type":"WebSite","@id":"https:\/\/orise.com\/de\/#website","url":"https:\/\/orise.com\/de\/","name":"Orise","description":"Unlock your full potential.","publisher":{"@id":"https:\/\/orise.com\/de\/#organization"},"potentialAction":[{"@type":"SearchAction","target":{"@type":"EntryPoint","urlTemplate":"https:\/\/orise.com\/de\/?s={search_term_string}"},"query-input":{"@type":"PropertyValueSpecification","valueRequired":true,"valueName":"search_term_string"}}],"inLanguage":"de-DE"},{"@type":"Organization","@id":"https:\/\/orise.com\/de\/#organization","name":"Orise","url":"https:\/\/orise.com\/de\/","logo":{"@type":"ImageObject","inLanguage":"de-DE","@id":"https:\/\/orise.com\/de\/#\/schema\/logo\/image\/","url":"https:\/\/orise.com\/wp-content\/uploads\/sites\/71\/2025\/04\/cropped-Orise-Circle-Icon-Website-V1-1.png","contentUrl":"https:\/\/orise.com\/wp-content\/uploads\/sites\/71\/2025\/04\/cropped-Orise-Circle-Icon-Website-V1-1.png","width":512,"height":512,"caption":"Orise"},"image":{"@id":"https:\/\/orise.com\/de\/#\/schema\/logo\/image\/"}}]}},"acf":[],"_links":{"self":[{"href":"https:\/\/orise.com\/de\/wp-json\/wp\/v2\/pages\/2546","targetHints":{"allow":["GET"]}}],"collection":[{"href":"https:\/\/orise.com\/de\/wp-json\/wp\/v2\/pages"}],"about":[{"href":"https:\/\/orise.com\/de\/wp-json\/wp\/v2\/types\/page"}],"author":[{"embeddable":true,"href":"https:\/\/orise.com\/de\/wp-json\/wp\/v2\/users\/166"}],"replies":[{"embeddable":true,"href":"https:\/\/orise.com\/de\/wp-json\/wp\/v2\/comments?post=2546"}],"version-history":[{"count":24,"href":"https:\/\/orise.com\/de\/wp-json\/wp\/v2\/pages\/2546\/revisions"}],"predecessor-version":[{"id":29417,"href":"https:\/\/orise.com\/de\/wp-json\/wp\/v2\/pages\/2546\/revisions\/29417"}],"wp:attachment":[{"href":"https:\/\/orise.com\/de\/wp-json\/wp\/v2\/media?parent=2546"}],"curies":[{"name":"wp","href":"https:\/\/api.w.org\/{rel}","templated":true}]}}