{"id":2580,"date":"2021-12-03T12:51:12","date_gmt":"2021-12-03T12:51:12","guid":{"rendered":"https:\/\/vipgo.atsautomation.com\/pas\/?page_id=2580"},"modified":"2025-11-19T14:18:37","modified_gmt":"2025-11-19T14:18:37","slug":"mes-produktionssteuerung","status":"publish","type":"page","link":"https:\/\/orise.com\/de\/mes-produktionssteuerung\/","title":{"rendered":"MES + Produktionssteuerung"},"content":{"rendered":"<div id=\"pageheader-block_be4407ed694ed3519254bd78846edf46\" class=\"content-row content-row-pageheader  pageheader\">\n        <div class=\"contentPart-fixed\">\n        <div class=\"contentPart-inner\">\n            <div class=\"contentPart-text width-100\">\n                <h1>\n                                        MES und Produktionssteuerung                                    <\/h1>\n                <h2 class=\"trans\">\n                                        L\u00fcckenlose Transparenz und Steuerung der Produktionsanlagen.                                    <\/h2>\n                                            <\/div>\n        <\/div>\n    <\/div>\n    <div class=\"slidedown-button editor-hide\">\n        <span class=\"slidedown-label\">Mehr erfahren<\/span>\n        <img decoding=\"async\" src=\"https:\/\/orise.com\/wp-content\/themes\/ats-orise\/img\/doubble-arrow-down.svg\" alt=\"\"\n            class=\"slidedown-icon\">\n    <\/div>\n<\/div>\n\n\n\n    <div id=\"image_banner-block_521516205f24f35e9e2cd284317e64a2\" class=\"content-row content-row-imagebanner trans  image_banner test\">\n                                                <img decoding=\"async\" src=\"https:\/\/orise.com\/wp-content\/uploads\/sites\/71\/2021\/12\/Competencies-Automation-MES-ProductionControl.jpg?w=1920&#038;h=0&#038;crop=1\" alt=\"MES and production control at PA Solutions\" class=\"fullscreen\">\n            <\/div>\n\n\n\n    <div id=\"imagetext_textvariation-block_a53437d3c4cee2822ec97b35de72f686\" class=\"content-row content-row-textvariation background_darken    textvariation\">\n        <div class=\"contentPart-inner\">\n            <div class=\"contentPart-text\">\n                                            <\/div>\n                            <div class=\"contentPart-textbox width-50 textInput trans\">\n                    <p>Produktionsleitsysteme (Manufacturing Execution Systems, MES) schlie\u00dfen die L\u00fccke zwischen ERP- und Steuerungssystemen. MES erfassen s\u00e4mtliche Produktionsdaten in Echtzeit und tragen so entscheidend dazu bei, sowohl die Produktivit\u00e4t als auch die Qualit\u00e4t zu maximieren.<\/p>\n                <\/div>\n                                <\/div>\n                    <\/div>\n\n\n<div id=\"manufacturing\" class=\"content-row anchortarget trans anchortarget\">\n    <h3 class=\"editorInfo\">#manufacturing<\/h3>\n<\/div>\n\n    <div id=\"imagetext_textvariation-block_29852c67eae19636d8c8a6acda49f099\" class=\"content-row content-row-textvariation bg-base    textvariation\">\n        <div class=\"contentPart-inner\">\n            <div class=\"contentPart-text\">\n                                    <h2 class=\"text-blue content-row-headline trans\">\n                        Als systemunabh\u00e4ngiger Partner realisiert Orise MES-L\u00f6sungen f\u00fcr den maximalen Kundennutzen                    <\/h2>\n                                            <\/div>\n                            <div class=\"contentPart-textbox width-50 textInput trans\">\n                    <h3>Orise bietet insbesondere L\u00f6sungen an f\u00fcr:<\/h3>\n<ul>\n<li style=\"list-style-type: none\">\n<ul>\n<li>Order Management<\/li>\n<li>Produktionsplanung<\/li>\n<li>Rezepturverwaltung und Chargensteuerung<\/li>\n<li>Kommissionierung<\/li>\n<\/ul>\n<\/li>\n<\/ul>\n<ul>\n<li>Ressourcen- und Lagerverwaltung<\/li>\n<\/ul>\n                <\/div>\n                                        <div class=\"contentPart-textbox contentPart-textbox_2 textInput width-50 trans\">\n                    <h3>Unsere Produktionsleitsysteme sorgen daf\u00fcr, dass Sie Ihre Operations auf Grundlage exzellenter Daten steuern k\u00f6nnen, insbesondere durch:<\/h3>\n<ul>\n<li>Produktionsdatenerfassung<\/li>\n<li>Maschinendatenerfassung<\/li>\n<li>Labor-Informationssysteme (LIMS)<\/li>\n<li>Statistische Qualit\u00e4tskontrolle<\/li>\n<li>Schnittstellen- und Anwendungsentwicklung<\/li>\n<\/ul>\n                <\/div>\n                    <\/div>\n                    <\/div>\n\n\n    <div id=\"textboxgrid-block_6e1215e40d951d405e358de487d42581\" class=\"content-row content-row-textboxgrid  background_blue textboxgrid  gridbgimage\">\n        <div class=\"contentPart-inner\">\n            <div class=\"contentPart-left\">\n                <div>\n                    <div class=\"contentPart-text\">\n                        <h2 class=\"content-row-headline trans\">\n                                                    <\/h2>\n                    <\/div>\n\n                                            <div class=\"textboxgrid-leadin trans\">\n                            Orise verf\u00fcgt \u00fcber mehr als 30 Jahre Erfahrung in der Automation mit Schwerpunkt auf der Produktionssteuerung in der Prozess- und Fertigungsindustrie. Wir unterst\u00fctzen unsere Kunden mit Beratung, in der Implementierung und im Betrieb von MES-L\u00f6sungen. Als systemunabh\u00e4ngiger Partner arbeiten wir mit den besten Systemplattformen am Markt und k\u00f6nnen so die bestm\u00f6gliche L\u00f6sung f\u00fcr unsere Kunden realisieren.                        <\/div>\n                                    <\/div>\n\n                <div>\n                                                        <\/div>\n            <\/div>\n\n            <div class=\"textboxgrid-wrapper\">\n                                    <div class=\"textboxgrid-colum textboxgrid-colum-l width-50\">\n                                                    <div class=\"textboxgrid-item trans\">\n                                <div class=\"textboxgrid-item-titel\">\n                                    <h2>\n                                                                                    Transparenz \u00fcber die Produktionsperformance mit sehr genauen Indikatoren zur Optimierung und Aussch\u00f6pfung vorhandener Potenziale                                                                            <\/h2>\n                                <\/div>\n                                <div class=\"textboxgrid-item-content textInput\">\n                                                                    <\/div>\n                            <\/div>\n                                                    <div class=\"textboxgrid-item trans\">\n                                <div class=\"textboxgrid-item-titel\">\n                                    <h2>\n                                                                                    Bessere Auslastung der Maschinen, Verbesserung der OEE und Maximierung des Outputs                                                                            <\/h2>\n                                <\/div>\n                                <div class=\"textboxgrid-item-content textInput\">\n                                                                    <\/div>\n                            <\/div>\n                                            <\/div>\n                                                    <div class=\"textboxgrid-colum textboxgrid-colum-r width-50\">\n                                                    <div class=\"textboxgrid-item trans\">\n                                <div class=\"textboxgrid-item-titel\">\n                                    <h2>\n                                                                                    Optimierte Kontrolle der Anlagen. Verk\u00fcrzte Zeit von der Auftragsplanung bis zum Start der Produktion                                                                            <\/h2>\n                                <\/div>\n                                <div class=\"textboxgrid-item-content textInput\">\n                                                                    <\/div>\n                            <\/div>\n                                                    <div class=\"textboxgrid-item trans\">\n                                <div class=\"textboxgrid-item-titel\">\n                                    <h2>\n                                                                                    Geringere Kosten und h\u00f6here Qualit\u00e4t                                                                            <\/h2>\n                                <\/div>\n                                <div class=\"textboxgrid-item-content textInput\">\n                                                                    <\/div>\n                            <\/div>\n                                            <\/div>\n                            <\/div>\n        <\/div>\n                            <img decoding=\"async\" src=\"https:\/\/orise.com\/wp-content\/uploads\/sites\/71\/2021\/11\/pas-industry-bg-e1743670191922.jpg?w=1920&#038;h=0&#038;crop=1\" alt=\"\" class=\"textboxgrid-bg trans\">\n            <\/div>\n\n\n\n<div id=\"cta_mailinput-block_2301b216765f1638812d592d29b953e3\"\n    class=\"content-row content-row-textimage content-row-cta_mailinput  cta_mailinput  No extra styling\">\n    <div class=\"contentPart-inner\">\n        <div class=\"contentPart-text trans\">\n            <h2>\n                                Wie Sie Ihre Produktion richtig digitalisieren!                            <\/h2>\n                        <div class=\"textInput\">\n                Sehen Sie sich unser kostenloses Webinar zum Thema &#8222;Beyond Digitalization&#8220; an. Erfahren Sie, wie Unternehmen ihre operativen Prozesse bereits erfolgreich digitalisiert und ihre Performance verbessert haben. Lernen Sie die wichtigsten Erfolgsfaktoren f\u00fcr die Digitalisierung Ihrer Produktion kennen.            <\/div>\n            \n                                                            <a href=\"https:\/\/www.youtube.com\/watch?v=_G9KNb85a28\" target=\"_blank\"\n                class=\"submitBTN\">On-demand Webinar ansehen<\/a>\n                        \n                    <\/div>\n        <div class=\"contentPart-image width-50 trans \">\n                                    <img decoding=\"async\" src=\"https:\/\/orise.com\/wp-content\/uploads\/sites\/71\/2021\/12\/webinar-digitalization.jpg?w=1000\" alt=\"Watch our webinar about digitalizaion\"\n                class=\"textbildimg\">\n                    <\/div>\n    <\/div>\n\n<\/div>\n\n\n    <div id=\"contactform-block_5f1ce31e3eac33838d99f403bd3e7492\" class=\"content-row content-row-contactform  background_darken contactform\">\n        <div class=\"contentPart-inner\">\n\n            <div class=\"contentPart-text width-100\">\n                                    <h2 class=\"text-blue content-row-headline trans\">\n                        Wollen Sie mehr erfahren?<br \/>\r\nKontaktieren Sie unsere Experten!                    <\/h2>\n                            <\/div>\n\n            <div class=\"contactform-wrapper trans\">\n                                    <iframe src=\"https:\/\/go.atsautomation.com\/l\/651873\/2025-06-04\/h7yqx1\" class=\"form-iframe form-iframe-contactform\" data-cookieconsent=\"marketing\"><\/iframe>\n                            <\/div>\n\n        <\/div>\n    <\/div>\n","protected":false},"excerpt":{"rendered":"","protected":false},"author":166,"featured_media":0,"parent":0,"menu_order":3,"comment_status":"closed","ping_status":"closed","template":"","meta":{"_acf_changed":false,"_cr_original_post":"1341","_cr_replace_post_id":"","_cr_replacing_post_id":"","footnotes":""},"class_list":["post-2580","page","type-page","status-publish","hentry"],"yoast_head":"<!-- This site is optimized with the Yoast SEO Premium plugin v26.8 (Yoast SEO v26.8) - https:\/\/yoast.com\/product\/yoast-seo-premium-wordpress\/ -->\n<title>MES + Produktionssteuerung | Orise<\/title>\n<meta name=\"description\" content=\"Orise ist ein systemunabh\u00e4ngiger Partner f\u00fcr Manufacturing Execution Systems (MES)-L\u00f6sungen f\u00fcr die Produktionssteuerung.\" \/>\n<meta name=\"robots\" content=\"index, follow, max-snippet:-1, max-image-preview:large, max-video-preview:-1\" \/>\n<link rel=\"canonical\" href=\"https:\/\/orise.com\/de\/mes-produktionssteuerung\/\" \/>\n<meta property=\"og:locale\" content=\"de_DE\" \/>\n<meta property=\"og:type\" content=\"article\" \/>\n<meta property=\"og:title\" content=\"MES + Produktionssteuerung\" \/>\n<meta property=\"og:description\" content=\"Orise ist ein systemunabh\u00e4ngiger Partner f\u00fcr Manufacturing Execution Systems (MES)-L\u00f6sungen f\u00fcr die Produktionssteuerung.\" \/>\n<meta property=\"og:url\" content=\"https:\/\/orise.com\/de\/mes-produktionssteuerung\/\" \/>\n<meta property=\"og:site_name\" content=\"Orise\" \/>\n<meta property=\"article:modified_time\" content=\"2025-11-19T14:18:37+00:00\" \/>\n<meta name=\"twitter:card\" content=\"summary_large_image\" \/>\n<script type=\"application\/ld+json\" class=\"yoast-schema-graph\">{\"@context\":\"https:\/\/schema.org\",\"@graph\":[{\"@type\":\"WebPage\",\"@id\":\"https:\/\/orise.com\/de\/mes-produktionssteuerung\/\",\"url\":\"https:\/\/orise.com\/de\/mes-produktionssteuerung\/\",\"name\":\"MES + Produktionssteuerung | Orise\",\"isPartOf\":{\"@id\":\"https:\/\/orise.com\/de\/#website\"},\"datePublished\":\"2021-12-03T12:51:12+00:00\",\"dateModified\":\"2025-11-19T14:18:37+00:00\",\"description\":\"Orise ist ein systemunabh\u00e4ngiger Partner f\u00fcr Manufacturing Execution Systems (MES)-L\u00f6sungen f\u00fcr die Produktionssteuerung.\",\"breadcrumb\":{\"@id\":\"https:\/\/orise.com\/de\/mes-produktionssteuerung\/#breadcrumb\"},\"inLanguage\":\"de-DE\",\"potentialAction\":[{\"@type\":\"ReadAction\",\"target\":[\"https:\/\/orise.com\/de\/mes-produktionssteuerung\/\"]}]},{\"@type\":\"BreadcrumbList\",\"@id\":\"https:\/\/orise.com\/de\/mes-produktionssteuerung\/#breadcrumb\",\"itemListElement\":[{\"@type\":\"ListItem\",\"position\":1,\"name\":\"Home\",\"item\":\"https:\/\/orise.com\/de\/\"},{\"@type\":\"ListItem\",\"position\":2,\"name\":\"MES + Produktionssteuerung\"}]},{\"@type\":\"WebSite\",\"@id\":\"https:\/\/orise.com\/de\/#website\",\"url\":\"https:\/\/orise.com\/de\/\",\"name\":\"Orise\",\"description\":\"Unlock your full potential.\",\"publisher\":{\"@id\":\"https:\/\/orise.com\/de\/#organization\"},\"potentialAction\":[{\"@type\":\"SearchAction\",\"target\":{\"@type\":\"EntryPoint\",\"urlTemplate\":\"https:\/\/orise.com\/de\/?s={search_term_string}\"},\"query-input\":{\"@type\":\"PropertyValueSpecification\",\"valueRequired\":true,\"valueName\":\"search_term_string\"}}],\"inLanguage\":\"de-DE\"},{\"@type\":\"Organization\",\"@id\":\"https:\/\/orise.com\/de\/#organization\",\"name\":\"Orise\",\"url\":\"https:\/\/orise.com\/de\/\",\"logo\":{\"@type\":\"ImageObject\",\"inLanguage\":\"de-DE\",\"@id\":\"https:\/\/orise.com\/de\/#\/schema\/logo\/image\/\",\"url\":\"https:\/\/orise.com\/wp-content\/uploads\/sites\/71\/2025\/04\/cropped-Orise-Circle-Icon-Website-V1-1.png\",\"contentUrl\":\"https:\/\/orise.com\/wp-content\/uploads\/sites\/71\/2025\/04\/cropped-Orise-Circle-Icon-Website-V1-1.png\",\"width\":512,\"height\":512,\"caption\":\"Orise\"},\"image\":{\"@id\":\"https:\/\/orise.com\/de\/#\/schema\/logo\/image\/\"}}]}<\/script>\n<!-- \/ Yoast SEO Premium plugin. -->","yoast_head_json":{"title":"MES + Produktionssteuerung | Orise","description":"Orise ist ein systemunabh\u00e4ngiger Partner f\u00fcr Manufacturing Execution Systems (MES)-L\u00f6sungen f\u00fcr die Produktionssteuerung.","robots":{"index":"index","follow":"follow","max-snippet":"max-snippet:-1","max-image-preview":"max-image-preview:large","max-video-preview":"max-video-preview:-1"},"canonical":"https:\/\/orise.com\/de\/mes-produktionssteuerung\/","og_locale":"de_DE","og_type":"article","og_title":"MES + Produktionssteuerung","og_description":"Orise ist ein systemunabh\u00e4ngiger Partner f\u00fcr Manufacturing Execution Systems (MES)-L\u00f6sungen f\u00fcr die Produktionssteuerung.","og_url":"https:\/\/orise.com\/de\/mes-produktionssteuerung\/","og_site_name":"Orise","article_modified_time":"2025-11-19T14:18:37+00:00","twitter_card":"summary_large_image","schema":{"@context":"https:\/\/schema.org","@graph":[{"@type":"WebPage","@id":"https:\/\/orise.com\/de\/mes-produktionssteuerung\/","url":"https:\/\/orise.com\/de\/mes-produktionssteuerung\/","name":"MES + Produktionssteuerung | Orise","isPartOf":{"@id":"https:\/\/orise.com\/de\/#website"},"datePublished":"2021-12-03T12:51:12+00:00","dateModified":"2025-11-19T14:18:37+00:00","description":"Orise ist ein systemunabh\u00e4ngiger Partner f\u00fcr Manufacturing Execution Systems (MES)-L\u00f6sungen f\u00fcr die Produktionssteuerung.","breadcrumb":{"@id":"https:\/\/orise.com\/de\/mes-produktionssteuerung\/#breadcrumb"},"inLanguage":"de-DE","potentialAction":[{"@type":"ReadAction","target":["https:\/\/orise.com\/de\/mes-produktionssteuerung\/"]}]},{"@type":"BreadcrumbList","@id":"https:\/\/orise.com\/de\/mes-produktionssteuerung\/#breadcrumb","itemListElement":[{"@type":"ListItem","position":1,"name":"Home","item":"https:\/\/orise.com\/de\/"},{"@type":"ListItem","position":2,"name":"MES + Produktionssteuerung"}]},{"@type":"WebSite","@id":"https:\/\/orise.com\/de\/#website","url":"https:\/\/orise.com\/de\/","name":"Orise","description":"Unlock your full potential.","publisher":{"@id":"https:\/\/orise.com\/de\/#organization"},"potentialAction":[{"@type":"SearchAction","target":{"@type":"EntryPoint","urlTemplate":"https:\/\/orise.com\/de\/?s={search_term_string}"},"query-input":{"@type":"PropertyValueSpecification","valueRequired":true,"valueName":"search_term_string"}}],"inLanguage":"de-DE"},{"@type":"Organization","@id":"https:\/\/orise.com\/de\/#organization","name":"Orise","url":"https:\/\/orise.com\/de\/","logo":{"@type":"ImageObject","inLanguage":"de-DE","@id":"https:\/\/orise.com\/de\/#\/schema\/logo\/image\/","url":"https:\/\/orise.com\/wp-content\/uploads\/sites\/71\/2025\/04\/cropped-Orise-Circle-Icon-Website-V1-1.png","contentUrl":"https:\/\/orise.com\/wp-content\/uploads\/sites\/71\/2025\/04\/cropped-Orise-Circle-Icon-Website-V1-1.png","width":512,"height":512,"caption":"Orise"},"image":{"@id":"https:\/\/orise.com\/de\/#\/schema\/logo\/image\/"}}]}},"acf":[],"_links":{"self":[{"href":"https:\/\/orise.com\/de\/wp-json\/wp\/v2\/pages\/2580","targetHints":{"allow":["GET"]}}],"collection":[{"href":"https:\/\/orise.com\/de\/wp-json\/wp\/v2\/pages"}],"about":[{"href":"https:\/\/orise.com\/de\/wp-json\/wp\/v2\/types\/page"}],"author":[{"embeddable":true,"href":"https:\/\/orise.com\/de\/wp-json\/wp\/v2\/users\/166"}],"replies":[{"embeddable":true,"href":"https:\/\/orise.com\/de\/wp-json\/wp\/v2\/comments?post=2580"}],"version-history":[{"count":25,"href":"https:\/\/orise.com\/de\/wp-json\/wp\/v2\/pages\/2580\/revisions"}],"predecessor-version":[{"id":33033,"href":"https:\/\/orise.com\/de\/wp-json\/wp\/v2\/pages\/2580\/revisions\/33033"}],"wp:attachment":[{"href":"https:\/\/orise.com\/de\/wp-json\/wp\/v2\/media?parent=2580"}],"curies":[{"name":"wp","href":"https:\/\/api.w.org\/{rel}","templated":true}]}}