{"id":28803,"date":"2025-07-24T12:05:54","date_gmt":"2025-07-24T12:05:54","guid":{"rendered":"https:\/\/orise.com\/?page_id=28803"},"modified":"2025-07-24T19:05:02","modified_gmt":"2025-07-24T19:05:02","slug":"pharma-consulting","status":"publish","type":"page","link":"https:\/\/orise.com\/de\/pharma-consulting\/","title":{"rendered":"Pharma Consulting"},"content":{"rendered":"<div id=\"pageheader-block_001713ee0ea7982e27230c041eb02f6b\" class=\"content-row content-row-pageheader bg-base pageheader\">\n        <div class=\"contentPart-fixed\">\n        <div class=\"contentPart-inner\">\n            <div class=\"contentPart-text width-100\">\n                <h1>\n                                        Pharma-Consulting: Digitale Transformation mit Mehrwert                                    <\/h1>\n                <h2 class=\"trans\">\n                                        Komplexit\u00e4t meistern. Innovation vorantreiben. Compliance sicherstellen.                                    <\/h2>\n                                            <\/div>\n        <\/div>\n    <\/div>\n    <div class=\"slidedown-button editor-hide\">\n        <span class=\"slidedown-label\">Mehr erfahren<\/span>\n        <img decoding=\"async\" src=\"https:\/\/orise.com\/wp-content\/themes\/ats-orise\/img\/doubble-arrow-down.svg\" alt=\"\"\n            class=\"slidedown-icon\">\n    <\/div>\n<\/div>\n\n\n\n    <div id=\"image_banner-block_bd514d3fba043490bbc0cd6eae75bcd0\" class=\"content-row content-row-imagebanner trans bg-base image_banner test\">\n                                                <img decoding=\"async\" src=\"https:\/\/orise.com\/wp-content\/uploads\/sites\/71\/2025\/07\/pharma-consulting-hero-image-v2.png?w=1920&#038;h=0&#038;crop=1\" alt=\"\" class=\"fullscreen\">\n            <\/div>\n\n\n\n    <div id=\"imagetext_textvariation-block_4c9bbd1d7cc4aee937324d5c70e5f963\" class=\"content-row content-row-textvariation background_blue    textvariation\">\n        <div class=\"contentPart-inner\">\n            <div class=\"contentPart-text\">\n                                            <\/div>\n                            <div class=\"contentPart-textbox width-50 textInput trans\">\n                    <p>Pharmaunternehmen agieren heute in einem stark regulierten und sich schnell wandelnden Umfeld. Bei Orise unterst\u00fctzen wir Pharmahersteller dabei, Komplexit\u00e4t in der Produktion zu bew\u00e4ltigen, indem wir digitale Transformation mit operativer Exzellenz und Compliance-Anforderungen in Einklang bringen. Unsere <b><strong class=\"font-semibold\">Pharma-Beratung<\/strong><\/b> kombiniert tiefes Fachwissen, eine robuste Methodik und modernste Technologien, um Herstellungs-, Labor- und Qualit\u00e4tsprozesse zukunftssicher zu gestalten.<\/p>\n                <\/div>\n                                        <div class=\"contentPart-textbox contentPart-textbox_2 textInput width-50 trans\">\n                    <p>Ob beim Aufbau einer neuen Anlage, der Skalierung der Produktion, der Optimierung von Validierungen oder der Anpassung an neue Vorschriften \u2013 unsere Experten helfen Ihnen, Strategien in messbare Ergebnisse umzusetzen, angepasst an die Anforderungen von <b><strong class=\"font-semibold\">pharmazeutischer Herstellung und Compliance<\/strong><\/b>.<\/p>\n                <\/div>\n                    <\/div>\n                    <\/div>\n\n\n    <div id=\"textimage-block_c9e538480ce02cf9587d585056cf3345\" class=\"content-row content-row-textimage background_darken  textimage\">\n        <div class=\"contentPart-inner\">\n            <div class=\"contentPart-text width-50\">\n                <h2 class=\"trans text-blue \">\n                                            Welche Herausforderungen l\u00f6sen wir?                                                        <\/h2>\n                <div class=\"textInput trans\">\n                                            <p>Pharmaunternehmen stehen unter wachsendem Druck, effizient zu skalieren, compliant zu bleiben und schneller zu innovieren als je zuvor. Orise hilft Kunden, diesen Anforderungen mit einem integrierten Ansatz zu begegnen. Wir unterst\u00fctzen den nahtlosen <b><strong class=\"font-semibold\">Aufbau neuer Produktionsstandorte<\/strong><\/b>, das <b><strong class=\"font-semibold\">schnelle Erreichen der Marktreife<\/strong><\/b> und den <b><strong class=\"font-semibold\">Aufbau skalierbarer und sicherer digitaler Fertigungssysteme<\/strong><\/b>. Gleichzeitig sorgen wir f\u00fcr die Vorbereitung auf sich wandelnde regulatorische Rahmenbedingungen, reduzieren das Risiko eines Lizenzverlusts und digitalisieren Prozessdokumentationen\u2014ein entscheidender Schritt in der <b><strong class=\"font-semibold\">pharmazeutischen Digitalisierung<\/strong><\/b>.<\/p>\n<p>Wir erm\u00f6glichen intelligente, flexible und compliance-konforme Operationen \u2013 mit schlanken Validierungsprozessen, Automatisierung und datenbasierter Entscheidungsfindung. Von der ersten Planung bis zur Umsetzung ist Orise ein vertrauensw\u00fcrdiger Partner f\u00fcr den Aufbau wettbewerbsf\u00e4higer und widerstandsf\u00e4higer <b><strong class=\"font-semibold\">Pharma-Operationen<\/strong><\/b>.<\/p>\n                                    <\/div>\n                                            <\/div>\n            <div class=\"contentPart-image width-50 trans \">\n                                                    <img decoding=\"async\" src=\"https:\/\/orise.com\/wp-content\/uploads\/sites\/71\/2025\/07\/Consulting-2.png?w=1024\" alt=\"\" class=\"textbildimg\">\n                            <\/div>\n        <\/div>\n    <\/div>\n\n\n    <div id=\"textimage-block_3257de7cbafe87fbbeb1abad95807224\" class=\"content-row content-row-textimage background_blue  textimage\">\n        <div class=\"contentPart-inner\">\n            <div class=\"contentPart-text width-50\">\n                <h2 class=\"trans text-blue \">\n                                            Der Beratungsansatz von Orise: Von Vision zu Mehrwert                                                        <\/h2>\n                <div class=\"textInput trans\">\n                                            <p>Unser Beratungsansatz basiert auf dem OTMC Framework (Orise Transformation Methodology &amp; Consulting) \u2013 einem strukturierten, branchenspezifischen Modell, das Kunden durch jede Phase ihrer digitalen und compliance-orientierten Reise begleitet, unterst\u00fctzt durch GMP-konforme digitale Transformation Services.<\/p>\n<p>Wir arbeiten in drei strategischen Dimensionen:<\/p>\n<ul>\n<li><strong>Qualit\u00e4t &amp; Compliance<\/strong>: GXP\/CSV-Assessments, Validierungsstrategien und GMP-konforme Konzeptentwicklung<\/li>\n<li><strong>Digitale Transformation<\/strong>: Integrationsbewertungen, L\u00f6sungsdesign, MBR-Exzellenz und Projektausf\u00fchrung<\/li>\n<li><strong>Technologie-Innovation<\/strong>: Roadmaps f\u00fcr intelligente Fertigung, Prozessintegration von Technologien und AI-Validierungsservices<\/li>\n<\/ul>\n<p>Dieses Framework unterst\u00fctzt sechs Kernphasen der Transformation:<\/p>\n<ul>\n<li>Bewertung<\/li>\n<li>Strategieentwicklung<\/li>\n<li>Design &amp; Auswahl von L\u00f6sungen<\/li>\n<li>Integrationsarchitektur<\/li>\n<li>Implementierung von Mehrwert<\/li>\n<li>Integration &amp; kontinuierliche Verbesserung<\/li>\n<\/ul>\n                                    <\/div>\n                                            <\/div>\n            <div class=\"contentPart-image width-50 trans \">\n                                                    <img decoding=\"async\" src=\"https:\/\/orise.com\/wp-content\/uploads\/sites\/71\/2025\/07\/12618-Consulting-campaign_1200_600_Carousel_Slide4.3.png?w=1024\" alt=\"\" class=\"textbildimg\">\n                            <\/div>\n        <\/div>\n    <\/div>\n\n\n    <div id=\"imagetext_textvariation-block_107fbdc04d47364bdba0407d7d46b3e5\" class=\"content-row content-row-textvariation bg-base    textvariation\">\n        <div class=\"contentPart-inner\">\n            <div class=\"contentPart-text\">\n                                    <h2 class=\"text-blue content-row-headline trans\">\n                        Warum Orise der richtige Partner ist?                    <\/h2>\n                                                    <div class=\"subline trans\">\n                        Orise ist mehr als ein Beratungspartner \u2013 wir sind Transformationsbegleiter in der Pharmaindustrie. Hier sind unsere Alleinstellungsmerkmale:                    <\/div>\n                            <\/div>\n                            <div class=\"contentPart-textbox width-50 textInput trans\">\n                    <p><strong>Tiefes Branchenwissen<\/strong><\/p>\n<p>Wir verf\u00fcgen \u00fcber jahrzehntelange Erfahrung in der pharmazeutischen Herstellung, Laborbetrieb und Qualit\u00e4tssicherung. Unsere Berater verstehen die Komplexit\u00e4t regulierter Umfelder und liefern L\u00f6sungen, die sowohl innovativ als auch GxP-, GMP- und CSV\/CSA-konform sind\u2014perfekt zugeschnitten f\u00fcr Ihre pharmazeutische Compliance und Qualit\u00e4tskontrolle.<\/p>\n<p>&nbsp;<\/p>\n<p><strong>End-to-End-Transformationsservice<\/strong><\/p>\n<p>Von ersten Bewertungen bis zur Umsetzung und Post-Implementierungs-Bef\u00e4higung \u2013 <strong>wir decken den gesamten Transformationszyklus ab<\/strong>. Unsere <strong>OTMC-Methodik<\/strong> sorgt f\u00fcr einen strukturierten, transparenten und wertorientierten Ansatz in allen Projektphasen.<\/p>\n<p>&nbsp;<\/p>\n<p><strong>Fokus auf Compliance &amp; Qualit\u00e4t<\/strong><\/p>\n<p>In einem Bereich, in dem Compliance unverzichtbar ist, sorgt Orise daf\u00fcr, dass Sie jederzeit auditbereit sind. Wir helfen, das Risiko von Nichteinhaltung, Lizenzverlusten und regulatorischen Strafen durch robuste Validierungsstrategien und pr\u00e4zise Dokumentationen zu minimieren.<\/p>\n<p>&nbsp;<\/p>\n<p><strong>Integrierte Technologie- &amp; Prozessberatung<\/strong><\/p>\n<p>Wir implementieren nicht nur Werkzeuge \u2013 wir integrieren sie in Ihre Arbeitsabl\u00e4ufe. Unsere Berater arbeiten system\u00fcbergreifend (MES, LIMS, DCS, Data Historian), um nahtlose Datenfl\u00fcsse, intelligente Prozesskontrolle und skalierbare digitale Architekturen zu gew\u00e4hrleisten.<\/p>\n<p>&nbsp;<\/p>\n                <\/div>\n                                        <div class=\"contentPart-textbox contentPart-textbox_2 textInput width-50 trans\">\n                    <p><strong>Innovationsgetriebene L\u00f6sungen<\/strong><\/p>\n<p>Wir bringen die Zukunft der Pharmaindustrie direkt zu Ihnen: KI-gest\u00fctzte Review-Systeme, digitale Batch-Reports, intelligente Validierungs-Engines und skalierbare modulare Systeme. Tools wie <a href=\"https:\/\/orise.com\/de\/digital-products\/audit-trail-review\/\">Audit Trail Review<\/a>, <a href=\"https:\/\/orise.com\/de\/digital-products\/estreams\/\">eStreams<\/a>, und <a href=\"https:\/\/orise.com\/de\/digital-products\/gxp-report-generator\/\">GxP Report Generator<\/a> beschleunigen die Digitalisierung sicher und effizient.<\/p>\n<p>&nbsp;<\/p>\n<p><strong>Unabh\u00e4ngiger, klientenzentrierter Ansatz<\/strong><\/p>\n<p><strong>Orise ist anbieterneutral.<\/strong> Unser Fokus liegt ausschlie\u00dflich darauf, was das Beste f\u00fcr Ihr Unternehmen ist. Wir begleiten Sie bei der Auswahl, Bewertung und Implementierung der richtigen L\u00f6sungen \u2013 ohne Vorurteile oder versteckte Agenden.<\/p>\n<p>&nbsp;<\/p>\n<p><strong>Erfolgsbilanz<\/strong><\/p>\n<p>Wir haben globale Pharmakunden bei der Einf\u00fchrung neuer Anlagen, der Neugestaltung von Validierungsstrategien, der Integration von MES- und LIMS-Systemen und der Zukunftssicherung von Prozessen unterst\u00fctzt. Unsere Erfolgsgeschichten sprechen f\u00fcr unsere F\u00e4higkeit, Ergebnisse zu liefern.<\/p>\n                <\/div>\n                    <\/div>\n                    <\/div>\n\n\n    <div id=\"contactform-block_65ec17893aa2a8dc8e243eed49cdf908\" class=\"content-row content-row-contactform  background_darken contactform\">\n        <div class=\"contentPart-inner\">\n\n            <div class=\"contentPart-text width-100\">\n                                    <h2 class=\"text-blue content-row-headline trans\">\n                        Planen Sie noch heute Ihre Demo                    <\/h2>\n                            <\/div>\n\n            <div class=\"contactform-wrapper trans\">\n                                    <iframe src=\"https:\/\/go.atsautomation.com\/l\/651873\/2025-06-04\/h7yqyb\" class=\"form-iframe form-iframe-contactform\" data-cookieconsent=\"marketing\"><\/iframe>\n                            <\/div>\n\n        <\/div>\n    <\/div>\n","protected":false},"excerpt":{"rendered":"","protected":false},"author":617,"featured_media":29064,"parent":0,"menu_order":0,"comment_status":"closed","ping_status":"closed","template":"","meta":{"_acf_changed":false,"_cr_original_post":"","_cr_replace_post_id":"","_cr_replacing_post_id":"","footnotes":""},"class_list":["post-28803","page","type-page","status-publish","has-post-thumbnail","hentry"],"yoast_head":"<!-- This site is optimized with the Yoast SEO Premium plugin v26.8 (Yoast SEO v26.8) - https:\/\/yoast.com\/product\/yoast-seo-premium-wordpress\/ -->\n<title>Pharma-Consulting | Orise<\/title>\n<meta name=\"description\" content=\"Digitale Transformation in der Pharmaindustrie: Orise bietet erstklassiges Pharma Consulting und verbindet Compliance, Qualit\u00e4t und Innovation. Entdecken Sie ma\u00dfgeschneiderte L\u00f6sungen f\u00fcr GMP-konforme Prozesse, smarte Technologien und zukunftssichere Produktionssysteme.\" \/>\n<meta name=\"robots\" content=\"index, follow, max-snippet:-1, max-image-preview:large, max-video-preview:-1\" \/>\n<link rel=\"canonical\" href=\"https:\/\/orise.com\/de\/pharma-consulting\/\" \/>\n<meta property=\"og:locale\" content=\"de_DE\" \/>\n<meta property=\"og:type\" content=\"article\" \/>\n<meta property=\"og:title\" content=\"Pharma Consulting\" \/>\n<meta property=\"og:description\" content=\"Digitale Transformation in der Pharmaindustrie: Orise bietet erstklassiges Pharma Consulting und verbindet Compliance, Qualit\u00e4t und Innovation. Entdecken Sie ma\u00dfgeschneiderte L\u00f6sungen f\u00fcr GMP-konforme Prozesse, smarte Technologien und zukunftssichere Produktionssysteme.\" \/>\n<meta property=\"og:url\" content=\"https:\/\/orise.com\/de\/pharma-consulting\/\" \/>\n<meta property=\"og:site_name\" content=\"Orise\" \/>\n<meta property=\"article:modified_time\" content=\"2025-07-24T19:05:02+00:00\" \/>\n<meta property=\"og:image\" content=\"https:\/\/orise.com\/wp-content\/uploads\/sites\/71\/2025\/07\/Consulting-2.png\" \/>\n\t<meta property=\"og:image:width\" content=\"1200\" \/>\n\t<meta property=\"og:image:height\" content=\"600\" \/>\n\t<meta property=\"og:image:type\" content=\"image\/png\" \/>\n<meta name=\"twitter:card\" content=\"summary_large_image\" \/>\n<meta name=\"twitter:label1\" content=\"Gesch\u00e4tzte Lesezeit\" \/>\n\t<meta name=\"twitter:data1\" content=\"1 Minute\" \/>\n<script type=\"application\/ld+json\" class=\"yoast-schema-graph\">{\"@context\":\"https:\/\/schema.org\",\"@graph\":[{\"@type\":\"WebPage\",\"@id\":\"https:\/\/orise.com\/de\/pharma-consulting\/\",\"url\":\"https:\/\/orise.com\/de\/pharma-consulting\/\",\"name\":\"Pharma-Consulting | Orise\",\"isPartOf\":{\"@id\":\"https:\/\/orise.com\/de\/#website\"},\"primaryImageOfPage\":{\"@id\":\"https:\/\/orise.com\/de\/pharma-consulting\/#primaryimage\"},\"image\":{\"@id\":\"https:\/\/orise.com\/de\/pharma-consulting\/#primaryimage\"},\"thumbnailUrl\":\"https:\/\/orise.com\/wp-content\/uploads\/sites\/71\/2025\/07\/Consulting-2.png\",\"datePublished\":\"2025-07-24T12:05:54+00:00\",\"dateModified\":\"2025-07-24T19:05:02+00:00\",\"description\":\"Digitale Transformation in der Pharmaindustrie: Orise bietet erstklassiges Pharma Consulting und verbindet Compliance, Qualit\u00e4t und Innovation. Entdecken Sie ma\u00dfgeschneiderte L\u00f6sungen f\u00fcr GMP-konforme Prozesse, smarte Technologien und zukunftssichere Produktionssysteme.\",\"breadcrumb\":{\"@id\":\"https:\/\/orise.com\/de\/pharma-consulting\/#breadcrumb\"},\"inLanguage\":\"de-DE\",\"potentialAction\":[{\"@type\":\"ReadAction\",\"target\":[\"https:\/\/orise.com\/de\/pharma-consulting\/\"]}]},{\"@type\":\"ImageObject\",\"inLanguage\":\"de-DE\",\"@id\":\"https:\/\/orise.com\/de\/pharma-consulting\/#primaryimage\",\"url\":\"https:\/\/orise.com\/wp-content\/uploads\/sites\/71\/2025\/07\/Consulting-2.png\",\"contentUrl\":\"https:\/\/orise.com\/wp-content\/uploads\/sites\/71\/2025\/07\/Consulting-2.png\",\"width\":1200,\"height\":600},{\"@type\":\"BreadcrumbList\",\"@id\":\"https:\/\/orise.com\/de\/pharma-consulting\/#breadcrumb\",\"itemListElement\":[{\"@type\":\"ListItem\",\"position\":1,\"name\":\"Home\",\"item\":\"https:\/\/orise.com\/de\/\"},{\"@type\":\"ListItem\",\"position\":2,\"name\":\"Pharma Consulting\"}]},{\"@type\":\"WebSite\",\"@id\":\"https:\/\/orise.com\/de\/#website\",\"url\":\"https:\/\/orise.com\/de\/\",\"name\":\"Orise\",\"description\":\"Unlock your full potential.\",\"publisher\":{\"@id\":\"https:\/\/orise.com\/de\/#organization\"},\"potentialAction\":[{\"@type\":\"SearchAction\",\"target\":{\"@type\":\"EntryPoint\",\"urlTemplate\":\"https:\/\/orise.com\/de\/?s={search_term_string}\"},\"query-input\":{\"@type\":\"PropertyValueSpecification\",\"valueRequired\":true,\"valueName\":\"search_term_string\"}}],\"inLanguage\":\"de-DE\"},{\"@type\":\"Organization\",\"@id\":\"https:\/\/orise.com\/de\/#organization\",\"name\":\"Orise\",\"url\":\"https:\/\/orise.com\/de\/\",\"logo\":{\"@type\":\"ImageObject\",\"inLanguage\":\"de-DE\",\"@id\":\"https:\/\/orise.com\/de\/#\/schema\/logo\/image\/\",\"url\":\"https:\/\/orise.com\/wp-content\/uploads\/sites\/71\/2025\/04\/cropped-Orise-Circle-Icon-Website-V1-1.png\",\"contentUrl\":\"https:\/\/orise.com\/wp-content\/uploads\/sites\/71\/2025\/04\/cropped-Orise-Circle-Icon-Website-V1-1.png\",\"width\":512,\"height\":512,\"caption\":\"Orise\"},\"image\":{\"@id\":\"https:\/\/orise.com\/de\/#\/schema\/logo\/image\/\"}}]}<\/script>\n<!-- \/ Yoast SEO Premium plugin. -->","yoast_head_json":{"title":"Pharma-Consulting | Orise","description":"Digitale Transformation in der Pharmaindustrie: Orise bietet erstklassiges Pharma Consulting und verbindet Compliance, Qualit\u00e4t und Innovation. Entdecken Sie ma\u00dfgeschneiderte L\u00f6sungen f\u00fcr GMP-konforme Prozesse, smarte Technologien und zukunftssichere Produktionssysteme.","robots":{"index":"index","follow":"follow","max-snippet":"max-snippet:-1","max-image-preview":"max-image-preview:large","max-video-preview":"max-video-preview:-1"},"canonical":"https:\/\/orise.com\/de\/pharma-consulting\/","og_locale":"de_DE","og_type":"article","og_title":"Pharma Consulting","og_description":"Digitale Transformation in der Pharmaindustrie: Orise bietet erstklassiges Pharma Consulting und verbindet Compliance, Qualit\u00e4t und Innovation. Entdecken Sie ma\u00dfgeschneiderte L\u00f6sungen f\u00fcr GMP-konforme Prozesse, smarte Technologien und zukunftssichere Produktionssysteme.","og_url":"https:\/\/orise.com\/de\/pharma-consulting\/","og_site_name":"Orise","article_modified_time":"2025-07-24T19:05:02+00:00","og_image":[{"width":1200,"height":600,"url":"https:\/\/orise.com\/wp-content\/uploads\/sites\/71\/2025\/07\/Consulting-2.png","type":"image\/png"}],"twitter_card":"summary_large_image","twitter_misc":{"Gesch\u00e4tzte Lesezeit":"1 Minute"},"schema":{"@context":"https:\/\/schema.org","@graph":[{"@type":"WebPage","@id":"https:\/\/orise.com\/de\/pharma-consulting\/","url":"https:\/\/orise.com\/de\/pharma-consulting\/","name":"Pharma-Consulting | Orise","isPartOf":{"@id":"https:\/\/orise.com\/de\/#website"},"primaryImageOfPage":{"@id":"https:\/\/orise.com\/de\/pharma-consulting\/#primaryimage"},"image":{"@id":"https:\/\/orise.com\/de\/pharma-consulting\/#primaryimage"},"thumbnailUrl":"https:\/\/orise.com\/wp-content\/uploads\/sites\/71\/2025\/07\/Consulting-2.png","datePublished":"2025-07-24T12:05:54+00:00","dateModified":"2025-07-24T19:05:02+00:00","description":"Digitale Transformation in der Pharmaindustrie: Orise bietet erstklassiges Pharma Consulting und verbindet Compliance, Qualit\u00e4t und Innovation. Entdecken Sie ma\u00dfgeschneiderte L\u00f6sungen f\u00fcr GMP-konforme Prozesse, smarte Technologien und zukunftssichere Produktionssysteme.","breadcrumb":{"@id":"https:\/\/orise.com\/de\/pharma-consulting\/#breadcrumb"},"inLanguage":"de-DE","potentialAction":[{"@type":"ReadAction","target":["https:\/\/orise.com\/de\/pharma-consulting\/"]}]},{"@type":"ImageObject","inLanguage":"de-DE","@id":"https:\/\/orise.com\/de\/pharma-consulting\/#primaryimage","url":"https:\/\/orise.com\/wp-content\/uploads\/sites\/71\/2025\/07\/Consulting-2.png","contentUrl":"https:\/\/orise.com\/wp-content\/uploads\/sites\/71\/2025\/07\/Consulting-2.png","width":1200,"height":600},{"@type":"BreadcrumbList","@id":"https:\/\/orise.com\/de\/pharma-consulting\/#breadcrumb","itemListElement":[{"@type":"ListItem","position":1,"name":"Home","item":"https:\/\/orise.com\/de\/"},{"@type":"ListItem","position":2,"name":"Pharma Consulting"}]},{"@type":"WebSite","@id":"https:\/\/orise.com\/de\/#website","url":"https:\/\/orise.com\/de\/","name":"Orise","description":"Unlock your full potential.","publisher":{"@id":"https:\/\/orise.com\/de\/#organization"},"potentialAction":[{"@type":"SearchAction","target":{"@type":"EntryPoint","urlTemplate":"https:\/\/orise.com\/de\/?s={search_term_string}"},"query-input":{"@type":"PropertyValueSpecification","valueRequired":true,"valueName":"search_term_string"}}],"inLanguage":"de-DE"},{"@type":"Organization","@id":"https:\/\/orise.com\/de\/#organization","name":"Orise","url":"https:\/\/orise.com\/de\/","logo":{"@type":"ImageObject","inLanguage":"de-DE","@id":"https:\/\/orise.com\/de\/#\/schema\/logo\/image\/","url":"https:\/\/orise.com\/wp-content\/uploads\/sites\/71\/2025\/04\/cropped-Orise-Circle-Icon-Website-V1-1.png","contentUrl":"https:\/\/orise.com\/wp-content\/uploads\/sites\/71\/2025\/04\/cropped-Orise-Circle-Icon-Website-V1-1.png","width":512,"height":512,"caption":"Orise"},"image":{"@id":"https:\/\/orise.com\/de\/#\/schema\/logo\/image\/"}}]}},"acf":[],"_links":{"self":[{"href":"https:\/\/orise.com\/de\/wp-json\/wp\/v2\/pages\/28803","targetHints":{"allow":["GET"]}}],"collection":[{"href":"https:\/\/orise.com\/de\/wp-json\/wp\/v2\/pages"}],"about":[{"href":"https:\/\/orise.com\/de\/wp-json\/wp\/v2\/types\/page"}],"author":[{"embeddable":true,"href":"https:\/\/orise.com\/de\/wp-json\/wp\/v2\/users\/617"}],"replies":[{"embeddable":true,"href":"https:\/\/orise.com\/de\/wp-json\/wp\/v2\/comments?post=28803"}],"version-history":[{"count":31,"href":"https:\/\/orise.com\/de\/wp-json\/wp\/v2\/pages\/28803\/revisions"}],"predecessor-version":[{"id":29197,"href":"https:\/\/orise.com\/de\/wp-json\/wp\/v2\/pages\/28803\/revisions\/29197"}],"wp:featuredmedia":[{"embeddable":true,"href":"https:\/\/orise.com\/de\/wp-json\/wp\/v2\/media\/29064"}],"wp:attachment":[{"href":"https:\/\/orise.com\/de\/wp-json\/wp\/v2\/media?parent=28803"}],"curies":[{"name":"wp","href":"https:\/\/api.w.org\/{rel}","templated":true}]}}