{"id":2955,"date":"2021-12-02T10:26:03","date_gmt":"2021-12-02T10:26:03","guid":{"rendered":"https:\/\/vipgo.atsautomation.com\/pas\/?page_id=2955"},"modified":"2025-10-21T11:50:43","modified_gmt":"2025-10-21T11:50:43","slug":"food-beverage","status":"publish","type":"page","link":"https:\/\/orise.com\/de\/branchen\/food-beverage\/","title":{"rendered":"Food + Beverage"},"content":{"rendered":"<div id=\"pageheader-block_91538e65bbe9e65a57e2dd8e3930719c\" class=\"content-row content-row-pageheader bg-base\t\tcontent-row-pageheader-anchor   pageheader\">\n        <div class=\"contentPart-fixed\">\n        <div class=\"contentPart-inner\">\n            <div class=\"contentPart-text width-100\">\n                <h1>\n                                        Food &amp; Beverage                                    <\/h1>\n                <h2 class=\"trans\">\n                                        Automatisierungs-, Digitalisierungs- und Optimierungsl\u00f6sungen f\u00fcr die Lebensmittel- und Getr\u00e4nkeproduktionsindustrie                                    <\/h2>\n                                                <div class=\"anchor_links-wrapper trans\">\n                                        <div class=\"anchor_link-item trans\">\n                        <div class=\"anchor_link-item-inner\">\n                            <a class=\"anchorlink\" data-subtab=\"\"\n                                data-anchor=\"#food\"\n                                href=\"#\">Milchprodukte<\/a>\n                        <\/div>\n                    <\/div>\n                                        <div class=\"anchor_link-item trans\">\n                        <div class=\"anchor_link-item-inner\">\n                            <a class=\"anchorlink\" data-subtab=\"\"\n                                data-anchor=\"#food\"\n                                href=\"#\">Alkoholfreie Getr\u00e4nke<\/a>\n                        <\/div>\n                    <\/div>\n                                        <div class=\"anchor_link-item trans\">\n                        <div class=\"anchor_link-item-inner\">\n                            <a class=\"anchorlink\" data-subtab=\"\"\n                                data-anchor=\"#food\"\n                                href=\"#\">Alkoholische Getr\u00e4nke<\/a>\n                        <\/div>\n                    <\/div>\n                                        <div class=\"anchor_link-item trans\">\n                        <div class=\"anchor_link-item-inner\">\n                            <a class=\"anchorlink\" data-subtab=\"\"\n                                data-anchor=\"#food\"\n                                href=\"#\">B\u00e4ckerei &amp; S\u00fc\u00dfwaren<\/a>\n                        <\/div>\n                    <\/div>\n                                        <div class=\"anchor_link-item trans\">\n                        <div class=\"anchor_link-item-inner\">\n                            <a class=\"anchorlink\" data-subtab=\"\"\n                                data-anchor=\"#food\"\n                                href=\"#\">Lebensmittelverarbeitung<\/a>\n                        <\/div>\n                    <\/div>\n                                    <\/div>\n                            <\/div>\n        <\/div>\n    <\/div>\n    <div class=\"slidedown-button editor-hide\">\n        <span class=\"slidedown-label\">Mehr erfahren<\/span>\n        <img decoding=\"async\" src=\"https:\/\/orise.com\/wp-content\/themes\/ats-orise\/img\/doubble-arrow-down.svg\" alt=\"\"\n            class=\"slidedown-icon\">\n    <\/div>\n<\/div>\n\n\n\n    <div id=\"image_banner-block_cdc7a32df0e417a07b0de172293992ac\" class=\"content-row content-row-imagebanner trans  image_banner test\">\n                                                <img decoding=\"async\" src=\"https:\/\/orise.com\/wp-content\/uploads\/sites\/71\/2021\/12\/Industries-Food.jpg?w=1920&#038;h=0&#038;crop=1\" alt=\"PA offers solutions for the food and beverages industry\" class=\"fullscreen\">\n            <\/div>\n\n\n\n    <div id=\"imagetext_textvariation-block_df556b70850c2d6c74f98969ca8931fc\" class=\"content-row content-row-textvariation background_darken    textvariation\">\n        <div class=\"contentPart-inner\">\n            <div class=\"contentPart-text\">\n                                            <\/div>\n                            <div class=\"contentPart-textbox width-50 textInput trans\">\n                    <p>Die Lebensmittel- und Getr\u00e4nkeproduktionsbranche steht vor einer Reihe von Herausforderungen, darunter der wirtschaftliche Einsatz von Ressourcen, globale Lieferkettenprobleme, steigende Kosten und zunehmende Qualit\u00e4tsanforderungen.<\/p>\n                <\/div>\n                                        <div class=\"contentPart-textbox contentPart-textbox_2 textInput width-50 trans\">\n                    <div class=\"flex animate-fade-in-output text-primary\">\n<div class=\"relative max-h-[280px] flex-1 overflow-auto px-3 py-3\" data-testid=\"inline-output-content\">\n<div class=\"text-small [&amp;&gt;*]:p-0 [&amp;&gt;*]:py-[2px]\" style=\"--tw-border-spacing-x: 0;--tw-border-spacing-y: 0;--tw-translate-x: 0;--tw-translate-y: 0;--tw-rotate: 0;--tw-skew-x: 0;--tw-skew-y: 0;--tw-scale-x: 1;--tw-scale-y: 1;--tw-scroll-snap-strictness: proximity;--tw-ring-offset-width: 0px;--tw-ring-offset-color: #fff;--tw-ring-offset-shadow: 0 0 #0000;--tw-ring-shadow: 0 0 #0000;--tw-shadow: 0 0 #0000;--tw-shadow-colored: 0 0 #0000;font-size: 0.875rem;line-height: 1.5rem;border: 0px solid var(--color-border-DEFAULT)\">\n<p>Diese Herausforderungen, gepaart mit hoher Volatilit\u00e4t in einer zunehmend globalisierten Wertsch\u00f6pfungskette, f\u00fchren zu einem erheblichen Druck auf Lebensmittel- und Getr\u00e4nkeproduktionsst\u00e4tten weltweit. Orise bietet durch Anlagenautomatisierung, Digitalisierung und Optimierung klare Vorteile.<\/p>\n<\/div>\n<\/div>\n<\/div>\n                <\/div>\n                    <\/div>\n                    <\/div>\n\n\n<div id=\"food\" class=\"content-row anchortarget trans anchortarget\">\n    <h3 class=\"editorInfo\">#food<\/h3>\n<\/div>\n\n    <div id=\"imagetext_textvariation-block_8dfbc99461fa5dab9111aa44553bf438\" class=\"content-row content-row-textvariation bg-base    textvariation\">\n        <div class=\"contentPart-inner\">\n            <div class=\"contentPart-text\">\n                                                    <div class=\"subline trans\">\n                        Orise unterst\u00fctzt Unternehmen der Nahrungsmittel- und Getr\u00e4nkeindustrie mit  Automation, Prozessoptimierung, funktionalen und maschinensicherheitsrelevanten Dienstleistungen und Digitalisierung, um ihren Betrieb \u00fcber den gesamten Lebenszyklus zu optimieren und zu erhalten.                     <\/div>\n                            <\/div>\n                            <div class=\"contentPart-textbox width-50 textInput trans\">\n                    <p>Orise unterst\u00fctzt Unternehmen in der Lebensmittel- und Getr\u00e4nkeindustrie mit industrieller Automatisierung, Prozessoptimierung, funktionaler und maschineller Sicherheit sowie Digitalisierung zur Optimierung und Wartung ihrer Betriebsabl\u00e4ufe \u00fcber den gesamten Lebenszyklus.<\/p>\n<p>&nbsp;<\/p>\n<p>Wir entwickeln ma\u00dfgeschneiderte Automatisierungsl\u00f6sungen \u2013 von der Identifizierung ungenutzter Potenziale in der Wertsch\u00f6pfungskette bis hin zur L\u00f6sungsentwicklung und -umsetzung. Wir decken alle Prozesse im Lebensmittel- und Getr\u00e4nkesektor ab \u2013 von der Rohstofflieferung \u00fcber die Produktion und Verpackung bis hin zum Endprodukt.<\/p>\n<p>&nbsp;<\/p>\n                <\/div>\n                                        <div class=\"contentPart-textbox contentPart-textbox_2 textInput width-50 trans\">\n                    <div class=\"absolute\">\n<div class=\"pointer-events-auto box-border w-[440px] rounded-md border-[1px] border-default bg-surface-default text-small text-weak shadow-lg w-full\" data-testid=\"inline-container\">\n<div class=\"flex animate-fade-in-output text-primary\">\n<div class=\"relative max-h-[280px] flex-1 overflow-auto px-3 py-3\" data-testid=\"inline-output-content\">\n<div class=\"text-small [&amp;&gt;*]:p-0 [&amp;&gt;*]:py-[2px]\" style=\"--tw-border-spacing-x: 0;--tw-border-spacing-y: 0;--tw-translate-x: 0;--tw-translate-y: 0;--tw-rotate: 0;--tw-skew-x: 0;--tw-skew-y: 0;--tw-scale-x: 1;--tw-scale-y: 1;--tw-scroll-snap-strictness: proximity;--tw-ring-offset-width: 0px;--tw-ring-offset-color: #fff;--tw-ring-offset-shadow: 0 0 #0000;--tw-ring-shadow: 0 0 #0000;--tw-shadow: 0 0 #0000;--tw-shadow-colored: 0 0 #0000;font-size: 0.875rem;line-height: 1.5rem;border: 0px solid var(--color-border-DEFAULT)\">\n<ul class=\"!p-0 !pl-[24px] !py-[2px] list-disc [&amp;_li]:!pt-[4px]\">\n<li><strong>Milchprodukte<\/strong><\/li>\n<li><strong>Alkoholfreie Getr\u00e4nke<\/strong><\/li>\n<li><a href=\"https:\/\/orise.com\/de\/brauereiberatung-optimierungsservices\/\"><strong>Alkoholische Getr\u00e4nke<\/strong><\/a><\/li>\n<li><strong>B\u00e4ckerei &amp; S\u00fc\u00dfwaren<\/strong><\/li>\n<li><strong>Lebensmittelverarbeitung<\/strong><\/li>\n<\/ul>\n<\/div>\n<\/div>\n<\/div>\n<\/div>\n<\/div>\n<h3><\/h3>\n<p>&nbsp;<\/p>\n                <\/div>\n                    <\/div>\n                    <\/div>\n\n\n    <div id=\"singletext-block_542ed6a41387d8265b00e9b4fb42b649\" class=\"content-row content-row-singletext background_blue   singletext\">\n        <div class=\"contentPart-inner\">\n            <div class=\"contentPart-text width-100\">\n                <h2 class=\" content-row-headline trans\">\n                                    <\/h2>\n                <div class=\"contentPart-textbox textInput trans\">\n                    <h2>Orise ist der f\u00fchrende Integrationspartner der Nahrungsmittel- und Getr\u00e4nkeindustrie<\/h2>\n<p>&nbsp;<\/p>\n<p>Orise verf\u00fcgt \u00fcber umfangreiche Erfahrungen in der Nahrungsmittel- und Getr\u00e4nkeindustrie und besitzt eine hohe Fachkompetenz. Wir unterst\u00fctzen unsere Kunden mit EI&amp;C-Projekten (Automation), Engineering (EPCM) und schl\u00fcsselfertigen Projekten (EPC). Als systemunabh\u00e4ngiger Partner sind wir in der Lage, Systeme und Ger\u00e4te aller wichtigen Hersteller \u00fcber die ISA95-Pyramide hinweg zu integrieren.<\/p>\n                <\/div>\n            <\/div>\n        <\/div>\n    <\/div>\n\n\n    <div id=\"textboxgrid-block_aa9e24fc799eb0258e1b9872f0edb8fc\" class=\"content-row content-row-textboxgrid  bg-base textboxgrid  \">\n        <div class=\"contentPart-inner\">\n            <div class=\"contentPart-left\">\n                <div>\n                    <div class=\"contentPart-text\">\n                        <h2 class=\"content-row-headline trans\">\n                            Wir steigern die operative Leistungsf\u00e4higkeit. In der Praxis bew\u00e4hrt.                          <\/h2>\n                    <\/div>\n\n                                            <div class=\"textboxgrid-leadin trans\">\n                            Mit unseren Automatisierungsl\u00f6sungen steigern wir die betriebliche Effizienz bei der Produktion und schaffen einen Mehrwert f\u00fcr unsere Kunden. Typische Beispiele aus der Praxis sind:                        <\/div>\n                                    <\/div>\n\n                <div>\n                                                        <\/div>\n            <\/div>\n\n            <div class=\"textboxgrid-wrapper\">\n                                    <div class=\"textboxgrid-colum textboxgrid-colum-l width-50\">\n                                                    <div class=\"textboxgrid-item trans\">\n                                <div class=\"textboxgrid-item-titel\">\n                                    <h2>\n                                                                                    Modernste Automatisierungssysteme                                                                            <\/h2>\n                                <\/div>\n                                <div class=\"textboxgrid-item-content textInput\">\n                                    <p>Umstellung auf ein modernes Automatisierungssystem und Bef\u00e4higung der Betreiber<\/p>\n                                <\/div>\n                            <\/div>\n                                                    <div class=\"textboxgrid-item trans\">\n                                <div class=\"textboxgrid-item-titel\">\n                                    <h2>\n                                                                                    Produktionsverfolgung und R\u00fcckverfolgung                                                                            <\/h2>\n                                <\/div>\n                                <div class=\"textboxgrid-item-content textInput\">\n                                    <p>Einf\u00fchrung eines Linienmanagementsystems zur Produktionsverfolgung und R\u00fcckverfolgung von Roh- und Hilfsstoffen<\/p>\n                                <\/div>\n                            <\/div>\n                                            <\/div>\n                                                    <div class=\"textboxgrid-colum textboxgrid-colum-r width-50\">\n                                                    <div class=\"textboxgrid-item trans\">\n                                <div class=\"textboxgrid-item-titel\">\n                                    <h2>\n                                                                                    Batch-Automatisierung                                                                            <\/h2>\n                                <\/div>\n                                <div class=\"textboxgrid-item-content textInput\">\n                                    <p>Flexible Automatisierung von Batch-Prozessen mit Rezepturverwaltung<\/p>\n                                <\/div>\n                            <\/div>\n                                                    <div class=\"textboxgrid-item trans\">\n                                <div class=\"textboxgrid-item-titel\">\n                                    <h2>\n                                                                                    Vollautomatische Produktion                                                                             <\/h2>\n                                <\/div>\n                                <div class=\"textboxgrid-item-content textInput\">\n                                    <p>Vollautomatische Produktion durch vertikale Integration in das ERP-System, das eine papierlose Produktionsplanung und Produktion erm\u00f6glicht<\/p>\n                                <\/div>\n                            <\/div>\n                                            <\/div>\n                            <\/div>\n        <\/div>\n                    <\/div>\n\n\n    <div id=\"contactform-block_092e00282c47911749c1f5d59f414cb9\" class=\"content-row content-row-contactform  background_darken contactform\">\n        <div class=\"contentPart-inner\">\n\n            <div class=\"contentPart-text width-100\">\n                                    <h2 class=\"text-blue content-row-headline trans\">\n                        Wollen Sie mehr erfahren?<br \/>\r\nKontaktieren Sie unsere Experten!                    <\/h2>\n                            <\/div>\n\n            <div class=\"contactform-wrapper trans\">\n                                    <iframe src=\"https:\/\/go.atsautomation.com\/l\/651873\/2025-06-03\/h7ylyx\" class=\"form-iframe form-iframe-contactform\" data-cookieconsent=\"marketing\"><\/iframe>\n                            <\/div>\n\n        <\/div>\n    <\/div>\n","protected":false},"excerpt":{"rendered":"","protected":false},"author":166,"featured_media":0,"parent":3134,"menu_order":4,"comment_status":"closed","ping_status":"closed","template":"","meta":{"_acf_changed":false,"_cr_original_post":"1185","_cr_replace_post_id":"","_cr_replacing_post_id":"","footnotes":""},"class_list":["post-2955","page","type-page","status-publish","hentry"],"yoast_head":"<!-- This site is optimized with the Yoast SEO Premium plugin v26.8 (Yoast SEO v26.8) - https:\/\/yoast.com\/product\/yoast-seo-premium-wordpress\/ -->\n<title>Food + Beverage | Orise<\/title>\n<meta name=\"description\" content=\"Orise bietet industrielle Automatisierung, Engineering und Systemintegration f\u00fcr die Nahrungsmittel- und Getr\u00e4nkeindustrie\" \/>\n<meta name=\"robots\" content=\"index, follow, max-snippet:-1, max-image-preview:large, max-video-preview:-1\" \/>\n<link rel=\"canonical\" href=\"https:\/\/orise.com\/de\/branchen\/food-beverage\/\" \/>\n<meta property=\"og:locale\" content=\"de_DE\" \/>\n<meta property=\"og:type\" content=\"article\" \/>\n<meta property=\"og:title\" content=\"Food + Beverage\" \/>\n<meta property=\"og:description\" content=\"Orise bietet industrielle Automatisierung, Engineering und Systemintegration f\u00fcr die Nahrungsmittel- und Getr\u00e4nkeindustrie\" \/>\n<meta property=\"og:url\" content=\"https:\/\/orise.com\/de\/branchen\/food-beverage\/\" \/>\n<meta property=\"og:site_name\" content=\"Orise\" \/>\n<meta property=\"article:modified_time\" content=\"2025-10-21T11:50:43+00:00\" \/>\n<meta name=\"twitter:card\" content=\"summary_large_image\" \/>\n<script type=\"application\/ld+json\" class=\"yoast-schema-graph\">{\"@context\":\"https:\/\/schema.org\",\"@graph\":[{\"@type\":\"WebPage\",\"@id\":\"https:\/\/orise.com\/de\/branchen\/food-beverage\/\",\"url\":\"https:\/\/orise.com\/de\/branchen\/food-beverage\/\",\"name\":\"Food + Beverage | Orise\",\"isPartOf\":{\"@id\":\"https:\/\/orise.com\/de\/#website\"},\"datePublished\":\"2021-12-02T10:26:03+00:00\",\"dateModified\":\"2025-10-21T11:50:43+00:00\",\"description\":\"Orise bietet industrielle Automatisierung, Engineering und Systemintegration f\u00fcr die Nahrungsmittel- und Getr\u00e4nkeindustrie\",\"breadcrumb\":{\"@id\":\"https:\/\/orise.com\/de\/branchen\/food-beverage\/#breadcrumb\"},\"inLanguage\":\"de-DE\",\"potentialAction\":[{\"@type\":\"ReadAction\",\"target\":[\"https:\/\/orise.com\/de\/branchen\/food-beverage\/\"]}]},{\"@type\":\"BreadcrumbList\",\"@id\":\"https:\/\/orise.com\/de\/branchen\/food-beverage\/#breadcrumb\",\"itemListElement\":[{\"@type\":\"ListItem\",\"position\":1,\"name\":\"Home\",\"item\":\"https:\/\/orise.com\/de\/\"},{\"@type\":\"ListItem\",\"position\":2,\"name\":\"Branchen\",\"item\":\"https:\/\/orise.com\/de\/branchen\/\"},{\"@type\":\"ListItem\",\"position\":3,\"name\":\"Food + Beverage\"}]},{\"@type\":\"WebSite\",\"@id\":\"https:\/\/orise.com\/de\/#website\",\"url\":\"https:\/\/orise.com\/de\/\",\"name\":\"Orise\",\"description\":\"Unlock your full potential.\",\"publisher\":{\"@id\":\"https:\/\/orise.com\/de\/#organization\"},\"potentialAction\":[{\"@type\":\"SearchAction\",\"target\":{\"@type\":\"EntryPoint\",\"urlTemplate\":\"https:\/\/orise.com\/de\/?s={search_term_string}\"},\"query-input\":{\"@type\":\"PropertyValueSpecification\",\"valueRequired\":true,\"valueName\":\"search_term_string\"}}],\"inLanguage\":\"de-DE\"},{\"@type\":\"Organization\",\"@id\":\"https:\/\/orise.com\/de\/#organization\",\"name\":\"Orise\",\"url\":\"https:\/\/orise.com\/de\/\",\"logo\":{\"@type\":\"ImageObject\",\"inLanguage\":\"de-DE\",\"@id\":\"https:\/\/orise.com\/de\/#\/schema\/logo\/image\/\",\"url\":\"https:\/\/orise.com\/wp-content\/uploads\/sites\/71\/2025\/04\/cropped-Orise-Circle-Icon-Website-V1-1.png\",\"contentUrl\":\"https:\/\/orise.com\/wp-content\/uploads\/sites\/71\/2025\/04\/cropped-Orise-Circle-Icon-Website-V1-1.png\",\"width\":512,\"height\":512,\"caption\":\"Orise\"},\"image\":{\"@id\":\"https:\/\/orise.com\/de\/#\/schema\/logo\/image\/\"}}]}<\/script>\n<!-- \/ Yoast SEO Premium plugin. -->","yoast_head_json":{"title":"Food + Beverage | Orise","description":"Orise bietet industrielle Automatisierung, Engineering und Systemintegration f\u00fcr die Nahrungsmittel- und Getr\u00e4nkeindustrie","robots":{"index":"index","follow":"follow","max-snippet":"max-snippet:-1","max-image-preview":"max-image-preview:large","max-video-preview":"max-video-preview:-1"},"canonical":"https:\/\/orise.com\/de\/branchen\/food-beverage\/","og_locale":"de_DE","og_type":"article","og_title":"Food + Beverage","og_description":"Orise bietet industrielle Automatisierung, Engineering und Systemintegration f\u00fcr die Nahrungsmittel- und Getr\u00e4nkeindustrie","og_url":"https:\/\/orise.com\/de\/branchen\/food-beverage\/","og_site_name":"Orise","article_modified_time":"2025-10-21T11:50:43+00:00","twitter_card":"summary_large_image","schema":{"@context":"https:\/\/schema.org","@graph":[{"@type":"WebPage","@id":"https:\/\/orise.com\/de\/branchen\/food-beverage\/","url":"https:\/\/orise.com\/de\/branchen\/food-beverage\/","name":"Food + Beverage | Orise","isPartOf":{"@id":"https:\/\/orise.com\/de\/#website"},"datePublished":"2021-12-02T10:26:03+00:00","dateModified":"2025-10-21T11:50:43+00:00","description":"Orise bietet industrielle Automatisierung, Engineering und Systemintegration f\u00fcr die Nahrungsmittel- und Getr\u00e4nkeindustrie","breadcrumb":{"@id":"https:\/\/orise.com\/de\/branchen\/food-beverage\/#breadcrumb"},"inLanguage":"de-DE","potentialAction":[{"@type":"ReadAction","target":["https:\/\/orise.com\/de\/branchen\/food-beverage\/"]}]},{"@type":"BreadcrumbList","@id":"https:\/\/orise.com\/de\/branchen\/food-beverage\/#breadcrumb","itemListElement":[{"@type":"ListItem","position":1,"name":"Home","item":"https:\/\/orise.com\/de\/"},{"@type":"ListItem","position":2,"name":"Branchen","item":"https:\/\/orise.com\/de\/branchen\/"},{"@type":"ListItem","position":3,"name":"Food + Beverage"}]},{"@type":"WebSite","@id":"https:\/\/orise.com\/de\/#website","url":"https:\/\/orise.com\/de\/","name":"Orise","description":"Unlock your full potential.","publisher":{"@id":"https:\/\/orise.com\/de\/#organization"},"potentialAction":[{"@type":"SearchAction","target":{"@type":"EntryPoint","urlTemplate":"https:\/\/orise.com\/de\/?s={search_term_string}"},"query-input":{"@type":"PropertyValueSpecification","valueRequired":true,"valueName":"search_term_string"}}],"inLanguage":"de-DE"},{"@type":"Organization","@id":"https:\/\/orise.com\/de\/#organization","name":"Orise","url":"https:\/\/orise.com\/de\/","logo":{"@type":"ImageObject","inLanguage":"de-DE","@id":"https:\/\/orise.com\/de\/#\/schema\/logo\/image\/","url":"https:\/\/orise.com\/wp-content\/uploads\/sites\/71\/2025\/04\/cropped-Orise-Circle-Icon-Website-V1-1.png","contentUrl":"https:\/\/orise.com\/wp-content\/uploads\/sites\/71\/2025\/04\/cropped-Orise-Circle-Icon-Website-V1-1.png","width":512,"height":512,"caption":"Orise"},"image":{"@id":"https:\/\/orise.com\/de\/#\/schema\/logo\/image\/"}}]}},"acf":[],"_links":{"self":[{"href":"https:\/\/orise.com\/de\/wp-json\/wp\/v2\/pages\/2955","targetHints":{"allow":["GET"]}}],"collection":[{"href":"https:\/\/orise.com\/de\/wp-json\/wp\/v2\/pages"}],"about":[{"href":"https:\/\/orise.com\/de\/wp-json\/wp\/v2\/types\/page"}],"author":[{"embeddable":true,"href":"https:\/\/orise.com\/de\/wp-json\/wp\/v2\/users\/166"}],"replies":[{"embeddable":true,"href":"https:\/\/orise.com\/de\/wp-json\/wp\/v2\/comments?post=2955"}],"version-history":[{"count":32,"href":"https:\/\/orise.com\/de\/wp-json\/wp\/v2\/pages\/2955\/revisions"}],"predecessor-version":[{"id":32472,"href":"https:\/\/orise.com\/de\/wp-json\/wp\/v2\/pages\/2955\/revisions\/32472"}],"up":[{"embeddable":true,"href":"https:\/\/orise.com\/de\/wp-json\/wp\/v2\/pages\/3134"}],"wp:attachment":[{"href":"https:\/\/orise.com\/de\/wp-json\/wp\/v2\/media?parent=2955"}],"curies":[{"name":"wp","href":"https:\/\/api.w.org\/{rel}","templated":true}]}}