{"id":30528,"date":"2025-10-10T13:11:23","date_gmt":"2025-10-10T13:11:23","guid":{"rendered":"https:\/\/orise.com\/?page_id=30528"},"modified":"2026-04-29T14:53:32","modified_gmt":"2026-04-29T14:53:32","slug":"sap-consulting-2","status":"publish","type":"page","link":"https:\/\/orise.com\/de\/sap\/sap-consulting-2\/","title":{"rendered":"SAP Consulting"},"content":{"rendered":"<div id=\"pageheader-block_6b7b61fdf92892d6d9ae90284d14c2d8\" class=\"content-row content-row-pageheader bg-base\t\tcontent-row-pageheader-anchor   pageheader\">\n        <div class=\"contentPart-fixed\">\n        <div class=\"contentPart-inner\">\n            <div class=\"contentPart-text width-100\">\n                <h1>\n                                        SAP Consulting und Prozessoptimierung                                    <\/h1>\n                <h2 class=\"trans\">\n                                        SAP Prozessoptimierung ist unser Kernthema \u2013 als SAP Beratungshaus und SAP Gold Partner unterst\u00fctzen wir Sie bei der Weiterentwicklung ihrer IT-Kernprozesse                                    <\/h2>\n                                                <div class=\"anchor_links-wrapper trans\">\n                                        <div class=\"anchor_link-item trans\">\n                        <div class=\"anchor_link-item-inner\">\n                            <a class=\"anchorlink\" data-subtab=\"\"\n                                data-anchor=\"#leistung\"\n                                href=\"#\">Unsere Leistungen<\/a>\n                        <\/div>\n                    <\/div>\n                                        <div class=\"anchor_link-item trans\">\n                        <div class=\"anchor_link-item-inner\">\n                            <a class=\"anchorlink\" data-subtab=\"\"\n                                data-anchor=\"#uns\"\n                                href=\"#\">\u00dcber uns<\/a>\n                        <\/div>\n                    <\/div>\n                                        <div class=\"anchor_link-item trans\">\n                        <div class=\"anchor_link-item-inner\">\n                            <a class=\"anchorlink\" data-subtab=\"\"\n                                data-anchor=\"#kontakt\"\n                                href=\"#\">Jetzt Beratung anfragen<\/a>\n                        <\/div>\n                    <\/div>\n                                    <\/div>\n                            <\/div>\n        <\/div>\n    <\/div>\n    <div class=\"slidedown-button editor-hide\">\n        <span class=\"slidedown-label\">Mehr erfahren<\/span>\n        <img decoding=\"async\" src=\"https:\/\/orise.com\/wp-content\/themes\/ats-orise\/img\/doubble-arrow-down.svg\" alt=\"\"\n            class=\"slidedown-icon\">\n    <\/div>\n<\/div>\n\n\n\n    <div id=\"image_banner-block_8485461a2b468542e851b6aaf93a6e03\" class=\"content-row content-row-imagebanner trans bg-base image_banner test\">\n                    <div class=\"image-slogan\">\n                <p>SAP Beratung f\u00fcr Prozessoptimierung, Moduloptimierung und digitale Transformation<\/p>\n            <\/div>\n                                                    <div class=\"image-overlay\"><\/div>\n                        <img decoding=\"async\" src=\"https:\/\/orise.com\/wp-content\/uploads\/sites\/71\/2025\/04\/advanced-application-20200127-0008k.jpg?w=1280&#038;h=1&#038;crop=1\" alt=\"\" class=\"fullscreen\">\n            <\/div>\n\n\n\n<div id=\"leistungen\" class=\"content-row anchortarget trans anchortarget\">\n    <h3 class=\"editorInfo\">#leistungen<\/h3>\n<\/div>\n\n<div id=\"content_carousel-block_78927e5ca553801da7e14c5b2f4b8c85\"\n    class=\"content-row content-row-imagetext_carousel content-row-content_carousel trans background_darken content_carousel\">\n    <div class=\"contentPart-inner\">\n        <div class=\"Infoline\">\n            <p>Unsere SAP Consulting Leistungen im Detail<\/p>\n        <\/div>\n        <div class=\"subline\">\n            <p><\/p>\n            <div class=\"content_carousel-arrows\">\n                <div class=\"scroll-arrow scroll-left editor-hide\"><img decoding=\"async\"\n                        src=\"https:\/\/orise.com\/wp-content\/themes\/ats-orise\/img\/keyboard_arrow_left.svg\"\n                        class=\"sliderarrow\" alt=\"\">\n                <\/div>\n                <div class=\"scroll-arrow scroll-right editor-hide\"><img decoding=\"async\"\n                        src=\"https:\/\/orise.com\/wp-content\/themes\/ats-orise\/img\/keyboard_arrow_right.svg\"\n                        class=\"sliderarrow\" alt=\"\">\n                <\/div>\n            <\/div>\n        <\/div>\n        <div class=\"content_carousel-slider\">\n                        <div class=\"content_carousel-item\">\n                <div class=\"content_carousel-item-inner\">\n                    <div class=\"contentPart-image\">\n                        <div class=\"imagetext_carousel-item-inner\">\n                            <div class=\"content_carousel-item-imagebox\">\n                                \n                                                                <img decoding=\"async\" src=\"https:\/\/orise.com\/wp-content\/uploads\/sites\/71\/2025\/07\/Lean-Management-COnsulting.png?w=600&#038;h=600&#038;crop=1\"\n                                    alt=\"\" class=\"content_carousel-img\">\n                                                            <\/div>\n                        <\/div>\n                    <\/div>\n                    <div class=\"contentPart-text\">\n                        <h2>\n                             Prozessoptimierung &amp; Lean Process Management                        <\/h2>\n                        <h4>Analyse und Neugestaltung Ihrer Gesch\u00e4ftsprozesse &lt;br&gt; Fit-to-Standard und Fit-Gap Workshops &lt;br&gt; Integration von Lean Management-Ans\u00e4tzen<\/h4>\n                        <div class=\"imagetext_carousel-item-textbox\">\n                                                    <\/div>\n                                                                    <\/div>\n                <\/div>\n            <\/div>\n                        <div class=\"content_carousel-item\">\n                <div class=\"content_carousel-item-inner\">\n                    <div class=\"contentPart-image\">\n                        <div class=\"imagetext_carousel-item-inner\">\n                            <div class=\"content_carousel-item-imagebox\">\n                                \n                                                                <img decoding=\"async\" src=\"https:\/\/orise.com\/wp-content\/uploads\/sites\/71\/2025\/05\/55.png?w=600&#038;h=600&#038;crop=1\"\n                                    alt=\"\" class=\"content_carousel-img\">\n                                                            <\/div>\n                        <\/div>\n                    <\/div>\n                    <div class=\"contentPart-text\">\n                        <h2>\n                            Moduloptimierung &amp; Einf\u00fchrung neuer Module                        <\/h2>\n                        <h4>Optimierung bestehender SAP-Module: Einf\u00fchrung neuer Module inkl. Anbindung an verschiedenste SAP Cloud Solutions (z.B. SAP BTP, CX, etc.) oder L\u00f6sungen anderer Cloud Anbieter (z.B. Microsoft, AWS, etc.)<\/h4>\n                        <div class=\"imagetext_carousel-item-textbox\">\n                                                    <\/div>\n                                                                    <\/div>\n                <\/div>\n            <\/div>\n                        <div class=\"content_carousel-item\">\n                <div class=\"content_carousel-item-inner\">\n                    <div class=\"contentPart-image\">\n                        <div class=\"imagetext_carousel-item-inner\">\n                            <div class=\"content_carousel-item-imagebox\">\n                                \n                                                                <img decoding=\"async\" src=\"https:\/\/orise.com\/wp-content\/uploads\/sites\/71\/2025\/05\/4_1cc9e4.png?w=600&#038;h=600&#038;crop=1\"\n                                    alt=\"\" class=\"content_carousel-img\">\n                                                            <\/div>\n                        <\/div>\n                    <\/div>\n                    <div class=\"contentPart-text\">\n                        <h2>\n                            SAP Entwicklung &amp; Custom Development                        <\/h2>\n                        <h4>Individuelle Erweiterungen und Eigenentwicklungen  &lt;br&gt;Technische Umsetzung Ihrer Anforderungen mit SAP Standards<\/h4>\n                        <div class=\"imagetext_carousel-item-textbox\">\n                                                    <\/div>\n                                                                    <\/div>\n                <\/div>\n            <\/div>\n                        <div class=\"content_carousel-item\">\n                <div class=\"content_carousel-item-inner\">\n                    <div class=\"contentPart-image\">\n                        <div class=\"imagetext_carousel-item-inner\">\n                            <div class=\"content_carousel-item-imagebox\">\n                                \n                                                                <img decoding=\"async\" src=\"https:\/\/orise.com\/wp-content\/uploads\/sites\/71\/2025\/05\/Website-Icons-2.png?w=600&#038;h=600&#038;crop=1\"\n                                    alt=\"\" class=\"content_carousel-img\">\n                                                            <\/div>\n                        <\/div>\n                    <\/div>\n                    <div class=\"contentPart-text\">\n                        <h2>\n                            SAP Fiori Einf\u00fchrung &amp; Optimierung                        <\/h2>\n                        <h4>Einf\u00fchrung moderner Benutzeroberfl\u00e4chen: Optimierung bestehender Fiori-Apps f\u00fcr bessere Usability<\/h4>\n                        <div class=\"imagetext_carousel-item-textbox\">\n                                                    <\/div>\n                                                                    <\/div>\n                <\/div>\n            <\/div>\n                        <div class=\"content_carousel-item\">\n                <div class=\"content_carousel-item-inner\">\n                    <div class=\"contentPart-image\">\n                        <div class=\"imagetext_carousel-item-inner\">\n                            <div class=\"content_carousel-item-imagebox\">\n                                \n                                                                <img decoding=\"async\" src=\"https:\/\/orise.com\/wp-content\/uploads\/sites\/71\/2025\/05\/Website-Icons-1-3.png?w=600&#038;h=600&#038;crop=1\"\n                                    alt=\"\" class=\"content_carousel-img\">\n                                                            <\/div>\n                        <\/div>\n                    <\/div>\n                    <div class=\"contentPart-text\">\n                        <h2>\n                            Key-User-Schulungen &amp; Enablement                        <\/h2>\n                        <h4>Schulung Ihrer Fachbereiche und Key-User: Praxisnahe Trainings f\u00fcr neue Prozesse und Anwendungen<\/h4>\n                        <div class=\"imagetext_carousel-item-textbox\">\n                                                    <\/div>\n                                                                    <\/div>\n                <\/div>\n            <\/div>\n                    <\/div>\n\n\n    <\/div>\n\n<\/div>\n\n\n<div id=\"\u00fcber uns\" class=\"content-row anchortarget trans anchortarget\">\n    <h3 class=\"editorInfo\">#\u00fcber uns<\/h3>\n<\/div>\n\n    <div id=\"textimage-block_08bed7caabda9f55092cfd4890664158\" class=\"content-row content-row-textimage background_blue  textimage\">\n        <div class=\"contentPart-inner\">\n            <div class=\"contentPart-text width-50\">\n                <h2 class=\"trans text-blue \">\n                                            \u00dcber uns \u2013 Ihr SAP Beratungsunternehmen                                                                <span class=\"headline_white\">Ihre Prozesse im Fokus<\/span>\n                                    <\/h2>\n                <div class=\"textInput trans\">\n                                            <p>Als\u00a0<strong>SAP Gold Partner<\/strong>\u00a0mit langj\u00e4hriger Projekterfahrung begleiten wir Unternehmen aus dem Mittelstand und Konzernumfeld bei der digitalen Transformation. Unser Team besteht aus erfahrenen Berater:innen, Entwickler:innen und Prozessspezialist:innen, die SAP nicht nur technisch verstehen, sondern auch strategisch denken.<\/p>\n<p>Wir arbeiten technologieoffen \u2013 ob L\u00f6sungen aus der <strong>SAP Cloud<\/strong> oder Anbindung von <strong>hybriden Architekturen<\/strong>\u00a0\u2013 und entwickeln L\u00f6sungen, die zu Ihrer IT-Strategie passen. Dabei setzen wir auf\u00a0<strong>Lean Process Management<\/strong>, agile Methoden und eine enge Zusammenarbeit mit Ihren Key-Usern und Fachbereichen.<\/p>\n<p>Unsere Mission: SAP verst\u00e4ndlich machen, Prozesse vereinfachen und echten Mehrwert schaffen.<\/p>\n                                    <\/div>\n                                    <div class=\"btnrow btnrow-light bold trans\"><a href=\"https:\/\/orise.com\/de\/sap\/ueber-uns-orise-digital-gmbh\/\" class=\"animateAll\">Mehr \u00fcber Uns<\/a><\/div>\n                                            <\/div>\n            <div class=\"contentPart-image width-50 trans \">\n                                                    <img decoding=\"async\" src=\"https:\/\/orise.com\/wp-content\/uploads\/sites\/71\/2025\/04\/advanced-application-20200127-0037.jpg?w=1024\" alt=\"\" class=\"textbildimg\">\n                            <\/div>\n        <\/div>\n    <\/div>\n\n\n<div id=\"kontakt\" class=\"content-row anchortarget trans anchortarget\">\n    <h3 class=\"editorInfo\">#kontakt<\/h3>\n<\/div>\n\n<div id=\"highlight-box-block_fe2364d4e362d4bd20a31f217b800710\"\n    class=\"content-row content-row-highlightbox trans highlightbox bg-base\">\n    <div class=\"contentPart-inner\">\n        <div class=\"contentPart-text\">\n            <div class=\"contentPart-text-inner\">\n                                <h2>Jetzt SAP Consulting starten \u2013 gemeinsam Prozesse optimieren<\/h2>\n                                                <div class=\"text\">\n                    Sie m\u00f6chten Ihre SAP-Landschaft modernisieren, neue Module einf\u00fchren oder bestehende Prozesse effizienter gestalten? Als SAP Gold Partner und erfahrenes SAP Beratungshaus begleiten wir Sie von der ersten Idee bis zur erfolgreichen Umsetzung.<br><br>\r\n\r\n\ud83d\udd39 <b>Unverbindliches Erstgespr\u00e4ch vereinbaren<\/b>: Lassen Sie uns Ihre Herausforderungen kennenlernen \u2013 wir zeigen Ihnen konkrete L\u00f6sungswege.<br>\r\n\r\n\ud83d\udd39  <b>Digitalisierungsworkshop buchen<\/b>: Gemeinsam analysieren wir Ihre Prozesse und identifizieren Potenziale f\u00fcr Optimierung und Automatisierung.<br>\r\n\r\n\ud83d\udd39  <b>Direkt Kontakt aufnehmen<\/b>: Ob per Formular, E-Mail oder Telefon \u2013 wir sind f\u00fcr Sie da.<br>                <\/div>\n                <div class=\"links\">\n                                                                                                    <a href=\"mailto:service.de-rot@orise.com\">\n                                                <div class=\"icon_wrap\"><img decoding=\"async\" src=\"https:\/\/orise.com\/wp-content\/uploads\/sites\/71\/2025\/04\/alternate_email.svg?w=14&#038;h=1&#038;crop=1\"\n                                alt=\"\" class=\"icon\"><\/div>\n                        <p>Beratung anfordern<\/p>\n                                            <\/a>\n                                                                                                    <a href=\"https:\/\/orise.com\/de\/sap\/digital-transformation\/\">\n                                                <div class=\"icon_wrap\"><img decoding=\"async\" src=\"https:\/\/orise.com\/wp-content\/uploads\/sites\/71\/2025\/07\/Orise_icons_projects.png?w=1080&#038;h=1&#038;crop=1\"\n                                alt=\"\" class=\"icon\"><\/div>\n                        <p>Digitalisierungsworkshop buchen<\/p>\n                                            <\/a>\n                                                                            <\/div>\n            <\/div>\n        <\/div>\n        <div class=\"contentPart-image\">\n                                    <img decoding=\"async\" src=\"https:\/\/orise.com\/wp-content\/uploads\/sites\/71\/2023\/11\/shutterstock_719542471.jpg?w=1000&#038;h=1&#038;crop=1\" alt=\"\"\n                class=\"textbildimg\">\n                    <\/div>\n    <\/div>\n<\/div>\n\n\n    <div id=\"textimage-block_3908c1bac304532af097316eee90e2cb\" class=\"content-row content-row-textimage background_blue  textimage\">\n        <div class=\"contentPart-inner\">\n            <div class=\"contentPart-text width-50\">\n                <h2 class=\"trans text-blue \">\n                                            Ihr Ansprechpartner                                                                <span class=\"headline_white\">Helge Spahr \u00b7 Vice President Consulting<\/span>\n                                    <\/h2>\n                <div class=\"textInput trans\">\n                                            <p>Rheinwaldstra\u00dfe 38<br \/>\n78628 Rottweil<\/p>\n<p>Tel.: 0741 174 416 600<br \/>\nE-Mail: <a href=\"mailto:Service.DE-ROT@orise.com\">marketing.DE-ROT@orise.com<\/a><\/p>\n                                    <\/div>\n                                    <div class=\"btnrow btnrow-light bold trans\"><a href=\"https:\/\/orise.com\/de\/sap\/\" class=\"animateAll\">zur\u00fcck zum SAP Solutions Hub<\/a><\/div>\n                                            <\/div>\n            <div class=\"contentPart-image width-50 trans \">\n                                                    <img decoding=\"async\" src=\"https:\/\/orise.com\/wp-content\/uploads\/sites\/71\/2025\/08\/IMG_0073_bearbeitet.jpeg?w=1024\" alt=\"\" class=\"textbildimg\">\n                            <\/div>\n        <\/div>\n    <\/div>\n\n\n    <div id=\"contactform-block_631adceb40779e5a91672c8588389bc9\" class=\"content-row content-row-contactform  background_darken contactform\">\n        <div class=\"contentPart-inner\">\n\n            <div class=\"contentPart-text width-100\">\n                                    <h2 class=\"text-blue content-row-headline trans\">\n                        Jetzt Kontakt aufnehmen                    <\/h2>\n                            <\/div>\n\n            <div class=\"contactform-wrapper trans\">\n                                    <iframe src=\"https:\/\/go.atsautomation.com\/l\/651873\/2025-06-04\/h7yqym\" class=\"form-iframe form-iframe-contactform\" data-cookieconsent=\"marketing\"><\/iframe>\n                            <\/div>\n\n        <\/div>\n    <\/div>\n","protected":false},"excerpt":{"rendered":"","protected":false},"author":595,"featured_media":0,"parent":22132,"menu_order":0,"comment_status":"closed","ping_status":"closed","template":"","meta":{"_acf_changed":false,"_cr_original_post":"","_cr_replace_post_id":"","_cr_replacing_post_id":"","footnotes":""},"class_list":["post-30528","page","type-page","status-publish","hentry"],"yoast_head":"<!-- This site is optimized with the Yoast SEO Premium plugin v26.8 (Yoast SEO v26.8) - https:\/\/yoast.com\/product\/yoast-seo-premium-wordpress\/ -->\n<title>SAP Consulting | Orise<\/title>\n<meta name=\"robots\" content=\"index, follow, max-snippet:-1, max-image-preview:large, max-video-preview:-1\" \/>\n<link rel=\"canonical\" href=\"https:\/\/orise.com\/de\/sap\/sap-consulting-2\/\" \/>\n<meta property=\"og:locale\" content=\"de_DE\" \/>\n<meta property=\"og:type\" content=\"article\" \/>\n<meta property=\"og:title\" content=\"SAP Consulting\" \/>\n<meta property=\"og:url\" content=\"https:\/\/orise.com\/de\/sap\/sap-consulting-2\/\" \/>\n<meta property=\"og:site_name\" content=\"Orise\" \/>\n<meta property=\"article:modified_time\" content=\"2026-04-29T14:53:32+00:00\" \/>\n<meta name=\"twitter:card\" content=\"summary_large_image\" \/>\n<script type=\"application\/ld+json\" class=\"yoast-schema-graph\">{\"@context\":\"https:\/\/schema.org\",\"@graph\":[{\"@type\":\"WebPage\",\"@id\":\"https:\/\/orise.com\/de\/sap\/sap-consulting-2\/\",\"url\":\"https:\/\/orise.com\/de\/sap\/sap-consulting-2\/\",\"name\":\"SAP Consulting | Orise\",\"isPartOf\":{\"@id\":\"https:\/\/orise.com\/de\/#website\"},\"datePublished\":\"2025-10-10T13:11:23+00:00\",\"dateModified\":\"2026-04-29T14:53:32+00:00\",\"breadcrumb\":{\"@id\":\"https:\/\/orise.com\/de\/sap\/sap-consulting-2\/#breadcrumb\"},\"inLanguage\":\"de-DE\",\"potentialAction\":[{\"@type\":\"ReadAction\",\"target\":[\"https:\/\/orise.com\/de\/sap\/sap-consulting-2\/\"]}]},{\"@type\":\"BreadcrumbList\",\"@id\":\"https:\/\/orise.com\/de\/sap\/sap-consulting-2\/#breadcrumb\",\"itemListElement\":[{\"@type\":\"ListItem\",\"position\":1,\"name\":\"Home\",\"item\":\"https:\/\/orise.com\/de\/\"},{\"@type\":\"ListItem\",\"position\":2,\"name\":\"SAP\",\"item\":\"https:\/\/orise.com\/de\/sap\/\"},{\"@type\":\"ListItem\",\"position\":3,\"name\":\"SAP Consulting\"}]},{\"@type\":\"WebSite\",\"@id\":\"https:\/\/orise.com\/de\/#website\",\"url\":\"https:\/\/orise.com\/de\/\",\"name\":\"Orise\",\"description\":\"Unlock your full potential.\",\"publisher\":{\"@id\":\"https:\/\/orise.com\/de\/#organization\"},\"potentialAction\":[{\"@type\":\"SearchAction\",\"target\":{\"@type\":\"EntryPoint\",\"urlTemplate\":\"https:\/\/orise.com\/de\/?s={search_term_string}\"},\"query-input\":{\"@type\":\"PropertyValueSpecification\",\"valueRequired\":true,\"valueName\":\"search_term_string\"}}],\"inLanguage\":\"de-DE\"},{\"@type\":\"Organization\",\"@id\":\"https:\/\/orise.com\/de\/#organization\",\"name\":\"Orise\",\"url\":\"https:\/\/orise.com\/de\/\",\"logo\":{\"@type\":\"ImageObject\",\"inLanguage\":\"de-DE\",\"@id\":\"https:\/\/orise.com\/de\/#\/schema\/logo\/image\/\",\"url\":\"https:\/\/orise.com\/wp-content\/uploads\/sites\/71\/2025\/04\/cropped-Orise-Circle-Icon-Website-V1-1.png\",\"contentUrl\":\"https:\/\/orise.com\/wp-content\/uploads\/sites\/71\/2025\/04\/cropped-Orise-Circle-Icon-Website-V1-1.png\",\"width\":512,\"height\":512,\"caption\":\"Orise\"},\"image\":{\"@id\":\"https:\/\/orise.com\/de\/#\/schema\/logo\/image\/\"}}]}<\/script>\n<!-- \/ Yoast SEO Premium plugin. -->","yoast_head_json":{"title":"SAP Consulting | Orise","robots":{"index":"index","follow":"follow","max-snippet":"max-snippet:-1","max-image-preview":"max-image-preview:large","max-video-preview":"max-video-preview:-1"},"canonical":"https:\/\/orise.com\/de\/sap\/sap-consulting-2\/","og_locale":"de_DE","og_type":"article","og_title":"SAP Consulting","og_url":"https:\/\/orise.com\/de\/sap\/sap-consulting-2\/","og_site_name":"Orise","article_modified_time":"2026-04-29T14:53:32+00:00","twitter_card":"summary_large_image","schema":{"@context":"https:\/\/schema.org","@graph":[{"@type":"WebPage","@id":"https:\/\/orise.com\/de\/sap\/sap-consulting-2\/","url":"https:\/\/orise.com\/de\/sap\/sap-consulting-2\/","name":"SAP Consulting | Orise","isPartOf":{"@id":"https:\/\/orise.com\/de\/#website"},"datePublished":"2025-10-10T13:11:23+00:00","dateModified":"2026-04-29T14:53:32+00:00","breadcrumb":{"@id":"https:\/\/orise.com\/de\/sap\/sap-consulting-2\/#breadcrumb"},"inLanguage":"de-DE","potentialAction":[{"@type":"ReadAction","target":["https:\/\/orise.com\/de\/sap\/sap-consulting-2\/"]}]},{"@type":"BreadcrumbList","@id":"https:\/\/orise.com\/de\/sap\/sap-consulting-2\/#breadcrumb","itemListElement":[{"@type":"ListItem","position":1,"name":"Home","item":"https:\/\/orise.com\/de\/"},{"@type":"ListItem","position":2,"name":"SAP","item":"https:\/\/orise.com\/de\/sap\/"},{"@type":"ListItem","position":3,"name":"SAP Consulting"}]},{"@type":"WebSite","@id":"https:\/\/orise.com\/de\/#website","url":"https:\/\/orise.com\/de\/","name":"Orise","description":"Unlock your full potential.","publisher":{"@id":"https:\/\/orise.com\/de\/#organization"},"potentialAction":[{"@type":"SearchAction","target":{"@type":"EntryPoint","urlTemplate":"https:\/\/orise.com\/de\/?s={search_term_string}"},"query-input":{"@type":"PropertyValueSpecification","valueRequired":true,"valueName":"search_term_string"}}],"inLanguage":"de-DE"},{"@type":"Organization","@id":"https:\/\/orise.com\/de\/#organization","name":"Orise","url":"https:\/\/orise.com\/de\/","logo":{"@type":"ImageObject","inLanguage":"de-DE","@id":"https:\/\/orise.com\/de\/#\/schema\/logo\/image\/","url":"https:\/\/orise.com\/wp-content\/uploads\/sites\/71\/2025\/04\/cropped-Orise-Circle-Icon-Website-V1-1.png","contentUrl":"https:\/\/orise.com\/wp-content\/uploads\/sites\/71\/2025\/04\/cropped-Orise-Circle-Icon-Website-V1-1.png","width":512,"height":512,"caption":"Orise"},"image":{"@id":"https:\/\/orise.com\/de\/#\/schema\/logo\/image\/"}}]}},"acf":[],"_links":{"self":[{"href":"https:\/\/orise.com\/de\/wp-json\/wp\/v2\/pages\/30528","targetHints":{"allow":["GET"]}}],"collection":[{"href":"https:\/\/orise.com\/de\/wp-json\/wp\/v2\/pages"}],"about":[{"href":"https:\/\/orise.com\/de\/wp-json\/wp\/v2\/types\/page"}],"author":[{"embeddable":true,"href":"https:\/\/orise.com\/de\/wp-json\/wp\/v2\/users\/595"}],"replies":[{"embeddable":true,"href":"https:\/\/orise.com\/de\/wp-json\/wp\/v2\/comments?post=30528"}],"version-history":[{"count":10,"href":"https:\/\/orise.com\/de\/wp-json\/wp\/v2\/pages\/30528\/revisions"}],"predecessor-version":[{"id":36580,"href":"https:\/\/orise.com\/de\/wp-json\/wp\/v2\/pages\/30528\/revisions\/36580"}],"up":[{"embeddable":true,"href":"https:\/\/orise.com\/de\/wp-json\/wp\/v2\/pages\/22132"}],"wp:attachment":[{"href":"https:\/\/orise.com\/de\/wp-json\/wp\/v2\/media?parent=30528"}],"curies":[{"name":"wp","href":"https:\/\/api.w.org\/{rel}","templated":true}]}}