{"id":3118,"date":"2021-12-10T11:19:47","date_gmt":"2021-12-10T11:19:47","guid":{"rendered":"https:\/\/vipgo.atsautomation.com\/pas\/?page_id=3118"},"modified":"2025-05-12T15:01:34","modified_gmt":"2025-05-12T15:01:34","slug":"facts-solutions","status":"publish","type":"page","link":"https:\/\/orise.com\/de\/digital-products\/facts-solutions\/","title":{"rendered":"Data Management Platform"},"content":{"rendered":"<div id=\"pageheader-block_bbf64cdf34551454d5a02d121b6cfc7a\" class=\"content-row content-row-pageheader bg-base\t\tcontent-row-pageheader-anchor   pageheader\">\n        <div class=\"contentPart-fixed\">\n        <div class=\"contentPart-inner\">\n            <div class=\"contentPart-text width-100\">\n                <h1>\n                                        Data Management Platform                                    <\/h1>\n                <h2 class=\"trans\">\n                                        Entschl\u00fcsseln Sie Ihre Produktion und steigern Sie die betriebliche Leistung                                    <\/h2>\n                                                <div class=\"anchor_links-wrapper trans\">\n                                        <div class=\"anchor_link-item trans\">\n                        <div class=\"anchor_link-item-inner\">\n                            <a class=\"anchorlink\" data-subtab=\"\"\n                                data-anchor=\"#benefits\"\n                                href=\"#\">Ihre Vorteile<\/a>\n                        <\/div>\n                    <\/div>\n                                        <div class=\"anchor_link-item trans\">\n                        <div class=\"anchor_link-item-inner\">\n                            <a class=\"anchorlink\" data-subtab=\"\"\n                                data-anchor=\"#solution\"\n                                href=\"#\">Unsere IoT-L\u00f6sung<\/a>\n                        <\/div>\n                    <\/div>\n                                        <div class=\"anchor_link-item trans\">\n                        <div class=\"anchor_link-item-inner\">\n                            <a class=\"anchorlink\" data-subtab=\"\"\n                                data-anchor=\"#technology\"\n                                href=\"#\">Die Technologie<\/a>\n                        <\/div>\n                    <\/div>\n                                        <div class=\"anchor_link-item trans\">\n                        <div class=\"anchor_link-item-inner\">\n                            <a class=\"anchorlink\" data-subtab=\"\"\n                                data-anchor=\"#implementation\"\n                                href=\"#\">Smarte Umsetzung<\/a>\n                        <\/div>\n                    <\/div>\n                                    <\/div>\n                            <\/div>\n        <\/div>\n    <\/div>\n    <div class=\"slidedown-button editor-hide\">\n        <span class=\"slidedown-label\">Mehr erfahren<\/span>\n        <img decoding=\"async\" src=\"https:\/\/orise.com\/wp-content\/themes\/ats-orise\/img\/doubble-arrow-down.svg\" alt=\"\"\n            class=\"slidedown-icon\">\n    <\/div>\n<\/div>\n\n\n\n    <div id=\"image_banner-block_7a8d7a3431646a012d2d65510fe2429e\" class=\"content-row content-row-imagebanner trans  image_banner test\">\n                                                <img decoding=\"async\" src=\"https:\/\/orise.com\/wp-content\/uploads\/sites\/71\/2021\/12\/Solutions-PAFacts.jpg?w=1920&#038;h=0&#038;crop=1\" alt=\"PA Facts \" class=\"fullscreen\">\n            <\/div>\n\n\n\n<div id=\"benefits\" class=\"content-row anchortarget trans anchortarget\">\n    <h3 class=\"editorInfo\">#benefits<\/h3>\n<\/div>\n\n    <div id=\"singletext-block_00da3b83c9cc2c54658c37f0e81e700e\" class=\"content-row content-row-singletext background_darken   singletext\">\n        <div class=\"contentPart-inner\">\n            <div class=\"contentPart-text width-100\">\n                <h2 class=\" content-row-headline trans\">\n                                    <\/h2>\n                <div class=\"contentPart-textbox textInput trans\">\n                    <ul>\n<li>F\u00fchren Sie Ihre Gesch\u00e4fte auf der Grundlage qualitativ hochwertiger Daten. Integrierte, verkn\u00fcpfte und kontextualisierte Daten. Identifizieren Sie TEEP oder OEE und erhalten Sie die n\u00f6tigen Einblicke.<\/li>\n<li>Steuern Sie Ihre Entscheidungen und Ma\u00dfnahmen, global und in Echtzeit. Machen Sie Erkenntnisse umsetzbar.<\/li>\n<li>Nutzen Sie Ihre gesamte vorhandene Infrastruktur, Hardware und Systeme. Selbst wenn diese veraltet, starr und fragmentiert sind. Oder nutzen Sie neue innovative Technologien.<\/li>\n<li>Heben Sie versteckte Werte. Verbessern Sie Ihre wichtigsten Leistungsindikatoren und machen Sie sie sichtbar.<\/li>\n<\/ul>\n                <\/div>\n            <\/div>\n        <\/div>\n    <\/div>\n\n\n<div id=\"solution\" class=\"content-row anchortarget trans anchortarget\">\n    <h3 class=\"editorInfo\">#solution<\/h3>\n<\/div>\n\n    <div id=\"imagetext_textvariation-block_2f4d1ec19217016dd4198ad1e37c3519\" class=\"content-row content-row-textvariation background_blue    textvariation\">\n        <div class=\"contentPart-inner\">\n            <div class=\"contentPart-text\">\n                                    <h2 class=\"text-blue content-row-headline trans\">\n                        Orise Digital&#8217;s Data Management Platform ist eine intelligente, skalierbare IoT-L\u00f6sung f\u00fcr die intelligente Fertigung.                    <\/h2>\n                                                    <div class=\"subline trans\">\n                        Data Management Platform ist f\u00fcr Industrieunternehmen gemacht, die ihre Produktion in die Zukunft f\u00fchren wollen. Unsere IoT-L\u00f6sung integriert Daten aus allen Quellen, verbindet verschiedene Systeme und kontextualisiert Ihre Produktionsdaten. <br \/>\r\n<br \/>\r\nFacts macht sich Ihre bestehenden IT- und OT-Systeme zunutze und verbindet Ihre physische Fertigung mit der IT-Welt, um die Effektivit\u00e4t und Effizienz Ihrer Produktion kontinuierlich zu steigern.                    <\/div>\n                            <\/div>\n                                <\/div>\n                    <\/div>\n\n\n\n    <div id=\"image_banner-block_9d3c81c365358a82653f76a9b1a5c248\" class=\"content-row content-row-imagebanner trans background_darken image_banner test\">\n                                                <img decoding=\"async\" src=\"https:\/\/orise.com\/wp-content\/uploads\/sites\/71\/2025\/04\/orise-digitalization-image.png?w=1920&#038;h=0&#038;crop=1\" alt=\"\" class=\"fullscreen\">\n            <\/div>\n\n\n\n<div id=\"stepbox-block_181d018ae42224688a394741c462b6f4\" class=\"content-row content-row-stepbox background_darken stepbox\">\n    <div class=\"contentPart-inner\">\n        <div class=\"contentPart-text width-60\">\n                        <h2 class=\"content-row-headline trans\">\n                Orise verf\u00fcgt \u00fcber jahrelanges, umfangreiches Fachwissen. <br \/>\r\nUnd diese stecken in Facts.            <\/h2>\n                                            <\/div>\n                <div class=\"steps-wrapper\">\n                                                <div class=\"step-item trans\">\n                                                <div class=\"index\">\n                    <p>1<\/p>\n                <\/div>\n                                <div class=\"step-item-inner\">\n                    <h3>\n                                                Best practices.                                            <\/h3>\n                    <div class=\"contentPart-textbox width-100 textInput\">\n                        <p>&nbsp;<\/p>\n<p>Profitieren Sie von sofort einsetzbaren Best-Practice-L\u00f6sungen f\u00fcr Ihre Branche, z. B. f\u00fcr Production Performance oder Energiemanagement.<\/p>\n                    <\/div>\n                                                        <\/div>\n            <\/div>\n                                                            <div class=\"step-item trans\">\n                                                <div class=\"index\">\n                    <p>2<\/p>\n                <\/div>\n                                <div class=\"step-item-inner\">\n                    <h3>\n                                                Customize.                                            <\/h3>\n                    <div class=\"contentPart-textbox width-100 textInput\">\n                        <p>&nbsp;<\/p>\n<p>Nutzen Sie Out-of-the-Box-L\u00f6sungen und passen Sie diese an Ihre Bed\u00fcrfnisse und Anforderungen an. PA-Experten unterst\u00fctzen Sie mit Fach-, IT- und OT-Know-how.<\/p>\n                    <\/div>\n                                                        <\/div>\n            <\/div>\n                                                            <div class=\"step-item trans\">\n                                                <div class=\"index\">\n                    <p>3<\/p>\n                <\/div>\n                                <div class=\"step-item-inner\">\n                    <h3>\n                                                Create your own.                                            <\/h3>\n                    <div class=\"contentPart-textbox width-100 textInput\">\n                        <p>&nbsp;<\/p>\n<p>Erstellen Sie Ihre eigene L\u00f6sung auf Basis von PA Facts, die sich nahtlos in Ihre IT-Landschaft einf\u00fcgt.<\/p>\n                    <\/div>\n                                                        <\/div>\n            <\/div>\n                                                            <div class=\"step-item trans\">\n                                                <div class=\"index\">\n                    <p>4<\/p>\n                <\/div>\n                                <div class=\"step-item-inner\">\n                    <h3>\n                                                Scale.                                            <\/h3>\n                    <div class=\"contentPart-textbox width-100 textInput\">\n                        <p>&nbsp;<\/p>\n<p>Auf der Grundlage standardisierter Produkte und Prozesse skalieren Sie schnell \u00fcber verschiedene Anlagen, Standorte und L\u00e4nder hinweg.<\/p>\n                    <\/div>\n                                                        <\/div>\n            <\/div>\n                                <\/div>\n        <div class=\"steps-buttons\">\n                                                                                                                                                                    <\/div>\n            <\/div>\n<\/div>\n\n\n<div id=\"technology\" class=\"content-row anchortarget trans anchortarget\">\n    <h3 class=\"editorInfo\">#technology<\/h3>\n<\/div>\n\n    <div id=\"imagetext_textvariation-block_bb316451d03cd07d44330b2f08873500\" class=\"content-row content-row-textvariation background_blue    textvariation\">\n        <div class=\"contentPart-inner\">\n            <div class=\"contentPart-text\">\n                                    <h2 class=\"text-blue content-row-headline trans\">\n                        Data Management Platform basiert auf modernster und zukunftssicherer Technologie                    <\/h2>\n                                            <\/div>\n                            <div class=\"contentPart-textbox width-50 textInput trans\">\n                    <ul>\n<li><strong>Cloud-basiert.<\/strong><br \/>\nDie Cloud ist auf dem Vormarsch, auch im operativen Bereich. Um wettbewerbsf\u00e4hig zu bleiben, sind mehr und mehr Automationsl\u00f6sungen bereit f\u00fcr die Cloud. Wir bieten die Optionen einer reinen Cloud- oder einer hybriden L\u00f6sung.<\/li>\n<li><strong>Microsoft Azure Technologie im Inneren.<\/strong><br \/>\nOrise ist MS Azure Partner. Wir nutzen den modernsten Technologie-Stack von Azure. Damit ist Data Management Platform zukunftssicher und kann neueste digitale Innovationen, wie z.B. der KI-Technologie, nutzen.<\/li>\n<\/ul>\n                <\/div>\n                                        <div class=\"contentPart-textbox contentPart-textbox_2 textInput width-50 trans\">\n                    <ul>\n<li><strong>H\u00f6chste Sicherheitsstandards.<\/strong><br \/>\nMit branchenf\u00fchrender Technologie k\u00f6nnen wir die fortschrittlichsten Sicherheitstechnologien einsetzen.<\/li>\n<li><strong>Integrieren Sie Daten aus der gesamten Pyramide.<\/strong><br \/>\nMit Facts k\u00f6nnen Sie endlich auf alle Datenquellen Ihrer Produktion zugreifen. Von Maschinen- und Anlagendaten bis hin zu SPS, DCS, Scada, MES, ERP und zahlreichen anderen Datenquellen.<\/li>\n<\/ul>\n                <\/div>\n                    <\/div>\n                    <\/div>\n\n\n<div id=\"implementation\" class=\"content-row anchortarget trans anchortarget\">\n    <h3 class=\"editorInfo\">#implementation<\/h3>\n<\/div>\n\n    <div id=\"imagetext_textvariation-block_be6c08358b35658f8d96fcfe875d3b5d\" class=\"content-row content-row-textvariation background_darken    textvariation\">\n        <div class=\"contentPart-inner\">\n            <div class=\"contentPart-text\">\n                                    <h2 class=\"text-blue content-row-headline trans\">\n                        Digitalisierung schnell vorantreiben: Intelligent starten, schnell skalieren                    <\/h2>\n                                            <\/div>\n                            <div class=\"contentPart-textbox width-50 textInput trans\">\n                    <h3>Mit Data Management Platform beschleunigen Sie Ihre Digitalisierung:<\/h3>\n<ul>\n<li>W\u00e4hrend andere den Proof of Concept machen, realisieren wir bereits die L\u00f6sung und starten mit einem Minimum Viable Product. (MVP)<\/li>\n<li>W\u00e4hrend andere eine strategische Entscheidung verlangen und Sie an sich binden, bleiben Sie bei uns unabh\u00e4ngig. Und Sie bleiben Eigent\u00fcmer sowohl Ihrer Daten als auch der L\u00f6sung.<\/li>\n<li>W\u00e4hrend andere nur langsam hinzuf\u00fcgen k\u00f6nnen und sich auf Schritt-f\u00fcr-Schritt beschr\u00e4nken, wissen wir, wie man OT beherrscht, multipliziert und schnell skaliert.<\/li>\n<\/ul>\n                <\/div>\n                                <\/div>\n                    <\/div>\n\n\n    <div id=\"imagetext_textvariation-block_a3ce4d1829b688b4b1186bf41cc3ede8\" class=\"content-row content-row-textvariation background_blue    textvariation\">\n        <div class=\"contentPart-inner\">\n            <div class=\"contentPart-text\">\n                                    <h2 class=\"text-blue content-row-headline trans\">\n                        Case Study Akzo Nobel &#8211; Verbesserung der OEE mit einer digitalen L\u00f6sung                    <\/h2>\n                                            <\/div>\n                            <div class=\"contentPart-textbox width-50 textInput trans\">\n                                    <\/div>\n                                        <div class=\"contentPart-textbox contentPart-textbox_2 textInput width-50 trans\">\n                    <p>AkzoNobel verbessert seine OEE mit dem Performance Portal, einer modernen IoT-L\u00f6sung von Orise Digital. Ein herausragendes Beispiel f\u00fcr die Digitalisierung im Betrieb.<\/p>\n<p>&nbsp;<\/p>\n<p>Erfahren Sie mehr \u00fcber den Ansatz von AkzoNobel und die Erfolgsfaktoren der Implementierung in unserem Orise Case Study Video.<\/p>\n                <\/div>\n                    <\/div>\n                    <\/div>\n\n\n    <div id=\"textimage-block_ab02c52dc4c2c89975b9b204922abacd\" class=\"content-row content-row-textimage background_darken  textimage\">\n        <div class=\"contentPart-inner\">\n            <div class=\"contentPart-text width-50\">\n                <h2 class=\"trans text-blue \">\n                                            Entdecken Sie Data Management Platform                                                        <\/h2>\n                <div class=\"textInput trans\">\n                                            <p>Facts hilft Ihnen, Ihre Produktivit\u00e4t zu steigern. Unsere Demo zeigt Ihnen, wie Facts in der Praxis funktioniert. Entdecken Sie echte Anwendungsf\u00e4lle. Finden Sie heraus, wie einfach es ist, Transparenz zu schaffen, die Daten aufzuschl\u00fcsseln, Einblicke zu gewinnen und diese in die Praxis umzusetzen.<\/p>\n<p>&nbsp;<\/p>\n<p>&nbsp;<\/p>\n<div style=\"color: #0090d2\"><strong>Fordern Sie jetzt \u00fcber das Kontaktformular Ihre Demo an!<\/strong><\/div>\n                                    <\/div>\n                                            <\/div>\n            <div class=\"contentPart-image width-50 trans \">\n                                                    <img decoding=\"async\" src=\"https:\/\/orise.com\/wp-content\/uploads\/sites\/71\/2021\/12\/webinar-pafacts.jpg?w=1000\" alt=\"Drive your operational performance with PA Facts\" class=\"textbildimg\">\n                            <\/div>\n        <\/div>\n    <\/div>\n\n\n    <div id=\"contactform-block_3d6b7fafebeb7da6a65581225ff67875\" class=\"content-row content-row-contactform  background_darken contactform\">\n        <div class=\"contentPart-inner\">\n\n            <div class=\"contentPart-text width-100\">\n                                    <h2 class=\"text-blue content-row-headline trans\">\n                        Jetzt Demo-Termin vereinbaren!<br \/>\r\nNutzen Sie unser Kontaktformular, um PA Facts kennenzulernen.<br \/>\r\n                    <\/h2>\n                            <\/div>\n\n            <div class=\"contactform-wrapper trans\">\n                                    <iframe src=\"https:\/\/go.atsautomation.com\/l\/651873\/2025-03-11\/h7r8zq\" class=\"form-iframe form-iframe-contactform\" data-cookieconsent=\"marketing\"><\/iframe>\n                            <\/div>\n\n        <\/div>\n    <\/div>\n","protected":false},"excerpt":{"rendered":"","protected":false},"author":166,"featured_media":0,"parent":24373,"menu_order":1,"comment_status":"closed","ping_status":"closed","template":"","meta":{"_acf_changed":false,"_cr_original_post":"2230","_cr_replace_post_id":"","_cr_replacing_post_id":"","footnotes":""},"class_list":["post-3118","page","type-page","status-publish","hentry"],"yoast_head":"<!-- This site is optimized with the Yoast SEO Premium plugin v26.8 (Yoast SEO v26.8) - https:\/\/yoast.com\/product\/yoast-seo-premium-wordpress\/ -->\n<title>Data Management Platform | Orise Digital<\/title>\n<meta name=\"description\" content=\"Data Management Platform ist die IoT-L\u00f6sung f\u00fcr die Prozess- und diskrete Industrie und bietet Konnektivit\u00e4t und Datenintegration von Sensoren, IT- und OT-Systemen.\" \/>\n<meta name=\"robots\" content=\"index, follow, max-snippet:-1, max-image-preview:large, max-video-preview:-1\" \/>\n<link rel=\"canonical\" href=\"https:\/\/orise.com\/de\/digital-products\/facts-solutions\/\" \/>\n<meta property=\"og:locale\" content=\"de_DE\" \/>\n<meta property=\"og:type\" content=\"article\" \/>\n<meta property=\"og:title\" content=\"Data Management Platform\" \/>\n<meta property=\"og:description\" content=\"Data Management Platform ist die IoT-L\u00f6sung f\u00fcr die Prozess- und diskrete Industrie und bietet Konnektivit\u00e4t und Datenintegration von Sensoren, IT- und OT-Systemen.\" \/>\n<meta property=\"og:url\" content=\"https:\/\/orise.com\/de\/digital-products\/facts-solutions\/\" \/>\n<meta property=\"og:site_name\" content=\"Orise\" \/>\n<meta property=\"article:modified_time\" content=\"2025-05-12T15:01:34+00:00\" \/>\n<meta name=\"twitter:card\" content=\"summary_large_image\" \/>\n<script type=\"application\/ld+json\" class=\"yoast-schema-graph\">{\"@context\":\"https:\/\/schema.org\",\"@graph\":[{\"@type\":\"WebPage\",\"@id\":\"https:\/\/orise.com\/de\/digital-products\/facts-solutions\/\",\"url\":\"https:\/\/orise.com\/de\/digital-products\/facts-solutions\/\",\"name\":\"Data Management Platform | Orise Digital\",\"isPartOf\":{\"@id\":\"https:\/\/orise.com\/de\/#website\"},\"datePublished\":\"2021-12-10T11:19:47+00:00\",\"dateModified\":\"2025-05-12T15:01:34+00:00\",\"description\":\"Data Management Platform ist die IoT-L\u00f6sung f\u00fcr die Prozess- und diskrete Industrie und bietet Konnektivit\u00e4t und Datenintegration von Sensoren, IT- und OT-Systemen.\",\"breadcrumb\":{\"@id\":\"https:\/\/orise.com\/de\/digital-products\/facts-solutions\/#breadcrumb\"},\"inLanguage\":\"de-DE\",\"potentialAction\":[{\"@type\":\"ReadAction\",\"target\":[\"https:\/\/orise.com\/de\/digital-products\/facts-solutions\/\"]}]},{\"@type\":\"BreadcrumbList\",\"@id\":\"https:\/\/orise.com\/de\/digital-products\/facts-solutions\/#breadcrumb\",\"itemListElement\":[{\"@type\":\"ListItem\",\"position\":1,\"name\":\"Home\",\"item\":\"https:\/\/orise.com\/de\/\"},{\"@type\":\"ListItem\",\"position\":2,\"name\":\"Digital Products\",\"item\":\"https:\/\/orise.com\/de\/digital-products\/\"},{\"@type\":\"ListItem\",\"position\":3,\"name\":\"Data Management Platform\"}]},{\"@type\":\"WebSite\",\"@id\":\"https:\/\/orise.com\/de\/#website\",\"url\":\"https:\/\/orise.com\/de\/\",\"name\":\"Orise\",\"description\":\"Unlock your full potential.\",\"publisher\":{\"@id\":\"https:\/\/orise.com\/de\/#organization\"},\"potentialAction\":[{\"@type\":\"SearchAction\",\"target\":{\"@type\":\"EntryPoint\",\"urlTemplate\":\"https:\/\/orise.com\/de\/?s={search_term_string}\"},\"query-input\":{\"@type\":\"PropertyValueSpecification\",\"valueRequired\":true,\"valueName\":\"search_term_string\"}}],\"inLanguage\":\"de-DE\"},{\"@type\":\"Organization\",\"@id\":\"https:\/\/orise.com\/de\/#organization\",\"name\":\"Orise\",\"url\":\"https:\/\/orise.com\/de\/\",\"logo\":{\"@type\":\"ImageObject\",\"inLanguage\":\"de-DE\",\"@id\":\"https:\/\/orise.com\/de\/#\/schema\/logo\/image\/\",\"url\":\"https:\/\/orise.com\/wp-content\/uploads\/sites\/71\/2025\/04\/cropped-Orise-Circle-Icon-Website-V1-1.png\",\"contentUrl\":\"https:\/\/orise.com\/wp-content\/uploads\/sites\/71\/2025\/04\/cropped-Orise-Circle-Icon-Website-V1-1.png\",\"width\":512,\"height\":512,\"caption\":\"Orise\"},\"image\":{\"@id\":\"https:\/\/orise.com\/de\/#\/schema\/logo\/image\/\"}}]}<\/script>\n<!-- \/ Yoast SEO Premium plugin. -->","yoast_head_json":{"title":"Data Management Platform | Orise Digital","description":"Data Management Platform ist die IoT-L\u00f6sung f\u00fcr die Prozess- und diskrete Industrie und bietet Konnektivit\u00e4t und Datenintegration von Sensoren, IT- und OT-Systemen.","robots":{"index":"index","follow":"follow","max-snippet":"max-snippet:-1","max-image-preview":"max-image-preview:large","max-video-preview":"max-video-preview:-1"},"canonical":"https:\/\/orise.com\/de\/digital-products\/facts-solutions\/","og_locale":"de_DE","og_type":"article","og_title":"Data Management Platform","og_description":"Data Management Platform ist die IoT-L\u00f6sung f\u00fcr die Prozess- und diskrete Industrie und bietet Konnektivit\u00e4t und Datenintegration von Sensoren, IT- und OT-Systemen.","og_url":"https:\/\/orise.com\/de\/digital-products\/facts-solutions\/","og_site_name":"Orise","article_modified_time":"2025-05-12T15:01:34+00:00","twitter_card":"summary_large_image","schema":{"@context":"https:\/\/schema.org","@graph":[{"@type":"WebPage","@id":"https:\/\/orise.com\/de\/digital-products\/facts-solutions\/","url":"https:\/\/orise.com\/de\/digital-products\/facts-solutions\/","name":"Data Management Platform | Orise Digital","isPartOf":{"@id":"https:\/\/orise.com\/de\/#website"},"datePublished":"2021-12-10T11:19:47+00:00","dateModified":"2025-05-12T15:01:34+00:00","description":"Data Management Platform ist die IoT-L\u00f6sung f\u00fcr die Prozess- und diskrete Industrie und bietet Konnektivit\u00e4t und Datenintegration von Sensoren, IT- und OT-Systemen.","breadcrumb":{"@id":"https:\/\/orise.com\/de\/digital-products\/facts-solutions\/#breadcrumb"},"inLanguage":"de-DE","potentialAction":[{"@type":"ReadAction","target":["https:\/\/orise.com\/de\/digital-products\/facts-solutions\/"]}]},{"@type":"BreadcrumbList","@id":"https:\/\/orise.com\/de\/digital-products\/facts-solutions\/#breadcrumb","itemListElement":[{"@type":"ListItem","position":1,"name":"Home","item":"https:\/\/orise.com\/de\/"},{"@type":"ListItem","position":2,"name":"Digital Products","item":"https:\/\/orise.com\/de\/digital-products\/"},{"@type":"ListItem","position":3,"name":"Data Management Platform"}]},{"@type":"WebSite","@id":"https:\/\/orise.com\/de\/#website","url":"https:\/\/orise.com\/de\/","name":"Orise","description":"Unlock your full potential.","publisher":{"@id":"https:\/\/orise.com\/de\/#organization"},"potentialAction":[{"@type":"SearchAction","target":{"@type":"EntryPoint","urlTemplate":"https:\/\/orise.com\/de\/?s={search_term_string}"},"query-input":{"@type":"PropertyValueSpecification","valueRequired":true,"valueName":"search_term_string"}}],"inLanguage":"de-DE"},{"@type":"Organization","@id":"https:\/\/orise.com\/de\/#organization","name":"Orise","url":"https:\/\/orise.com\/de\/","logo":{"@type":"ImageObject","inLanguage":"de-DE","@id":"https:\/\/orise.com\/de\/#\/schema\/logo\/image\/","url":"https:\/\/orise.com\/wp-content\/uploads\/sites\/71\/2025\/04\/cropped-Orise-Circle-Icon-Website-V1-1.png","contentUrl":"https:\/\/orise.com\/wp-content\/uploads\/sites\/71\/2025\/04\/cropped-Orise-Circle-Icon-Website-V1-1.png","width":512,"height":512,"caption":"Orise"},"image":{"@id":"https:\/\/orise.com\/de\/#\/schema\/logo\/image\/"}}]}},"acf":[],"_links":{"self":[{"href":"https:\/\/orise.com\/de\/wp-json\/wp\/v2\/pages\/3118","targetHints":{"allow":["GET"]}}],"collection":[{"href":"https:\/\/orise.com\/de\/wp-json\/wp\/v2\/pages"}],"about":[{"href":"https:\/\/orise.com\/de\/wp-json\/wp\/v2\/types\/page"}],"author":[{"embeddable":true,"href":"https:\/\/orise.com\/de\/wp-json\/wp\/v2\/users\/166"}],"replies":[{"embeddable":true,"href":"https:\/\/orise.com\/de\/wp-json\/wp\/v2\/comments?post=3118"}],"version-history":[{"count":49,"href":"https:\/\/orise.com\/de\/wp-json\/wp\/v2\/pages\/3118\/revisions"}],"predecessor-version":[{"id":25898,"href":"https:\/\/orise.com\/de\/wp-json\/wp\/v2\/pages\/3118\/revisions\/25898"}],"up":[{"embeddable":true,"href":"https:\/\/orise.com\/de\/wp-json\/wp\/v2\/pages\/24373"}],"wp:attachment":[{"href":"https:\/\/orise.com\/de\/wp-json\/wp\/v2\/media?parent=3118"}],"curies":[{"name":"wp","href":"https:\/\/api.w.org\/{rel}","templated":true}]}}