{"id":3121,"date":"2021-11-18T09:39:59","date_gmt":"2021-11-18T09:39:59","guid":{"rendered":"https:\/\/vipgo.atsautomation.com\/pas\/?page_id=3121"},"modified":"2025-10-15T07:58:31","modified_gmt":"2025-10-15T07:58:31","slug":"co2-neutrale-produktion","status":"publish","type":"page","link":"https:\/\/orise.com\/de\/solutions\/co2-neutrale-produktion\/","title":{"rendered":"CO2-neutrale Produktion"},"content":{"rendered":"<div id=\"pageheader-block_ba5afdaa43dec898fa27b80a54edf6bb\" class=\"content-row content-row-pageheader  pageheader\">\n        <div class=\"contentPart-fixed\">\n        <div class=\"contentPart-inner\">\n            <div class=\"contentPart-text width-100\">\n                <h1>\n                                        CO2-neutrale Produktion                                    <\/h1>\n                <h2 class=\"trans\">\n                                        Der Weg zur CO2-neutralen Produktion                                    <\/h2>\n                                            <\/div>\n        <\/div>\n    <\/div>\n    <div class=\"slidedown-button editor-hide\">\n        <span class=\"slidedown-label\">Mehr erfahren<\/span>\n        <img decoding=\"async\" src=\"https:\/\/orise.com\/wp-content\/themes\/ats-orise\/img\/doubble-arrow-down.svg\" alt=\"\"\n            class=\"slidedown-icon\">\n    <\/div>\n<\/div>\n\n\n\n    <div id=\"image_banner-block_8dfbddea13f6532f7dde666d2d647c14\" class=\"content-row content-row-imagebanner trans  image_banner test\">\n                                                <img decoding=\"async\" src=\"https:\/\/orise.com\/wp-content\/uploads\/sites\/71\/2021\/12\/Solutions-CO2-neutral-production-1.jpg?w=1920&#038;h=0&#038;crop=1\" alt=\"CO2 neutral production\" class=\"fullscreen\">\n            <\/div>\n\n\n\n    <div id=\"imagetext_textvariation-block_52e7f182f452677da71ed8b5cc8d3936\" class=\"content-row content-row-textvariation background_darken    textvariation\">\n        <div class=\"contentPart-inner\">\n            <div class=\"contentPart-text\">\n                                            <\/div>\n                            <div class=\"contentPart-textbox width-50 textInput trans\">\n                    <p>Angesichts des Klimawandels stehen insbesondere Industrieunternehmen vor dramatischen Herausforderungen. Um die CO2-Neutralit\u00e4t in der Produktion zu erreichen, ist die Effizienz der Produktionsanlagen weiter zu verbessern, fossile Energien durch erneuerbare Energien zu ersetzen und die verbliebenen CO2-Emissionen durch Zertifikate zu egalisieren oder noch besser zu kompensieren.<\/p>\n                <\/div>\n                                        <div class=\"contentPart-textbox contentPart-textbox_2 textInput width-50 trans\">\n                    <p>Die Produktion nachhaltiger zu gestalten, geht dabei auch immer mit einer weiteren Digitalisierung Hand in Hand. Das macht diese strategisch wichtigen Projekte so anspruchsvoll.<\/p>\n                <\/div>\n                    <\/div>\n                    <\/div>\n\n\n    <div id=\"imagetext_textvariation-block_194ed1d43afbbcaeae24a07f57a49f3b\" class=\"content-row content-row-textvariation bg-base    textvariation\">\n        <div class=\"contentPart-inner\">\n            <div class=\"contentPart-text\">\n                                    <h2 class=\"text-blue content-row-headline trans\">\n                        Orise ist Ihr Partner \u2013 von der Planung bis zur Realisierung                    <\/h2>\n                                            <\/div>\n                            <div class=\"contentPart-textbox width-50 textInput trans\">\n                    <p>Orise unterst\u00fctzt Industrieunternehmen auf ihrem Weg zu einer zertifizierten CO2-neutralen Produktion. Von der Ist-Analyse bis hin zur Definition und Bewertung der Ma\u00dfnahmen erarbeiten die PA-Experten gemeinsam mit dem Kunden ein Programm zur nachhaltigen Reduktion der CO2-Emissionen bis hin zur CO2-Neutralit\u00e4t.<\/p>\n<p>&nbsp;<\/p>\n<p>Mindestens genauso wichtig ist die Umsetzung dieses Programms in Form einzelner, aufeinander abgestimmter Projekte. Wir sind durch unsere Kompetenz in Prozessoptimierung, Digitalisierung, Automatisierung und Engineering in der Lage, diese Projekte mit hoher Zuverl\u00e4ssigkeit zu realisieren.<\/p>\n<p>&nbsp;<\/p>\n<p>Dies beginnt mit der Erfassung aller Energiedaten und der CO2-Emissionen in einem cloud-basierten Energiemanagementsystem, welches auf der Liste der f\u00f6rderf\u00e4higen Energiemanagementsysteme gef\u00fchrt wird. Weiterhin gilt es, energieeffizienzsteigernde Ma\u00dfnahmen umzusetzen und fossile Energietr\u00e4ger durch gr\u00fcnen Wasserstoff zu substituieren.<\/p>\n                <\/div>\n                                        <div class=\"contentPart-textbox contentPart-textbox_2 textInput width-50 trans\">\n                    <p>Abgerundet wird das Orise-Leistungsportfolio durch unsere Expertise in spezifischem Energieeinkauf und Zertifikatehandel. Ausgewiesene Fachleute beraten von der Identifizierung geeigneter F\u00f6rdermittel bis zu ihrer Beantragung. Eine enge Kooperation mit Auditoren gew\u00e4hrleistet zudem eine reibungslose Zertifizierung.<\/p>\n<p>&nbsp;<\/p>\n<p>Unser Angebot umfasst:<\/p>\n<ul>\n<li>Projektmanagement von Projekten zur CO2-Neutralit\u00e4t<\/li>\n<li>Prozessoptimierung<\/li>\n<li>Elektrotechnik, Instrumentierung, Steuerung und Automatisierung<\/li>\n<li>Automatisierungsl\u00f6sungen<\/li>\n<li>Digitalisierung und digitale L\u00f6sungen (z.B. Energiemanagementsystem)<\/li>\n<\/ul>\n                <\/div>\n                    <\/div>\n                    <\/div>\n\n\n    <div id=\"singletext-block_3afc94f88705fa03ec61e2474e010f83\" class=\"content-row content-row-singletext background_blue   singletext\">\n        <div class=\"contentPart-inner\">\n            <div class=\"contentPart-text width-100\">\n                <h2 class=\" content-row-headline trans\">\n                                    <\/h2>\n                <div class=\"contentPart-textbox textInput trans\">\n                    <h3>Zertifizierte Klimaneutralit\u00e4t als Wettbewerbsvorteil<\/h3>\n<p>Klimaneutralit\u00e4t bietet langfristig erhebliche Wettbewerbsvorteile. Insbesondere wenn sie zertifiziert ist. Orise hat f\u00fchrende Industrieunternehmen bei ihren Vorhaben zur CO2-neutralen Produktion von Anfang an als Partner begleitet. Durch unsere Praxiserfahrung haben wir Best Practices entwickelt, kennen die Herausforderungen und die Erfolgsfaktoren auf dem Weg zur CO2-Neutralit\u00e4t.<\/p>\n                <\/div>\n            <\/div>\n        <\/div>\n    <\/div>\n\n\n\n<div id=\"cta_mailinput-block_50e954cf03dee96c1ffeddc10e5c7a71\"\n    class=\"content-row content-row-textimage content-row-cta_mailinput  cta_mailinput switch-pos No extra styling\">\n    <div class=\"contentPart-inner\">\n        <div class=\"contentPart-text trans\">\n            <h2>\n                                Wie Ihre Produktion klimaneutral wird!                            <\/h2>\n                        <div class=\"textInput\">\n                Sehen Sie sich unser kostenloses Webinar zum Thema &#8222;CO2-neutrale Produktion&#8220; an. Erfahren Sie, wie Unternehmen den Weg zur Klimaneutralit\u00e4t bereits erfolgreich gehen. Lernen Sie von unseren Experten, was in der Umsetzung entscheidend ist.              <\/div>\n            \n                                                            <a href=\"https:\/\/www.youtube.com\/watch?v=QZ5z04BvxeY\" target=\"_blank\"\n                class=\"submitBTN\">On-demand Webinar ansehen<\/a>\n                        \n                    <\/div>\n        <div class=\"contentPart-image width-50 trans \">\n                                    <img decoding=\"async\" src=\"https:\/\/orise.com\/wp-content\/uploads\/sites\/71\/2021\/12\/webinar-co2neutral.jpg?w=1001\" alt=\"CO2 neutral production webinar\"\n                class=\"textbildimg\">\n                    <\/div>\n    <\/div>\n\n<\/div>\n\n\n    <div id=\"contactform-block_93e2bf18243d7775f28ecb799c41f290\" class=\"content-row content-row-contactform  background_darken contactform\">\n        <div class=\"contentPart-inner\">\n\n            <div class=\"contentPart-text width-100\">\n                                    <h2 class=\"text-blue content-row-headline trans\">\n                        Wollen Sie mehr erfahren?<br \/>\r\nKontaktieren Sie unsere Experten!                    <\/h2>\n                            <\/div>\n\n            <div class=\"contactform-wrapper trans\">\n                                    <iframe src=\"https:\/\/go.atsautomation.com\/l\/651873\/2021-12-13\/4vbxy2\" class=\"form-iframe form-iframe-contactform\" data-cookieconsent=\"marketing\"><\/iframe>\n                            <\/div>\n\n        <\/div>\n    <\/div>\n","protected":false},"excerpt":{"rendered":"","protected":false},"author":166,"featured_media":0,"parent":842,"menu_order":10,"comment_status":"closed","ping_status":"closed","template":"","meta":{"_acf_changed":false,"_cr_original_post":"679","_cr_replace_post_id":"","_cr_replacing_post_id":"","footnotes":""},"class_list":["post-3121","page","type-page","status-publish","hentry"],"yoast_head":"<!-- This site is optimized with the Yoast SEO Premium plugin v26.8 (Yoast SEO v26.8) - https:\/\/yoast.com\/product\/yoast-seo-premium-wordpress\/ -->\n<title>CO2-neutrale Produktion | Orise<\/title>\n<meta name=\"description\" content=\"Orise unterst\u00fctzt Unternehmen bei der Realisierung einer klimaneutralen Produktion, von der Planung bis zur Ausf\u00fchrung.\" \/>\n<meta name=\"robots\" content=\"index, follow, max-snippet:-1, max-image-preview:large, max-video-preview:-1\" \/>\n<link rel=\"canonical\" href=\"https:\/\/orise.com\/de\/solutions\/co2-neutrale-produktion\/\" \/>\n<meta property=\"og:locale\" content=\"de_DE\" \/>\n<meta property=\"og:type\" content=\"article\" \/>\n<meta property=\"og:title\" content=\"CO2-neutrale Produktion\" \/>\n<meta property=\"og:description\" content=\"Orise unterst\u00fctzt Unternehmen bei der Realisierung einer klimaneutralen Produktion, von der Planung bis zur Ausf\u00fchrung.\" \/>\n<meta property=\"og:url\" content=\"https:\/\/orise.com\/de\/solutions\/co2-neutrale-produktion\/\" \/>\n<meta property=\"og:site_name\" content=\"Orise\" \/>\n<meta property=\"article:modified_time\" content=\"2025-10-15T07:58:31+00:00\" \/>\n<meta name=\"twitter:card\" content=\"summary_large_image\" \/>\n<script type=\"application\/ld+json\" class=\"yoast-schema-graph\">{\"@context\":\"https:\/\/schema.org\",\"@graph\":[{\"@type\":\"WebPage\",\"@id\":\"https:\/\/orise.com\/de\/solutions\/co2-neutrale-produktion\/\",\"url\":\"https:\/\/orise.com\/de\/solutions\/co2-neutrale-produktion\/\",\"name\":\"CO2-neutrale Produktion | Orise\",\"isPartOf\":{\"@id\":\"https:\/\/orise.com\/de\/#website\"},\"datePublished\":\"2021-11-18T09:39:59+00:00\",\"dateModified\":\"2025-10-15T07:58:31+00:00\",\"description\":\"Orise unterst\u00fctzt Unternehmen bei der Realisierung einer klimaneutralen Produktion, von der Planung bis zur Ausf\u00fchrung.\",\"breadcrumb\":{\"@id\":\"https:\/\/orise.com\/de\/solutions\/co2-neutrale-produktion\/#breadcrumb\"},\"inLanguage\":\"de-DE\",\"potentialAction\":[{\"@type\":\"ReadAction\",\"target\":[\"https:\/\/orise.com\/de\/solutions\/co2-neutrale-produktion\/\"]}]},{\"@type\":\"BreadcrumbList\",\"@id\":\"https:\/\/orise.com\/de\/solutions\/co2-neutrale-produktion\/#breadcrumb\",\"itemListElement\":[{\"@type\":\"ListItem\",\"position\":1,\"name\":\"Home\",\"item\":\"https:\/\/orise.com\/de\/\"},{\"@type\":\"ListItem\",\"position\":2,\"name\":\"Solutions\",\"item\":\"https:\/\/orise.com\/de\/solutions\/\"},{\"@type\":\"ListItem\",\"position\":3,\"name\":\"CO2-neutrale Produktion\"}]},{\"@type\":\"WebSite\",\"@id\":\"https:\/\/orise.com\/de\/#website\",\"url\":\"https:\/\/orise.com\/de\/\",\"name\":\"Orise\",\"description\":\"Unlock your full potential.\",\"publisher\":{\"@id\":\"https:\/\/orise.com\/de\/#organization\"},\"potentialAction\":[{\"@type\":\"SearchAction\",\"target\":{\"@type\":\"EntryPoint\",\"urlTemplate\":\"https:\/\/orise.com\/de\/?s={search_term_string}\"},\"query-input\":{\"@type\":\"PropertyValueSpecification\",\"valueRequired\":true,\"valueName\":\"search_term_string\"}}],\"inLanguage\":\"de-DE\"},{\"@type\":\"Organization\",\"@id\":\"https:\/\/orise.com\/de\/#organization\",\"name\":\"Orise\",\"url\":\"https:\/\/orise.com\/de\/\",\"logo\":{\"@type\":\"ImageObject\",\"inLanguage\":\"de-DE\",\"@id\":\"https:\/\/orise.com\/de\/#\/schema\/logo\/image\/\",\"url\":\"https:\/\/orise.com\/wp-content\/uploads\/sites\/71\/2025\/04\/cropped-Orise-Circle-Icon-Website-V1-1.png\",\"contentUrl\":\"https:\/\/orise.com\/wp-content\/uploads\/sites\/71\/2025\/04\/cropped-Orise-Circle-Icon-Website-V1-1.png\",\"width\":512,\"height\":512,\"caption\":\"Orise\"},\"image\":{\"@id\":\"https:\/\/orise.com\/de\/#\/schema\/logo\/image\/\"}}]}<\/script>\n<!-- \/ Yoast SEO Premium plugin. -->","yoast_head_json":{"title":"CO2-neutrale Produktion | Orise","description":"Orise unterst\u00fctzt Unternehmen bei der Realisierung einer klimaneutralen Produktion, von der Planung bis zur Ausf\u00fchrung.","robots":{"index":"index","follow":"follow","max-snippet":"max-snippet:-1","max-image-preview":"max-image-preview:large","max-video-preview":"max-video-preview:-1"},"canonical":"https:\/\/orise.com\/de\/solutions\/co2-neutrale-produktion\/","og_locale":"de_DE","og_type":"article","og_title":"CO2-neutrale Produktion","og_description":"Orise unterst\u00fctzt Unternehmen bei der Realisierung einer klimaneutralen Produktion, von der Planung bis zur Ausf\u00fchrung.","og_url":"https:\/\/orise.com\/de\/solutions\/co2-neutrale-produktion\/","og_site_name":"Orise","article_modified_time":"2025-10-15T07:58:31+00:00","twitter_card":"summary_large_image","schema":{"@context":"https:\/\/schema.org","@graph":[{"@type":"WebPage","@id":"https:\/\/orise.com\/de\/solutions\/co2-neutrale-produktion\/","url":"https:\/\/orise.com\/de\/solutions\/co2-neutrale-produktion\/","name":"CO2-neutrale Produktion | Orise","isPartOf":{"@id":"https:\/\/orise.com\/de\/#website"},"datePublished":"2021-11-18T09:39:59+00:00","dateModified":"2025-10-15T07:58:31+00:00","description":"Orise unterst\u00fctzt Unternehmen bei der Realisierung einer klimaneutralen Produktion, von der Planung bis zur Ausf\u00fchrung.","breadcrumb":{"@id":"https:\/\/orise.com\/de\/solutions\/co2-neutrale-produktion\/#breadcrumb"},"inLanguage":"de-DE","potentialAction":[{"@type":"ReadAction","target":["https:\/\/orise.com\/de\/solutions\/co2-neutrale-produktion\/"]}]},{"@type":"BreadcrumbList","@id":"https:\/\/orise.com\/de\/solutions\/co2-neutrale-produktion\/#breadcrumb","itemListElement":[{"@type":"ListItem","position":1,"name":"Home","item":"https:\/\/orise.com\/de\/"},{"@type":"ListItem","position":2,"name":"Solutions","item":"https:\/\/orise.com\/de\/solutions\/"},{"@type":"ListItem","position":3,"name":"CO2-neutrale Produktion"}]},{"@type":"WebSite","@id":"https:\/\/orise.com\/de\/#website","url":"https:\/\/orise.com\/de\/","name":"Orise","description":"Unlock your full potential.","publisher":{"@id":"https:\/\/orise.com\/de\/#organization"},"potentialAction":[{"@type":"SearchAction","target":{"@type":"EntryPoint","urlTemplate":"https:\/\/orise.com\/de\/?s={search_term_string}"},"query-input":{"@type":"PropertyValueSpecification","valueRequired":true,"valueName":"search_term_string"}}],"inLanguage":"de-DE"},{"@type":"Organization","@id":"https:\/\/orise.com\/de\/#organization","name":"Orise","url":"https:\/\/orise.com\/de\/","logo":{"@type":"ImageObject","inLanguage":"de-DE","@id":"https:\/\/orise.com\/de\/#\/schema\/logo\/image\/","url":"https:\/\/orise.com\/wp-content\/uploads\/sites\/71\/2025\/04\/cropped-Orise-Circle-Icon-Website-V1-1.png","contentUrl":"https:\/\/orise.com\/wp-content\/uploads\/sites\/71\/2025\/04\/cropped-Orise-Circle-Icon-Website-V1-1.png","width":512,"height":512,"caption":"Orise"},"image":{"@id":"https:\/\/orise.com\/de\/#\/schema\/logo\/image\/"}}]}},"acf":[],"_links":{"self":[{"href":"https:\/\/orise.com\/de\/wp-json\/wp\/v2\/pages\/3121","targetHints":{"allow":["GET"]}}],"collection":[{"href":"https:\/\/orise.com\/de\/wp-json\/wp\/v2\/pages"}],"about":[{"href":"https:\/\/orise.com\/de\/wp-json\/wp\/v2\/types\/page"}],"author":[{"embeddable":true,"href":"https:\/\/orise.com\/de\/wp-json\/wp\/v2\/users\/166"}],"replies":[{"embeddable":true,"href":"https:\/\/orise.com\/de\/wp-json\/wp\/v2\/comments?post=3121"}],"version-history":[{"count":13,"href":"https:\/\/orise.com\/de\/wp-json\/wp\/v2\/pages\/3121\/revisions"}],"predecessor-version":[{"id":32395,"href":"https:\/\/orise.com\/de\/wp-json\/wp\/v2\/pages\/3121\/revisions\/32395"}],"up":[{"embeddable":true,"href":"https:\/\/orise.com\/de\/wp-json\/wp\/v2\/pages\/842"}],"wp:attachment":[{"href":"https:\/\/orise.com\/de\/wp-json\/wp\/v2\/media?parent=3121"}],"curies":[{"name":"wp","href":"https:\/\/api.w.org\/{rel}","templated":true}]}}