{"id":31426,"date":"2025-09-16T07:42:20","date_gmt":"2025-09-16T07:42:20","guid":{"rendered":"https:\/\/orise.com\/?page_id=31426"},"modified":"2025-09-16T07:42:21","modified_gmt":"2025-09-16T07:42:21","slug":"sap-s-4hana-conversion","status":"publish","type":"page","link":"https:\/\/orise.com\/de\/sap\/sap-s-4hana-conversion\/","title":{"rendered":"SAP S\/4HANA Conversion"},"content":{"rendered":"<div id=\"pageheader-block_9d91c1b9018e5abf528560a0a6e20772\" class=\"content-row content-row-pageheader bg-base\t\tcontent-row-pageheader-anchor   pageheader\">\n        <div class=\"contentPart-fixed\">\n        <div class=\"contentPart-inner\">\n            <div class=\"contentPart-text width-100\">\n                <h1>\n                                        SAP S\/4HANA Conversion \u2013 Ihr sicherer Weg in die Zukunft                                    <\/h1>\n                <h2 class=\"trans\">\n                                        Von Brownfield bis Bluefield: Wir begleiten Ihre SAP Conversion Schritt f\u00fcr Schritt.                                    <\/h2>\n                                                <div class=\"anchor_links-wrapper trans\">\n                                        <div class=\"anchor_link-item trans\">\n                        <div class=\"anchor_link-item-inner\">\n                            <a class=\"anchorlink\" data-subtab=\"\"\n                                data-anchor=\"#ansatz\"\n                                href=\"#\">Conversion Ans\u00e4tze<\/a>\n                        <\/div>\n                    <\/div>\n                                        <div class=\"anchor_link-item trans\">\n                        <div class=\"anchor_link-item-inner\">\n                            <a class=\"anchorlink\" data-subtab=\"\"\n                                data-anchor=\"#conversion\"\n                                href=\"#\">Ihre Conversion mit uns<\/a>\n                        <\/div>\n                    <\/div>\n                                        <div class=\"anchor_link-item trans\">\n                        <div class=\"anchor_link-item-inner\">\n                            <a class=\"anchorlink\" data-subtab=\"\"\n                                data-anchor=\"#kontakt\"\n                                href=\"#\">Ihr Anprechpartner<\/a>\n                        <\/div>\n                    <\/div>\n                                    <\/div>\n                            <\/div>\n        <\/div>\n    <\/div>\n    <div class=\"slidedown-button editor-hide\">\n        <span class=\"slidedown-label\">Mehr erfahren<\/span>\n        <img decoding=\"async\" src=\"https:\/\/orise.com\/wp-content\/themes\/ats-orise\/img\/doubble-arrow-down.svg\" alt=\"\"\n            class=\"slidedown-icon\">\n    <\/div>\n<\/div>\n\n\n\n    <div id=\"image_banner-block_d2efd898ffb766bc988ed0d8f4b3838a\" class=\"content-row content-row-imagebanner trans bg-base image_banner test\">\n                                                <img decoding=\"async\" src=\"https:\/\/orise.com\/wp-content\/uploads\/sites\/71\/2025\/04\/Image-Banner-WordPress-.png?w=1920&#038;h=0&#038;crop=1\" alt=\"\" class=\"fullscreen\">\n            <\/div>\n\n\n\n    <div id=\"imagetext_textvariation-block_0e5d2f23c24bbc92824abf6235a2ac42\" class=\"content-row content-row-textvariation background_blue    textvariation\">\n        <div class=\"contentPart-inner\">\n            <div class=\"contentPart-text\">\n                                    <h2 class=\"text-blue content-row-headline trans\">\n                        Was ist eine SAP S\/4HANA Conversion?                    <\/h2>\n                                            <\/div>\n                            <div class=\"contentPart-textbox width-50 textInput trans\">\n                    <p>Eine Conversion ist der Wechsel von einem bestehenden SAP ECC-System auf SAP S\/4HANA. Dabei k\u00f6nnen unterschiedliche Ans\u00e4tze gew\u00e4hlt werden \u2013 je nach Systemlandschaft und Anforderungen.<\/p>\n                <\/div>\n                                        <div class=\"contentPart-textbox contentPart-textbox_2 textInput width-50 trans\">\n                    <h3><strong>Warum Orise?<\/strong><\/h3>\n<ul>\n<li>Erfahrung mit allen Conversion-Szenarien<\/li>\n<li>SAP BTC Partner-Know-how<\/li>\n<li>Einfacher, strukturierter Prozess<\/li>\n<\/ul>\n                <\/div>\n                    <\/div>\n                    <\/div>\n\n\n<div id=\"ansatz\" class=\"content-row anchortarget trans anchortarget\">\n    <h3 class=\"editorInfo\">#ansatz<\/h3>\n<\/div>\n\n<div id=\"stepbox-block_a26c2754241c5f51272f2ba8803e05a3\" class=\"content-row content-row-stepbox bg-base stepbox\">\n    <div class=\"contentPart-inner\">\n        <div class=\"contentPart-text width-60\">\n                        <h2 class=\"content-row-headline trans\">\n                Conversion-Ans\u00e4tze            <\/h2>\n                                    <div class=\"subline trans\">\n                <h2>Welche Optionen haben Sie?<\/h2>\n            <\/div>\n                                <\/div>\n                <div class=\"steps-wrapper\">\n                                                <div class=\"step-item trans\">\n                                                <div class=\"index\">\n                    <p>1<\/p>\n                <\/div>\n                                <div class=\"step-item-inner\">\n                    <h3>\n                                                Brownfield Conversion                                            <\/h3>\n                    <div class=\"contentPart-textbox width-100 textInput\">\n                        <p>Rein technische Umstellung mit Erhalt bestehender Prozesse<\/p>\n                    <\/div>\n                                                        <\/div>\n            <\/div>\n                                                            <div class=\"step-item trans\">\n                                                <div class=\"index\">\n                    <p>2<\/p>\n                <\/div>\n                                <div class=\"step-item-inner\">\n                    <h3>\n                                                Selektive Conversion                                            <\/h3>\n                    <div class=\"contentPart-textbox width-100 textInput\">\n                        <p>Gezielte Daten- und Prozess\u00fcbernahme<\/p>\n                    <\/div>\n                                                        <\/div>\n            <\/div>\n                                                            <div class=\"step-item trans\">\n                                                <div class=\"index\">\n                    <p>3<\/p>\n                <\/div>\n                                <div class=\"step-item-inner\">\n                    <h3>\n                                                Bluefield                                            <\/h3>\n                    <div class=\"contentPart-textbox width-100 textInput\">\n                        <p>Kombination aus technischer Umstellung &amp; Prozessneugestaltung<\/p>\n                    <\/div>\n                                                        <\/div>\n            <\/div>\n                                                            <div class=\"step-item trans\">\n                                                <div class=\"index\">\n                    <p>4<\/p>\n                <\/div>\n                                <div class=\"step-item-inner\">\n                    <h3>\n                                                Vorprojekte                                            <\/h3>\n                    <div class=\"contentPart-textbox width-100 textInput\">\n                        <p>Technische und prozessuale Vorbereitung<\/p>\n                    <\/div>\n                                                        <\/div>\n            <\/div>\n                                <\/div>\n        <div class=\"steps-buttons\">\n                                                                                                                                                                    <\/div>\n            <\/div>\n<\/div>\n\n\n<div id=\"conversion\" class=\"content-row anchortarget trans anchortarget\">\n    <h3 class=\"editorInfo\">#conversion<\/h3>\n<\/div>\n\n    <div id=\"textimage-block_62c20e125f4f323f049f2fbfbfd3f9e2\" class=\"content-row content-row-textimage background_blue  textimage\">\n        <div class=\"contentPart-inner\">\n            <div class=\"contentPart-text width-50\">\n                <h2 class=\"trans text-blue \">\n                                            Der einfache Weg zu SAP S\/4HANA \u2013 mit Orise an Ihrer Seite                                                        <\/h2>\n                <div class=\"textInput trans\">\n                                            <p data-start=\"791\" data-end=\"1088\">Orise unterst\u00fctzt Sie bei jedem dieser Wege \u2013 von der <strong data-start=\"845\" data-end=\"878\">Vorbereitung und Vorprojekten<\/strong> bis hin zur eigentlichen Conversion. Durch unsere Erfahrung mit allen Szenarien und unser <strong data-start=\"969\" data-end=\"997\">SAP BTC Partner-Know-how<\/strong> gestalten wir den Prozess so, dass er <strong data-start=\"1036\" data-end=\"1078\">verst\u00e4ndlich, strukturiert und machbar<\/strong> bleibt.<\/p>\n<p data-start=\"1090\" data-end=\"1299\">Damit stellen wir sicher: Sie w\u00e4hlen genau den Ansatz, der zu Ihrer IT-Landschaft und Ihren Gesch\u00e4ftsprozessen passt \u2013 und schaffen die Basis f\u00fcr zuk\u00fcnftige <strong data-start=\"1247\" data-end=\"1296\">Optimierungen, Automatisierung und Innovation<\/strong>.<\/p>\n                                    <\/div>\n                                                    <div class=\"btnrow btnrow-light bold trans\"><a href=\"mailto:helge.spahr@orise.com\" target=\"_blank\" class=\"animateAll\">Conversion starten<\/a><\/div>\n                            <\/div>\n            <div class=\"contentPart-image width-50 trans \">\n                                                    <img decoding=\"async\" src=\"https:\/\/orise.com\/wp-content\/uploads\/sites\/71\/2025\/04\/Image-Banner-WordPress-1.png?w=1024\" alt=\"\" class=\"textbildimg\">\n                            <\/div>\n        <\/div>\n    <\/div>\n\n\n    <div id=\"accordion-block_b53c0e7664ab78f4ff7d421ea500169d\" class=\"content-row content-row-accordion bg-base accordion\">\n                    <div class=\"contentPart-inner\">\n                <div class=\"accordion-wrapper\">\n                                            <div class=\"accordion-item accordion-item-off trans\">\n                            <div class=\"accordion-titel\">\n                                <h2>\n                                                                            Was ist der Unterschied zwischen Brownfield und Greenfield?                                                                    <\/h2>\n                                <img decoding=\"async\" src=\"https:\/\/orise.com\/wp-content\/themes\/ats-orise\/img\/icon-plus.svg\" alt=\"\" class=\"accordion-plus\">\n\n                            <\/div>\n                            <div class=\"accordion-content\">\n                                                                <div class=\"contentPart-textbox width-50 textInput full-width\">\n                                    <p>Brownfield = bestehendes System bleibt, Greenfield = Neueinf\u00fchrung.<\/p>\n\n                                                                                                        <\/div>\n                                                            <\/div>\n                        <\/div>\n\n                                            <div class=\"accordion-item accordion-item-off trans\">\n                            <div class=\"accordion-titel\">\n                                <h2>\n                                                                            Kann ich bei der Conversion Prozesse optimieren?                                                                    <\/h2>\n                                <img decoding=\"async\" src=\"https:\/\/orise.com\/wp-content\/themes\/ats-orise\/img\/icon-plus.svg\" alt=\"\" class=\"accordion-plus\">\n\n                            <\/div>\n                            <div class=\"accordion-content\">\n                                                                <div class=\"contentPart-textbox width-50 textInput full-width\">\n                                    <p>Ja \u2013 Optimierungsprojekte lassen sich direkt im Anschluss einplanen.<\/p>\n\n                                                                                                        <\/div>\n                                                            <\/div>\n                        <\/div>\n\n                                            <div class=\"accordion-item accordion-item-off trans\">\n                            <div class=\"accordion-titel\">\n                                <h2>\n                                                                            Wie l\u00e4uft die technische Conversion ab?                                                                    <\/h2>\n                                <img decoding=\"async\" src=\"https:\/\/orise.com\/wp-content\/themes\/ats-orise\/img\/icon-plus.svg\" alt=\"\" class=\"accordion-plus\">\n\n                            <\/div>\n                            <div class=\"accordion-content\">\n                                                                <div class=\"contentPart-textbox width-50 textInput full-width\">\n                                    <p>Mit SAP-Tools und Orise-Begleitung in klar definierten Phasen.<\/p>\n\n                                                                                                        <\/div>\n                                                            <\/div>\n                        <\/div>\n\n                                    <\/div>\n                        <\/div>\n    <\/div>\n\n\n<div id=\"highlight-box-block_8cf92bc8f89b1355e77f7cad79374a4d\"\n    class=\"content-row content-row-highlightbox trans highlightbox bg-base\">\n    <div class=\"contentPart-inner\">\n        <div class=\"contentPart-text\">\n            <div class=\"contentPart-text-inner\">\n                                <h2>Das k\u00f6nnte Sie auch interessieren<\/h2>\n                                                <div class=\"text\">\n                    Hier finden Sie eine \u00dcbersicht zu verwandten Seiten.                <\/div>\n                <div class=\"links\">\n                                                                                                                                                                                                    <\/div>\n            <\/div>\n        <\/div>\n        <div class=\"contentPart-image\">\n                                    <img decoding=\"async\" src=\"https:\/\/orise.com\/wp-content\/uploads\/sites\/71\/2025\/07\/Firefly_business-professionals-seen-from-behind-interacting-in-a-training-situation.-Style-r-42124.jpg?w=1920&#038;h=0&#038;crop=1\" alt=\"\"\n                class=\"textbildimg\">\n                    <\/div>\n    <\/div>\n<\/div>\n\n\n<div id=\"kontakt\" class=\"content-row anchortarget trans anchortarget\">\n    <h3 class=\"editorInfo\">#kontakt<\/h3>\n<\/div>\n\n    <div id=\"textimage-block_055072006dd0b02e136e99885ae5fa10\" class=\"content-row content-row-textimage background_blue  textimage\">\n        <div class=\"contentPart-inner\">\n            <div class=\"contentPart-text width-50\">\n                <h2 class=\"trans text-blue \">\n                                            Ihr Ansprechpartner                                                                <span class=\"headline_white\">Simon Bogensch\u00fctz \u00b7 Executive Consultant \/ Lead Competence Center<\/span>\n                                    <\/h2>\n                <div class=\"textInput trans\">\n                                            <p>Rheinwaldstra\u00dfe 38<br \/>\n78628 Rottweil<\/p>\n<p>Tel.: 0741 17 44 16 600<br \/>\nE-Mail: service.DE-ROT@orise.com<\/p>\n                                    <\/div>\n                                            <\/div>\n            <div class=\"contentPart-image width-50 trans \">\n                                                    <img decoding=\"async\" src=\"https:\/\/orise.com\/wp-content\/uploads\/sites\/71\/2025\/04\/Simon-Bogenschutz.jpeg?w=804\" alt=\"\" class=\"textbildimg\">\n                            <\/div>\n        <\/div>\n    <\/div>\n\n\n    <div id=\"contactform-block_a6b9540917479f3a831046703b1198a9\" class=\"content-row content-row-contactform  background_darken contactform\">\n        <div class=\"contentPart-inner\">\n\n            <div class=\"contentPart-text width-100\">\n                                    <h2 class=\"text-blue content-row-headline trans\">\n                        Jetzt Kontakt aufnehmen                    <\/h2>\n                            <\/div>\n\n            <div class=\"contactform-wrapper trans\">\n                                    <iframe src=\"https:\/\/go.atsautomation.com\/l\/651873\/2025-06-04\/h7yqym\" class=\"form-iframe form-iframe-contactform\" data-cookieconsent=\"marketing\"><\/iframe>\n                            <\/div>\n\n        <\/div>\n    <\/div>\n","protected":false},"excerpt":{"rendered":"","protected":false},"author":598,"featured_media":0,"parent":22132,"menu_order":0,"comment_status":"closed","ping_status":"closed","template":"","meta":{"_acf_changed":false,"_cr_original_post":"","_cr_replace_post_id":"","_cr_replacing_post_id":"","footnotes":""},"class_list":["post-31426","page","type-page","status-publish","hentry"],"yoast_head":"<!-- This site is optimized with the Yoast SEO Premium plugin v26.8 (Yoast SEO v26.8) - https:\/\/yoast.com\/product\/yoast-seo-premium-wordpress\/ -->\n<title>SAP S\/4HANA Conversion | Orise<\/title>\n<meta name=\"robots\" content=\"index, follow, max-snippet:-1, max-image-preview:large, max-video-preview:-1\" \/>\n<link rel=\"canonical\" href=\"https:\/\/orise.com\/de\/sap\/sap-s-4hana-conversion\/\" \/>\n<meta property=\"og:locale\" content=\"de_DE\" \/>\n<meta property=\"og:type\" content=\"article\" \/>\n<meta property=\"og:title\" content=\"SAP S\/4HANA Conversion\" \/>\n<meta property=\"og:url\" content=\"https:\/\/orise.com\/de\/sap\/sap-s-4hana-conversion\/\" \/>\n<meta property=\"og:site_name\" content=\"Orise\" \/>\n<meta property=\"article:modified_time\" content=\"2025-09-16T07:42:21+00:00\" \/>\n<meta name=\"twitter:card\" content=\"summary_large_image\" \/>\n<script type=\"application\/ld+json\" class=\"yoast-schema-graph\">{\"@context\":\"https:\/\/schema.org\",\"@graph\":[{\"@type\":\"WebPage\",\"@id\":\"https:\/\/orise.com\/de\/sap\/sap-s-4hana-conversion\/\",\"url\":\"https:\/\/orise.com\/de\/sap\/sap-s-4hana-conversion\/\",\"name\":\"SAP S\/4HANA Conversion | Orise\",\"isPartOf\":{\"@id\":\"https:\/\/orise.com\/de\/#website\"},\"datePublished\":\"2025-09-16T07:42:20+00:00\",\"dateModified\":\"2025-09-16T07:42:21+00:00\",\"breadcrumb\":{\"@id\":\"https:\/\/orise.com\/de\/sap\/sap-s-4hana-conversion\/#breadcrumb\"},\"inLanguage\":\"de-DE\",\"potentialAction\":[{\"@type\":\"ReadAction\",\"target\":[\"https:\/\/orise.com\/de\/sap\/sap-s-4hana-conversion\/\"]}]},{\"@type\":\"BreadcrumbList\",\"@id\":\"https:\/\/orise.com\/de\/sap\/sap-s-4hana-conversion\/#breadcrumb\",\"itemListElement\":[{\"@type\":\"ListItem\",\"position\":1,\"name\":\"Home\",\"item\":\"https:\/\/orise.com\/de\/\"},{\"@type\":\"ListItem\",\"position\":2,\"name\":\"SAP\",\"item\":\"https:\/\/orise.com\/de\/sap\/\"},{\"@type\":\"ListItem\",\"position\":3,\"name\":\"SAP S\/4HANA Conversion\"}]},{\"@type\":\"WebSite\",\"@id\":\"https:\/\/orise.com\/de\/#website\",\"url\":\"https:\/\/orise.com\/de\/\",\"name\":\"Orise\",\"description\":\"Unlock your full potential.\",\"publisher\":{\"@id\":\"https:\/\/orise.com\/de\/#organization\"},\"potentialAction\":[{\"@type\":\"SearchAction\",\"target\":{\"@type\":\"EntryPoint\",\"urlTemplate\":\"https:\/\/orise.com\/de\/?s={search_term_string}\"},\"query-input\":{\"@type\":\"PropertyValueSpecification\",\"valueRequired\":true,\"valueName\":\"search_term_string\"}}],\"inLanguage\":\"de-DE\"},{\"@type\":\"Organization\",\"@id\":\"https:\/\/orise.com\/de\/#organization\",\"name\":\"Orise\",\"url\":\"https:\/\/orise.com\/de\/\",\"logo\":{\"@type\":\"ImageObject\",\"inLanguage\":\"de-DE\",\"@id\":\"https:\/\/orise.com\/de\/#\/schema\/logo\/image\/\",\"url\":\"https:\/\/orise.com\/wp-content\/uploads\/sites\/71\/2025\/04\/cropped-Orise-Circle-Icon-Website-V1-1.png\",\"contentUrl\":\"https:\/\/orise.com\/wp-content\/uploads\/sites\/71\/2025\/04\/cropped-Orise-Circle-Icon-Website-V1-1.png\",\"width\":512,\"height\":512,\"caption\":\"Orise\"},\"image\":{\"@id\":\"https:\/\/orise.com\/de\/#\/schema\/logo\/image\/\"}}]}<\/script>\n<!-- \/ Yoast SEO Premium plugin. -->","yoast_head_json":{"title":"SAP S\/4HANA Conversion | Orise","robots":{"index":"index","follow":"follow","max-snippet":"max-snippet:-1","max-image-preview":"max-image-preview:large","max-video-preview":"max-video-preview:-1"},"canonical":"https:\/\/orise.com\/de\/sap\/sap-s-4hana-conversion\/","og_locale":"de_DE","og_type":"article","og_title":"SAP S\/4HANA Conversion","og_url":"https:\/\/orise.com\/de\/sap\/sap-s-4hana-conversion\/","og_site_name":"Orise","article_modified_time":"2025-09-16T07:42:21+00:00","twitter_card":"summary_large_image","schema":{"@context":"https:\/\/schema.org","@graph":[{"@type":"WebPage","@id":"https:\/\/orise.com\/de\/sap\/sap-s-4hana-conversion\/","url":"https:\/\/orise.com\/de\/sap\/sap-s-4hana-conversion\/","name":"SAP S\/4HANA Conversion | Orise","isPartOf":{"@id":"https:\/\/orise.com\/de\/#website"},"datePublished":"2025-09-16T07:42:20+00:00","dateModified":"2025-09-16T07:42:21+00:00","breadcrumb":{"@id":"https:\/\/orise.com\/de\/sap\/sap-s-4hana-conversion\/#breadcrumb"},"inLanguage":"de-DE","potentialAction":[{"@type":"ReadAction","target":["https:\/\/orise.com\/de\/sap\/sap-s-4hana-conversion\/"]}]},{"@type":"BreadcrumbList","@id":"https:\/\/orise.com\/de\/sap\/sap-s-4hana-conversion\/#breadcrumb","itemListElement":[{"@type":"ListItem","position":1,"name":"Home","item":"https:\/\/orise.com\/de\/"},{"@type":"ListItem","position":2,"name":"SAP","item":"https:\/\/orise.com\/de\/sap\/"},{"@type":"ListItem","position":3,"name":"SAP S\/4HANA Conversion"}]},{"@type":"WebSite","@id":"https:\/\/orise.com\/de\/#website","url":"https:\/\/orise.com\/de\/","name":"Orise","description":"Unlock your full potential.","publisher":{"@id":"https:\/\/orise.com\/de\/#organization"},"potentialAction":[{"@type":"SearchAction","target":{"@type":"EntryPoint","urlTemplate":"https:\/\/orise.com\/de\/?s={search_term_string}"},"query-input":{"@type":"PropertyValueSpecification","valueRequired":true,"valueName":"search_term_string"}}],"inLanguage":"de-DE"},{"@type":"Organization","@id":"https:\/\/orise.com\/de\/#organization","name":"Orise","url":"https:\/\/orise.com\/de\/","logo":{"@type":"ImageObject","inLanguage":"de-DE","@id":"https:\/\/orise.com\/de\/#\/schema\/logo\/image\/","url":"https:\/\/orise.com\/wp-content\/uploads\/sites\/71\/2025\/04\/cropped-Orise-Circle-Icon-Website-V1-1.png","contentUrl":"https:\/\/orise.com\/wp-content\/uploads\/sites\/71\/2025\/04\/cropped-Orise-Circle-Icon-Website-V1-1.png","width":512,"height":512,"caption":"Orise"},"image":{"@id":"https:\/\/orise.com\/de\/#\/schema\/logo\/image\/"}}]}},"acf":[],"_links":{"self":[{"href":"https:\/\/orise.com\/de\/wp-json\/wp\/v2\/pages\/31426","targetHints":{"allow":["GET"]}}],"collection":[{"href":"https:\/\/orise.com\/de\/wp-json\/wp\/v2\/pages"}],"about":[{"href":"https:\/\/orise.com\/de\/wp-json\/wp\/v2\/types\/page"}],"author":[{"embeddable":true,"href":"https:\/\/orise.com\/de\/wp-json\/wp\/v2\/users\/598"}],"replies":[{"embeddable":true,"href":"https:\/\/orise.com\/de\/wp-json\/wp\/v2\/comments?post=31426"}],"version-history":[{"count":17,"href":"https:\/\/orise.com\/de\/wp-json\/wp\/v2\/pages\/31426\/revisions"}],"predecessor-version":[{"id":31502,"href":"https:\/\/orise.com\/de\/wp-json\/wp\/v2\/pages\/31426\/revisions\/31502"}],"up":[{"embeddable":true,"href":"https:\/\/orise.com\/de\/wp-json\/wp\/v2\/pages\/22132"}],"wp:attachment":[{"href":"https:\/\/orise.com\/de\/wp-json\/wp\/v2\/media?parent=31426"}],"curies":[{"name":"wp","href":"https:\/\/api.w.org\/{rel}","templated":true}]}}