{"id":3144,"date":"2021-12-14T12:02:25","date_gmt":"2021-12-14T12:02:25","guid":{"rendered":"https:\/\/vipgo.atsautomation.com\/pas\/?page_id=3144"},"modified":"2021-12-17T08:13:17","modified_gmt":"2021-12-17T08:13:17","slug":"assembly-solutions","status":"publish","type":"page","link":"https:\/\/orise.com\/de\/solutions\/assembly-solutions\/","title":{"rendered":"Assembly Solutions"},"content":{"rendered":"<div id=\"pageheader-block_61961efa24ff3\" class=\"content-row content-row-pageheader  pageheader\">\n        <div class=\"contentPart-fixed\">\n        <div class=\"contentPart-inner\">\n            <div class=\"contentPart-text width-100\">\n                <h1>\n                                        Assembly Solutions                                    <\/h1>\n                <h2 class=\"trans\">\n                                        Innovative Automatisierungsl\u00f6sungen f\u00fcr die Automobil- und Mobilit\u00e4tsbranche                                    <\/h2>\n                                            <\/div>\n        <\/div>\n    <\/div>\n    <div class=\"slidedown-button editor-hide\">\n        <span class=\"slidedown-label\">Mehr erfahren<\/span>\n        <img decoding=\"async\" src=\"https:\/\/orise.com\/wp-content\/themes\/ats-orise\/img\/doubble-arrow-down.svg\" alt=\"\"\n            class=\"slidedown-icon\">\n    <\/div>\n<\/div>\n\n\n\n    <div id=\"image_banner-block_61961f4924ff4\" class=\"content-row content-row-imagebanner trans  image_banner test\">\n                                                <img decoding=\"async\" src=\"https:\/\/orise.com\/wp-content\/uploads\/sites\/71\/2021\/12\/Solutions-AssemblySolutions1.jpg?w=1920&#038;h=0&#038;crop=1\" alt=\"Assembly Solutions\" class=\"fullscreen\">\n            <\/div>\n\n\n\n    <div id=\"imagetext_textvariation-block_61b1ece151f35\" class=\"content-row content-row-textvariation  background_darken   textvariation\">\n        <div class=\"contentPart-inner\">\n            <div class=\"contentPart-text\">\n                                    <h2 class=\"text-blue content-row-headline trans\">\n                        Erstklassige Montagel\u00f6sungen senken Risiken und Kosten                    <\/h2>\n                                            <\/div>\n                            <div class=\"contentPart-textbox width-50 textInput trans\">\n                    <p>Innovative Montagel\u00f6sungen f\u00fcr Batterien oder Schubplattformen, der Einsatz von kollaborierenden Robotern oder digitale L\u00f6sungen zur Verbesserung des Zusammenspiels im Betrieb: Es gibt viele verschiedene L\u00f6sungen zur Steigerung Ihrer operativen Leistung.<\/p>\n                <\/div>\n                                        <div class=\"contentPart-textbox contentPart-textbox_2 textInput width-50 trans\">\n                    <p>In der Regel werden durch erstklassige Automatisierungsl\u00f6sungen rund 10 bis 15 % bessere Ergebnisse in der jeweiligen Branche erzielt.<\/p>\n                <\/div>\n                    <\/div>\n                    <\/div>\n\n\n    <div id=\"imagetext_textvariation-block_61af4730c71ee\" class=\"content-row content-row-textvariation     textvariation\">\n        <div class=\"contentPart-inner\">\n            <div class=\"contentPart-text\">\n                                    <h2 class=\"text-blue content-row-headline trans\">\n                        Montagel\u00f6sungen von Weltklasse senken Risiken und Kosten                    <\/h2>\n                                            <\/div>\n                            <div class=\"contentPart-textbox width-50 textInput trans\">\n                    <p>Neueste Technologien erm\u00f6glichen innovative Automatisierungsl\u00f6sungen, um die vielf\u00e4ltigen Herausforderungen der Fertigungsindustrie zu meistern.<\/p>\n<p>&nbsp;<\/p>\n<p>PA unterst\u00fctzt seit 1986 f\u00fchrende Unternehmen bei der Umwandlung, Rationalisierung und Optimierung ihrer Fertigungsprozesse \u00fcber den gesamten Lebenszyklus hinweg.<\/p>\n<p>&nbsp;<\/p>\n<p>Mit unserem unternehmensweiten Ansatz senken wir Risiken (Zeitplan, Kosten, Umfang), reduzieren Investitionen, Produktkosten und die Zeit bis zur Markteinf\u00fchrung.<\/p>\n                <\/div>\n                                        <div class=\"contentPart-textbox contentPart-textbox_2 textInput width-50 trans\">\n                    <p>PA bietet L\u00f6sungen f\u00fcr verschiedenste Einsatzbereiche an:<\/p>\n<ul>\n<li>Glasabdeckungen mit eingebauter Robotik<\/li>\n<li>Innovative Skillet-Systeme f\u00fcr Flexibilit\u00e4t, Genauigkeit und Langlebigkeit<\/li>\n<li>Cobot-Anwendungen in Kombination mit Bildverarbeitung f\u00fcr ECM-<\/li>\n<li>Flashing, Qualit\u00e4tskontrolle und Beh\u00e4lterkommissionierung<\/li>\n<li>Glasvorbereitungssysteme<\/li>\n<li>Lkw-Karosserie auf Rahmen-Deckensystemen und<\/li>\n<li>Rahmenwendevorrichtungen<\/li>\n<li>Paneelbau<\/li>\n<li>Urethan-Applikation mit Online- und Offline-Inspektion<\/li>\n<li>SUV-Dachverklebung \/ -montage und EOL-Testzelle<\/li>\n<\/ul>\n                <\/div>\n                    <\/div>\n                    <\/div>\n\n\n    <div id=\"contactform-block_619cc408acaad\" class=\"content-row content-row-contactform   contactform\">\n        <div class=\"contentPart-inner\">\n\n            <div class=\"contentPart-text width-100\">\n                                    <h2 class=\"text-blue content-row-headline trans\">\n                        Wollen Sie mehr erfahren?<br \/>\r\nKontaktieren Sie unsere Experten!                    <\/h2>\n                            <\/div>\n\n            <div class=\"contactform-wrapper trans\">\n                                    <iframe src=\"https:\/\/go.atsautomation.com\/l\/651873\/2021-12-13\/4vbxy2\" class=\"form-iframe form-iframe-contactform\" data-cookieconsent=\"marketing\"><\/iframe>\n                            <\/div>\n\n        <\/div>\n    <\/div>\n","protected":false},"excerpt":{"rendered":"","protected":false},"author":166,"featured_media":0,"parent":842,"menu_order":40,"comment_status":"closed","ping_status":"closed","template":"","meta":{"_acf_changed":false,"_cr_original_post":"1589","_cr_replace_post_id":"","_cr_replacing_post_id":"","footnotes":""},"class_list":["post-3144","page","type-page","status-publish","hentry"],"yoast_head":"<!-- This site is optimized with the Yoast SEO Premium plugin v26.8 (Yoast SEO v26.8) - https:\/\/yoast.com\/product\/yoast-seo-premium-wordpress\/ -->\n<title>Assembly Solutions | Orise<\/title>\n<meta name=\"description\" content=\"Montagel\u00f6sungen f\u00fcr Batterien, Skillets, Glasabdeckungen und mehr\" \/>\n<meta name=\"robots\" content=\"index, follow, max-snippet:-1, max-image-preview:large, max-video-preview:-1\" \/>\n<link rel=\"canonical\" href=\"https:\/\/orise.com\/de\/solutions\/assembly-solutions\/\" \/>\n<meta property=\"og:locale\" content=\"de_DE\" \/>\n<meta property=\"og:type\" content=\"article\" \/>\n<meta property=\"og:title\" content=\"Assembly Solutions\" \/>\n<meta property=\"og:description\" content=\"Montagel\u00f6sungen f\u00fcr Batterien, Skillets, Glasabdeckungen und mehr\" \/>\n<meta property=\"og:url\" content=\"https:\/\/orise.com\/de\/solutions\/assembly-solutions\/\" \/>\n<meta property=\"og:site_name\" content=\"Orise\" \/>\n<meta property=\"article:modified_time\" content=\"2021-12-17T08:13:17+00:00\" \/>\n<meta name=\"twitter:card\" content=\"summary_large_image\" \/>\n<script type=\"application\/ld+json\" class=\"yoast-schema-graph\">{\"@context\":\"https:\/\/schema.org\",\"@graph\":[{\"@type\":\"WebPage\",\"@id\":\"https:\/\/orise.com\/de\/solutions\/assembly-solutions\/\",\"url\":\"https:\/\/orise.com\/de\/solutions\/assembly-solutions\/\",\"name\":\"Assembly Solutions | Orise\",\"isPartOf\":{\"@id\":\"https:\/\/orise.com\/de\/#website\"},\"datePublished\":\"2021-12-14T12:02:25+00:00\",\"dateModified\":\"2021-12-17T08:13:17+00:00\",\"description\":\"Montagel\u00f6sungen f\u00fcr Batterien, Skillets, Glasabdeckungen und mehr\",\"breadcrumb\":{\"@id\":\"https:\/\/orise.com\/de\/solutions\/assembly-solutions\/#breadcrumb\"},\"inLanguage\":\"de-DE\",\"potentialAction\":[{\"@type\":\"ReadAction\",\"target\":[\"https:\/\/orise.com\/de\/solutions\/assembly-solutions\/\"]}]},{\"@type\":\"BreadcrumbList\",\"@id\":\"https:\/\/orise.com\/de\/solutions\/assembly-solutions\/#breadcrumb\",\"itemListElement\":[{\"@type\":\"ListItem\",\"position\":1,\"name\":\"Home\",\"item\":\"https:\/\/orise.com\/de\/\"},{\"@type\":\"ListItem\",\"position\":2,\"name\":\"Solutions\",\"item\":\"https:\/\/orise.com\/de\/solutions\/\"},{\"@type\":\"ListItem\",\"position\":3,\"name\":\"Assembly Solutions\"}]},{\"@type\":\"WebSite\",\"@id\":\"https:\/\/orise.com\/de\/#website\",\"url\":\"https:\/\/orise.com\/de\/\",\"name\":\"Orise\",\"description\":\"Unlock your full potential.\",\"publisher\":{\"@id\":\"https:\/\/orise.com\/de\/#organization\"},\"potentialAction\":[{\"@type\":\"SearchAction\",\"target\":{\"@type\":\"EntryPoint\",\"urlTemplate\":\"https:\/\/orise.com\/de\/?s={search_term_string}\"},\"query-input\":{\"@type\":\"PropertyValueSpecification\",\"valueRequired\":true,\"valueName\":\"search_term_string\"}}],\"inLanguage\":\"de-DE\"},{\"@type\":\"Organization\",\"@id\":\"https:\/\/orise.com\/de\/#organization\",\"name\":\"Orise\",\"url\":\"https:\/\/orise.com\/de\/\",\"logo\":{\"@type\":\"ImageObject\",\"inLanguage\":\"de-DE\",\"@id\":\"https:\/\/orise.com\/de\/#\/schema\/logo\/image\/\",\"url\":\"https:\/\/orise.com\/wp-content\/uploads\/sites\/71\/2025\/04\/cropped-Orise-Circle-Icon-Website-V1-1.png\",\"contentUrl\":\"https:\/\/orise.com\/wp-content\/uploads\/sites\/71\/2025\/04\/cropped-Orise-Circle-Icon-Website-V1-1.png\",\"width\":512,\"height\":512,\"caption\":\"Orise\"},\"image\":{\"@id\":\"https:\/\/orise.com\/de\/#\/schema\/logo\/image\/\"}}]}<\/script>\n<!-- \/ Yoast SEO Premium plugin. -->","yoast_head_json":{"title":"Assembly Solutions | Orise","description":"Montagel\u00f6sungen f\u00fcr Batterien, Skillets, Glasabdeckungen und mehr","robots":{"index":"index","follow":"follow","max-snippet":"max-snippet:-1","max-image-preview":"max-image-preview:large","max-video-preview":"max-video-preview:-1"},"canonical":"https:\/\/orise.com\/de\/solutions\/assembly-solutions\/","og_locale":"de_DE","og_type":"article","og_title":"Assembly Solutions","og_description":"Montagel\u00f6sungen f\u00fcr Batterien, Skillets, Glasabdeckungen und mehr","og_url":"https:\/\/orise.com\/de\/solutions\/assembly-solutions\/","og_site_name":"Orise","article_modified_time":"2021-12-17T08:13:17+00:00","twitter_card":"summary_large_image","schema":{"@context":"https:\/\/schema.org","@graph":[{"@type":"WebPage","@id":"https:\/\/orise.com\/de\/solutions\/assembly-solutions\/","url":"https:\/\/orise.com\/de\/solutions\/assembly-solutions\/","name":"Assembly Solutions | Orise","isPartOf":{"@id":"https:\/\/orise.com\/de\/#website"},"datePublished":"2021-12-14T12:02:25+00:00","dateModified":"2021-12-17T08:13:17+00:00","description":"Montagel\u00f6sungen f\u00fcr Batterien, Skillets, Glasabdeckungen und mehr","breadcrumb":{"@id":"https:\/\/orise.com\/de\/solutions\/assembly-solutions\/#breadcrumb"},"inLanguage":"de-DE","potentialAction":[{"@type":"ReadAction","target":["https:\/\/orise.com\/de\/solutions\/assembly-solutions\/"]}]},{"@type":"BreadcrumbList","@id":"https:\/\/orise.com\/de\/solutions\/assembly-solutions\/#breadcrumb","itemListElement":[{"@type":"ListItem","position":1,"name":"Home","item":"https:\/\/orise.com\/de\/"},{"@type":"ListItem","position":2,"name":"Solutions","item":"https:\/\/orise.com\/de\/solutions\/"},{"@type":"ListItem","position":3,"name":"Assembly Solutions"}]},{"@type":"WebSite","@id":"https:\/\/orise.com\/de\/#website","url":"https:\/\/orise.com\/de\/","name":"Orise","description":"Unlock your full potential.","publisher":{"@id":"https:\/\/orise.com\/de\/#organization"},"potentialAction":[{"@type":"SearchAction","target":{"@type":"EntryPoint","urlTemplate":"https:\/\/orise.com\/de\/?s={search_term_string}"},"query-input":{"@type":"PropertyValueSpecification","valueRequired":true,"valueName":"search_term_string"}}],"inLanguage":"de-DE"},{"@type":"Organization","@id":"https:\/\/orise.com\/de\/#organization","name":"Orise","url":"https:\/\/orise.com\/de\/","logo":{"@type":"ImageObject","inLanguage":"de-DE","@id":"https:\/\/orise.com\/de\/#\/schema\/logo\/image\/","url":"https:\/\/orise.com\/wp-content\/uploads\/sites\/71\/2025\/04\/cropped-Orise-Circle-Icon-Website-V1-1.png","contentUrl":"https:\/\/orise.com\/wp-content\/uploads\/sites\/71\/2025\/04\/cropped-Orise-Circle-Icon-Website-V1-1.png","width":512,"height":512,"caption":"Orise"},"image":{"@id":"https:\/\/orise.com\/de\/#\/schema\/logo\/image\/"}}]}},"acf":[],"_links":{"self":[{"href":"https:\/\/orise.com\/de\/wp-json\/wp\/v2\/pages\/3144","targetHints":{"allow":["GET"]}}],"collection":[{"href":"https:\/\/orise.com\/de\/wp-json\/wp\/v2\/pages"}],"about":[{"href":"https:\/\/orise.com\/de\/wp-json\/wp\/v2\/types\/page"}],"author":[{"embeddable":true,"href":"https:\/\/orise.com\/de\/wp-json\/wp\/v2\/users\/166"}],"replies":[{"embeddable":true,"href":"https:\/\/orise.com\/de\/wp-json\/wp\/v2\/comments?post=3144"}],"version-history":[{"count":8,"href":"https:\/\/orise.com\/de\/wp-json\/wp\/v2\/pages\/3144\/revisions"}],"predecessor-version":[{"id":3913,"href":"https:\/\/orise.com\/de\/wp-json\/wp\/v2\/pages\/3144\/revisions\/3913"}],"up":[{"embeddable":true,"href":"https:\/\/orise.com\/de\/wp-json\/wp\/v2\/pages\/842"}],"wp:attachment":[{"href":"https:\/\/orise.com\/de\/wp-json\/wp\/v2\/media?parent=3144"}],"curies":[{"name":"wp","href":"https:\/\/api.w.org\/{rel}","templated":true}]}}