{"id":33733,"date":"2026-01-21T13:55:29","date_gmt":"2026-01-21T13:55:29","guid":{"rendered":"https:\/\/orise.com\/?page_id=33733"},"modified":"2026-01-21T16:27:30","modified_gmt":"2026-01-21T16:27:30","slug":"jedox-partnerschaft","status":"publish","type":"page","link":"https:\/\/orise.com\/de\/jedox-partnerschaft\/","title":{"rendered":"Jedox Partnerschaft"},"content":{"rendered":"<div id=\"pageheader-block_0dec9c15112e6152a12b42b914b75088\" class=\"content-row content-row-pageheader bg-base pageheader\">\n        <div class=\"contentPart-fixed\">\n        <div class=\"contentPart-inner\">\n            <div class=\"contentPart-text width-100\">\n                <h1>\n                                        Unsere Partnerschaft mit Jedox \u2013 Innovation &amp; Kompetenz f\u00fcr Ihre Planung                                    <\/h1>\n                <h2 class=\"trans\">\n                                        Unser Partnerstatus \u2013 Gemeinsam mehr erreichen                                    <\/h2>\n                                            <\/div>\n        <\/div>\n    <\/div>\n    <div class=\"slidedown-button editor-hide\">\n        <span class=\"slidedown-label\">Mehr erfahren<\/span>\n        <img decoding=\"async\" src=\"https:\/\/orise.com\/wp-content\/themes\/ats-orise\/img\/doubble-arrow-down.svg\" alt=\"\"\n            class=\"slidedown-icon\">\n    <\/div>\n<\/div>\n\n\n\n    <div id=\"image_banner-block_0320e7128cc2c49ab947b7eac56cb174\" class=\"content-row content-row-imagebanner trans bg-base image_banner test\">\n                                                <img decoding=\"async\" src=\"https:\/\/orise.com\/wp-content\/uploads\/sites\/71\/2025\/12\/shutterstock_778985575-1.jpg?w=1920&#038;h=0&#038;crop=1\" alt=\"\" class=\"fullscreen\">\n            <\/div>\n\n\n\n    <div id=\"imagetext_textvariation-block_ab283edf438645e61e47a533e43a8f9b\" class=\"content-row content-row-textvariation background_blue    textvariation\">\n        <div class=\"contentPart-inner\">\n            <div class=\"contentPart-text\">\n                                    <h2 class=\"text-blue content-row-headline trans\">\n                        Ihr Vorteil: Offizieller Jedox Partner mit SAP-Integration und Branchenerfahrung                    <\/h2>\n                                                    <div class=\"subline trans\">\n                        \u00dcber 10 Jahre Jedox-Partnerschaft \u2013 Diamond &amp; Platin Partner                    <\/div>\n                            <\/div>\n                            <div class=\"contentPart-textbox width-50 textInput trans\">\n                    <p>Unsere Partnerschaft mit Jedox blickt auf eine lange und erfolgreiche Historie zur\u00fcck. Viele Jahre waren wir als Jedox Diamond Partner ausgezeichnet \u2013 der h\u00f6chsten Partnerstufe, die nur besonders engagierten und erfolgreichen Partnerunternehmen vorbehalten ist. Diese Auszeichnung steht f\u00fcr exzellente Projekterfahrung, tiefes Produkt-Know-how und eine enge, vertrauensvolle Zusammenarbeit mit Jedox.<\/p>\n                <\/div>\n                                        <div class=\"contentPart-textbox contentPart-textbox_2 textInput width-50 trans\">\n                    <p>Seit einigen Jahren sind wir Jedox Platin Partner. Auch diese Stufe ist ein exklusiver Kreis und unterstreicht unsere f\u00fchrende Rolle im Jedox-\u00d6kosystem. Als Platin Partner profitieren unsere Kunden weiterhin von direktem Zugang zu den neuesten Innovationen, exklusiven Ressourcen und einem starken Netzwerk.<\/p>\n                <\/div>\n                    <\/div>\n                    <\/div>\n\n\n    <div id=\"imagetext_textvariation-block_7d2a78fc63a4e7c2050dec0532baf48c\" class=\"content-row content-row-textvariation bg-base    textvariation\">\n        <div class=\"contentPart-inner\">\n            <div class=\"contentPart-text\">\n                                                    <div class=\"subline trans\">\n                        Solution Partner of the Year \u2013 Ausgezeichnete Leistungen                    <\/div>\n                            <\/div>\n                            <div class=\"contentPart-textbox width-50 textInput trans\">\n                    <p>Unsere Expertise wurde mehrfach ausgezeichnet: Als \u201eJedox Solution Partner of the Year\u201c stehen wir f\u00fcr herausragende Projekterfolge, exzellente Kundenbetreuung und innovative Ans\u00e4tze in der Unternehmensplanung.<\/p>\n                <\/div>\n                                        <div class=\"contentPart-textbox contentPart-textbox_2 textInput width-50 trans\">\n                    <p>Diese Auszeichnung best\u00e4tigt unser Engagement, stets die besten L\u00f6sungen f\u00fcr unsere Kunden zu realisieren und gemeinsam mit Jedox neue Ma\u00dfst\u00e4be zu setzen.<\/p>\n                <\/div>\n                    <\/div>\n                    <\/div>\n\n\n    <div id=\"imagetext_textvariation-block_6a882a91d3a2b8b534a7f02137f85eec\" class=\"content-row content-row-textvariation background_darken    textvariation\">\n        <div class=\"contentPart-inner\">\n            <div class=\"contentPart-text\">\n                                                    <div class=\"subline trans\">\n                        Weitere Awards &amp; Anerkennungen                    <\/div>\n                            <\/div>\n                            <div class=\"contentPart-textbox width-50 textInput trans\">\n                    <p>Neben dem Titel \u201eSolution Partner of the Year\u201c wurden wir f\u00fcr unsere Projekte und Beratungsleistungen in verschiedenen Branchen pr\u00e4miert. Unsere Kunden sch\u00e4tzen die partnerschaftliche Zusammenarbeit, die hohe Qualit\u00e4t unserer Services und die nachhaltigen Ergebnisse, die wir gemeinsam erzielen.<\/p>\n                <\/div>\n                                        <div class=\"contentPart-textbox contentPart-textbox_2 textInput width-50 trans\">\n                    <p><strong>Zu unserem Jedox Partner Profil<\/strong> <a href=\"https:\/\/www.jedox.com\/de\/partner\/orise\/\">Jedox Partner \u2013 Orise<\/a><\/p>\n                <\/div>\n                    <\/div>\n                    <\/div>\n\n\n    <div id=\"imagetext_textvariation-block_58bc558e5fa561149882d2f7be0e1356\" class=\"content-row content-row-textvariation bg-base    textvariation\">\n        <div class=\"contentPart-inner\">\n            <div class=\"contentPart-text\">\n                                    <h2 class=\"text-blue content-row-headline trans\">\n                        Der SAP-Partner f\u00fcr Jedox \u2013 Ihre Br\u00fccke zwischen Planung und ERP                    <\/h2>\n                                                    <div class=\"subline trans\">\n                        SAP Gold Partner \u2013 Kompetenz, die verbindet                    <\/div>\n                            <\/div>\n                            <div class=\"contentPart-textbox width-50 textInput trans\">\n                    <p><strong>SAP Gold Partner \u2013 Kompetenz, die verbindet<\/strong><\/p>\n<p>Als SAP Gold Partner verf\u00fcgen wir \u00fcber umfassende Erfahrung in der Integration von Jedox in SAP-Systemlandschaften. Unsere zertifizierten Berater kennen die Herausforderungen und Chancen, die sich aus der Verbindung von Jedox mit SAP S\/4HANA, SAP BW\/4HANA und weiteren SAP-L\u00f6sungen ergeben. So erm\u00f6glichen wir Ihnen eine durchg\u00e4ngige, effiziente und sichere Datenbasis f\u00fcr Ihre Planung, Analyse und Steuerung.<\/p>\n                <\/div>\n                                        <div class=\"contentPart-textbox contentPart-textbox_2 textInput width-50 trans\">\n                    <p><strong>\u201eDer SAP Partner f\u00fcr Jedox\u201c \u2013 Ihr Vorteil<\/strong><\/p>\n<p>Unsere besondere St\u00e4rke liegt in der Kombination aus tiefem SAP-Know-how und Jedox-Expertise. Wir sind Ihr Ansprechpartner, wenn es um die nahtlose Integration, individuelle Anpassung und den Betrieb von Jedox-L\u00f6sungen im SAP-Umfeld geht. Profitieren Sie von unserer Erfahrung aus zahlreichen Projekten und unserem direkten Zugang zu den Entwicklungsteams beider Partner.<\/p>\n                <\/div>\n                    <\/div>\n                    <\/div>\n\n\n    <div id=\"textimage-block_0a70f33615ee3e28f5dc8ddc2d70aedc\" class=\"content-row content-row-textimage background_blue  textimage\">\n        <div class=\"contentPart-inner\">\n            <div class=\"contentPart-text width-50\">\n                <h2 class=\"trans text-blue \">\n                                            Success Stories \u2013 Erfolgsgeschichten aus der Praxis                                                        <\/h2>\n                <div class=\"textInput trans\">\n                                            <p><strong>Branchen\u00fcbergreifende Referenzen<\/strong><\/p>\n<p>Unsere Kunden kommen aus unterschiedlichsten Branchen \u2013 von Industrie und Handel \u00fcber Dienstleistung bis zum \u00f6ffentlichen Sektor. Gemeinsam mit Jedox haben wir zahlreiche Projekte erfolgreich umgesetzt, die Planung, Reporting und Analyse auf ein neues Level heben.<\/p>\n<p>&nbsp;<\/p>\n<p><strong>Beispiele f\u00fcr Success Stories:<\/strong><\/p>\n<ul>\n<li>Einf\u00fchrung von Jedox als integrierte Planungsplattform im Mittelstand<\/li>\n<li>Optimierung der Finanzplanung bei internationalen Konzernen<\/li>\n<li>Digitalisierung von Controlling-Prozessen im \u00f6ffentlichen Sektor<\/li>\n<\/ul>\n                                    <\/div>\n                                            <\/div>\n            <div class=\"contentPart-image width-50 trans \">\n                                                    <img decoding=\"async\" src=\"https:\/\/orise.com\/wp-content\/uploads\/sites\/71\/2025\/11\/shutterstock_2552026011.jpg?w=1024\" alt=\"\" class=\"textbildimg\">\n                            <\/div>\n        <\/div>\n    <\/div>\n\n\n    <div id=\"imagetext_textvariation-block_5c0d19b184d0b8f3561f490ec3a36a84\" class=\"content-row content-row-textvariation bg-base    textvariation\">\n        <div class=\"contentPart-inner\">\n            <div class=\"contentPart-text\">\n                                                    <div class=\"subline trans\">\n                        L\u00f6sungen f\u00fcr Ihre Branche                    <\/div>\n                            <\/div>\n                            <div class=\"contentPart-textbox width-50 textInput trans\">\n                    <p>Unsere Success Stories zeigen, wie flexibel und leistungsstark Jedox-L\u00f6sungen sind. Ob Controlling, Finanzen, Vertrieb oder IT \u2013 wir entwickeln gemeinsam mit Ihnen die passende L\u00f6sung f\u00fcr Ihre Anforderungen.<\/p>\n<p>&nbsp;<\/p>\n<p><strong>Mehr erfahren:\u00a0 <\/strong><a href=\"https:\/\/orise.com\/success-stories-sap-jedox\/\"><strong>https:\/\/orise.com\/success-stories-sap-jedox\/<\/strong><\/a><\/p>\n                <\/div>\n                                <\/div>\n                    <\/div>\n\n\n    <div id=\"imagetext_textvariation-block_de03b1b92d418ab90e49d482d381b529\" class=\"content-row content-row-textvariation background_blue    textvariation\">\n        <div class=\"contentPart-inner\">\n            <div class=\"contentPart-text\">\n                                    <h2 class=\"text-blue content-row-headline trans\">\n                        Jetzt Kontakt aufnehmen und gemeinsam durchstarten!                    <\/h2>\n                                            <\/div>\n                            <div class=\"contentPart-textbox width-50 textInput trans\">\n                    <p>Sie m\u00f6chten mehr \u00fcber unsere Jedox-L\u00f6sungen, unsere Auszeichnungen oder konkrete Success Stories erfahren?<\/p>\n<p>Nutzen Sie unsere langj\u00e4hrige Erfahrung als Jedox Platin Partner und SAP Gold Partner f\u00fcr Ihr Unternehmen!<\/p>\n<p>&nbsp;<\/p>\n                <\/div>\n                                        <div class=\"contentPart-textbox contentPart-textbox_2 textInput width-50 trans\">\n                    <p><strong>Kontaktieren Sie uns jetzt f\u00fcr ein unverbindliches Beratungsgespr\u00e4ch \u2013 gemeinsam finden wir die optimale L\u00f6sung f\u00fcr Ihre Planung und Ihr Reporting.<\/strong><\/p>\n                <\/div>\n                    <\/div>\n                    <\/div>\n\n\n    <div id=\"contactform-block_197cffd31f57b7c8d8846c1107cf6827\" class=\"content-row content-row-contactform  background_darken contactform\">\n        <div class=\"contentPart-inner\">\n\n            <div class=\"contentPart-text width-100\">\n                                    <h2 class=\"text-blue content-row-headline trans\">\n                        Jetzt Kontakt aufnehmen                    <\/h2>\n                            <\/div>\n\n            <div class=\"contactform-wrapper trans\">\n                                    <iframe src=\"https:\/\/go.atsautomation.com\/l\/651873\/2025-06-04\/h7yqym\" class=\"form-iframe form-iframe-contactform\" data-cookieconsent=\"marketing\"><\/iframe>\n                            <\/div>\n\n        <\/div>\n    <\/div>\n","protected":false},"excerpt":{"rendered":"","protected":false},"author":617,"featured_media":0,"parent":0,"menu_order":0,"comment_status":"closed","ping_status":"closed","template":"","meta":{"_acf_changed":false,"_cr_original_post":"","_cr_replace_post_id":"","_cr_replacing_post_id":"","footnotes":""},"class_list":["post-33733","page","type-page","status-publish","hentry"],"yoast_head":"<!-- This site is optimized with the Yoast SEO Premium plugin v26.8 (Yoast SEO v26.8) - https:\/\/yoast.com\/product\/yoast-seo-premium-wordpress\/ -->\n<title>Jedox Partnerschaft | Orise<\/title>\n<meta name=\"description\" content=\"Erleben Sie die Vorteile unserer Partnerschaft mit Jedox: Solution Partner of the Year, SAP Gold Partner, innovative Planungsl\u00f6sungen, Success Stories und umfassende Beratung f\u00fcr Ihre Unternehmensplanung.\" \/>\n<meta name=\"robots\" content=\"index, follow, max-snippet:-1, max-image-preview:large, max-video-preview:-1\" \/>\n<link rel=\"canonical\" href=\"https:\/\/orise.com\/de\/jedox-partnerschaft\/\" \/>\n<meta property=\"og:locale\" content=\"de_DE\" \/>\n<meta property=\"og:type\" content=\"article\" \/>\n<meta property=\"og:title\" content=\"Jedox Partnerschaft\" \/>\n<meta property=\"og:description\" content=\"Erleben Sie die Vorteile unserer Partnerschaft mit Jedox: Solution Partner of the Year, SAP Gold Partner, innovative Planungsl\u00f6sungen, Success Stories und umfassende Beratung f\u00fcr Ihre Unternehmensplanung.\" \/>\n<meta property=\"og:url\" content=\"https:\/\/orise.com\/de\/jedox-partnerschaft\/\" \/>\n<meta property=\"og:site_name\" content=\"Orise\" \/>\n<meta property=\"article:modified_time\" content=\"2026-01-21T16:27:30+00:00\" \/>\n<meta name=\"twitter:card\" content=\"summary_large_image\" \/>\n<script type=\"application\/ld+json\" class=\"yoast-schema-graph\">{\"@context\":\"https:\/\/schema.org\",\"@graph\":[{\"@type\":\"WebPage\",\"@id\":\"https:\/\/orise.com\/de\/jedox-partnerschaft\/\",\"url\":\"https:\/\/orise.com\/de\/jedox-partnerschaft\/\",\"name\":\"Jedox Partnerschaft | Orise\",\"isPartOf\":{\"@id\":\"https:\/\/orise.com\/de\/#website\"},\"datePublished\":\"2026-01-21T13:55:29+00:00\",\"dateModified\":\"2026-01-21T16:27:30+00:00\",\"description\":\"Erleben Sie die Vorteile unserer Partnerschaft mit Jedox: Solution Partner of the Year, SAP Gold Partner, innovative Planungsl\u00f6sungen, Success Stories und umfassende Beratung f\u00fcr Ihre Unternehmensplanung.\",\"breadcrumb\":{\"@id\":\"https:\/\/orise.com\/de\/jedox-partnerschaft\/#breadcrumb\"},\"inLanguage\":\"de-DE\",\"potentialAction\":[{\"@type\":\"ReadAction\",\"target\":[\"https:\/\/orise.com\/de\/jedox-partnerschaft\/\"]}]},{\"@type\":\"BreadcrumbList\",\"@id\":\"https:\/\/orise.com\/de\/jedox-partnerschaft\/#breadcrumb\",\"itemListElement\":[{\"@type\":\"ListItem\",\"position\":1,\"name\":\"Home\",\"item\":\"https:\/\/orise.com\/de\/\"},{\"@type\":\"ListItem\",\"position\":2,\"name\":\"Jedox Partnerschaft\"}]},{\"@type\":\"WebSite\",\"@id\":\"https:\/\/orise.com\/de\/#website\",\"url\":\"https:\/\/orise.com\/de\/\",\"name\":\"Orise\",\"description\":\"Unlock your full potential.\",\"publisher\":{\"@id\":\"https:\/\/orise.com\/de\/#organization\"},\"potentialAction\":[{\"@type\":\"SearchAction\",\"target\":{\"@type\":\"EntryPoint\",\"urlTemplate\":\"https:\/\/orise.com\/de\/?s={search_term_string}\"},\"query-input\":{\"@type\":\"PropertyValueSpecification\",\"valueRequired\":true,\"valueName\":\"search_term_string\"}}],\"inLanguage\":\"de-DE\"},{\"@type\":\"Organization\",\"@id\":\"https:\/\/orise.com\/de\/#organization\",\"name\":\"Orise\",\"url\":\"https:\/\/orise.com\/de\/\",\"logo\":{\"@type\":\"ImageObject\",\"inLanguage\":\"de-DE\",\"@id\":\"https:\/\/orise.com\/de\/#\/schema\/logo\/image\/\",\"url\":\"https:\/\/orise.com\/wp-content\/uploads\/sites\/71\/2025\/04\/cropped-Orise-Circle-Icon-Website-V1-1.png\",\"contentUrl\":\"https:\/\/orise.com\/wp-content\/uploads\/sites\/71\/2025\/04\/cropped-Orise-Circle-Icon-Website-V1-1.png\",\"width\":512,\"height\":512,\"caption\":\"Orise\"},\"image\":{\"@id\":\"https:\/\/orise.com\/de\/#\/schema\/logo\/image\/\"}}]}<\/script>\n<!-- \/ Yoast SEO Premium plugin. -->","yoast_head_json":{"title":"Jedox Partnerschaft | Orise","description":"Erleben Sie die Vorteile unserer Partnerschaft mit Jedox: Solution Partner of the Year, SAP Gold Partner, innovative Planungsl\u00f6sungen, Success Stories und umfassende Beratung f\u00fcr Ihre Unternehmensplanung.","robots":{"index":"index","follow":"follow","max-snippet":"max-snippet:-1","max-image-preview":"max-image-preview:large","max-video-preview":"max-video-preview:-1"},"canonical":"https:\/\/orise.com\/de\/jedox-partnerschaft\/","og_locale":"de_DE","og_type":"article","og_title":"Jedox Partnerschaft","og_description":"Erleben Sie die Vorteile unserer Partnerschaft mit Jedox: Solution Partner of the Year, SAP Gold Partner, innovative Planungsl\u00f6sungen, Success Stories und umfassende Beratung f\u00fcr Ihre Unternehmensplanung.","og_url":"https:\/\/orise.com\/de\/jedox-partnerschaft\/","og_site_name":"Orise","article_modified_time":"2026-01-21T16:27:30+00:00","twitter_card":"summary_large_image","schema":{"@context":"https:\/\/schema.org","@graph":[{"@type":"WebPage","@id":"https:\/\/orise.com\/de\/jedox-partnerschaft\/","url":"https:\/\/orise.com\/de\/jedox-partnerschaft\/","name":"Jedox Partnerschaft | Orise","isPartOf":{"@id":"https:\/\/orise.com\/de\/#website"},"datePublished":"2026-01-21T13:55:29+00:00","dateModified":"2026-01-21T16:27:30+00:00","description":"Erleben Sie die Vorteile unserer Partnerschaft mit Jedox: Solution Partner of the Year, SAP Gold Partner, innovative Planungsl\u00f6sungen, Success Stories und umfassende Beratung f\u00fcr Ihre Unternehmensplanung.","breadcrumb":{"@id":"https:\/\/orise.com\/de\/jedox-partnerschaft\/#breadcrumb"},"inLanguage":"de-DE","potentialAction":[{"@type":"ReadAction","target":["https:\/\/orise.com\/de\/jedox-partnerschaft\/"]}]},{"@type":"BreadcrumbList","@id":"https:\/\/orise.com\/de\/jedox-partnerschaft\/#breadcrumb","itemListElement":[{"@type":"ListItem","position":1,"name":"Home","item":"https:\/\/orise.com\/de\/"},{"@type":"ListItem","position":2,"name":"Jedox Partnerschaft"}]},{"@type":"WebSite","@id":"https:\/\/orise.com\/de\/#website","url":"https:\/\/orise.com\/de\/","name":"Orise","description":"Unlock your full potential.","publisher":{"@id":"https:\/\/orise.com\/de\/#organization"},"potentialAction":[{"@type":"SearchAction","target":{"@type":"EntryPoint","urlTemplate":"https:\/\/orise.com\/de\/?s={search_term_string}"},"query-input":{"@type":"PropertyValueSpecification","valueRequired":true,"valueName":"search_term_string"}}],"inLanguage":"de-DE"},{"@type":"Organization","@id":"https:\/\/orise.com\/de\/#organization","name":"Orise","url":"https:\/\/orise.com\/de\/","logo":{"@type":"ImageObject","inLanguage":"de-DE","@id":"https:\/\/orise.com\/de\/#\/schema\/logo\/image\/","url":"https:\/\/orise.com\/wp-content\/uploads\/sites\/71\/2025\/04\/cropped-Orise-Circle-Icon-Website-V1-1.png","contentUrl":"https:\/\/orise.com\/wp-content\/uploads\/sites\/71\/2025\/04\/cropped-Orise-Circle-Icon-Website-V1-1.png","width":512,"height":512,"caption":"Orise"},"image":{"@id":"https:\/\/orise.com\/de\/#\/schema\/logo\/image\/"}}]}},"acf":[],"_links":{"self":[{"href":"https:\/\/orise.com\/de\/wp-json\/wp\/v2\/pages\/33733","targetHints":{"allow":["GET"]}}],"collection":[{"href":"https:\/\/orise.com\/de\/wp-json\/wp\/v2\/pages"}],"about":[{"href":"https:\/\/orise.com\/de\/wp-json\/wp\/v2\/types\/page"}],"author":[{"embeddable":true,"href":"https:\/\/orise.com\/de\/wp-json\/wp\/v2\/users\/617"}],"replies":[{"embeddable":true,"href":"https:\/\/orise.com\/de\/wp-json\/wp\/v2\/comments?post=33733"}],"version-history":[{"count":13,"href":"https:\/\/orise.com\/de\/wp-json\/wp\/v2\/pages\/33733\/revisions"}],"predecessor-version":[{"id":33801,"href":"https:\/\/orise.com\/de\/wp-json\/wp\/v2\/pages\/33733\/revisions\/33801"}],"wp:attachment":[{"href":"https:\/\/orise.com\/de\/wp-json\/wp\/v2\/media?parent=33733"}],"curies":[{"name":"wp","href":"https:\/\/api.w.org\/{rel}","templated":true}]}}