{"id":33810,"date":"2026-04-15T07:09:20","date_gmt":"2026-04-15T07:09:20","guid":{"rendered":"https:\/\/orise.com\/?page_id=33810"},"modified":"2026-04-29T14:17:43","modified_gmt":"2026-04-29T14:17:43","slug":"aws-operations","status":"publish","type":"page","link":"https:\/\/orise.com\/de\/sap\/aws-operations\/","title":{"rendered":"AWS Operations"},"content":{"rendered":"<div id=\"pageheader-block_87b6fe2d1fa1ad66ca99faa6a65b3b7a\" class=\"content-row content-row-pageheader bg-base pageheader\">\n        <div class=\"contentPart-fixed\">\n        <div class=\"contentPart-inner\">\n            <div class=\"contentPart-text width-100\">\n                <h1>\n                                        AWS Operations \u2013 Plattform Services auf Hyperscaler-Ressourcen                                     <\/h1>\n                <h2 class=\"trans\">\n                                        Ihr gesamtes IT-Portfolio flexibel auf AWS betreiben                                     <\/h2>\n                                            <\/div>\n        <\/div>\n    <\/div>\n    <div class=\"slidedown-button editor-hide\">\n        <span class=\"slidedown-label\">Mehr erfahren<\/span>\n        <img decoding=\"async\" src=\"https:\/\/orise.com\/wp-content\/themes\/ats-orise\/img\/doubble-arrow-down.svg\" alt=\"\"\n            class=\"slidedown-icon\">\n    <\/div>\n<\/div>\n\n\n\n    <div id=\"image_banner-block_e97659ffe0b3412ad6c0facd8d929b9f\" class=\"content-row content-row-imagebanner trans bg-base image_banner test\">\n                                                <img decoding=\"async\" src=\"https:\/\/orise.com\/wp-content\/uploads\/sites\/71\/2025\/10\/shutterstock_1169956426.jpg?w=1920&#038;h=0&#038;crop=1\" alt=\"\" class=\"fullscreen\">\n            <\/div>\n\n\n\n    <div id=\"imagetext_textvariation-block_1d390ffd21bf036718e9433489968576\" class=\"content-row content-row-textvariation background_blue    textvariation\">\n        <div class=\"contentPart-inner\">\n            <div class=\"contentPart-text\">\n                                    <h2 class=\"text-blue content-row-headline trans\">\n                        AWS Operations \u2013 Skalierbare Plattform-Services f\u00fcr Ihr Unternehmen                     <\/h2>\n                                            <\/div>\n                            <div class=\"contentPart-textbox width-50 textInput trans\">\n                    <p><b><span data-contrast=\"auto\">\u2022 Volle Flexibilit\u00e4t \u2013 auch f\u00fcr bestehende AWS-Ressourcen<\/span><\/b><span data-ccp-props=\"{}\">\u00a0<\/span><\/p>\n<p><span data-contrast=\"auto\">Wir erm\u00f6glichen Ihnen, Ihr gesamtes IT-Portfolio \u2013 von klassischen Anwendungen bis zu komplexen Plattform-Services \u2013 direkt auf AWS (Amazon Web Services) zu betreiben. Egal, ob Sie bereits Ressourcen in AWS nutzen oder einen Umzug planen: Wir unterst\u00fctzen Sie bei der optimalen Nutzung und Integration Ihrer Systeme.<\/span><span data-ccp-props=\"{}\">\u00a0<\/span><\/p>\n<p>&nbsp;<\/p>\n<p><b><span data-contrast=\"auto\">\u2022 Kostenkontrolle durch Fixpreis \u2013 Schluss mit unvorhersehbaren Ausgaben<\/span><\/b><span data-ccp-props=\"{}\">\u00a0<\/span><\/p>\n<p><span data-contrast=\"auto\">Ein h\u00e4ufiges Problem bei\u00a0Hyperscalern\u00a0wie AWS sind schwer kalkulierbare Traffic- und Betriebskosten. Wir bieten Ihnen ein transparentes, kontrollierbares Kostenmodell mit Fixpreis \u2013 f\u00fcr maximale Planungssicherheit und Budgetkontrolle. So vermeiden Sie b\u00f6se \u00dcberraschungen bei der monatlichen Abrechnung.<\/span><span data-ccp-props=\"{}\">\u00a0<\/span><\/p>\n                <\/div>\n                                        <div class=\"contentPart-textbox contentPart-textbox_2 textInput width-50 trans\">\n                    <p><b><span data-contrast=\"auto\">\u2022 Tenant- und Account-Management \u2013 kein eigenes Fachpersonal mehr notwendig<\/span><\/b><span data-ccp-props=\"{}\">\u00a0<\/span><\/p>\n<p><span data-contrast=\"auto\">Wir \u00fcbernehmen das komplette Management Ihres AWS\u00a0Tenants\u00a0bzw. Accounts. Sie ben\u00f6tigen kein speziell ausgebildetes Fachpersonal mehr f\u00fcr die Verwaltung Ihrer Cloud-Ressourcen. Unser erfahrenes Team sorgt f\u00fcr den reibungslosen Betrieb, Sicherheit, Monitoring und Support \u2013 damit Sie sich auf Ihr Kerngesch\u00e4ft konzentrieren k\u00f6nnen.<\/span><span data-ccp-props=\"{}\">\u00a0<\/span><\/p>\n                <\/div>\n                    <\/div>\n                    <\/div>\n\n\n    <div id=\"imagetext_textvariation-block_494dc0ec50452b9312d77b210fafb2c9\" class=\"content-row content-row-textvariation background_darken    textvariation\">\n        <div class=\"contentPart-inner\">\n            <div class=\"contentPart-text\">\n                                    <h2 class=\"text-blue content-row-headline trans\">\n                         Ihre Vorteile auf einen Blick                     <\/h2>\n                                            <\/div>\n                            <div class=\"contentPart-textbox width-50 textInput trans\">\n                    <ul>\n<li data-leveltext=\"\uf0b7\" data-font=\"Symbol\" data-listid=\"2\" data-list-defn-props=\"{&quot;335552541&quot;:1,&quot;335559685&quot;:720,&quot;335559991&quot;:360,&quot;469769226&quot;:&quot;Symbol&quot;,&quot;469769242&quot;:[8226],&quot;469777803&quot;:&quot;left&quot;,&quot;469777804&quot;:&quot;\uf0b7&quot;,&quot;469777815&quot;:&quot;multilevel&quot;}\" data-aria-posinset=\"1\" data-aria-level=\"1\"><b><span data-contrast=\"auto\">Betrieb des gesamten IT-Portfolios auf AWS<\/span><\/b><span data-contrast=\"auto\">\u00a0\u2013 flexibel, sicher und skalierbar<\/span><span data-ccp-props=\"{}\">\u00a0<\/span><\/li>\n<\/ul>\n<ul>\n<li data-leveltext=\"\uf0b7\" data-font=\"Symbol\" data-listid=\"2\" data-list-defn-props=\"{&quot;335552541&quot;:1,&quot;335559685&quot;:720,&quot;335559991&quot;:360,&quot;469769226&quot;:&quot;Symbol&quot;,&quot;469769242&quot;:[8226],&quot;469777803&quot;:&quot;left&quot;,&quot;469777804&quot;:&quot;\uf0b7&quot;,&quot;469777815&quot;:&quot;multilevel&quot;}\" data-aria-posinset=\"2\" data-aria-level=\"1\"><b><span data-contrast=\"auto\">Integration bestehender AWS-Ressourcen<\/span><\/b><span data-contrast=\"auto\">\u00a0\u2013 nahtlose Migration und Optimierung<\/span><span data-ccp-props=\"{}\">\u00a0<\/span><\/li>\n<\/ul>\n<ul>\n<li data-leveltext=\"\uf0b7\" data-font=\"Symbol\" data-listid=\"2\" data-list-defn-props=\"{&quot;335552541&quot;:1,&quot;335559685&quot;:720,&quot;335559991&quot;:360,&quot;469769226&quot;:&quot;Symbol&quot;,&quot;469769242&quot;:[8226],&quot;469777803&quot;:&quot;left&quot;,&quot;469777804&quot;:&quot;\uf0b7&quot;,&quot;469777815&quot;:&quot;multilevel&quot;}\" data-aria-posinset=\"3\" data-aria-level=\"1\"><b><span data-contrast=\"auto\">Fixpreis-Modell<\/span><\/b><span data-contrast=\"auto\">\u00a0\u2013 volle Kostenkontrolle, keine versteckten Geb\u00fchren<\/span><span data-ccp-props=\"{}\">\u00a0<\/span><\/li>\n<\/ul>\n                <\/div>\n                                        <div class=\"contentPart-textbox contentPart-textbox_2 textInput width-50 trans\">\n                    <ul>\n<li data-leveltext=\"\uf0b7\" data-font=\"Symbol\" data-listid=\"2\" data-list-defn-props=\"{&quot;335552541&quot;:1,&quot;335559685&quot;:720,&quot;335559991&quot;:360,&quot;469769226&quot;:&quot;Symbol&quot;,&quot;469769242&quot;:[8226],&quot;469777803&quot;:&quot;left&quot;,&quot;469777804&quot;:&quot;\uf0b7&quot;,&quot;469777815&quot;:&quot;multilevel&quot;}\" data-aria-posinset=\"4\" data-aria-level=\"1\"><b><span data-contrast=\"auto\">Komplettes\u00a0Tenant-\/Account-Management<\/span><\/b><span data-contrast=\"auto\">\u00a0\u2013 kein eigenes Cloud-Fachpersonal notwendig<\/span><span data-ccp-props=\"{}\">\u00a0<\/span><\/li>\n<\/ul>\n<ul>\n<li data-leveltext=\"\uf0b7\" data-font=\"Symbol\" data-listid=\"2\" data-list-defn-props=\"{&quot;335552541&quot;:1,&quot;335559685&quot;:720,&quot;335559991&quot;:360,&quot;469769226&quot;:&quot;Symbol&quot;,&quot;469769242&quot;:[8226],&quot;469777803&quot;:&quot;left&quot;,&quot;469777804&quot;:&quot;\uf0b7&quot;,&quot;469777815&quot;:&quot;multilevel&quot;}\" data-aria-posinset=\"5\" data-aria-level=\"1\"><b><span data-contrast=\"auto\">Optimierung der Traffic-Kosten<\/span><\/b><span data-contrast=\"auto\">\u00a0\u2013 gezielte Beratung und technische Umsetzung<\/span><span data-ccp-props=\"{}\">\u00a0<\/span><\/li>\n<\/ul>\n                <\/div>\n                    <\/div>\n                    <\/div>\n\n\n<div id=\"highlight-box-block_b4210b5a8136b1b503f4c98ca1c8f7ec\"\n    class=\"content-row content-row-highlightbox trans highlightbox bg-base\">\n    <div class=\"contentPart-inner\">\n        <div class=\"contentPart-text\">\n            <div class=\"contentPart-text-inner\">\n                                <h2>Jetzt beraten lassen! <\/h2>\n                                                <div class=\"text\">\n                    Sie m\u00f6chten Ihre AWS-Umgebung effizienter nutzen, Kosten optimieren oder den Betrieb komplett auslagern?\r\n\r\nKontaktieren Sie uns f\u00fcr eine individuelle Beratung \u2013 gemeinsam finden wir die optimale Strategie f\u00fcr Ihre AWS-Plattform.\u00a0\r\n\r\n\r\n\r\n\r\n                <\/div>\n                <div class=\"links\">\n                                                                                                    <a href=\"mailto:service.de-rot@orise.com\">\n                                                <div class=\"icon_wrap\"><img decoding=\"async\" src=\"https:\/\/orise.com\/wp-content\/uploads\/sites\/71\/2026\/01\/alternate_email.svg?w=1920&#038;h=0&#038;crop=1\"\n                                alt=\"\" class=\"icon\"><\/div>\n                        <p>Beratung anfragen<\/p>\n                                            <\/a>\n                                                        <\/div>\n            <\/div>\n        <\/div>\n        <div class=\"contentPart-image\">\n                                    <img decoding=\"async\" src=\"https:\/\/orise.com\/wp-content\/uploads\/sites\/71\/2025\/12\/shutterstock_1388871755.jpg?w=1920&#038;h=0&#038;crop=1\" alt=\"\"\n                class=\"textbildimg\">\n                    <\/div>\n    <\/div>\n<\/div>\n\n\n    <div id=\"textimage-block_95c033049b22012c5a30b5a0e6b5f98c\" class=\"content-row content-row-textimage background_blue  textimage\">\n        <div class=\"contentPart-inner\">\n            <div class=\"contentPart-text width-50\">\n                <h2 class=\"trans text-blue \">\n                                            Ihr Ansprechpartner                                                                <span class=\"headline_white\">Guido Berndt \u00b7 Vice President Operations<\/span>\n                                    <\/h2>\n                <div class=\"textInput trans\">\n                                            <p>Rheinwaldstra\u00dfe 38<br \/>\n78628 Rottweil<\/p>\n<p>Tel.: 0741 17 44 16 600<br \/>\nE-Mail: <a href=\"mailto:marketing.DE-ROT@orise.com\">marketing.DE-ROT@orise.com<\/a><\/p>\n                                    <\/div>\n                                                    <div class=\"btnrow btnrow-light bold trans\"><a href=\"https:\/\/orise.com\/sap\/\" target=\"_blank\" class=\"animateAll\">Zur\u00fcck zum SAP Solutions Hub<\/a><\/div>\n                            <\/div>\n            <div class=\"contentPart-image width-50 trans \">\n                                                    <img decoding=\"async\" src=\"https:\/\/orise.com\/wp-content\/uploads\/sites\/71\/2026\/01\/Guido-Berndt.png?w=749\" alt=\"\" class=\"textbildimg\">\n                            <\/div>\n        <\/div>\n    <\/div>\n\n\n    <div id=\"contactform-block_55657f803fa192a03c1219f09263929e\" class=\"content-row content-row-contactform  background_darken contactform\">\n        <div class=\"contentPart-inner\">\n\n            <div class=\"contentPart-text width-100\">\n                                    <h2 class=\"text-blue content-row-headline trans\">\n                        Kontaktieren Sie uns noch Heute!                    <\/h2>\n                            <\/div>\n\n            <div class=\"contactform-wrapper trans\">\n                                    <iframe src=\"https:\/\/go.atsautomation.com\/l\/651873\/2025-06-04\/h7yqym\" class=\"form-iframe form-iframe-contactform\" data-cookieconsent=\"marketing\"><\/iframe>\n                            <\/div>\n\n        <\/div>\n    <\/div>\n","protected":false},"excerpt":{"rendered":"","protected":false},"author":617,"featured_media":32713,"parent":22132,"menu_order":0,"comment_status":"closed","ping_status":"closed","template":"","meta":{"_acf_changed":false,"_cr_original_post":"","_cr_replace_post_id":"","_cr_replacing_post_id":"","footnotes":""},"class_list":["post-33810","page","type-page","status-publish","has-post-thumbnail","hentry"],"yoast_head":"<!-- This site is optimized with the Yoast SEO Premium plugin v26.8 (Yoast SEO v26.8) - https:\/\/yoast.com\/product\/yoast-seo-premium-wordpress\/ -->\n<title>AWS Operations | Orise Digital<\/title>\n<meta name=\"description\" content=\"AWS Operations: Plattform Services und IT-Betrieb auf Hyperscaler-Ressourcen. Fixpreis, Kostenkontrolle, Tenant-Management und Integration bestehender AWS-Systeme. Jetzt beraten lassen!\" \/>\n<meta name=\"robots\" content=\"index, follow, max-snippet:-1, max-image-preview:large, max-video-preview:-1\" \/>\n<link rel=\"canonical\" href=\"https:\/\/orise.com\/de\/sap\/aws-operations\/\" \/>\n<meta property=\"og:locale\" content=\"de_DE\" \/>\n<meta property=\"og:type\" content=\"article\" \/>\n<meta property=\"og:title\" content=\"AWS Operations\" \/>\n<meta property=\"og:description\" content=\"AWS Operations: Plattform Services und IT-Betrieb auf Hyperscaler-Ressourcen. Fixpreis, Kostenkontrolle, Tenant-Management und Integration bestehender AWS-Systeme. Jetzt beraten lassen!\" \/>\n<meta property=\"og:url\" content=\"https:\/\/orise.com\/de\/sap\/aws-operations\/\" \/>\n<meta property=\"og:site_name\" content=\"Orise\" \/>\n<meta property=\"article:modified_time\" content=\"2026-04-29T14:17:43+00:00\" \/>\n<meta property=\"og:image\" content=\"https:\/\/orise.com\/wp-content\/uploads\/sites\/71\/2025\/10\/shutterstock_2571639569.jpg?w=768\" \/>\n\t<meta property=\"og:image:width\" content=\"768\" \/>\n\t<meta property=\"og:image:height\" content=\"432\" \/>\n\t<meta property=\"og:image:type\" content=\"image\/jpeg\" \/>\n<meta name=\"twitter:card\" content=\"summary_large_image\" \/>\n<meta name=\"twitter:label1\" content=\"Gesch\u00e4tzte Lesezeit\" \/>\n\t<meta name=\"twitter:data1\" content=\"1 Minute\" \/>\n<script type=\"application\/ld+json\" class=\"yoast-schema-graph\">{\"@context\":\"https:\/\/schema.org\",\"@graph\":[{\"@type\":\"WebPage\",\"@id\":\"https:\/\/orise.com\/de\/sap\/aws-operations\/\",\"url\":\"https:\/\/orise.com\/de\/sap\/aws-operations\/\",\"name\":\"AWS Operations | Orise Digital\",\"isPartOf\":{\"@id\":\"https:\/\/orise.com\/de\/#website\"},\"primaryImageOfPage\":{\"@id\":\"https:\/\/orise.com\/de\/sap\/aws-operations\/#primaryimage\"},\"image\":{\"@id\":\"https:\/\/orise.com\/de\/sap\/aws-operations\/#primaryimage\"},\"thumbnailUrl\":\"https:\/\/orise.com\/wp-content\/uploads\/sites\/71\/2025\/10\/shutterstock_2571639569.jpg\",\"datePublished\":\"2026-04-15T07:09:20+00:00\",\"dateModified\":\"2026-04-29T14:17:43+00:00\",\"description\":\"AWS Operations: Plattform Services und IT-Betrieb auf Hyperscaler-Ressourcen. Fixpreis, Kostenkontrolle, Tenant-Management und Integration bestehender AWS-Systeme. Jetzt beraten lassen!\",\"breadcrumb\":{\"@id\":\"https:\/\/orise.com\/de\/sap\/aws-operations\/#breadcrumb\"},\"inLanguage\":\"de-DE\",\"potentialAction\":[{\"@type\":\"ReadAction\",\"target\":[\"https:\/\/orise.com\/de\/sap\/aws-operations\/\"]}]},{\"@type\":\"ImageObject\",\"inLanguage\":\"de-DE\",\"@id\":\"https:\/\/orise.com\/de\/sap\/aws-operations\/#primaryimage\",\"url\":\"https:\/\/orise.com\/wp-content\/uploads\/sites\/71\/2025\/10\/shutterstock_2571639569.jpg\",\"contentUrl\":\"https:\/\/orise.com\/wp-content\/uploads\/sites\/71\/2025\/10\/shutterstock_2571639569.jpg\",\"width\":7300,\"height\":4106},{\"@type\":\"BreadcrumbList\",\"@id\":\"https:\/\/orise.com\/de\/sap\/aws-operations\/#breadcrumb\",\"itemListElement\":[{\"@type\":\"ListItem\",\"position\":1,\"name\":\"Home\",\"item\":\"https:\/\/orise.com\/de\/\"},{\"@type\":\"ListItem\",\"position\":2,\"name\":\"SAP\",\"item\":\"https:\/\/orise.com\/de\/sap\/\"},{\"@type\":\"ListItem\",\"position\":3,\"name\":\"AWS Operations\"}]},{\"@type\":\"WebSite\",\"@id\":\"https:\/\/orise.com\/de\/#website\",\"url\":\"https:\/\/orise.com\/de\/\",\"name\":\"Orise\",\"description\":\"Unlock your full potential.\",\"publisher\":{\"@id\":\"https:\/\/orise.com\/de\/#organization\"},\"potentialAction\":[{\"@type\":\"SearchAction\",\"target\":{\"@type\":\"EntryPoint\",\"urlTemplate\":\"https:\/\/orise.com\/de\/?s={search_term_string}\"},\"query-input\":{\"@type\":\"PropertyValueSpecification\",\"valueRequired\":true,\"valueName\":\"search_term_string\"}}],\"inLanguage\":\"de-DE\"},{\"@type\":\"Organization\",\"@id\":\"https:\/\/orise.com\/de\/#organization\",\"name\":\"Orise\",\"url\":\"https:\/\/orise.com\/de\/\",\"logo\":{\"@type\":\"ImageObject\",\"inLanguage\":\"de-DE\",\"@id\":\"https:\/\/orise.com\/de\/#\/schema\/logo\/image\/\",\"url\":\"https:\/\/orise.com\/wp-content\/uploads\/sites\/71\/2025\/04\/cropped-Orise-Circle-Icon-Website-V1-1.png\",\"contentUrl\":\"https:\/\/orise.com\/wp-content\/uploads\/sites\/71\/2025\/04\/cropped-Orise-Circle-Icon-Website-V1-1.png\",\"width\":512,\"height\":512,\"caption\":\"Orise\"},\"image\":{\"@id\":\"https:\/\/orise.com\/de\/#\/schema\/logo\/image\/\"}}]}<\/script>\n<!-- \/ Yoast SEO Premium plugin. -->","yoast_head_json":{"title":"AWS Operations | Orise Digital","description":"AWS Operations: Plattform Services und IT-Betrieb auf Hyperscaler-Ressourcen. Fixpreis, Kostenkontrolle, Tenant-Management und Integration bestehender AWS-Systeme. Jetzt beraten lassen!","robots":{"index":"index","follow":"follow","max-snippet":"max-snippet:-1","max-image-preview":"max-image-preview:large","max-video-preview":"max-video-preview:-1"},"canonical":"https:\/\/orise.com\/de\/sap\/aws-operations\/","og_locale":"de_DE","og_type":"article","og_title":"AWS Operations","og_description":"AWS Operations: Plattform Services und IT-Betrieb auf Hyperscaler-Ressourcen. Fixpreis, Kostenkontrolle, Tenant-Management und Integration bestehender AWS-Systeme. Jetzt beraten lassen!","og_url":"https:\/\/orise.com\/de\/sap\/aws-operations\/","og_site_name":"Orise","article_modified_time":"2026-04-29T14:17:43+00:00","og_image":[{"url":"https:\/\/orise.com\/wp-content\/uploads\/sites\/71\/2025\/10\/shutterstock_2571639569.jpg?w=768","width":768,"height":432,"type":"image\/jpeg"}],"twitter_card":"summary_large_image","twitter_misc":{"Gesch\u00e4tzte Lesezeit":"1 Minute"},"schema":{"@context":"https:\/\/schema.org","@graph":[{"@type":"WebPage","@id":"https:\/\/orise.com\/de\/sap\/aws-operations\/","url":"https:\/\/orise.com\/de\/sap\/aws-operations\/","name":"AWS Operations | Orise Digital","isPartOf":{"@id":"https:\/\/orise.com\/de\/#website"},"primaryImageOfPage":{"@id":"https:\/\/orise.com\/de\/sap\/aws-operations\/#primaryimage"},"image":{"@id":"https:\/\/orise.com\/de\/sap\/aws-operations\/#primaryimage"},"thumbnailUrl":"https:\/\/orise.com\/wp-content\/uploads\/sites\/71\/2025\/10\/shutterstock_2571639569.jpg","datePublished":"2026-04-15T07:09:20+00:00","dateModified":"2026-04-29T14:17:43+00:00","description":"AWS Operations: Plattform Services und IT-Betrieb auf Hyperscaler-Ressourcen. Fixpreis, Kostenkontrolle, Tenant-Management und Integration bestehender AWS-Systeme. Jetzt beraten lassen!","breadcrumb":{"@id":"https:\/\/orise.com\/de\/sap\/aws-operations\/#breadcrumb"},"inLanguage":"de-DE","potentialAction":[{"@type":"ReadAction","target":["https:\/\/orise.com\/de\/sap\/aws-operations\/"]}]},{"@type":"ImageObject","inLanguage":"de-DE","@id":"https:\/\/orise.com\/de\/sap\/aws-operations\/#primaryimage","url":"https:\/\/orise.com\/wp-content\/uploads\/sites\/71\/2025\/10\/shutterstock_2571639569.jpg","contentUrl":"https:\/\/orise.com\/wp-content\/uploads\/sites\/71\/2025\/10\/shutterstock_2571639569.jpg","width":7300,"height":4106},{"@type":"BreadcrumbList","@id":"https:\/\/orise.com\/de\/sap\/aws-operations\/#breadcrumb","itemListElement":[{"@type":"ListItem","position":1,"name":"Home","item":"https:\/\/orise.com\/de\/"},{"@type":"ListItem","position":2,"name":"SAP","item":"https:\/\/orise.com\/de\/sap\/"},{"@type":"ListItem","position":3,"name":"AWS Operations"}]},{"@type":"WebSite","@id":"https:\/\/orise.com\/de\/#website","url":"https:\/\/orise.com\/de\/","name":"Orise","description":"Unlock your full potential.","publisher":{"@id":"https:\/\/orise.com\/de\/#organization"},"potentialAction":[{"@type":"SearchAction","target":{"@type":"EntryPoint","urlTemplate":"https:\/\/orise.com\/de\/?s={search_term_string}"},"query-input":{"@type":"PropertyValueSpecification","valueRequired":true,"valueName":"search_term_string"}}],"inLanguage":"de-DE"},{"@type":"Organization","@id":"https:\/\/orise.com\/de\/#organization","name":"Orise","url":"https:\/\/orise.com\/de\/","logo":{"@type":"ImageObject","inLanguage":"de-DE","@id":"https:\/\/orise.com\/de\/#\/schema\/logo\/image\/","url":"https:\/\/orise.com\/wp-content\/uploads\/sites\/71\/2025\/04\/cropped-Orise-Circle-Icon-Website-V1-1.png","contentUrl":"https:\/\/orise.com\/wp-content\/uploads\/sites\/71\/2025\/04\/cropped-Orise-Circle-Icon-Website-V1-1.png","width":512,"height":512,"caption":"Orise"},"image":{"@id":"https:\/\/orise.com\/de\/#\/schema\/logo\/image\/"}}]}},"acf":[],"_links":{"self":[{"href":"https:\/\/orise.com\/de\/wp-json\/wp\/v2\/pages\/33810","targetHints":{"allow":["GET"]}}],"collection":[{"href":"https:\/\/orise.com\/de\/wp-json\/wp\/v2\/pages"}],"about":[{"href":"https:\/\/orise.com\/de\/wp-json\/wp\/v2\/types\/page"}],"author":[{"embeddable":true,"href":"https:\/\/orise.com\/de\/wp-json\/wp\/v2\/users\/617"}],"replies":[{"embeddable":true,"href":"https:\/\/orise.com\/de\/wp-json\/wp\/v2\/comments?post=33810"}],"version-history":[{"count":11,"href":"https:\/\/orise.com\/de\/wp-json\/wp\/v2\/pages\/33810\/revisions"}],"predecessor-version":[{"id":36528,"href":"https:\/\/orise.com\/de\/wp-json\/wp\/v2\/pages\/33810\/revisions\/36528"}],"up":[{"embeddable":true,"href":"https:\/\/orise.com\/de\/wp-json\/wp\/v2\/pages\/22132"}],"wp:featuredmedia":[{"embeddable":true,"href":"https:\/\/orise.com\/de\/wp-json\/wp\/v2\/media\/32713"}],"wp:attachment":[{"href":"https:\/\/orise.com\/de\/wp-json\/wp\/v2\/media?parent=33810"}],"curies":[{"name":"wp","href":"https:\/\/api.w.org\/{rel}","templated":true}]}}