{"id":33912,"date":"2026-04-08T09:25:03","date_gmt":"2026-04-08T09:25:03","guid":{"rendered":"https:\/\/orise.com\/?page_id=33912"},"modified":"2026-04-29T14:18:13","modified_gmt":"2026-04-29T14:18:13","slug":"azure-operations","status":"publish","type":"page","link":"https:\/\/orise.com\/de\/sap\/azure-operations\/","title":{"rendered":"Azure\u00a0Operations"},"content":{"rendered":"<div id=\"pageheader-block_d9b40a1657c5da1e99fb92459ad264c2\" class=\"content-row content-row-pageheader background_blue pageheader\">\n        <div class=\"contentPart-fixed\">\n        <div class=\"contentPart-inner\">\n            <div class=\"contentPart-text width-100\">\n                <h1>\n                                        Azure Operations \u2013 Plattform Services auf Microsoft Azure                                     <\/h1>\n                <h2 class=\"trans\">\n                                        Ihr gesamtes IT-Portfolio flexibel auf Azure betreiben                                     <\/h2>\n                                            <\/div>\n        <\/div>\n    <\/div>\n    <div class=\"slidedown-button editor-hide\">\n        <span class=\"slidedown-label\">Mehr erfahren<\/span>\n        <img decoding=\"async\" src=\"https:\/\/orise.com\/wp-content\/themes\/ats-orise\/img\/doubble-arrow-down.svg\" alt=\"\"\n            class=\"slidedown-icon\">\n    <\/div>\n<\/div>\n\n\n\n    <div id=\"image_banner-block_4b8b66b4b73008bde7b54a6b497f8137\" class=\"content-row content-row-imagebanner trans bg-base image_banner test\">\n                                                <img decoding=\"async\" src=\"https:\/\/orise.com\/wp-content\/uploads\/sites\/71\/2025\/07\/Firefly_SAP-business-software-interface-on-large-screen-in-a-professional-workspace-team-dis-533748.jpg?w=1920&#038;h=0&#038;crop=1\" alt=\"\" class=\"fullscreen\">\n            <\/div>\n\n\n\n    <div id=\"imagetext_textvariation-block_fdddc1f06be0c0aefbb33dcb7b0a531d\" class=\"content-row content-row-textvariation background_blue    textvariation\">\n        <div class=\"contentPart-inner\">\n            <div class=\"contentPart-text\">\n                                    <h2 class=\"text-blue content-row-headline trans\">\n                        Azure Operations \u2013 Skalierbare Plattform-Services f\u00fcr Ihr Unternehmen                    <\/h2>\n                                            <\/div>\n                            <div class=\"contentPart-textbox width-50 textInput trans\">\n                    <p><b><span data-contrast=\"auto\">Volle Flexibilit\u00e4t \u2013 auch f\u00fcr bestehende Azure-Ressourcen<\/span><\/b><span data-ccp-props=\"{}\">\u00a0<\/span><\/p>\n<p><span data-contrast=\"auto\">Wir erm\u00f6glichen Ihnen, Ihr gesamtes IT-Portfolio \u2013 von klassischen Anwendungen bis zu komplexen Plattform-Services \u2013 direkt auf Microsoft Azure zu betreiben. Egal, ob Sie bereits Ressourcen in Azure nutzen oder einen Umzug planen: Wir unterst\u00fctzen Sie bei der optimalen Nutzung und Integration Ihrer Systeme.<\/span><span data-ccp-props=\"{}\">\u00a0<\/span><\/p>\n<p>&nbsp;<\/p>\n<p><b><span data-contrast=\"auto\">Kostenkontrolle durch Fixpreis \u2013 Schluss mit unvorhersehbaren Ausgaben<\/span><\/b><span data-ccp-props=\"{}\">\u00a0<\/span><\/p>\n<p><span data-contrast=\"auto\">Ein h\u00e4ufiges Problem bei\u00a0Hyperscalern\u00a0wie Azure sind schwer kalkulierbare Traffic- und Betriebskosten. Wir bieten Ihnen ein transparentes, kontrollierbares Kostenmodell mit Fixpreis \u2013 f\u00fcr maximale Planungssicherheit und Budgetkontrolle. So vermeiden Sie b\u00f6se \u00dcberraschungen bei der monatlichen Abrechnung.<\/span><span data-ccp-props=\"{}\">\u00a0<\/span><\/p>\n<p>&nbsp;<\/p>\n                <\/div>\n                                        <div class=\"contentPart-textbox contentPart-textbox_2 textInput width-50 trans\">\n                    <p><b><span data-contrast=\"auto\">Tenant- und Account-Management \u2013 kein eigenes Fachpersonal mehr notwendig<\/span><\/b><span data-ccp-props=\"{}\">\u00a0<\/span><\/p>\n<p><span data-contrast=\"auto\">Wir \u00fcbernehmen das komplette Management Ihres Azure\u00a0Tenants\u00a0bzw. Accounts. Sie ben\u00f6tigen kein speziell ausgebildetes Fachpersonal mehr f\u00fcr die Verwaltung Ihrer Cloud-Ressourcen. Unser erfahrenes Team sorgt f\u00fcr den reibungslosen Betrieb, Sicherheit, Monitoring und Support \u2013 damit Sie sich auf Ihr Kerngesch\u00e4ft konzentrieren k\u00f6nnen.<\/span><span data-ccp-props=\"{}\">\u00a0<\/span><\/p>\n                <\/div>\n                    <\/div>\n                    <\/div>\n\n\n    <div id=\"imagetext_textvariation-block_83d7897602e51095b20ee47712b501d0\" class=\"content-row content-row-textvariation bg-base    textvariation\">\n        <div class=\"contentPart-inner\">\n            <div class=\"contentPart-text\">\n                                    <h2 class=\"text-blue content-row-headline trans\">\n                        Ihre Vorteile auf einen Blick                     <\/h2>\n                                            <\/div>\n                            <div class=\"contentPart-textbox width-50 textInput trans\">\n                    <ul>\n<li data-leveltext=\"\uf0b7\" data-font=\"Symbol\" data-listid=\"3\" data-list-defn-props=\"{&quot;335552541&quot;:1,&quot;335559685&quot;:720,&quot;335559991&quot;:360,&quot;469769226&quot;:&quot;Symbol&quot;,&quot;469769242&quot;:[8226],&quot;469777803&quot;:&quot;left&quot;,&quot;469777804&quot;:&quot;\uf0b7&quot;,&quot;469777815&quot;:&quot;multilevel&quot;}\" data-aria-posinset=\"1\" data-aria-level=\"1\"><b><span data-contrast=\"auto\">Betrieb des gesamten IT-Portfolios auf Azure<\/span><\/b><span data-contrast=\"auto\">\u00a0\u2013 flexibel, sicher und skalierbar<\/span><span data-ccp-props=\"{}\">\u00a0<\/span><\/li>\n<\/ul>\n<ul>\n<li data-leveltext=\"\uf0b7\" data-font=\"Symbol\" data-listid=\"3\" data-list-defn-props=\"{&quot;335552541&quot;:1,&quot;335559685&quot;:720,&quot;335559991&quot;:360,&quot;469769226&quot;:&quot;Symbol&quot;,&quot;469769242&quot;:[8226],&quot;469777803&quot;:&quot;left&quot;,&quot;469777804&quot;:&quot;\uf0b7&quot;,&quot;469777815&quot;:&quot;multilevel&quot;}\" data-aria-posinset=\"2\" data-aria-level=\"1\"><b><span data-contrast=\"auto\">Integration bestehender Azure-Ressourcen<\/span><\/b><span data-contrast=\"auto\">\u00a0\u2013 nahtlose Migration und Optimierung<\/span><span data-ccp-props=\"{}\">\u00a0<\/span><\/li>\n<\/ul>\n<ul>\n<li data-leveltext=\"\uf0b7\" data-font=\"Symbol\" data-listid=\"3\" data-list-defn-props=\"{&quot;335552541&quot;:1,&quot;335559685&quot;:720,&quot;335559991&quot;:360,&quot;469769226&quot;:&quot;Symbol&quot;,&quot;469769242&quot;:[8226],&quot;469777803&quot;:&quot;left&quot;,&quot;469777804&quot;:&quot;\uf0b7&quot;,&quot;469777815&quot;:&quot;multilevel&quot;}\" data-aria-posinset=\"3\" data-aria-level=\"1\"><b><span data-contrast=\"auto\">Fixpreis-Modell<\/span><\/b><span data-contrast=\"auto\">\u00a0\u2013 volle Kostenkontrolle, keine versteckten Geb\u00fchren<\/span><span data-ccp-props=\"{}\">\u00a0<\/span><\/li>\n<\/ul>\n                <\/div>\n                                        <div class=\"contentPart-textbox contentPart-textbox_2 textInput width-50 trans\">\n                    <ul>\n<li data-leveltext=\"\uf0b7\" data-font=\"Symbol\" data-listid=\"3\" data-list-defn-props=\"{&quot;335552541&quot;:1,&quot;335559685&quot;:720,&quot;335559991&quot;:360,&quot;469769226&quot;:&quot;Symbol&quot;,&quot;469769242&quot;:[8226],&quot;469777803&quot;:&quot;left&quot;,&quot;469777804&quot;:&quot;\uf0b7&quot;,&quot;469777815&quot;:&quot;multilevel&quot;}\" data-aria-posinset=\"4\" data-aria-level=\"1\"><b><span data-contrast=\"auto\">Komplettes\u00a0Tenant-\/Account-Management<\/span><\/b><span data-contrast=\"auto\">\u00a0\u2013 kein eigenes Cloud-Fachpersonal notwendig<\/span><span data-ccp-props=\"{}\">\u00a0<\/span><\/li>\n<\/ul>\n<ul>\n<li data-leveltext=\"\uf0b7\" data-font=\"Symbol\" data-listid=\"3\" data-list-defn-props=\"{&quot;335552541&quot;:1,&quot;335559685&quot;:720,&quot;335559991&quot;:360,&quot;469769226&quot;:&quot;Symbol&quot;,&quot;469769242&quot;:[8226],&quot;469777803&quot;:&quot;left&quot;,&quot;469777804&quot;:&quot;\uf0b7&quot;,&quot;469777815&quot;:&quot;multilevel&quot;}\" data-aria-posinset=\"5\" data-aria-level=\"1\"><b><span data-contrast=\"auto\">Optimierung der Traffic-Kosten<\/span><\/b><span data-contrast=\"auto\">\u00a0\u2013 gezielte Beratung und technische Umsetzung<\/span><span data-ccp-props=\"{}\">\u00a0<\/span><\/li>\n<\/ul>\n                <\/div>\n                    <\/div>\n                    <\/div>\n\n\n<div id=\"highlight-box-block_f1bfebea9931f6aeaa8aa8e3a2a42118\"\n    class=\"content-row content-row-highlightbox trans highlightbox bg-base\">\n    <div class=\"contentPart-inner\">\n        <div class=\"contentPart-text\">\n            <div class=\"contentPart-text-inner\">\n                                <h2>Jetzt beraten lassen! <\/h2>\n                                                <div class=\"text\">\n                    Sie m\u00f6chten Ihre Azure-Umgebung effizienter nutzen, Kosten optimieren oder den Betrieb komplett auslagern?\u00a0\r\n\r\nKontaktieren Sie uns f\u00fcr eine individuelle Beratung \u2013 gemeinsam finden wir die optimale Strategie f\u00fcr Ihre Azure-Plattform.\u00a0                <\/div>\n                <div class=\"links\">\n                                                                                                    <a href=\"mailto:service.de-rot@orise.com\">\n                                                <div class=\"icon_wrap\"><img decoding=\"async\" src=\"https:\/\/orise.com\/wp-content\/uploads\/sites\/71\/2026\/01\/alternate_email.svg?w=1920&#038;h=0&#038;crop=1\"\n                                alt=\"\" class=\"icon\"><\/div>\n                        <p>Beratung anfragen<\/p>\n                                            <\/a>\n                                                        <\/div>\n            <\/div>\n        <\/div>\n        <div class=\"contentPart-image\">\n                                    <img decoding=\"async\" src=\"https:\/\/orise.com\/wp-content\/uploads\/sites\/71\/2025\/12\/shutterstock_1388871755.jpg?w=1920&#038;h=0&#038;crop=1\" alt=\"\"\n                class=\"textbildimg\">\n                    <\/div>\n    <\/div>\n<\/div>\n\n\n    <div id=\"textimage-block_0334789e21083bfe2cd43619a8c20ecf\" class=\"content-row content-row-textimage background_blue  textimage\">\n        <div class=\"contentPart-inner\">\n            <div class=\"contentPart-text width-50\">\n                <h2 class=\"trans text-blue \">\n                                            Ihr Ansprechpartner                                                                <span class=\"headline_white\">Guido Berndt \u00b7 Vice President Operations<\/span>\n                                    <\/h2>\n                <div class=\"textInput trans\">\n                                            <p>Rheinwaldstra\u00dfe 38<br \/>\n78628 Rottweil<\/p>\n<p>Tel.: 0741 17 44 16 600<br \/>\nE-Mail: <a href=\"mailto:marketing.DE-ROT@orise.com\">marketing.DE-ROT@orise.com<\/a><\/p>\n                                    <\/div>\n                                                    <div class=\"btnrow btnrow-light bold trans\"><a href=\"https:\/\/orise.com\/sap\/\" target=\"_blank\" class=\"animateAll\">Zur\u00fcck zum SAP Solutions Hub<\/a><\/div>\n                            <\/div>\n            <div class=\"contentPart-image width-50 trans \">\n                                                    <img decoding=\"async\" src=\"https:\/\/orise.com\/wp-content\/uploads\/sites\/71\/2026\/01\/Guido-Berndt.png?w=749\" alt=\"\" class=\"textbildimg\">\n                            <\/div>\n        <\/div>\n    <\/div>\n\n\n    <div id=\"contactform-block_8b850d208caa2a9c6667b072ceed49f0\" class=\"content-row content-row-contactform  background_darken contactform\">\n        <div class=\"contentPart-inner\">\n\n            <div class=\"contentPart-text width-100\">\n                                    <h2 class=\"text-blue content-row-headline trans\">\n                        Kontaktieren Sie uns noch Heute!                    <\/h2>\n                            <\/div>\n\n            <div class=\"contactform-wrapper trans\">\n                                    <iframe src=\"https:\/\/go.atsautomation.com\/l\/651873\/2025-06-04\/h7yqym\" class=\"form-iframe form-iframe-contactform\" data-cookieconsent=\"marketing\"><\/iframe>\n                            <\/div>\n\n        <\/div>\n    <\/div>\n","protected":false},"excerpt":{"rendered":"","protected":false},"author":617,"featured_media":24696,"parent":22132,"menu_order":0,"comment_status":"closed","ping_status":"closed","template":"","meta":{"_acf_changed":false,"_cr_original_post":"33810","_cr_replace_post_id":"","_cr_replacing_post_id":"","footnotes":""},"class_list":["post-33912","page","type-page","status-publish","has-post-thumbnail","hentry"],"yoast_head":"<!-- This site is optimized with the Yoast SEO Premium plugin v26.8 (Yoast SEO v26.8) - https:\/\/yoast.com\/product\/yoast-seo-premium-wordpress\/ -->\n<title>Azure Operations | Orise Digital<\/title>\n<meta name=\"description\" content=\"Azure Operations: Plattform Services und IT-Betrieb auf Hyperscaler-Ressourcen. Fixpreis, Kostenkontrolle, Tenant-Management und Integration bestehender Azure-Systeme. Jetzt beraten lassen!\" \/>\n<meta name=\"robots\" content=\"index, follow, max-snippet:-1, max-image-preview:large, max-video-preview:-1\" \/>\n<link rel=\"canonical\" href=\"https:\/\/orise.com\/de\/sap\/azure-operations\/\" \/>\n<meta property=\"og:locale\" content=\"de_DE\" \/>\n<meta property=\"og:type\" content=\"article\" \/>\n<meta property=\"og:title\" content=\"Azure\u00a0Operations\" \/>\n<meta property=\"og:description\" content=\"Azure Operations: Plattform Services und IT-Betrieb auf Hyperscaler-Ressourcen. Fixpreis, Kostenkontrolle, Tenant-Management und Integration bestehender Azure-Systeme. Jetzt beraten lassen!\" \/>\n<meta property=\"og:url\" content=\"https:\/\/orise.com\/de\/sap\/azure-operations\/\" \/>\n<meta property=\"og:site_name\" content=\"Orise\" \/>\n<meta property=\"article:modified_time\" content=\"2026-04-29T14:18:13+00:00\" \/>\n<meta property=\"og:image\" content=\"https:\/\/orise.com\/wp-content\/uploads\/sites\/71\/2025\/04\/compliant-cloud-screen.png\" \/>\n\t<meta property=\"og:image:width\" content=\"1024\" \/>\n\t<meta property=\"og:image:height\" content=\"1024\" \/>\n\t<meta property=\"og:image:type\" content=\"image\/png\" \/>\n<meta name=\"twitter:card\" content=\"summary_large_image\" \/>\n<meta name=\"twitter:label1\" content=\"Gesch\u00e4tzte Lesezeit\" \/>\n\t<meta name=\"twitter:data1\" content=\"1 Minute\" \/>\n<script type=\"application\/ld+json\" class=\"yoast-schema-graph\">{\"@context\":\"https:\/\/schema.org\",\"@graph\":[{\"@type\":\"WebPage\",\"@id\":\"https:\/\/orise.com\/de\/sap\/azure-operations\/\",\"url\":\"https:\/\/orise.com\/de\/sap\/azure-operations\/\",\"name\":\"Azure Operations | Orise Digital\",\"isPartOf\":{\"@id\":\"https:\/\/orise.com\/de\/#website\"},\"primaryImageOfPage\":{\"@id\":\"https:\/\/orise.com\/de\/sap\/azure-operations\/#primaryimage\"},\"image\":{\"@id\":\"https:\/\/orise.com\/de\/sap\/azure-operations\/#primaryimage\"},\"thumbnailUrl\":\"https:\/\/orise.com\/wp-content\/uploads\/sites\/71\/2025\/04\/compliant-cloud-screen.png\",\"datePublished\":\"2026-04-08T09:25:03+00:00\",\"dateModified\":\"2026-04-29T14:18:13+00:00\",\"description\":\"Azure Operations: Plattform Services und IT-Betrieb auf Hyperscaler-Ressourcen. Fixpreis, Kostenkontrolle, Tenant-Management und Integration bestehender Azure-Systeme. Jetzt beraten lassen!\",\"breadcrumb\":{\"@id\":\"https:\/\/orise.com\/de\/sap\/azure-operations\/#breadcrumb\"},\"inLanguage\":\"de-DE\",\"potentialAction\":[{\"@type\":\"ReadAction\",\"target\":[\"https:\/\/orise.com\/de\/sap\/azure-operations\/\"]}]},{\"@type\":\"ImageObject\",\"inLanguage\":\"de-DE\",\"@id\":\"https:\/\/orise.com\/de\/sap\/azure-operations\/#primaryimage\",\"url\":\"https:\/\/orise.com\/wp-content\/uploads\/sites\/71\/2025\/04\/compliant-cloud-screen.png\",\"contentUrl\":\"https:\/\/orise.com\/wp-content\/uploads\/sites\/71\/2025\/04\/compliant-cloud-screen.png\",\"width\":1024,\"height\":1024},{\"@type\":\"BreadcrumbList\",\"@id\":\"https:\/\/orise.com\/de\/sap\/azure-operations\/#breadcrumb\",\"itemListElement\":[{\"@type\":\"ListItem\",\"position\":1,\"name\":\"Home\",\"item\":\"https:\/\/orise.com\/de\/\"},{\"@type\":\"ListItem\",\"position\":2,\"name\":\"SAP\",\"item\":\"https:\/\/orise.com\/de\/sap\/\"},{\"@type\":\"ListItem\",\"position\":3,\"name\":\"Azure\u00a0Operations\"}]},{\"@type\":\"WebSite\",\"@id\":\"https:\/\/orise.com\/de\/#website\",\"url\":\"https:\/\/orise.com\/de\/\",\"name\":\"Orise\",\"description\":\"Unlock your full potential.\",\"publisher\":{\"@id\":\"https:\/\/orise.com\/de\/#organization\"},\"potentialAction\":[{\"@type\":\"SearchAction\",\"target\":{\"@type\":\"EntryPoint\",\"urlTemplate\":\"https:\/\/orise.com\/de\/?s={search_term_string}\"},\"query-input\":{\"@type\":\"PropertyValueSpecification\",\"valueRequired\":true,\"valueName\":\"search_term_string\"}}],\"inLanguage\":\"de-DE\"},{\"@type\":\"Organization\",\"@id\":\"https:\/\/orise.com\/de\/#organization\",\"name\":\"Orise\",\"url\":\"https:\/\/orise.com\/de\/\",\"logo\":{\"@type\":\"ImageObject\",\"inLanguage\":\"de-DE\",\"@id\":\"https:\/\/orise.com\/de\/#\/schema\/logo\/image\/\",\"url\":\"https:\/\/orise.com\/wp-content\/uploads\/sites\/71\/2025\/04\/cropped-Orise-Circle-Icon-Website-V1-1.png\",\"contentUrl\":\"https:\/\/orise.com\/wp-content\/uploads\/sites\/71\/2025\/04\/cropped-Orise-Circle-Icon-Website-V1-1.png\",\"width\":512,\"height\":512,\"caption\":\"Orise\"},\"image\":{\"@id\":\"https:\/\/orise.com\/de\/#\/schema\/logo\/image\/\"}}]}<\/script>\n<!-- \/ Yoast SEO Premium plugin. -->","yoast_head_json":{"title":"Azure Operations | Orise Digital","description":"Azure Operations: Plattform Services und IT-Betrieb auf Hyperscaler-Ressourcen. Fixpreis, Kostenkontrolle, Tenant-Management und Integration bestehender Azure-Systeme. Jetzt beraten lassen!","robots":{"index":"index","follow":"follow","max-snippet":"max-snippet:-1","max-image-preview":"max-image-preview:large","max-video-preview":"max-video-preview:-1"},"canonical":"https:\/\/orise.com\/de\/sap\/azure-operations\/","og_locale":"de_DE","og_type":"article","og_title":"Azure\u00a0Operations","og_description":"Azure Operations: Plattform Services und IT-Betrieb auf Hyperscaler-Ressourcen. Fixpreis, Kostenkontrolle, Tenant-Management und Integration bestehender Azure-Systeme. Jetzt beraten lassen!","og_url":"https:\/\/orise.com\/de\/sap\/azure-operations\/","og_site_name":"Orise","article_modified_time":"2026-04-29T14:18:13+00:00","og_image":[{"width":1024,"height":1024,"url":"https:\/\/orise.com\/wp-content\/uploads\/sites\/71\/2025\/04\/compliant-cloud-screen.png","type":"image\/png"}],"twitter_card":"summary_large_image","twitter_misc":{"Gesch\u00e4tzte Lesezeit":"1 Minute"},"schema":{"@context":"https:\/\/schema.org","@graph":[{"@type":"WebPage","@id":"https:\/\/orise.com\/de\/sap\/azure-operations\/","url":"https:\/\/orise.com\/de\/sap\/azure-operations\/","name":"Azure Operations | Orise Digital","isPartOf":{"@id":"https:\/\/orise.com\/de\/#website"},"primaryImageOfPage":{"@id":"https:\/\/orise.com\/de\/sap\/azure-operations\/#primaryimage"},"image":{"@id":"https:\/\/orise.com\/de\/sap\/azure-operations\/#primaryimage"},"thumbnailUrl":"https:\/\/orise.com\/wp-content\/uploads\/sites\/71\/2025\/04\/compliant-cloud-screen.png","datePublished":"2026-04-08T09:25:03+00:00","dateModified":"2026-04-29T14:18:13+00:00","description":"Azure Operations: Plattform Services und IT-Betrieb auf Hyperscaler-Ressourcen. Fixpreis, Kostenkontrolle, Tenant-Management und Integration bestehender Azure-Systeme. Jetzt beraten lassen!","breadcrumb":{"@id":"https:\/\/orise.com\/de\/sap\/azure-operations\/#breadcrumb"},"inLanguage":"de-DE","potentialAction":[{"@type":"ReadAction","target":["https:\/\/orise.com\/de\/sap\/azure-operations\/"]}]},{"@type":"ImageObject","inLanguage":"de-DE","@id":"https:\/\/orise.com\/de\/sap\/azure-operations\/#primaryimage","url":"https:\/\/orise.com\/wp-content\/uploads\/sites\/71\/2025\/04\/compliant-cloud-screen.png","contentUrl":"https:\/\/orise.com\/wp-content\/uploads\/sites\/71\/2025\/04\/compliant-cloud-screen.png","width":1024,"height":1024},{"@type":"BreadcrumbList","@id":"https:\/\/orise.com\/de\/sap\/azure-operations\/#breadcrumb","itemListElement":[{"@type":"ListItem","position":1,"name":"Home","item":"https:\/\/orise.com\/de\/"},{"@type":"ListItem","position":2,"name":"SAP","item":"https:\/\/orise.com\/de\/sap\/"},{"@type":"ListItem","position":3,"name":"Azure\u00a0Operations"}]},{"@type":"WebSite","@id":"https:\/\/orise.com\/de\/#website","url":"https:\/\/orise.com\/de\/","name":"Orise","description":"Unlock your full potential.","publisher":{"@id":"https:\/\/orise.com\/de\/#organization"},"potentialAction":[{"@type":"SearchAction","target":{"@type":"EntryPoint","urlTemplate":"https:\/\/orise.com\/de\/?s={search_term_string}"},"query-input":{"@type":"PropertyValueSpecification","valueRequired":true,"valueName":"search_term_string"}}],"inLanguage":"de-DE"},{"@type":"Organization","@id":"https:\/\/orise.com\/de\/#organization","name":"Orise","url":"https:\/\/orise.com\/de\/","logo":{"@type":"ImageObject","inLanguage":"de-DE","@id":"https:\/\/orise.com\/de\/#\/schema\/logo\/image\/","url":"https:\/\/orise.com\/wp-content\/uploads\/sites\/71\/2025\/04\/cropped-Orise-Circle-Icon-Website-V1-1.png","contentUrl":"https:\/\/orise.com\/wp-content\/uploads\/sites\/71\/2025\/04\/cropped-Orise-Circle-Icon-Website-V1-1.png","width":512,"height":512,"caption":"Orise"},"image":{"@id":"https:\/\/orise.com\/de\/#\/schema\/logo\/image\/"}}]}},"acf":[],"_links":{"self":[{"href":"https:\/\/orise.com\/de\/wp-json\/wp\/v2\/pages\/33912","targetHints":{"allow":["GET"]}}],"collection":[{"href":"https:\/\/orise.com\/de\/wp-json\/wp\/v2\/pages"}],"about":[{"href":"https:\/\/orise.com\/de\/wp-json\/wp\/v2\/types\/page"}],"author":[{"embeddable":true,"href":"https:\/\/orise.com\/de\/wp-json\/wp\/v2\/users\/617"}],"replies":[{"embeddable":true,"href":"https:\/\/orise.com\/de\/wp-json\/wp\/v2\/comments?post=33912"}],"version-history":[{"count":10,"href":"https:\/\/orise.com\/de\/wp-json\/wp\/v2\/pages\/33912\/revisions"}],"predecessor-version":[{"id":36529,"href":"https:\/\/orise.com\/de\/wp-json\/wp\/v2\/pages\/33912\/revisions\/36529"}],"up":[{"embeddable":true,"href":"https:\/\/orise.com\/de\/wp-json\/wp\/v2\/pages\/22132"}],"wp:featuredmedia":[{"embeddable":true,"href":"https:\/\/orise.com\/de\/wp-json\/wp\/v2\/media\/24696"}],"wp:attachment":[{"href":"https:\/\/orise.com\/de\/wp-json\/wp\/v2\/media?parent=33912"}],"curies":[{"name":"wp","href":"https:\/\/api.w.org\/{rel}","templated":true}]}}