{"id":33943,"date":"2026-04-08T09:27:35","date_gmt":"2026-04-08T09:27:35","guid":{"rendered":"https:\/\/orise.com\/?page_id=33943"},"modified":"2026-04-08T09:28:40","modified_gmt":"2026-04-08T09:28:40","slug":"platform-services","status":"publish","type":"page","link":"https:\/\/orise.com\/de\/sap\/platform-services\/","title":{"rendered":"Plattform Services"},"content":{"rendered":"<div id=\"pageheader-block_88e7d2faa6a3215116bd804a89c195ab\" class=\"content-row content-row-pageheader bg-base pageheader\">\n        <div class=\"contentPart-fixed\">\n        <div class=\"contentPart-inner\">\n            <div class=\"contentPart-text width-100\">\n                <h1>\n                                        IT Operation &amp; Hosting \u2013 Plattform Services f\u00fcr maximale Flexibilit\u00e4t                                    <\/h1>\n                <h2 class=\"trans\">\n                                        Hybrid Cloud &amp; Mischbetrieb \u2013 Ihre Plattform, Ihre Regeln                                    <\/h2>\n                                            <\/div>\n        <\/div>\n    <\/div>\n    <div class=\"slidedown-button editor-hide\">\n        <span class=\"slidedown-label\">Mehr erfahren<\/span>\n        <img decoding=\"async\" src=\"https:\/\/orise.com\/wp-content\/themes\/ats-orise\/img\/doubble-arrow-down.svg\" alt=\"\"\n            class=\"slidedown-icon\">\n    <\/div>\n<\/div>\n\n\n\n    <div id=\"image_banner-block_3a5e3ade1bb2146a4c8f6e7c2b5d7863\" class=\"content-row content-row-imagebanner trans bg-base image_banner test\">\n                                                <img decoding=\"async\" src=\"https:\/\/orise.com\/wp-content\/uploads\/sites\/71\/2026\/01\/shutterstock_1798108990.jpg?w=1920&#038;h=0&#038;crop=1\" alt=\"\" class=\"fullscreen\">\n            <\/div>\n\n\n\n    <div id=\"textimage-block_ab52469b48c367041fa888472777db8e\" class=\"content-row content-row-textimage bg-base  textimage\">\n        <div class=\"contentPart-inner\">\n            <div class=\"contentPart-text width-50\">\n                <h2 class=\"trans text-blue \">\n                                            Flexible IT-L\u00f6sungen f\u00fcr Compliance, Sicherheit und Disaster Recovery                                                        <\/h2>\n                <div class=\"textInput trans\">\n                                            <p><strong>Modelle f\u00fcr individuelle Anforderungen<\/strong><\/p>\n<p>Unsere Plattform Services erm\u00f6glichen es Ihnen, IT-Infrastrukturen flexibel zu gestalten: Ob klassischer On-Premise-Betrieb, Public Cloud, Private Cloud oder Mischformen im Hybrid Cloud Ansatz \u2013 wir bieten Ihnen die passende L\u00f6sung f\u00fcr Ihre Compliance-Anforderungen und strategischen Initiativen. So k\u00f6nnen Sie Systeme und Workloads gezielt dort betreiben, wo es f\u00fcr Ihr Unternehmen am sinnvollsten ist.<\/p>\n<p>&nbsp;<\/p>\n<p><strong>Compliance &amp; Strategie \u2013 IT nach Ma\u00df<\/strong><\/p>\n<p>Gerade im regulierten Umfeld oder bei sensiblen Daten sind hybride Modelle oft unverzichtbar. Mit unseren Plattform Services erf\u00fcllen Sie h\u00f6chste Compliance-Standards und bleiben gleichzeitig strategisch flexibel. Sie entscheiden, welche Systeme lokal, in der Cloud oder in beiden Welten betrieben werden.<\/p>\n                                    <\/div>\n                                            <\/div>\n            <div class=\"contentPart-image width-50 trans \">\n                                                    <img decoding=\"async\" src=\"https:\/\/orise.com\/wp-content\/uploads\/sites\/71\/2026\/01\/shutterstock_2326351789.jpg?w=1024\" alt=\"\" class=\"textbildimg\">\n                            <\/div>\n        <\/div>\n    <\/div>\n\n\n    <div id=\"imagetext_textvariation-block_10c051a89b5cefb6e154c02b27f95786\" class=\"content-row content-row-textvariation background_blue    textvariation\">\n        <div class=\"contentPart-inner\">\n            <div class=\"contentPart-text\">\n                                    <h2 class=\"text-blue content-row-headline trans\">\n                        Disaster Recovery &amp; Hochverf\u00fcgbarkeit \u2013 Sicherheit ohne Kompromisse                    <\/h2>\n                                            <\/div>\n                            <div class=\"contentPart-textbox width-50 textInput trans\">\n                    <p><strong>Disaster Recovery in der Cloud \u2013 auch f\u00fcr On-Premise-Systeme<\/strong><\/p>\n<p>Ein besonderes Highlight: Sie k\u00f6nnen Ihr Disaster Recovery (DR) flexibel gestalten. Beispielsweise betreiben Sie Ihre Produktivsysteme On-Premise und sichern Ihr Disaster Recovery in der Cloud \u2013 oder umgekehrt. So profitieren Sie von maximaler Ausfallsicherheit und k\u00f6nnen Ihre IT-Strategie optimal an Ihre Gesch\u00e4ftsanforderungen anpassen.<\/p>\n<p>&nbsp;<\/p>\n                <\/div>\n                                        <div class=\"contentPart-textbox contentPart-textbox_2 textInput width-50 trans\">\n                    <p><strong>Technische Expertise f\u00fcr komplexe Szenarien<\/strong><\/p>\n<p>Unsere Experten unterst\u00fctzen Sie bei der Planung, Umsetzung und dem Betrieb hybrider Plattformen. Wir bieten Ihnen individuelle L\u00f6sungen, die weit \u00fcber Standardangebote hinausgehen \u2013 von der Integration bestehender Systeme bis zur Umsetzung anspruchsvoller Disaster-Recovery-Konzepte.<\/p>\n                <\/div>\n                    <\/div>\n                    <\/div>\n\n\n    <div id=\"imagetext_textvariation-block_3e353a174bc2f7ff7a113a0ec097104f\" class=\"content-row content-row-textvariation bg-base    textvariation\">\n        <div class=\"contentPart-inner\">\n            <div class=\"contentPart-text\">\n                                    <h2 class=\"text-blue content-row-headline trans\">\n                        Ihre Vorteile auf einen Blick                    <\/h2>\n                                            <\/div>\n                            <div class=\"contentPart-textbox width-50 textInput trans\">\n                    <ul>\n<li><strong>Hybrid Cloud &amp; Mischbetrieb:<\/strong> Kombinieren Sie On-Premise und Cloud nach Ihren Anforderungen.<\/li>\n<li><strong>Compliance &amp; Sicherheit:<\/strong> Erf\u00fcllen Sie regulatorische Vorgaben und sch\u00fctzen Sie sensible Daten.<\/li>\n<li><strong>Disaster Recovery:<\/strong> Flexible DR-Konzepte \u2013 Cloud-basiert oder klassisch On-Premise.<\/li>\n<\/ul>\n                <\/div>\n                                        <div class=\"contentPart-textbox contentPart-textbox_2 textInput width-50 trans\">\n                    <ul>\n<li><strong>Individuelle Beratung:<\/strong> Ma\u00dfgeschneiderte L\u00f6sungen f\u00fcr IT-Leiter und Entscheider.<\/li>\n<li><strong>Technische Exzellenz:<\/strong> Erfahrung mit komplexen Plattform- und Hosting-Szenarien.<\/li>\n<\/ul>\n                <\/div>\n                    <\/div>\n                    <\/div>\n\n\n<div id=\"highlight-box-block_80753be784f4ac48edebac3c5c9f6392\"\n    class=\"content-row content-row-highlightbox trans highlightbox bg-base\">\n    <div class=\"contentPart-inner\">\n        <div class=\"contentPart-text\">\n            <div class=\"contentPart-text-inner\">\n                                <h2>Jetzt beraten lassen!<\/h2>\n                                                <div class=\"text\">\n                    Sie m\u00f6chten mehr \u00fcber hybride Plattform Services, Disaster Recovery oder Compliance-L\u00f6sungen erfahren?\r\n\r\nKontaktieren Sie uns f\u00fcr eine individuelle Beratung \u2013 gemeinsam finden wir die optimale Strategie f\u00fcr Ihre IT-Infrastruktur.                <\/div>\n                <div class=\"links\">\n                                                                                                    <a href=\"mailto:service.de-rot@orise.com\">\n                                                <div class=\"icon_wrap\"><img decoding=\"async\" src=\"https:\/\/orise.com\/wp-content\/uploads\/sites\/71\/2025\/04\/alternate_email.svg?w=14&#038;h=1&#038;crop=1\"\n                                alt=\"\" class=\"icon\"><\/div>\n                        <p>Beratung anfragen<\/p>\n                                            <\/a>\n                                                        <\/div>\n            <\/div>\n        <\/div>\n        <div class=\"contentPart-image\">\n                                    <img decoding=\"async\" src=\"https:\/\/orise.com\/wp-content\/uploads\/sites\/71\/2025\/12\/shutterstock_1388871755.jpg?w=1920&#038;h=0&#038;crop=1\" alt=\"\"\n                class=\"textbildimg\">\n                    <\/div>\n    <\/div>\n<\/div>\n\n\n    <div id=\"textimage-block_1bda984bf52008e0eb2309a0ba26619e\" class=\"content-row content-row-textimage background_blue  textimage\">\n        <div class=\"contentPart-inner\">\n            <div class=\"contentPart-text width-50\">\n                <h2 class=\"trans text-blue \">\n                                            Ihr Ansprechpartner                                                                <span class=\"headline_white\">Guido Berndt \u00b7 Vice President Operations<\/span>\n                                    <\/h2>\n                <div class=\"textInput trans\">\n                                            <p>Rheinwaldstra\u00dfe 38<br \/>\n78628 Rottweil<\/p>\n<p>Tel.: 0741 17 44 16 600<br \/>\nE-Mail: <a href=\"mailto:service.DE-ROT@orise.com\">service.DE-ROT@orise.com<\/a><\/p>\n                                    <\/div>\n                                                    <div class=\"btnrow btnrow-light bold trans\"><a href=\"https:\/\/orise.com\/sap\/\" target=\"_blank\" class=\"animateAll\">Zur\u00fcck zum SAP Solutions Hub<\/a><\/div>\n                            <\/div>\n            <div class=\"contentPart-image width-50 trans \">\n                                                    <img decoding=\"async\" src=\"https:\/\/orise.com\/wp-content\/uploads\/sites\/71\/2025\/04\/advanced-application-20200127-0051.jpg?w=1024\" alt=\"\" class=\"textbildimg\">\n                            <\/div>\n        <\/div>\n    <\/div>\n\n\n    <div id=\"contactform-block_59f26f7248451f61a17c313637694d44\" class=\"content-row content-row-contactform  background_darken contactform\">\n        <div class=\"contentPart-inner\">\n\n            <div class=\"contentPart-text width-100\">\n                                    <h2 class=\"text-blue content-row-headline trans\">\n                        Kontaktieren Sie uns noch heute!                    <\/h2>\n                            <\/div>\n\n            <div class=\"contactform-wrapper trans\">\n                                    <iframe src=\"https:\/\/go.atsautomation.com\/l\/651873\/2025-06-04\/h7yqym\" class=\"form-iframe form-iframe-contactform\" data-cookieconsent=\"marketing\"><\/iframe>\n                            <\/div>\n\n        <\/div>\n    <\/div>\n","protected":false},"excerpt":{"rendered":"","protected":false},"author":617,"featured_media":33927,"parent":22132,"menu_order":0,"comment_status":"closed","ping_status":"closed","template":"","meta":{"_acf_changed":false,"_cr_original_post":"","_cr_replace_post_id":"","_cr_replacing_post_id":"","footnotes":""},"class_list":["post-33943","page","type-page","status-publish","has-post-thumbnail","hentry"],"yoast_head":"<!-- This site is optimized with the Yoast SEO Premium plugin v26.8 (Yoast SEO v26.8) - https:\/\/yoast.com\/product\/yoast-seo-premium-wordpress\/ -->\n<title>IT Operation &amp; Hosting Platform Services | Orise Digital<\/title>\n<meta name=\"description\" content=\"Plattform Services: Hybrid Cloud, Disaster Recovery, Compliance und individuelle Hosting-Modelle f\u00fcr IT-Leiter. Jetzt beraten lassen!\" \/>\n<meta name=\"robots\" content=\"index, follow, max-snippet:-1, max-image-preview:large, max-video-preview:-1\" \/>\n<link rel=\"canonical\" href=\"https:\/\/orise.com\/de\/sap\/platform-services\/\" \/>\n<meta property=\"og:locale\" content=\"de_DE\" \/>\n<meta property=\"og:type\" content=\"article\" \/>\n<meta property=\"og:title\" content=\"Plattform Services\" \/>\n<meta property=\"og:description\" content=\"Plattform Services: Hybrid Cloud, Disaster Recovery, Compliance und individuelle Hosting-Modelle f\u00fcr IT-Leiter. Jetzt beraten lassen!\" \/>\n<meta property=\"og:url\" content=\"https:\/\/orise.com\/de\/sap\/platform-services\/\" \/>\n<meta property=\"og:site_name\" content=\"Orise\" \/>\n<meta property=\"article:modified_time\" content=\"2026-04-08T09:28:40+00:00\" \/>\n<meta property=\"og:image\" content=\"https:\/\/orise.com\/wp-content\/uploads\/sites\/71\/2026\/01\/shutterstock_1798108990.jpg?w=768\" \/>\n\t<meta property=\"og:image:width\" content=\"768\" \/>\n\t<meta property=\"og:image:height\" content=\"432\" \/>\n\t<meta property=\"og:image:type\" content=\"image\/jpeg\" \/>\n<meta name=\"twitter:card\" content=\"summary_large_image\" \/>\n<meta name=\"twitter:label1\" content=\"Gesch\u00e4tzte Lesezeit\" \/>\n\t<meta name=\"twitter:data1\" content=\"1 Minute\" \/>\n<script type=\"application\/ld+json\" class=\"yoast-schema-graph\">{\"@context\":\"https:\/\/schema.org\",\"@graph\":[{\"@type\":\"WebPage\",\"@id\":\"https:\/\/orise.com\/de\/sap\/platform-services\/\",\"url\":\"https:\/\/orise.com\/de\/sap\/platform-services\/\",\"name\":\"IT Operation & Hosting Platform Services | Orise Digital\",\"isPartOf\":{\"@id\":\"https:\/\/orise.com\/de\/#website\"},\"primaryImageOfPage\":{\"@id\":\"https:\/\/orise.com\/de\/sap\/platform-services\/#primaryimage\"},\"image\":{\"@id\":\"https:\/\/orise.com\/de\/sap\/platform-services\/#primaryimage\"},\"thumbnailUrl\":\"https:\/\/orise.com\/wp-content\/uploads\/sites\/71\/2026\/01\/shutterstock_1798108990.jpg\",\"datePublished\":\"2026-04-08T09:27:35+00:00\",\"dateModified\":\"2026-04-08T09:28:40+00:00\",\"description\":\"Plattform Services: Hybrid Cloud, Disaster Recovery, Compliance und individuelle Hosting-Modelle f\u00fcr IT-Leiter. Jetzt beraten lassen!\",\"breadcrumb\":{\"@id\":\"https:\/\/orise.com\/de\/sap\/platform-services\/#breadcrumb\"},\"inLanguage\":\"de-DE\",\"potentialAction\":[{\"@type\":\"ReadAction\",\"target\":[\"https:\/\/orise.com\/de\/sap\/platform-services\/\"]}]},{\"@type\":\"ImageObject\",\"inLanguage\":\"de-DE\",\"@id\":\"https:\/\/orise.com\/de\/sap\/platform-services\/#primaryimage\",\"url\":\"https:\/\/orise.com\/wp-content\/uploads\/sites\/71\/2026\/01\/shutterstock_1798108990.jpg\",\"contentUrl\":\"https:\/\/orise.com\/wp-content\/uploads\/sites\/71\/2026\/01\/shutterstock_1798108990.jpg\",\"width\":5120,\"height\":2880},{\"@type\":\"BreadcrumbList\",\"@id\":\"https:\/\/orise.com\/de\/sap\/platform-services\/#breadcrumb\",\"itemListElement\":[{\"@type\":\"ListItem\",\"position\":1,\"name\":\"Home\",\"item\":\"https:\/\/orise.com\/de\/\"},{\"@type\":\"ListItem\",\"position\":2,\"name\":\"SAP\",\"item\":\"https:\/\/orise.com\/de\/sap\/\"},{\"@type\":\"ListItem\",\"position\":3,\"name\":\"Plattform Services\"}]},{\"@type\":\"WebSite\",\"@id\":\"https:\/\/orise.com\/de\/#website\",\"url\":\"https:\/\/orise.com\/de\/\",\"name\":\"Orise\",\"description\":\"Unlock your full potential.\",\"publisher\":{\"@id\":\"https:\/\/orise.com\/de\/#organization\"},\"potentialAction\":[{\"@type\":\"SearchAction\",\"target\":{\"@type\":\"EntryPoint\",\"urlTemplate\":\"https:\/\/orise.com\/de\/?s={search_term_string}\"},\"query-input\":{\"@type\":\"PropertyValueSpecification\",\"valueRequired\":true,\"valueName\":\"search_term_string\"}}],\"inLanguage\":\"de-DE\"},{\"@type\":\"Organization\",\"@id\":\"https:\/\/orise.com\/de\/#organization\",\"name\":\"Orise\",\"url\":\"https:\/\/orise.com\/de\/\",\"logo\":{\"@type\":\"ImageObject\",\"inLanguage\":\"de-DE\",\"@id\":\"https:\/\/orise.com\/de\/#\/schema\/logo\/image\/\",\"url\":\"https:\/\/orise.com\/wp-content\/uploads\/sites\/71\/2025\/04\/cropped-Orise-Circle-Icon-Website-V1-1.png\",\"contentUrl\":\"https:\/\/orise.com\/wp-content\/uploads\/sites\/71\/2025\/04\/cropped-Orise-Circle-Icon-Website-V1-1.png\",\"width\":512,\"height\":512,\"caption\":\"Orise\"},\"image\":{\"@id\":\"https:\/\/orise.com\/de\/#\/schema\/logo\/image\/\"}}]}<\/script>\n<!-- \/ Yoast SEO Premium plugin. -->","yoast_head_json":{"title":"IT Operation & Hosting Platform Services | Orise Digital","description":"Plattform Services: Hybrid Cloud, Disaster Recovery, Compliance und individuelle Hosting-Modelle f\u00fcr IT-Leiter. Jetzt beraten lassen!","robots":{"index":"index","follow":"follow","max-snippet":"max-snippet:-1","max-image-preview":"max-image-preview:large","max-video-preview":"max-video-preview:-1"},"canonical":"https:\/\/orise.com\/de\/sap\/platform-services\/","og_locale":"de_DE","og_type":"article","og_title":"Plattform Services","og_description":"Plattform Services: Hybrid Cloud, Disaster Recovery, Compliance und individuelle Hosting-Modelle f\u00fcr IT-Leiter. Jetzt beraten lassen!","og_url":"https:\/\/orise.com\/de\/sap\/platform-services\/","og_site_name":"Orise","article_modified_time":"2026-04-08T09:28:40+00:00","og_image":[{"url":"https:\/\/orise.com\/wp-content\/uploads\/sites\/71\/2026\/01\/shutterstock_1798108990.jpg?w=768","width":768,"height":432,"type":"image\/jpeg"}],"twitter_card":"summary_large_image","twitter_misc":{"Gesch\u00e4tzte Lesezeit":"1 Minute"},"schema":{"@context":"https:\/\/schema.org","@graph":[{"@type":"WebPage","@id":"https:\/\/orise.com\/de\/sap\/platform-services\/","url":"https:\/\/orise.com\/de\/sap\/platform-services\/","name":"IT Operation & Hosting Platform Services | Orise Digital","isPartOf":{"@id":"https:\/\/orise.com\/de\/#website"},"primaryImageOfPage":{"@id":"https:\/\/orise.com\/de\/sap\/platform-services\/#primaryimage"},"image":{"@id":"https:\/\/orise.com\/de\/sap\/platform-services\/#primaryimage"},"thumbnailUrl":"https:\/\/orise.com\/wp-content\/uploads\/sites\/71\/2026\/01\/shutterstock_1798108990.jpg","datePublished":"2026-04-08T09:27:35+00:00","dateModified":"2026-04-08T09:28:40+00:00","description":"Plattform Services: Hybrid Cloud, Disaster Recovery, Compliance und individuelle Hosting-Modelle f\u00fcr IT-Leiter. Jetzt beraten lassen!","breadcrumb":{"@id":"https:\/\/orise.com\/de\/sap\/platform-services\/#breadcrumb"},"inLanguage":"de-DE","potentialAction":[{"@type":"ReadAction","target":["https:\/\/orise.com\/de\/sap\/platform-services\/"]}]},{"@type":"ImageObject","inLanguage":"de-DE","@id":"https:\/\/orise.com\/de\/sap\/platform-services\/#primaryimage","url":"https:\/\/orise.com\/wp-content\/uploads\/sites\/71\/2026\/01\/shutterstock_1798108990.jpg","contentUrl":"https:\/\/orise.com\/wp-content\/uploads\/sites\/71\/2026\/01\/shutterstock_1798108990.jpg","width":5120,"height":2880},{"@type":"BreadcrumbList","@id":"https:\/\/orise.com\/de\/sap\/platform-services\/#breadcrumb","itemListElement":[{"@type":"ListItem","position":1,"name":"Home","item":"https:\/\/orise.com\/de\/"},{"@type":"ListItem","position":2,"name":"SAP","item":"https:\/\/orise.com\/de\/sap\/"},{"@type":"ListItem","position":3,"name":"Plattform Services"}]},{"@type":"WebSite","@id":"https:\/\/orise.com\/de\/#website","url":"https:\/\/orise.com\/de\/","name":"Orise","description":"Unlock your full potential.","publisher":{"@id":"https:\/\/orise.com\/de\/#organization"},"potentialAction":[{"@type":"SearchAction","target":{"@type":"EntryPoint","urlTemplate":"https:\/\/orise.com\/de\/?s={search_term_string}"},"query-input":{"@type":"PropertyValueSpecification","valueRequired":true,"valueName":"search_term_string"}}],"inLanguage":"de-DE"},{"@type":"Organization","@id":"https:\/\/orise.com\/de\/#organization","name":"Orise","url":"https:\/\/orise.com\/de\/","logo":{"@type":"ImageObject","inLanguage":"de-DE","@id":"https:\/\/orise.com\/de\/#\/schema\/logo\/image\/","url":"https:\/\/orise.com\/wp-content\/uploads\/sites\/71\/2025\/04\/cropped-Orise-Circle-Icon-Website-V1-1.png","contentUrl":"https:\/\/orise.com\/wp-content\/uploads\/sites\/71\/2025\/04\/cropped-Orise-Circle-Icon-Website-V1-1.png","width":512,"height":512,"caption":"Orise"},"image":{"@id":"https:\/\/orise.com\/de\/#\/schema\/logo\/image\/"}}]}},"acf":[],"_links":{"self":[{"href":"https:\/\/orise.com\/de\/wp-json\/wp\/v2\/pages\/33943","targetHints":{"allow":["GET"]}}],"collection":[{"href":"https:\/\/orise.com\/de\/wp-json\/wp\/v2\/pages"}],"about":[{"href":"https:\/\/orise.com\/de\/wp-json\/wp\/v2\/types\/page"}],"author":[{"embeddable":true,"href":"https:\/\/orise.com\/de\/wp-json\/wp\/v2\/users\/617"}],"replies":[{"embeddable":true,"href":"https:\/\/orise.com\/de\/wp-json\/wp\/v2\/comments?post=33943"}],"version-history":[{"count":16,"href":"https:\/\/orise.com\/de\/wp-json\/wp\/v2\/pages\/33943\/revisions"}],"predecessor-version":[{"id":35840,"href":"https:\/\/orise.com\/de\/wp-json\/wp\/v2\/pages\/33943\/revisions\/35840"}],"up":[{"embeddable":true,"href":"https:\/\/orise.com\/de\/wp-json\/wp\/v2\/pages\/22132"}],"wp:featuredmedia":[{"embeddable":true,"href":"https:\/\/orise.com\/de\/wp-json\/wp\/v2\/media\/33927"}],"wp:attachment":[{"href":"https:\/\/orise.com\/de\/wp-json\/wp\/v2\/media?parent=33943"}],"curies":[{"name":"wp","href":"https:\/\/api.w.org\/{rel}","templated":true}]}}