{"id":34338,"date":"2026-01-27T15:39:34","date_gmt":"2026-01-27T15:39:34","guid":{"rendered":"https:\/\/orise.com\/?page_id=34338"},"modified":"2026-01-27T16:01:50","modified_gmt":"2026-01-27T16:01:50","slug":"erfolgsgeschichten-sap-jedox","status":"publish","type":"page","link":"https:\/\/orise.com\/de\/erfolgsgeschichten-sap-jedox\/","title":{"rendered":"Erfolgsgeschichten mit SAP &#038; Jedox"},"content":{"rendered":"<div id=\"pageheader-block_69d69cf514ca19d1ca08fdffc01e3472\" class=\"content-row content-row-pageheader bg-base\t\tcontent-row-pageheader-anchor   pageheader\">\n        <div class=\"contentPart-fixed\">\n        <div class=\"contentPart-inner\">\n            <div class=\"contentPart-text width-100\">\n                <h1>\n                                        Success Stories \u2013 SAP &amp; Jedox Performance Management in der Praxis                                    <\/h1>\n                <h2 class=\"trans\">\n                                        Entdecken Sie Best Practices aus Projekten in Industrie, Handel, Finanzwesen und weiteren Branchen.                                    <\/h2>\n                                                <div class=\"anchor_links-wrapper trans\">\n                                        <div class=\"anchor_link-item trans\">\n                        <div class=\"anchor_link-item-inner\">\n                            <a class=\"anchorlink\" data-subtab=\"\"\n                                data-anchor=\"#branche\"\n                                href=\"#\">Branchenkompetenz<\/a>\n                        <\/div>\n                    <\/div>\n                                        <div class=\"anchor_link-item trans\">\n                        <div class=\"anchor_link-item-inner\">\n                            <a class=\"anchorlink\" data-subtab=\"\"\n                                data-anchor=\"#stories\"\n                                href=\"#\">Success Stories<\/a>\n                        <\/div>\n                    <\/div>\n                                        <div class=\"anchor_link-item trans\">\n                        <div class=\"anchor_link-item-inner\">\n                            <a class=\"anchorlink\" data-subtab=\"\"\n                                data-anchor=\"#l\u00f6sungen\"\n                                href=\"#\">Unsere L\u00f6sungen<\/a>\n                        <\/div>\n                    <\/div>\n                                        <div class=\"anchor_link-item trans\">\n                        <div class=\"anchor_link-item-inner\">\n                            <a class=\"anchorlink\" data-subtab=\"\"\n                                data-anchor=\"#kontakt\"\n                                href=\"#\">Kontakt<\/a>\n                        <\/div>\n                    <\/div>\n                                    <\/div>\n                            <\/div>\n        <\/div>\n    <\/div>\n    <div class=\"slidedown-button editor-hide\">\n        <span class=\"slidedown-label\">Mehr erfahren<\/span>\n        <img decoding=\"async\" src=\"https:\/\/orise.com\/wp-content\/themes\/ats-orise\/img\/doubble-arrow-down.svg\" alt=\"\"\n            class=\"slidedown-icon\">\n    <\/div>\n<\/div>\n\n\n\n    <div id=\"image_banner-block_10b517a649c83203320ee0f328da64c1\" class=\"content-row content-row-imagebanner trans bg-base image_banner test\">\n                    <div class=\"image-slogan\">\n                <p>Echte Projekte, echte Ergebnisse<\/p>\n            <\/div>\n                                                    <div class=\"image-overlay\"><\/div>\n                        <img decoding=\"async\" src=\"https:\/\/orise.com\/wp-content\/uploads\/sites\/71\/2025\/10\/iStock-1172612492.jpg?w=1920&#038;h=0&#038;crop=1\" alt=\"\" class=\"fullscreen\">\n            <\/div>\n\n\n\n    <div id=\"imagetext_textvariation-block_a5cbaa5f1e544c9df68c9862eb500cf7\" class=\"content-row content-row-textvariation background_blue    textvariation\">\n        <div class=\"contentPart-inner\">\n            <div class=\"contentPart-text\">\n                                    <h2 class=\"text-blue content-row-headline trans\">\n                        Erfolgsgeschichten mit SAP &amp; Jedox                    <\/h2>\n                                                    <div class=\"subline trans\">\n                        Unsere Success Stories zeigen, wie Unternehmen mit modernen Performance-Management-L\u00f6sungen ihre Ziele erreichen.                    <\/div>\n                            <\/div>\n                            <div class=\"contentPart-textbox width-50 textInput trans\">\n                    <h3 id=\"L\u00f6sungen,-die-auf-Ihre-Branche-zugeschnitten-sind\" data-renderer-start-pos=\"1509\"><strong data-renderer-mark=\"true\">L\u00f6sungen, die auf Ihre Branche zugeschnitten sind<\/strong><\/h3>\n<p>Jede Branche hat ihre eigenen Herausforderungen \u2013 und genau hier setzen wir an. Mit tiefem Prozesswissen und langj\u00e4hriger Projekterfahrung entwickeln wir individuelle, aber skalierbare Konzepte, die sich flexibel an Ihre Anforderungen anpassen.<\/p>\n<ul>\n<li>Branchen-Know-how &amp; Best Practices<\/li>\n<li>Skalierbare Architekturen &amp; flexible Module<\/li>\n<li>Schnelle Umsetzung durch standardisierte Vorgehensweisen<\/li>\n<\/ul>\n                <\/div>\n                                <\/div>\n                    <\/div>\n\n\n<div id=\"branche\" class=\"content-row anchortarget trans anchortarget\">\n    <h3 class=\"editorInfo\">#branche<\/h3>\n<\/div>\n\n    <div id=\"textimage-block_b57e62b2cd76ed8119a94fcfbc50b1b5\" class=\"content-row content-row-textimage background_darken  textimage\">\n        <div class=\"contentPart-inner\">\n            <div class=\"contentPart-text width-50\">\n                <h2 class=\"trans text-blue \">\n                                            Unsere Branchenkompetenz im \u00dcberblick                                                                <span class=\"headline_white\">Wir unterst\u00fctzen Unternehmen in zahlreichen Branchen mit ma\u00dfgeschneiderten L\u00f6sungen:<\/span>\n                                    <\/h2>\n                <div class=\"textInput trans\">\n                                            <ul>\n<li><strong>Industrie &amp; Fertigung<\/strong> \u2013 Prozessoptimierung, Produktionsplanung, Supply Chain<\/li>\n<li><strong>Handel &amp; Konsumg\u00fcter<\/strong> \u2013 Absatzplanung, Margensteuerung, Omnichannel<\/li>\n<li><strong>Finanzwesen<\/strong> \u2013 Reporting, Planung, Compliance<\/li>\n<li><strong>\u00d6ffentlicher Sektor<\/strong> \u2013 Budgetierung, Effizienzsteigerung, Transparenz<\/li>\n<li>Energie &amp; Versorgung \u2013 Szenario-Planung, Lastmanagement, Nachhaltigkeit<\/li>\n<\/ul>\n                                    <\/div>\n                                                    <div class=\"btnrow btnrow-light bold trans\"><a href=\"mailto:service.de-ROT@orise.com\" target=\"_blank\" class=\"animateAll\">Mehr erfahren<\/a><\/div>\n                            <\/div>\n            <div class=\"contentPart-image width-50 trans \">\n                                                    <img decoding=\"async\" src=\"https:\/\/orise.com\/wp-content\/uploads\/sites\/71\/2025\/10\/shutterstock_109952966.jpg?w=1000\" alt=\"\" class=\"textbildimg\">\n                            <\/div>\n        <\/div>\n    <\/div>\n\n\n<div id=\"stories\" class=\"content-row anchortarget trans anchortarget\">\n    <h3 class=\"editorInfo\">#stories<\/h3>\n<\/div>\n\n    <div id=\"accordion-block_ad388a5e712a9df3ffcfc5e2ee44ef89\" class=\"content-row content-row-accordion bg-base accordion\">\n                    <div class=\"contentPart-inner\">\n                <div class=\"accordion-wrapper\">\n                                            <div class=\"accordion-item accordion-item-off trans\">\n                            <div class=\"accordion-titel\">\n                                <h2>\n                                                                            smart Europe &#8211; Flexible Unternehmenssteuerung mit Jedox                                                                    <\/h2>\n                                <img decoding=\"async\" src=\"https:\/\/orise.com\/wp-content\/themes\/ats-orise\/img\/icon-plus.svg\" alt=\"\" class=\"accordion-plus\">\n\n                            <\/div>\n                            <div class=\"accordion-content\">\n                                                                <div class=\"contentPart-textbox width-50 textInput full-width\">\n                                    <p>Die Monatsabschl\u00fcsse liegen nun rund <strong data-start=\"236\" data-end=\"253\">5 Arbeitstage<\/strong> fr\u00fcher vor, dank automatisierter Workflows und Simulationen auf Knopfdruck.<\/p>\n\n                                                                                                                <div class=\"btnrow btnrow-light bold trans\"><a href=\"https:\/\/www.jedox.com\/de\/kunden\/smart\/\" target=\"_blank\" class=\"animateAll\">Zur Success Story<\/a><\/div>\n                                                                    <\/div>\n                                                            <\/div>\n                        <\/div>\n\n                                            <div class=\"accordion-item accordion-item-off trans\">\n                            <div class=\"accordion-titel\">\n                                <h2>\n                                                                            Collonil GmbH \u2013 Jahresplanung effizienter gestalten                                                                    <\/h2>\n                                <img decoding=\"async\" src=\"https:\/\/orise.com\/wp-content\/themes\/ats-orise\/img\/icon-plus.svg\" alt=\"\" class=\"accordion-plus\">\n\n                            <\/div>\n                            <div class=\"accordion-content\">\n                                                                <div class=\"contentPart-textbox width-50 textInput full-width\">\n                                    <p>Innerhalb von nur drei Monaten wurde die Excel-basierte Planung auf Jedox umgestellt \u2013 mit Ready-to-Run Modulen und automatisierten Workflows.<\/p>\n\n                                                                                                                <div class=\"btnrow btnrow-light bold trans\"><a href=\"https:\/\/www.jedox.com\/en\/customers\/collonil\/\" target=\"_blank\" class=\"animateAll\">Hier weiterlesen<\/a><\/div>\n                                                                    <\/div>\n                                                            <\/div>\n                        <\/div>\n\n                                            <div class=\"accordion-item accordion-item-off trans\">\n                            <div class=\"accordion-titel\">\n                                <h2>\n                                                                            VITA\u202fZahnfabrik\u202fH.\u202fRauter\u202fGmbH \u2013 Globales Sales Forecasting &amp; Controlling                                                                    <\/h2>\n                                <img decoding=\"async\" src=\"https:\/\/orise.com\/wp-content\/themes\/ats-orise\/img\/icon-plus.svg\" alt=\"\" class=\"accordion-plus\">\n\n                            <\/div>\n                            <div class=\"accordion-content\">\n                                                                <div class=\"contentPart-textbox width-50 textInput full-width\">\n                                    <p>Die Kombination aus Jedox und unserem Ready-to-Run Modellen f\u00fcr SAP erm\u00f6glichte einen internationalen, standardisierten Reporting- und Planungsprozess mit Self-Service Portal.<\/p>\n\n                                                                                                                <div class=\"btnrow btnrow-light bold trans\"><a href=\"https:\/\/www.jedox.com\/en\/customers\/vita-zahnfabrik\/\" target=\"_blank\" class=\"animateAll\">Weitere Informationen<\/a><\/div>\n                                                                    <\/div>\n                                                            <\/div>\n                        <\/div>\n\n                                            <div class=\"accordion-item accordion-item-off trans\">\n                            <div class=\"accordion-titel\">\n                                <h2>\n                                                                            N\u00f6lle + Nordhorn \u2013 Transparente Segmentsteuerung &amp; schnelle Planung mit KI                                                                    <\/h2>\n                                <img decoding=\"async\" src=\"https:\/\/orise.com\/wp-content\/themes\/ats-orise\/img\/icon-plus.svg\" alt=\"\" class=\"accordion-plus\">\n\n                            <\/div>\n                            <div class=\"accordion-content\">\n                                                                <div class=\"contentPart-textbox width-50 textInput full-width\">\n                                    <p>Dank der Zusammenarbeit mit der Jedox-L\u00f6sung und unserem Ready-to-Run SAP-Modell konnte das Reporting auf Vertriebs- und Segmentebene automatisiert werden. Au\u00dfendienst-Mitarbeiter greifen nun mobil auf individuelle Kennzahlen zu, die Absatzplanung wurde mit der Jedox KI-Engine teilautomatisiert \u2014 das entlastet das Team und liefert schnell belastbare Entscheidungsmatrizen.<\/p>\n\n                                                                                                                <div class=\"btnrow btnrow-light bold trans\"><a href=\"https:\/\/www.jedox.com\/de\/kunden\/noelle-nordhorn\/\" target=\"_blank\" class=\"animateAll\">Mehr erfahren<\/a><\/div>\n                                                                    <\/div>\n                                                            <\/div>\n                        <\/div>\n\n                                    <\/div>\n                        <\/div>\n    <\/div>\n\n\n<div id=\"l\u00f6sungen\" class=\"content-row anchortarget trans anchortarget\">\n    <h3 class=\"editorInfo\">#l\u00f6sungen<\/h3>\n<\/div>\n\n<div id=\"stepbox-block_a7f6258c156e10a6d3558fd7e21f696a\" class=\"content-row content-row-stepbox background_darken stepbox\">\n    <div class=\"contentPart-inner\">\n        <div class=\"contentPart-text width-60\">\n                        <h2 class=\"content-row-headline trans\">\n                Unsere L\u00f6sungen nach Einsatzbereich            <\/h2>\n                                    <div class=\"subline trans\">\n                <h2>Die einzelnen L\u00f6sungen lassen sich branchen\u00fcbergreifend einsetzen oder gezielt kombinieren.<\/h2>\n            <\/div>\n                                <\/div>\n                <div class=\"steps-wrapper\">\n                                                <div class=\"step-item trans\">\n                                                <div class=\"index\">\n                    <p>1<\/p>\n                <\/div>\n                                <div class=\"step-item-inner\">\n                    <h3>\n                                                Planung &amp; Controlling                                            <\/h3>\n                    <div class=\"contentPart-textbox width-100 textInput\">\n                        <p>Integrierte Finanz- und Unternehmensplanung<\/p>\n                    <\/div>\n                                                        <\/div>\n            <\/div>\n                                                            <div class=\"step-item trans\">\n                                                <div class=\"index\">\n                    <p>2<\/p>\n                <\/div>\n                                <div class=\"step-item-inner\">\n                    <h3>\n                                                Reporting &amp; Analyse                                            <\/h3>\n                    <div class=\"contentPart-textbox width-100 textInput\">\n                        <p>Echtzeitdaten und Dashboards<\/p>\n                    <\/div>\n                                                        <\/div>\n            <\/div>\n                                                            <div class=\"step-item trans\">\n                                                <div class=\"index\">\n                    <p>3<\/p>\n                <\/div>\n                                <div class=\"step-item-inner\">\n                    <h3>\n                                                Prozessoptimierung                                            <\/h3>\n                    <div class=\"contentPart-textbox width-100 textInput\">\n                        <p>Automatisierung und Effizienzsteigerung<\/p>\n                    <\/div>\n                                                        <\/div>\n            <\/div>\n                                                            <div class=\"step-item trans\">\n                                                <div class=\"index\">\n                    <p>4<\/p>\n                <\/div>\n                                <div class=\"step-item-inner\">\n                    <h3>\n                                                Integration &amp; Architektur                                            <\/h3>\n                    <div class=\"contentPart-textbox width-100 textInput\">\n                        <p>Flexible Systemlandschaften<\/p>\n                    <\/div>\n                                                        <\/div>\n            <\/div>\n                                <\/div>\n        <div class=\"steps-buttons\">\n                                                                                                                                                                    <\/div>\n            <\/div>\n<\/div>\n\n\n<div id=\"kontakt\" class=\"content-row anchortarget trans anchortarget\">\n    <h3 class=\"editorInfo\">#kontakt<\/h3>\n<\/div>\n\n    <div id=\"textimage-block_df5a1d9ef1f50937b0b933fe3356dac7\" class=\"content-row content-row-textimage background_blue  textimage\">\n        <div class=\"contentPart-inner\">\n            <div class=\"contentPart-text width-50\">\n                <h2 class=\"trans text-blue \">\n                                            Ihr Ansprechpartner                                                                <span class=\"headline_white\">Michael Boger \u00b7 Director Business Intelligence<\/span>\n                                    <\/h2>\n                <div class=\"textInput trans\">\n                                            <p>Rheinwaldstra\u00dfe 38<br \/>\n78628 Rottweil<\/p>\n<p>Tel.: 0741 17 44 16 600<br \/>\nE-Mail: service.DE-ROT@orise.com<\/p>\n                                    <\/div>\n                                    <div class=\"btnrow btnrow-light bold trans\"><a href=\"https:\/\/orise.com\/de\/sap\/\" class=\"animateAll\">Zur\u00fcck zum SAP Solutions Hub<\/a><\/div>\n                                            <\/div>\n            <div class=\"contentPart-image width-50 trans \">\n                                                    <img decoding=\"async\" src=\"https:\/\/orise.com\/wp-content\/uploads\/sites\/71\/2025\/02\/Michael-Boger.jpeg?w=1024\" alt=\"\" class=\"textbildimg\">\n                            <\/div>\n        <\/div>\n    <\/div>\n\n\n    <div id=\"contactform-block_1837fe1870d6c1f62814902683457bdd\" class=\"content-row content-row-contactform  background_darken contactform\">\n        <div class=\"contentPart-inner\">\n\n            <div class=\"contentPart-text width-100\">\n                                    <h2 class=\"text-blue content-row-headline trans\">\n                        Jetzt Kontakt aufnehmen                    <\/h2>\n                            <\/div>\n\n            <div class=\"contactform-wrapper trans\">\n                                    <iframe src=\"https:\/\/go.atsautomation.com\/l\/651873\/2025-06-04\/h7yqym\" class=\"form-iframe form-iframe-contactform\" data-cookieconsent=\"marketing\"><\/iframe>\n                            <\/div>\n\n        <\/div>\n    <\/div>\n","protected":false},"excerpt":{"rendered":"","protected":false},"author":595,"featured_media":0,"parent":0,"menu_order":0,"comment_status":"closed","ping_status":"closed","template":"","meta":{"_acf_changed":false,"_cr_original_post":"","_cr_replace_post_id":"","_cr_replacing_post_id":"","footnotes":""},"class_list":["post-34338","page","type-page","status-publish","hentry"],"yoast_head":"<!-- This site is optimized with the Yoast SEO Premium plugin v26.8 (Yoast SEO v26.8) - https:\/\/yoast.com\/product\/yoast-seo-premium-wordpress\/ -->\n<title>Erfolgsgeschichten mit SAP &amp; Jedox | Orise<\/title>\n<meta name=\"robots\" content=\"index, follow, max-snippet:-1, max-image-preview:large, max-video-preview:-1\" \/>\n<link rel=\"canonical\" href=\"https:\/\/orise.com\/de\/erfolgsgeschichten-sap-jedox\/\" \/>\n<meta property=\"og:locale\" content=\"de_DE\" \/>\n<meta property=\"og:type\" content=\"article\" \/>\n<meta property=\"og:title\" content=\"Erfolgsgeschichten mit SAP &amp; Jedox\" \/>\n<meta property=\"og:url\" content=\"https:\/\/orise.com\/de\/erfolgsgeschichten-sap-jedox\/\" \/>\n<meta property=\"og:site_name\" content=\"Orise\" \/>\n<meta property=\"article:modified_time\" content=\"2026-01-27T16:01:50+00:00\" \/>\n<meta name=\"twitter:card\" content=\"summary_large_image\" \/>\n<script type=\"application\/ld+json\" class=\"yoast-schema-graph\">{\"@context\":\"https:\/\/schema.org\",\"@graph\":[{\"@type\":\"WebPage\",\"@id\":\"https:\/\/orise.com\/de\/erfolgsgeschichten-sap-jedox\/\",\"url\":\"https:\/\/orise.com\/de\/erfolgsgeschichten-sap-jedox\/\",\"name\":\"Erfolgsgeschichten mit SAP & Jedox | Orise\",\"isPartOf\":{\"@id\":\"https:\/\/orise.com\/de\/#website\"},\"datePublished\":\"2026-01-27T15:39:34+00:00\",\"dateModified\":\"2026-01-27T16:01:50+00:00\",\"breadcrumb\":{\"@id\":\"https:\/\/orise.com\/de\/erfolgsgeschichten-sap-jedox\/#breadcrumb\"},\"inLanguage\":\"de-DE\",\"potentialAction\":[{\"@type\":\"ReadAction\",\"target\":[\"https:\/\/orise.com\/de\/erfolgsgeschichten-sap-jedox\/\"]}]},{\"@type\":\"BreadcrumbList\",\"@id\":\"https:\/\/orise.com\/de\/erfolgsgeschichten-sap-jedox\/#breadcrumb\",\"itemListElement\":[{\"@type\":\"ListItem\",\"position\":1,\"name\":\"Home\",\"item\":\"https:\/\/orise.com\/de\/\"},{\"@type\":\"ListItem\",\"position\":2,\"name\":\"Erfolgsgeschichten mit SAP &#038; Jedox\"}]},{\"@type\":\"WebSite\",\"@id\":\"https:\/\/orise.com\/de\/#website\",\"url\":\"https:\/\/orise.com\/de\/\",\"name\":\"Orise\",\"description\":\"Unlock your full potential.\",\"publisher\":{\"@id\":\"https:\/\/orise.com\/de\/#organization\"},\"potentialAction\":[{\"@type\":\"SearchAction\",\"target\":{\"@type\":\"EntryPoint\",\"urlTemplate\":\"https:\/\/orise.com\/de\/?s={search_term_string}\"},\"query-input\":{\"@type\":\"PropertyValueSpecification\",\"valueRequired\":true,\"valueName\":\"search_term_string\"}}],\"inLanguage\":\"de-DE\"},{\"@type\":\"Organization\",\"@id\":\"https:\/\/orise.com\/de\/#organization\",\"name\":\"Orise\",\"url\":\"https:\/\/orise.com\/de\/\",\"logo\":{\"@type\":\"ImageObject\",\"inLanguage\":\"de-DE\",\"@id\":\"https:\/\/orise.com\/de\/#\/schema\/logo\/image\/\",\"url\":\"https:\/\/orise.com\/wp-content\/uploads\/sites\/71\/2025\/04\/cropped-Orise-Circle-Icon-Website-V1-1.png\",\"contentUrl\":\"https:\/\/orise.com\/wp-content\/uploads\/sites\/71\/2025\/04\/cropped-Orise-Circle-Icon-Website-V1-1.png\",\"width\":512,\"height\":512,\"caption\":\"Orise\"},\"image\":{\"@id\":\"https:\/\/orise.com\/de\/#\/schema\/logo\/image\/\"}}]}<\/script>\n<!-- \/ Yoast SEO Premium plugin. -->","yoast_head_json":{"title":"Erfolgsgeschichten mit SAP & Jedox | Orise","robots":{"index":"index","follow":"follow","max-snippet":"max-snippet:-1","max-image-preview":"max-image-preview:large","max-video-preview":"max-video-preview:-1"},"canonical":"https:\/\/orise.com\/de\/erfolgsgeschichten-sap-jedox\/","og_locale":"de_DE","og_type":"article","og_title":"Erfolgsgeschichten mit SAP & Jedox","og_url":"https:\/\/orise.com\/de\/erfolgsgeschichten-sap-jedox\/","og_site_name":"Orise","article_modified_time":"2026-01-27T16:01:50+00:00","twitter_card":"summary_large_image","schema":{"@context":"https:\/\/schema.org","@graph":[{"@type":"WebPage","@id":"https:\/\/orise.com\/de\/erfolgsgeschichten-sap-jedox\/","url":"https:\/\/orise.com\/de\/erfolgsgeschichten-sap-jedox\/","name":"Erfolgsgeschichten mit SAP & Jedox | Orise","isPartOf":{"@id":"https:\/\/orise.com\/de\/#website"},"datePublished":"2026-01-27T15:39:34+00:00","dateModified":"2026-01-27T16:01:50+00:00","breadcrumb":{"@id":"https:\/\/orise.com\/de\/erfolgsgeschichten-sap-jedox\/#breadcrumb"},"inLanguage":"de-DE","potentialAction":[{"@type":"ReadAction","target":["https:\/\/orise.com\/de\/erfolgsgeschichten-sap-jedox\/"]}]},{"@type":"BreadcrumbList","@id":"https:\/\/orise.com\/de\/erfolgsgeschichten-sap-jedox\/#breadcrumb","itemListElement":[{"@type":"ListItem","position":1,"name":"Home","item":"https:\/\/orise.com\/de\/"},{"@type":"ListItem","position":2,"name":"Erfolgsgeschichten mit SAP &#038; Jedox"}]},{"@type":"WebSite","@id":"https:\/\/orise.com\/de\/#website","url":"https:\/\/orise.com\/de\/","name":"Orise","description":"Unlock your full potential.","publisher":{"@id":"https:\/\/orise.com\/de\/#organization"},"potentialAction":[{"@type":"SearchAction","target":{"@type":"EntryPoint","urlTemplate":"https:\/\/orise.com\/de\/?s={search_term_string}"},"query-input":{"@type":"PropertyValueSpecification","valueRequired":true,"valueName":"search_term_string"}}],"inLanguage":"de-DE"},{"@type":"Organization","@id":"https:\/\/orise.com\/de\/#organization","name":"Orise","url":"https:\/\/orise.com\/de\/","logo":{"@type":"ImageObject","inLanguage":"de-DE","@id":"https:\/\/orise.com\/de\/#\/schema\/logo\/image\/","url":"https:\/\/orise.com\/wp-content\/uploads\/sites\/71\/2025\/04\/cropped-Orise-Circle-Icon-Website-V1-1.png","contentUrl":"https:\/\/orise.com\/wp-content\/uploads\/sites\/71\/2025\/04\/cropped-Orise-Circle-Icon-Website-V1-1.png","width":512,"height":512,"caption":"Orise"},"image":{"@id":"https:\/\/orise.com\/de\/#\/schema\/logo\/image\/"}}]}},"acf":[],"_links":{"self":[{"href":"https:\/\/orise.com\/de\/wp-json\/wp\/v2\/pages\/34338","targetHints":{"allow":["GET"]}}],"collection":[{"href":"https:\/\/orise.com\/de\/wp-json\/wp\/v2\/pages"}],"about":[{"href":"https:\/\/orise.com\/de\/wp-json\/wp\/v2\/types\/page"}],"author":[{"embeddable":true,"href":"https:\/\/orise.com\/de\/wp-json\/wp\/v2\/users\/595"}],"replies":[{"embeddable":true,"href":"https:\/\/orise.com\/de\/wp-json\/wp\/v2\/comments?post=34338"}],"version-history":[{"count":2,"href":"https:\/\/orise.com\/de\/wp-json\/wp\/v2\/pages\/34338\/revisions"}],"predecessor-version":[{"id":34340,"href":"https:\/\/orise.com\/de\/wp-json\/wp\/v2\/pages\/34338\/revisions\/34340"}],"wp:attachment":[{"href":"https:\/\/orise.com\/de\/wp-json\/wp\/v2\/media?parent=34338"}],"curies":[{"name":"wp","href":"https:\/\/api.w.org\/{rel}","templated":true}]}}