{"id":34780,"date":"2026-04-08T09:43:54","date_gmt":"2026-04-08T09:43:54","guid":{"rendered":"https:\/\/orise.com\/?page_id=34780"},"modified":"2026-04-29T14:51:24","modified_gmt":"2026-04-29T14:51:24","slug":"sap-cloud-erp-private","status":"publish","type":"page","link":"https:\/\/orise.com\/de\/sap\/sap-cloud-erp-private\/","title":{"rendered":"SAP Cloud ERP Private"},"content":{"rendered":"<div id=\"pageheader-block_965c8f95d8cfc257d276a1f67cd3b9a6\" class=\"content-row content-row-pageheader bg-base pageheader\">\n        <div class=\"contentPart-fixed\">\n        <div class=\"contentPart-inner\">\n            <div class=\"contentPart-text width-100\">\n                <h1>\n                                        Lizenzierung von SAP Cloud ERP Private                                    <\/h1>\n                <h2 class=\"trans\">\n                                        Flexibel, individuell und sicher mit RISE with SAP                                     <\/h2>\n                                            <\/div>\n        <\/div>\n    <\/div>\n    <div class=\"slidedown-button editor-hide\">\n        <span class=\"slidedown-label\">Mehr erfahren<\/span>\n        <img decoding=\"async\" src=\"https:\/\/orise.com\/wp-content\/themes\/ats-orise\/img\/doubble-arrow-down.svg\" alt=\"\"\n            class=\"slidedown-icon\">\n    <\/div>\n<\/div>\n\n\n\n    <div id=\"image_banner-block_439dd722a1db5eba53ead8a73865efe3\" class=\"content-row content-row-imagebanner trans bg-base image_banner test\">\n                                                <img decoding=\"async\" src=\"https:\/\/orise.com\/wp-content\/uploads\/sites\/71\/2025\/10\/Firefly_digitales-Schloss.jpg?w=1920&#038;h=0&#038;crop=1\" alt=\"\" class=\"fullscreen\">\n            <\/div>\n\n\n\n    <div id=\"imagetext_textvariation-block_46ea6c719840ac4a7d67be142300b996\" class=\"content-row content-row-textvariation bg-base    textvariation\">\n        <div class=\"contentPart-inner\">\n            <div class=\"contentPart-text\">\n                                            <\/div>\n                                <\/div>\n                    <\/div>\n\n\n    <div id=\"textboxgrid-block_dfc6e06c52a9b0db6bb0d99de5f8a7bc\" class=\"content-row content-row-textboxgrid  bg-base textboxgrid  \">\n        <div class=\"contentPart-inner\">\n            <div class=\"contentPart-left\">\n                <div>\n                    <div class=\"contentPart-text\">\n                        <h2 class=\"content-row-headline trans\">\n                            Wie funktioniert die Lizenzierung von SAP Cloud ERP Private?                          <\/h2>\n                    <\/div>\n\n                                            <div class=\"textboxgrid-leadin trans\">\n                            Maximale Kontrolle und Anpassungsf\u00e4higkeit mit Private Cloud Lizenzen                         <\/div>\n                                    <\/div>\n\n                <div>\n                                                        <\/div>\n            <\/div>\n\n            <div class=\"textboxgrid-wrapper\">\n                                    <div class=\"textboxgrid-colum textboxgrid-colum-l width-50\">\n                                                    <div class=\"textboxgrid-item trans\">\n                                <div class=\"textboxgrid-item-titel\">\n                                    <h2>\n                                                                                    Individuelle Lizenzmodelle f\u00fcr maximale Flexibilit\u00e4t                                                                             <\/h2>\n                                <\/div>\n                                <div class=\"textboxgrid-item-content textInput\">\n                                    <p><span class=\"TextRun SCXW235581497 BCX0\" lang=\"DE-DE\" xml:lang=\"DE-DE\" data-contrast=\"auto\"><span class=\"NormalTextRun SCXW235581497 BCX0\">Die Lizenzierung von SAP Cloud ERP Private erfolgt im Rahmen des RISE\u00a0<\/span><span class=\"NormalTextRun SpellingErrorV2Themed SCXW235581497 BCX0\">with<\/span><span class=\"NormalTextRun SCXW235581497 BCX0\">\u00a0<\/span><span class=\"NormalTextRun ContextualSpellingAndGrammarErrorV2Themed SCXW235581497 BCX0\">SAP Produktpakets<\/span><span class=\"NormalTextRun SCXW235581497 BCX0\">. Anders als bei der Public Cloud werden die Kosten und Lizenzstrukturen individuell auf Ihr Unternehmen zugeschnitten. Faktoren wie Unternehmensgr\u00f6\u00dfe, gew\u00fcnschte Module, Infrastruktur und Serviceumfang flie\u00dfen in die Preisbestimmung ein. So erhalten Sie eine L\u00f6sung, die exakt zu Ihren Anforderungen passt \u2013 mit voller Transparenz und Planungssicherheit.<\/span><\/span><span class=\"EOP SCXW235581497 BCX0\" data-ccp-props=\"{}\">\u00a0<\/span><\/p>\n                                <\/div>\n                            <\/div>\n                                                    <div class=\"textboxgrid-item trans\">\n                                <div class=\"textboxgrid-item-titel\">\n                                    <h2>\n                                                                                    Individuelle Anpassungen und h\u00f6chste Sicherheit                                                                             <\/h2>\n                                <\/div>\n                                <div class=\"textboxgrid-item-content textInput\">\n                                    <p><span class=\"TextRun SCXW247794309 BCX0\" lang=\"DE-DE\" xml:lang=\"DE-DE\" data-contrast=\"auto\"><span class=\"NormalTextRun SCXW247794309 BCX0\">SAP Cloud ERP Private bietet Ihnen maximale Freiheit bei der Gestaltung Ihrer Gesch\u00e4ftsprozesse. Individuelle Anpassungen, Erweiterungen und Integrationen sind jederzeit m\u00f6glich. Die L\u00f6sung erf\u00fcllt h\u00f6chste Anforderungen an Datenschutz und Compliance und wird durch unser Expertenteam kontinuierlich \u00fcberwacht und betreut.<\/span><\/span><span class=\"EOP SCXW247794309 BCX0\" data-ccp-props=\"{}\">\u00a0<\/span><\/p>\n                                <\/div>\n                            <\/div>\n                                            <\/div>\n                                                    <div class=\"textboxgrid-colum textboxgrid-colum-r width-50\">\n                                                    <div class=\"textboxgrid-item trans\">\n                                <div class=\"textboxgrid-item-titel\">\n                                    <h2>\n                                                                                    SaaS-Modell inklusive Managed Services                                                                            <\/h2>\n                                <\/div>\n                                <div class=\"textboxgrid-item-content textInput\">\n                                    <p><span class=\"TextRun SCXW115406688 BCX0\" lang=\"DE-DE\" xml:lang=\"DE-DE\" data-contrast=\"auto\"><span class=\"NormalTextRun SCXW115406688 BCX0\">Im SaaS-Modell sind die Lizenzen f\u00fcr Ihre SAP Private Cloud bereits enthalten. Sie profitieren von einem Rundum-sorglos-Paket: Neben der Software sind auch Betrieb, Wartung und Support durch unsere\u00a0<\/span><span class=\"NormalTextRun SpellingErrorV2Themed SCXW115406688 BCX0\">Managed<\/span><span class=\"NormalTextRun SCXW115406688 BCX0\">\u00a0Services abgedeckt. So bleibt Ihre IT flexibel und zukunftssicher \u2013 ohne versteckte Zusatzkosten.<\/span><\/span><span class=\"EOP SCXW115406688 BCX0\" data-ccp-props=\"{}\">\u00a0<\/span><\/p>\n                                <\/div>\n                            <\/div>\n                                            <\/div>\n                            <\/div>\n        <\/div>\n                    <\/div>\n\n\n    <div id=\"imagetext_textvariation-block_f01de23e7f28af8ec94a2fe48118f3aa\" class=\"content-row content-row-textvariation background_blue    textvariation\">\n        <div class=\"contentPart-inner\">\n            <div class=\"contentPart-text\">\n                                    <h2 class=\"text-blue content-row-headline trans\">\n                        F\u00fcr wen eignet sich SAP Cloud ERP Private?                     <\/h2>\n                                            <\/div>\n                            <div class=\"contentPart-textbox width-50 textInput trans\">\n                    <h3><b><span data-contrast=\"auto\">Die optimale L\u00f6sung f\u00fcr komplexe Anforderungen<\/span><\/b><span data-ccp-props=\"{}\">\u00a0<\/span><\/h3>\n<p>&nbsp;<\/p>\n<p><span data-contrast=\"auto\">SAP Cloud ERP Private ist ideal f\u00fcr Unternehmen, die komplexe Prozesse abbilden, individuelle Anpassungen ben\u00f6tigen und h\u00f6chste Anspr\u00fcche an Sicherheit und Flexibilit\u00e4t stellen. Mit RISE\u00a0with\u00a0SAP erhalten Sie alle Bausteine f\u00fcr eine erfolgreiche digitale Transformation \u2013 von der Beratung \u00fcber die Implementierung bis zum laufenden Betrieb.<\/span><span data-ccp-props=\"{}\">\u00a0<\/span><\/p>\n                <\/div>\n                                <\/div>\n                    <\/div>\n\n\n<div id=\"highlight-box-block_a9cef549f930c6cc11c1dc6415fe415b\"\n    class=\"content-row content-row-highlightbox trans highlightbox bg-base\">\n    <div class=\"contentPart-inner\">\n        <div class=\"contentPart-text\">\n            <div class=\"contentPart-text-inner\">\n                                <h2>Mehr erfahren \u2013 RISE with SAP <\/h2>\n                                                <div class=\"text\">\n                    Sie m\u00f6chten wissen, wie Sie mit SAP Cloud ERP Private und RISE with SAP Ihre digitale Transformation gestalten? \r\n\r\nErfahren Sie mehr \u00fcber unser Angebot, die Vorteile individueller Lizenzierung und unsere Managed Services auf unserer RISE with SAP-Seite:                <\/div>\n                <div class=\"links\">\n                                                                                                    <a href=\"https:\/\/orise.com\/de\/sap\/rise-with-sap\/\">\n                                                <div class=\"icon_wrap\"><img decoding=\"async\" src=\"https:\/\/orise.com\/wp-content\/uploads\/sites\/71\/2026\/01\/alternate_email.svg?w=1920&#038;h=0&#038;crop=1\"\n                                alt=\"\" class=\"icon\"><\/div>\n                        <p>Mehr erfahren<\/p>\n                                            <\/a>\n                                                        <\/div>\n            <\/div>\n        <\/div>\n        <div class=\"contentPart-image\">\n                                    <img decoding=\"async\" src=\"https:\/\/orise.com\/wp-content\/uploads\/sites\/71\/2025\/12\/shutterstock_1388871755.jpg?w=1920&#038;h=0&#038;crop=1\" alt=\"\"\n                class=\"textbildimg\">\n                    <\/div>\n    <\/div>\n<\/div>\n\n\n    <div id=\"textimage-block_7d71152d4e017fb49159431141da379f\" class=\"content-row content-row-textimage background_blue  textimage\">\n        <div class=\"contentPart-inner\">\n            <div class=\"contentPart-text width-50\">\n                <h2 class=\"trans text-blue \">\n                                            Ihr Ansprechpartner:                                                                <span class=\"headline_white\">Helge Spahr \u00b7 Vice President Consulting<\/span>\n                                    <\/h2>\n                <div class=\"textInput trans\">\n                                            <p>Rheinwaldstra\u00dfe 38<br \/>\n78628 Rottweil<\/p>\n<p>Tel.: 0741 174 416 600<br \/>\nE-Mail: <a href=\"mailto:Service.DE-ROT@orise.com\">marketing.DE-ROT@orise.com<\/a><\/p>\n                                    <\/div>\n                                                    <div class=\"btnrow btnrow-light bold trans\"><a href=\"https:\/\/orise.com\/sap\/\" target=\"_blank\" class=\"animateAll\">Back to SAP Solutions Hub   <\/a><\/div>\n                            <\/div>\n            <div class=\"contentPart-image width-50 trans \">\n                                                    <img decoding=\"async\" src=\"https:\/\/orise.com\/wp-content\/uploads\/sites\/71\/2025\/08\/IMG_0073_bearbeitet.jpeg?w=1024\" alt=\"\" class=\"textbildimg\">\n                            <\/div>\n        <\/div>\n    <\/div>\n\n\n    <div id=\"contactform-block_19c968ac5eef183c7adb1b4f9396d26e\" class=\"content-row content-row-contactform  background_darken contactform\">\n        <div class=\"contentPart-inner\">\n\n            <div class=\"contentPart-text width-100\">\n                                    <h2 class=\"text-blue content-row-headline trans\">\n                        Jetzt Kontakt aufnehmen                    <\/h2>\n                            <\/div>\n\n            <div class=\"contactform-wrapper trans\">\n                                    <iframe src=\"https:\/\/go.atsautomation.com\/l\/651873\/2025-06-04\/h7yqym\" class=\"form-iframe form-iframe-contactform\" data-cookieconsent=\"marketing\"><\/iframe>\n                            <\/div>\n\n        <\/div>\n    <\/div>\n","protected":false},"excerpt":{"rendered":"","protected":false},"author":617,"featured_media":34017,"parent":22132,"menu_order":0,"comment_status":"closed","ping_status":"closed","template":"","meta":{"_acf_changed":false,"_cr_original_post":"","_cr_replace_post_id":"","_cr_replacing_post_id":"","footnotes":""},"class_list":["post-34780","page","type-page","status-publish","has-post-thumbnail","hentry"],"yoast_head":"<!-- This site is optimized with the Yoast SEO Premium plugin v26.8 (Yoast SEO v26.8) - https:\/\/yoast.com\/product\/yoast-seo-premium-wordpress\/ -->\n<title>Lizenzierung von SAP Cloud ERP Private | Orise Digital<\/title>\n<meta name=\"description\" content=\"Erfahren Sie alles \u00fcber die individuelle Lizenzierung von SAP Cloud ERP Private: Flexible Modelle, Managed Services, h\u00f6chste Sicherheit und ma\u00dfgeschneiderte L\u00f6sungen mit RISE with SAP.\" \/>\n<meta name=\"robots\" content=\"index, follow, max-snippet:-1, max-image-preview:large, max-video-preview:-1\" \/>\n<link rel=\"canonical\" href=\"https:\/\/orise.com\/de\/sap\/sap-cloud-erp-private\/\" \/>\n<meta property=\"og:locale\" content=\"de_DE\" \/>\n<meta property=\"og:type\" content=\"article\" \/>\n<meta property=\"og:title\" content=\"SAP Cloud ERP Private\" \/>\n<meta property=\"og:description\" content=\"Erfahren Sie alles \u00fcber die individuelle Lizenzierung von SAP Cloud ERP Private: Flexible Modelle, Managed Services, h\u00f6chste Sicherheit und ma\u00dfgeschneiderte L\u00f6sungen mit RISE with SAP.\" \/>\n<meta property=\"og:url\" content=\"https:\/\/orise.com\/de\/sap\/sap-cloud-erp-private\/\" \/>\n<meta property=\"og:site_name\" content=\"Orise\" \/>\n<meta property=\"article:modified_time\" content=\"2026-04-29T14:51:24+00:00\" \/>\n<meta property=\"og:image\" content=\"https:\/\/orise.com\/wp-content\/uploads\/sites\/71\/2026\/01\/shutterstock_661114459.jpg?w=768\" \/>\n\t<meta property=\"og:image:width\" content=\"768\" \/>\n\t<meta property=\"og:image:height\" content=\"432\" \/>\n\t<meta property=\"og:image:type\" content=\"image\/jpeg\" \/>\n<meta name=\"twitter:card\" content=\"summary_large_image\" \/>\n<meta name=\"twitter:label1\" content=\"Gesch\u00e4tzte Lesezeit\" \/>\n\t<meta name=\"twitter:data1\" content=\"1 Minute\" \/>\n<script type=\"application\/ld+json\" class=\"yoast-schema-graph\">{\"@context\":\"https:\/\/schema.org\",\"@graph\":[{\"@type\":\"WebPage\",\"@id\":\"https:\/\/orise.com\/de\/sap\/sap-cloud-erp-private\/\",\"url\":\"https:\/\/orise.com\/de\/sap\/sap-cloud-erp-private\/\",\"name\":\"Lizenzierung von SAP Cloud ERP Private | Orise Digital\",\"isPartOf\":{\"@id\":\"https:\/\/orise.com\/de\/#website\"},\"primaryImageOfPage\":{\"@id\":\"https:\/\/orise.com\/de\/sap\/sap-cloud-erp-private\/#primaryimage\"},\"image\":{\"@id\":\"https:\/\/orise.com\/de\/sap\/sap-cloud-erp-private\/#primaryimage\"},\"thumbnailUrl\":\"https:\/\/orise.com\/wp-content\/uploads\/sites\/71\/2026\/01\/shutterstock_661114459.jpg\",\"datePublished\":\"2026-04-08T09:43:54+00:00\",\"dateModified\":\"2026-04-29T14:51:24+00:00\",\"description\":\"Erfahren Sie alles \u00fcber die individuelle Lizenzierung von SAP Cloud ERP Private: Flexible Modelle, Managed Services, h\u00f6chste Sicherheit und ma\u00dfgeschneiderte L\u00f6sungen mit RISE with SAP.\",\"breadcrumb\":{\"@id\":\"https:\/\/orise.com\/de\/sap\/sap-cloud-erp-private\/#breadcrumb\"},\"inLanguage\":\"de-DE\",\"potentialAction\":[{\"@type\":\"ReadAction\",\"target\":[\"https:\/\/orise.com\/de\/sap\/sap-cloud-erp-private\/\"]}]},{\"@type\":\"ImageObject\",\"inLanguage\":\"de-DE\",\"@id\":\"https:\/\/orise.com\/de\/sap\/sap-cloud-erp-private\/#primaryimage\",\"url\":\"https:\/\/orise.com\/wp-content\/uploads\/sites\/71\/2026\/01\/shutterstock_661114459.jpg\",\"contentUrl\":\"https:\/\/orise.com\/wp-content\/uploads\/sites\/71\/2026\/01\/shutterstock_661114459.jpg\",\"width\":5760,\"height\":3240},{\"@type\":\"BreadcrumbList\",\"@id\":\"https:\/\/orise.com\/de\/sap\/sap-cloud-erp-private\/#breadcrumb\",\"itemListElement\":[{\"@type\":\"ListItem\",\"position\":1,\"name\":\"Home\",\"item\":\"https:\/\/orise.com\/de\/\"},{\"@type\":\"ListItem\",\"position\":2,\"name\":\"SAP\",\"item\":\"https:\/\/orise.com\/de\/sap\/\"},{\"@type\":\"ListItem\",\"position\":3,\"name\":\"SAP Cloud ERP Private\"}]},{\"@type\":\"WebSite\",\"@id\":\"https:\/\/orise.com\/de\/#website\",\"url\":\"https:\/\/orise.com\/de\/\",\"name\":\"Orise\",\"description\":\"Unlock your full potential.\",\"publisher\":{\"@id\":\"https:\/\/orise.com\/de\/#organization\"},\"potentialAction\":[{\"@type\":\"SearchAction\",\"target\":{\"@type\":\"EntryPoint\",\"urlTemplate\":\"https:\/\/orise.com\/de\/?s={search_term_string}\"},\"query-input\":{\"@type\":\"PropertyValueSpecification\",\"valueRequired\":true,\"valueName\":\"search_term_string\"}}],\"inLanguage\":\"de-DE\"},{\"@type\":\"Organization\",\"@id\":\"https:\/\/orise.com\/de\/#organization\",\"name\":\"Orise\",\"url\":\"https:\/\/orise.com\/de\/\",\"logo\":{\"@type\":\"ImageObject\",\"inLanguage\":\"de-DE\",\"@id\":\"https:\/\/orise.com\/de\/#\/schema\/logo\/image\/\",\"url\":\"https:\/\/orise.com\/wp-content\/uploads\/sites\/71\/2025\/04\/cropped-Orise-Circle-Icon-Website-V1-1.png\",\"contentUrl\":\"https:\/\/orise.com\/wp-content\/uploads\/sites\/71\/2025\/04\/cropped-Orise-Circle-Icon-Website-V1-1.png\",\"width\":512,\"height\":512,\"caption\":\"Orise\"},\"image\":{\"@id\":\"https:\/\/orise.com\/de\/#\/schema\/logo\/image\/\"}}]}<\/script>\n<!-- \/ Yoast SEO Premium plugin. -->","yoast_head_json":{"title":"Lizenzierung von SAP Cloud ERP Private | Orise Digital","description":"Erfahren Sie alles \u00fcber die individuelle Lizenzierung von SAP Cloud ERP Private: Flexible Modelle, Managed Services, h\u00f6chste Sicherheit und ma\u00dfgeschneiderte L\u00f6sungen mit RISE with SAP.","robots":{"index":"index","follow":"follow","max-snippet":"max-snippet:-1","max-image-preview":"max-image-preview:large","max-video-preview":"max-video-preview:-1"},"canonical":"https:\/\/orise.com\/de\/sap\/sap-cloud-erp-private\/","og_locale":"de_DE","og_type":"article","og_title":"SAP Cloud ERP Private","og_description":"Erfahren Sie alles \u00fcber die individuelle Lizenzierung von SAP Cloud ERP Private: Flexible Modelle, Managed Services, h\u00f6chste Sicherheit und ma\u00dfgeschneiderte L\u00f6sungen mit RISE with SAP.","og_url":"https:\/\/orise.com\/de\/sap\/sap-cloud-erp-private\/","og_site_name":"Orise","article_modified_time":"2026-04-29T14:51:24+00:00","og_image":[{"url":"https:\/\/orise.com\/wp-content\/uploads\/sites\/71\/2026\/01\/shutterstock_661114459.jpg?w=768","width":768,"height":432,"type":"image\/jpeg"}],"twitter_card":"summary_large_image","twitter_misc":{"Gesch\u00e4tzte Lesezeit":"1 Minute"},"schema":{"@context":"https:\/\/schema.org","@graph":[{"@type":"WebPage","@id":"https:\/\/orise.com\/de\/sap\/sap-cloud-erp-private\/","url":"https:\/\/orise.com\/de\/sap\/sap-cloud-erp-private\/","name":"Lizenzierung von SAP Cloud ERP Private | Orise Digital","isPartOf":{"@id":"https:\/\/orise.com\/de\/#website"},"primaryImageOfPage":{"@id":"https:\/\/orise.com\/de\/sap\/sap-cloud-erp-private\/#primaryimage"},"image":{"@id":"https:\/\/orise.com\/de\/sap\/sap-cloud-erp-private\/#primaryimage"},"thumbnailUrl":"https:\/\/orise.com\/wp-content\/uploads\/sites\/71\/2026\/01\/shutterstock_661114459.jpg","datePublished":"2026-04-08T09:43:54+00:00","dateModified":"2026-04-29T14:51:24+00:00","description":"Erfahren Sie alles \u00fcber die individuelle Lizenzierung von SAP Cloud ERP Private: Flexible Modelle, Managed Services, h\u00f6chste Sicherheit und ma\u00dfgeschneiderte L\u00f6sungen mit RISE with SAP.","breadcrumb":{"@id":"https:\/\/orise.com\/de\/sap\/sap-cloud-erp-private\/#breadcrumb"},"inLanguage":"de-DE","potentialAction":[{"@type":"ReadAction","target":["https:\/\/orise.com\/de\/sap\/sap-cloud-erp-private\/"]}]},{"@type":"ImageObject","inLanguage":"de-DE","@id":"https:\/\/orise.com\/de\/sap\/sap-cloud-erp-private\/#primaryimage","url":"https:\/\/orise.com\/wp-content\/uploads\/sites\/71\/2026\/01\/shutterstock_661114459.jpg","contentUrl":"https:\/\/orise.com\/wp-content\/uploads\/sites\/71\/2026\/01\/shutterstock_661114459.jpg","width":5760,"height":3240},{"@type":"BreadcrumbList","@id":"https:\/\/orise.com\/de\/sap\/sap-cloud-erp-private\/#breadcrumb","itemListElement":[{"@type":"ListItem","position":1,"name":"Home","item":"https:\/\/orise.com\/de\/"},{"@type":"ListItem","position":2,"name":"SAP","item":"https:\/\/orise.com\/de\/sap\/"},{"@type":"ListItem","position":3,"name":"SAP Cloud ERP Private"}]},{"@type":"WebSite","@id":"https:\/\/orise.com\/de\/#website","url":"https:\/\/orise.com\/de\/","name":"Orise","description":"Unlock your full potential.","publisher":{"@id":"https:\/\/orise.com\/de\/#organization"},"potentialAction":[{"@type":"SearchAction","target":{"@type":"EntryPoint","urlTemplate":"https:\/\/orise.com\/de\/?s={search_term_string}"},"query-input":{"@type":"PropertyValueSpecification","valueRequired":true,"valueName":"search_term_string"}}],"inLanguage":"de-DE"},{"@type":"Organization","@id":"https:\/\/orise.com\/de\/#organization","name":"Orise","url":"https:\/\/orise.com\/de\/","logo":{"@type":"ImageObject","inLanguage":"de-DE","@id":"https:\/\/orise.com\/de\/#\/schema\/logo\/image\/","url":"https:\/\/orise.com\/wp-content\/uploads\/sites\/71\/2025\/04\/cropped-Orise-Circle-Icon-Website-V1-1.png","contentUrl":"https:\/\/orise.com\/wp-content\/uploads\/sites\/71\/2025\/04\/cropped-Orise-Circle-Icon-Website-V1-1.png","width":512,"height":512,"caption":"Orise"},"image":{"@id":"https:\/\/orise.com\/de\/#\/schema\/logo\/image\/"}}]}},"acf":[],"_links":{"self":[{"href":"https:\/\/orise.com\/de\/wp-json\/wp\/v2\/pages\/34780","targetHints":{"allow":["GET"]}}],"collection":[{"href":"https:\/\/orise.com\/de\/wp-json\/wp\/v2\/pages"}],"about":[{"href":"https:\/\/orise.com\/de\/wp-json\/wp\/v2\/types\/page"}],"author":[{"embeddable":true,"href":"https:\/\/orise.com\/de\/wp-json\/wp\/v2\/users\/617"}],"replies":[{"embeddable":true,"href":"https:\/\/orise.com\/de\/wp-json\/wp\/v2\/comments?post=34780"}],"version-history":[{"count":7,"href":"https:\/\/orise.com\/de\/wp-json\/wp\/v2\/pages\/34780\/revisions"}],"predecessor-version":[{"id":36576,"href":"https:\/\/orise.com\/de\/wp-json\/wp\/v2\/pages\/34780\/revisions\/36576"}],"up":[{"embeddable":true,"href":"https:\/\/orise.com\/de\/wp-json\/wp\/v2\/pages\/22132"}],"wp:featuredmedia":[{"embeddable":true,"href":"https:\/\/orise.com\/de\/wp-json\/wp\/v2\/media\/34017"}],"wp:attachment":[{"href":"https:\/\/orise.com\/de\/wp-json\/wp\/v2\/media?parent=34780"}],"curies":[{"name":"wp","href":"https:\/\/api.w.org\/{rel}","templated":true}]}}