{"id":34858,"date":"2026-03-02T08:54:15","date_gmt":"2026-03-02T08:54:15","guid":{"rendered":"https:\/\/orise.com\/?page_id=34858"},"modified":"2026-03-02T14:22:29","modified_gmt":"2026-03-02T14:22:29","slug":"jedox-systemlandschaften-und-integration-2","status":"publish","type":"page","link":"https:\/\/orise.com\/de\/jedox-systemlandschaften-und-integration-2\/","title":{"rendered":"Jedox Systemlandschaften und Integration"},"content":{"rendered":"<div id=\"pageheader-block_86b3275642db634ba4fd62e3fad33eb8\" class=\"content-row content-row-pageheader bg-base\t\tcontent-row-pageheader-anchor   pageheader\">\n        <div class=\"contentPart-fixed\">\n        <div class=\"contentPart-inner\">\n            <div class=\"contentPart-text width-100\">\n                <h1>\n                                        Jedox Systemlandschaften                                    <\/h1>\n                <h2 class=\"trans\">\n                                        Integration, Sicherheit und Kontrolle f\u00fcr Ihre Planung                                    <\/h2>\n                                                <div class=\"anchor_links-wrapper trans\">\n                                        <div class=\"anchor_link-item trans\">\n                        <div class=\"anchor_link-item-inner\">\n                            <a class=\"anchorlink\" data-subtab=\"\"\n                                data-anchor=\"#integration\"\n                                href=\"#\">Integrationen<\/a>\n                        <\/div>\n                    <\/div>\n                                        <div class=\"anchor_link-item trans\">\n                        <div class=\"anchor_link-item-inner\">\n                            <a class=\"anchorlink\" data-subtab=\"\"\n                                data-anchor=\"#faq\"\n                                href=\"#\">FAQ<\/a>\n                        <\/div>\n                    <\/div>\n                                        <div class=\"anchor_link-item trans\">\n                        <div class=\"anchor_link-item-inner\">\n                            <a class=\"anchorlink\" data-subtab=\"\"\n                                data-anchor=\"#contact\"\n                                href=\"#\">Kontakt<\/a>\n                        <\/div>\n                    <\/div>\n                                    <\/div>\n                            <\/div>\n        <\/div>\n    <\/div>\n    <div class=\"slidedown-button editor-hide\">\n        <span class=\"slidedown-label\">Mehr erfahren<\/span>\n        <img decoding=\"async\" src=\"https:\/\/orise.com\/wp-content\/themes\/ats-orise\/img\/doubble-arrow-down.svg\" alt=\"\"\n            class=\"slidedown-icon\">\n    <\/div>\n<\/div>\n\n\n\n    <div id=\"image_banner-block_e86a24785741ecef7fe70efda5c19e75\" class=\"content-row content-row-imagebanner trans bg-base image_banner test\">\n                                                <img decoding=\"async\" src=\"https:\/\/orise.com\/wp-content\/uploads\/sites\/71\/2025\/10\/Digital-2.png?w=1920&#038;h=0&#038;crop=1\" alt=\"\" class=\"fullscreen\">\n            <\/div>\n\n\n\n    <div id=\"imagetext_textvariation-block_c6667136233903e3423ceb583945d91e\" class=\"content-row content-row-textvariation background_blue    textvariation\">\n        <div class=\"contentPart-inner\">\n            <div class=\"contentPart-text\">\n                                    <h2 class=\"text-blue content-row-headline trans\">\n                        Leistungsstarkes Enterprise Performance Management                     <\/h2>\n                                                    <div class=\"subline trans\">\n                        \u2013 integriert, sicher und zukunftsf\u00e4hig                    <\/div>\n                            <\/div>\n                            <div class=\"contentPart-textbox width-50 textInput trans\">\n                    <p>Die <strong data-renderer-mark=\"true\">Jedox EPM-Plattform<\/strong> bietet Ihnen eine zentrale, skalierbare L\u00f6sung f\u00fcr <strong data-renderer-mark=\"true\">integrierte Planung und Steuerung<\/strong>. Durch die enge <strong data-renderer-mark=\"true\">Integration mit SAP-Systemen<\/strong> und weiteren f\u00fchrenden Datenquellen schaffen wir eine leistungsf\u00e4hige Architektur, die Transparenz, Sicherheit und Effizienz vereint.<\/p>\n<h3><\/h3>\n<h3 id=\"Entdecken-Sie-die-Jedox-EPM-Plattform\" data-renderer-start-pos=\"1668\"><strong data-renderer-mark=\"true\">Entdecken Sie die Jedox EPM-Plattform<\/strong><\/h3>\n<p>Jedox erm\u00f6glicht es Unternehmen, Planung, Reporting und Analyse in einer zentralen Umgebung zu vereinen.<\/p>\n                <\/div>\n                                        <div class=\"contentPart-textbox contentPart-textbox_2 textInput width-50 trans\">\n                    <p data-renderer-start-pos=\"1707\">Dank leistungsstarker <strong data-renderer-mark=\"true\">System-Konnektoren<\/strong> (z. B. f\u00fcr <strong data-renderer-mark=\"true\">SAP S\/4HANA<\/strong>, SAP C4C oder Salesforce) lassen sich operative und strategische Datenquellen <strong data-renderer-mark=\"true\">nahtlos integrieren<\/strong> \u2013 ohne zus\u00e4tzliche Insell\u00f6sungen.<\/p>\n<ul class=\"ak-ul\" data-indent-level=\"1\">\n<li>\n<p data-renderer-start-pos=\"2011\">Flexible Integration: SAP S\/4HANA, SAP C4C, Salesforce u. a.<\/p>\n<\/li>\n<li>\n<p data-renderer-start-pos=\"2075\">Einheitliche Datenbasis f\u00fcr Planung und Steuerung<\/p>\n<\/li>\n<li>\n<p data-renderer-start-pos=\"2128\">Hohe Performance durch moderne Architektur<\/p>\n<\/li>\n<\/ul>\n                <\/div>\n                    <\/div>\n                    <\/div>\n\n\n<div id=\"integration\" class=\"content-row anchortarget trans anchortarget\">\n    <h3 class=\"editorInfo\">#integration<\/h3>\n<\/div>\n\n<div id=\"stepbox-block_a5a48ac12991806c715239d6f89f07d9\" class=\"content-row content-row-stepbox bg-base stepbox\">\n    <div class=\"contentPart-inner\">\n        <div class=\"contentPart-text width-60\">\n                        <h2 class=\"content-row-headline trans\">\n                Starke Integration f\u00fcr Ihre Datenlandschaft            <\/h2>\n                                            <\/div>\n                <div class=\"steps-wrapper\">\n                                                <div class=\"step-item trans\">\n                                                <div class=\"index\">\n                    <p>1<\/p>\n                <\/div>\n                                <div class=\"step-item-inner\">\n                    <h3>\n                                                SAP S\/4HANA Integration                                            <\/h3>\n                    <div class=\"contentPart-textbox width-100 textInput\">\n                        <p>Planung direkt auf operativen Daten<\/p>\n                    <\/div>\n                                                        <\/div>\n            <\/div>\n                                                            <div class=\"step-item trans\">\n                                                <div class=\"index\">\n                    <p>2<\/p>\n                <\/div>\n                                <div class=\"step-item-inner\">\n                    <h3>\n                                                SAP C4C &amp; Salesforce                                            <\/h3>\n                    <div class=\"contentPart-textbox width-100 textInput\">\n                        <p>Nahtlose Verbindung von Front- und Backoffice<\/p>\n                    <\/div>\n                                                        <\/div>\n            <\/div>\n                                                            <div class=\"step-item trans\">\n                                                <div class=\"index\">\n                    <p>3<\/p>\n                <\/div>\n                                <div class=\"step-item-inner\">\n                    <h3>\n                                                Jedox Integrator                                            <\/h3>\n                    <div class=\"contentPart-textbox width-100 textInput\">\n                        <p>Leistungsstarke Konnektoren f\u00fcr hohe Datenqualit\u00e4t<\/p>\n                    <\/div>\n                                                        <\/div>\n            <\/div>\n                                                            <div class=\"step-item trans\">\n                                                <div class=\"index\">\n                    <p>4<\/p>\n                <\/div>\n                                <div class=\"step-item-inner\">\n                    <h3>\n                                                Flexible Erweiterbarkeit                                            <\/h3>\n                    <div class=\"contentPart-textbox width-100 textInput\">\n                        <p>Skalierbare Architektur f\u00fcr individuelle Anforderungen<\/p>\n                    <\/div>\n                                                        <\/div>\n            <\/div>\n                                <\/div>\n        <div class=\"steps-buttons\">\n                                                                                                                                                                    <\/div>\n            <\/div>\n<\/div>\n\n\n    <div id=\"textimage-block_d6ed809f94ce78d4b05950f0dcb668fc\" class=\"content-row content-row-textimage background_darken  textimage\">\n        <div class=\"contentPart-inner\">\n            <div class=\"contentPart-text width-50\">\n                <h2 class=\"trans text-blue \">\n                                            Architektur, die mit Ihren Anforderungen w\u00e4chst                                                        <\/h2>\n                <div class=\"textInput trans\">\n                                            <ul>\n<li>Jedox Private Cloud oder Betrieb in unserem eigenen Rechenzentrum<\/li>\n<li>Standardisierte Kubernetes Cloud f\u00fcr maximale Skalierbarkeit<\/li>\n<li>Gesch\u00fctztes Umfeld f\u00fcr hochsichere Unternehmensdaten<\/li>\n<li>Zukunftssichere Infrastruktur f\u00fcr Enterprise-Anforderungen<\/li>\n<\/ul>\n<p><strong>Sicherheitsaspekt:<\/strong><br \/>\nUnsere L\u00f6sung erf\u00fcllt h\u00f6chste Security-Standards und eignet sich auch f\u00fcr sicherheitskritische Branchen (z. B. Defense).<\/p>\n<p><em>Querlink: Security Content &#8211; Vulnerability Management + Rechenzentrum <\/em><\/p>\n                                    <\/div>\n                                            <\/div>\n            <div class=\"contentPart-image width-50 trans \">\n                                                    <img decoding=\"async\" src=\"https:\/\/orise.com\/wp-content\/uploads\/sites\/71\/2025\/10\/Firefly_digitales-Schloss.jpg?w=1024\" alt=\"\" class=\"textbildimg\">\n                            <\/div>\n        <\/div>\n    <\/div>\n\n\n<div id=\"faq\" class=\"content-row anchortarget trans anchortarget\">\n    <h3 class=\"editorInfo\">#faq<\/h3>\n<\/div>\n\n    <div id=\"accordion-block_e469bfb49f715b35275a7661507f6dae\" class=\"content-row content-row-accordion bg-base accordion\">\n                    <div class=\"contentPart-inner\">\n                <div class=\"accordion-wrapper\">\n                                            <div class=\"accordion-item accordion-item-off trans\">\n                            <div class=\"accordion-titel\">\n                                <h2>\n                                                                            Welche Systeme kann Jedox integrieren?                                                                    <\/h2>\n                                <img decoding=\"async\" src=\"https:\/\/orise.com\/wp-content\/themes\/ats-orise\/img\/icon-plus.svg\" alt=\"\" class=\"accordion-plus\">\n\n                            <\/div>\n                            <div class=\"accordion-content\">\n                                                                <div class=\"contentPart-textbox width-50 textInput full-width\">\n                                    <p>Jedox bietet native Konnektoren u. a. f\u00fcr SAP S\/4HANA, SAP C4C, Salesforce und weitere ERP- sowie CRM-Systeme.<\/p>\n\n                                                                                                        <\/div>\n                                                            <\/div>\n                        <\/div>\n\n                                            <div class=\"accordion-item accordion-item-off trans\">\n                            <div class=\"accordion-titel\">\n                                <h2>\n                                                                            Wo werden die Daten betrieben?                                                                    <\/h2>\n                                <img decoding=\"async\" src=\"https:\/\/orise.com\/wp-content\/themes\/ats-orise\/img\/icon-plus.svg\" alt=\"\" class=\"accordion-plus\">\n\n                            <\/div>\n                            <div class=\"accordion-content\">\n                                                                <div class=\"contentPart-textbox width-50 textInput full-width\">\n                                    <p>In der <strong data-renderer-mark=\"true\">Jedox Private Cloud<\/strong> oder auf Wunsch <strong data-renderer-mark=\"true\">in unserem Rechenzentrum<\/strong> \u2013 f\u00fcr maximale Sicherheit und Kontrolle.<\/p>\n\n                                                                                                        <\/div>\n                                                            <\/div>\n                        <\/div>\n\n                                            <div class=\"accordion-item accordion-item-off trans\">\n                            <div class=\"accordion-titel\">\n                                <h2>\n                                                                            Wie unterscheidet sich Jedox von klassischen BI-Tools?                                                                    <\/h2>\n                                <img decoding=\"async\" src=\"https:\/\/orise.com\/wp-content\/themes\/ats-orise\/img\/icon-plus.svg\" alt=\"\" class=\"accordion-plus\">\n\n                            <\/div>\n                            <div class=\"accordion-content\">\n                                                                <div class=\"contentPart-textbox width-50 textInput full-width\">\n                                    <p>Jedox ist eine echte EPM-Plattform mit Fokus auf Planung, Integration und Enterprise-Prozesse \u2013 kein BI-Frontend wie Power BI.<\/p>\n\n                                                                                                        <\/div>\n                                                            <\/div>\n                        <\/div>\n\n                                    <\/div>\n                        <\/div>\n    <\/div>\n\n\n<div id=\"contact\" class=\"content-row anchortarget trans anchortarget\">\n    <h3 class=\"editorInfo\">#contact<\/h3>\n<\/div>\n\n    <div id=\"textimage-block_fffd728e8d78fe2c86adc0f6c6cc6209\" class=\"content-row content-row-textimage background_blue  textimage\">\n        <div class=\"contentPart-inner\">\n            <div class=\"contentPart-text width-50\">\n                <h2 class=\"trans text-blue \">\n                                            Ihr Ansprechpartner                                                                <span class=\"headline_white\">Michael Boger \u00b7 Associate Partner<\/span>\n                                    <\/h2>\n                <div class=\"textInput trans\">\n                                            <p>Rheinwaldstra\u00dfe 38<br \/>\n78628 Rottweil<\/p>\n<p>Tel.: 0741 17 44 16 600<br \/>\nE-Mail: service.DE-ROT@orise.com<\/p>\n                                    <\/div>\n                                    <div class=\"btnrow btnrow-light bold trans\"><a href=\"https:\/\/orise.com\/de\/sap\/\" class=\"animateAll\">Zur\u00fcck zum SAP Solutions Hub<\/a><\/div>\n                                            <\/div>\n            <div class=\"contentPart-image width-50 trans \">\n                                                    <img decoding=\"async\" src=\"https:\/\/orise.com\/wp-content\/uploads\/sites\/71\/2025\/02\/Michael-Boger.jpeg?w=1024\" alt=\"\" class=\"textbildimg\">\n                            <\/div>\n        <\/div>\n    <\/div>\n\n\n    <div id=\"contactform-block_66eac19b892d2f558b4fb0de64187715\" class=\"content-row content-row-contactform  background_darken contactform\">\n        <div class=\"contentPart-inner\">\n\n            <div class=\"contentPart-text width-100\">\n                                    <h2 class=\"text-blue content-row-headline trans\">\n                        Jetzt Kontakt aufnehmen                    <\/h2>\n                            <\/div>\n\n            <div class=\"contactform-wrapper trans\">\n                                    <iframe src=\"https:\/\/go.atsautomation.com\/l\/651873\/2025-06-04\/h7yqym\" class=\"form-iframe form-iframe-contactform\" data-cookieconsent=\"marketing\"><\/iframe>\n                            <\/div>\n\n        <\/div>\n    <\/div>\n","protected":false},"excerpt":{"rendered":"","protected":false},"author":595,"featured_media":0,"parent":0,"menu_order":0,"comment_status":"closed","ping_status":"closed","template":"","meta":{"_acf_changed":false,"_cr_original_post":"","_cr_replace_post_id":"","_cr_replacing_post_id":"","footnotes":""},"class_list":["post-34858","page","type-page","status-publish","hentry"],"yoast_head":"<!-- This site is optimized with the Yoast SEO Premium plugin v26.8 (Yoast SEO v26.8) - https:\/\/yoast.com\/product\/yoast-seo-premium-wordpress\/ -->\n<title>Jedox Systemlandschaften und Integration | Orise<\/title>\n<meta name=\"robots\" content=\"index, follow, max-snippet:-1, max-image-preview:large, max-video-preview:-1\" \/>\n<link rel=\"canonical\" href=\"https:\/\/orise.com\/de\/jedox-systemlandschaften-und-integration-2\/\" \/>\n<meta property=\"og:locale\" content=\"de_DE\" \/>\n<meta property=\"og:type\" content=\"article\" \/>\n<meta property=\"og:title\" content=\"Jedox Systemlandschaften und Integration\" \/>\n<meta property=\"og:url\" content=\"https:\/\/orise.com\/de\/jedox-systemlandschaften-und-integration-2\/\" \/>\n<meta property=\"og:site_name\" content=\"Orise\" \/>\n<meta property=\"article:modified_time\" content=\"2026-03-02T14:22:29+00:00\" \/>\n<meta name=\"twitter:card\" content=\"summary_large_image\" \/>\n<script type=\"application\/ld+json\" class=\"yoast-schema-graph\">{\"@context\":\"https:\/\/schema.org\",\"@graph\":[{\"@type\":\"WebPage\",\"@id\":\"https:\/\/orise.com\/de\/jedox-systemlandschaften-und-integration-2\/\",\"url\":\"https:\/\/orise.com\/de\/jedox-systemlandschaften-und-integration-2\/\",\"name\":\"Jedox Systemlandschaften und Integration | Orise\",\"isPartOf\":{\"@id\":\"https:\/\/orise.com\/de\/#website\"},\"datePublished\":\"2026-03-02T08:54:15+00:00\",\"dateModified\":\"2026-03-02T14:22:29+00:00\",\"breadcrumb\":{\"@id\":\"https:\/\/orise.com\/de\/jedox-systemlandschaften-und-integration-2\/#breadcrumb\"},\"inLanguage\":\"de-DE\",\"potentialAction\":[{\"@type\":\"ReadAction\",\"target\":[\"https:\/\/orise.com\/de\/jedox-systemlandschaften-und-integration-2\/\"]}]},{\"@type\":\"BreadcrumbList\",\"@id\":\"https:\/\/orise.com\/de\/jedox-systemlandschaften-und-integration-2\/#breadcrumb\",\"itemListElement\":[{\"@type\":\"ListItem\",\"position\":1,\"name\":\"Home\",\"item\":\"https:\/\/orise.com\/de\/\"},{\"@type\":\"ListItem\",\"position\":2,\"name\":\"Jedox Systemlandschaften und Integration\"}]},{\"@type\":\"WebSite\",\"@id\":\"https:\/\/orise.com\/de\/#website\",\"url\":\"https:\/\/orise.com\/de\/\",\"name\":\"Orise\",\"description\":\"Unlock your full potential.\",\"publisher\":{\"@id\":\"https:\/\/orise.com\/de\/#organization\"},\"potentialAction\":[{\"@type\":\"SearchAction\",\"target\":{\"@type\":\"EntryPoint\",\"urlTemplate\":\"https:\/\/orise.com\/de\/?s={search_term_string}\"},\"query-input\":{\"@type\":\"PropertyValueSpecification\",\"valueRequired\":true,\"valueName\":\"search_term_string\"}}],\"inLanguage\":\"de-DE\"},{\"@type\":\"Organization\",\"@id\":\"https:\/\/orise.com\/de\/#organization\",\"name\":\"Orise\",\"url\":\"https:\/\/orise.com\/de\/\",\"logo\":{\"@type\":\"ImageObject\",\"inLanguage\":\"de-DE\",\"@id\":\"https:\/\/orise.com\/de\/#\/schema\/logo\/image\/\",\"url\":\"https:\/\/orise.com\/wp-content\/uploads\/sites\/71\/2025\/04\/cropped-Orise-Circle-Icon-Website-V1-1.png\",\"contentUrl\":\"https:\/\/orise.com\/wp-content\/uploads\/sites\/71\/2025\/04\/cropped-Orise-Circle-Icon-Website-V1-1.png\",\"width\":512,\"height\":512,\"caption\":\"Orise\"},\"image\":{\"@id\":\"https:\/\/orise.com\/de\/#\/schema\/logo\/image\/\"}}]}<\/script>\n<!-- \/ Yoast SEO Premium plugin. -->","yoast_head_json":{"title":"Jedox Systemlandschaften und Integration | Orise","robots":{"index":"index","follow":"follow","max-snippet":"max-snippet:-1","max-image-preview":"max-image-preview:large","max-video-preview":"max-video-preview:-1"},"canonical":"https:\/\/orise.com\/de\/jedox-systemlandschaften-und-integration-2\/","og_locale":"de_DE","og_type":"article","og_title":"Jedox Systemlandschaften und Integration","og_url":"https:\/\/orise.com\/de\/jedox-systemlandschaften-und-integration-2\/","og_site_name":"Orise","article_modified_time":"2026-03-02T14:22:29+00:00","twitter_card":"summary_large_image","schema":{"@context":"https:\/\/schema.org","@graph":[{"@type":"WebPage","@id":"https:\/\/orise.com\/de\/jedox-systemlandschaften-und-integration-2\/","url":"https:\/\/orise.com\/de\/jedox-systemlandschaften-und-integration-2\/","name":"Jedox Systemlandschaften und Integration | Orise","isPartOf":{"@id":"https:\/\/orise.com\/de\/#website"},"datePublished":"2026-03-02T08:54:15+00:00","dateModified":"2026-03-02T14:22:29+00:00","breadcrumb":{"@id":"https:\/\/orise.com\/de\/jedox-systemlandschaften-und-integration-2\/#breadcrumb"},"inLanguage":"de-DE","potentialAction":[{"@type":"ReadAction","target":["https:\/\/orise.com\/de\/jedox-systemlandschaften-und-integration-2\/"]}]},{"@type":"BreadcrumbList","@id":"https:\/\/orise.com\/de\/jedox-systemlandschaften-und-integration-2\/#breadcrumb","itemListElement":[{"@type":"ListItem","position":1,"name":"Home","item":"https:\/\/orise.com\/de\/"},{"@type":"ListItem","position":2,"name":"Jedox Systemlandschaften und Integration"}]},{"@type":"WebSite","@id":"https:\/\/orise.com\/de\/#website","url":"https:\/\/orise.com\/de\/","name":"Orise","description":"Unlock your full potential.","publisher":{"@id":"https:\/\/orise.com\/de\/#organization"},"potentialAction":[{"@type":"SearchAction","target":{"@type":"EntryPoint","urlTemplate":"https:\/\/orise.com\/de\/?s={search_term_string}"},"query-input":{"@type":"PropertyValueSpecification","valueRequired":true,"valueName":"search_term_string"}}],"inLanguage":"de-DE"},{"@type":"Organization","@id":"https:\/\/orise.com\/de\/#organization","name":"Orise","url":"https:\/\/orise.com\/de\/","logo":{"@type":"ImageObject","inLanguage":"de-DE","@id":"https:\/\/orise.com\/de\/#\/schema\/logo\/image\/","url":"https:\/\/orise.com\/wp-content\/uploads\/sites\/71\/2025\/04\/cropped-Orise-Circle-Icon-Website-V1-1.png","contentUrl":"https:\/\/orise.com\/wp-content\/uploads\/sites\/71\/2025\/04\/cropped-Orise-Circle-Icon-Website-V1-1.png","width":512,"height":512,"caption":"Orise"},"image":{"@id":"https:\/\/orise.com\/de\/#\/schema\/logo\/image\/"}}]}},"acf":[],"_links":{"self":[{"href":"https:\/\/orise.com\/de\/wp-json\/wp\/v2\/pages\/34858","targetHints":{"allow":["GET"]}}],"collection":[{"href":"https:\/\/orise.com\/de\/wp-json\/wp\/v2\/pages"}],"about":[{"href":"https:\/\/orise.com\/de\/wp-json\/wp\/v2\/types\/page"}],"author":[{"embeddable":true,"href":"https:\/\/orise.com\/de\/wp-json\/wp\/v2\/users\/595"}],"replies":[{"embeddable":true,"href":"https:\/\/orise.com\/de\/wp-json\/wp\/v2\/comments?post=34858"}],"version-history":[{"count":2,"href":"https:\/\/orise.com\/de\/wp-json\/wp\/v2\/pages\/34858\/revisions"}],"predecessor-version":[{"id":34860,"href":"https:\/\/orise.com\/de\/wp-json\/wp\/v2\/pages\/34858\/revisions\/34860"}],"wp:attachment":[{"href":"https:\/\/orise.com\/de\/wp-json\/wp\/v2\/media?parent=34858"}],"curies":[{"name":"wp","href":"https:\/\/api.w.org\/{rel}","templated":true}]}}