{"id":35710,"date":"2026-04-08T10:39:37","date_gmt":"2026-04-08T10:39:37","guid":{"rendered":"https:\/\/orise.com\/?page_id=35710"},"modified":"2026-04-08T10:39:38","modified_gmt":"2026-04-08T10:39:38","slug":"sap-on-premise-lizenzierung","status":"publish","type":"page","link":"https:\/\/orise.com\/de\/sap\/sap-on-premise-lizenzierung\/","title":{"rendered":"SAP On-Premise\u00a0Lizenzierung"},"content":{"rendered":"<div id=\"pageheader-block_9771f0401c947400cf6a55076da0823f\" class=\"content-row content-row-pageheader bg-base pageheader\">\n        <div class=\"contentPart-fixed\">\n        <div class=\"contentPart-inner\">\n            <div class=\"contentPart-text width-100\">\n                <h1>\n                                        SAP On-Premise Lizenzierung \u2013 Flexibel, sicher und individuell                                    <\/h1>\n                <h2 class=\"trans\">\n                                        Maximale Systemhoheit und Flexibilit\u00e4t mit On-Premise-Lizenzen                                    <\/h2>\n                                            <\/div>\n        <\/div>\n    <\/div>\n    <div class=\"slidedown-button editor-hide\">\n        <span class=\"slidedown-label\">Mehr erfahren<\/span>\n        <img decoding=\"async\" src=\"https:\/\/orise.com\/wp-content\/themes\/ats-orise\/img\/doubble-arrow-down.svg\" alt=\"\"\n            class=\"slidedown-icon\">\n    <\/div>\n<\/div>\n\n\n\n    <div id=\"image_banner-block_45956747981179e5b9a45079655ce2b7\" class=\"content-row content-row-imagebanner trans bg-base image_banner test\">\n                                                <img decoding=\"async\" src=\"https:\/\/orise.com\/wp-content\/uploads\/sites\/71\/2025\/10\/Learning-image-1.png?w=1920&#038;h=0&#038;crop=1\" alt=\"\" class=\"fullscreen\">\n            <\/div>\n\n\n\n    <div id=\"singletext-block_1db3e1174112b5029d796908d9227be7\" class=\"content-row content-row-singletext background_darken   singletext\">\n        <div class=\"contentPart-inner\">\n            <div class=\"contentPart-text width-100\">\n                <h2 class=\" content-row-headline trans\">\n                                    <\/h2>\n                <div class=\"contentPart-textbox textInput trans\">\n                    <h2>Individuelle Lizenzmodelle f\u00fcr SAP S\/4HANA On-Premise<\/h2>\n<h3>SAP on Premise Betrieb<\/h3>\n<p>F\u00fcr den Betrieb von SAP On-Premise\u00a0ben\u00f6tigen Sie eine lizenzierte Infrastruktur. Die Architektur unterscheidet sich je nach System:<\/p>\n<ul>\n<li>SAP ERP: Klassische Datenbankstrukturen, oft noch auf Oracle, SQL oder Sybase.<\/li>\n<li>SAP HANA: Moderne In-Memory-Datenbank, optimiert f\u00fcr hohe Performance und Echtzeit-Analysen. Die Systemlandschaft und Hardwareanforderungen sind entsprechend angepasst.<\/li>\n<\/ul>\n                <\/div>\n            <\/div>\n        <\/div>\n    <\/div>\n\n\n    <div id=\"textimage-block_3f53b112e30eaab5e20612c45203cf54\" class=\"content-row content-row-textimage background_blue  textimage\">\n        <div class=\"contentPart-inner\">\n            <div class=\"contentPart-text width-50\">\n                <h2 class=\"trans text-blue \">\n                                            Contract Conversion \u2013 Ihr Weg zur modernen SAP Lizenz\u00a0                                                                <span class=\"headline_white\">Was ist eine Contract Conversion?\u00a0<\/span>\n                                    <\/h2>\n                <div class=\"textInput trans\">\n                                            <p><span data-contrast=\"auto\">Die\u00a0Contract\u00a0Conversion\u00a0erm\u00f6glicht Unternehmen, bestehende SAP ECC-Lizenzen in aktuelle S\/4HANA-Lizenzen umzuwandeln. So k\u00f6nnen Sie Ihr System weiterhin im eigenen Rechenzentrum, bei einem Hosting-Partner oder in der Cloud betreiben \u2013 ganz nach Ihren Anforderungen. Neueinf\u00fchrungen sind heute meist nur noch \u00fcber die Cloud-Modelle \u201eRISE\u00a0with\u00a0SAP\u201c oder \u201eGROW\u00a0with\u00a0SAP\u201c m\u00f6glich. F\u00fcr Bestandskunden bleibt die\u00a0Contract\u00a0Conversion\u00a0der zentrale Weg zur On-Premise-Lizenzierung.\u00a0<\/span><span data-ccp-props=\"{}\">\u00a0<\/span><\/p>\n                                    <\/div>\n                                            <\/div>\n            <div class=\"contentPart-image width-50 trans \">\n                                                    <img decoding=\"async\" src=\"https:\/\/orise.com\/wp-content\/uploads\/sites\/71\/2025\/10\/Data-Management.png?w=1024\" alt=\"\" class=\"textbildimg\">\n                            <\/div>\n        <\/div>\n    <\/div>\n\n\n    <div id=\"textimage-block_953718432c2f7ae3700828e20669b0fb\" class=\"content-row content-row-textimage background_darken  textimage\">\n        <div class=\"contentPart-inner\">\n            <div class=\"contentPart-text width-50\">\n                <h2 class=\"trans text-blue \">\n                                            SAP Wartung \u2013 Zuverl\u00e4ssiger Support f\u00fcr Ihre Systeme\u00a0                                                                <span class=\"headline_white\">Wartungspartner &amp; Support\u00a0<\/span>\n                                    <\/h2>\n                <div class=\"textInput trans\">\n                                            <p><span data-contrast=\"auto\">Als aktiver\u00a0SAP Wartungspartner\u00a0\u00fcbernehmen wir die Betreuung Ihrer On-Premise-Systeme. Wir sind Ihr Ansprechpartner f\u00fcr alle Service- und Ticketanfragen und leiten diese bei Bedarf direkt an SAP weiter. So profitieren Sie von schnellen Reaktionszeiten und umfassender Unterst\u00fctzung.<\/span><\/p>\n<p>&nbsp;<\/p>\n                                    <\/div>\n                                                    <div class=\"btnrow btnrow-light bold trans\"><a href=\"https:\/\/orise.com\/de\/sap\/sap-support\" target=\"_blank\" class=\"animateAll\">Mehr Erfahren<\/a><\/div>\n                            <\/div>\n            <div class=\"contentPart-image width-50 trans \">\n                                                    <img decoding=\"async\" src=\"https:\/\/orise.com\/wp-content\/uploads\/sites\/71\/2025\/12\/shutterstock_2402088523-1920x1281-1.jpg?w=1024\" alt=\"\" class=\"textbildimg\">\n                            <\/div>\n        <\/div>\n    <\/div>\n\n\n    <div id=\"textimage-block_0f23343d2311296be30e4ca1077498a8\" class=\"content-row content-row-textimage background_blue  textimage\">\n        <div class=\"contentPart-inner\">\n            <div class=\"contentPart-text width-50\">\n                <h2 class=\"trans text-blue \">\n                                            SAP Gold Partner \u2013 Ihr Vorteil mit Expertenwissen                                                                 <span class=\"headline_white\">Warum SAP Gold Partner?<\/span>\n                                    <\/h2>\n                <div class=\"textInput trans\">\n                                            <p><span class=\"TextRun SCXW225708158 BCX8\" lang=\"DE-DE\" xml:lang=\"DE-DE\" data-contrast=\"auto\"><span class=\"NormalTextRun SCXW225708158 BCX8\">Als zertifizierter SAP Gold Partner bieten wir Ihnen langj\u00e4hrige Erfahrung, fundiertes Know-how und direkten Zugang zu\u00a0<\/span><span class=\"NormalTextRun ContextualSpellingAndGrammarErrorV2Themed SCXW225708158 BCX8\">SAP Ressourcen<\/span><span class=\"NormalTextRun SCXW225708158 BCX8\">. Wir unterst\u00fctzen Sie bei allen Fragen rund um Lizenzierung, Wartung und Systembetrieb \u2013 von der Beratung bis zur Umsetzung. Das SAP Gold Partner-Logo steht f\u00fcr h\u00f6chste Qualit\u00e4t und Zuverl\u00e4ssigkeit.\u00a0<\/span><\/span><span class=\"EOP Selected SCXW225708158 BCX8\" data-ccp-props=\"{}\">\u00a0<\/span><\/p>\n                                    <\/div>\n                                                    <div class=\"btnrow btnrow-light bold trans\"><a href=\"https:\/\/orise.com\/de\/sap\/ueber-uns-orise-digital-gmbh\/\" target=\"_blank\" class=\"animateAll\">Mehr erfahren<\/a><\/div>\n                            <\/div>\n            <div class=\"contentPart-image width-50 trans \">\n                                                    <img decoding=\"async\" src=\"https:\/\/orise.com\/wp-content\/uploads\/sites\/71\/2025\/04\/SAP_GoldPartner_Logo.png?w=407\" alt=\"\" class=\"textbildimg\">\n                            <\/div>\n        <\/div>\n    <\/div>\n\n\n    <div id=\"singletext-block_0f5d34d72d1fccacf432c22005199f4d\" class=\"content-row content-row-singletext background_darken   singletext\">\n        <div class=\"contentPart-inner\">\n            <div class=\"contentPart-text width-100\">\n                <h2 class=\" content-row-headline trans\">\n                                    <\/h2>\n                <div class=\"contentPart-textbox textInput trans\">\n                    <h2>H\u00e4ufige Fragen zur SAP On-Premise Lizenzierung<\/h2>\n                <\/div>\n            <\/div>\n        <\/div>\n    <\/div>\n\n\n    <div id=\"accordion-block_6a772cc1065c4ce56115d39acf9133c2\" class=\"content-row content-row-accordion background_darken accordion\">\n                    <div class=\"contentPart-inner\">\n                <div class=\"accordion-wrapper\">\n                                            <div class=\"accordion-item accordion-item-off trans\">\n                            <div class=\"accordion-titel\">\n                                <h2>\n                                                                            Was ist der Unterschied zwischen Contract Conversion und Product Conversion?                                                                    <\/h2>\n                                <img decoding=\"async\" src=\"https:\/\/orise.com\/wp-content\/themes\/ats-orise\/img\/icon-plus.svg\" alt=\"\" class=\"accordion-plus\">\n\n                            <\/div>\n                            <div class=\"accordion-content\">\n                                                                <div class=\"contentPart-textbox width-50 textInput full-width\">\n                                    <p><span class=\"TextRun SCXW164781285 BCX8\" lang=\"DE-DE\" xml:lang=\"DE-DE\" data-contrast=\"auto\"><span class=\"NormalTextRun SCXW164781285 BCX8\">Die\u00a0<\/span><span class=\"NormalTextRun SpellingErrorV2Themed SCXW164781285 BCX8\">Product<\/span><span class=\"NormalTextRun SCXW164781285 BCX8\">\u00a0<\/span><span class=\"NormalTextRun SpellingErrorV2Themed SCXW164781285 BCX8\">Conversion<\/span><span class=\"NormalTextRun SCXW164781285 BCX8\">\u00a0war ein zeitlich begrenztes Angebot zur g\u00fcnstigen Umstellung von ECC-Lizenzen. Heute ist die\u00a0<\/span><span class=\"NormalTextRun SpellingErrorV2Themed SCXW164781285 BCX8\">Contract<\/span><span class=\"NormalTextRun SCXW164781285 BCX8\">\u00a0<\/span><span class=\"NormalTextRun SpellingErrorV2Themed SCXW164781285 BCX8\">Conversion<\/span><span class=\"NormalTextRun SCXW164781285 BCX8\">\u00a0der Standardweg f\u00fcr Bestandskunden, die ihr System weiterhin On-<\/span><span class=\"NormalTextRun SpellingErrorV2Themed SCXW164781285 BCX8\">Premise<\/span><span class=\"NormalTextRun SCXW164781285 BCX8\">\u00a0betreiben m\u00f6chten.\u00a0<\/span><\/span><span class=\"EOP Selected SCXW164781285 BCX8\" data-ccp-props=\"{}\">\u00a0<\/span><\/p>\n\n                                                                                                        <\/div>\n                                                            <\/div>\n                        <\/div>\n\n                                            <div class=\"accordion-item accordion-item-off trans\">\n                            <div class=\"accordion-titel\">\n                                <h2>\n                                                                            Welche Infrastruktur wird ben\u00f6tigt?                                                                    <\/h2>\n                                <img decoding=\"async\" src=\"https:\/\/orise.com\/wp-content\/themes\/ats-orise\/img\/icon-plus.svg\" alt=\"\" class=\"accordion-plus\">\n\n                            <\/div>\n                            <div class=\"accordion-content\">\n                                                                <div class=\"contentPart-textbox width-50 textInput full-width\">\n                                    <p><span class=\"TextRun SCXW59880225 BCX8\" lang=\"DE-DE\" xml:lang=\"DE-DE\" data-contrast=\"auto\"><span class=\"NormalTextRun SCXW59880225 BCX8\">F\u00fcr SAP On-Premise ben\u00f6tigen Sie eine lizenzierte Hardware-Umgebung, die den Anforderungen von ERP oder HANA entspricht. Die Architektur unterscheidet sich je nach System und Datenbank.\u00a0<\/span><\/span><span class=\"EOP Selected SCXW59880225 BCX8\" data-ccp-props=\"{}\">\u00a0<\/span><\/p>\n\n                                                                                                        <\/div>\n                                                            <\/div>\n                        <\/div>\n\n                                            <div class=\"accordion-item accordion-item-off trans\">\n                            <div class=\"accordion-titel\">\n                                <h2>\n                                                                            Wer \u00fcbernimmt die Wartung?                                                                    <\/h2>\n                                <img decoding=\"async\" src=\"https:\/\/orise.com\/wp-content\/themes\/ats-orise\/img\/icon-plus.svg\" alt=\"\" class=\"accordion-plus\">\n\n                            <\/div>\n                            <div class=\"accordion-content\">\n                                                                <div class=\"contentPart-textbox width-50 textInput full-width\">\n                                    <p><span class=\"TextRun SCXW193676951 BCX8\" lang=\"DE-DE\" xml:lang=\"DE-DE\" data-contrast=\"auto\"><span class=\"NormalTextRun SCXW193676951 BCX8\">Als Wartungspartner sind wir Ihr zentraler Ansprechpartner f\u00fcr alle Serviceanfragen und koordinieren die Kommunikation mit SAP.\u00a0<\/span><\/span><span class=\"EOP Selected SCXW193676951 BCX8\" data-ccp-props=\"{}\">\u00a0<\/span><\/p>\n\n                                                                                                        <\/div>\n                                                            <\/div>\n                        <\/div>\n\n                                    <\/div>\n                        <\/div>\n    <\/div>\n\n\n    <div id=\"textimage-block_117380fd3a1d944e321b5c2bb2c43abe\" class=\"content-row content-row-textimage background_blue  textimage\">\n        <div class=\"contentPart-inner\">\n            <div class=\"contentPart-text width-50\">\n                <h2 class=\"trans text-blue \">\n                                            Ihr Ansprechpartner                                                                <span class=\"headline_white\">Helge Spahr \u00b7 Associate Partner<\/span>\n                                    <\/h2>\n                <div class=\"textInput trans\">\n                                            <p>Rheinwaldstra\u00dfe 38<br \/>\n78628 Rottweil<\/p>\n<p>Tel.: 0741 17 44 16 600<br \/>\nE-Mail:\u00a0<a href=\"mailto:service.DE-ROT@orise.com\">service.DE-ROT@orise.com<\/a><\/p>\n                                    <\/div>\n                                    <div class=\"btnrow btnrow-light bold trans\"><a href=\"https:\/\/orise.com\/de\/sap\/\" class=\"animateAll\">Zur\u00fcck zum SAP Solutions Hub<\/a><\/div>\n                                            <\/div>\n            <div class=\"contentPart-image width-50 trans \">\n                                                    <img decoding=\"async\" src=\"https:\/\/orise.com\/wp-content\/uploads\/sites\/71\/2025\/04\/Helge-Spahr.jpeg?w=1024\" alt=\"\" class=\"textbildimg\">\n                            <\/div>\n        <\/div>\n    <\/div>\n","protected":false},"excerpt":{"rendered":"","protected":false},"author":627,"featured_media":34017,"parent":22132,"menu_order":0,"comment_status":"closed","ping_status":"closed","template":"","meta":{"_acf_changed":false,"_cr_original_post":"","_cr_replace_post_id":"","_cr_replacing_post_id":"","footnotes":""},"class_list":["post-35710","page","type-page","status-publish","has-post-thumbnail","hentry"],"yoast_head":"<!-- This site is optimized with the Yoast SEO Premium plugin v26.8 (Yoast SEO v26.8) - https:\/\/yoast.com\/product\/yoast-seo-premium-wordpress\/ -->\n<title>SAP On-Premise\u00a0Lizenzierung | Orise<\/title>\n<meta name=\"description\" content=\"Erfahren Sie alles zur SAP On-Premise Lizenzierung: Contract Conversion, Infrastruktur, Architektur, Wartung, Support und SAP Gold Partner Vorteile. Jetzt informieren und beraten lassen!\" \/>\n<meta name=\"robots\" content=\"index, follow, max-snippet:-1, max-image-preview:large, max-video-preview:-1\" \/>\n<link rel=\"canonical\" href=\"https:\/\/orise.com\/de\/sap\/sap-on-premise-lizenzierung\/\" \/>\n<meta property=\"og:locale\" content=\"de_DE\" \/>\n<meta property=\"og:type\" content=\"article\" \/>\n<meta property=\"og:title\" content=\"SAP On-Premise\u00a0Lizenzierung\" \/>\n<meta property=\"og:description\" content=\"Erfahren Sie alles zur SAP On-Premise Lizenzierung: Contract Conversion, Infrastruktur, Architektur, Wartung, Support und SAP Gold Partner Vorteile. Jetzt informieren und beraten lassen!\" \/>\n<meta property=\"og:url\" content=\"https:\/\/orise.com\/de\/sap\/sap-on-premise-lizenzierung\/\" \/>\n<meta property=\"og:site_name\" content=\"Orise\" \/>\n<meta property=\"article:modified_time\" content=\"2026-04-08T10:39:38+00:00\" \/>\n<meta property=\"og:image\" content=\"https:\/\/orise.com\/wp-content\/uploads\/sites\/71\/2026\/01\/shutterstock_661114459.jpg?w=768\" \/>\n\t<meta property=\"og:image:width\" content=\"768\" \/>\n\t<meta property=\"og:image:height\" content=\"432\" \/>\n\t<meta property=\"og:image:type\" content=\"image\/jpeg\" \/>\n<meta name=\"twitter:card\" content=\"summary_large_image\" \/>\n<meta name=\"twitter:label1\" content=\"Gesch\u00e4tzte Lesezeit\" \/>\n\t<meta name=\"twitter:data1\" content=\"1 Minute\" \/>\n<script type=\"application\/ld+json\" class=\"yoast-schema-graph\">{\"@context\":\"https:\/\/schema.org\",\"@graph\":[{\"@type\":\"WebPage\",\"@id\":\"https:\/\/orise.com\/de\/sap\/sap-on-premise-lizenzierung\/\",\"url\":\"https:\/\/orise.com\/de\/sap\/sap-on-premise-lizenzierung\/\",\"name\":\"SAP On-Premise\u00a0Lizenzierung | Orise\",\"isPartOf\":{\"@id\":\"https:\/\/orise.com\/de\/#website\"},\"primaryImageOfPage\":{\"@id\":\"https:\/\/orise.com\/de\/sap\/sap-on-premise-lizenzierung\/#primaryimage\"},\"image\":{\"@id\":\"https:\/\/orise.com\/de\/sap\/sap-on-premise-lizenzierung\/#primaryimage\"},\"thumbnailUrl\":\"https:\/\/orise.com\/wp-content\/uploads\/sites\/71\/2026\/01\/shutterstock_661114459.jpg\",\"datePublished\":\"2026-04-08T10:39:37+00:00\",\"dateModified\":\"2026-04-08T10:39:38+00:00\",\"description\":\"Erfahren Sie alles zur SAP On-Premise Lizenzierung: Contract Conversion, Infrastruktur, Architektur, Wartung, Support und SAP Gold Partner Vorteile. Jetzt informieren und beraten lassen!\",\"breadcrumb\":{\"@id\":\"https:\/\/orise.com\/de\/sap\/sap-on-premise-lizenzierung\/#breadcrumb\"},\"inLanguage\":\"de-DE\",\"potentialAction\":[{\"@type\":\"ReadAction\",\"target\":[\"https:\/\/orise.com\/de\/sap\/sap-on-premise-lizenzierung\/\"]}]},{\"@type\":\"ImageObject\",\"inLanguage\":\"de-DE\",\"@id\":\"https:\/\/orise.com\/de\/sap\/sap-on-premise-lizenzierung\/#primaryimage\",\"url\":\"https:\/\/orise.com\/wp-content\/uploads\/sites\/71\/2026\/01\/shutterstock_661114459.jpg\",\"contentUrl\":\"https:\/\/orise.com\/wp-content\/uploads\/sites\/71\/2026\/01\/shutterstock_661114459.jpg\",\"width\":5760,\"height\":3240},{\"@type\":\"BreadcrumbList\",\"@id\":\"https:\/\/orise.com\/de\/sap\/sap-on-premise-lizenzierung\/#breadcrumb\",\"itemListElement\":[{\"@type\":\"ListItem\",\"position\":1,\"name\":\"Home\",\"item\":\"https:\/\/orise.com\/de\/\"},{\"@type\":\"ListItem\",\"position\":2,\"name\":\"SAP\",\"item\":\"https:\/\/orise.com\/de\/sap\/\"},{\"@type\":\"ListItem\",\"position\":3,\"name\":\"SAP On-Premise\u00a0Lizenzierung\"}]},{\"@type\":\"WebSite\",\"@id\":\"https:\/\/orise.com\/de\/#website\",\"url\":\"https:\/\/orise.com\/de\/\",\"name\":\"Orise\",\"description\":\"Unlock your full potential.\",\"publisher\":{\"@id\":\"https:\/\/orise.com\/de\/#organization\"},\"potentialAction\":[{\"@type\":\"SearchAction\",\"target\":{\"@type\":\"EntryPoint\",\"urlTemplate\":\"https:\/\/orise.com\/de\/?s={search_term_string}\"},\"query-input\":{\"@type\":\"PropertyValueSpecification\",\"valueRequired\":true,\"valueName\":\"search_term_string\"}}],\"inLanguage\":\"de-DE\"},{\"@type\":\"Organization\",\"@id\":\"https:\/\/orise.com\/de\/#organization\",\"name\":\"Orise\",\"url\":\"https:\/\/orise.com\/de\/\",\"logo\":{\"@type\":\"ImageObject\",\"inLanguage\":\"de-DE\",\"@id\":\"https:\/\/orise.com\/de\/#\/schema\/logo\/image\/\",\"url\":\"https:\/\/orise.com\/wp-content\/uploads\/sites\/71\/2025\/04\/cropped-Orise-Circle-Icon-Website-V1-1.png\",\"contentUrl\":\"https:\/\/orise.com\/wp-content\/uploads\/sites\/71\/2025\/04\/cropped-Orise-Circle-Icon-Website-V1-1.png\",\"width\":512,\"height\":512,\"caption\":\"Orise\"},\"image\":{\"@id\":\"https:\/\/orise.com\/de\/#\/schema\/logo\/image\/\"}}]}<\/script>\n<!-- \/ Yoast SEO Premium plugin. -->","yoast_head_json":{"title":"SAP On-Premise\u00a0Lizenzierung | Orise","description":"Erfahren Sie alles zur SAP On-Premise Lizenzierung: Contract Conversion, Infrastruktur, Architektur, Wartung, Support und SAP Gold Partner Vorteile. Jetzt informieren und beraten lassen!","robots":{"index":"index","follow":"follow","max-snippet":"max-snippet:-1","max-image-preview":"max-image-preview:large","max-video-preview":"max-video-preview:-1"},"canonical":"https:\/\/orise.com\/de\/sap\/sap-on-premise-lizenzierung\/","og_locale":"de_DE","og_type":"article","og_title":"SAP On-Premise\u00a0Lizenzierung","og_description":"Erfahren Sie alles zur SAP On-Premise Lizenzierung: Contract Conversion, Infrastruktur, Architektur, Wartung, Support und SAP Gold Partner Vorteile. Jetzt informieren und beraten lassen!","og_url":"https:\/\/orise.com\/de\/sap\/sap-on-premise-lizenzierung\/","og_site_name":"Orise","article_modified_time":"2026-04-08T10:39:38+00:00","og_image":[{"url":"https:\/\/orise.com\/wp-content\/uploads\/sites\/71\/2026\/01\/shutterstock_661114459.jpg?w=768","width":768,"height":432,"type":"image\/jpeg"}],"twitter_card":"summary_large_image","twitter_misc":{"Gesch\u00e4tzte Lesezeit":"1 Minute"},"schema":{"@context":"https:\/\/schema.org","@graph":[{"@type":"WebPage","@id":"https:\/\/orise.com\/de\/sap\/sap-on-premise-lizenzierung\/","url":"https:\/\/orise.com\/de\/sap\/sap-on-premise-lizenzierung\/","name":"SAP On-Premise\u00a0Lizenzierung | Orise","isPartOf":{"@id":"https:\/\/orise.com\/de\/#website"},"primaryImageOfPage":{"@id":"https:\/\/orise.com\/de\/sap\/sap-on-premise-lizenzierung\/#primaryimage"},"image":{"@id":"https:\/\/orise.com\/de\/sap\/sap-on-premise-lizenzierung\/#primaryimage"},"thumbnailUrl":"https:\/\/orise.com\/wp-content\/uploads\/sites\/71\/2026\/01\/shutterstock_661114459.jpg","datePublished":"2026-04-08T10:39:37+00:00","dateModified":"2026-04-08T10:39:38+00:00","description":"Erfahren Sie alles zur SAP On-Premise Lizenzierung: Contract Conversion, Infrastruktur, Architektur, Wartung, Support und SAP Gold Partner Vorteile. Jetzt informieren und beraten lassen!","breadcrumb":{"@id":"https:\/\/orise.com\/de\/sap\/sap-on-premise-lizenzierung\/#breadcrumb"},"inLanguage":"de-DE","potentialAction":[{"@type":"ReadAction","target":["https:\/\/orise.com\/de\/sap\/sap-on-premise-lizenzierung\/"]}]},{"@type":"ImageObject","inLanguage":"de-DE","@id":"https:\/\/orise.com\/de\/sap\/sap-on-premise-lizenzierung\/#primaryimage","url":"https:\/\/orise.com\/wp-content\/uploads\/sites\/71\/2026\/01\/shutterstock_661114459.jpg","contentUrl":"https:\/\/orise.com\/wp-content\/uploads\/sites\/71\/2026\/01\/shutterstock_661114459.jpg","width":5760,"height":3240},{"@type":"BreadcrumbList","@id":"https:\/\/orise.com\/de\/sap\/sap-on-premise-lizenzierung\/#breadcrumb","itemListElement":[{"@type":"ListItem","position":1,"name":"Home","item":"https:\/\/orise.com\/de\/"},{"@type":"ListItem","position":2,"name":"SAP","item":"https:\/\/orise.com\/de\/sap\/"},{"@type":"ListItem","position":3,"name":"SAP On-Premise\u00a0Lizenzierung"}]},{"@type":"WebSite","@id":"https:\/\/orise.com\/de\/#website","url":"https:\/\/orise.com\/de\/","name":"Orise","description":"Unlock your full potential.","publisher":{"@id":"https:\/\/orise.com\/de\/#organization"},"potentialAction":[{"@type":"SearchAction","target":{"@type":"EntryPoint","urlTemplate":"https:\/\/orise.com\/de\/?s={search_term_string}"},"query-input":{"@type":"PropertyValueSpecification","valueRequired":true,"valueName":"search_term_string"}}],"inLanguage":"de-DE"},{"@type":"Organization","@id":"https:\/\/orise.com\/de\/#organization","name":"Orise","url":"https:\/\/orise.com\/de\/","logo":{"@type":"ImageObject","inLanguage":"de-DE","@id":"https:\/\/orise.com\/de\/#\/schema\/logo\/image\/","url":"https:\/\/orise.com\/wp-content\/uploads\/sites\/71\/2025\/04\/cropped-Orise-Circle-Icon-Website-V1-1.png","contentUrl":"https:\/\/orise.com\/wp-content\/uploads\/sites\/71\/2025\/04\/cropped-Orise-Circle-Icon-Website-V1-1.png","width":512,"height":512,"caption":"Orise"},"image":{"@id":"https:\/\/orise.com\/de\/#\/schema\/logo\/image\/"}}]}},"acf":[],"_links":{"self":[{"href":"https:\/\/orise.com\/de\/wp-json\/wp\/v2\/pages\/35710","targetHints":{"allow":["GET"]}}],"collection":[{"href":"https:\/\/orise.com\/de\/wp-json\/wp\/v2\/pages"}],"about":[{"href":"https:\/\/orise.com\/de\/wp-json\/wp\/v2\/types\/page"}],"author":[{"embeddable":true,"href":"https:\/\/orise.com\/de\/wp-json\/wp\/v2\/users\/627"}],"replies":[{"embeddable":true,"href":"https:\/\/orise.com\/de\/wp-json\/wp\/v2\/comments?post=35710"}],"version-history":[{"count":8,"href":"https:\/\/orise.com\/de\/wp-json\/wp\/v2\/pages\/35710\/revisions"}],"predecessor-version":[{"id":35877,"href":"https:\/\/orise.com\/de\/wp-json\/wp\/v2\/pages\/35710\/revisions\/35877"}],"up":[{"embeddable":true,"href":"https:\/\/orise.com\/de\/wp-json\/wp\/v2\/pages\/22132"}],"wp:featuredmedia":[{"embeddable":true,"href":"https:\/\/orise.com\/de\/wp-json\/wp\/v2\/media\/34017"}],"wp:attachment":[{"href":"https:\/\/orise.com\/de\/wp-json\/wp\/v2\/media?parent=35710"}],"curies":[{"name":"wp","href":"https:\/\/api.w.org\/{rel}","templated":true}]}}