{"id":35722,"date":"2026-04-08T09:52:16","date_gmt":"2026-04-08T09:52:16","guid":{"rendered":"https:\/\/orise.com\/?page_id=35722"},"modified":"2026-04-08T10:17:42","modified_gmt":"2026-04-08T10:17:42","slug":"sap-cloud-erp-public","status":"publish","type":"page","link":"https:\/\/orise.com\/de\/sap\/sap-cloud-erp-public\/","title":{"rendered":"SAP Cloud ERP Public"},"content":{"rendered":"<div id=\"pageheader-block_cd3d94a122aaec74980bda663f957052\" class=\"content-row content-row-pageheader bg-base pageheader\">\n        <div class=\"contentPart-fixed\">\n        <div class=\"contentPart-inner\">\n            <div class=\"contentPart-text width-100\">\n                <h1>\n                                        Lizenzierung von SAP Cloud ERP Public                                     <\/h1>\n                <h2 class=\"trans\">\n                                        Einfach, transparent und zukunftssicher                                    <\/h2>\n                                            <\/div>\n        <\/div>\n    <\/div>\n    <div class=\"slidedown-button editor-hide\">\n        <span class=\"slidedown-label\">Mehr erfahren<\/span>\n        <img decoding=\"async\" src=\"https:\/\/orise.com\/wp-content\/themes\/ats-orise\/img\/doubble-arrow-down.svg\" alt=\"\"\n            class=\"slidedown-icon\">\n    <\/div>\n<\/div>\n\n\n\n    <div id=\"image_banner-block_59945f4bbe099c2349f5564528848b03\" class=\"content-row content-row-imagebanner trans bg-base image_banner test\">\n                                                <img decoding=\"async\" src=\"https:\/\/orise.com\/wp-content\/uploads\/sites\/71\/2025\/04\/Image-Banner-WordPress-4.png?w=1920&#038;h=0&#038;crop=1\" alt=\"\" class=\"fullscreen\">\n            <\/div>\n\n\n\n    <div id=\"singletext-block_0c93b6a8250349d0408a2d188a813d6a\" class=\"content-row content-row-singletext background_darken   singletext\">\n        <div class=\"contentPart-inner\">\n            <div class=\"contentPart-text width-100\">\n                <h2 class=\" content-row-headline trans\">\n                                    <\/h2>\n                <div class=\"contentPart-textbox textInput trans\">\n                    <h2>Wie funktioniert die Lizenzierung von SAP Cloud ERP Public?<\/h2>\n<h3>Das SaaS-Modell \u2013 Ihre Vorteile auf einen Blick<\/h3>\n                <\/div>\n            <\/div>\n        <\/div>\n    <\/div>\n\n\n    <div id=\"textimage-block_47e8b5c25621a065b86c679b79803a68\" class=\"content-row content-row-textimage background_blue  textimage\">\n        <div class=\"contentPart-inner\">\n            <div class=\"contentPart-text width-50\">\n                <h2 class=\"trans text-blue \">\n                                            Transparente Lizenzierung f\u00fcr SAP S\/4HANA Public Cloud                                                         <\/h2>\n                <div class=\"textInput trans\">\n                                            <p><span class=\"TextRun SCXW223030205 BCX8\" lang=\"DE-DE\" xml:lang=\"DE-DE\" data-contrast=\"auto\"><span class=\"NormalTextRun SCXW223030205 BCX8\">Die Lizenzierung von SAP Cloud ERP Public erfolgt nach dem Software-<\/span><span class=\"NormalTextRun SpellingErrorV2Themed SCXW223030205 BCX8\">as<\/span><span class=\"NormalTextRun SCXW223030205 BCX8\">-a-Service-Prinzip (SaaS). Das bedeutet: Sie erhalten eine vollumf\u00e4ngliche ERP-L\u00f6sung aus der Cloud, bei der die Lizenzgeb\u00fchren bereits im monatlichen Nutzungspreis enthalten sind. Es entstehen keine versteckten Zusatzkosten \u2013 Sie profitieren von maximaler Transparenz und Planungssicherheit.<\/span><\/span><span class=\"EOP Selected SCXW223030205 BCX8\" data-ccp-props=\"{}\">\u00a0<\/span><\/p>\n                                    <\/div>\n                                            <\/div>\n            <div class=\"contentPart-image width-50 trans \">\n                                                    <img decoding=\"async\" src=\"https:\/\/orise.com\/wp-content\/uploads\/sites\/71\/2025\/10\/Firefly_digitales-Schloss.jpg?w=1024\" alt=\"\" class=\"textbildimg\">\n                            <\/div>\n        <\/div>\n    <\/div>\n\n\n    <div id=\"imagetext_textvariation-block_79cda6a09ce86d59ddcbfe064992d08c\" class=\"content-row content-row-textvariation background_darken    textvariation\">\n        <div class=\"contentPart-inner\">\n            <div class=\"contentPart-text\">\n                                            <\/div>\n                            <div class=\"contentPart-textbox width-50 textInput trans\">\n                    <h3>Standardisierte Prozesse und h\u00f6chste Sicherheit<\/h3>\n<p>SAP Cloud ERP Public basiert auf bew\u00e4hrten Standardprozessen (\u201eFit to Standard\u201c) und ist ISO 27001-zertifiziert. Individuelle Anpassungen sind nicht vorgesehen, was die Einf\u00fchrung beschleunigt und die Kosten reduziert. Die L\u00f6sung erf\u00fcllt h\u00f6chste Anforderungen an Datenschutz und Compliance.<\/p>\n                <\/div>\n                                        <div class=\"contentPart-textbox contentPart-textbox_2 textInput width-50 trans\">\n                    <h3>Flexible Erweiterungen \u00fcber die SAP Business Technology Platform (BTP)<\/h3>\n<p>Spezielle Anforderungen k\u00f6nnen \u00fcber zertifizierte Schnittstellen und Apps auf der SAP Business Technology Platform (BTP) abgedeckt werden. F\u00fcr diese Zusatzservices gelten individuelle Lizenzvereinbarungen \u2013 so bleiben Sie flexibel und k\u00f6nnen Ihr System gezielt erweitern.<\/p>\n                <\/div>\n                    <\/div>\n                    <\/div>\n\n\n    <div id=\"textimage-block_06607cdfa5418fb1c4aded3bbb9c1f47\" class=\"content-row content-row-textimage background_blue  textimage\">\n        <div class=\"contentPart-inner\">\n            <div class=\"contentPart-text width-50\">\n                <h2 class=\"trans text-blue \">\n                                            F\u00fcr wen eignet sich SAP Cloud ERP Public?                                                                <span class=\"headline_white\"> Die ideale L\u00f6sung f\u00fcr wachstumsorientierte Unternehmen<\/span>\n                                    <\/h2>\n                <div class=\"textInput trans\">\n                                            <p><span class=\"TextRun SCXW98543370 BCX8\" lang=\"DE-DE\" xml:lang=\"DE-DE\" data-contrast=\"auto\"><span class=\"NormalTextRun SCXW98543370 BCX8\">SAP Cloud ERP Public ist besonders geeignet f\u00fcr Unternehmen, die Wert auf schnelle Verf\u00fcgbarkeit, geringe Komplexit\u00e4t und standardisierte Abl\u00e4ufe legen. Die Einf\u00fchrung erfolgt als Greenfield-Projekt \u2013 Sie starten mit einer modernen, sofort einsatzbereiten L\u00f6sung und profitieren von automatischen Updates sowie Skaleneffekten.<\/span><\/span><span class=\"EOP Selected SCXW98543370 BCX8\" data-ccp-props=\"{}\">\u00a0<\/span><\/p>\n                                    <\/div>\n                                            <\/div>\n            <div class=\"contentPart-image width-50 trans \">\n                                                    <img decoding=\"async\" src=\"https:\/\/orise.com\/wp-content\/uploads\/sites\/71\/2025\/02\/SustainabilityGrowth-CloudGovernance.jpg?w=801\" alt=\"\" class=\"textbildimg\">\n                            <\/div>\n        <\/div>\n    <\/div>\n\n\n    <div id=\"textimage-block_bedeb1b464bc797a924a05a879b99484\" class=\"content-row content-row-textimage background_darken  textimage\">\n        <div class=\"contentPart-inner\">\n            <div class=\"contentPart-text width-50\">\n                <h2 class=\"trans text-blue \">\n                                            Mehr erfahren \u2013 GROW with SAP                                                        <\/h2>\n                <div class=\"textInput trans\">\n                                            <p><span class=\"TextRun SCXW72713487 BCX8\" lang=\"DE-DE\" xml:lang=\"DE-DE\" data-contrast=\"auto\"><span class=\"NormalTextRun SCXW72713487 BCX8\">Sie m\u00f6chten wissen, wie Sie mit SAP Cloud ERP Public und GROW\u00a0<\/span><span class=\"NormalTextRun SpellingErrorV2Themed SCXW72713487 BCX8\">with<\/span><span class=\"NormalTextRun SCXW72713487 BCX8\">\u00a0SAP Ihr Unternehmen fit f\u00fcr die Zukunft machen?<\/span><\/span><span class=\"LineBreakBlob BlobObject DragDrop SCXW72713487 BCX8\"><span class=\"SCXW72713487 BCX8\">\u00a0<\/span><br class=\"SCXW72713487 BCX8\" \/><\/span><span class=\"TextRun SCXW72713487 BCX8\" lang=\"DE-DE\" xml:lang=\"DE-DE\" data-contrast=\"auto\"><span class=\"NormalTextRun SCXW72713487 BCX8\">Erfahren Sie mehr \u00fcber unser Angebot, Best Practices und den schnellen Einstieg in die SAP Public Cloud auf unserer GROW\u00a0<\/span><span class=\"NormalTextRun SpellingErrorV2Themed SCXW72713487 BCX8\">with<\/span><span class=\"NormalTextRun SCXW72713487 BCX8\"> SAP-Seite<\/span><\/span><\/p>\n                                    <\/div>\n                                                    <div class=\"btnrow btnrow-light bold trans\"><a href=\"https:\/\/orise.com\/de\/sap\/grow-with-sap\" target=\"_blank\" class=\"animateAll\">Erfahren Sie mehr<\/a><\/div>\n                            <\/div>\n            <div class=\"contentPart-image width-50 trans \">\n                                                    <img decoding=\"async\" src=\"https:\/\/orise.com\/wp-content\/uploads\/sites\/71\/2025\/12\/shutterstock_1388871755.jpg?w=1024\" alt=\"\" class=\"textbildimg\">\n                            <\/div>\n        <\/div>\n    <\/div>\n\n\n    <div id=\"textimage-block_d604dfc5bacdb64d4dd1a4cb8395a75a\" class=\"content-row content-row-textimage background_blue  textimage\">\n        <div class=\"contentPart-inner\">\n            <div class=\"contentPart-text width-50\">\n                <h2 class=\"trans text-blue \">\n                                            Ansprechpartner                                                                <span class=\"headline_white\">Helge Spahr \u00b7 Associate Partner \/ Prokurist<\/span>\n                                    <\/h2>\n                <div class=\"textInput trans\">\n                                            <p>Rheinwaldstra\u00dfe 38<br \/>\n78628 Rottweil<\/p>\n<p>Tel.: 0741 17 44 16 600<br \/>\nE-Mail:\u00a0<a href=\"mailto:service.DE-ROT@orise.com\">service.DE-ROT@orise.com<\/a><\/p>\n                                    <\/div>\n                                    <div class=\"btnrow btnrow-light bold trans\"><a href=\"https:\/\/orise.com\/de\/sap\/\" class=\"animateAll\">Zur\u00fcck zum SAP Solutions Hub<\/a><\/div>\n                                            <\/div>\n            <div class=\"contentPart-image width-50 trans \">\n                                                    <img decoding=\"async\" src=\"https:\/\/orise.com\/wp-content\/uploads\/sites\/71\/2025\/04\/Helge-Spahr.jpeg?w=1024\" alt=\"\" class=\"textbildimg\">\n                            <\/div>\n        <\/div>\n    <\/div>\n\n\n    <div id=\"contactform-block_17fc910dbbf1070ca41edf814b1b16bd\" class=\"content-row content-row-contactform  background_darken contactform\">\n        <div class=\"contentPart-inner\">\n\n            <div class=\"contentPart-text width-100\">\n                                    <h2 class=\"text-blue content-row-headline trans\">\n                        Jetzt Kontakt aufnehmen!                    <\/h2>\n                            <\/div>\n\n            <div class=\"contactform-wrapper trans\">\n                                    <iframe src=\"https:\/\/go.atsautomation.com\/l\/651873\/2025-06-04\/h7yqym\" class=\"form-iframe form-iframe-contactform\" data-cookieconsent=\"marketing\"><\/iframe>\n                            <\/div>\n\n        <\/div>\n    <\/div>\n","protected":false},"excerpt":{"rendered":"","protected":false},"author":627,"featured_media":33933,"parent":22132,"menu_order":0,"comment_status":"closed","ping_status":"closed","template":"","meta":{"_acf_changed":false,"_cr_original_post":"","_cr_replace_post_id":"","_cr_replacing_post_id":"","footnotes":""},"class_list":["post-35722","page","type-page","status-publish","has-post-thumbnail","hentry"],"yoast_head":"<!-- This site is optimized with the Yoast SEO Premium plugin v26.8 (Yoast SEO v26.8) - https:\/\/yoast.com\/product\/yoast-seo-premium-wordpress\/ -->\n<title>SAP Cloud ERP Public | Orise<\/title>\n<meta name=\"description\" content=\"Erfahren Sie alles \u00fcber die transparente Lizenzierung von SAP Cloud ERP Public: SaaS-Modell, h\u00f6chste Sicherheit, standardisierte Prozesse und flexible Erweiterungen. Jetzt mehr zu GROW with SAP entdecken!\" \/>\n<meta name=\"robots\" content=\"index, follow, max-snippet:-1, max-image-preview:large, max-video-preview:-1\" \/>\n<link rel=\"canonical\" href=\"https:\/\/orise.com\/de\/sap\/sap-cloud-erp-public\/\" \/>\n<meta property=\"og:locale\" content=\"de_DE\" \/>\n<meta property=\"og:type\" content=\"article\" \/>\n<meta property=\"og:title\" content=\"SAP Cloud ERP Public\" \/>\n<meta property=\"og:description\" content=\"Erfahren Sie alles \u00fcber die transparente Lizenzierung von SAP Cloud ERP Public: SaaS-Modell, h\u00f6chste Sicherheit, standardisierte Prozesse und flexible Erweiterungen. Jetzt mehr zu GROW with SAP entdecken!\" \/>\n<meta property=\"og:url\" content=\"https:\/\/orise.com\/de\/sap\/sap-cloud-erp-public\/\" \/>\n<meta property=\"og:site_name\" content=\"Orise\" \/>\n<meta property=\"article:modified_time\" content=\"2026-04-08T10:17:42+00:00\" \/>\n<meta property=\"og:image\" content=\"https:\/\/orise.com\/wp-content\/uploads\/sites\/71\/2026\/01\/shutterstock_2326351789.jpg?w=768\" \/>\n\t<meta property=\"og:image:width\" content=\"768\" \/>\n\t<meta property=\"og:image:height\" content=\"405\" \/>\n\t<meta property=\"og:image:type\" content=\"image\/jpeg\" \/>\n<meta name=\"twitter:card\" content=\"summary_large_image\" \/>\n<meta name=\"twitter:label1\" content=\"Gesch\u00e4tzte Lesezeit\" \/>\n\t<meta name=\"twitter:data1\" content=\"1 Minute\" \/>\n<script type=\"application\/ld+json\" class=\"yoast-schema-graph\">{\"@context\":\"https:\/\/schema.org\",\"@graph\":[{\"@type\":\"WebPage\",\"@id\":\"https:\/\/orise.com\/de\/sap\/sap-cloud-erp-public\/\",\"url\":\"https:\/\/orise.com\/de\/sap\/sap-cloud-erp-public\/\",\"name\":\"SAP Cloud ERP Public | Orise\",\"isPartOf\":{\"@id\":\"https:\/\/orise.com\/de\/#website\"},\"primaryImageOfPage\":{\"@id\":\"https:\/\/orise.com\/de\/sap\/sap-cloud-erp-public\/#primaryimage\"},\"image\":{\"@id\":\"https:\/\/orise.com\/de\/sap\/sap-cloud-erp-public\/#primaryimage\"},\"thumbnailUrl\":\"https:\/\/orise.com\/wp-content\/uploads\/sites\/71\/2026\/01\/shutterstock_2326351789.jpg\",\"datePublished\":\"2026-04-08T09:52:16+00:00\",\"dateModified\":\"2026-04-08T10:17:42+00:00\",\"description\":\"Erfahren Sie alles \u00fcber die transparente Lizenzierung von SAP Cloud ERP Public: SaaS-Modell, h\u00f6chste Sicherheit, standardisierte Prozesse und flexible Erweiterungen. Jetzt mehr zu GROW with SAP entdecken!\",\"breadcrumb\":{\"@id\":\"https:\/\/orise.com\/de\/sap\/sap-cloud-erp-public\/#breadcrumb\"},\"inLanguage\":\"de-DE\",\"potentialAction\":[{\"@type\":\"ReadAction\",\"target\":[\"https:\/\/orise.com\/de\/sap\/sap-cloud-erp-public\/\"]}]},{\"@type\":\"ImageObject\",\"inLanguage\":\"de-DE\",\"@id\":\"https:\/\/orise.com\/de\/sap\/sap-cloud-erp-public\/#primaryimage\",\"url\":\"https:\/\/orise.com\/wp-content\/uploads\/sites\/71\/2026\/01\/shutterstock_2326351789.jpg\",\"contentUrl\":\"https:\/\/orise.com\/wp-content\/uploads\/sites\/71\/2026\/01\/shutterstock_2326351789.jpg\",\"width\":7680,\"height\":4050},{\"@type\":\"BreadcrumbList\",\"@id\":\"https:\/\/orise.com\/de\/sap\/sap-cloud-erp-public\/#breadcrumb\",\"itemListElement\":[{\"@type\":\"ListItem\",\"position\":1,\"name\":\"Home\",\"item\":\"https:\/\/orise.com\/de\/\"},{\"@type\":\"ListItem\",\"position\":2,\"name\":\"SAP\",\"item\":\"https:\/\/orise.com\/de\/sap\/\"},{\"@type\":\"ListItem\",\"position\":3,\"name\":\"SAP Cloud ERP Public\"}]},{\"@type\":\"WebSite\",\"@id\":\"https:\/\/orise.com\/de\/#website\",\"url\":\"https:\/\/orise.com\/de\/\",\"name\":\"Orise\",\"description\":\"Unlock your full potential.\",\"publisher\":{\"@id\":\"https:\/\/orise.com\/de\/#organization\"},\"potentialAction\":[{\"@type\":\"SearchAction\",\"target\":{\"@type\":\"EntryPoint\",\"urlTemplate\":\"https:\/\/orise.com\/de\/?s={search_term_string}\"},\"query-input\":{\"@type\":\"PropertyValueSpecification\",\"valueRequired\":true,\"valueName\":\"search_term_string\"}}],\"inLanguage\":\"de-DE\"},{\"@type\":\"Organization\",\"@id\":\"https:\/\/orise.com\/de\/#organization\",\"name\":\"Orise\",\"url\":\"https:\/\/orise.com\/de\/\",\"logo\":{\"@type\":\"ImageObject\",\"inLanguage\":\"de-DE\",\"@id\":\"https:\/\/orise.com\/de\/#\/schema\/logo\/image\/\",\"url\":\"https:\/\/orise.com\/wp-content\/uploads\/sites\/71\/2025\/04\/cropped-Orise-Circle-Icon-Website-V1-1.png\",\"contentUrl\":\"https:\/\/orise.com\/wp-content\/uploads\/sites\/71\/2025\/04\/cropped-Orise-Circle-Icon-Website-V1-1.png\",\"width\":512,\"height\":512,\"caption\":\"Orise\"},\"image\":{\"@id\":\"https:\/\/orise.com\/de\/#\/schema\/logo\/image\/\"}}]}<\/script>\n<!-- \/ Yoast SEO Premium plugin. -->","yoast_head_json":{"title":"SAP Cloud ERP Public | Orise","description":"Erfahren Sie alles \u00fcber die transparente Lizenzierung von SAP Cloud ERP Public: SaaS-Modell, h\u00f6chste Sicherheit, standardisierte Prozesse und flexible Erweiterungen. Jetzt mehr zu GROW with SAP entdecken!","robots":{"index":"index","follow":"follow","max-snippet":"max-snippet:-1","max-image-preview":"max-image-preview:large","max-video-preview":"max-video-preview:-1"},"canonical":"https:\/\/orise.com\/de\/sap\/sap-cloud-erp-public\/","og_locale":"de_DE","og_type":"article","og_title":"SAP Cloud ERP Public","og_description":"Erfahren Sie alles \u00fcber die transparente Lizenzierung von SAP Cloud ERP Public: SaaS-Modell, h\u00f6chste Sicherheit, standardisierte Prozesse und flexible Erweiterungen. Jetzt mehr zu GROW with SAP entdecken!","og_url":"https:\/\/orise.com\/de\/sap\/sap-cloud-erp-public\/","og_site_name":"Orise","article_modified_time":"2026-04-08T10:17:42+00:00","og_image":[{"url":"https:\/\/orise.com\/wp-content\/uploads\/sites\/71\/2026\/01\/shutterstock_2326351789.jpg?w=768","width":768,"height":405,"type":"image\/jpeg"}],"twitter_card":"summary_large_image","twitter_misc":{"Gesch\u00e4tzte Lesezeit":"1 Minute"},"schema":{"@context":"https:\/\/schema.org","@graph":[{"@type":"WebPage","@id":"https:\/\/orise.com\/de\/sap\/sap-cloud-erp-public\/","url":"https:\/\/orise.com\/de\/sap\/sap-cloud-erp-public\/","name":"SAP Cloud ERP Public | Orise","isPartOf":{"@id":"https:\/\/orise.com\/de\/#website"},"primaryImageOfPage":{"@id":"https:\/\/orise.com\/de\/sap\/sap-cloud-erp-public\/#primaryimage"},"image":{"@id":"https:\/\/orise.com\/de\/sap\/sap-cloud-erp-public\/#primaryimage"},"thumbnailUrl":"https:\/\/orise.com\/wp-content\/uploads\/sites\/71\/2026\/01\/shutterstock_2326351789.jpg","datePublished":"2026-04-08T09:52:16+00:00","dateModified":"2026-04-08T10:17:42+00:00","description":"Erfahren Sie alles \u00fcber die transparente Lizenzierung von SAP Cloud ERP Public: SaaS-Modell, h\u00f6chste Sicherheit, standardisierte Prozesse und flexible Erweiterungen. Jetzt mehr zu GROW with SAP entdecken!","breadcrumb":{"@id":"https:\/\/orise.com\/de\/sap\/sap-cloud-erp-public\/#breadcrumb"},"inLanguage":"de-DE","potentialAction":[{"@type":"ReadAction","target":["https:\/\/orise.com\/de\/sap\/sap-cloud-erp-public\/"]}]},{"@type":"ImageObject","inLanguage":"de-DE","@id":"https:\/\/orise.com\/de\/sap\/sap-cloud-erp-public\/#primaryimage","url":"https:\/\/orise.com\/wp-content\/uploads\/sites\/71\/2026\/01\/shutterstock_2326351789.jpg","contentUrl":"https:\/\/orise.com\/wp-content\/uploads\/sites\/71\/2026\/01\/shutterstock_2326351789.jpg","width":7680,"height":4050},{"@type":"BreadcrumbList","@id":"https:\/\/orise.com\/de\/sap\/sap-cloud-erp-public\/#breadcrumb","itemListElement":[{"@type":"ListItem","position":1,"name":"Home","item":"https:\/\/orise.com\/de\/"},{"@type":"ListItem","position":2,"name":"SAP","item":"https:\/\/orise.com\/de\/sap\/"},{"@type":"ListItem","position":3,"name":"SAP Cloud ERP Public"}]},{"@type":"WebSite","@id":"https:\/\/orise.com\/de\/#website","url":"https:\/\/orise.com\/de\/","name":"Orise","description":"Unlock your full potential.","publisher":{"@id":"https:\/\/orise.com\/de\/#organization"},"potentialAction":[{"@type":"SearchAction","target":{"@type":"EntryPoint","urlTemplate":"https:\/\/orise.com\/de\/?s={search_term_string}"},"query-input":{"@type":"PropertyValueSpecification","valueRequired":true,"valueName":"search_term_string"}}],"inLanguage":"de-DE"},{"@type":"Organization","@id":"https:\/\/orise.com\/de\/#organization","name":"Orise","url":"https:\/\/orise.com\/de\/","logo":{"@type":"ImageObject","inLanguage":"de-DE","@id":"https:\/\/orise.com\/de\/#\/schema\/logo\/image\/","url":"https:\/\/orise.com\/wp-content\/uploads\/sites\/71\/2025\/04\/cropped-Orise-Circle-Icon-Website-V1-1.png","contentUrl":"https:\/\/orise.com\/wp-content\/uploads\/sites\/71\/2025\/04\/cropped-Orise-Circle-Icon-Website-V1-1.png","width":512,"height":512,"caption":"Orise"},"image":{"@id":"https:\/\/orise.com\/de\/#\/schema\/logo\/image\/"}}]}},"acf":[],"_links":{"self":[{"href":"https:\/\/orise.com\/de\/wp-json\/wp\/v2\/pages\/35722","targetHints":{"allow":["GET"]}}],"collection":[{"href":"https:\/\/orise.com\/de\/wp-json\/wp\/v2\/pages"}],"about":[{"href":"https:\/\/orise.com\/de\/wp-json\/wp\/v2\/types\/page"}],"author":[{"embeddable":true,"href":"https:\/\/orise.com\/de\/wp-json\/wp\/v2\/users\/627"}],"replies":[{"embeddable":true,"href":"https:\/\/orise.com\/de\/wp-json\/wp\/v2\/comments?post=35722"}],"version-history":[{"count":8,"href":"https:\/\/orise.com\/de\/wp-json\/wp\/v2\/pages\/35722\/revisions"}],"predecessor-version":[{"id":35860,"href":"https:\/\/orise.com\/de\/wp-json\/wp\/v2\/pages\/35722\/revisions\/35860"}],"up":[{"embeddable":true,"href":"https:\/\/orise.com\/de\/wp-json\/wp\/v2\/pages\/22132"}],"wp:featuredmedia":[{"embeddable":true,"href":"https:\/\/orise.com\/de\/wp-json\/wp\/v2\/media\/33933"}],"wp:attachment":[{"href":"https:\/\/orise.com\/de\/wp-json\/wp\/v2\/media?parent=35722"}],"curies":[{"name":"wp","href":"https:\/\/api.w.org\/{rel}","templated":true}]}}