{"id":35863,"date":"2026-04-08T12:17:55","date_gmt":"2026-04-08T12:17:55","guid":{"rendered":"https:\/\/orise.com\/?page_id=35863"},"modified":"2026-04-15T08:33:04","modified_gmt":"2026-04-15T08:33:04","slug":"cloud-produkte","status":"publish","type":"page","link":"https:\/\/orise.com\/de\/sap\/cloud-produkte\/","title":{"rendered":"Cloud Produkte"},"content":{"rendered":"<div id=\"pageheader-block_3e00dc4550c41b5ed9d5c7f0c6c7047d\" class=\"content-row content-row-pageheader bg-base pageheader\">\n        <div class=\"contentPart-fixed\">\n        <div class=\"contentPart-inner\">\n            <div class=\"contentPart-text width-100\">\n                <h1>\n                                        Lizenz &amp; Wartung f\u00fcr SAP Cloud-Produkte \u2013 Ihr Wegweiser f\u00fcr moderne Unternehmensl\u00f6sungen                                    <\/h1>\n                <h2 class=\"trans\">\n                                        Innovative SAP Cloud-L\u00f6sungen f\u00fcr mehr Flexibilit\u00e4t und Wachstum                                    <\/h2>\n                                            <\/div>\n        <\/div>\n    <\/div>\n    <div class=\"slidedown-button editor-hide\">\n        <span class=\"slidedown-label\">Mehr erfahren<\/span>\n        <img decoding=\"async\" src=\"https:\/\/orise.com\/wp-content\/themes\/ats-orise\/img\/doubble-arrow-down.svg\" alt=\"\"\n            class=\"slidedown-icon\">\n    <\/div>\n<\/div>\n\n\n\n    <div id=\"image_banner-block_3f0f8d4f7b810ed871f80b81a3cc88ad\" class=\"content-row content-row-imagebanner trans bg-base image_banner test\">\n                                                <img decoding=\"async\" src=\"https:\/\/orise.com\/wp-content\/uploads\/sites\/71\/2025\/07\/Firefly_Business-process-analysis-scene-with-professionals-reviewing-value-stream-maps-and-BP-221550.jpg?w=1920&#038;h=0&#038;crop=1\" alt=\"\" class=\"fullscreen\">\n            <\/div>\n\n\n\n    <div id=\"imagetext_textvariation-block_ab799907f3de574d4f97066e1f5c496e\" class=\"content-row content-row-textvariation background_blue    textvariation\">\n        <div class=\"contentPart-inner\">\n            <div class=\"contentPart-text\">\n                                    <h2 class=\"text-blue content-row-headline trans\">\n                        \u00dcberblick \u2013 Lizenzierung und Wartung in der SAP Cloud                    <\/h2>\n                                            <\/div>\n                            <div class=\"contentPart-textbox width-50 textInput trans\">\n                    <h3>Integration, Skalierbarkeit und Effizienz mit SAP aus der Cloud<\/h3>\n<p>SAP Cloud-Produkte bieten Unternehmen maximale Flexibilit\u00e4t, Innovation und Skalierbarkeit. Ob Prozessmanagement, Datenintegration, Analytics oder Customer Experience \u2013 mit den passenden Lizenzmodellen und einem zuverl\u00e4ssigen Wartungskonzept sichern Sie den langfristigen Erfolg Ihrer Cloud-L\u00f6sungen.<\/p>\n                <\/div>\n                                        <div class=\"contentPart-textbox contentPart-textbox_2 textInput width-50 trans\">\n                    <h3>Ihre Vorteile mit uns als SAP Gold Partner<\/h3>\n<p>Als zertifizierter SAP Gold Partner begleiten wir Sie von der Auswahl der richtigen Cloud-Lizenz \u00fcber die Implementierung bis zum laufenden Support. Profitieren Sie von unserem Expertenwissen, direktem Zugang zu SAP Ressourcen und umfassender Betreuung \u2013 f\u00fcr maximale Sicherheit und Effizienz.<\/p>\n                <\/div>\n                    <\/div>\n                    <\/div>\n\n\n<div id=\"content_carousel-block_df3cac3d7ba7200c4671c230a230257d\"\n    class=\"content-row content-row-imagetext_carousel content-row-content_carousel trans background_darken content_carousel\">\n    <div class=\"contentPart-inner\">\n        <div class=\"Infoline\">\n            <p>Unsere SAP Cloud-Produkte im \u00dcberblick <\/p>\n        <\/div>\n        <div class=\"subline\">\n            <p><\/p>\n            <div class=\"content_carousel-arrows\">\n                <div class=\"scroll-arrow scroll-left editor-hide\"><img decoding=\"async\"\n                        src=\"https:\/\/orise.com\/wp-content\/themes\/ats-orise\/img\/keyboard_arrow_left.svg\"\n                        class=\"sliderarrow\" alt=\"\">\n                <\/div>\n                <div class=\"scroll-arrow scroll-right editor-hide\"><img decoding=\"async\"\n                        src=\"https:\/\/orise.com\/wp-content\/themes\/ats-orise\/img\/keyboard_arrow_right.svg\"\n                        class=\"sliderarrow\" alt=\"\">\n                <\/div>\n            <\/div>\n        <\/div>\n        <div class=\"content_carousel-slider\">\n                        <div class=\"content_carousel-item\">\n                <div class=\"content_carousel-item-inner\">\n                    <div class=\"contentPart-image\">\n                        <div class=\"imagetext_carousel-item-inner\">\n                            <div class=\"content_carousel-item-imagebox\">\n                                \n                                                                <img decoding=\"async\" src=\"https:\/\/orise.com\/wp-content\/uploads\/sites\/71\/2025\/05\/55.png?w=600&#038;h=600&#038;crop=1\"\n                                    alt=\"\" class=\"content_carousel-img\">\n                                                            <\/div>\n                        <\/div>\n                    <\/div>\n                    <div class=\"contentPart-text\">\n                        <h2>\n                            SAP Business Technology Platform (BTP)                        <\/h2>\n                        <h4>Die zentrale Plattform f\u00fcr Integration, Erweiterung und Entwicklung moderner Cloud-Anwendungen. Flexible Lizenzmodelle, transparente Kosten und umfassender Support sorgen f\u00fcr einen reibungslosen Betrieb.<\/h4>\n                        <div class=\"imagetext_carousel-item-textbox\">\n                                                    <\/div>\n                                                                        <div class=\"btnrow bold trans\">\n                            <a href=\"https:\/\/orise.com\/de\/sap\/business-technology-platform\/\"\n                                class=\"animateAll\">\n                                Mehr                            <\/a>\n                        <\/div>\n                                            <\/div>\n                <\/div>\n            <\/div>\n                        <div class=\"content_carousel-item\">\n                <div class=\"content_carousel-item-inner\">\n                    <div class=\"contentPart-image\">\n                        <div class=\"imagetext_carousel-item-inner\">\n                            <div class=\"content_carousel-item-imagebox\">\n                                \n                                                                <img decoding=\"async\" src=\"https:\/\/orise.com\/wp-content\/uploads\/sites\/71\/2025\/05\/4.png?w=600&#038;h=600&#038;crop=1\"\n                                    alt=\"\" class=\"content_carousel-img\">\n                                                            <\/div>\n                        <\/div>\n                    <\/div>\n                    <div class=\"contentPart-text\">\n                        <h2>\n                            SAP Business Data Cloud                        <\/h2>\n                        <h4>Die innovative Datenplattform f\u00fcr Analytics, KI und Datenmanagement. Lizenzierung und Wartung sind speziell auf die Anforderungen datengetriebener Unternehmen zugeschnitten.<\/h4>\n                        <div class=\"imagetext_carousel-item-textbox\">\n                                                    <\/div>\n                                                                        <div class=\"btnrow bold trans\">\n                            <a href=\"https:\/\/orise.com\/de\/sap\/sap-business-data-cloud\/\"\n                                class=\"animateAll\">\n                                Mehr                            <\/a>\n                        <\/div>\n                                            <\/div>\n                <\/div>\n            <\/div>\n                        <div class=\"content_carousel-item\">\n                <div class=\"content_carousel-item-inner\">\n                    <div class=\"contentPart-image\">\n                        <div class=\"imagetext_carousel-item-inner\">\n                            <div class=\"content_carousel-item-imagebox\">\n                                \n                                                                <img decoding=\"async\" src=\"https:\/\/orise.com\/wp-content\/uploads\/sites\/71\/2025\/05\/Website-Icons-4.png?w=600&#038;h=600&#038;crop=1\"\n                                    alt=\"\" class=\"content_carousel-img\">\n                                                            <\/div>\n                        <\/div>\n                    <\/div>\n                    <div class=\"contentPart-text\">\n                        <h2>\n                            SAP Sales &amp; Service Cloud                        <\/h2>\n                        <h4>Optimieren Sie Vertrieb und Kundenservice mit modernen Cloud-L\u00f6sungen. Flexible Lizenzpakete und zuverl\u00e4ssiger Support garantieren maximale Kundenzufriedenheit.<\/h4>\n                        <div class=\"imagetext_carousel-item-textbox\">\n                                                    <\/div>\n                                                                        <div class=\"btnrow bold trans\">\n                            <a href=\"https:\/\/orise.com\/de\/sap\/sap-support\/\"\n                                class=\"animateAll\">\n                                Mehr                            <\/a>\n                        <\/div>\n                                            <\/div>\n                <\/div>\n            <\/div>\n                    <\/div>\n\n\n    <\/div>\n\n<\/div>\n\n\n    <div id=\"textimage-block_15407dfcf97637edfab3618356f2a74e\" class=\"content-row content-row-textimage background_blue  textimage\">\n        <div class=\"contentPart-inner\">\n            <div class=\"contentPart-text width-50\">\n                <h2 class=\"trans text-blue \">\n                                            Wartung &amp; Support \u2013 Zuverl\u00e4ssige Betreuung Ihrer SAP Cloud-L\u00f6sungen                                                         <\/h2>\n                <div class=\"textInput trans\">\n                                            <p>Wir sind Ihr Ansprechpartner f\u00fcr alle Wartungs- und Supportanfragen rund um SAP Cloud-Produkte. Als Wartungspartner \u00fcbernehmen wir die Kommunikation mit SAP, koordinieren Service-Tickets und sorgen f\u00fcr einen reibungslosen Betrieb Ihrer Cloud-Systeme.<\/p>\n                                    <\/div>\n                                                    <div class=\"btnrow btnrow-light bold trans\"><a href=\"https:\/\/orise.com\/de\/sap\/sap-support\/\" target=\"_blank\" class=\"animateAll\">Mehr erfahren<\/a><\/div>\n                            <\/div>\n            <div class=\"contentPart-image width-50 trans \">\n                                                    <img decoding=\"async\" src=\"https:\/\/orise.com\/wp-content\/uploads\/sites\/71\/2025\/10\/shutterstock_2554692387.jpg?w=1024\" alt=\"\" class=\"textbildimg\">\n                            <\/div>\n        <\/div>\n    <\/div>\n\n\n    <div id=\"singletext-block_dd591296e544cf0f5e25a1ee8f5903fb\" class=\"content-row content-row-singletext bg-base   singletext\">\n        <div class=\"contentPart-inner\">\n            <div class=\"contentPart-text width-100\">\n                <h2 class=\" content-row-headline trans\">\n                                    <\/h2>\n                <div class=\"contentPart-textbox textInput trans\">\n                    <h1><span class=\"NormalTextRun SCXW22487893 BCX8\">H\u00e4ufige Fragen zur Lizenzierung &amp; Wartung von\u00a0<\/span><span class=\"NormalTextRun SCXW22487893 BCX8\">SAP Cloud<\/span><span class=\"NormalTextRun SCXW22487893 BCX8\">-Produkten<\/span><\/h1>\n<ul>\n<li>Welche Lizenzmodelle gibt es f\u00fcr SAP Cloud-L\u00f6sungen?<\/li>\n<li>Wie l\u00e4uft die Wartung und der Support in der Cloud ab?<\/li>\n<li>Was sind die Vorteile eines SAP Gold Partners f\u00fcr Cloud-Produkte?<\/li>\n<li>Wie unterscheiden sich die Lizenzmodelle von BTP, Signavio, Business Data Cloud und Sales &amp; Service Cloud?<\/li>\n<\/ul>\n<p>Antworten auf diese und weitere Fragen finden Sie auf unseren Detailseiten oder direkt im pers\u00f6nlichen Gespr\u00e4ch mit unseren Experten.<\/p>\n                <\/div>\n            <\/div>\n        <\/div>\n    <\/div>\n\n\n    <div id=\"textimage-block_0b25fefff4aa6a1d408f8c3fe905d508\" class=\"content-row content-row-textimage background_darken  textimage\">\n        <div class=\"contentPart-inner\">\n            <div class=\"contentPart-text width-50\">\n                <h2 class=\"trans text-blue \">\n                                            Ihr n\u00e4chster Schritt \u2013 Jetzt beraten lassen!                                                        <\/h2>\n                <div class=\"textInput trans\">\n                                            <p><span class=\"TextRun SCXW112761696 BCX8\" lang=\"DE-DE\" xml:lang=\"DE-DE\" data-contrast=\"auto\"><span class=\"NormalTextRun SCXW112761696 BCX8\">Sie m\u00f6chten mehr \u00fcber die passende Lizenzierung und Wartung f\u00fcr Ihre\u00a0<\/span><span class=\"NormalTextRun ContextualSpellingAndGrammarErrorV2Themed SCXW112761696 BCX8\">SAP Cloud<\/span><span class=\"NormalTextRun SCXW112761696 BCX8\">-Produkte erfahren?<\/span><\/span><span class=\"LineBreakBlob BlobObject DragDrop SCXW112761696 BCX8\"><span class=\"SCXW112761696 BCX8\">\u00a0<\/span><br class=\"SCXW112761696 BCX8\" \/><\/span><span class=\"TextRun SCXW112761696 BCX8\" lang=\"DE-DE\" xml:lang=\"DE-DE\" data-contrast=\"auto\"><span class=\"NormalTextRun SCXW112761696 BCX8\">Kontaktieren Sie uns f\u00fcr eine unverbindliche Beratung \u2013 gemeinsam finden wir die optimale L\u00f6sung f\u00fcr Ihre Anforderungen.<\/span><\/span><span class=\"EOP Selected SCXW112761696 BCX8\" data-ccp-props=\"{}\">\u00a0<\/span><\/p>\n                                    <\/div>\n                                                    <div class=\"btnrow btnrow-light bold trans\"><a href=\"mailto:service.de-rot@orise.com\" target=\"_blank\" class=\"animateAll\">Jetzt beraten lassen<\/a><\/div>\n                            <\/div>\n            <div class=\"contentPart-image width-50 trans \">\n                                                    <img decoding=\"async\" src=\"https:\/\/orise.com\/wp-content\/uploads\/sites\/71\/2025\/12\/shutterstock_1388871755.jpg?w=1024\" alt=\"\" class=\"textbildimg\">\n                            <\/div>\n        <\/div>\n    <\/div>\n\n\n    <div id=\"textimage-block_770e12081417ad77d357b438122ef6cc\" class=\"content-row content-row-textimage background_blue  textimage\">\n        <div class=\"contentPart-inner\">\n            <div class=\"contentPart-text width-50\">\n                <h2 class=\"trans text-blue \">\n                                            Ihr Ansprechpartner                                                                <span class=\"headline_white\">Christian Gebert \u00b7 Associate Partner<\/span>\n                                    <\/h2>\n                <div class=\"textInput trans\">\n                                            <p>Rheinwaldstra\u00dfe 38<br \/>\n78628 Rottweil<\/p>\n<p>Tel.: 0741 17 44 16 600<br \/>\nE-Mail:\u00a0<a href=\"mailto:service.DE-ROT@orise.com\">service.DE-ROT@orise.com<\/a><\/p>\n                                    <\/div>\n                                    <div class=\"btnrow btnrow-light bold trans\"><a href=\"https:\/\/orise.com\/de\/sap\/\" class=\"animateAll\">Zur\u00fcck zum SAP Solutions Hub<\/a><\/div>\n                                            <\/div>\n            <div class=\"contentPart-image width-50 trans \">\n                                                    <img decoding=\"async\" src=\"https:\/\/orise.com\/wp-content\/uploads\/sites\/71\/2025\/01\/Christian_Gebert.jpg?w=1024\" alt=\"\" class=\"textbildimg\">\n                            <\/div>\n        <\/div>\n    <\/div>\n\n\n    <div id=\"contactform-block_cbbfbe4f3451e0aed0514fc7f8d805da\" class=\"content-row content-row-contactform  background_darken contactform\">\n        <div class=\"contentPart-inner\">\n\n            <div class=\"contentPart-text width-100\">\n                                    <h2 class=\"text-blue content-row-headline trans\">\n                        Jetzt Kontakt aufnehmen                    <\/h2>\n                            <\/div>\n\n            <div class=\"contactform-wrapper trans\">\n                                    <iframe src=\"https:\/\/go.atsautomation.com\/l\/651873\/2025-06-04\/h7yqym\" class=\"form-iframe form-iframe-contactform\" data-cookieconsent=\"marketing\"><\/iframe>\n                            <\/div>\n\n        <\/div>\n    <\/div>\n","protected":false},"excerpt":{"rendered":"","protected":false},"author":627,"featured_media":32612,"parent":22132,"menu_order":0,"comment_status":"closed","ping_status":"closed","template":"","meta":{"_acf_changed":false,"_cr_original_post":"","_cr_replace_post_id":"","_cr_replacing_post_id":"","footnotes":""},"class_list":["post-35863","page","type-page","status-publish","has-post-thumbnail","hentry"],"yoast_head":"<!-- This site is optimized with the Yoast SEO Premium plugin v26.8 (Yoast SEO v26.8) - https:\/\/yoast.com\/product\/yoast-seo-premium-wordpress\/ -->\n<title>Cloud Produkte | Orise<\/title>\n<meta name=\"description\" content=\"SAP Cloud-Lizenzierung &amp; Wartung: \u00dcberblick \u00fcber BTP, Signavio, Business Data Cloud und Sales &amp; Service Cloud. Beratung, Support und Expertenwissen vom SAP Gold Partner.\" \/>\n<meta name=\"robots\" content=\"index, follow, max-snippet:-1, max-image-preview:large, max-video-preview:-1\" \/>\n<link rel=\"canonical\" href=\"https:\/\/orise.com\/de\/sap\/cloud-produkte\/\" \/>\n<meta property=\"og:locale\" content=\"de_DE\" \/>\n<meta property=\"og:type\" content=\"article\" \/>\n<meta property=\"og:title\" content=\"Cloud Produkte\" \/>\n<meta property=\"og:description\" content=\"SAP Cloud-Lizenzierung &amp; Wartung: \u00dcberblick \u00fcber BTP, Signavio, Business Data Cloud und Sales &amp; Service Cloud. Beratung, Support und Expertenwissen vom SAP Gold Partner.\" \/>\n<meta property=\"og:url\" content=\"https:\/\/orise.com\/de\/sap\/cloud-produkte\/\" \/>\n<meta property=\"og:site_name\" content=\"Orise\" \/>\n<meta property=\"article:modified_time\" content=\"2026-04-15T08:33:04+00:00\" \/>\n<meta property=\"og:image\" content=\"https:\/\/orise.com\/wp-content\/uploads\/sites\/71\/2025\/10\/integrating-operational-technology.jpg\" \/>\n\t<meta property=\"og:image:width\" content=\"2500\" \/>\n\t<meta property=\"og:image:height\" content=\"1667\" \/>\n\t<meta property=\"og:image:type\" content=\"image\/jpeg\" \/>\n<meta name=\"twitter:card\" content=\"summary_large_image\" \/>\n<meta name=\"twitter:label1\" content=\"Gesch\u00e4tzte Lesezeit\" \/>\n\t<meta name=\"twitter:data1\" content=\"1 Minute\" \/>\n<script type=\"application\/ld+json\" class=\"yoast-schema-graph\">{\"@context\":\"https:\/\/schema.org\",\"@graph\":[{\"@type\":\"WebPage\",\"@id\":\"https:\/\/orise.com\/de\/sap\/cloud-produkte\/\",\"url\":\"https:\/\/orise.com\/de\/sap\/cloud-produkte\/\",\"name\":\"Cloud Produkte | Orise\",\"isPartOf\":{\"@id\":\"https:\/\/orise.com\/de\/#website\"},\"primaryImageOfPage\":{\"@id\":\"https:\/\/orise.com\/de\/sap\/cloud-produkte\/#primaryimage\"},\"image\":{\"@id\":\"https:\/\/orise.com\/de\/sap\/cloud-produkte\/#primaryimage\"},\"thumbnailUrl\":\"https:\/\/orise.com\/wp-content\/uploads\/sites\/71\/2025\/10\/integrating-operational-technology.jpg\",\"datePublished\":\"2026-04-08T12:17:55+00:00\",\"dateModified\":\"2026-04-15T08:33:04+00:00\",\"description\":\"SAP Cloud-Lizenzierung & Wartung: \u00dcberblick \u00fcber BTP, Signavio, Business Data Cloud und Sales & Service Cloud. Beratung, Support und Expertenwissen vom SAP Gold Partner.\",\"breadcrumb\":{\"@id\":\"https:\/\/orise.com\/de\/sap\/cloud-produkte\/#breadcrumb\"},\"inLanguage\":\"de-DE\",\"potentialAction\":[{\"@type\":\"ReadAction\",\"target\":[\"https:\/\/orise.com\/de\/sap\/cloud-produkte\/\"]}]},{\"@type\":\"ImageObject\",\"inLanguage\":\"de-DE\",\"@id\":\"https:\/\/orise.com\/de\/sap\/cloud-produkte\/#primaryimage\",\"url\":\"https:\/\/orise.com\/wp-content\/uploads\/sites\/71\/2025\/10\/integrating-operational-technology.jpg\",\"contentUrl\":\"https:\/\/orise.com\/wp-content\/uploads\/sites\/71\/2025\/10\/integrating-operational-technology.jpg\",\"width\":2500,\"height\":1667,\"caption\":\"Consultant from Orise integrating operational technology for client\"},{\"@type\":\"BreadcrumbList\",\"@id\":\"https:\/\/orise.com\/de\/sap\/cloud-produkte\/#breadcrumb\",\"itemListElement\":[{\"@type\":\"ListItem\",\"position\":1,\"name\":\"Home\",\"item\":\"https:\/\/orise.com\/de\/\"},{\"@type\":\"ListItem\",\"position\":2,\"name\":\"SAP\",\"item\":\"https:\/\/orise.com\/de\/sap\/\"},{\"@type\":\"ListItem\",\"position\":3,\"name\":\"Cloud Produkte\"}]},{\"@type\":\"WebSite\",\"@id\":\"https:\/\/orise.com\/de\/#website\",\"url\":\"https:\/\/orise.com\/de\/\",\"name\":\"Orise\",\"description\":\"Unlock your full potential.\",\"publisher\":{\"@id\":\"https:\/\/orise.com\/de\/#organization\"},\"potentialAction\":[{\"@type\":\"SearchAction\",\"target\":{\"@type\":\"EntryPoint\",\"urlTemplate\":\"https:\/\/orise.com\/de\/?s={search_term_string}\"},\"query-input\":{\"@type\":\"PropertyValueSpecification\",\"valueRequired\":true,\"valueName\":\"search_term_string\"}}],\"inLanguage\":\"de-DE\"},{\"@type\":\"Organization\",\"@id\":\"https:\/\/orise.com\/de\/#organization\",\"name\":\"Orise\",\"url\":\"https:\/\/orise.com\/de\/\",\"logo\":{\"@type\":\"ImageObject\",\"inLanguage\":\"de-DE\",\"@id\":\"https:\/\/orise.com\/de\/#\/schema\/logo\/image\/\",\"url\":\"https:\/\/orise.com\/wp-content\/uploads\/sites\/71\/2025\/04\/cropped-Orise-Circle-Icon-Website-V1-1.png\",\"contentUrl\":\"https:\/\/orise.com\/wp-content\/uploads\/sites\/71\/2025\/04\/cropped-Orise-Circle-Icon-Website-V1-1.png\",\"width\":512,\"height\":512,\"caption\":\"Orise\"},\"image\":{\"@id\":\"https:\/\/orise.com\/de\/#\/schema\/logo\/image\/\"}}]}<\/script>\n<!-- \/ Yoast SEO Premium plugin. -->","yoast_head_json":{"title":"Cloud Produkte | Orise","description":"SAP Cloud-Lizenzierung & Wartung: \u00dcberblick \u00fcber BTP, Signavio, Business Data Cloud und Sales & Service Cloud. Beratung, Support und Expertenwissen vom SAP Gold Partner.","robots":{"index":"index","follow":"follow","max-snippet":"max-snippet:-1","max-image-preview":"max-image-preview:large","max-video-preview":"max-video-preview:-1"},"canonical":"https:\/\/orise.com\/de\/sap\/cloud-produkte\/","og_locale":"de_DE","og_type":"article","og_title":"Cloud Produkte","og_description":"SAP Cloud-Lizenzierung & Wartung: \u00dcberblick \u00fcber BTP, Signavio, Business Data Cloud und Sales & Service Cloud. Beratung, Support und Expertenwissen vom SAP Gold Partner.","og_url":"https:\/\/orise.com\/de\/sap\/cloud-produkte\/","og_site_name":"Orise","article_modified_time":"2026-04-15T08:33:04+00:00","og_image":[{"width":2500,"height":1667,"url":"https:\/\/orise.com\/wp-content\/uploads\/sites\/71\/2025\/10\/integrating-operational-technology.jpg","type":"image\/jpeg"}],"twitter_card":"summary_large_image","twitter_misc":{"Gesch\u00e4tzte Lesezeit":"1 Minute"},"schema":{"@context":"https:\/\/schema.org","@graph":[{"@type":"WebPage","@id":"https:\/\/orise.com\/de\/sap\/cloud-produkte\/","url":"https:\/\/orise.com\/de\/sap\/cloud-produkte\/","name":"Cloud Produkte | Orise","isPartOf":{"@id":"https:\/\/orise.com\/de\/#website"},"primaryImageOfPage":{"@id":"https:\/\/orise.com\/de\/sap\/cloud-produkte\/#primaryimage"},"image":{"@id":"https:\/\/orise.com\/de\/sap\/cloud-produkte\/#primaryimage"},"thumbnailUrl":"https:\/\/orise.com\/wp-content\/uploads\/sites\/71\/2025\/10\/integrating-operational-technology.jpg","datePublished":"2026-04-08T12:17:55+00:00","dateModified":"2026-04-15T08:33:04+00:00","description":"SAP Cloud-Lizenzierung & Wartung: \u00dcberblick \u00fcber BTP, Signavio, Business Data Cloud und Sales & Service Cloud. Beratung, Support und Expertenwissen vom SAP Gold Partner.","breadcrumb":{"@id":"https:\/\/orise.com\/de\/sap\/cloud-produkte\/#breadcrumb"},"inLanguage":"de-DE","potentialAction":[{"@type":"ReadAction","target":["https:\/\/orise.com\/de\/sap\/cloud-produkte\/"]}]},{"@type":"ImageObject","inLanguage":"de-DE","@id":"https:\/\/orise.com\/de\/sap\/cloud-produkte\/#primaryimage","url":"https:\/\/orise.com\/wp-content\/uploads\/sites\/71\/2025\/10\/integrating-operational-technology.jpg","contentUrl":"https:\/\/orise.com\/wp-content\/uploads\/sites\/71\/2025\/10\/integrating-operational-technology.jpg","width":2500,"height":1667,"caption":"Consultant from Orise integrating operational technology for client"},{"@type":"BreadcrumbList","@id":"https:\/\/orise.com\/de\/sap\/cloud-produkte\/#breadcrumb","itemListElement":[{"@type":"ListItem","position":1,"name":"Home","item":"https:\/\/orise.com\/de\/"},{"@type":"ListItem","position":2,"name":"SAP","item":"https:\/\/orise.com\/de\/sap\/"},{"@type":"ListItem","position":3,"name":"Cloud Produkte"}]},{"@type":"WebSite","@id":"https:\/\/orise.com\/de\/#website","url":"https:\/\/orise.com\/de\/","name":"Orise","description":"Unlock your full potential.","publisher":{"@id":"https:\/\/orise.com\/de\/#organization"},"potentialAction":[{"@type":"SearchAction","target":{"@type":"EntryPoint","urlTemplate":"https:\/\/orise.com\/de\/?s={search_term_string}"},"query-input":{"@type":"PropertyValueSpecification","valueRequired":true,"valueName":"search_term_string"}}],"inLanguage":"de-DE"},{"@type":"Organization","@id":"https:\/\/orise.com\/de\/#organization","name":"Orise","url":"https:\/\/orise.com\/de\/","logo":{"@type":"ImageObject","inLanguage":"de-DE","@id":"https:\/\/orise.com\/de\/#\/schema\/logo\/image\/","url":"https:\/\/orise.com\/wp-content\/uploads\/sites\/71\/2025\/04\/cropped-Orise-Circle-Icon-Website-V1-1.png","contentUrl":"https:\/\/orise.com\/wp-content\/uploads\/sites\/71\/2025\/04\/cropped-Orise-Circle-Icon-Website-V1-1.png","width":512,"height":512,"caption":"Orise"},"image":{"@id":"https:\/\/orise.com\/de\/#\/schema\/logo\/image\/"}}]}},"acf":[],"_links":{"self":[{"href":"https:\/\/orise.com\/de\/wp-json\/wp\/v2\/pages\/35863","targetHints":{"allow":["GET"]}}],"collection":[{"href":"https:\/\/orise.com\/de\/wp-json\/wp\/v2\/pages"}],"about":[{"href":"https:\/\/orise.com\/de\/wp-json\/wp\/v2\/types\/page"}],"author":[{"embeddable":true,"href":"https:\/\/orise.com\/de\/wp-json\/wp\/v2\/users\/627"}],"replies":[{"embeddable":true,"href":"https:\/\/orise.com\/de\/wp-json\/wp\/v2\/comments?post=35863"}],"version-history":[{"count":6,"href":"https:\/\/orise.com\/de\/wp-json\/wp\/v2\/pages\/35863\/revisions"}],"predecessor-version":[{"id":36222,"href":"https:\/\/orise.com\/de\/wp-json\/wp\/v2\/pages\/35863\/revisions\/36222"}],"up":[{"embeddable":true,"href":"https:\/\/orise.com\/de\/wp-json\/wp\/v2\/pages\/22132"}],"wp:featuredmedia":[{"embeddable":true,"href":"https:\/\/orise.com\/de\/wp-json\/wp\/v2\/media\/32612"}],"wp:attachment":[{"href":"https:\/\/orise.com\/de\/wp-json\/wp\/v2\/media?parent=35863"}],"curies":[{"name":"wp","href":"https:\/\/api.w.org\/{rel}","templated":true}]}}