{"id":7455,"date":"2022-04-11T13:13:08","date_gmt":"2022-04-11T13:13:08","guid":{"rendered":"https:\/\/orise.com\/?page_id=7455"},"modified":"2022-06-28T11:52:33","modified_gmt":"2022-06-28T11:52:33","slug":"warehouse-automation","status":"publish","type":"page","link":"https:\/\/orise.com\/de\/solutions\/warehouse-automation\/","title":{"rendered":"Warehouse Automation"},"content":{"rendered":"<div id=\"pageheader-block_62541b83602c0\" class=\"content-row content-row-pageheader \t\tcontent-row-pageheader-anchor   pageheader\">\n        <div class=\"contentPart-fixed\">\n        <div class=\"contentPart-inner\">\n            <div class=\"contentPart-text width-100\">\n                <h1>\n                                        Warehouse Automation                                    <\/h1>\n                <h2 class=\"trans\">\n                                        Wie Sie Ihre Lager optimal automatisieren und digitalisieren.                                    <\/h2>\n                                                <div class=\"anchor_links-wrapper trans\">\n                                        <div class=\"anchor_link-item trans\">\n                        <div class=\"anchor_link-item-inner\">\n                            <a class=\"anchorlink\" data-subtab=\"\"\n                                data-anchor=\"#ausgangssituation\"\n                                href=\"#\">Die Ausgangssituation<\/a>\n                        <\/div>\n                    <\/div>\n                                        <div class=\"anchor_link-item trans\">\n                        <div class=\"anchor_link-item-inner\">\n                            <a class=\"anchorlink\" data-subtab=\"\"\n                                data-anchor=\"#possibilities\"\n                                href=\"#\">Ihre M\u00f6glichkeiten<\/a>\n                        <\/div>\n                    <\/div>\n                                        <div class=\"anchor_link-item trans\">\n                        <div class=\"anchor_link-item-inner\">\n                            <a class=\"anchorlink\" data-subtab=\"\"\n                                data-anchor=\"#possibilities\"\n                                href=\"#\">Unsere Kompetenzen<\/a>\n                        <\/div>\n                    <\/div>\n                                        <div class=\"anchor_link-item trans\">\n                        <div class=\"anchor_link-item-inner\">\n                            <a class=\"anchorlink\" data-subtab=\"\"\n                                data-anchor=\"#possibilities\"\n                                href=\"#\">Partnerschaft mit PA<\/a>\n                        <\/div>\n                    <\/div>\n                                    <\/div>\n                            <\/div>\n        <\/div>\n    <\/div>\n    <div class=\"slidedown-button editor-hide\">\n        <span class=\"slidedown-label\">Mehr erfahren<\/span>\n        <img decoding=\"async\" src=\"https:\/\/orise.com\/wp-content\/themes\/ats-orise\/img\/doubble-arrow-down.svg\" alt=\"\"\n            class=\"slidedown-icon\">\n    <\/div>\n<\/div>\n\n\n\n    <div id=\"image_banner-block_62542209602c1\" class=\"content-row content-row-imagebanner trans  image_banner test\">\n                                                <img decoding=\"async\" src=\"https:\/\/orise.com\/wp-content\/uploads\/sites\/71\/2022\/04\/Solutions-WarehouseAutomation.jpg?w=1920&#038;h=0&#038;crop=1\" alt=\"PA Warehouse Automation\" class=\"fullscreen\">\n            <\/div>\n\n\n\n<div id=\"ausgangssituation\" class=\"content-row anchortarget trans anchortarget\">\n    <h3 class=\"editorInfo\">#ausgangssituation<\/h3>\n<\/div>\n\n    <div id=\"imagetext_textvariation-block_62542221602c2\" class=\"content-row content-row-textvariation  background_darken   textvariation\">\n        <div class=\"contentPart-inner\">\n            <div class=\"contentPart-text\">\n                                            <\/div>\n                            <div class=\"contentPart-textbox width-50 textInput trans\">\n                    <p>F\u00fcr produzierende Unternehmen haben Lager eine entscheidende Bedeutung, um die Leistung in der Produktion zu sichern. Erfahrungsgem\u00e4\u00df ist eine Auslastung von 80 bis 90 Prozent im Warehouse ideal.<\/p>\n                <\/div>\n                                        <div class=\"contentPart-textbox contentPart-textbox_2 textInput width-50 trans\">\n                    <p>In vielen Unternehmen kann die Effizienz jedoch um 20 bis 30 Prozent gesteigert werden, denn oft gibt es noch viele manuelle Prozesse, lange Wege und keine durchgehenden Daten, die dann auch zur Optimierung zur Verf\u00fcgung stehen.<\/p>\n                <\/div>\n                    <\/div>\n                    <\/div>\n\n\n<div id=\"possibilities\" class=\"content-row anchortarget trans anchortarget\">\n    <h3 class=\"editorInfo\">#possibilities<\/h3>\n<\/div>\n\n    <div id=\"imagetext_textvariation-block_625423d2602ce\" class=\"content-row content-row-textvariation     textvariation\">\n        <div class=\"contentPart-inner\">\n            <div class=\"contentPart-text\">\n                                    <h2 class=\"text-blue content-row-headline trans\">\n                        Nutzen und Erfolgsfaktoren von Warehouse Automation 4.0                    <\/h2>\n                                            <\/div>\n                            <div class=\"contentPart-textbox width-50 textInput trans\">\n                    <h3>Digitalisierung und weitere Optimierung des Warehouse<\/h3>\n<p>Unternehmen wie Amazon zeigen, wozu digitale Technologien in der Lage sind. Auch ERP-Systeme wie SAP bieten noch weitere M\u00f6glichkeiten, die Performance zu steigern. Last but not least kann das Warehouse mit Industrie-4.0-Innovationen noch weiter verbessert werden. Das gilt insbesondere auch f\u00fcr die Implementierung, er\u00f6ffnen digitale Zwillinge und Simulationen hier doch ganz neue M\u00f6glichkeiten. Und die M\u00f6glichkeiten von morgen sollten in der Planung heute schon ber\u00fccksichtigt werden.<\/p>\n<p>&nbsp;<\/p>\n<p>&nbsp;<\/p>\n<h3><strong>Realisierung erfordert umfassende Kompetenzen<\/strong><\/h3>\n<p>Es liegt auf der Hand, dass angesichts der Komplexit\u00e4t und der Innovationsgeschwindigkeit die Planung und Realisierung von L\u00e4gern deutlich h\u00f6here Anforderungen stellt. Das Zusammenspiel von Wirtschaftlichkeitsanalysen, Prozess-Know-how, Logistikkompetenz, Automatisierungsf\u00e4higkeiten und ERP-Kompetenz sowie die Expertise im Projektmanagement sind gefragt, um ein leistungs- und zukunftsf\u00e4higes Warehouse zu konzipieren, zu planen und zu realisieren.<\/p>\n                <\/div>\n                                        <div class=\"contentPart-textbox contentPart-textbox_2 textInput width-50 trans\">\n                    <h3><strong>PA ist durch die ganzheitliche Kompetenz der ideale Partner<\/strong><\/h3>\n<p>PA bietet durch die Verbindung von Prozessberatung, Automatisierung und Digitalisierung eine ganzheitliche Kompetenz, um Unternehmen von Anfang an bei ihren Vorhaben zu begleiten. Unsere Experten haben zudem tiefe Kenntnisse in den produzierenden Branchen, insbesondere auch in der anspruchsvollen Automotive-Branche, und bringt daher bew\u00e4hrte Best-Practices mit.<\/p>\n                <\/div>\n                    <\/div>\n                    <\/div>\n\n\n<div id=\"kompetenzen\" class=\"content-row anchortarget trans anchortarget\">\n    <h3 class=\"editorInfo\">#kompetenzen<\/h3>\n<\/div>\n\n<div id=\"partnerschaft\" class=\"content-row anchortarget trans anchortarget\">\n    <h3 class=\"editorInfo\">#partnerschaft<\/h3>\n<\/div>\n\n\n<div id=\"cta_mailinput-block_62542766602d2\"\n    class=\"content-row content-row-textimage content-row-cta_mailinput  cta_mailinput  \">\n    <div class=\"contentPart-inner\">\n        <div class=\"contentPart-text trans\">\n            <h2>\n                                Warehouse Automation 4.0: Rund 20 bis 30 Prozent mehr Effizienz sind m\u00f6glich                             <\/h2>\n                        <div class=\"textInput\">\n                Erfahren Sie in unserem kostenfreien Webinar zum Thema \u201eWarehouse Automation 4.0\u201c wie Sie bei der Optimierung Ihrer Lager vorgehen. Lernen Sie Nutzen, Erfolgsfaktoren und Praxisbeispiele kennen.             <\/div>\n            \n                                                            <a href=\"https:\/\/www.gotostage.com\/channel\/b740dd00284444d6bbe23844b8e74e9f\/recording\/3b21f6376fe849b882055f4fcee1d8d4\/watch?source=CHANNEL\" target=\"_blank\"\n                class=\"submitBTN\">On-demand Webinar ansehen<\/a>\n                        \n                    <\/div>\n        <div class=\"contentPart-image width-50 trans \">\n                                    <img decoding=\"async\" src=\"https:\/\/orise.com\/wp-content\/uploads\/sites\/71\/2022\/04\/webinar-warehouseautomation.jpg?w=1000\" alt=\"Webinar Warehouse Automation by PA\"\n                class=\"textbildimg\">\n                    <\/div>\n    <\/div>\n\n<\/div>\n\n\n    <div id=\"contactform-block_62542880602d3\" class=\"content-row content-row-contactform   contactform\">\n        <div class=\"contentPart-inner\">\n\n            <div class=\"contentPart-text width-100\">\n                                    <h2 class=\"text-blue content-row-headline trans\">\n                        Wollen Sie mehr erfahren?<br \/>\r\nKontaktieren Sie unsere Experten!                    <\/h2>\n                            <\/div>\n\n            <div class=\"contactform-wrapper trans\">\n                                    <iframe src=\"https:\/\/go.atsautomation.com\/l\/651873\/2021-12-13\/4vbxy2\" class=\"form-iframe form-iframe-contactform\" data-cookieconsent=\"marketing\"><\/iframe>\n                            <\/div>\n\n        <\/div>\n    <\/div>\n","protected":false},"excerpt":{"rendered":"","protected":false},"author":204,"featured_media":0,"parent":842,"menu_order":0,"comment_status":"closed","ping_status":"closed","template":"","meta":{"_acf_changed":false,"_cr_original_post":"","_cr_replace_post_id":"","_cr_replacing_post_id":"","footnotes":""},"class_list":["post-7455","page","type-page","status-publish","hentry"],"yoast_head":"<!-- This site is optimized with the Yoast SEO Premium plugin v26.8 (Yoast SEO v26.8) - https:\/\/yoast.com\/product\/yoast-seo-premium-wordpress\/ -->\n<title>Warehouse Automation | Orise<\/title>\n<meta name=\"description\" content=\"PA begleitet produzierende Unternehmen und zeigt ihnen auf, wie sie ihre Lager optimal automatisieren und digitalisieren.\" \/>\n<meta name=\"robots\" content=\"index, follow, max-snippet:-1, max-image-preview:large, max-video-preview:-1\" \/>\n<link rel=\"canonical\" href=\"https:\/\/orise.com\/de\/solutions\/warehouse-automation\/\" \/>\n<meta property=\"og:locale\" content=\"de_DE\" \/>\n<meta property=\"og:type\" content=\"article\" \/>\n<meta property=\"og:title\" content=\"Warehouse Automation\" \/>\n<meta property=\"og:description\" content=\"PA begleitet produzierende Unternehmen und zeigt ihnen auf, wie sie ihre Lager optimal automatisieren und digitalisieren.\" \/>\n<meta property=\"og:url\" content=\"https:\/\/orise.com\/de\/solutions\/warehouse-automation\/\" \/>\n<meta property=\"og:site_name\" content=\"Orise\" \/>\n<meta property=\"article:modified_time\" content=\"2022-06-28T11:52:33+00:00\" \/>\n<meta name=\"twitter:card\" content=\"summary_large_image\" \/>\n<script type=\"application\/ld+json\" class=\"yoast-schema-graph\">{\"@context\":\"https:\/\/schema.org\",\"@graph\":[{\"@type\":\"WebPage\",\"@id\":\"https:\/\/orise.com\/de\/solutions\/warehouse-automation\/\",\"url\":\"https:\/\/orise.com\/de\/solutions\/warehouse-automation\/\",\"name\":\"Warehouse Automation | Orise\",\"isPartOf\":{\"@id\":\"https:\/\/orise.com\/de\/#website\"},\"datePublished\":\"2022-04-11T13:13:08+00:00\",\"dateModified\":\"2022-06-28T11:52:33+00:00\",\"description\":\"PA begleitet produzierende Unternehmen und zeigt ihnen auf, wie sie ihre Lager optimal automatisieren und digitalisieren.\",\"breadcrumb\":{\"@id\":\"https:\/\/orise.com\/de\/solutions\/warehouse-automation\/#breadcrumb\"},\"inLanguage\":\"de-DE\",\"potentialAction\":[{\"@type\":\"ReadAction\",\"target\":[\"https:\/\/orise.com\/de\/solutions\/warehouse-automation\/\"]}]},{\"@type\":\"BreadcrumbList\",\"@id\":\"https:\/\/orise.com\/de\/solutions\/warehouse-automation\/#breadcrumb\",\"itemListElement\":[{\"@type\":\"ListItem\",\"position\":1,\"name\":\"Home\",\"item\":\"https:\/\/orise.com\/de\/\"},{\"@type\":\"ListItem\",\"position\":2,\"name\":\"Solutions\",\"item\":\"https:\/\/orise.com\/de\/solutions\/\"},{\"@type\":\"ListItem\",\"position\":3,\"name\":\"Warehouse Automation\"}]},{\"@type\":\"WebSite\",\"@id\":\"https:\/\/orise.com\/de\/#website\",\"url\":\"https:\/\/orise.com\/de\/\",\"name\":\"Orise\",\"description\":\"Unlock your full potential.\",\"publisher\":{\"@id\":\"https:\/\/orise.com\/de\/#organization\"},\"potentialAction\":[{\"@type\":\"SearchAction\",\"target\":{\"@type\":\"EntryPoint\",\"urlTemplate\":\"https:\/\/orise.com\/de\/?s={search_term_string}\"},\"query-input\":{\"@type\":\"PropertyValueSpecification\",\"valueRequired\":true,\"valueName\":\"search_term_string\"}}],\"inLanguage\":\"de-DE\"},{\"@type\":\"Organization\",\"@id\":\"https:\/\/orise.com\/de\/#organization\",\"name\":\"Orise\",\"url\":\"https:\/\/orise.com\/de\/\",\"logo\":{\"@type\":\"ImageObject\",\"inLanguage\":\"de-DE\",\"@id\":\"https:\/\/orise.com\/de\/#\/schema\/logo\/image\/\",\"url\":\"https:\/\/orise.com\/wp-content\/uploads\/sites\/71\/2025\/04\/cropped-Orise-Circle-Icon-Website-V1-1.png\",\"contentUrl\":\"https:\/\/orise.com\/wp-content\/uploads\/sites\/71\/2025\/04\/cropped-Orise-Circle-Icon-Website-V1-1.png\",\"width\":512,\"height\":512,\"caption\":\"Orise\"},\"image\":{\"@id\":\"https:\/\/orise.com\/de\/#\/schema\/logo\/image\/\"}}]}<\/script>\n<!-- \/ Yoast SEO Premium plugin. -->","yoast_head_json":{"title":"Warehouse Automation | Orise","description":"PA begleitet produzierende Unternehmen und zeigt ihnen auf, wie sie ihre Lager optimal automatisieren und digitalisieren.","robots":{"index":"index","follow":"follow","max-snippet":"max-snippet:-1","max-image-preview":"max-image-preview:large","max-video-preview":"max-video-preview:-1"},"canonical":"https:\/\/orise.com\/de\/solutions\/warehouse-automation\/","og_locale":"de_DE","og_type":"article","og_title":"Warehouse Automation","og_description":"PA begleitet produzierende Unternehmen und zeigt ihnen auf, wie sie ihre Lager optimal automatisieren und digitalisieren.","og_url":"https:\/\/orise.com\/de\/solutions\/warehouse-automation\/","og_site_name":"Orise","article_modified_time":"2022-06-28T11:52:33+00:00","twitter_card":"summary_large_image","schema":{"@context":"https:\/\/schema.org","@graph":[{"@type":"WebPage","@id":"https:\/\/orise.com\/de\/solutions\/warehouse-automation\/","url":"https:\/\/orise.com\/de\/solutions\/warehouse-automation\/","name":"Warehouse Automation | Orise","isPartOf":{"@id":"https:\/\/orise.com\/de\/#website"},"datePublished":"2022-04-11T13:13:08+00:00","dateModified":"2022-06-28T11:52:33+00:00","description":"PA begleitet produzierende Unternehmen und zeigt ihnen auf, wie sie ihre Lager optimal automatisieren und digitalisieren.","breadcrumb":{"@id":"https:\/\/orise.com\/de\/solutions\/warehouse-automation\/#breadcrumb"},"inLanguage":"de-DE","potentialAction":[{"@type":"ReadAction","target":["https:\/\/orise.com\/de\/solutions\/warehouse-automation\/"]}]},{"@type":"BreadcrumbList","@id":"https:\/\/orise.com\/de\/solutions\/warehouse-automation\/#breadcrumb","itemListElement":[{"@type":"ListItem","position":1,"name":"Home","item":"https:\/\/orise.com\/de\/"},{"@type":"ListItem","position":2,"name":"Solutions","item":"https:\/\/orise.com\/de\/solutions\/"},{"@type":"ListItem","position":3,"name":"Warehouse Automation"}]},{"@type":"WebSite","@id":"https:\/\/orise.com\/de\/#website","url":"https:\/\/orise.com\/de\/","name":"Orise","description":"Unlock your full potential.","publisher":{"@id":"https:\/\/orise.com\/de\/#organization"},"potentialAction":[{"@type":"SearchAction","target":{"@type":"EntryPoint","urlTemplate":"https:\/\/orise.com\/de\/?s={search_term_string}"},"query-input":{"@type":"PropertyValueSpecification","valueRequired":true,"valueName":"search_term_string"}}],"inLanguage":"de-DE"},{"@type":"Organization","@id":"https:\/\/orise.com\/de\/#organization","name":"Orise","url":"https:\/\/orise.com\/de\/","logo":{"@type":"ImageObject","inLanguage":"de-DE","@id":"https:\/\/orise.com\/de\/#\/schema\/logo\/image\/","url":"https:\/\/orise.com\/wp-content\/uploads\/sites\/71\/2025\/04\/cropped-Orise-Circle-Icon-Website-V1-1.png","contentUrl":"https:\/\/orise.com\/wp-content\/uploads\/sites\/71\/2025\/04\/cropped-Orise-Circle-Icon-Website-V1-1.png","width":512,"height":512,"caption":"Orise"},"image":{"@id":"https:\/\/orise.com\/de\/#\/schema\/logo\/image\/"}}]}},"acf":[],"_links":{"self":[{"href":"https:\/\/orise.com\/de\/wp-json\/wp\/v2\/pages\/7455","targetHints":{"allow":["GET"]}}],"collection":[{"href":"https:\/\/orise.com\/de\/wp-json\/wp\/v2\/pages"}],"about":[{"href":"https:\/\/orise.com\/de\/wp-json\/wp\/v2\/types\/page"}],"author":[{"embeddable":true,"href":"https:\/\/orise.com\/de\/wp-json\/wp\/v2\/users\/204"}],"replies":[{"embeddable":true,"href":"https:\/\/orise.com\/de\/wp-json\/wp\/v2\/comments?post=7455"}],"version-history":[{"count":19,"href":"https:\/\/orise.com\/de\/wp-json\/wp\/v2\/pages\/7455\/revisions"}],"predecessor-version":[{"id":7906,"href":"https:\/\/orise.com\/de\/wp-json\/wp\/v2\/pages\/7455\/revisions\/7906"}],"up":[{"embeddable":true,"href":"https:\/\/orise.com\/de\/wp-json\/wp\/v2\/pages\/842"}],"wp:attachment":[{"href":"https:\/\/orise.com\/de\/wp-json\/wp\/v2\/media?parent=7455"}],"curies":[{"name":"wp","href":"https:\/\/api.w.org\/{rel}","templated":true}]}}