{"id":9193,"date":"2022-06-29T14:55:53","date_gmt":"2022-06-29T14:55:53","guid":{"rendered":"https:\/\/orise.com\/?page_id=9193"},"modified":"2023-10-20T10:50:16","modified_gmt":"2023-10-20T10:50:16","slug":"nl0522_atex-and-process-safety-event","status":"publish","type":"page","link":"https:\/\/orise.com\/de\/nl0522_atex-and-process-safety-event\/","title":{"rendered":"NL0522_ATEX and Process Safety event"},"content":{"rendered":"<div id=\"pageheader-block_61f8f35ff7c8f\" class=\"content-row content-row-pageheader  pageheader\">\n        <div class=\"contentPart-fixed\">\n        <div class=\"contentPart-inner\">\n            <div class=\"contentPart-text width-100\">\n                <h1>\n                                        Belgisches Explosionsschutzteam auf internationaler Veranstaltung                                    <\/h1>\n                <h2 class=\"trans\">\n                                    <\/h2>\n                                            <\/div>\n        <\/div>\n    <\/div>\n    <div class=\"slidedown-button editor-hide\">\n        <span class=\"slidedown-label\">Mehr erfahren<\/span>\n        <img decoding=\"async\" src=\"https:\/\/orise.com\/wp-content\/themes\/ats-orise\/img\/doubble-arrow-down.svg\" alt=\"\"\n            class=\"slidedown-icon\">\n    <\/div>\n<\/div>\n\n\n\n    <div id=\"image_banner-block_62025f2db13a6\" class=\"content-row content-row-imagebanner trans  image_banner test\">\n                                                <img decoding=\"async\" src=\"https:\/\/orise.com\/wp-content\/uploads\/sites\/71\/2022\/06\/NL_202206-ATEX-web-logo.jpg?w=1920&#038;h=0&#038;crop=1\" alt=\"\" class=\"fullscreen\">\n            <\/div>\n\n\n\n    <div id=\"imagetext_textvariation-block_61f8f374f7c96\" class=\"content-row content-row-textvariation     textvariation\">\n        <div class=\"contentPart-inner\">\n            <div class=\"contentPart-text\">\n                                                    <div class=\"subline trans\">\n                        Am Donnerstag, den 9. Juni 2022, hatte das Explosionsschutzteam von PA Belgien die Gelegenheit, an der internationalen Veranstaltung &#8222;ATEX and Process Safety event&#8220; teilzunehmen, die in Utrecht, Niederlande, stattfand. Ziel dieser Veranstaltung war es, einen \u00dcberblick \u00fcber die neuesten Themen und Ideen in der Welt der industriellen Sicherheit, insbesondere der Explosionssicherheit und der Prozesssicherheit, zu gewinnen.                    <\/div>\n                            <\/div>\n                                <\/div>\n                    <\/div>\n\n\n    <div id=\"singletext-block_61f8f41df7ca9\" class=\"content-row content-row-singletext    singletext\">\n        <div class=\"contentPart-inner\">\n            <div class=\"contentPart-text width-100\">\n                <h2 class=\" content-row-headline trans\">\n                                    <\/h2>\n                <div class=\"contentPart-textbox textInput trans\">\n                    <p><strong>Als Einstieg in unseren Bericht \u00fcber diesen Tag m\u00f6chten wir einige der Innovationen vorstellen, auf die wir an diesem Tag gesto\u00dfen sind:<\/strong><\/p>\n<p>&nbsp;<\/p>\n<p><u>1. Die Explosionsschutz-Visiere mit Augmented Reality, die f\u00fcr den Einsatz in Zone 1 geeignet sind<\/u><br \/>\nDiese Innovation wurde von einer jungen Gruppe belgischer Ingenieure erfunden, und die Produktion wird vollst\u00e4ndig von Pepperl + Fuchs unterst\u00fctzt. Die Visiere verf\u00fcgen \u00fcber eine Kamera, die dem Personal im Kontrollraum live zeigt, was der Bediener\/Wartungstechniker in Echtzeit sieht. Sie haben die M\u00f6glichkeit, Informationen auf das Visier des Bedieners\/Wartungstechnikers zu \u00fcbertragen. (z.B.: Anweisungen, GPS in Richtung der Feldger\u00e4te, Einstellungen, &#8230;). Ziel ist es, menschliche \/ systematische Fehler bei Wartungs- und Betriebst\u00e4tigkeiten weiter zu reduzieren.<\/p>\n<p>&nbsp;<\/p>\n<p><u>2. Ethernet-APL geeignet f\u00fcr den Einsatz in Zone 2, wenn es sich in einem Ex-e-Geh\u00e4use befindet<\/u><br \/>\nDer Vorteil dieses Switches besteht darin, dass die Verbindung zum Kontrollraum \u00fcber ein einziges Ethernet-Kabel hergestellt wird. Dies f\u00fchrt zu geringeren Verdrahtungskosten (weniger und weniger komplexe Kabel erforderlich). Au\u00dferdem kann die vorhandene Verkabelung der Feldger\u00e4te f\u00fcr die Verbindung zum Switch weiter verwendet werden. Die Notwendigkeit dieser L\u00f6sung ergibt sich aus den geringen \u00dcbertragungsgeschwindigkeiten des bekannten HART-Protokolls. Die L\u00f6sung erm\u00f6glicht es auch, die Feldger\u00e4te in den Simulationsmodus f\u00fcr Feldtests und Proof-Tests zu versetzen, falls die Ger\u00e4te Teil von Safety Instrumented Functions sind.<\/p>\n<p>&nbsp;<\/p>\n<p><u>3. MiniCON Typ 8595 Steckverbinder von R. STAHL<\/u><br \/>\nBeschrieben als die einfachste, sicherste und zuverl\u00e4ssigste Art, die Ger\u00e4te mit Stromquellen, Datennetzen oder untereinander zu verbinden. Die Steckverbinder sind modular aufgebaut und lassen sich schnell und einfach an mehrere Ex-Zonen anpassen. Sie sind f\u00fcr Hot-Connections und Trennungen innerhalb eines explosionsgef\u00e4hrdeten Bereichs bestimmt, der als Zone 1 klassifiziert ist. Dieser Konnektor minimiert die Ausfallzeiten (er kann von nur einem Mitarbeiter w\u00e4hrend des Betriebs ausgetauscht werden: Hot Swap), eliminiert Fehler (die Konnektoren sind bereits im Werk montiert) und spart Geld, da er die Installationszeit reduziert, was zu einer schnelleren Inbetriebnahme und einer h\u00f6heren Anlagenverf\u00fcgbarkeit f\u00fchrt.<\/p>\n                <\/div>\n            <\/div>\n        <\/div>\n    <\/div>\n\n\n    <div id=\"imagetext_textvariation-block_62bc67459089b\" class=\"content-row content-row-textvariation     textvariation\">\n        <div class=\"contentPart-inner\">\n            <div class=\"contentPart-text\">\n                                                    <div class=\"subline trans\">\n                        Im Folgenden m\u00f6chten wir unsere pers\u00f6nlichen Erfahrungen \u00fcber diesen gro\u00dfartigen Tag schildern:                    <\/div>\n                            <\/div>\n                            <div class=\"contentPart-textbox width-50 textInput trans\">\n                    <p>Die Informationen, die in den Vortr\u00e4gen vermittelt wurden, waren eher oberfl\u00e4chlich, aber dennoch haben wir einige beeindruckende Menschen mit viel Erfahrung in ihren spezifischen Fachbereichen kennengelernt. Sie gaben uns einen anderen Blickwinkel auf die gleichen Themen, mit denen wir uns t\u00e4glich besch\u00e4ftigen. Eines der interessantesten Beispiele ist das hei\u00dfe Thema Wasserstoff als alternativer Kraftstoff. Sie lieferten uns neue Open-Source-Software und einen Ausgangspunkt f\u00fcr die L\u00f6sung von Problemen im Zusammenhang mit Wasserstoff, die uns immer h\u00e4ufiger begegnen.<\/p>\n<p>&nbsp;<\/p>\n<p>Dar\u00fcber hinaus sind wir auf einige interessante Punkte gesto\u00dfen, die das schw\u00e4chste Glied in der Prozesssicherheit betreffen, n\u00e4mlich das Prozesssicherheitsmanagement. Eines der wichtigsten Probleme bei den Managementsystemen ist das Mindset (auch Safety Mindset genannt).\u00a0Gegenw\u00e4rtig ist Sicherheit eine vom Management gesetzte Zielvorgabe, welche durch KPIs definiert ist und an die sich jeder Mitarbeiter halten muss. Um die Sicherheit zu verbessern und die Vision Zero, das Ziel, keine arbeitsbedingten Todesf\u00e4lle und Verletzungen zu verursachen, zu erreichen, muss die Sicherheit zu einer Grundeinstellung werden, die von allen Mitarbeitern des Unternehmens getragen wird.<\/p>\n                <\/div>\n                                        <div class=\"contentPart-textbox contentPart-textbox_2 textInput width-50 trans\">\n                    <p>Der Sinn der Vision Zero ist nicht, dass sie eine Sollvorgabe ist, sondern eine langfristige Zielsetzung. Wir sollten uns von dem Gedanken verabschieden, dass NULL ein Ziel sein sollte, da dies das Gesamtbild des Prozesses zur Erreichung dieses Ziels untergr\u00e4bt.<\/p>\n<p>&nbsp;<\/p>\n<p>Im Hinblick auf das Managementsystem f\u00fcr Anlagensicherheit erstellen die SIS-Experten (SIS = strukturierte Informationssammlung) aus den Niederlanden auf ihrer Plattform &#8222;NEN SIL platform&#8220; derzeit ein drittes Buch, welches sich mit den erforderlichen Kompetenzen von Personen befasst, die T\u00e4tigkeiten ausf\u00fchren, die unter den in der IEC 61511 beschriebenen Lebenszyklus der Anlagensicherheit fallen. Die beiden anderen B\u00fccher auf dieser Plattform besch\u00e4ftigen sich mit der Erstellung einer Risikomatrix und der Erstellung von Spezifikationen f\u00fcr Sicherheitsanforderungen.<\/p>\n                <\/div>\n                    <\/div>\n                    <\/div>\n\n\n    <div id=\"singletext-block_62bc67d1908a2\" class=\"content-row content-row-singletext  background_darken  singletext\">\n        <div class=\"contentPart-inner\">\n            <div class=\"contentPart-text width-100\">\n                <h2 class=\" content-row-headline trans\">\n                                    <\/h2>\n                <div class=\"contentPart-textbox textInput trans\">\n                    <p>Vielen Dank an dieser Stelle an unsere Gesch\u00e4ftsleitung und insbesondere Koen Mortelmans und Niels Ongkowidjojo daf\u00fcr, dass sie uns die M\u00f6glichkeit gegeben haben, uns in diesem Fachgebiet weiterzuentwickeln. Es war eine gelungene Veranstaltung.<\/p>\n<p>&nbsp;<\/p>\n<p>Jens Claessens und Simon Bogaerts, Antwerpen, Belgien<\/p>\n                <\/div>\n            <\/div>\n        <\/div>\n    <\/div>\n","protected":false},"excerpt":{"rendered":"","protected":false},"author":204,"featured_media":0,"parent":0,"menu_order":0,"comment_status":"closed","ping_status":"closed","template":"","meta":{"_acf_changed":false,"_cr_original_post":"4468","_cr_replace_post_id":"","_cr_replacing_post_id":"","footnotes":""},"class_list":["post-9193","page","type-page","status-publish","hentry"],"yoast_head":"<!-- This site is optimized with the Yoast SEO Premium plugin v26.8 (Yoast SEO v26.8) - https:\/\/yoast.com\/product\/yoast-seo-premium-wordpress\/ -->\n<title>NL0522_ATEX and Process Safety event | Orise<\/title>\n<meta name=\"description\" content=\"Als Einstieg in unseren Bericht \u00fcber diesen Tag m\u00f6chten wir einige der Innovationen vorstellen, auf die wir an diesem Tag gesto\u00dfen sind:\" \/>\n<meta name=\"robots\" content=\"index, follow, max-snippet:-1, max-image-preview:large, max-video-preview:-1\" \/>\n<link rel=\"canonical\" href=\"https:\/\/orise.com\/de\/nl0522_atex-and-process-safety-event\/\" \/>\n<meta property=\"og:locale\" content=\"de_DE\" \/>\n<meta property=\"og:type\" content=\"article\" \/>\n<meta property=\"og:title\" content=\"NL0522_ATEX and Process Safety event\" \/>\n<meta property=\"og:description\" content=\"Als Einstieg in unseren Bericht \u00fcber diesen Tag m\u00f6chten wir einige der Innovationen vorstellen, auf die wir an diesem Tag gesto\u00dfen sind:\" \/>\n<meta property=\"og:url\" content=\"https:\/\/orise.com\/de\/nl0522_atex-and-process-safety-event\/\" \/>\n<meta property=\"og:site_name\" content=\"Orise\" \/>\n<meta property=\"article:modified_time\" content=\"2023-10-20T10:50:16+00:00\" \/>\n<meta name=\"twitter:card\" content=\"summary_large_image\" \/>\n<script type=\"application\/ld+json\" class=\"yoast-schema-graph\">{\"@context\":\"https:\/\/schema.org\",\"@graph\":[{\"@type\":\"WebPage\",\"@id\":\"https:\/\/orise.com\/de\/nl0522_atex-and-process-safety-event\/\",\"url\":\"https:\/\/orise.com\/de\/nl0522_atex-and-process-safety-event\/\",\"name\":\"NL0522_ATEX and Process Safety event | Orise\",\"isPartOf\":{\"@id\":\"https:\/\/orise.com\/de\/#website\"},\"datePublished\":\"2022-06-29T14:55:53+00:00\",\"dateModified\":\"2023-10-20T10:50:16+00:00\",\"description\":\"Als Einstieg in unseren Bericht \u00fcber diesen Tag m\u00f6chten wir einige der Innovationen vorstellen, auf die wir an diesem Tag gesto\u00dfen sind:\",\"breadcrumb\":{\"@id\":\"https:\/\/orise.com\/de\/nl0522_atex-and-process-safety-event\/#breadcrumb\"},\"inLanguage\":\"de-DE\",\"potentialAction\":[{\"@type\":\"ReadAction\",\"target\":[\"https:\/\/orise.com\/de\/nl0522_atex-and-process-safety-event\/\"]}]},{\"@type\":\"BreadcrumbList\",\"@id\":\"https:\/\/orise.com\/de\/nl0522_atex-and-process-safety-event\/#breadcrumb\",\"itemListElement\":[{\"@type\":\"ListItem\",\"position\":1,\"name\":\"Home\",\"item\":\"https:\/\/orise.com\/de\/\"},{\"@type\":\"ListItem\",\"position\":2,\"name\":\"NL0522_ATEX and Process Safety event\"}]},{\"@type\":\"WebSite\",\"@id\":\"https:\/\/orise.com\/de\/#website\",\"url\":\"https:\/\/orise.com\/de\/\",\"name\":\"Orise\",\"description\":\"Unlock your full potential.\",\"publisher\":{\"@id\":\"https:\/\/orise.com\/de\/#organization\"},\"potentialAction\":[{\"@type\":\"SearchAction\",\"target\":{\"@type\":\"EntryPoint\",\"urlTemplate\":\"https:\/\/orise.com\/de\/?s={search_term_string}\"},\"query-input\":{\"@type\":\"PropertyValueSpecification\",\"valueRequired\":true,\"valueName\":\"search_term_string\"}}],\"inLanguage\":\"de-DE\"},{\"@type\":\"Organization\",\"@id\":\"https:\/\/orise.com\/de\/#organization\",\"name\":\"Orise\",\"url\":\"https:\/\/orise.com\/de\/\",\"logo\":{\"@type\":\"ImageObject\",\"inLanguage\":\"de-DE\",\"@id\":\"https:\/\/orise.com\/de\/#\/schema\/logo\/image\/\",\"url\":\"https:\/\/orise.com\/wp-content\/uploads\/sites\/71\/2025\/04\/cropped-Orise-Circle-Icon-Website-V1-1.png\",\"contentUrl\":\"https:\/\/orise.com\/wp-content\/uploads\/sites\/71\/2025\/04\/cropped-Orise-Circle-Icon-Website-V1-1.png\",\"width\":512,\"height\":512,\"caption\":\"Orise\"},\"image\":{\"@id\":\"https:\/\/orise.com\/de\/#\/schema\/logo\/image\/\"}}]}<\/script>\n<!-- \/ Yoast SEO Premium plugin. -->","yoast_head_json":{"title":"NL0522_ATEX and Process Safety event | Orise","description":"Als Einstieg in unseren Bericht \u00fcber diesen Tag m\u00f6chten wir einige der Innovationen vorstellen, auf die wir an diesem Tag gesto\u00dfen sind:","robots":{"index":"index","follow":"follow","max-snippet":"max-snippet:-1","max-image-preview":"max-image-preview:large","max-video-preview":"max-video-preview:-1"},"canonical":"https:\/\/orise.com\/de\/nl0522_atex-and-process-safety-event\/","og_locale":"de_DE","og_type":"article","og_title":"NL0522_ATEX and Process Safety event","og_description":"Als Einstieg in unseren Bericht \u00fcber diesen Tag m\u00f6chten wir einige der Innovationen vorstellen, auf die wir an diesem Tag gesto\u00dfen sind:","og_url":"https:\/\/orise.com\/de\/nl0522_atex-and-process-safety-event\/","og_site_name":"Orise","article_modified_time":"2023-10-20T10:50:16+00:00","twitter_card":"summary_large_image","schema":{"@context":"https:\/\/schema.org","@graph":[{"@type":"WebPage","@id":"https:\/\/orise.com\/de\/nl0522_atex-and-process-safety-event\/","url":"https:\/\/orise.com\/de\/nl0522_atex-and-process-safety-event\/","name":"NL0522_ATEX and Process Safety event | Orise","isPartOf":{"@id":"https:\/\/orise.com\/de\/#website"},"datePublished":"2022-06-29T14:55:53+00:00","dateModified":"2023-10-20T10:50:16+00:00","description":"Als Einstieg in unseren Bericht \u00fcber diesen Tag m\u00f6chten wir einige der Innovationen vorstellen, auf die wir an diesem Tag gesto\u00dfen sind:","breadcrumb":{"@id":"https:\/\/orise.com\/de\/nl0522_atex-and-process-safety-event\/#breadcrumb"},"inLanguage":"de-DE","potentialAction":[{"@type":"ReadAction","target":["https:\/\/orise.com\/de\/nl0522_atex-and-process-safety-event\/"]}]},{"@type":"BreadcrumbList","@id":"https:\/\/orise.com\/de\/nl0522_atex-and-process-safety-event\/#breadcrumb","itemListElement":[{"@type":"ListItem","position":1,"name":"Home","item":"https:\/\/orise.com\/de\/"},{"@type":"ListItem","position":2,"name":"NL0522_ATEX and Process Safety event"}]},{"@type":"WebSite","@id":"https:\/\/orise.com\/de\/#website","url":"https:\/\/orise.com\/de\/","name":"Orise","description":"Unlock your full potential.","publisher":{"@id":"https:\/\/orise.com\/de\/#organization"},"potentialAction":[{"@type":"SearchAction","target":{"@type":"EntryPoint","urlTemplate":"https:\/\/orise.com\/de\/?s={search_term_string}"},"query-input":{"@type":"PropertyValueSpecification","valueRequired":true,"valueName":"search_term_string"}}],"inLanguage":"de-DE"},{"@type":"Organization","@id":"https:\/\/orise.com\/de\/#organization","name":"Orise","url":"https:\/\/orise.com\/de\/","logo":{"@type":"ImageObject","inLanguage":"de-DE","@id":"https:\/\/orise.com\/de\/#\/schema\/logo\/image\/","url":"https:\/\/orise.com\/wp-content\/uploads\/sites\/71\/2025\/04\/cropped-Orise-Circle-Icon-Website-V1-1.png","contentUrl":"https:\/\/orise.com\/wp-content\/uploads\/sites\/71\/2025\/04\/cropped-Orise-Circle-Icon-Website-V1-1.png","width":512,"height":512,"caption":"Orise"},"image":{"@id":"https:\/\/orise.com\/de\/#\/schema\/logo\/image\/"}}]}},"acf":[],"_links":{"self":[{"href":"https:\/\/orise.com\/de\/wp-json\/wp\/v2\/pages\/9193","targetHints":{"allow":["GET"]}}],"collection":[{"href":"https:\/\/orise.com\/de\/wp-json\/wp\/v2\/pages"}],"about":[{"href":"https:\/\/orise.com\/de\/wp-json\/wp\/v2\/types\/page"}],"author":[{"embeddable":true,"href":"https:\/\/orise.com\/de\/wp-json\/wp\/v2\/users\/204"}],"replies":[{"embeddable":true,"href":"https:\/\/orise.com\/de\/wp-json\/wp\/v2\/comments?post=9193"}],"version-history":[{"count":10,"href":"https:\/\/orise.com\/de\/wp-json\/wp\/v2\/pages\/9193\/revisions"}],"predecessor-version":[{"id":9286,"href":"https:\/\/orise.com\/de\/wp-json\/wp\/v2\/pages\/9193\/revisions\/9286"}],"wp:attachment":[{"href":"https:\/\/orise.com\/de\/wp-json\/wp\/v2\/media?parent=9193"}],"curies":[{"name":"wp","href":"https:\/\/api.w.org\/{rel}","templated":true}]}}