{"id":9808,"date":"2022-07-21T10:52:07","date_gmt":"2022-07-21T10:52:07","guid":{"rendered":"https:\/\/orise.com\/?page_id=9808"},"modified":"2022-07-25T09:10:34","modified_gmt":"2022-07-25T09:10:34","slug":"nl0622_trainingbooth","status":"publish","type":"page","link":"https:\/\/orise.com\/de\/nl0622_trainingbooth\/","title":{"rendered":"NL0622_Training booth"},"content":{"rendered":"<div id=\"pageheader-block_61f8f35ff7c8f\" class=\"content-row content-row-pageheader  pageheader\">\n        <div class=\"contentPart-fixed\">\n        <div class=\"contentPart-inner\">\n            <div class=\"contentPart-text width-100\">\n                <h1>\n                                        Training Booth: von der Idee zur Umsetzung                                    <\/h1>\n                <h2 class=\"trans\">\n                                    <\/h2>\n                                            <\/div>\n        <\/div>\n    <\/div>\n    <div class=\"slidedown-button editor-hide\">\n        <span class=\"slidedown-label\">Mehr erfahren<\/span>\n        <img decoding=\"async\" src=\"https:\/\/orise.com\/wp-content\/themes\/ats-orise\/img\/doubble-arrow-down.svg\" alt=\"\"\n            class=\"slidedown-icon\">\n    <\/div>\n<\/div>\n\n\n    <div id=\"imagetext_textvariation-block_61f8f374f7c96\" class=\"content-row content-row-textvariation     textvariation\">\n        <div class=\"contentPart-inner\">\n            <div class=\"contentPart-text\">\n                                                    <div class=\"subline trans\">\n                        Irgendwann Anfang 2018 \u2013 Die allererste Idee                    <\/div>\n                            <\/div>\n                            <div class=\"contentPart-textbox width-50 textInput trans\">\n                    <p>Um ein anschauliches Toolbox-Meeting zu veranstalten, konnten wir bisher bereits einige Feldger\u00e4te einsetzen, die uns durch die Zusammenarbeit mit anderen Unternehmen \u00fcberlassen wurden. So konnten wir den jungen Ingenieuren auch das Innenleben einiger Messger\u00e4te zeigen \u2013 durch eine didaktische Vorstellung der Ger\u00e4te wird die Theorie dahinter leichter verst\u00e4ndlich.<\/p>\n<p>&nbsp;<\/p>\n<p>Dadurch, dass es sich um noch funktionierende Ger\u00e4te handelte und wir auch die Softwareseite der Messungen zeigen konnten, war die Pr\u00e4sentation f\u00fcr die Ingenieure interessanter. Wir haben ein HART-Modem an den Laptop angeschlossen, um die Signale zu parametrieren, zu simulieren und zu messen. Unabh\u00e4ngig von der Demonstration selbst war es m\u00f6glich, die Ger\u00e4te vollst\u00e4ndig einzurichten, Fehlersignale zu erzeugen, Tests durchzuf\u00fchren und die Fehlersuche zu \u00fcben. Wir konnten verschiedene Messprinzipien vergleichen, Einstellungen \u00fcberpr\u00fcfen, Datenbl\u00e4tter ausf\u00fcllen und visualisieren.<\/p>\n                <\/div>\n                                        <div class=\"contentPart-textbox contentPart-textbox_2 textInput width-50 trans\">\n                    <p>Kurzum, wer einmal damit gearbeitet hat, hat einen Mehrwert daraus gezogen. Aber ganz so einfach war diese Variante nicht: Ein Durchflussmesser wiegt leicht ein paar Kilo und braucht Strom, zudem werden ein Widerstand im Signalkreis und ein sogenannter \u201eFluke\u201c ben\u00f6tigt, bevor man mit dem Ger\u00e4t kommunizieren kann. Deshalb war es immer m\u00fchsam, auf die Schnelle etwas zu testen, und es entstand die Idee, diese Ger\u00e4te methodischer aufzubauen. Und nat\u00fcrlich macht ein Durchflussmesser auch mehr Spa\u00df, wenn er auch tats\u00e4chlich durchstr\u00f6mt wird.<\/p>\n                <\/div>\n                    <\/div>\n                    <\/div>\n\n\n\n    <div id=\"image_banner-block_62d91d7972e16\" class=\"content-row content-row-imagebanner trans  image_banner test\">\n                                                <img decoding=\"async\" src=\"https:\/\/orise.com\/wp-content\/uploads\/sites\/71\/2022\/07\/Booth_2018a.jpg?w=1920&#038;h=0&#038;crop=1\" alt=\"\" class=\"fullscreen\">\n            <\/div>\n\n\n\n    <div id=\"imagetext_textvariation-block_62bc67459089b\" class=\"content-row content-row-textvariation     textvariation\">\n        <div class=\"contentPart-inner\">\n            <div class=\"contentPart-text\">\n                                                    <div class=\"subline trans\">\n                        Sp\u00e4ter im Jahr 2018 \u2013 Management Pitch                    <\/div>\n                            <\/div>\n                            <div class=\"contentPart-textbox width-50 textInput trans\">\n                    <p>Mit der fortschreitendenden Ausarbeitung der Realisierung eines Demo-\/Testaufbaus kam der Vorschlag auf, die Bereiche Process &amp; Instrumentation, Automatisierung und Safety Integration einzubeziehen, um die enge Zusammenarbeit zwischen den verschiedenen Abteilungen und Bereichen zu verdeutlichen und zu ber\u00fccksichtigen.<\/p>\n<p>&nbsp;<\/p>\n<p>Folgende Themen sollten in der Anlage behandelt werden:<\/p>\n<ul>\n<li>E&amp;I: Technische Dokumentation, Auswahl der Instrumentierung, kleine bis komplexe Projekte<\/li>\n<li>Automatisierung: Einsatz verschiedener Systeme zur Demonstration unserer Systemunabh\u00e4ngigkeit, Darstellung und Visualisierung der Programmstruktur, Demonstration des Unterschieds zwischen gutem und schlechtem Alarmmanagement, P&amp;ID-Darstellung auf HMI, Batch-Prozesse.<\/li>\n<li>Funktionale Sicherheit: Aufbau von Sicherheitsschaltungen mit der M\u00f6glichkeit, Fehler zu simulieren, Sicherheitsdokumentation.<\/li>\n<li>Sonstiges: Verkn\u00fcpfung der Leitwarteneinrichtung (Brand Control Rooms), MES, CE, Maschinensicherheit, ATEX.<\/li>\n<\/ul>\n                <\/div>\n                                        <div class=\"contentPart-textbox contentPart-textbox_2 textInput width-50 trans\">\n                    <p>Wir sahen in diesem Aufbau einen Mehrwert darin, die Frage zu beantworten, wer PA Solutions eigentlich ist und was unsere F\u00e4higkeiten sind.<\/p>\n<p>&nbsp;<\/p>\n<p>Wir wollten aufzeigen, dass PA Solutions:<\/p>\n<ul>\n<li>ein Projekt von A bis Z abwickeln kann und dabei unsere Herangehensweise erl\u00e4utern.<\/li>\n<li>sowohl interne als auch externe Trainings f\u00fcr Ingenieure auf pragmatische Art und Weise anbieten kann.<\/li>\n<li>auf Messen, in Schulen und bei Seminaren Kunden und potenzielle Mitarbeiter ansprechen kann.<\/li>\n<\/ul>\n<p>&nbsp;<\/p>\n<p>&nbsp;<\/p>\n<p>Mit diesen Zielen im Hinterkopf wurde die Idee bei unserer Gesch\u00e4ftsleitung vorgestellt und dort gut aufgenommen. So machten wir den n\u00e4chsten Schritt zur weiteren Konkretisierung der Idee.<\/p>\n                <\/div>\n                    <\/div>\n                    <\/div>\n\n\n    <div id=\"imagetext_textvariation-block_62d8f66e72df7\" class=\"content-row content-row-textvariation     textvariation\">\n        <div class=\"contentPart-inner\">\n            <div class=\"contentPart-text\">\n                                                    <div class=\"subline trans\">\n                        Anfang 2019 \u2013 Projektcharta zur Verteidigung des Business Case                    <\/div>\n                            <\/div>\n                            <div class=\"contentPart-textbox width-50 textInput trans\">\n                    <p>F\u00fcr jedes interne Projekt, das wir durchf\u00fchren, erstellen wir eine Projektcharta, die den Zweck und die Ziele des Projekts sowie die Festlegung eines Projektteams, die Definition der Stakeholder, Meilensteine, Risiken, Kosten und den Projektansatz enth\u00e4lt.<\/p>\n<p>&nbsp;<\/p>\n<p>Die folgenden Ziele\/Anforderungen wurden genannt:<\/p>\n<ul>\n<li>Aufbau eines Demo-Setups, um Besucher auf (Schul-)Veranstaltungen anzusprechen und PAs M\u00f6glichkeiten zu pr\u00e4sentieren.<\/li>\n<li>Das Demo-Setup kann als Trainingsplattform f\u00fcr Neueinsteiger genutzt werden.<\/li>\n<li>Der Aufbau muss leicht zu transportieren sein.<\/li>\n<li>Es muss m\u00f6glich sein, einen Gro\u00dfteil unserer Kerngesch\u00e4fte und Kompetenzen auf eindrucksvolle Art und Weise zu demonstrieren.<\/li>\n<\/ul>\n                <\/div>\n                                        <div class=\"contentPart-textbox contentPart-textbox_2 textInput width-50 trans\">\n                    <p>Der folgende Projektansatz wurde festgelegt:<\/p>\n<ul>\n<li>Die Engineeringarbeiten werden von einem oder mehreren Studenten durchgef\u00fchrt, die von erfahrenen Ingenieuren unterst\u00fctzt werden.<\/li>\n<li>Die Ausr\u00fcstung (Instrumente, Ventile etc.) wird von den Anbietern gesponsert.<\/li>\n<li>Der Automatisierungsumfang wird von unseren eigenen Automatisierungsingenieuren an mehreren Systemen durchgef\u00fchrt.<\/li>\n<\/ul>\n<p>&nbsp;<\/p>\n<p>Die festgelegte Charta f\u00fchrte zu einem &#8222;Go&#8220; von Seiten unseres Managements, und so begann die Reise&#8230;<\/p>\n                <\/div>\n                    <\/div>\n                    <\/div>\n\n\n\n    <div id=\"image_banner-block_62d9214672e22\" class=\"content-row content-row-imagebanner trans  image_banner test\">\n                                                <img decoding=\"async\" src=\"https:\/\/orise.com\/wp-content\/uploads\/sites\/71\/2022\/07\/Booth_2019a.jpg?w=1920&#038;h=0&#038;crop=1\" alt=\"\" class=\"fullscreen\">\n            <\/div>\n\n\n\n    <div id=\"imagetext_textvariation-block_62d8f6dc72df8\" class=\"content-row content-row-textvariation     textvariation\">\n        <div class=\"contentPart-inner\">\n            <div class=\"contentPart-text\">\n                                                    <div class=\"subline trans\">\n                        2019\/2020 \u2013 Konzeptentwurf durch Studenten                    <\/div>\n                            <\/div>\n                            <div class=\"contentPart-textbox width-50 textInput trans\">\n                    <p>Das Konzeptdesign wurde weiterentwickelt, und die FRS (Functional Requirements Specification) wurde in Zusammenarbeit mit mehreren Ingenieurstudenten erstellt. Wir besuchten Messen, um uns inspirieren zu lassen und weitere Ideen zu sammeln, immer mit dem Gedanken im Hinterkopf, dass eine eigene Konstruktion realistisch (sprich: bezahlbar) sein musste. Wir besuchten die gro\u00dfen Messest\u00e4nde der wichtigsten internationalen Hersteller und lie\u00dfen uns inspirieren.<\/p>\n                <\/div>\n                                        <div class=\"contentPart-textbox contentPart-textbox_2 textInput width-50 trans\">\n                    <p>Nach einigem Suchen, Besuchen und zahlreichen E-Mails fanden wir schlie\u00dflich einen Maschinenbauer, der den Aufbau \u00fcbernehmen konnte. Das war keine leichte Aufgabe, da alles zu 100 % ma\u00dfgeschneidert sein sollte. Wir haben mit dem Unternehmen zusammen mehrfach Brainstormings vor Ort durchgef\u00fchrt (es f\u00fchlt sich tats\u00e4chlich seltsam an, mit Menschen an einem Tisch zu sitzen). Sie fanden unsere Idee gut, und so skizzierten und zeichneten wir immer weiter.<\/p>\n                <\/div>\n                    <\/div>\n                    <\/div>\n\n\n\n    <div id=\"image_banner-block_62d9229672e26\" class=\"content-row content-row-imagebanner trans  image_banner test\">\n                                                <img decoding=\"async\" src=\"https:\/\/orise.com\/wp-content\/uploads\/sites\/71\/2022\/07\/Booth_2019b.jpg?w=1920&#038;h=0&#038;crop=1\" alt=\"\" class=\"fullscreen\">\n            <\/div>\n\n\n\n    <div id=\"imagetext_textvariation-block_62d8f7c372dfb\" class=\"content-row content-row-textvariation     textvariation\">\n        <div class=\"contentPart-inner\">\n            <div class=\"contentPart-text\">\n                                                    <div class=\"subline trans\">\n                        Ende 2020: Neuausrichtung des Konzeptentwurfs                    <\/div>\n                            <\/div>\n                            <div class=\"contentPart-textbox width-50 textInput trans\">\n                    <p>Ende 2020 wurde das Konzept mit allen Abteilungen neu abgestimmt, was zu einer modularen Struktur f\u00fchrte, die alle Kompetenzen abdeckt:<\/p>\n<ul>\n<li>E&amp;I: Messprinzipien, Pr\u00fcfung, Engineering gem\u00e4\u00df verschiedener CAE-Softwaretools, Troubleshooting, HART-Kommunikation und Nutzung der AMS-Suite<\/li>\n<li>Automatisierung: S7-1500 als eigenst\u00e4ndige Hauptsteuerung, einschlie\u00dflich dezentraler E\/A, lokaler HMI, Thin Client, Server-Rack. Nutzung verschiedener Systeme auf virtuellen Maschinen und Kommunikationsm\u00f6glichkeiten zu anderen Ebenen wie PLS, Cloud etc.<\/li>\n<\/ul>\n                <\/div>\n                                        <div class=\"contentPart-textbox contentPart-textbox_2 textInput width-50 trans\">\n                    <p>&nbsp;<\/p>\n<ul>\n<li>Spezialisierungen:\n<ul>\n<li>Funktionale Sicherheit: Sicherheitsdokumente, Validierung und Proof Testing, Fehlersimulationen, S-PLC Programmierung in einer HIMA HIMatrix<\/li>\n<li>Maschinensicherheit: Einsatz von Schutzz\u00e4unen mit T\u00fcrkontakten, Einrichten eines Sicherheitsscanners<\/li>\n<li>Explosionssicherheit: EPD, Aufteilung in verschiedene Zonen und Simulation mit verschiedenen Produkten, Exi-Berechnungen<\/li>\n<\/ul>\n<\/li>\n<li>Digitalisierung: Cloud-Apps, Historians<\/li>\n<li>Prozess \/ SA: Alarmmanagement, HP-HMI<\/li>\n<\/ul>\n                <\/div>\n                    <\/div>\n                    <\/div>\n\n\n\n    <div id=\"image_banner-block_62d925f072e2b\" class=\"content-row content-row-imagebanner trans  image_banner test\">\n                                                <img decoding=\"async\" src=\"https:\/\/orise.com\/wp-content\/uploads\/sites\/71\/2022\/07\/Booth_2021b.jpg?w=1920&#038;h=0&#038;crop=1\" alt=\"\" class=\"fullscreen\">\n            <\/div>\n\n\n\n    <div id=\"imagetext_textvariation-block_62d8f6f572df9\" class=\"content-row content-row-textvariation     textvariation\">\n        <div class=\"contentPart-inner\">\n            <div class=\"contentPart-text\">\n                                                    <div class=\"subline trans\">\n                        April 2021                    <\/div>\n                            <\/div>\n                            <div class=\"contentPart-textbox width-50 textInput trans\">\n                    <p>Eine Bestellung wird an den Maschinenbauer geschickt. Wir waren gl\u00fccklich, denn bald w\u00fcrden wir etwas Greifbares haben. W\u00e4re da nicht die Tatsache, dass die ganze Welt mittlerweile immer mehr Plexiglas verwendet hatte. Zuf\u00e4llig das Material, mit dem wir arbeiten wollten. Wir brauchten besonders dicke Platten, denn der Wassertank am Boden sollte bis zu 300 l Wasser fassen. Der Zylinder ist aus dickwandigem Plexiglas gefertigt und hat ein Volumen von nicht weniger als 90 l.<\/p>\n                <\/div>\n                                        <div class=\"contentPart-textbox contentPart-textbox_2 textInput width-50 trans\">\n                    <p>Au\u00dferdem hatte der Maschinenbauer \u00fcberraschend interne Probleme aufgrund von Ausfallzeiten und begrenzten Ressourcen in seiner Werkstatt. W\u00e4hrend Zeichnungen sicher hinter einem Schreibtisch und einem Bildschirm angefertigt werden konnten, musste die Konstruktion durch mehrere Personen gemeinsam angefertigt werden.<\/p>\n<p>&nbsp;<\/p>\n<p>Die kommende Zeit war gepr\u00e4gt von Schwierigkeiten mit den Lieferanten, Transport, Konstruktion, Kommunikation, Krankheit und Ausfall. Kurzum: Es war eine Zeit, die wir schnell hinter uns lassen wollten.<\/p>\n                <\/div>\n                    <\/div>\n                    <\/div>\n\n\n    <div id=\"imagetext_textvariation-block_62d8f82172dfc\" class=\"content-row content-row-textvariation     textvariation\">\n        <div class=\"contentPart-inner\">\n            <div class=\"contentPart-text\">\n                                                    <div class=\"subline trans\">\n                        Irgendwann Anfang 2022                    <\/div>\n                            <\/div>\n                            <div class=\"contentPart-textbox width-50 textInput trans\">\n                    <p>Nachdem wir den Maschinenbauer wiederholt zu einer schnelleren Umsetzung angehalten hatten, statteten wir ihm einen Besuch ab. Auf diese Weise konnten wir zeigen, dass wir die Konstruktion wirklich brauchten, und wir konnten au\u00dferdem einige Bilder von den laufenden Arbeiten machen.<\/p>\n<p>&nbsp;<\/p>\n<p>Aber es gab noch einiges zu tun, und so forderten wir den Maschinenbauer auf, sich auf die restlichen Arbeiten zu konzentrieren. Nach einigen weiteren Problemen mit Materialien und falschen Bohrungen erhielten wir ein paar Wochen sp\u00e4ter den beruhigenden Anruf, dass der Stand so gut wie fertig sei. Wir durften zur Druckpr\u00fcfung gehen!<\/p>\n                <\/div>\n                                        <div class=\"contentPart-textbox contentPart-textbox_2 textInput width-50 trans\">\n                    <p>Vor\u00fcbergehend mit einem Frequenzregler an die Pumpe angeschlossen, erh\u00f6hten wir allm\u00e4hlich die Pumpendrehzahl und damit den Druck. Bei voller Drehzahl wurde ein Druck von knapp unter 6 bar gemessen, was f\u00fcr uns mehr als ausreichend war. Es wurden keinerlei Lecks, Risse oder Spr\u00fcnge festgestellt.<\/p>\n<p>&nbsp;<\/p>\n<p>Eine Woche sp\u00e4ter konnten wir die Konstruktion abholen. Alle Paneele waren fertig, und wir bekamen eine kurze Einweisung darin, wie die Zierblenden abgenommen und versetzt werden k\u00f6nnen und wie man die Rohre f\u00fcr den Transport leicht demontieren kann.<\/p>\n                <\/div>\n                    <\/div>\n                    <\/div>\n\n\n\n    <div id=\"image_banner-block_62d92a4c72e32\" class=\"content-row content-row-imagebanner trans  image_banner test\">\n                                                <img decoding=\"async\" src=\"https:\/\/orise.com\/wp-content\/uploads\/sites\/71\/2022\/07\/Booth_2022.jpg?w=1920&#038;h=0&#038;crop=1\" alt=\"\" class=\"fullscreen\">\n            <\/div>\n\n\n\n    <div id=\"imagetext_textvariation-block_62d8f84472dfd\" class=\"content-row content-row-textvariation     textvariation\">\n        <div class=\"contentPart-inner\">\n            <div class=\"contentPart-text\">\n                                                    <div class=\"subline trans\">\n                        Mitte 2022                    <\/div>\n                            <\/div>\n                            <div class=\"contentPart-textbox width-50 textInput trans\">\n                    <p>Der Training Booth befindet sich derzeit in Melsele, in unserem Vorf\u00fchrraum. Als n\u00e4chstes steht die Fertigstellung an:<\/p>\n<ul>\n<li>Die Steuerung bauen \u2013 diese ist bereits bestellt.<\/li>\n<li>Die Verkabelung \u2013 sie wird von unseren eigenen Ingenieuren durchgef\u00fchrt.<\/li>\n<\/ul>\n                <\/div>\n                                <\/div>\n                    <\/div>\n\n\n    <div id=\"singletext-block_62bc67d1908a2\" class=\"content-row content-row-singletext    singletext\">\n        <div class=\"contentPart-inner\">\n            <div class=\"contentPart-text width-100\">\n                <h2 class=\" content-row-headline trans\">\n                                    <\/h2>\n                <div class=\"contentPart-textbox textInput trans\">\n                    <p>Es dauert also nicht mehr lange, und unser Stand wird voll einsatzf\u00e4hig sein und unseren Ingenieuren helfen, unser komplettes Automatisierungsportfolio besser kennen zu lernen. Au\u00dferdem wird er ein Glanzst\u00fcck sein, mit dem wir unseren Kunden unsere F\u00e4higkeiten demonstrieren k\u00f6nnen.<\/p>\n<p>&nbsp;<\/p>\n<p>&nbsp;<\/p>\n<p>Wie hei\u00dft es in Belgien so sch\u00f6n, wenn man \u00fcberrascht ist: &#8222;Jawadde&#8220;. In diesem Sinne vielen Dank an alle, die gemeinsam an der Verwirklichung dieses gro\u00dfartigen Projekts gearbeitet haben.<\/p>\n<p>&nbsp;<\/p>\n<p>Steven Debelder, Antwerpen, Belgien<\/p>\n                <\/div>\n            <\/div>\n        <\/div>\n    <\/div>\n","protected":false},"excerpt":{"rendered":"","protected":false},"author":204,"featured_media":0,"parent":0,"menu_order":0,"comment_status":"closed","ping_status":"closed","template":"","meta":{"_acf_changed":false,"_cr_original_post":"","_cr_replace_post_id":"","_cr_replacing_post_id":"","footnotes":""},"class_list":["post-9808","page","type-page","status-publish","hentry"],"yoast_head":"<!-- This site is optimized with the Yoast SEO Premium plugin v26.8 (Yoast SEO v26.8) - https:\/\/yoast.com\/product\/yoast-seo-premium-wordpress\/ -->\n<title>NL0622_Training booth | Orise<\/title>\n<meta name=\"robots\" content=\"index, follow, max-snippet:-1, max-image-preview:large, max-video-preview:-1\" \/>\n<link rel=\"canonical\" href=\"https:\/\/orise.com\/de\/nl0622_trainingbooth\/\" \/>\n<meta property=\"og:locale\" content=\"de_DE\" \/>\n<meta property=\"og:type\" content=\"article\" \/>\n<meta property=\"og:title\" content=\"NL0622_Training booth\" \/>\n<meta property=\"og:url\" content=\"https:\/\/orise.com\/de\/nl0622_trainingbooth\/\" \/>\n<meta property=\"og:site_name\" content=\"Orise\" \/>\n<meta property=\"article:modified_time\" content=\"2022-07-25T09:10:34+00:00\" \/>\n<meta name=\"twitter:card\" content=\"summary_large_image\" \/>\n<script type=\"application\/ld+json\" class=\"yoast-schema-graph\">{\"@context\":\"https:\/\/schema.org\",\"@graph\":[{\"@type\":\"WebPage\",\"@id\":\"https:\/\/orise.com\/de\/nl0622_trainingbooth\/\",\"url\":\"https:\/\/orise.com\/de\/nl0622_trainingbooth\/\",\"name\":\"NL0622_Training booth | Orise\",\"isPartOf\":{\"@id\":\"https:\/\/orise.com\/de\/#website\"},\"datePublished\":\"2022-07-21T10:52:07+00:00\",\"dateModified\":\"2022-07-25T09:10:34+00:00\",\"breadcrumb\":{\"@id\":\"https:\/\/orise.com\/de\/nl0622_trainingbooth\/#breadcrumb\"},\"inLanguage\":\"de-DE\",\"potentialAction\":[{\"@type\":\"ReadAction\",\"target\":[\"https:\/\/orise.com\/de\/nl0622_trainingbooth\/\"]}]},{\"@type\":\"BreadcrumbList\",\"@id\":\"https:\/\/orise.com\/de\/nl0622_trainingbooth\/#breadcrumb\",\"itemListElement\":[{\"@type\":\"ListItem\",\"position\":1,\"name\":\"Home\",\"item\":\"https:\/\/orise.com\/de\/\"},{\"@type\":\"ListItem\",\"position\":2,\"name\":\"NL0622_Training booth\"}]},{\"@type\":\"WebSite\",\"@id\":\"https:\/\/orise.com\/de\/#website\",\"url\":\"https:\/\/orise.com\/de\/\",\"name\":\"Orise\",\"description\":\"Unlock your full potential.\",\"publisher\":{\"@id\":\"https:\/\/orise.com\/de\/#organization\"},\"potentialAction\":[{\"@type\":\"SearchAction\",\"target\":{\"@type\":\"EntryPoint\",\"urlTemplate\":\"https:\/\/orise.com\/de\/?s={search_term_string}\"},\"query-input\":{\"@type\":\"PropertyValueSpecification\",\"valueRequired\":true,\"valueName\":\"search_term_string\"}}],\"inLanguage\":\"de-DE\"},{\"@type\":\"Organization\",\"@id\":\"https:\/\/orise.com\/de\/#organization\",\"name\":\"Orise\",\"url\":\"https:\/\/orise.com\/de\/\",\"logo\":{\"@type\":\"ImageObject\",\"inLanguage\":\"de-DE\",\"@id\":\"https:\/\/orise.com\/de\/#\/schema\/logo\/image\/\",\"url\":\"https:\/\/orise.com\/wp-content\/uploads\/sites\/71\/2025\/04\/cropped-Orise-Circle-Icon-Website-V1-1.png\",\"contentUrl\":\"https:\/\/orise.com\/wp-content\/uploads\/sites\/71\/2025\/04\/cropped-Orise-Circle-Icon-Website-V1-1.png\",\"width\":512,\"height\":512,\"caption\":\"Orise\"},\"image\":{\"@id\":\"https:\/\/orise.com\/de\/#\/schema\/logo\/image\/\"}}]}<\/script>\n<!-- \/ Yoast SEO Premium plugin. -->","yoast_head_json":{"title":"NL0622_Training booth | Orise","robots":{"index":"index","follow":"follow","max-snippet":"max-snippet:-1","max-image-preview":"max-image-preview:large","max-video-preview":"max-video-preview:-1"},"canonical":"https:\/\/orise.com\/de\/nl0622_trainingbooth\/","og_locale":"de_DE","og_type":"article","og_title":"NL0622_Training booth","og_url":"https:\/\/orise.com\/de\/nl0622_trainingbooth\/","og_site_name":"Orise","article_modified_time":"2022-07-25T09:10:34+00:00","twitter_card":"summary_large_image","schema":{"@context":"https:\/\/schema.org","@graph":[{"@type":"WebPage","@id":"https:\/\/orise.com\/de\/nl0622_trainingbooth\/","url":"https:\/\/orise.com\/de\/nl0622_trainingbooth\/","name":"NL0622_Training booth | Orise","isPartOf":{"@id":"https:\/\/orise.com\/de\/#website"},"datePublished":"2022-07-21T10:52:07+00:00","dateModified":"2022-07-25T09:10:34+00:00","breadcrumb":{"@id":"https:\/\/orise.com\/de\/nl0622_trainingbooth\/#breadcrumb"},"inLanguage":"de-DE","potentialAction":[{"@type":"ReadAction","target":["https:\/\/orise.com\/de\/nl0622_trainingbooth\/"]}]},{"@type":"BreadcrumbList","@id":"https:\/\/orise.com\/de\/nl0622_trainingbooth\/#breadcrumb","itemListElement":[{"@type":"ListItem","position":1,"name":"Home","item":"https:\/\/orise.com\/de\/"},{"@type":"ListItem","position":2,"name":"NL0622_Training booth"}]},{"@type":"WebSite","@id":"https:\/\/orise.com\/de\/#website","url":"https:\/\/orise.com\/de\/","name":"Orise","description":"Unlock your full potential.","publisher":{"@id":"https:\/\/orise.com\/de\/#organization"},"potentialAction":[{"@type":"SearchAction","target":{"@type":"EntryPoint","urlTemplate":"https:\/\/orise.com\/de\/?s={search_term_string}"},"query-input":{"@type":"PropertyValueSpecification","valueRequired":true,"valueName":"search_term_string"}}],"inLanguage":"de-DE"},{"@type":"Organization","@id":"https:\/\/orise.com\/de\/#organization","name":"Orise","url":"https:\/\/orise.com\/de\/","logo":{"@type":"ImageObject","inLanguage":"de-DE","@id":"https:\/\/orise.com\/de\/#\/schema\/logo\/image\/","url":"https:\/\/orise.com\/wp-content\/uploads\/sites\/71\/2025\/04\/cropped-Orise-Circle-Icon-Website-V1-1.png","contentUrl":"https:\/\/orise.com\/wp-content\/uploads\/sites\/71\/2025\/04\/cropped-Orise-Circle-Icon-Website-V1-1.png","width":512,"height":512,"caption":"Orise"},"image":{"@id":"https:\/\/orise.com\/de\/#\/schema\/logo\/image\/"}}]}},"acf":[],"_links":{"self":[{"href":"https:\/\/orise.com\/de\/wp-json\/wp\/v2\/pages\/9808","targetHints":{"allow":["GET"]}}],"collection":[{"href":"https:\/\/orise.com\/de\/wp-json\/wp\/v2\/pages"}],"about":[{"href":"https:\/\/orise.com\/de\/wp-json\/wp\/v2\/types\/page"}],"author":[{"embeddable":true,"href":"https:\/\/orise.com\/de\/wp-json\/wp\/v2\/users\/204"}],"replies":[{"embeddable":true,"href":"https:\/\/orise.com\/de\/wp-json\/wp\/v2\/comments?post=9808"}],"version-history":[{"count":14,"href":"https:\/\/orise.com\/de\/wp-json\/wp\/v2\/pages\/9808\/revisions"}],"predecessor-version":[{"id":9832,"href":"https:\/\/orise.com\/de\/wp-json\/wp\/v2\/pages\/9808\/revisions\/9832"}],"wp:attachment":[{"href":"https:\/\/orise.com\/de\/wp-json\/wp\/v2\/media?parent=9808"}],"curies":[{"name":"wp","href":"https:\/\/api.w.org\/{rel}","templated":true}]}}