{"id":24624,"date":"2025-03-10T07:05:21","date_gmt":"2025-03-10T07:05:21","guid":{"rendered":"https:\/\/orise.com\/digital-products\/pid-optimizer\/"},"modified":"2026-03-27T07:21:30","modified_gmt":"2026-03-27T07:21:30","slug":"pid-optimizer","status":"publish","type":"page","link":"https:\/\/orise.com\/it\/digital-products\/pid-optimizer\/","title":{"rendered":"PID Optimizer"},"content":{"rendered":"<div id=\"pageheader-block_521e476a1a65fae0b62099d4b1db2bdf\" class=\"content-row content-row-pageheader background_darken pageheader\">\n        <div class=\"contentPart-fixed\">\n        <div class=\"contentPart-inner\">\n            <div class=\"contentPart-text width-100\">\n                <h1>\n                                        PID Optimizer                                    <\/h1>\n                <h2 class=\"trans\">\n                                    <\/h2>\n                                            <\/div>\n        <\/div>\n    <\/div>\n    <div class=\"slidedown-button editor-hide\">\n        <span class=\"slidedown-label\"><\/span>\n        <img decoding=\"async\" src=\"https:\/\/orise.com\/wp-content\/themes\/ats-orise\/img\/doubble-arrow-down.svg\" alt=\"\"\n            class=\"slidedown-icon\">\n    <\/div>\n<\/div>\n\n\n    <div id=\"textimage-block_afc05663c83dc44c6593ac888c67618a\" class=\"content-row content-row-textimage background_blue  textimage\">\n        <div class=\"contentPart-inner\">\n            <div class=\"contentPart-text width-50\">\n                <h2 class=\"trans text-blue \">\n                                                                <span class=\"headline_white\">Ottimizzazione di singoli e multipli controller PID interattivi <\/span>\n                                    <\/h2>\n                <div class=\"textInput trans\">\n                                            <p>&nbsp;<\/p>\n<p><span data-contrast=\"auto\">PID Optimizer \u00e8 il sintonizzatore di anelli PID facile da usare, che consente di regolare rapidamente ed efficacemente singoli loop PID e loop multipli interattivi.<\/span><span data-ccp-props=\"{&quot;134233117&quot;:false,&quot;134233118&quot;:false,&quot;335559738&quot;:240,&quot;335559739&quot;:240}\">\u00a0<\/span><\/p>\n<p><span data-contrast=\"auto\">Esempi di loop interattivi includono tutti i controller PID intorno alle colonne di distillazione, ai surriscaldatori nelle caldaie, ai forni (ad esempio in raffinerie ed etilene) e oltre.<\/span><span data-ccp-props=\"{&quot;134233117&quot;:false,&quot;134233118&quot;:false,&quot;335559738&quot;:240,&quot;335559739&quot;:240}\">\u00a0<\/span><\/p>\n<p><span data-contrast=\"auto\">La sintonizzazione viene effettuata sulla base di specifiche ingegneristiche, come il tracciamento ottimale o il rigetto dei disturbi con sovraelongazione minima o robustezza minima. Queste specifiche sono fondamentali per la stabilit\u00e0 e l&#8217;efficienza del processo.\u00a0<\/span><span data-ccp-props=\"{&quot;134233117&quot;:false,&quot;134233118&quot;:false,&quot;335559738&quot;:240,&quot;335559739&quot;:240}\">\u00a0<\/span><\/p>\n<p>&nbsp;<\/p>\n                                    <\/div>\n                                                    <div class=\"btnrow btnrow-light bold trans\"><a href=\"https:\/\/orise.com\/wp-content\/uploads\/sites\/71\/2026\/03\/Orise-Digital_PID-Optimizer_Sales-Flyer_EN_Web.pdf\" target=\"_blank\" class=\"animateAll\">Vedi il volantino in inglese<\/a><\/div>\n                            <\/div>\n            <div class=\"contentPart-image width-50 trans \">\n                                                    <img decoding=\"async\" src=\"https:\/\/orise.com\/wp-content\/uploads\/sites\/71\/2025\/03\/OperatorsAptiTuneLR.jpg?w=1024\" alt=\"\" class=\"textbildimg\">\n                            <\/div>\n        <\/div>\n    <\/div>\n\n\n    <div id=\"textimage-block_cbdf9dddebf046919eb8677aa2fadecd\" class=\"content-row content-row-textimage background_darken  textimage\">\n        <div class=\"contentPart-inner\">\n            <div class=\"contentPart-text width-50\">\n                <h2 class=\"trans text-blue \">\n                                            Nelle operazioni quotidiane, i controller PID:                                                         <\/h2>\n                <div class=\"textInput trans\">\n                                            <ul>\n<li><span data-contrast=\"auto\">Sono spesso impostati in modalit\u00e0 manuale o vengono messi in manuale durante grandi disturbi\u00a0<\/span><span data-ccp-props=\"{&quot;134233117&quot;:false,&quot;134233118&quot;:false,&quot;335559738&quot;:0,&quot;335559739&quot;:0}\">\u00a0<\/span><\/li>\n<li><span data-contrast=\"auto\">Causano oscillazioni del processo a causa di una cattiva sintonizzazione o strategie di controllo subottimali\u00a0<\/span><span data-ccp-props=\"{&quot;134233117&quot;:false,&quot;134233118&quot;:false,&quot;335559738&quot;:0,&quot;335559739&quot;:0}\">\u00a0<\/span><\/li>\n<li><span data-contrast=\"auto\">Le regole di sintonizzazione come Ziegler-Nichols, Lambda e Kappa-Tau danno risultati ragionevoli in molti casi\u00a0<\/span><span data-ccp-props=\"{&quot;134233117&quot;:false,&quot;134233118&quot;:false,&quot;335559738&quot;:0,&quot;335559739&quot;:0}\">\u00a0<\/span>\n<ul>\n<li><span data-contrast=\"auto\">Per i loop che hanno un impatto diretto sulla qualit\u00e0 del prodotto, sul consumo energetico o sulla produttivit\u00e0 complessiva dell&#8217;impianto, \u00e8 necessaria una sintonizzazione davvero ottimale. Per questo serve l&#8217;APC Suite di Orise.<\/span><span data-ccp-props=\"{&quot;134233117&quot;:false,&quot;134233118&quot;:false,&quot;335559738&quot;:0,&quot;335559739&quot;:0}\">\u00a0<\/span><\/li>\n<\/ul>\n<\/li>\n<li><span data-contrast=\"auto\">Sono sintonizzati tramite un lungo approccio di tentativi ed errori. Questo pu\u00f2 portare a lunghi tempi di avviamento per impianti completamente nuovi.\u00a0<\/span><span data-ccp-props=\"{&quot;134233117&quot;:false,&quot;134233118&quot;:false,&quot;335559738&quot;:0,&quot;335559739&quot;:0}\">\u00a0<\/span><\/li>\n<li><span data-contrast=\"auto\">Interagiscono tra loro, rappresentando una sfida per gli ingegneri di controllo<\/span><span data-ccp-props=\"{&quot;134233117&quot;:false,&quot;134233118&quot;:false,&quot;335559738&quot;:0,&quot;335559739&quot;:0}\">\u00a0<\/span><\/li>\n<\/ul>\n                                    <\/div>\n                                            <\/div>\n            <div class=\"contentPart-image width-50 trans \">\n                                                    <img decoding=\"async\" src=\"https:\/\/orise.com\/wp-content\/uploads\/sites\/71\/2025\/03\/PID.jpg?w=1024\" alt=\"\" class=\"textbildimg\">\n                            <\/div>\n        <\/div>\n    <\/div>\n\n\n    <div id=\"imagetext_textvariation-block_436cab6d0d3b7a2efab3fd7ee8ba8189\" class=\"content-row content-row-textvariation background_blue    textvariation\">\n        <div class=\"contentPart-inner\">\n            <div class=\"contentPart-text\">\n                                    <h2 class=\"text-blue content-row-headline trans\">\n                        I vantaggi di PID Optimizer:                     <\/h2>\n                                            <\/div>\n                            <div class=\"contentPart-textbox width-50 textInput trans\">\n                    <ul>\n<li><span data-contrast=\"auto\">Sintonizza i controller PID per un tracciamento ottimale del setpoint (tempo di salita, tempo di assestamento, energia) e\/o rigetto dei disturbi (tempo di assestamento, energia).\u00a0<\/span><span data-ccp-props=\"{&quot;134233117&quot;:false,&quot;134233118&quot;:false,&quot;335559738&quot;:0,&quot;335559739&quot;:0}\">\u00a0<\/span><\/li>\n<li><span data-contrast=\"auto\">Applica una sintonizzazione vincolata\u00a0<\/span><span data-ccp-props=\"{&quot;134233117&quot;:false,&quot;134233118&quot;:false,&quot;335559738&quot;:0,&quot;335559739&quot;:0}\">\u00a0<\/span>\n<ul>\n<li><span data-contrast=\"auto\">Ad esempio, massimo sovraelongazione, robustezza minima, guadagno ad alta frequenza, ecc. Sintonizzazione basata su dati di test in anello aperto e chiuso (introdotta nella versione 24.4)<\/span><span data-ccp-props=\"{&quot;134233117&quot;:false,&quot;134233118&quot;:false,&quot;335559738&quot;:0,&quot;335559739&quot;:0}\">\u00a0<\/span><\/li>\n<\/ul>\n<\/li>\n<li><span data-contrast=\"auto\">Potente identificazione dei modelli. Le interazioni tra i controller vengono identificate sulla base di dati di test a gradini.\u00a0<\/span><span data-ccp-props=\"{&quot;134233117&quot;:false,&quot;134233118&quot;:false,&quot;335559738&quot;:0,&quot;335559739&quot;:0}\">\u00a0<\/span>\n<ul>\n<li><span data-contrast=\"auto\">Ad esempio, tutte le interazioni tra i controller di una colonna di distillazione vengono modellate.<\/span><span data-ccp-props=\"{&quot;134233117&quot;:false,&quot;134233118&quot;:false,&quot;335559738&quot;:0,&quot;335559739&quot;:0}\">\u00a0<\/span><\/li>\n<\/ul>\n<\/li>\n<li><span data-contrast=\"auto\">Nessun bisogno di tentativi ed errori di &#8220;sintonizzazione al ribasso&#8221; con controller PID interattivi\u00a0<\/span><span data-ccp-props=\"{&quot;134233117&quot;:false,&quot;134233118&quot;:false,&quot;335559738&quot;:0,&quot;335559739&quot;:0}\">\u00a0<\/span><\/li>\n<\/ul>\n                <\/div>\n                                        <div class=\"contentPart-textbox contentPart-textbox_2 textInput width-50 trans\">\n                    <ul>\n<li><span data-contrast=\"auto\">Definisci massimo sovraelongazione, robustezza e tempo di assestamento come obiettivi di ottimizzazione\u00a0<\/span><span data-ccp-props=\"{&quot;134233117&quot;:false,&quot;134233118&quot;:false,&quot;335559738&quot;:0,&quot;335559739&quot;:0}\">\u00a0<\/span><\/li>\n<li><span data-contrast=\"auto\">PID Optimizer genera parametri PID per il tuo DCS\u00a0<\/span><span data-ccp-props=\"{&quot;134233117&quot;:false,&quot;134233118&quot;:false,&quot;335559738&quot;:0,&quot;335559739&quot;:0}\">\u00a0<\/span>\n<ul>\n<li><span data-contrast=\"auto\">Sono supportati tutti i modelli comuni di DCS e PLC\u00a0<\/span><span data-ccp-props=\"{&quot;134233117&quot;:false,&quot;134233118&quot;:false,&quot;335559738&quot;:0,&quot;335559739&quot;:0}\">\u00a0<\/span><\/li>\n<li><span data-contrast=\"auto\">Possono essere generati template per sistemi DCS\/PLC meno comuni o nuovi.<\/span><span data-ccp-props=\"{&quot;134233117&quot;:false,&quot;134233118&quot;:false,&quot;335559738&quot;:0,&quot;335559739&quot;:0}\">\u00a0<\/span><\/li>\n<\/ul>\n<\/li>\n<li><span data-contrast=\"auto\">Report automatici: Tieni traccia di tutte le attivit\u00e0 di sintonizzazione su ogni loop PID\u00a0<\/span><span data-ccp-props=\"{&quot;134233117&quot;:false,&quot;134233118&quot;:false,&quot;335559738&quot;:0,&quot;335559739&quot;:0}\">\u00a0<\/span><\/li>\n<li><span data-contrast=\"auto\">Sintonizza TUTTI i tuoi controller &#8220;a colpo sicuro&#8221;\u00a0<\/span><span data-ccp-props=\"{&quot;134233117&quot;:false,&quot;134233118&quot;:false,&quot;335559738&quot;:0,&quot;335559739&quot;:0}\">\u00a0<\/span><\/li>\n<li><span data-contrast=\"auto\">Schemi di licenza flessibili, adatti alle tue esigenze.<\/span><span data-ccp-props=\"{&quot;134233117&quot;:false,&quot;134233118&quot;:false,&quot;335559738&quot;:0,&quot;335559739&quot;:0}\">\u00a0<\/span><\/li>\n<\/ul>\n                <\/div>\n                    <\/div>\n                    <\/div>\n\n\n    <div id=\"singletext-block_c4ccaa9e55579e673a0c8d7a4a3fc403\" class=\"content-row content-row-singletext background_darken   singletext\">\n        <div class=\"contentPart-inner\">\n            <div class=\"contentPart-text width-100\">\n                <h2 class=\" content-row-headline trans\">\n                                    <\/h2>\n                <div class=\"contentPart-textbox textInput trans\">\n                    <h2 style=\"text-align: center\"><span class=\"TextRun SCXW147982400 BCX0\" lang=\"EN-US\" xml:lang=\"EN-US\" data-contrast=\"none\"><span class=\"NormalTextRun SCXW147982400 BCX0\" data-ccp-parastyle=\"heading 2\">Dai <\/span><span class=\"NormalTextRun SpellingErrorV2Themed SCXW147982400 BCX0\" data-ccp-parastyle=\"heading 2\">un&#8217;occhiata<\/span><span class=\"NormalTextRun SCXW147982400 BCX0\" data-ccp-parastyle=\"heading 2\"> al workflow di PID Optimizer<\/span><\/span><span class=\"EOP SCXW147982400 BCX0\" data-ccp-props=\"{&quot;134233117&quot;:false,&quot;134233118&quot;:false,&quot;134245418&quot;:true,&quot;134245529&quot;:true,&quot;335559738&quot;:299,&quot;335559739&quot;:299}\">\u00a0<\/span><\/h2>\n                <\/div>\n            <\/div>\n        <\/div>\n    <\/div>\n\n\n    <div id=\"video-block_dfb9a5a6e0b981da45edf347386df258\" class=\"content-row content-row-video trans video \">\n\n        <div class=\"contentPart-inner\">\n                            <iframe loading=\"lazy\" class=\"youtubeframe\" width=\"560\" height=\"315\" src=\"https:\/\/www.youtube-nocookie.com\/embed\/1dy0ao5fRs8?controls=0&#038;rel=0\" title=\"\" frameborder=\"0\" allow=\"\" allowfullscreen><\/iframe>\n                                <\/div>\n\n    <\/div>\n\n    <script>\n        $('.videocontentBTN input[type=\"checkbox\"]').prop('checked', true);\n    <\/script>\n\n\n    <div id=\"textboxgrid-block_faeac74776eecfb510ff6959a1c4780c\" class=\"content-row content-row-textboxgrid  background_blue textboxgrid  \">\n        <div class=\"contentPart-inner\">\n            <div class=\"contentPart-left\">\n                <div>\n                    <div class=\"contentPart-text\">\n                        <h2 class=\"content-row-headline trans\">\n                            Interessato a un&#8217;impressione completa di PID Optimizer?                          <\/h2>\n                    <\/div>\n\n                                            <div class=\"textboxgrid-leadin trans\">\n                            Provalo tu stesso scaricandolo gratuitamente qui:                         <\/div>\n                                    <\/div>\n\n                <div>\n                                            <div class=\"btnrow bold\"><a href=\"https:\/\/orise.com\/download-a-free-version-of-pid-optimizer-software\/\" class=\"animateAll\">Portami l\u00ec<\/a><\/div>\n                                                        <\/div>\n            <\/div>\n\n            <div class=\"textboxgrid-wrapper\">\n                                            <\/div>\n        <\/div>\n                    <\/div>\n\n\n    <div id=\"contactform-block_a80be37185e3d797038e70bf660db044\" class=\"content-row content-row-contactform  background_darken contactform\">\n        <div class=\"contentPart-inner\">\n\n            <div class=\"contentPart-text width-100\">\n                                    <h2 class=\"text-blue content-row-headline trans\">\n                        Prenota la tua demo oggi stesso:                     <\/h2>\n                            <\/div>\n\n            <div class=\"contactform-wrapper trans\">\n                                    <iframe src=\"https:\/\/go.atsautomation.com\/l\/651873\/2025-03-11\/h7r8zq\" class=\"form-iframe form-iframe-contactform\" data-cookieconsent=\"marketing\"><\/iframe>\n                            <\/div>\n\n        <\/div>\n    <\/div>\n","protected":false},"excerpt":{"rendered":"","protected":false},"author":465,"featured_media":0,"parent":19067,"menu_order":0,"comment_status":"closed","ping_status":"closed","template":"","meta":{"_acf_changed":false,"_cr_original_post":"","_cr_replace_post_id":"","_cr_replacing_post_id":"","footnotes":""},"class_list":["post-24624","page","type-page","status-publish","hentry"],"yoast_head":"<!-- This site is optimized with the Yoast SEO Premium plugin v26.8 (Yoast SEO v26.8) - https:\/\/yoast.com\/product\/yoast-seo-premium-wordpress\/ -->\n<title>PID Optimizer | Orise Digital<\/title>\n<meta name=\"description\" content=\"PID Optimizer \u00e8 il sintonizzatore di loop PID facile da usare che ti aiuta a regolare rapidamente ed efficacemente singoli loop PID e loop PID interagenti.\" \/>\n<meta name=\"robots\" content=\"index, follow, max-snippet:-1, max-image-preview:large, max-video-preview:-1\" \/>\n<link rel=\"canonical\" href=\"https:\/\/orise.com\/it\/digital-products\/pid-optimizer\/\" \/>\n<meta property=\"og:locale\" content=\"it_IT\" \/>\n<meta property=\"og:type\" content=\"article\" \/>\n<meta property=\"og:title\" content=\"PID Optimizer\" \/>\n<meta property=\"og:description\" content=\"PID Optimizer \u00e8 il sintonizzatore di loop PID facile da usare che ti aiuta a regolare rapidamente ed efficacemente singoli loop PID e loop PID interagenti.\" \/>\n<meta property=\"og:url\" content=\"https:\/\/orise.com\/it\/digital-products\/pid-optimizer\/\" \/>\n<meta property=\"og:site_name\" content=\"Orise\" \/>\n<meta property=\"article:modified_time\" content=\"2026-03-27T07:21:30+00:00\" \/>\n<meta name=\"twitter:card\" content=\"summary_large_image\" \/>\n<script type=\"application\/ld+json\" class=\"yoast-schema-graph\">{\"@context\":\"https:\/\/schema.org\",\"@graph\":[{\"@type\":\"WebPage\",\"@id\":\"https:\/\/orise.com\/it\/digital-products\/pid-optimizer\/\",\"url\":\"https:\/\/orise.com\/it\/digital-products\/pid-optimizer\/\",\"name\":\"PID Optimizer | Orise Digital\",\"isPartOf\":{\"@id\":\"https:\/\/orise.com\/it\/#website\"},\"datePublished\":\"2025-03-10T07:05:21+00:00\",\"dateModified\":\"2026-03-27T07:21:30+00:00\",\"description\":\"PID Optimizer \u00e8 il sintonizzatore di loop PID facile da usare che ti aiuta a regolare rapidamente ed efficacemente singoli loop PID e loop PID interagenti.\",\"breadcrumb\":{\"@id\":\"https:\/\/orise.com\/it\/digital-products\/pid-optimizer\/#breadcrumb\"},\"inLanguage\":\"it-IT\",\"potentialAction\":[{\"@type\":\"ReadAction\",\"target\":[\"https:\/\/orise.com\/it\/digital-products\/pid-optimizer\/\"]}]},{\"@type\":\"BreadcrumbList\",\"@id\":\"https:\/\/orise.com\/it\/digital-products\/pid-optimizer\/#breadcrumb\",\"itemListElement\":[{\"@type\":\"ListItem\",\"position\":1,\"name\":\"Home\",\"item\":\"https:\/\/orise.com\/it\/\"},{\"@type\":\"ListItem\",\"position\":2,\"name\":\"Digital Products\",\"item\":\"https:\/\/orise.com\/it\/digital-products\/\"},{\"@type\":\"ListItem\",\"position\":3,\"name\":\"PID Optimizer\"}]},{\"@type\":\"WebSite\",\"@id\":\"https:\/\/orise.com\/it\/#website\",\"url\":\"https:\/\/orise.com\/it\/\",\"name\":\"Orise\",\"description\":\"Unlock your full potential.\",\"publisher\":{\"@id\":\"https:\/\/orise.com\/it\/#organization\"},\"potentialAction\":[{\"@type\":\"SearchAction\",\"target\":{\"@type\":\"EntryPoint\",\"urlTemplate\":\"https:\/\/orise.com\/it\/?s={search_term_string}\"},\"query-input\":{\"@type\":\"PropertyValueSpecification\",\"valueRequired\":true,\"valueName\":\"search_term_string\"}}],\"inLanguage\":\"it-IT\"},{\"@type\":\"Organization\",\"@id\":\"https:\/\/orise.com\/it\/#organization\",\"name\":\"Orise\",\"url\":\"https:\/\/orise.com\/it\/\",\"logo\":{\"@type\":\"ImageObject\",\"inLanguage\":\"it-IT\",\"@id\":\"https:\/\/orise.com\/it\/#\/schema\/logo\/image\/\",\"url\":\"https:\/\/orise.com\/wp-content\/uploads\/sites\/71\/2025\/04\/cropped-Orise-Circle-Icon-Website-V1-1.png\",\"contentUrl\":\"https:\/\/orise.com\/wp-content\/uploads\/sites\/71\/2025\/04\/cropped-Orise-Circle-Icon-Website-V1-1.png\",\"width\":512,\"height\":512,\"caption\":\"Orise\"},\"image\":{\"@id\":\"https:\/\/orise.com\/it\/#\/schema\/logo\/image\/\"}}]}<\/script>\n<!-- \/ Yoast SEO Premium plugin. -->","yoast_head_json":{"title":"PID Optimizer | Orise Digital","description":"PID Optimizer \u00e8 il sintonizzatore di loop PID facile da usare che ti aiuta a regolare rapidamente ed efficacemente singoli loop PID e loop PID interagenti.","robots":{"index":"index","follow":"follow","max-snippet":"max-snippet:-1","max-image-preview":"max-image-preview:large","max-video-preview":"max-video-preview:-1"},"canonical":"https:\/\/orise.com\/it\/digital-products\/pid-optimizer\/","og_locale":"it_IT","og_type":"article","og_title":"PID Optimizer","og_description":"PID Optimizer \u00e8 il sintonizzatore di loop PID facile da usare che ti aiuta a regolare rapidamente ed efficacemente singoli loop PID e loop PID interagenti.","og_url":"https:\/\/orise.com\/it\/digital-products\/pid-optimizer\/","og_site_name":"Orise","article_modified_time":"2026-03-27T07:21:30+00:00","twitter_card":"summary_large_image","schema":{"@context":"https:\/\/schema.org","@graph":[{"@type":"WebPage","@id":"https:\/\/orise.com\/it\/digital-products\/pid-optimizer\/","url":"https:\/\/orise.com\/it\/digital-products\/pid-optimizer\/","name":"PID Optimizer | Orise Digital","isPartOf":{"@id":"https:\/\/orise.com\/it\/#website"},"datePublished":"2025-03-10T07:05:21+00:00","dateModified":"2026-03-27T07:21:30+00:00","description":"PID Optimizer \u00e8 il sintonizzatore di loop PID facile da usare che ti aiuta a regolare rapidamente ed efficacemente singoli loop PID e loop PID interagenti.","breadcrumb":{"@id":"https:\/\/orise.com\/it\/digital-products\/pid-optimizer\/#breadcrumb"},"inLanguage":"it-IT","potentialAction":[{"@type":"ReadAction","target":["https:\/\/orise.com\/it\/digital-products\/pid-optimizer\/"]}]},{"@type":"BreadcrumbList","@id":"https:\/\/orise.com\/it\/digital-products\/pid-optimizer\/#breadcrumb","itemListElement":[{"@type":"ListItem","position":1,"name":"Home","item":"https:\/\/orise.com\/it\/"},{"@type":"ListItem","position":2,"name":"Digital Products","item":"https:\/\/orise.com\/it\/digital-products\/"},{"@type":"ListItem","position":3,"name":"PID Optimizer"}]},{"@type":"WebSite","@id":"https:\/\/orise.com\/it\/#website","url":"https:\/\/orise.com\/it\/","name":"Orise","description":"Unlock your full potential.","publisher":{"@id":"https:\/\/orise.com\/it\/#organization"},"potentialAction":[{"@type":"SearchAction","target":{"@type":"EntryPoint","urlTemplate":"https:\/\/orise.com\/it\/?s={search_term_string}"},"query-input":{"@type":"PropertyValueSpecification","valueRequired":true,"valueName":"search_term_string"}}],"inLanguage":"it-IT"},{"@type":"Organization","@id":"https:\/\/orise.com\/it\/#organization","name":"Orise","url":"https:\/\/orise.com\/it\/","logo":{"@type":"ImageObject","inLanguage":"it-IT","@id":"https:\/\/orise.com\/it\/#\/schema\/logo\/image\/","url":"https:\/\/orise.com\/wp-content\/uploads\/sites\/71\/2025\/04\/cropped-Orise-Circle-Icon-Website-V1-1.png","contentUrl":"https:\/\/orise.com\/wp-content\/uploads\/sites\/71\/2025\/04\/cropped-Orise-Circle-Icon-Website-V1-1.png","width":512,"height":512,"caption":"Orise"},"image":{"@id":"https:\/\/orise.com\/it\/#\/schema\/logo\/image\/"}}]}},"acf":[],"_links":{"self":[{"href":"https:\/\/orise.com\/it\/wp-json\/wp\/v2\/pages\/24624","targetHints":{"allow":["GET"]}}],"collection":[{"href":"https:\/\/orise.com\/it\/wp-json\/wp\/v2\/pages"}],"about":[{"href":"https:\/\/orise.com\/it\/wp-json\/wp\/v2\/types\/page"}],"author":[{"embeddable":true,"href":"https:\/\/orise.com\/it\/wp-json\/wp\/v2\/users\/465"}],"replies":[{"embeddable":true,"href":"https:\/\/orise.com\/it\/wp-json\/wp\/v2\/comments?post=24624"}],"version-history":[{"count":3,"href":"https:\/\/orise.com\/it\/wp-json\/wp\/v2\/pages\/24624\/revisions"}],"predecessor-version":[{"id":35504,"href":"https:\/\/orise.com\/it\/wp-json\/wp\/v2\/pages\/24624\/revisions\/35504"}],"up":[{"embeddable":true,"href":"https:\/\/orise.com\/it\/wp-json\/wp\/v2\/pages\/19067"}],"wp:attachment":[{"href":"https:\/\/orise.com\/it\/wp-json\/wp\/v2\/media?parent=24624"}],"curies":[{"name":"wp","href":"https:\/\/api.w.org\/{rel}","templated":true}]}}