{"id":24924,"date":"2021-12-03T14:20:22","date_gmt":"2021-12-03T14:20:22","guid":{"rendered":"https:\/\/orise.com\/automation\/system-integration\/"},"modified":"2025-04-23T02:16:17","modified_gmt":"2025-04-23T02:16:17","slug":"system-integration","status":"publish","type":"page","link":"https:\/\/orise.com\/it\/system-integration\/","title":{"rendered":"System Integration"},"content":{"rendered":"<div id=\"pageheader-block_908454ffc74f9f3f9cf1fed7a0dec9f2\" class=\"content-row content-row-pageheader bg-base pageheader\">\n        <div class=\"contentPart-fixed\">\n        <div class=\"contentPart-inner\">\n            <div class=\"contentPart-text width-100\">\n                <h1>\n                                        Integrazione di Sistemi                                    <\/h1>\n                <h2 class=\"trans\">\n                                        Alte prestazioni grazie a un&#8217;integrazione OT senza soluzione di continuit\u00e0<br \/>\r\n                                    <\/h2>\n                                            <\/div>\n        <\/div>\n    <\/div>\n    <div class=\"slidedown-button editor-hide\">\n        <span class=\"slidedown-label\"><\/span>\n        <img decoding=\"async\" src=\"https:\/\/orise.com\/wp-content\/themes\/ats-orise\/img\/doubble-arrow-down.svg\" alt=\"\"\n            class=\"slidedown-icon\">\n    <\/div>\n<\/div>\n\n\n\n    <div id=\"image_banner-block_9d690a630f2d2e65cc0bac9a6ec4427f\" class=\"content-row content-row-imagebanner trans  image_banner test\">\n                                                <img decoding=\"async\" src=\"https:\/\/orise.com\/wp-content\/uploads\/sites\/71\/2021\/12\/Competencies-Automation-SystemIntegration.jpg?w=1920&#038;h=0&#038;crop=1\" alt=\"\" class=\"fullscreen\">\n            <\/div>\n\n\n\n    <div id=\"imagetext_textvariation-block_a7266e14e625d2885dbe16e73777d9e5\" class=\"content-row content-row-textvariation background_darken    textvariation\">\n        <div class=\"contentPart-inner\">\n            <div class=\"contentPart-text\">\n                                            <\/div>\n                            <div class=\"contentPart-textbox width-50 textInput trans\">\n                    <p>Il settore delle operazioni spesso presenta paesaggi di sistemi molto eterogenei, causando inflessibilit\u00e0, opacit\u00e0 e inefficienza. Con strati separati di tecnologia e fornitori diversi da macchina a macchina, un&#8217;integrazione fluida \u00e8 fondamentale per migliorare le prestazioni operative.<\/p>\n                <\/div>\n                                        <div class=\"contentPart-textbox contentPart-textbox_2 textInput width-50 trans\">\n                    <p>Pi\u00f9 i sistemi OT sono in grado di comunicare e informarsi a vicenda, pi\u00f9 diventa semplice migliorare l&#8217;efficienza, la qualit\u00e0, la flessibilit\u00e0 e la stabilit\u00e0.<\/p>\n                <\/div>\n                    <\/div>\n                    <\/div>\n\n\n<div id=\"manufacturing\" class=\"content-row anchortarget trans anchortarget\">\n    <h3 class=\"editorInfo\">#manufacturing<\/h3>\n<\/div>\n\n    <div id=\"textimage-block_5cc3b95bc33e5b5db22866f276b7281b\" class=\"content-row content-row-textimage bg-base  textimage\">\n        <div class=\"contentPart-inner\">\n            <div class=\"contentPart-text width-50\">\n                <h2 class=\"trans text-blue \">\n                                            Integrazione SAP e altro                                                        <\/h2>\n                <div class=\"textInput trans\">\n                                            <p>&nbsp;<\/p>\n<p>Oltre al livello OT,\u00a0<a class=\"text-link underline underline-offset-4 text-left\" title=\"null\" href=\"https:\/\/orise.com\/sap-support\/\" rel=\"noopener noreferrer\">Orise offre anche competenze in SAP<\/a>. Orise dispone di una capacit\u00e0 unica come partner SAP per i settori della tecnologia avanzata, tecnologia medicale, automotive, macchinari, plastica, produzione di processo e retail.<\/p>\n<p>Il team SAP di Orise fornisce consulenza SAP, supporto SAP, sviluppo SAP, manutenzione SAP, servizi di hosting e cloud SAP, tutto da un&#8217;unica fonte.<\/p>\n<p>I nostri esperti SAP interni sviluppano inoltre soluzioni innovative per ampliare le funzionalit\u00e0 SAP e migliorare l&#8217;integrazione del flusso di valore.<\/p>\n<p>&nbsp;<\/p>\n                                    <\/div>\n                                    <div class=\"btnrow btnrow-light bold trans\"><a href=\"https:\/\/orise.com\/sap\/sap-support\/\" class=\"animateAll\">SAP Support<\/a><\/div>\n                                            <\/div>\n            <div class=\"contentPart-image width-50 trans \">\n                                                    <img decoding=\"async\" src=\"https:\/\/orise.com\/wp-content\/uploads\/sites\/71\/2021\/12\/advanced-applications-sap-integration-e1639142986856.jpg?w=999\" alt=\"\" class=\"textbildimg\">\n                            <\/div>\n        <\/div>\n    <\/div>\n\n\n    <div id=\"imagetext_textvariation-block_7ad5bc025762e386d0ed88d8fd5d3159\" class=\"content-row content-row-textvariation background_darken    textvariation\">\n        <div class=\"contentPart-inner\">\n            <div class=\"contentPart-text\">\n                                    <h2 class=\"text-blue content-row-headline trans\">\n                        Integrazione dei sistemi operativi di tutta la piramide dell\u2019automazione<br \/>\r\n                    <\/h2>\n                                            <\/div>\n                            <div class=\"contentPart-textbox width-50 textInput trans\">\n                    <p>Orise \u00e8 il tuo partner indipendente con oltre 30 anni di esperienza nell&#8217;integrazione di sistemi OT per le industrie di processo e manifatturiere. Questo significa che conosciamo le soluzioni leader e lavoriamo con prodotti di diversi fornitori nello stack tecnologico industriale.<\/p>\n<p>&nbsp;<\/p>\n<p>&nbsp;<\/p>\n                <\/div>\n                                        <div class=\"contentPart-textbox contentPart-textbox_2 textInput width-50 trans\">\n                    <p>Offriamo l&#8217;intera gamma di integrazione dei sistemi OT \u2013 dal piano della fabbrica al sistema ERP:<\/p>\n<ul>\n<li>Progettazione hardware e sviluppo software<\/li>\n<li>Implementazione di sistemi di controllo della produzione (PCS), MES, DCS, SCADA, BMS (sistemi di gestione degli edifici)<\/li>\n<li>Fornitura di componenti (dispositivi MSR e DCS)<\/li>\n<li>Costruzione e assemblaggio di quadri elettrici<\/li>\n<li>Sicurezza dell&#8217;automazione<\/li>\n<\/ul>\n                <\/div>\n                    <\/div>\n                    <\/div>\n\n\n    <div id=\"textboxgrid-block_475ada13548791ecbc9c83bb0bc87bc3\" class=\"content-row content-row-textboxgrid  background_blue textboxgrid  gridbgimage\">\n        <div class=\"contentPart-inner\">\n            <div class=\"contentPart-left\">\n                <div>\n                    <div class=\"contentPart-text\">\n                        <h2 class=\"content-row-headline trans\">\n                            Orise \u00e8 il partner di scelta per le aziende leader per molte ragioni:                         <\/h2>\n                    <\/div>\n\n                                    <\/div>\n\n                <div>\n                                                        <\/div>\n            <\/div>\n\n            <div class=\"textboxgrid-wrapper\">\n                                    <div class=\"textboxgrid-colum textboxgrid-colum-l width-50\">\n                                                    <div class=\"textboxgrid-item trans\">\n                                <div class=\"textboxgrid-item-titel\">\n                                    <h2>\n                                                                                    Conoscenza delle normative e degli standard locali per progetti internazionali<br \/>\r\n<br \/>\r\n                                                                            <\/h2>\n                                <\/div>\n                                <div class=\"textboxgrid-item-content textInput\">\n                                                                    <\/div>\n                            <\/div>\n                                                    <div class=\"textboxgrid-item trans\">\n                                <div class=\"textboxgrid-item-titel\">\n                                    <h2>\n                                                                                    Competenza specifica nei settori automobilistico, chimico, alimentare, life sciences e oil &amp; gas                                                                            <\/h2>\n                                <\/div>\n                                <div class=\"textboxgrid-item-content textInput\">\n                                                                    <\/div>\n                            <\/div>\n                                            <\/div>\n                                                    <div class=\"textboxgrid-colum textboxgrid-colum-r width-50\">\n                                                    <div class=\"textboxgrid-item trans\">\n                                <div class=\"textboxgrid-item-titel\">\n                                    <h2>\n                                                                                    Consulenza obiettiva grazie all&#8217;indipendenza da hardware e software a ogni livello di automazione                                                                            <\/h2>\n                                <\/div>\n                                <div class=\"textboxgrid-item-content textInput\">\n                                                                    <\/div>\n                            <\/div>\n                                                    <div class=\"textboxgrid-item trans\">\n                                <div class=\"textboxgrid-item-titel\">\n                                    <h2>\n                                                                                    Ampia esperienza in tutti i livelli di automazione                                                                            <\/h2>\n                                <\/div>\n                                <div class=\"textboxgrid-item-content textInput\">\n                                                                    <\/div>\n                            <\/div>\n                                            <\/div>\n                            <\/div>\n        <\/div>\n                            <img decoding=\"async\" src=\"https:\/\/orise.com\/wp-content\/uploads\/sites\/71\/2021\/11\/pas-industry-bg-e1743670191922.jpg?w=1920&#038;h=0&#038;crop=1\" alt=\"\" class=\"textboxgrid-bg trans\">\n            <\/div>\n\n\n\n<div id=\"cta_mailinput-block_2de26e65a630197bd0be09292e3b19d4\"\n    class=\"content-row content-row-textimage content-row-cta_mailinput  cta_mailinput  No extra styling\">\n    <div class=\"contentPart-inner\">\n        <div class=\"contentPart-text trans\">\n            <h2>\n                                Come massimizzare la tua sicurezza informatica nella tecnologia operativa!                            <\/h2>\n                        <div class=\"textInput\">\n                Guarda il nostro webinar gratuito sul tema della &#8220;cyber security OT&#8221;. Scopri come le aziende hanno gi\u00e0 costruito con successo un&#8217;infrastruttura IT\/OT affidabile e sicura. Scopri dai nostri esperti come minimizzare i rischi con l&#8217;eccellenza nella convergenza IT\/OT.            <\/div>\n            \n                                                            <a href=\"https:\/\/www.gotostage.com\/channel\/b740dd00284444d6bbe23844b8e74e9f\/recording\/bc1e131f71fe4a11a9adb9c954b026f1\/watch?source=CHANNEL\" target=\"_blank\"\n                class=\"submitBTN\">Guarda il webinar on-demand<\/a>\n                        \n                    <\/div>\n        <div class=\"contentPart-image width-50 trans \">\n                                    <img decoding=\"async\" src=\"https:\/\/orise.com\/wp-content\/uploads\/sites\/71\/2021\/12\/webinar-cybersecurity.jpg?w=1000\" alt=\"\"\n                class=\"textbildimg\">\n                    <\/div>\n    <\/div>\n\n<\/div>\n\n\n    <div id=\"contactform-block_8be8a1c75faa85563d3764f1aaee8700\" class=\"content-row content-row-contactform  background_darken contactform\">\n        <div class=\"contentPart-inner\">\n\n            <div class=\"contentPart-text width-100\">\n                                    <h2 class=\"text-blue content-row-headline trans\">\n                        Vuoi saperne di pi\u00f9? <br \/>\r\nContatta i nostri esperti!                    <\/h2>\n                            <\/div>\n\n            <div class=\"contactform-wrapper trans\">\n                                    <iframe src=\"https:\/\/go.atsautomation.com\/l\/651873\/2025-03-11\/h7r911\" class=\"form-iframe form-iframe-contactform\" data-cookieconsent=\"marketing\"><\/iframe>\n                            <\/div>\n\n        <\/div>\n    <\/div>\n","protected":false},"excerpt":{"rendered":"","protected":false},"author":166,"featured_media":0,"parent":0,"menu_order":2,"comment_status":"closed","ping_status":"closed","template":"","meta":{"_acf_changed":false,"_cr_original_post":"1341","_cr_replace_post_id":"","_cr_replacing_post_id":"","footnotes":""},"class_list":["post-24924","page","type-page","status-publish","hentry"],"yoast_head":"<!-- This site is optimized with the Yoast SEO Premium plugin v26.8 (Yoast SEO v26.8) - https:\/\/yoast.com\/product\/yoast-seo-premium-wordpress\/ -->\n<title>System Integration | Orise<\/title>\n<meta name=\"description\" content=\"Raggiungi prestazioni ottimali delle operazioni di produzione attraverso un&#039;integrazione perfetta dei sistemi OT con Orise.\" \/>\n<meta name=\"robots\" content=\"index, follow, max-snippet:-1, max-image-preview:large, max-video-preview:-1\" \/>\n<link rel=\"canonical\" href=\"https:\/\/orise.com\/it\/system-integration\/\" \/>\n<meta property=\"og:locale\" content=\"it_IT\" \/>\n<meta property=\"og:type\" content=\"article\" \/>\n<meta property=\"og:title\" content=\"System Integration\" \/>\n<meta property=\"og:description\" content=\"Raggiungi prestazioni ottimali delle operazioni di produzione attraverso un&#039;integrazione perfetta dei sistemi OT con Orise.\" \/>\n<meta property=\"og:url\" content=\"https:\/\/orise.com\/it\/system-integration\/\" \/>\n<meta property=\"og:site_name\" content=\"Orise\" \/>\n<meta property=\"article:modified_time\" content=\"2025-04-23T02:16:17+00:00\" \/>\n<meta name=\"twitter:card\" content=\"summary_large_image\" \/>\n<script type=\"application\/ld+json\" class=\"yoast-schema-graph\">{\"@context\":\"https:\/\/schema.org\",\"@graph\":[{\"@type\":\"WebPage\",\"@id\":\"https:\/\/orise.com\/it\/system-integration\/\",\"url\":\"https:\/\/orise.com\/it\/system-integration\/\",\"name\":\"System Integration | Orise\",\"isPartOf\":{\"@id\":\"https:\/\/orise.com\/it\/#website\"},\"datePublished\":\"2021-12-03T14:20:22+00:00\",\"dateModified\":\"2025-04-23T02:16:17+00:00\",\"description\":\"Raggiungi prestazioni ottimali delle operazioni di produzione attraverso un'integrazione perfetta dei sistemi OT con Orise.\",\"breadcrumb\":{\"@id\":\"https:\/\/orise.com\/it\/system-integration\/#breadcrumb\"},\"inLanguage\":\"it-IT\",\"potentialAction\":[{\"@type\":\"ReadAction\",\"target\":[\"https:\/\/orise.com\/it\/system-integration\/\"]}]},{\"@type\":\"BreadcrumbList\",\"@id\":\"https:\/\/orise.com\/it\/system-integration\/#breadcrumb\",\"itemListElement\":[{\"@type\":\"ListItem\",\"position\":1,\"name\":\"Home\",\"item\":\"https:\/\/orise.com\/it\/\"},{\"@type\":\"ListItem\",\"position\":2,\"name\":\"System Integration\"}]},{\"@type\":\"WebSite\",\"@id\":\"https:\/\/orise.com\/it\/#website\",\"url\":\"https:\/\/orise.com\/it\/\",\"name\":\"Orise\",\"description\":\"Unlock your full potential.\",\"publisher\":{\"@id\":\"https:\/\/orise.com\/it\/#organization\"},\"potentialAction\":[{\"@type\":\"SearchAction\",\"target\":{\"@type\":\"EntryPoint\",\"urlTemplate\":\"https:\/\/orise.com\/it\/?s={search_term_string}\"},\"query-input\":{\"@type\":\"PropertyValueSpecification\",\"valueRequired\":true,\"valueName\":\"search_term_string\"}}],\"inLanguage\":\"it-IT\"},{\"@type\":\"Organization\",\"@id\":\"https:\/\/orise.com\/it\/#organization\",\"name\":\"Orise\",\"url\":\"https:\/\/orise.com\/it\/\",\"logo\":{\"@type\":\"ImageObject\",\"inLanguage\":\"it-IT\",\"@id\":\"https:\/\/orise.com\/it\/#\/schema\/logo\/image\/\",\"url\":\"https:\/\/orise.com\/wp-content\/uploads\/sites\/71\/2025\/04\/cropped-Orise-Circle-Icon-Website-V1-1.png\",\"contentUrl\":\"https:\/\/orise.com\/wp-content\/uploads\/sites\/71\/2025\/04\/cropped-Orise-Circle-Icon-Website-V1-1.png\",\"width\":512,\"height\":512,\"caption\":\"Orise\"},\"image\":{\"@id\":\"https:\/\/orise.com\/it\/#\/schema\/logo\/image\/\"}}]}<\/script>\n<!-- \/ Yoast SEO Premium plugin. -->","yoast_head_json":{"title":"System Integration | Orise","description":"Raggiungi prestazioni ottimali delle operazioni di produzione attraverso un'integrazione perfetta dei sistemi OT con Orise.","robots":{"index":"index","follow":"follow","max-snippet":"max-snippet:-1","max-image-preview":"max-image-preview:large","max-video-preview":"max-video-preview:-1"},"canonical":"https:\/\/orise.com\/it\/system-integration\/","og_locale":"it_IT","og_type":"article","og_title":"System Integration","og_description":"Raggiungi prestazioni ottimali delle operazioni di produzione attraverso un'integrazione perfetta dei sistemi OT con Orise.","og_url":"https:\/\/orise.com\/it\/system-integration\/","og_site_name":"Orise","article_modified_time":"2025-04-23T02:16:17+00:00","twitter_card":"summary_large_image","schema":{"@context":"https:\/\/schema.org","@graph":[{"@type":"WebPage","@id":"https:\/\/orise.com\/it\/system-integration\/","url":"https:\/\/orise.com\/it\/system-integration\/","name":"System Integration | Orise","isPartOf":{"@id":"https:\/\/orise.com\/it\/#website"},"datePublished":"2021-12-03T14:20:22+00:00","dateModified":"2025-04-23T02:16:17+00:00","description":"Raggiungi prestazioni ottimali delle operazioni di produzione attraverso un'integrazione perfetta dei sistemi OT con Orise.","breadcrumb":{"@id":"https:\/\/orise.com\/it\/system-integration\/#breadcrumb"},"inLanguage":"it-IT","potentialAction":[{"@type":"ReadAction","target":["https:\/\/orise.com\/it\/system-integration\/"]}]},{"@type":"BreadcrumbList","@id":"https:\/\/orise.com\/it\/system-integration\/#breadcrumb","itemListElement":[{"@type":"ListItem","position":1,"name":"Home","item":"https:\/\/orise.com\/it\/"},{"@type":"ListItem","position":2,"name":"System Integration"}]},{"@type":"WebSite","@id":"https:\/\/orise.com\/it\/#website","url":"https:\/\/orise.com\/it\/","name":"Orise","description":"Unlock your full potential.","publisher":{"@id":"https:\/\/orise.com\/it\/#organization"},"potentialAction":[{"@type":"SearchAction","target":{"@type":"EntryPoint","urlTemplate":"https:\/\/orise.com\/it\/?s={search_term_string}"},"query-input":{"@type":"PropertyValueSpecification","valueRequired":true,"valueName":"search_term_string"}}],"inLanguage":"it-IT"},{"@type":"Organization","@id":"https:\/\/orise.com\/it\/#organization","name":"Orise","url":"https:\/\/orise.com\/it\/","logo":{"@type":"ImageObject","inLanguage":"it-IT","@id":"https:\/\/orise.com\/it\/#\/schema\/logo\/image\/","url":"https:\/\/orise.com\/wp-content\/uploads\/sites\/71\/2025\/04\/cropped-Orise-Circle-Icon-Website-V1-1.png","contentUrl":"https:\/\/orise.com\/wp-content\/uploads\/sites\/71\/2025\/04\/cropped-Orise-Circle-Icon-Website-V1-1.png","width":512,"height":512,"caption":"Orise"},"image":{"@id":"https:\/\/orise.com\/it\/#\/schema\/logo\/image\/"}}]}},"acf":[],"_links":{"self":[{"href":"https:\/\/orise.com\/it\/wp-json\/wp\/v2\/pages\/24924","targetHints":{"allow":["GET"]}}],"collection":[{"href":"https:\/\/orise.com\/it\/wp-json\/wp\/v2\/pages"}],"about":[{"href":"https:\/\/orise.com\/it\/wp-json\/wp\/v2\/types\/page"}],"author":[{"embeddable":true,"href":"https:\/\/orise.com\/it\/wp-json\/wp\/v2\/users\/166"}],"replies":[{"embeddable":true,"href":"https:\/\/orise.com\/it\/wp-json\/wp\/v2\/comments?post=24924"}],"version-history":[{"count":2,"href":"https:\/\/orise.com\/it\/wp-json\/wp\/v2\/pages\/24924\/revisions"}],"predecessor-version":[{"id":25968,"href":"https:\/\/orise.com\/it\/wp-json\/wp\/v2\/pages\/24924\/revisions\/25968"}],"wp:attachment":[{"href":"https:\/\/orise.com\/it\/wp-json\/wp\/v2\/media?parent=24924"}],"curies":[{"name":"wp","href":"https:\/\/api.w.org\/{rel}","templated":true}]}}