{"id":24608,"date":"2025-03-10T07:33:13","date_gmt":"2025-03-10T07:33:13","guid":{"rendered":"https:\/\/orise.com\/digital-products\/mpc-platform\/"},"modified":"2026-03-27T07:22:37","modified_gmt":"2026-03-27T07:22:37","slug":"mpc-platform","status":"publish","type":"page","link":"https:\/\/orise.com\/nl\/digital-products\/mpc-platform\/","title":{"rendered":"MPC Platform"},"content":{"rendered":"<div id=\"pageheader-block_97596ffa7d13208f37df71158795d32d\" class=\"content-row content-row-pageheader background_darken pageheader\">\n        <div class=\"contentPart-fixed\">\n        <div class=\"contentPart-inner\">\n            <div class=\"contentPart-text width-100\">\n                <h1>\n                                        MPC Platform                                    <\/h1>\n                <h2 class=\"trans\">\n                                    <\/h2>\n                                            <\/div>\n        <\/div>\n    <\/div>\n    <div class=\"slidedown-button editor-hide\">\n        <span class=\"slidedown-label\"><\/span>\n        <img decoding=\"async\" src=\"https:\/\/orise.com\/wp-content\/themes\/ats-orise\/img\/doubble-arrow-down.svg\" alt=\"\"\n            class=\"slidedown-icon\">\n    <\/div>\n<\/div>\n\n\n    <div id=\"textimage-block_35b14ef7d7bb470e1e52410284015121\" class=\"content-row content-row-textimage background_blue  textimage\">\n        <div class=\"contentPart-inner\">\n            <div class=\"contentPart-text width-50\">\n                <h2 class=\"trans text-blue \">\n                                            De MPC Platform in een Notendop                                                         <\/h2>\n                <div class=\"textInput trans\">\n                                            <p><span data-contrast=\"auto\">MPC Platform is de APC-technologie waarmee operationele bedrijven duurzame voordelen kunnen genereren met een hoog rendement op investering (ROI) en lage total cost of ownership (TCO).<\/span><span data-ccp-props=\"{&quot;134233117&quot;:false,&quot;134233118&quot;:false,&quot;335559738&quot;:240,&quot;335559739&quot;:240}\">\u00a0<\/span><\/p>\n<p>&nbsp;<\/p>\n<p><span data-contrast=\"auto\">Het kan toepassingen aan, vari\u00ebrend van \u00e9\u00e9n enkele destillatiekolom tot een volledige ethyleenfabriek.\u00a0<\/span><span data-ccp-props=\"{&quot;134233117&quot;:false,&quot;134233118&quot;:false,&quot;335559738&quot;:240,&quot;335559739&quot;:240}\">\u00a0<\/span><\/p>\n                                    <\/div>\n                                                    <div class=\"btnrow btnrow-light bold trans\"><a href=\"https:\/\/orise.com\/wp-content\/uploads\/sites\/71\/2026\/03\/Orise-Digital_MPC-Platform_Sales-Flyer_EN_Web.pdf\" target=\"_blank\" class=\"animateAll\">Engelse Flyer Bekijken<\/a><\/div>\n                            <\/div>\n            <div class=\"contentPart-image width-50 trans \">\n                                                    <img decoding=\"async\" src=\"https:\/\/orise.com\/wp-content\/uploads\/sites\/71\/2025\/03\/Operator-APC-mpc-platform-page-2.png?w=800\" alt=\"\" class=\"textbildimg\">\n                            <\/div>\n        <\/div>\n    <\/div>\n\n\n    <div id=\"imagetext_textvariation-block_62c562c79321e9eccc05a959f996099f\" class=\"content-row content-row-textvariation background_darken    textvariation\">\n        <div class=\"contentPart-inner\">\n            <div class=\"contentPart-text\">\n                                    <h2 class=\"text-blue content-row-headline trans\">\n                        MPC Platform                     <\/h2>\n                                                    <div class=\"subline trans\">\n                        Een reeks tools die het eenvoudig maken om een APC-applicatie te ontwikkelen en in te zetten                    <\/div>\n                            <\/div>\n                            <div class=\"contentPart-textbox width-50 textInput trans\">\n                    <p><span data-contrast=\"auto\">De MPC Platform-software van Orise Digital cre\u00ebert waarde door de belangrijkste procesparameters continu online te optimaliseren in een gesloten lus, waardoor de fabriek elke minuut van elke dag, 24\/7, in de meest economische bedrijfsmodus blijft.<\/span><span data-ccp-props=\"{&quot;134233117&quot;:false,&quot;134233118&quot;:false,&quot;335559738&quot;:240,&quot;335559739&quot;:240}\">\u00a0<\/span><\/p>\n<p>&nbsp;<\/p>\n<p><span data-contrast=\"auto\">Om dit te bereiken voorspelt de MPC Platform het gedrag van de fabriek, houdt rekening met verstoringen en neemt alle fabrieksbeperkingen in overweging. Dit resulteert in:\u00a0<\/span><span data-ccp-props=\"{&quot;134233117&quot;:false,&quot;134233118&quot;:false,&quot;335559738&quot;:240,&quot;335559739&quot;:240}\">\u00a0<\/span><\/p>\n<p>&nbsp;<\/p>\n<ul>\n<li><span data-contrast=\"auto\">Minder slijtage van apparatuur dankzij verminderde procesoscillaties\u00a0<\/span><span data-ccp-props=\"{&quot;134233117&quot;:false,&quot;134233118&quot;:false,&quot;335559738&quot;:0,&quot;335559739&quot;:0}\">\u00a0<\/span><\/li>\n<li><span data-contrast=\"auto\">Minder alarmen\u00a0<\/span><span data-ccp-props=\"{&quot;134233117&quot;:false,&quot;134233118&quot;:false,&quot;335559738&quot;:0,&quot;335559739&quot;:0}\">\u00a0<\/span><\/li>\n<li><span data-contrast=\"auto\">Minder operatorinterventies\u00a0<\/span><span data-ccp-props=\"{&quot;134233117&quot;:false,&quot;134233118&quot;:false,&quot;335559738&quot;:0,&quot;335559739&quot;:0}\">\u00a0<\/span><\/li>\n<li><span data-contrast=\"auto\">Effici\u00ebntere fabrieksoperaties\u00a0<\/span><span data-ccp-props=\"{&quot;134233117&quot;:false,&quot;134233118&quot;:false,&quot;335559738&quot;:0,&quot;335559739&quot;:0}\">\u00a0<\/span>\n<ul>\n<li><span data-contrast=\"auto\">Hogere productie\u00a0<\/span><span data-ccp-props=\"{&quot;134233117&quot;:false,&quot;134233118&quot;:false,&quot;335559738&quot;:0,&quot;335559739&quot;:0}\">\u00a0<\/span><\/li>\n<li><span data-contrast=\"auto\">Minder specifiek energieverbruik\u00a0<\/span><span data-ccp-props=\"{&quot;134233117&quot;:false,&quot;134233118&quot;:false,&quot;335559738&quot;:0,&quot;335559739&quot;:0}\">\u00a0<\/span><\/li>\n<li><span data-contrast=\"auto\">Betere kwaliteitscontrole\u00a0<\/span><span data-ccp-props=\"{&quot;134233117&quot;:false,&quot;134233118&quot;:false,&quot;335559738&quot;:0,&quot;335559739&quot;:0}\">\u00a0<\/span><\/li>\n<li><span data-contrast=\"auto\">En meer<\/span><span data-ccp-props=\"{&quot;134233117&quot;:false,&quot;134233118&quot;:false,&quot;335559738&quot;:0,&quot;335559739&quot;:0}\">\u00a0<\/span><\/li>\n<\/ul>\n<\/li>\n<\/ul>\n                <\/div>\n                                        <div class=\"contentPart-textbox contentPart-textbox_2 textInput width-50 trans\">\n                    <h3><strong>APC Suite\u00a0<\/strong><\/h3>\n<ul>\n<li><b><span data-contrast=\"auto\">Acquire<\/span><\/b><span data-contrast=\"auto\">: Snelle en eenvoudige tool om gegevens te verzamelen vanuit uw DCS\u00a0<\/span><span data-ccp-props=\"{&quot;134233117&quot;:false,&quot;134233118&quot;:false,&quot;335559738&quot;:0,&quot;335559739&quot;:0}\">\u00a0<\/span><\/li>\n<li><b><span data-contrast=\"auto\">Discovery<\/span><\/b><span data-contrast=\"auto\">: Pakket waarmee u dynamische modellen kunt maken op basis van procesgegevens\u00a0<\/span><span data-ccp-props=\"{&quot;134233117&quot;:false,&quot;134233118&quot;:false,&quot;335559738&quot;:0,&quot;335559739&quot;:0}\">\u00a0<\/span>\n<ul>\n<li><span data-contrast=\"auto\">Mogelijkheid om a-priori kennis over het proces in de identificatiecases op te nemen (bijvoorbeeld: bekende gain-ratio\u2019s, bekende vertragingen, etc.)<\/span><span data-ccp-props=\"{&quot;134233117&quot;:false,&quot;134233118&quot;:false,&quot;335559738&quot;:0,&quot;335559739&quot;:0}\">\u00a0<\/span><\/li>\n<\/ul>\n<\/li>\n<li><b><span data-contrast=\"auto\">Architect<\/span><\/b><span data-contrast=\"auto\">: Offline configuratie- en simulatiepakket voor de ontwikkeling van MPC en soft sensors\u00a0<\/span><span data-ccp-props=\"{&quot;134233117&quot;:false,&quot;134233118&quot;:false,&quot;335559738&quot;:0,&quot;335559739&quot;:0}\">\u00a0<\/span><\/li>\n<li><b><span data-contrast=\"auto\">Runtime Environment<\/span><\/b><span data-contrast=\"auto\">: De MPC-controller die uw fabriek elke minuut optimaliseert\u00a0<\/span><span data-ccp-props=\"{&quot;134233117&quot;:false,&quot;134233118&quot;:false,&quot;335559738&quot;:0,&quot;335559739&quot;:0}\">\u00a0<\/span>\n<ul>\n<li><span data-contrast=\"auto\">De soft sensor schat nauwkeurig productkwaliteiten zoals concentraties, smeltstroom, deeltjesgrootteverdeling, allemaal in real-time<\/span><span data-ccp-props=\"{&quot;134233117&quot;:false,&quot;134233118&quot;:false,&quot;335559738&quot;:0,&quot;335559739&quot;:0}\">\u00a0<\/span><\/li>\n<\/ul>\n<\/li>\n<li><b><span data-contrast=\"auto\">Webviewer<\/span><\/b><span data-contrast=\"auto\">: Web-gebaseerde operator- en ingenieursinterface voor de besturingsapplicatie\u00a0<\/span><span data-ccp-props=\"{&quot;134233117&quot;:false,&quot;134233118&quot;:false,&quot;335559738&quot;:0,&quot;335559739&quot;:0}\">\u00a0<\/span>\n<ul>\n<li><span data-contrast=\"auto\">Toegangs- en autorisatieniveaus zijn rol gebaseerd en volledig configureerbaar<\/span><span data-ccp-props=\"{&quot;134233117&quot;:false,&quot;134233118&quot;:false,&quot;335559738&quot;:0,&quot;335559739&quot;:0}\">\u00a0<\/span><\/li>\n<\/ul>\n<\/li>\n<\/ul>\n                <\/div>\n                    <\/div>\n                    <\/div>\n\n\n    <div id=\"singletext-block_da5176260ffa6c202dd49987de131db5\" class=\"content-row content-row-singletext background_blue   singletext\">\n        <div class=\"contentPart-inner\">\n            <div class=\"contentPart-text width-100\">\n                <h2 class=\" content-row-headline trans\">\n                                    <\/h2>\n                <div class=\"contentPart-textbox textInput trans\">\n                    <h2 class=\"text-blue content-row-headline trans\"><span class=\"TextRun SCXW197662688 BCX0\" lang=\"NL-BE\" xml:lang=\"NL-BE\" data-contrast=\"none\"><span class=\"NormalTextRun SCXW197662688 BCX0\" data-ccp-parastyle=\"heading 2\">De <\/span><span class=\"NormalTextRun SCXW197662688 BCX0\" data-ccp-parastyle=\"heading 2\">Voordelen<\/span><span class=\"NormalTextRun SCXW197662688 BCX0\" data-ccp-parastyle=\"heading 2\"> van het <\/span><span class=\"NormalTextRun SCXW197662688 BCX0\" data-ccp-parastyle=\"heading 2\">Gebruik<\/span><span class=\"NormalTextRun SCXW197662688 BCX0\" data-ccp-parastyle=\"heading 2\"> van MPC Platform<\/span><\/span><span class=\"EOP SCXW197662688 BCX0\" data-ccp-props=\"{&quot;134233117&quot;:false,&quot;134233118&quot;:false,&quot;134245418&quot;:true,&quot;134245529&quot;:true,&quot;335559738&quot;:299,&quot;335559739&quot;:299}\">\u00a0<\/span><\/h2>\n<ul>\n<li><span data-contrast=\"auto\">Flexibel licentiesysteem (permanent, termijn)\u00a0<\/span><span data-ccp-props=\"{&quot;134233117&quot;:false,&quot;134233118&quot;:false,&quot;335559738&quot;:0,&quot;335559739&quot;:0}\">\u00a0<\/span><\/li>\n<li><span data-contrast=\"auto\">Bewezen technologie toegepast op ammoniak, ureum, salpeterzuur, ammoniumnitraat, CAN\/NPK\u00a0<\/span><span data-ccp-props=\"{&quot;134233117&quot;:false,&quot;134233118&quot;:false,&quot;335559738&quot;:0,&quot;335559739&quot;:0}\">\u00a0<\/span>\n<ul>\n<li><span data-contrast=\"auto\">Eerdere klanten zijn onder meer Yara wereldwijd, Sabic, Nutrien, Fatima, Engro, Fauji, OCI Nitrogen, Igsas, en meer<\/span><span data-ccp-props=\"{&quot;134233117&quot;:false,&quot;134233118&quot;:false,&quot;335559738&quot;:0,&quot;335559739&quot;:0}\">\u00a0<\/span><\/li>\n<\/ul>\n<\/li>\n<li><span data-contrast=\"auto\">Bewezen technologie voor petrochemische processen van BASF, Dussup, Ineos Phenol, Ineos Oxide, en meer\u00a0<\/span><span data-ccp-props=\"{&quot;134233117&quot;:false,&quot;134233118&quot;:false,&quot;335559738&quot;:0,&quot;335559739&quot;:0}\">\u00a0<\/span><\/li>\n<li><span data-contrast=\"auto\">Bewezen technologie op cementfabrieken via onze APC-partner voor cement: ES-Processing\u00a0<\/span><span data-ccp-props=\"{&quot;134233117&quot;:false,&quot;134233118&quot;:false,&quot;335559738&quot;:0,&quot;335559739&quot;:0}\">\u00a0<\/span><\/li>\n<li><span data-contrast=\"auto\">Intu\u00eftieve configuratie en gebruik\u00a0<\/span><span data-ccp-props=\"{&quot;134233117&quot;:false,&quot;134233118&quot;:false,&quot;335559738&quot;:0,&quot;335559739&quot;:0}\">\u00a0<\/span><\/li>\n<li><span data-contrast=\"auto\">Integreert met de meeste DCS- en PLC-systemen<\/span><span data-ccp-props=\"{&quot;134233117&quot;:false,&quot;134233118&quot;:false,&quot;335559738&quot;:0,&quot;335559739&quot;:0}\">\u00a0<\/span><\/li>\n<\/ul>\n                <\/div>\n            <\/div>\n        <\/div>\n    <\/div>\n\n\n    <div id=\"contactform-block_b117a032f6879ed74529b6785b85fcbb\" class=\"content-row content-row-contactform  background_darken contactform\">\n        <div class=\"contentPart-inner\">\n\n            <div class=\"contentPart-text width-100\">\n                                    <h2 class=\"text-blue content-row-headline trans\">\n                        Plan een Gratis Demo                     <\/h2>\n                            <\/div>\n\n            <div class=\"contactform-wrapper trans\">\n                                    <iframe src=\"https:\/\/go.atsautomation.com\/l\/651873\/2025-03-11\/h7r8zq\" class=\"form-iframe form-iframe-contactform\" data-cookieconsent=\"marketing\"><\/iframe>\n                            <\/div>\n\n        <\/div>\n    <\/div>\n","protected":false},"excerpt":{"rendered":"","protected":false},"author":465,"featured_media":0,"parent":24372,"menu_order":0,"comment_status":"closed","ping_status":"closed","template":"","meta":{"_acf_changed":false,"_cr_original_post":"","_cr_replace_post_id":"","_cr_replacing_post_id":"","footnotes":""},"class_list":["post-24608","page","type-page","status-publish","hentry"],"yoast_head":"<!-- This site is optimized with the Yoast SEO Premium plugin v26.8 (Yoast SEO v26.8) - https:\/\/yoast.com\/product\/yoast-seo-premium-wordpress\/ -->\n<title>MPC Platform | Orise Digital<\/title>\n<meta name=\"description\" content=\"Het MPC-platform van Orise is de APC-technologie waarmee operationele bedrijven duurzame voordelen kunnen cre\u00ebren met een hoog rendement en lage totale kosten.\" \/>\n<meta name=\"robots\" content=\"index, follow, max-snippet:-1, max-image-preview:large, max-video-preview:-1\" \/>\n<link rel=\"canonical\" href=\"https:\/\/orise.com\/nl\/digital-products\/mpc-platform\/\" \/>\n<meta property=\"og:locale\" content=\"nl_NL\" \/>\n<meta property=\"og:type\" content=\"article\" \/>\n<meta property=\"og:title\" content=\"MPC Platform\" \/>\n<meta property=\"og:description\" content=\"Het MPC-platform van Orise is de APC-technologie waarmee operationele bedrijven duurzame voordelen kunnen cre\u00ebren met een hoog rendement en lage totale kosten.\" \/>\n<meta property=\"og:url\" content=\"https:\/\/orise.com\/nl\/digital-products\/mpc-platform\/\" \/>\n<meta property=\"og:site_name\" content=\"Orise\" \/>\n<meta property=\"article:modified_time\" content=\"2026-03-27T07:22:37+00:00\" \/>\n<meta name=\"twitter:card\" content=\"summary_large_image\" \/>\n<script type=\"application\/ld+json\" class=\"yoast-schema-graph\">{\"@context\":\"https:\/\/schema.org\",\"@graph\":[{\"@type\":\"WebPage\",\"@id\":\"https:\/\/orise.com\/nl\/digital-products\/mpc-platform\/\",\"url\":\"https:\/\/orise.com\/nl\/digital-products\/mpc-platform\/\",\"name\":\"MPC Platform | Orise Digital\",\"isPartOf\":{\"@id\":\"https:\/\/orise.com\/nl\/#website\"},\"datePublished\":\"2025-03-10T07:33:13+00:00\",\"dateModified\":\"2026-03-27T07:22:37+00:00\",\"description\":\"Het MPC-platform van Orise is de APC-technologie waarmee operationele bedrijven duurzame voordelen kunnen cre\u00ebren met een hoog rendement en lage totale kosten.\",\"breadcrumb\":{\"@id\":\"https:\/\/orise.com\/nl\/digital-products\/mpc-platform\/#breadcrumb\"},\"inLanguage\":\"nl\",\"potentialAction\":[{\"@type\":\"ReadAction\",\"target\":[\"https:\/\/orise.com\/nl\/digital-products\/mpc-platform\/\"]}]},{\"@type\":\"BreadcrumbList\",\"@id\":\"https:\/\/orise.com\/nl\/digital-products\/mpc-platform\/#breadcrumb\",\"itemListElement\":[{\"@type\":\"ListItem\",\"position\":1,\"name\":\"Home\",\"item\":\"https:\/\/orise.com\/nl\/\"},{\"@type\":\"ListItem\",\"position\":2,\"name\":\"Digital Products\",\"item\":\"https:\/\/orise.com\/nl\/digital-products\/\"},{\"@type\":\"ListItem\",\"position\":3,\"name\":\"MPC Platform\"}]},{\"@type\":\"WebSite\",\"@id\":\"https:\/\/orise.com\/nl\/#website\",\"url\":\"https:\/\/orise.com\/nl\/\",\"name\":\"Orise\",\"description\":\"Unlock your full potential.\",\"publisher\":{\"@id\":\"https:\/\/orise.com\/nl\/#organization\"},\"potentialAction\":[{\"@type\":\"SearchAction\",\"target\":{\"@type\":\"EntryPoint\",\"urlTemplate\":\"https:\/\/orise.com\/nl\/?s={search_term_string}\"},\"query-input\":{\"@type\":\"PropertyValueSpecification\",\"valueRequired\":true,\"valueName\":\"search_term_string\"}}],\"inLanguage\":\"nl\"},{\"@type\":\"Organization\",\"@id\":\"https:\/\/orise.com\/nl\/#organization\",\"name\":\"Orise\",\"url\":\"https:\/\/orise.com\/nl\/\",\"logo\":{\"@type\":\"ImageObject\",\"inLanguage\":\"nl\",\"@id\":\"https:\/\/orise.com\/nl\/#\/schema\/logo\/image\/\",\"url\":\"https:\/\/orise.com\/wp-content\/uploads\/sites\/71\/2025\/04\/cropped-Orise-Circle-Icon-Website-V1-1.png\",\"contentUrl\":\"https:\/\/orise.com\/wp-content\/uploads\/sites\/71\/2025\/04\/cropped-Orise-Circle-Icon-Website-V1-1.png\",\"width\":512,\"height\":512,\"caption\":\"Orise\"},\"image\":{\"@id\":\"https:\/\/orise.com\/nl\/#\/schema\/logo\/image\/\"}}]}<\/script>\n<!-- \/ Yoast SEO Premium plugin. -->","yoast_head_json":{"title":"MPC Platform | Orise Digital","description":"Het MPC-platform van Orise is de APC-technologie waarmee operationele bedrijven duurzame voordelen kunnen cre\u00ebren met een hoog rendement en lage totale kosten.","robots":{"index":"index","follow":"follow","max-snippet":"max-snippet:-1","max-image-preview":"max-image-preview:large","max-video-preview":"max-video-preview:-1"},"canonical":"https:\/\/orise.com\/nl\/digital-products\/mpc-platform\/","og_locale":"nl_NL","og_type":"article","og_title":"MPC Platform","og_description":"Het MPC-platform van Orise is de APC-technologie waarmee operationele bedrijven duurzame voordelen kunnen cre\u00ebren met een hoog rendement en lage totale kosten.","og_url":"https:\/\/orise.com\/nl\/digital-products\/mpc-platform\/","og_site_name":"Orise","article_modified_time":"2026-03-27T07:22:37+00:00","twitter_card":"summary_large_image","schema":{"@context":"https:\/\/schema.org","@graph":[{"@type":"WebPage","@id":"https:\/\/orise.com\/nl\/digital-products\/mpc-platform\/","url":"https:\/\/orise.com\/nl\/digital-products\/mpc-platform\/","name":"MPC Platform | Orise Digital","isPartOf":{"@id":"https:\/\/orise.com\/nl\/#website"},"datePublished":"2025-03-10T07:33:13+00:00","dateModified":"2026-03-27T07:22:37+00:00","description":"Het MPC-platform van Orise is de APC-technologie waarmee operationele bedrijven duurzame voordelen kunnen cre\u00ebren met een hoog rendement en lage totale kosten.","breadcrumb":{"@id":"https:\/\/orise.com\/nl\/digital-products\/mpc-platform\/#breadcrumb"},"inLanguage":"nl","potentialAction":[{"@type":"ReadAction","target":["https:\/\/orise.com\/nl\/digital-products\/mpc-platform\/"]}]},{"@type":"BreadcrumbList","@id":"https:\/\/orise.com\/nl\/digital-products\/mpc-platform\/#breadcrumb","itemListElement":[{"@type":"ListItem","position":1,"name":"Home","item":"https:\/\/orise.com\/nl\/"},{"@type":"ListItem","position":2,"name":"Digital Products","item":"https:\/\/orise.com\/nl\/digital-products\/"},{"@type":"ListItem","position":3,"name":"MPC Platform"}]},{"@type":"WebSite","@id":"https:\/\/orise.com\/nl\/#website","url":"https:\/\/orise.com\/nl\/","name":"Orise","description":"Unlock your full potential.","publisher":{"@id":"https:\/\/orise.com\/nl\/#organization"},"potentialAction":[{"@type":"SearchAction","target":{"@type":"EntryPoint","urlTemplate":"https:\/\/orise.com\/nl\/?s={search_term_string}"},"query-input":{"@type":"PropertyValueSpecification","valueRequired":true,"valueName":"search_term_string"}}],"inLanguage":"nl"},{"@type":"Organization","@id":"https:\/\/orise.com\/nl\/#organization","name":"Orise","url":"https:\/\/orise.com\/nl\/","logo":{"@type":"ImageObject","inLanguage":"nl","@id":"https:\/\/orise.com\/nl\/#\/schema\/logo\/image\/","url":"https:\/\/orise.com\/wp-content\/uploads\/sites\/71\/2025\/04\/cropped-Orise-Circle-Icon-Website-V1-1.png","contentUrl":"https:\/\/orise.com\/wp-content\/uploads\/sites\/71\/2025\/04\/cropped-Orise-Circle-Icon-Website-V1-1.png","width":512,"height":512,"caption":"Orise"},"image":{"@id":"https:\/\/orise.com\/nl\/#\/schema\/logo\/image\/"}}]}},"acf":[],"_links":{"self":[{"href":"https:\/\/orise.com\/nl\/wp-json\/wp\/v2\/pages\/24608","targetHints":{"allow":["GET"]}}],"collection":[{"href":"https:\/\/orise.com\/nl\/wp-json\/wp\/v2\/pages"}],"about":[{"href":"https:\/\/orise.com\/nl\/wp-json\/wp\/v2\/types\/page"}],"author":[{"embeddable":true,"href":"https:\/\/orise.com\/nl\/wp-json\/wp\/v2\/users\/465"}],"replies":[{"embeddable":true,"href":"https:\/\/orise.com\/nl\/wp-json\/wp\/v2\/comments?post=24608"}],"version-history":[{"count":3,"href":"https:\/\/orise.com\/nl\/wp-json\/wp\/v2\/pages\/24608\/revisions"}],"predecessor-version":[{"id":35505,"href":"https:\/\/orise.com\/nl\/wp-json\/wp\/v2\/pages\/24608\/revisions\/35505"}],"up":[{"embeddable":true,"href":"https:\/\/orise.com\/nl\/wp-json\/wp\/v2\/pages\/24372"}],"wp:attachment":[{"href":"https:\/\/orise.com\/nl\/wp-json\/wp\/v2\/media?parent=24608"}],"curies":[{"name":"wp","href":"https:\/\/api.w.org\/{rel}","templated":true}]}}