{"id":7502,"date":"2021-12-04T10:52:29","date_gmt":"2021-12-04T10:52:29","guid":{"rendered":"https:\/\/orise.com\/?page_id=7502"},"modified":"2025-04-16T18:17:38","modified_gmt":"2025-04-16T18:17:38","slug":"automatisering","status":"publish","type":"page","link":"https:\/\/orise.com\/nl\/automatisering\/","title":{"rendered":"Proces Automatisering"},"content":{"rendered":"<div id=\"pageheader-block_6753c8280a10a70b7d617f6291d58638\" class=\"content-row content-row-pageheader bg-base\t\tcontent-row-pageheader-anchor   pageheader\">\n        <div class=\"contentPart-fixed\">\n        <div class=\"contentPart-inner\">\n            <div class=\"contentPart-text width-100\">\n                <h1>\n                                        Proces automatisering                                     <\/h1>\n                <h2 class=\"trans\">\n                                        Industri\u00eble engineering uit \u00e9\u00e9n hand.                                    <\/h2>\n                                                <div class=\"anchor_links-wrapper trans\">\n                                        <div class=\"anchor_link-item trans\">\n                        <div class=\"anchor_link-item-inner\">\n                            <a class=\"anchorlink\" data-subtab=\"0\"\n                                data-anchor=\"#manufacturing\"\n                                href=\"#\">Engineering<\/a>\n                        <\/div>\n                    <\/div>\n                                        <div class=\"anchor_link-item trans\">\n                        <div class=\"anchor_link-item-inner\">\n                            <a class=\"anchorlink\" data-subtab=\"1\"\n                                data-anchor=\"#manufacturing\"\n                                href=\"#\">Systeemintegratie<\/a>\n                        <\/div>\n                    <\/div>\n                                        <div class=\"anchor_link-item trans\">\n                        <div class=\"anchor_link-item-inner\">\n                            <a class=\"anchorlink\" data-subtab=\"2\"\n                                data-anchor=\"#manufacturing\"\n                                href=\"#\">MES &amp; Productiebesturing<\/a>\n                        <\/div>\n                    <\/div>\n                                        <div class=\"anchor_link-item trans\">\n                        <div class=\"anchor_link-item-inner\">\n                            <a class=\"anchorlink\" data-subtab=\"3\"\n                                data-anchor=\"#manufacturing\"\n                                href=\"#\">Automatiseringsoplossingen<\/a>\n                        <\/div>\n                    <\/div>\n                                    <\/div>\n                            <\/div>\n        <\/div>\n    <\/div>\n    <div class=\"slidedown-button editor-hide\">\n        <span class=\"slidedown-label\"><\/span>\n        <img decoding=\"async\" src=\"https:\/\/orise.com\/wp-content\/themes\/ats-orise\/img\/doubble-arrow-down.svg\" alt=\"\"\n            class=\"slidedown-icon\">\n    <\/div>\n<\/div>\n\n\n\n    <div id=\"image_banner-block_b3bd053ff366e4e4a70569e50df0f14b\" class=\"content-row content-row-imagebanner trans  image_banner test\">\n                                                <img decoding=\"async\" src=\"https:\/\/orise.com\/wp-content\/uploads\/sites\/71\/2021\/12\/Competencies-Automation2.jpg?w=1920&#038;h=0&#038;crop=1\" alt=\"\" class=\"fullscreen\">\n            <\/div>\n\n\n\n    <div id=\"imagetext_textvariation-block_613f799b3ebdc446ad109718557cdb40\" class=\"content-row content-row-textvariation  background_darken   textvariation\">\n        <div class=\"contentPart-inner\">\n            <div class=\"contentPart-text\">\n                                            <\/div>\n                            <div class=\"contentPart-textbox width-50 textInput trans\">\n                    <p>Het industri\u00eble internet of things (IIoT), industrie 4.0 en technologie\u00ebn voor de slimme fabriek stuwen industri\u00eble automatisering naar het volgende niveau van digitalisering.<\/p>\n                <\/div>\n                                        <div class=\"contentPart-textbox contentPart-textbox_2 textInput width-50 trans\">\n                    <p>Met geavanceerde automatiseringsoplossingen kunnen industri\u00eble bedrijven de toch al schaarse arbeidskrachten beperken en de productiviteit en bewaking bij industri\u00eble activiteiten optimaliseren.<\/p>\n                <\/div>\n                    <\/div>\n                    <\/div>\n\n\n<div id=\"manufacturing\" class=\"content-row anchortarget trans anchortarget\">\n    <h3 class=\"editorInfo\">#manufacturing<\/h3>\n<\/div>\n\n    <div id=\"tabs-block_1ee61a220eb82b9391c432476f720355\" class=\"content-row content-row-tabs bg-base tabs\">\n        <div class=\"contentPart-inner\">\n            <div class=\"contentPart-text width-100\">\n                                    <h2 class=\"text-blue content-row-headline trans\">\n                        Orise-aanbod voor alle soorten industri\u00eble automatisering en projecten van elke omvang                    <\/h2>\n                                                    <div class=\"tabteaser trans\">\n                        Vanuit een totaalbenadering automatiseren wij proces- en productie-installaties in uiteenlopende branches met behulp van de meest geavanceerde beschikbare procesbesturingssystemen of SCADA-oplossingen. Of u actief bent in de maakindustrie, complexe batchproducties uitvoert of installaties voor continue processen met de hoogste veiligheids- en beschikbaarheidseisen exploiteert, wij zijn uw partner.                    <\/div>\n                            <\/div>\n                            <div class=\"tabs-wrapper trans\">\n                                            <div class=\"tab-item animateAll\">\n                            <div class=\"tab-titel\">\n                                Engineering.                            <\/div>\n                            <div class=\"tab-content\">\n                                <div class=\"tab-text\">\n                                    <p>Als onafhankelijke specialist biedt Orise engineeringservices op maat, van advies en conceptueel ontwerp via alle ontwerpfasen tot en met constructiemanagement en inbedrijfstelling.<\/p>\n                                                                            <div class=\"btnrow btnrow-light bold trans\"><a href=\"https:\/\/orise.com\/nl\/automatisering\/engineering\/\" class=\"animateAll\">Meer lezen<\/a><\/div>\n                                                                                                        <\/div>\n                            <\/div>\n                        <\/div>\n                                            <div class=\"tab-item animateAll\">\n                            <div class=\"tab-titel\">\n                                Systeemintegratie.                            <\/div>\n                            <div class=\"tab-content\">\n                                <div class=\"tab-text\">\n                                    <p>Wij leveren een totaalaanbod voor OT-systeemintegratie, van de werkvloer, PLC, DCS, BMS en MES tot en met het ERP-systeem. Orise zorgt voor de migratie van oude systemen, systeemuitbreidingen, nieuwe systemen en optimalisaties.<\/p>\n                                                                            <div class=\"btnrow btnrow-light bold trans\"><a href=\"https:\/\/orise.com\/nl\/systeemintegratie\/\" class=\"animateAll\">Meer lezen<\/a><\/div>\n                                                                                                        <\/div>\n                            <\/div>\n                        <\/div>\n                                            <div class=\"tab-item animateAll\">\n                            <div class=\"tab-titel\">\n                                MES &amp; Productiebesturing.                            <\/div>\n                            <div class=\"tab-content\">\n                                <div class=\"tab-text\">\n                                    <p>Orise is uw partner voor MES. Wij bieden oplossingen voor een optimale productiebesturing en een naadloze integratie in het systeemlandschap.<\/p>\n                                                                            <div class=\"btnrow btnrow-light bold trans\"><a href=\"https:\/\/orise.com\/nl\/mes-productiebesturing\/\" class=\"animateAll\">Meer lezen<\/a><\/div>\n                                                                                                        <\/div>\n                            <\/div>\n                        <\/div>\n                                            <div class=\"tab-item animateAll\">\n                            <div class=\"tab-titel\">\n                                Automatiseringsoplossingen.                            <\/div>\n                            <div class=\"tab-content\">\n                                <div class=\"tab-text\">\n                                    <p>Cyberbeveiliging, veiligheid, energiebeheer, kwaliteitsmanagement, krachtige HMI en virtuele engineering. Orise biedt een brede portfolio van oplossingen voor automatisering.<\/p>\n                                                                                                        <\/div>\n                            <\/div>\n                        <\/div>\n                                    <\/div>\n                    <\/div>\n    <\/div>\n\n\n    <div id=\"singletext-block_facba460b63bf9423e8b2c7e804137c5\" class=\"content-row content-row-singletext background_blue   singletext\">\n        <div class=\"contentPart-inner\">\n            <div class=\"contentPart-text width-100\">\n                <h2 class=\" content-row-headline trans\">\n                                    <\/h2>\n                <div class=\"contentPart-textbox textInput trans\">\n                    <h3><strong>Waarom is Orise de partner van uw keuze voor industri\u00eble automatisering<\/strong><\/h3>\n<p>&nbsp;<\/p>\n<p>Of het nu gaat om een totaaloplossing of afzonderlijke services, wij werken naadloos en zonder interfaces. Wij hebben duurzame banden met alle grote fabrikanten en zijn een gecertificeerde leverancier van oplossingen.<\/p>\n<p>Ondanks deze nauwe samenwerkingen blijven wij systeemonafhankelijk, zodat wij onze klanten altijd de beste oplossing kunnen bieden. Deze manier van werken in combinatie met onze expertise en ervaring maakt ons tot de automatiseringspartner bij uitstek voor proces- en productiebedrijven.<\/p>\n                <\/div>\n            <\/div>\n        <\/div>\n    <\/div>\n\n\n    <div id=\"textboxgrid-block_6dd0623276d6fe0b94e28c6f1109e92a\" class=\"content-row content-row-textboxgrid   textboxgrid  gridbgimage\">\n        <div class=\"contentPart-inner\">\n            <div class=\"contentPart-left\">\n                <div>\n                    <div class=\"contentPart-text\">\n                        <h2 class=\"content-row-headline trans\">\n                            Industri\u00eble automatisering om uw operationele prestaties te verbeteren.                         <\/h2>\n                    <\/div>\n\n                                    <\/div>\n\n                <div>\n                                                        <\/div>\n            <\/div>\n\n            <div class=\"textboxgrid-wrapper\">\n                                    <div class=\"textboxgrid-colum textboxgrid-colum-l width-50\">\n                                                    <div class=\"textboxgrid-item trans\">\n                                <div class=\"textboxgrid-item-titel\">\n                                    <h2>\n                                                                                    Lager gebruik van hulpbronnen en hogere productiviteit                                                                            <\/h2>\n                                <\/div>\n                                <div class=\"textboxgrid-item-content textInput\">\n                                                                    <\/div>\n                            <\/div>\n                                                    <div class=\"textboxgrid-item trans\">\n                                <div class=\"textboxgrid-item-titel\">\n                                    <h2>\n                                                                                    Veiligheid voor mensen en systemen                                                                            <\/h2>\n                                <\/div>\n                                <div class=\"textboxgrid-item-content textInput\">\n                                                                    <\/div>\n                            <\/div>\n                                            <\/div>\n                                                    <div class=\"textboxgrid-colum textboxgrid-colum-r width-50\">\n                                                    <div class=\"textboxgrid-item trans\">\n                                <div class=\"textboxgrid-item-titel\">\n                                    <h2>\n                                                                                    Probleemloze werking van uw installatie                                                                            <\/h2>\n                                <\/div>\n                                <div class=\"textboxgrid-item-content textInput\">\n                                                                    <\/div>\n                            <\/div>\n                                                    <div class=\"textboxgrid-item trans\">\n                                <div class=\"textboxgrid-item-titel\">\n                                    <h2>\n                                                                                    Optimale productkwaliteit                                                                            <\/h2>\n                                <\/div>\n                                <div class=\"textboxgrid-item-content textInput\">\n                                                                    <\/div>\n                            <\/div>\n                                            <\/div>\n                            <\/div>\n        <\/div>\n                            <img decoding=\"async\" src=\"https:\/\/orise.com\/wp-content\/uploads\/sites\/71\/2021\/11\/pas-header-1-e1744010838974.jpg?w=1920&#038;h=0&#038;crop=1\" alt=\"\" class=\"textboxgrid-bg trans\">\n            <\/div>\n\n\n    <div id=\"contactform-block_ed40d0d0dea30c6b19d7a02eb0911f1b\" class=\"content-row content-row-contactform  background_darken contactform\">\n        <div class=\"contentPart-inner\">\n\n            <div class=\"contentPart-text width-100\">\n                                    <h2 class=\"text-blue content-row-headline trans\">\n                        Meer weten?<br \/>\r\nVraag het onze experts!                    <\/h2>\n                            <\/div>\n\n            <div class=\"contactform-wrapper trans\">\n                                    <iframe src=\"https:\/\/go.atsautomation.com\/l\/651873\/2025-03-11\/h7r911\" class=\"form-iframe form-iframe-contactform\" data-cookieconsent=\"marketing\"><\/iframe>\n                            <\/div>\n\n        <\/div>\n    <\/div>\n","protected":false},"excerpt":{"rendered":"","protected":false},"author":288,"featured_media":0,"parent":0,"menu_order":2,"comment_status":"closed","ping_status":"closed","template":"","meta":{"_acf_changed":false,"_cr_original_post":"","_cr_replace_post_id":"","_cr_replacing_post_id":"","footnotes":""},"class_list":["post-7502","page","type-page","status-publish","hentry"],"yoast_head":"<!-- This site is optimized with the Yoast SEO Premium plugin v26.8 (Yoast SEO v26.8) - https:\/\/yoast.com\/product\/yoast-seo-premium-wordpress\/ -->\n<title>Proces Automatisering | Orise<\/title>\n<meta name=\"robots\" content=\"index, follow, max-snippet:-1, max-image-preview:large, max-video-preview:-1\" \/>\n<link rel=\"canonical\" href=\"https:\/\/orise.com\/nl\/automatisering\/\" \/>\n<meta property=\"og:locale\" content=\"nl_NL\" \/>\n<meta property=\"og:type\" content=\"article\" \/>\n<meta property=\"og:title\" content=\"Proces Automatisering\" \/>\n<meta property=\"og:url\" content=\"https:\/\/orise.com\/nl\/automatisering\/\" \/>\n<meta property=\"og:site_name\" content=\"Orise\" \/>\n<meta property=\"article:modified_time\" content=\"2025-04-16T18:17:38+00:00\" \/>\n<meta name=\"twitter:card\" content=\"summary_large_image\" \/>\n<script type=\"application\/ld+json\" class=\"yoast-schema-graph\">{\"@context\":\"https:\/\/schema.org\",\"@graph\":[{\"@type\":\"WebPage\",\"@id\":\"https:\/\/orise.com\/nl\/automatisering\/\",\"url\":\"https:\/\/orise.com\/nl\/automatisering\/\",\"name\":\"Proces Automatisering | Orise\",\"isPartOf\":{\"@id\":\"https:\/\/orise.com\/nl\/#website\"},\"datePublished\":\"2021-12-04T10:52:29+00:00\",\"dateModified\":\"2025-04-16T18:17:38+00:00\",\"breadcrumb\":{\"@id\":\"https:\/\/orise.com\/nl\/automatisering\/#breadcrumb\"},\"inLanguage\":\"nl\",\"potentialAction\":[{\"@type\":\"ReadAction\",\"target\":[\"https:\/\/orise.com\/nl\/automatisering\/\"]}]},{\"@type\":\"BreadcrumbList\",\"@id\":\"https:\/\/orise.com\/nl\/automatisering\/#breadcrumb\",\"itemListElement\":[{\"@type\":\"ListItem\",\"position\":1,\"name\":\"Home\",\"item\":\"https:\/\/orise.com\/nl\/\"},{\"@type\":\"ListItem\",\"position\":2,\"name\":\"Competenties\",\"item\":\"https:\/\/orise.com\/nl\/competenties\/\"},{\"@type\":\"ListItem\",\"position\":3,\"name\":\"Proces Automatisering\"}]},{\"@type\":\"WebSite\",\"@id\":\"https:\/\/orise.com\/nl\/#website\",\"url\":\"https:\/\/orise.com\/nl\/\",\"name\":\"Orise\",\"description\":\"Unlock your full potential.\",\"publisher\":{\"@id\":\"https:\/\/orise.com\/nl\/#organization\"},\"potentialAction\":[{\"@type\":\"SearchAction\",\"target\":{\"@type\":\"EntryPoint\",\"urlTemplate\":\"https:\/\/orise.com\/nl\/?s={search_term_string}\"},\"query-input\":{\"@type\":\"PropertyValueSpecification\",\"valueRequired\":true,\"valueName\":\"search_term_string\"}}],\"inLanguage\":\"nl\"},{\"@type\":\"Organization\",\"@id\":\"https:\/\/orise.com\/nl\/#organization\",\"name\":\"Orise\",\"url\":\"https:\/\/orise.com\/nl\/\",\"logo\":{\"@type\":\"ImageObject\",\"inLanguage\":\"nl\",\"@id\":\"https:\/\/orise.com\/nl\/#\/schema\/logo\/image\/\",\"url\":\"https:\/\/orise.com\/wp-content\/uploads\/sites\/71\/2025\/04\/cropped-Orise-Circle-Icon-Website-V1-1.png\",\"contentUrl\":\"https:\/\/orise.com\/wp-content\/uploads\/sites\/71\/2025\/04\/cropped-Orise-Circle-Icon-Website-V1-1.png\",\"width\":512,\"height\":512,\"caption\":\"Orise\"},\"image\":{\"@id\":\"https:\/\/orise.com\/nl\/#\/schema\/logo\/image\/\"}}]}<\/script>\n<!-- \/ Yoast SEO Premium plugin. -->","yoast_head_json":{"title":"Proces Automatisering | Orise","robots":{"index":"index","follow":"follow","max-snippet":"max-snippet:-1","max-image-preview":"max-image-preview:large","max-video-preview":"max-video-preview:-1"},"canonical":"https:\/\/orise.com\/nl\/automatisering\/","og_locale":"nl_NL","og_type":"article","og_title":"Proces Automatisering","og_url":"https:\/\/orise.com\/nl\/automatisering\/","og_site_name":"Orise","article_modified_time":"2025-04-16T18:17:38+00:00","twitter_card":"summary_large_image","schema":{"@context":"https:\/\/schema.org","@graph":[{"@type":"WebPage","@id":"https:\/\/orise.com\/nl\/automatisering\/","url":"https:\/\/orise.com\/nl\/automatisering\/","name":"Proces Automatisering | Orise","isPartOf":{"@id":"https:\/\/orise.com\/nl\/#website"},"datePublished":"2021-12-04T10:52:29+00:00","dateModified":"2025-04-16T18:17:38+00:00","breadcrumb":{"@id":"https:\/\/orise.com\/nl\/automatisering\/#breadcrumb"},"inLanguage":"nl","potentialAction":[{"@type":"ReadAction","target":["https:\/\/orise.com\/nl\/automatisering\/"]}]},{"@type":"BreadcrumbList","@id":"https:\/\/orise.com\/nl\/automatisering\/#breadcrumb","itemListElement":[{"@type":"ListItem","position":1,"name":"Home","item":"https:\/\/orise.com\/nl\/"},{"@type":"ListItem","position":2,"name":"Competenties","item":"https:\/\/orise.com\/nl\/competenties\/"},{"@type":"ListItem","position":3,"name":"Proces Automatisering"}]},{"@type":"WebSite","@id":"https:\/\/orise.com\/nl\/#website","url":"https:\/\/orise.com\/nl\/","name":"Orise","description":"Unlock your full potential.","publisher":{"@id":"https:\/\/orise.com\/nl\/#organization"},"potentialAction":[{"@type":"SearchAction","target":{"@type":"EntryPoint","urlTemplate":"https:\/\/orise.com\/nl\/?s={search_term_string}"},"query-input":{"@type":"PropertyValueSpecification","valueRequired":true,"valueName":"search_term_string"}}],"inLanguage":"nl"},{"@type":"Organization","@id":"https:\/\/orise.com\/nl\/#organization","name":"Orise","url":"https:\/\/orise.com\/nl\/","logo":{"@type":"ImageObject","inLanguage":"nl","@id":"https:\/\/orise.com\/nl\/#\/schema\/logo\/image\/","url":"https:\/\/orise.com\/wp-content\/uploads\/sites\/71\/2025\/04\/cropped-Orise-Circle-Icon-Website-V1-1.png","contentUrl":"https:\/\/orise.com\/wp-content\/uploads\/sites\/71\/2025\/04\/cropped-Orise-Circle-Icon-Website-V1-1.png","width":512,"height":512,"caption":"Orise"},"image":{"@id":"https:\/\/orise.com\/nl\/#\/schema\/logo\/image\/"}}]}},"acf":[],"_links":{"self":[{"href":"https:\/\/orise.com\/nl\/wp-json\/wp\/v2\/pages\/7502","targetHints":{"allow":["GET"]}}],"collection":[{"href":"https:\/\/orise.com\/nl\/wp-json\/wp\/v2\/pages"}],"about":[{"href":"https:\/\/orise.com\/nl\/wp-json\/wp\/v2\/types\/page"}],"author":[{"embeddable":true,"href":"https:\/\/orise.com\/nl\/wp-json\/wp\/v2\/users\/288"}],"replies":[{"embeddable":true,"href":"https:\/\/orise.com\/nl\/wp-json\/wp\/v2\/comments?post=7502"}],"version-history":[{"count":9,"href":"https:\/\/orise.com\/nl\/wp-json\/wp\/v2\/pages\/7502\/revisions"}],"predecessor-version":[{"id":23938,"href":"https:\/\/orise.com\/nl\/wp-json\/wp\/v2\/pages\/7502\/revisions\/23938"}],"wp:attachment":[{"href":"https:\/\/orise.com\/nl\/wp-json\/wp\/v2\/media?parent=7502"}],"curies":[{"name":"wp","href":"https:\/\/api.w.org\/{rel}","templated":true}]}}